{"id":11838,"date":"2023-09-19T20:21:46","date_gmt":"2023-09-19T20:21:46","guid":{"rendered":"https:\/\/anivet.lt\/elparduotuve\/?post_type=product&#038;p=11838"},"modified":"2026-04-16T10:00:31","modified_gmt":"2026-04-16T10:00:31","slug":"specific-cjd-joint-support","status":"publish","type":"product","link":"https:\/\/anivet.lt\/elparduotuve\/produktas\/specific-cjd-joint-support\/","title":{"rendered":"SPECIFIC\u2122 CJD pa\u0161aras \u0161unims, turintiems s\u0105nari\u0173 problem\u0173"},"content":{"rendered":"<ul>\n<li><strong>I\u0161skirtinai didelis omega-3 riebal\u0173 r\u016bg\u0161\u010di\u0173 EPA ir DHA bei omega-6 riebal\u0173 rug\u0161\u010di\u0173 GLA kiekis<\/strong>\u00a0sveik\u0173 s\u0105nari\u0173 funkcijai ir judrumui palaikyti, veikia kaip nat\u016bral\u016bs prie\u0161u\u017edegiminiai procesai s\u0105nariuose ir suma\u017eina kremzl\u0117s degeneracij\u0105.<\/li>\n<li><strong>Riebal\u0173 r\u016bg\u0161tys omega-3 i\u0161gaunamos i\u0161 \u017euv\u0173 tauk\u0173\u00a0<\/strong>ir krili\u0173, kad i\u0161 pirmin\u0117s formos EPA ir DHA i\u0161 karto duot\u0173 savo teigiam\u0105 poveik\u012f.<\/li>\n<li>Visavertis subalansuotas \u0117dalas su labai\u00a0<strong>saikingu energijos kiekiu<\/strong>\u00a0<strong>optimaliam svoriui<\/strong>\u00a0ir sveikiems s\u0105nariams i\u0161laikyti. Turi\u00a0<strong>L-karnitino<\/strong>\u00a0riebal\u0173 oksidacijai stiprinti ir liesai raumen\u0173 masei i\u0161laikyti.<\/li>\n<li><strong>Sud\u0117tyje yra hidrolizuot\u0173 kolageno peptid\u0173, \u00df-1,3\/1,6\u00a0 gliukan\u0173, chondroitino,\u00a0<\/strong>kurie veikia kaip nat\u016bral\u016bs prie\u0161u\u017edegiminiai procesai s\u0105nariuose ir ma\u017eina kremzl\u0119 ardan\u010di\u0173 ferment\u0173 veikl\u0105.\u00a0<strong>Didelis antioksidant\u0173 kiekis<\/strong>\u00a0laisviesiems radikalams, kurie i\u0161skiriami s\u0105nariuose vykstan\u010dio u\u017edegimo metu, neutralizuoti. Didelis\u00a0<strong>mangano<\/strong>, proteoglikan\u0173 sintez\u0117s dalyvio, kiekis skirtas sveik\u0173 s\u0105nari\u0173 funkcijai palaikyti.<\/li>\n<li>\u0116dale yra<strong>\u00a0gyslo\u010dio s\u0117kl\u0173 luobeli\u0173\u00a0<\/strong>&#8211; \u017eel\u0119 formuojan\u010dios tirpios skaidulos, sugerian\u010dios kelis kartus didesn\u012f skys\u010dio kiek\u012f nei sveria ir vertingos savo poveikiu reguliuojant vir\u0161kinamojo trakto veikl\u0105.<\/li>\n<li>Antsvoris apsunkina jud\u0117jim\u0105, tod\u0117l patartina nuoat steb\u0117ti \u0161uns svor\u012f ir b\u016bkl\u0119 ir pagal tai reguliuoti \u0161\u0117rimo normas, kad b\u016bt\u0173 i\u0161laikytas idealus k\u016bno svoris.<\/li>\n<li>\u00a0SPECIFIC\u2122 CJD Joint Support specialiai pakuojamas su azotu, kad \u0117dale b\u016bt\u0173 i\u0161saugotas i\u0161skirtinai didelis EPA ir DHA kiekis.<\/li>\n<\/ul>\n<p><strong>\u00a0 \u00a0 \u00a0 \u00a0 \u00a0 Nerekomenduojama:<\/strong><\/p>\n<ul>\n<li>Jauniems, spar\u010diai augantiems \u0161uniukams.<\/li>\n<li>\u0160uningoms arba \u017eindan\u010dioms kal\u0117ms.<\/li>\n<\/ul>\n","protected":false},"excerpt":{"rendered":"<p>Visavertis subalansuotas \u0117dalas suaugusi\u0173 ir senyvo am\u017eiaus \u0161un\u0173 s\u0105nari\u0173 funkcijai palaikyti.<\/p>\n","protected":false},"featured_media":11839,"template":"","meta":[],"product_brand":[],"product_cat":[101,103,107,321],"product_tag":[],"class_list":{"0":"post-11838","1":"product","2":"type-product","3":"status-publish","4":"has-post-thumbnail","6":"product_cat-sunims","7":"product_cat-sunu-maistas","8":"product_cat-veterinarine-dieta","9":"product_cat-specific-sunu-maistas","10":"pa_prekinis-zenklas-specific","12":"first","13":"instock","14":"sale","15":"taxable","16":"shipping-taxable","17":"purchasable","18":"product-type-variable"},"yoast_head":"<!-- This site is optimized with the Yoast SEO Premium plugin v27.1 (Yoast SEO v27.5) - https:\/\/yoast.com\/product\/yoast-seo-premium-wordpress\/ -->\n<title>SPECIFIC\u2122 CJD pa\u0161aras \u0161unims, turintiems s\u0105nari\u0173 problem\u0173 - anivet.lt<\/title>\n<meta name=\"description\" content=\"Visavertis subalansuotas \u0117dalas suaugusi\u0173 ir senyvo am\u017eiaus \u0161un\u0173 s\u0105nari\u0173 funkcijai palaikyti.\" \/>\n<meta name=\"robots\" content=\"index, follow, max-snippet:-1, max-image-preview:large, max-video-preview:-1\" \/>\n<link rel=\"canonical\" href=\"https:\/\/anivet.lt\/elparduotuve\/produktas\/specific-cjd-joint-support\/\" \/>\n<meta property=\"og:locale\" content=\"lt_LT\" \/>\n<meta property=\"og:type\" content=\"article\" \/>\n<meta property=\"og:title\" content=\"SPECIFIC\u2122 CJD pa\u0161aras \u0161unims, turintiems s\u0105nari\u0173 problem\u0173\" \/>\n<meta property=\"og:description\" content=\"Visavertis subalansuotas \u0117dalas suaugusi\u0173 ir senyvo am\u017eiaus \u0161un\u0173 s\u0105nari\u0173 funkcijai palaikyti.\" \/>\n<meta property=\"og:url\" content=\"https:\/\/anivet.lt\/elparduotuve\/produktas\/specific-cjd-joint-support\/\" \/>\n<meta property=\"og:site_name\" content=\"anivet.lt\" \/>\n<meta property=\"article:modified_time\" content=\"2026-04-16T10:00:31+00:00\" \/>\n<meta property=\"og:image\" content=\"https:\/\/anivet.lt\/elparduotuve\/wp-content\/uploads\/2023\/09\/4f9p8wgI7SuzWTXSEtKmMiD07jSDz1evWf40lT9d.png\" \/>\n\t<meta property=\"og:image:width\" content=\"1970\" \/>\n\t<meta property=\"og:image:height\" content=\"2000\" \/>\n\t<meta property=\"og:image:type\" content=\"image\/png\" \/>\n<meta name=\"twitter:card\" content=\"summary_large_image\" \/>\n<meta name=\"twitter:label1\" content=\"Est. reading time\" \/>\n\t<meta name=\"twitter:data1\" content=\"2 minut\u0117s\" \/>\n<script type=\"application\/ld+json\" class=\"yoast-schema-graph\">{\"@context\":\"https:\\\/\\\/schema.org\",\"@graph\":[{\"@type\":\"WebPage\",\"@id\":\"https:\\\/\\\/anivet.lt\\\/elparduotuve\\\/produktas\\\/specific-cjd-joint-support\\\/\",\"url\":\"https:\\\/\\\/anivet.lt\\\/elparduotuve\\\/produktas\\\/specific-cjd-joint-support\\\/\",\"name\":\"SPECIFIC\u2122 CJD pa\u0161aras \u0161unims, turintiems s\u0105nari\u0173 problem\u0173 - anivet.lt\",\"isPartOf\":{\"@id\":\"https:\\\/\\\/anivet.lt\\\/elparduotuve\\\/#website\"},\"primaryImageOfPage\":{\"@id\":\"https:\\\/\\\/anivet.lt\\\/elparduotuve\\\/produktas\\\/specific-cjd-joint-support\\\/#primaryimage\"},\"image\":{\"@id\":\"https:\\\/\\\/anivet.lt\\\/elparduotuve\\\/produktas\\\/specific-cjd-joint-support\\\/#primaryimage\"},\"thumbnailUrl\":\"https:\\\/\\\/anivet.lt\\\/elparduotuve\\\/wp-content\\\/uploads\\\/2023\\\/09\\\/4f9p8wgI7SuzWTXSEtKmMiD07jSDz1evWf40lT9d.png\",\"datePublished\":\"2023-09-19T20:21:46+00:00\",\"dateModified\":\"2026-04-16T10:00:31+00:00\",\"description\":\"Visavertis subalansuotas \u0117dalas suaugusi\u0173 ir senyvo am\u017eiaus \u0161un\u0173 s\u0105nari\u0173 funkcijai palaikyti.\",\"breadcrumb\":{\"@id\":\"https:\\\/\\\/anivet.lt\\\/elparduotuve\\\/produktas\\\/specific-cjd-joint-support\\\/#breadcrumb\"},\"inLanguage\":\"lt-LT\",\"potentialAction\":[{\"@type\":\"ReadAction\",\"target\":[\"https:\\\/\\\/anivet.lt\\\/elparduotuve\\\/produktas\\\/specific-cjd-joint-support\\\/\"]}]},{\"@type\":\"ImageObject\",\"inLanguage\":\"lt-LT\",\"@id\":\"https:\\\/\\\/anivet.lt\\\/elparduotuve\\\/produktas\\\/specific-cjd-joint-support\\\/#primaryimage\",\"url\":\"https:\\\/\\\/anivet.lt\\\/elparduotuve\\\/wp-content\\\/uploads\\\/2023\\\/09\\\/4f9p8wgI7SuzWTXSEtKmMiD07jSDz1evWf40lT9d.png\",\"contentUrl\":\"https:\\\/\\\/anivet.lt\\\/elparduotuve\\\/wp-content\\\/uploads\\\/2023\\\/09\\\/4f9p8wgI7SuzWTXSEtKmMiD07jSDz1evWf40lT9d.png\",\"width\":1970,\"height\":2000,\"caption\":\"SPECIFIC\u2122 CJD pa\u0161aras \u0161unims, turintiems s\u0105nari\u0173 problem\u0173\"},{\"@type\":\"BreadcrumbList\",\"@id\":\"https:\\\/\\\/anivet.lt\\\/elparduotuve\\\/produktas\\\/specific-cjd-joint-support\\\/#breadcrumb\",\"itemListElement\":[{\"@type\":\"ListItem\",\"position\":1,\"name\":\"Home\",\"item\":\"https:\\\/\\\/anivet.lt\\\/elparduotuve\\\/\"},{\"@type\":\"ListItem\",\"position\":2,\"name\":\"Produktai\",\"item\":\"https:\\\/\\\/anivet.lt\\\/elparduotuve\\\/produktai\\\/\"},{\"@type\":\"ListItem\",\"position\":3,\"name\":\"SPECIFIC\u2122 CJD pa\u0161aras \u0161unims, turintiems s\u0105nari\u0173 problem\u0173\"}]},{\"@type\":\"WebSite\",\"@id\":\"https:\\\/\\\/anivet.lt\\\/elparduotuve\\\/#website\",\"url\":\"https:\\\/\\\/anivet.lt\\\/elparduotuve\\\/\",\"name\":\"anivet.lt\",\"description\":\"Viskas J\u016bs\u0173 \u0161uns, kat\u0117s prie\u017ei\u016brai\",\"publisher\":{\"@id\":\"https:\\\/\\\/anivet.lt\\\/elparduotuve\\\/#organization\"},\"alternateName\":\"Viskas J\u016bs\u0173 \u0161uns, kat\u0117s prie\u017ei\u016brai\",\"potentialAction\":[{\"@type\":\"SearchAction\",\"target\":{\"@type\":\"EntryPoint\",\"urlTemplate\":\"https:\\\/\\\/anivet.lt\\\/elparduotuve\\\/?s={search_term_string}\"},\"query-input\":{\"@type\":\"PropertyValueSpecification\",\"valueRequired\":true,\"valueName\":\"search_term_string\"}}],\"inLanguage\":\"lt-LT\"},{\"@type\":\"Organization\",\"@id\":\"https:\\\/\\\/anivet.lt\\\/elparduotuve\\\/#organization\",\"name\":\"Viskas J\u016bs\u0173 \u0161uns, kat\u0117s prie\u017ei\u016brai\",\"url\":\"https:\\\/\\\/anivet.lt\\\/elparduotuve\\\/\",\"logo\":{\"@type\":\"ImageObject\",\"inLanguage\":\"lt-LT\",\"@id\":\"https:\\\/\\\/anivet.lt\\\/elparduotuve\\\/#\\\/schema\\\/logo\\\/image\\\/\",\"url\":\"https:\\\/\\\/anivet.lt\\\/elparduotuve\\\/wp-content\\\/uploads\\\/2023\\\/06\\\/logo2.jpg\",\"contentUrl\":\"https:\\\/\\\/anivet.lt\\\/elparduotuve\\\/wp-content\\\/uploads\\\/2023\\\/06\\\/logo2.jpg\",\"width\":655,\"height\":194,\"caption\":\"Viskas J\u016bs\u0173 \u0161uns, kat\u0117s prie\u017ei\u016brai\"},\"image\":{\"@id\":\"https:\\\/\\\/anivet.lt\\\/elparduotuve\\\/#\\\/schema\\\/logo\\\/image\\\/\"}}]}<\/script>\n<!-- \/ Yoast SEO Premium plugin. -->","yoast_head_json":{"title":"SPECIFIC\u2122 CJD pa\u0161aras \u0161unims, turintiems s\u0105nari\u0173 problem\u0173 - anivet.lt","description":"Visavertis subalansuotas \u0117dalas suaugusi\u0173 ir senyvo am\u017eiaus \u0161un\u0173 s\u0105nari\u0173 funkcijai palaikyti.","robots":{"index":"index","follow":"follow","max-snippet":"max-snippet:-1","max-image-preview":"max-image-preview:large","max-video-preview":"max-video-preview:-1"},"canonical":"https:\/\/anivet.lt\/elparduotuve\/produktas\/specific-cjd-joint-support\/","og_locale":"lt_LT","og_type":"article","og_title":"SPECIFIC\u2122 CJD pa\u0161aras \u0161unims, turintiems s\u0105nari\u0173 problem\u0173","og_description":"Visavertis subalansuotas \u0117dalas suaugusi\u0173 ir senyvo am\u017eiaus \u0161un\u0173 s\u0105nari\u0173 funkcijai palaikyti.","og_url":"https:\/\/anivet.lt\/elparduotuve\/produktas\/specific-cjd-joint-support\/","og_site_name":"anivet.lt","article_modified_time":"2026-04-16T10:00:31+00:00","og_image":[{"width":1970,"height":2000,"url":"https:\/\/anivet.lt\/elparduotuve\/wp-content\/uploads\/2023\/09\/4f9p8wgI7SuzWTXSEtKmMiD07jSDz1evWf40lT9d.png","type":"image\/png"}],"twitter_card":"summary_large_image","twitter_misc":{"Est. reading time":"2 minut\u0117s"},"schema":{"@context":"https:\/\/schema.org","@graph":[{"@type":"WebPage","@id":"https:\/\/anivet.lt\/elparduotuve\/produktas\/specific-cjd-joint-support\/","url":"https:\/\/anivet.lt\/elparduotuve\/produktas\/specific-cjd-joint-support\/","name":"SPECIFIC\u2122 CJD pa\u0161aras \u0161unims, turintiems s\u0105nari\u0173 problem\u0173 - anivet.lt","isPartOf":{"@id":"https:\/\/anivet.lt\/elparduotuve\/#website"},"primaryImageOfPage":{"@id":"https:\/\/anivet.lt\/elparduotuve\/produktas\/specific-cjd-joint-support\/#primaryimage"},"image":{"@id":"https:\/\/anivet.lt\/elparduotuve\/produktas\/specific-cjd-joint-support\/#primaryimage"},"thumbnailUrl":"https:\/\/anivet.lt\/elparduotuve\/wp-content\/uploads\/2023\/09\/4f9p8wgI7SuzWTXSEtKmMiD07jSDz1evWf40lT9d.png","datePublished":"2023-09-19T20:21:46+00:00","dateModified":"2026-04-16T10:00:31+00:00","description":"Visavertis subalansuotas \u0117dalas suaugusi\u0173 ir senyvo am\u017eiaus \u0161un\u0173 s\u0105nari\u0173 funkcijai palaikyti.","breadcrumb":{"@id":"https:\/\/anivet.lt\/elparduotuve\/produktas\/specific-cjd-joint-support\/#breadcrumb"},"inLanguage":"lt-LT","potentialAction":[{"@type":"ReadAction","target":["https:\/\/anivet.lt\/elparduotuve\/produktas\/specific-cjd-joint-support\/"]}]},{"@type":"ImageObject","inLanguage":"lt-LT","@id":"https:\/\/anivet.lt\/elparduotuve\/produktas\/specific-cjd-joint-support\/#primaryimage","url":"https:\/\/anivet.lt\/elparduotuve\/wp-content\/uploads\/2023\/09\/4f9p8wgI7SuzWTXSEtKmMiD07jSDz1evWf40lT9d.png","contentUrl":"https:\/\/anivet.lt\/elparduotuve\/wp-content\/uploads\/2023\/09\/4f9p8wgI7SuzWTXSEtKmMiD07jSDz1evWf40lT9d.png","width":1970,"height":2000,"caption":"SPECIFIC\u2122 CJD pa\u0161aras \u0161unims, turintiems s\u0105nari\u0173 problem\u0173"},{"@type":"BreadcrumbList","@id":"https:\/\/anivet.lt\/elparduotuve\/produktas\/specific-cjd-joint-support\/#breadcrumb","itemListElement":[{"@type":"ListItem","position":1,"name":"Home","item":"https:\/\/anivet.lt\/elparduotuve\/"},{"@type":"ListItem","position":2,"name":"Produktai","item":"https:\/\/anivet.lt\/elparduotuve\/produktai\/"},{"@type":"ListItem","position":3,"name":"SPECIFIC\u2122 CJD pa\u0161aras \u0161unims, turintiems s\u0105nari\u0173 problem\u0173"}]},{"@type":"WebSite","@id":"https:\/\/anivet.lt\/elparduotuve\/#website","url":"https:\/\/anivet.lt\/elparduotuve\/","name":"anivet.lt","description":"Viskas J\u016bs\u0173 \u0161uns, kat\u0117s prie\u017ei\u016brai","publisher":{"@id":"https:\/\/anivet.lt\/elparduotuve\/#organization"},"alternateName":"Viskas J\u016bs\u0173 \u0161uns, kat\u0117s prie\u017ei\u016brai","potentialAction":[{"@type":"SearchAction","target":{"@type":"EntryPoint","urlTemplate":"https:\/\/anivet.lt\/elparduotuve\/?s={search_term_string}"},"query-input":{"@type":"PropertyValueSpecification","valueRequired":true,"valueName":"search_term_string"}}],"inLanguage":"lt-LT"},{"@type":"Organization","@id":"https:\/\/anivet.lt\/elparduotuve\/#organization","name":"Viskas J\u016bs\u0173 \u0161uns, kat\u0117s prie\u017ei\u016brai","url":"https:\/\/anivet.lt\/elparduotuve\/","logo":{"@type":"ImageObject","inLanguage":"lt-LT","@id":"https:\/\/anivet.lt\/elparduotuve\/#\/schema\/logo\/image\/","url":"https:\/\/anivet.lt\/elparduotuve\/wp-content\/uploads\/2023\/06\/logo2.jpg","contentUrl":"https:\/\/anivet.lt\/elparduotuve\/wp-content\/uploads\/2023\/06\/logo2.jpg","width":655,"height":194,"caption":"Viskas J\u016bs\u0173 \u0161uns, kat\u0117s prie\u017ei\u016brai"},"image":{"@id":"https:\/\/anivet.lt\/elparduotuve\/#\/schema\/logo\/image\/"}}]}},"_links":{"self":[{"href":"https:\/\/anivet.lt\/elparduotuve\/wp-json\/wp\/v2\/product\/11838","targetHints":{"allow":["GET"]}}],"collection":[{"href":"https:\/\/anivet.lt\/elparduotuve\/wp-json\/wp\/v2\/product"}],"about":[{"href":"https:\/\/anivet.lt\/elparduotuve\/wp-json\/wp\/v2\/types\/product"}],"wp:featuredmedia":[{"embeddable":true,"href":"https:\/\/anivet.lt\/elparduotuve\/wp-json\/wp\/v2\/media\/11839"}],"wp:attachment":[{"href":"https:\/\/anivet.lt\/elparduotuve\/wp-json\/wp\/v2\/media?parent=11838"}],"wp:term":[{"taxonomy":"product_brand","embeddable":true,"href":"https:\/\/anivet.lt\/elparduotuve\/wp-json\/wp\/v2\/product_brand?post=11838"},{"taxonomy":"product_cat","embeddable":true,"href":"https:\/\/anivet.lt\/elparduotuve\/wp-json\/wp\/v2\/product_cat?post=11838"},{"taxonomy":"product_tag","embeddable":true,"href":"https:\/\/anivet.lt\/elparduotuve\/wp-json\/wp\/v2\/product_tag?post=11838"}],"curies":[{"name":"wp","href":"https:\/\/api.w.org\/{rel}","templated":true}]}}