{"id":11843,"date":"2023-09-19T20:47:15","date_gmt":"2023-09-19T20:47:15","guid":{"rendered":"https:\/\/anivet.lt\/elparduotuve\/?post_type=product&#038;p=11843"},"modified":"2026-04-16T09:59:11","modified_gmt":"2026-04-16T09:59:11","slug":"specific-crd-1-weight-reduction","status":"publish","type":"product","link":"https:\/\/anivet.lt\/elparduotuve\/produktas\/specific-crd-1-weight-reduction\/","title":{"rendered":"SPECIFIC\u2122 CRD-1 pa\u0161aras \u0161unims, turintiems antsvorio"},"content":{"rendered":"<ul>\n<li style=\"font-weight: 400;\" aria-level=\"1\"><span style=\"font-weight: 400;\">Ma\u017eas riebal\u0173 ir didelis skaidul\u0173 kiekis: U\u017etikrina ma\u017e\u0105 energin\u0119 vert\u0119 ir ilgalaik\u012f sotumo jausm\u0105 svorio metimo metu.<\/span><\/li>\n<li style=\"font-weight: 400;\" aria-level=\"1\"><span style=\"font-weight: 400;\">L-karnitinas: Skatina riebal\u0173 oksidacij\u0105, apsaugo raumen\u0173 mas\u0119 ir palaiko sveik\u0105 svorio ma\u017e\u0117jim\u0105.<\/span><\/li>\n<li style=\"font-weight: 400;\" aria-level=\"1\"><span style=\"font-weight: 400;\">Didelis baltym\u0173 kiekis: Padeda palaikyti raumen\u0173 mas\u0119 ir suma\u017einti alkio jausm\u0105.<\/span><\/li>\n<li style=\"font-weight: 400;\" aria-level=\"1\"><span style=\"font-weight: 400;\">Omega-3 riebal\u0173 r\u016bg\u0161tys: Palaiko s\u0105nari\u0173 judrum\u0105 ir odos bei kailio sveikat\u0105.<\/span><\/li>\n<li style=\"font-weight: 400;\" aria-level=\"1\"><span style=\"font-weight: 400;\">\u017demas glikemijos indeksas: Gr\u016bdai su suma\u017eintu glikemijos indeksu ma\u017eina hiperglikemij\u0105 po valgio, naudingi cukriniu diabetu sergantiems \u0161unims.<\/span><\/li>\n<\/ul>\n<p><span style=\"font-weight: 400;\">Tinka \u0161unims su hiperlipidemija ar cholestaze. \u0160\u0117rimas padalijant dienos norm\u0105 \u012f dvi porcijas padeda efektyviai valdyti cukrin\u012f diabet\u0105. Pasiekus ideal\u0173 svor\u012f, pereikite prie svorio kontrol\u0117s pa\u0161aro, kad i\u0161laikytum\u0117te rezultatus.<\/span><\/p>\n<h3><b>Nerekomenduojama:<\/b><\/h3>\n<ul>\n<li style=\"font-weight: 400;\" aria-level=\"1\"><span style=\"font-weight: 400;\">\u0160uniukams augimo laikotarpiu.<\/span><\/li>\n<li style=\"font-weight: 400;\" aria-level=\"1\"><span style=\"font-weight: 400;\">\u0160uningoms arba \u017eindan\u010dioms kal\u0117ms.<\/span><\/li>\n<\/ul>\n","protected":false},"excerpt":{"rendered":"<p><span style=\"font-weight: 400;\">Subalansuotas pa\u0161aras, sukurtas \u0161unims, turintiems antsvorio, sergantiems cukriniu diabetu, kolitu, l\u0117tine diar\u0117ja, viduri\u0173 u\u017ekiet\u0117jimu, hiperlipidemija ar cholestaze. U\u017etikrina veiksming\u0105 svorio ma\u017einim\u0105 ir palaiko bendr\u0105 \u0161uns sveikat\u0105.<\/span><\/p>\n","protected":false},"featured_media":11844,"template":"","meta":[],"product_brand":[],"product_cat":[101,103,107,321],"product_tag":[],"class_list":{"0":"post-11843","1":"product","2":"type-product","3":"status-publish","4":"has-post-thumbnail","6":"product_cat-sunims","7":"product_cat-sunu-maistas","8":"product_cat-veterinarine-dieta","9":"product_cat-specific-sunu-maistas","10":"pa_prekinis-zenklas-specific","12":"first","13":"instock","14":"sale","15":"taxable","16":"shipping-taxable","17":"purchasable","18":"product-type-variable"},"yoast_head":"<!-- This site is optimized with the Yoast SEO Premium plugin v27.1 (Yoast SEO v27.5) - https:\/\/yoast.com\/product\/yoast-seo-premium-wordpress\/ -->\n<title>SPECIFIC\u2122 CRD-1 pa\u0161aras \u0161unims, turintiems antsvorio - anivet.lt<\/title>\n<meta name=\"description\" content=\"Subalansuotas pa\u0161aras, sukurtas \u0161unims, turintiems antsvorio, sergantiems cukriniu diabetu, kolitu, l\u0117tine diar\u0117ja, viduri\u0173 u\u017ekiet\u0117jimu, hiperlipidemija ar cholestaze. U\u017etikrina veiksming\u0105 svorio ma\u017einim\u0105 ir palaiko bendr\u0105 \u0161uns sveikat\u0105.\" \/>\n<meta name=\"robots\" content=\"index, follow, max-snippet:-1, max-image-preview:large, max-video-preview:-1\" \/>\n<link rel=\"canonical\" href=\"https:\/\/anivet.lt\/elparduotuve\/produktas\/specific-crd-1-weight-reduction\/\" \/>\n<meta property=\"og:locale\" content=\"lt_LT\" \/>\n<meta property=\"og:type\" content=\"article\" \/>\n<meta property=\"og:title\" content=\"SPECIFIC\u2122 CRD-1 pa\u0161aras \u0161unims, turintiems antsvorio\" \/>\n<meta property=\"og:description\" content=\"Subalansuotas pa\u0161aras, sukurtas \u0161unims, turintiems antsvorio, sergantiems cukriniu diabetu, kolitu, l\u0117tine diar\u0117ja, viduri\u0173 u\u017ekiet\u0117jimu, hiperlipidemija ar cholestaze. U\u017etikrina veiksming\u0105 svorio ma\u017einim\u0105 ir palaiko bendr\u0105 \u0161uns sveikat\u0105.\" \/>\n<meta property=\"og:url\" content=\"https:\/\/anivet.lt\/elparduotuve\/produktas\/specific-crd-1-weight-reduction\/\" \/>\n<meta property=\"og:site_name\" content=\"anivet.lt\" \/>\n<meta property=\"article:modified_time\" content=\"2026-04-16T09:59:11+00:00\" \/>\n<meta property=\"og:image\" content=\"https:\/\/anivet.lt\/elparduotuve\/wp-content\/uploads\/2023\/09\/Fo74gqgZ8X1sIL6g5n9T2NSpWoJolorT2ZTYfFBh.png\" \/>\n\t<meta property=\"og:image:width\" content=\"1970\" \/>\n\t<meta property=\"og:image:height\" content=\"2000\" \/>\n\t<meta property=\"og:image:type\" content=\"image\/png\" \/>\n<meta name=\"twitter:card\" content=\"summary_large_image\" \/>\n<meta name=\"twitter:label1\" content=\"Est. reading time\" \/>\n\t<meta name=\"twitter:data1\" content=\"1 minut\u0117\" \/>\n<script type=\"application\/ld+json\" class=\"yoast-schema-graph\">{\"@context\":\"https:\\\/\\\/schema.org\",\"@graph\":[{\"@type\":\"WebPage\",\"@id\":\"https:\\\/\\\/anivet.lt\\\/elparduotuve\\\/produktas\\\/specific-crd-1-weight-reduction\\\/\",\"url\":\"https:\\\/\\\/anivet.lt\\\/elparduotuve\\\/produktas\\\/specific-crd-1-weight-reduction\\\/\",\"name\":\"SPECIFIC\u2122 CRD-1 pa\u0161aras \u0161unims, turintiems antsvorio - anivet.lt\",\"isPartOf\":{\"@id\":\"https:\\\/\\\/anivet.lt\\\/elparduotuve\\\/#website\"},\"primaryImageOfPage\":{\"@id\":\"https:\\\/\\\/anivet.lt\\\/elparduotuve\\\/produktas\\\/specific-crd-1-weight-reduction\\\/#primaryimage\"},\"image\":{\"@id\":\"https:\\\/\\\/anivet.lt\\\/elparduotuve\\\/produktas\\\/specific-crd-1-weight-reduction\\\/#primaryimage\"},\"thumbnailUrl\":\"https:\\\/\\\/anivet.lt\\\/elparduotuve\\\/wp-content\\\/uploads\\\/2023\\\/09\\\/Fo74gqgZ8X1sIL6g5n9T2NSpWoJolorT2ZTYfFBh.png\",\"datePublished\":\"2023-09-19T20:47:15+00:00\",\"dateModified\":\"2026-04-16T09:59:11+00:00\",\"description\":\"Subalansuotas pa\u0161aras, sukurtas \u0161unims, turintiems antsvorio, sergantiems cukriniu diabetu, kolitu, l\u0117tine diar\u0117ja, viduri\u0173 u\u017ekiet\u0117jimu, hiperlipidemija ar cholestaze. U\u017etikrina veiksming\u0105 svorio ma\u017einim\u0105 ir palaiko bendr\u0105 \u0161uns sveikat\u0105.\",\"breadcrumb\":{\"@id\":\"https:\\\/\\\/anivet.lt\\\/elparduotuve\\\/produktas\\\/specific-crd-1-weight-reduction\\\/#breadcrumb\"},\"inLanguage\":\"lt-LT\",\"potentialAction\":[{\"@type\":\"ReadAction\",\"target\":[\"https:\\\/\\\/anivet.lt\\\/elparduotuve\\\/produktas\\\/specific-crd-1-weight-reduction\\\/\"]}]},{\"@type\":\"ImageObject\",\"inLanguage\":\"lt-LT\",\"@id\":\"https:\\\/\\\/anivet.lt\\\/elparduotuve\\\/produktas\\\/specific-crd-1-weight-reduction\\\/#primaryimage\",\"url\":\"https:\\\/\\\/anivet.lt\\\/elparduotuve\\\/wp-content\\\/uploads\\\/2023\\\/09\\\/Fo74gqgZ8X1sIL6g5n9T2NSpWoJolorT2ZTYfFBh.png\",\"contentUrl\":\"https:\\\/\\\/anivet.lt\\\/elparduotuve\\\/wp-content\\\/uploads\\\/2023\\\/09\\\/Fo74gqgZ8X1sIL6g5n9T2NSpWoJolorT2ZTYfFBh.png\",\"width\":1970,\"height\":2000,\"caption\":\"SPECIFIC\u2122 CRD-1 pa\u0161aras \u0161unims, turintiems antsvorio\"},{\"@type\":\"BreadcrumbList\",\"@id\":\"https:\\\/\\\/anivet.lt\\\/elparduotuve\\\/produktas\\\/specific-crd-1-weight-reduction\\\/#breadcrumb\",\"itemListElement\":[{\"@type\":\"ListItem\",\"position\":1,\"name\":\"Home\",\"item\":\"https:\\\/\\\/anivet.lt\\\/elparduotuve\\\/\"},{\"@type\":\"ListItem\",\"position\":2,\"name\":\"Produktai\",\"item\":\"https:\\\/\\\/anivet.lt\\\/elparduotuve\\\/produktai\\\/\"},{\"@type\":\"ListItem\",\"position\":3,\"name\":\"SPECIFIC\u2122 CRD-1 pa\u0161aras \u0161unims, turintiems antsvorio\"}]},{\"@type\":\"WebSite\",\"@id\":\"https:\\\/\\\/anivet.lt\\\/elparduotuve\\\/#website\",\"url\":\"https:\\\/\\\/anivet.lt\\\/elparduotuve\\\/\",\"name\":\"anivet.lt\",\"description\":\"Viskas J\u016bs\u0173 \u0161uns, kat\u0117s prie\u017ei\u016brai\",\"publisher\":{\"@id\":\"https:\\\/\\\/anivet.lt\\\/elparduotuve\\\/#organization\"},\"alternateName\":\"Viskas J\u016bs\u0173 \u0161uns, kat\u0117s prie\u017ei\u016brai\",\"potentialAction\":[{\"@type\":\"SearchAction\",\"target\":{\"@type\":\"EntryPoint\",\"urlTemplate\":\"https:\\\/\\\/anivet.lt\\\/elparduotuve\\\/?s={search_term_string}\"},\"query-input\":{\"@type\":\"PropertyValueSpecification\",\"valueRequired\":true,\"valueName\":\"search_term_string\"}}],\"inLanguage\":\"lt-LT\"},{\"@type\":\"Organization\",\"@id\":\"https:\\\/\\\/anivet.lt\\\/elparduotuve\\\/#organization\",\"name\":\"Viskas J\u016bs\u0173 \u0161uns, kat\u0117s prie\u017ei\u016brai\",\"url\":\"https:\\\/\\\/anivet.lt\\\/elparduotuve\\\/\",\"logo\":{\"@type\":\"ImageObject\",\"inLanguage\":\"lt-LT\",\"@id\":\"https:\\\/\\\/anivet.lt\\\/elparduotuve\\\/#\\\/schema\\\/logo\\\/image\\\/\",\"url\":\"https:\\\/\\\/anivet.lt\\\/elparduotuve\\\/wp-content\\\/uploads\\\/2023\\\/06\\\/logo2.jpg\",\"contentUrl\":\"https:\\\/\\\/anivet.lt\\\/elparduotuve\\\/wp-content\\\/uploads\\\/2023\\\/06\\\/logo2.jpg\",\"width\":655,\"height\":194,\"caption\":\"Viskas J\u016bs\u0173 \u0161uns, kat\u0117s prie\u017ei\u016brai\"},\"image\":{\"@id\":\"https:\\\/\\\/anivet.lt\\\/elparduotuve\\\/#\\\/schema\\\/logo\\\/image\\\/\"}}]}<\/script>\n<!-- \/ Yoast SEO Premium plugin. -->","yoast_head_json":{"title":"SPECIFIC\u2122 CRD-1 pa\u0161aras \u0161unims, turintiems antsvorio - anivet.lt","description":"Subalansuotas pa\u0161aras, sukurtas \u0161unims, turintiems antsvorio, sergantiems cukriniu diabetu, kolitu, l\u0117tine diar\u0117ja, viduri\u0173 u\u017ekiet\u0117jimu, hiperlipidemija ar cholestaze. U\u017etikrina veiksming\u0105 svorio ma\u017einim\u0105 ir palaiko bendr\u0105 \u0161uns sveikat\u0105.","robots":{"index":"index","follow":"follow","max-snippet":"max-snippet:-1","max-image-preview":"max-image-preview:large","max-video-preview":"max-video-preview:-1"},"canonical":"https:\/\/anivet.lt\/elparduotuve\/produktas\/specific-crd-1-weight-reduction\/","og_locale":"lt_LT","og_type":"article","og_title":"SPECIFIC\u2122 CRD-1 pa\u0161aras \u0161unims, turintiems antsvorio","og_description":"Subalansuotas pa\u0161aras, sukurtas \u0161unims, turintiems antsvorio, sergantiems cukriniu diabetu, kolitu, l\u0117tine diar\u0117ja, viduri\u0173 u\u017ekiet\u0117jimu, hiperlipidemija ar cholestaze. U\u017etikrina veiksming\u0105 svorio ma\u017einim\u0105 ir palaiko bendr\u0105 \u0161uns sveikat\u0105.","og_url":"https:\/\/anivet.lt\/elparduotuve\/produktas\/specific-crd-1-weight-reduction\/","og_site_name":"anivet.lt","article_modified_time":"2026-04-16T09:59:11+00:00","og_image":[{"width":1970,"height":2000,"url":"https:\/\/anivet.lt\/elparduotuve\/wp-content\/uploads\/2023\/09\/Fo74gqgZ8X1sIL6g5n9T2NSpWoJolorT2ZTYfFBh.png","type":"image\/png"}],"twitter_card":"summary_large_image","twitter_misc":{"Est. reading time":"1 minut\u0117"},"schema":{"@context":"https:\/\/schema.org","@graph":[{"@type":"WebPage","@id":"https:\/\/anivet.lt\/elparduotuve\/produktas\/specific-crd-1-weight-reduction\/","url":"https:\/\/anivet.lt\/elparduotuve\/produktas\/specific-crd-1-weight-reduction\/","name":"SPECIFIC\u2122 CRD-1 pa\u0161aras \u0161unims, turintiems antsvorio - anivet.lt","isPartOf":{"@id":"https:\/\/anivet.lt\/elparduotuve\/#website"},"primaryImageOfPage":{"@id":"https:\/\/anivet.lt\/elparduotuve\/produktas\/specific-crd-1-weight-reduction\/#primaryimage"},"image":{"@id":"https:\/\/anivet.lt\/elparduotuve\/produktas\/specific-crd-1-weight-reduction\/#primaryimage"},"thumbnailUrl":"https:\/\/anivet.lt\/elparduotuve\/wp-content\/uploads\/2023\/09\/Fo74gqgZ8X1sIL6g5n9T2NSpWoJolorT2ZTYfFBh.png","datePublished":"2023-09-19T20:47:15+00:00","dateModified":"2026-04-16T09:59:11+00:00","description":"Subalansuotas pa\u0161aras, sukurtas \u0161unims, turintiems antsvorio, sergantiems cukriniu diabetu, kolitu, l\u0117tine diar\u0117ja, viduri\u0173 u\u017ekiet\u0117jimu, hiperlipidemija ar cholestaze. U\u017etikrina veiksming\u0105 svorio ma\u017einim\u0105 ir palaiko bendr\u0105 \u0161uns sveikat\u0105.","breadcrumb":{"@id":"https:\/\/anivet.lt\/elparduotuve\/produktas\/specific-crd-1-weight-reduction\/#breadcrumb"},"inLanguage":"lt-LT","potentialAction":[{"@type":"ReadAction","target":["https:\/\/anivet.lt\/elparduotuve\/produktas\/specific-crd-1-weight-reduction\/"]}]},{"@type":"ImageObject","inLanguage":"lt-LT","@id":"https:\/\/anivet.lt\/elparduotuve\/produktas\/specific-crd-1-weight-reduction\/#primaryimage","url":"https:\/\/anivet.lt\/elparduotuve\/wp-content\/uploads\/2023\/09\/Fo74gqgZ8X1sIL6g5n9T2NSpWoJolorT2ZTYfFBh.png","contentUrl":"https:\/\/anivet.lt\/elparduotuve\/wp-content\/uploads\/2023\/09\/Fo74gqgZ8X1sIL6g5n9T2NSpWoJolorT2ZTYfFBh.png","width":1970,"height":2000,"caption":"SPECIFIC\u2122 CRD-1 pa\u0161aras \u0161unims, turintiems antsvorio"},{"@type":"BreadcrumbList","@id":"https:\/\/anivet.lt\/elparduotuve\/produktas\/specific-crd-1-weight-reduction\/#breadcrumb","itemListElement":[{"@type":"ListItem","position":1,"name":"Home","item":"https:\/\/anivet.lt\/elparduotuve\/"},{"@type":"ListItem","position":2,"name":"Produktai","item":"https:\/\/anivet.lt\/elparduotuve\/produktai\/"},{"@type":"ListItem","position":3,"name":"SPECIFIC\u2122 CRD-1 pa\u0161aras \u0161unims, turintiems antsvorio"}]},{"@type":"WebSite","@id":"https:\/\/anivet.lt\/elparduotuve\/#website","url":"https:\/\/anivet.lt\/elparduotuve\/","name":"anivet.lt","description":"Viskas J\u016bs\u0173 \u0161uns, kat\u0117s prie\u017ei\u016brai","publisher":{"@id":"https:\/\/anivet.lt\/elparduotuve\/#organization"},"alternateName":"Viskas J\u016bs\u0173 \u0161uns, kat\u0117s prie\u017ei\u016brai","potentialAction":[{"@type":"SearchAction","target":{"@type":"EntryPoint","urlTemplate":"https:\/\/anivet.lt\/elparduotuve\/?s={search_term_string}"},"query-input":{"@type":"PropertyValueSpecification","valueRequired":true,"valueName":"search_term_string"}}],"inLanguage":"lt-LT"},{"@type":"Organization","@id":"https:\/\/anivet.lt\/elparduotuve\/#organization","name":"Viskas J\u016bs\u0173 \u0161uns, kat\u0117s prie\u017ei\u016brai","url":"https:\/\/anivet.lt\/elparduotuve\/","logo":{"@type":"ImageObject","inLanguage":"lt-LT","@id":"https:\/\/anivet.lt\/elparduotuve\/#\/schema\/logo\/image\/","url":"https:\/\/anivet.lt\/elparduotuve\/wp-content\/uploads\/2023\/06\/logo2.jpg","contentUrl":"https:\/\/anivet.lt\/elparduotuve\/wp-content\/uploads\/2023\/06\/logo2.jpg","width":655,"height":194,"caption":"Viskas J\u016bs\u0173 \u0161uns, kat\u0117s prie\u017ei\u016brai"},"image":{"@id":"https:\/\/anivet.lt\/elparduotuve\/#\/schema\/logo\/image\/"}}]}},"_links":{"self":[{"href":"https:\/\/anivet.lt\/elparduotuve\/wp-json\/wp\/v2\/product\/11843","targetHints":{"allow":["GET"]}}],"collection":[{"href":"https:\/\/anivet.lt\/elparduotuve\/wp-json\/wp\/v2\/product"}],"about":[{"href":"https:\/\/anivet.lt\/elparduotuve\/wp-json\/wp\/v2\/types\/product"}],"wp:featuredmedia":[{"embeddable":true,"href":"https:\/\/anivet.lt\/elparduotuve\/wp-json\/wp\/v2\/media\/11844"}],"wp:attachment":[{"href":"https:\/\/anivet.lt\/elparduotuve\/wp-json\/wp\/v2\/media?parent=11843"}],"wp:term":[{"taxonomy":"product_brand","embeddable":true,"href":"https:\/\/anivet.lt\/elparduotuve\/wp-json\/wp\/v2\/product_brand?post=11843"},{"taxonomy":"product_cat","embeddable":true,"href":"https:\/\/anivet.lt\/elparduotuve\/wp-json\/wp\/v2\/product_cat?post=11843"},{"taxonomy":"product_tag","embeddable":true,"href":"https:\/\/anivet.lt\/elparduotuve\/wp-json\/wp\/v2\/product_tag?post=11843"}],"curies":[{"name":"wp","href":"https:\/\/api.w.org\/{rel}","templated":true}]}}