{"id":11848,"date":"2023-09-19T21:20:35","date_gmt":"2023-09-19T21:20:35","guid":{"rendered":"https:\/\/anivet.lt\/elparduotuve\/?post_type=product&#038;p=11848"},"modified":"2026-04-16T09:57:57","modified_gmt":"2026-04-16T09:57:57","slug":"specific-crd-2-weight-control","status":"publish","type":"product","link":"https:\/\/anivet.lt\/elparduotuve\/produktas\/specific-crd-2-weight-control\/","title":{"rendered":"SPECIFIC\u2122  CRD-2 pa\u0161aras, skirtas \u0161uns svorio palaikymui"},"content":{"rendered":"<ul>\n<li style=\"font-weight: 400;\" aria-level=\"1\"><span style=\"font-weight: 400;\">Ma\u017eas riebal\u0173 ir didelis skaidul\u0173 kiekis: U\u017etikrina sotumo jausm\u0105, suma\u017eina nutukimo rizik\u0105 ir palaiko sveik\u0105 vir\u0161kinimo trakto veikl\u0105.<\/span><\/li>\n<li style=\"font-weight: 400;\" aria-level=\"1\"><span style=\"font-weight: 400;\">Omega-3 riebal\u0173 r\u016bg\u0161tys: Gerina s\u0105nari\u0173 judrum\u0105 ir palaiko sveik\u0105 odos bei kailio b\u016bkl\u0119.<\/span><\/li>\n<li style=\"font-weight: 400;\" aria-level=\"1\"><span style=\"font-weight: 400;\">Padidintas baltym\u0173 kiekis: Padeda i\u0161laikyti raumen\u0173 tonus\u0105 ir u\u017etikrina \u0161uns gyvybingum\u0105.<\/span><\/li>\n<li style=\"font-weight: 400;\" aria-level=\"1\"><span style=\"font-weight: 400;\">L\u0117tinis gliukoz\u0117s i\u0161siskyrimas: Tinkamas cukriniu diabetu sergantiems \u0161unims, padeda valdyti hiperglikemij\u0105 po valgio.<\/span><\/li>\n<li style=\"font-weight: 400;\" aria-level=\"1\"><span style=\"font-weight: 400;\">Padidintas mineral\u0173 ir vitamin\u0173 kiekis: Papildo maistines med\u017eiagas, reikalingas kasdieniam \u0161uns organizmo palaikymui.<\/span><\/li>\n<\/ul>\n<p><span style=\"font-weight: 400;\">Tinka dalinimui \u012f dvi porcijas per dien\u0105, atsi\u017evelgiant \u012f individual\u0173 insulino aktyvum\u0105. \u0160unims, linkusiems priaugti svorio, rekomenduojama naudoti ma\u017eai riebal\u0173 ir daug skaidul\u0173 turin\u010dius skanukus, suma\u017einant kasdieninio pa\u0161aro norm\u0105. Puikus sprendimas ilgalaikiam sveiko svorio palaikymui.<\/span><\/p>\n<h3><b>Nerekomenduojama:<\/b><\/h3>\n<ul>\n<li style=\"font-weight: 400;\" aria-level=\"1\"><span style=\"font-weight: 400;\">\u0160uniukams augimo laikotarpiu.<\/span><\/li>\n<li style=\"font-weight: 400;\" aria-level=\"1\"><span style=\"font-weight: 400;\">\u0160uningoms arba \u017eindan\u010dioms kal\u0117ms.<\/span><\/li>\n<\/ul>\n","protected":false},"excerpt":{"rendered":"<p><span style=\"font-weight: 400;\">Subalansuotas pa\u0161aras, skirtas \u0161unims svorio palaikymui, cukrinio diabeto, kolito, l\u0117tin\u0117s diar\u0117jos, viduri\u0173 u\u017ekiet\u0117jimo, hiperlipidemijos ar cholestaz\u0117s valdymui. Tinkamas \u0161unims po s\u0117kmingo svorio metimo, ma\u017eesnio fizinio aktyvumo ar kastracijos atveju.<\/span><\/p>\n","protected":false},"featured_media":11849,"template":"","meta":[],"product_brand":[],"product_cat":[101,103,107,321],"product_tag":[],"class_list":{"0":"post-11848","1":"product","2":"type-product","3":"status-publish","4":"has-post-thumbnail","6":"product_cat-sunims","7":"product_cat-sunu-maistas","8":"product_cat-veterinarine-dieta","9":"product_cat-specific-sunu-maistas","10":"pa_prekinis-zenklas-specific","12":"first","13":"instock","14":"sale","15":"taxable","16":"shipping-taxable","17":"purchasable","18":"product-type-variable"},"yoast_head":"<!-- This site is optimized with the Yoast SEO Premium plugin v27.1 (Yoast SEO v27.5) - https:\/\/yoast.com\/product\/yoast-seo-premium-wordpress\/ -->\n<title>SPECIFIC\u2122 CRD-2 pa\u0161aras, skirtas \u0161uns svorio palaikymui - anivet.lt<\/title>\n<meta name=\"description\" content=\"Subalansuotas pa\u0161aras, skirtas \u0161unims svorio palaikymui, cukrinio diabeto, kolito, l\u0117tin\u0117s diar\u0117jos, viduri\u0173 u\u017ekiet\u0117jimo, hiperlipidemijos ar cholestaz\u0117s valdymui. Tinkamas \u0161unims po s\u0117kmingo svorio metimo, ma\u017eesnio fizinio aktyvumo ar kastracijos atveju.\" \/>\n<meta name=\"robots\" content=\"index, follow, max-snippet:-1, max-image-preview:large, max-video-preview:-1\" \/>\n<link rel=\"canonical\" href=\"https:\/\/anivet.lt\/elparduotuve\/produktas\/specific-crd-2-weight-control\/\" \/>\n<meta property=\"og:locale\" content=\"lt_LT\" \/>\n<meta property=\"og:type\" content=\"article\" \/>\n<meta property=\"og:title\" content=\"SPECIFIC\u2122 CRD-2 pa\u0161aras, skirtas \u0161uns svorio palaikymui\" \/>\n<meta property=\"og:description\" content=\"Subalansuotas pa\u0161aras, skirtas \u0161unims svorio palaikymui, cukrinio diabeto, kolito, l\u0117tin\u0117s diar\u0117jos, viduri\u0173 u\u017ekiet\u0117jimo, hiperlipidemijos ar cholestaz\u0117s valdymui. Tinkamas \u0161unims po s\u0117kmingo svorio metimo, ma\u017eesnio fizinio aktyvumo ar kastracijos atveju.\" \/>\n<meta property=\"og:url\" content=\"https:\/\/anivet.lt\/elparduotuve\/produktas\/specific-crd-2-weight-control\/\" \/>\n<meta property=\"og:site_name\" content=\"anivet.lt\" \/>\n<meta property=\"article:modified_time\" content=\"2026-04-16T09:57:57+00:00\" \/>\n<meta property=\"og:image\" content=\"https:\/\/anivet.lt\/elparduotuve\/wp-content\/uploads\/2023\/09\/m5RtMFDW0B6UA8UvbALeYJ6Uadef8yes7br3GWXk-e1736594840895.png\" \/>\n\t<meta property=\"og:image:width\" content=\"1650\" \/>\n\t<meta property=\"og:image:height\" content=\"1997\" \/>\n\t<meta property=\"og:image:type\" content=\"image\/png\" \/>\n<meta name=\"twitter:card\" content=\"summary_large_image\" \/>\n<meta name=\"twitter:label1\" content=\"Est. reading time\" \/>\n\t<meta name=\"twitter:data1\" content=\"1 minut\u0117\" \/>\n<script type=\"application\/ld+json\" class=\"yoast-schema-graph\">{\"@context\":\"https:\\\/\\\/schema.org\",\"@graph\":[{\"@type\":\"WebPage\",\"@id\":\"https:\\\/\\\/anivet.lt\\\/elparduotuve\\\/produktas\\\/specific-crd-2-weight-control\\\/\",\"url\":\"https:\\\/\\\/anivet.lt\\\/elparduotuve\\\/produktas\\\/specific-crd-2-weight-control\\\/\",\"name\":\"SPECIFIC\u2122 CRD-2 pa\u0161aras, skirtas \u0161uns svorio palaikymui - anivet.lt\",\"isPartOf\":{\"@id\":\"https:\\\/\\\/anivet.lt\\\/elparduotuve\\\/#website\"},\"primaryImageOfPage\":{\"@id\":\"https:\\\/\\\/anivet.lt\\\/elparduotuve\\\/produktas\\\/specific-crd-2-weight-control\\\/#primaryimage\"},\"image\":{\"@id\":\"https:\\\/\\\/anivet.lt\\\/elparduotuve\\\/produktas\\\/specific-crd-2-weight-control\\\/#primaryimage\"},\"thumbnailUrl\":\"https:\\\/\\\/anivet.lt\\\/elparduotuve\\\/wp-content\\\/uploads\\\/2023\\\/09\\\/m5RtMFDW0B6UA8UvbALeYJ6Uadef8yes7br3GWXk-e1736594840895.png\",\"datePublished\":\"2023-09-19T21:20:35+00:00\",\"dateModified\":\"2026-04-16T09:57:57+00:00\",\"description\":\"Subalansuotas pa\u0161aras, skirtas \u0161unims svorio palaikymui, cukrinio diabeto, kolito, l\u0117tin\u0117s diar\u0117jos, viduri\u0173 u\u017ekiet\u0117jimo, hiperlipidemijos ar cholestaz\u0117s valdymui. Tinkamas \u0161unims po s\u0117kmingo svorio metimo, ma\u017eesnio fizinio aktyvumo ar kastracijos atveju.\",\"breadcrumb\":{\"@id\":\"https:\\\/\\\/anivet.lt\\\/elparduotuve\\\/produktas\\\/specific-crd-2-weight-control\\\/#breadcrumb\"},\"inLanguage\":\"lt-LT\",\"potentialAction\":[{\"@type\":\"ReadAction\",\"target\":[\"https:\\\/\\\/anivet.lt\\\/elparduotuve\\\/produktas\\\/specific-crd-2-weight-control\\\/\"]}]},{\"@type\":\"ImageObject\",\"inLanguage\":\"lt-LT\",\"@id\":\"https:\\\/\\\/anivet.lt\\\/elparduotuve\\\/produktas\\\/specific-crd-2-weight-control\\\/#primaryimage\",\"url\":\"https:\\\/\\\/anivet.lt\\\/elparduotuve\\\/wp-content\\\/uploads\\\/2023\\\/09\\\/m5RtMFDW0B6UA8UvbALeYJ6Uadef8yes7br3GWXk-e1736594840895.png\",\"contentUrl\":\"https:\\\/\\\/anivet.lt\\\/elparduotuve\\\/wp-content\\\/uploads\\\/2023\\\/09\\\/m5RtMFDW0B6UA8UvbALeYJ6Uadef8yes7br3GWXk-e1736594840895.png\",\"width\":1650,\"height\":1997,\"caption\":\"SPECIFIC\u2122 CRD-2 pa\u0161aras, skirtas \u0161uns svorio palaikymui\"},{\"@type\":\"BreadcrumbList\",\"@id\":\"https:\\\/\\\/anivet.lt\\\/elparduotuve\\\/produktas\\\/specific-crd-2-weight-control\\\/#breadcrumb\",\"itemListElement\":[{\"@type\":\"ListItem\",\"position\":1,\"name\":\"Home\",\"item\":\"https:\\\/\\\/anivet.lt\\\/elparduotuve\\\/\"},{\"@type\":\"ListItem\",\"position\":2,\"name\":\"Produktai\",\"item\":\"https:\\\/\\\/anivet.lt\\\/elparduotuve\\\/produktai\\\/\"},{\"@type\":\"ListItem\",\"position\":3,\"name\":\"SPECIFIC\u2122 CRD-2 pa\u0161aras, skirtas \u0161uns svorio palaikymui\"}]},{\"@type\":\"WebSite\",\"@id\":\"https:\\\/\\\/anivet.lt\\\/elparduotuve\\\/#website\",\"url\":\"https:\\\/\\\/anivet.lt\\\/elparduotuve\\\/\",\"name\":\"anivet.lt\",\"description\":\"Viskas J\u016bs\u0173 \u0161uns, kat\u0117s prie\u017ei\u016brai\",\"publisher\":{\"@id\":\"https:\\\/\\\/anivet.lt\\\/elparduotuve\\\/#organization\"},\"alternateName\":\"Viskas J\u016bs\u0173 \u0161uns, kat\u0117s prie\u017ei\u016brai\",\"potentialAction\":[{\"@type\":\"SearchAction\",\"target\":{\"@type\":\"EntryPoint\",\"urlTemplate\":\"https:\\\/\\\/anivet.lt\\\/elparduotuve\\\/?s={search_term_string}\"},\"query-input\":{\"@type\":\"PropertyValueSpecification\",\"valueRequired\":true,\"valueName\":\"search_term_string\"}}],\"inLanguage\":\"lt-LT\"},{\"@type\":\"Organization\",\"@id\":\"https:\\\/\\\/anivet.lt\\\/elparduotuve\\\/#organization\",\"name\":\"Viskas J\u016bs\u0173 \u0161uns, kat\u0117s prie\u017ei\u016brai\",\"url\":\"https:\\\/\\\/anivet.lt\\\/elparduotuve\\\/\",\"logo\":{\"@type\":\"ImageObject\",\"inLanguage\":\"lt-LT\",\"@id\":\"https:\\\/\\\/anivet.lt\\\/elparduotuve\\\/#\\\/schema\\\/logo\\\/image\\\/\",\"url\":\"https:\\\/\\\/anivet.lt\\\/elparduotuve\\\/wp-content\\\/uploads\\\/2023\\\/06\\\/logo2.jpg\",\"contentUrl\":\"https:\\\/\\\/anivet.lt\\\/elparduotuve\\\/wp-content\\\/uploads\\\/2023\\\/06\\\/logo2.jpg\",\"width\":655,\"height\":194,\"caption\":\"Viskas J\u016bs\u0173 \u0161uns, kat\u0117s prie\u017ei\u016brai\"},\"image\":{\"@id\":\"https:\\\/\\\/anivet.lt\\\/elparduotuve\\\/#\\\/schema\\\/logo\\\/image\\\/\"}}]}<\/script>\n<!-- \/ Yoast SEO Premium plugin. -->","yoast_head_json":{"title":"SPECIFIC\u2122 CRD-2 pa\u0161aras, skirtas \u0161uns svorio palaikymui - anivet.lt","description":"Subalansuotas pa\u0161aras, skirtas \u0161unims svorio palaikymui, cukrinio diabeto, kolito, l\u0117tin\u0117s diar\u0117jos, viduri\u0173 u\u017ekiet\u0117jimo, hiperlipidemijos ar cholestaz\u0117s valdymui. Tinkamas \u0161unims po s\u0117kmingo svorio metimo, ma\u017eesnio fizinio aktyvumo ar kastracijos atveju.","robots":{"index":"index","follow":"follow","max-snippet":"max-snippet:-1","max-image-preview":"max-image-preview:large","max-video-preview":"max-video-preview:-1"},"canonical":"https:\/\/anivet.lt\/elparduotuve\/produktas\/specific-crd-2-weight-control\/","og_locale":"lt_LT","og_type":"article","og_title":"SPECIFIC\u2122 CRD-2 pa\u0161aras, skirtas \u0161uns svorio palaikymui","og_description":"Subalansuotas pa\u0161aras, skirtas \u0161unims svorio palaikymui, cukrinio diabeto, kolito, l\u0117tin\u0117s diar\u0117jos, viduri\u0173 u\u017ekiet\u0117jimo, hiperlipidemijos ar cholestaz\u0117s valdymui. Tinkamas \u0161unims po s\u0117kmingo svorio metimo, ma\u017eesnio fizinio aktyvumo ar kastracijos atveju.","og_url":"https:\/\/anivet.lt\/elparduotuve\/produktas\/specific-crd-2-weight-control\/","og_site_name":"anivet.lt","article_modified_time":"2026-04-16T09:57:57+00:00","og_image":[{"width":1650,"height":1997,"url":"https:\/\/anivet.lt\/elparduotuve\/wp-content\/uploads\/2023\/09\/m5RtMFDW0B6UA8UvbALeYJ6Uadef8yes7br3GWXk-e1736594840895.png","type":"image\/png"}],"twitter_card":"summary_large_image","twitter_misc":{"Est. reading time":"1 minut\u0117"},"schema":{"@context":"https:\/\/schema.org","@graph":[{"@type":"WebPage","@id":"https:\/\/anivet.lt\/elparduotuve\/produktas\/specific-crd-2-weight-control\/","url":"https:\/\/anivet.lt\/elparduotuve\/produktas\/specific-crd-2-weight-control\/","name":"SPECIFIC\u2122 CRD-2 pa\u0161aras, skirtas \u0161uns svorio palaikymui - anivet.lt","isPartOf":{"@id":"https:\/\/anivet.lt\/elparduotuve\/#website"},"primaryImageOfPage":{"@id":"https:\/\/anivet.lt\/elparduotuve\/produktas\/specific-crd-2-weight-control\/#primaryimage"},"image":{"@id":"https:\/\/anivet.lt\/elparduotuve\/produktas\/specific-crd-2-weight-control\/#primaryimage"},"thumbnailUrl":"https:\/\/anivet.lt\/elparduotuve\/wp-content\/uploads\/2023\/09\/m5RtMFDW0B6UA8UvbALeYJ6Uadef8yes7br3GWXk-e1736594840895.png","datePublished":"2023-09-19T21:20:35+00:00","dateModified":"2026-04-16T09:57:57+00:00","description":"Subalansuotas pa\u0161aras, skirtas \u0161unims svorio palaikymui, cukrinio diabeto, kolito, l\u0117tin\u0117s diar\u0117jos, viduri\u0173 u\u017ekiet\u0117jimo, hiperlipidemijos ar cholestaz\u0117s valdymui. Tinkamas \u0161unims po s\u0117kmingo svorio metimo, ma\u017eesnio fizinio aktyvumo ar kastracijos atveju.","breadcrumb":{"@id":"https:\/\/anivet.lt\/elparduotuve\/produktas\/specific-crd-2-weight-control\/#breadcrumb"},"inLanguage":"lt-LT","potentialAction":[{"@type":"ReadAction","target":["https:\/\/anivet.lt\/elparduotuve\/produktas\/specific-crd-2-weight-control\/"]}]},{"@type":"ImageObject","inLanguage":"lt-LT","@id":"https:\/\/anivet.lt\/elparduotuve\/produktas\/specific-crd-2-weight-control\/#primaryimage","url":"https:\/\/anivet.lt\/elparduotuve\/wp-content\/uploads\/2023\/09\/m5RtMFDW0B6UA8UvbALeYJ6Uadef8yes7br3GWXk-e1736594840895.png","contentUrl":"https:\/\/anivet.lt\/elparduotuve\/wp-content\/uploads\/2023\/09\/m5RtMFDW0B6UA8UvbALeYJ6Uadef8yes7br3GWXk-e1736594840895.png","width":1650,"height":1997,"caption":"SPECIFIC\u2122 CRD-2 pa\u0161aras, skirtas \u0161uns svorio palaikymui"},{"@type":"BreadcrumbList","@id":"https:\/\/anivet.lt\/elparduotuve\/produktas\/specific-crd-2-weight-control\/#breadcrumb","itemListElement":[{"@type":"ListItem","position":1,"name":"Home","item":"https:\/\/anivet.lt\/elparduotuve\/"},{"@type":"ListItem","position":2,"name":"Produktai","item":"https:\/\/anivet.lt\/elparduotuve\/produktai\/"},{"@type":"ListItem","position":3,"name":"SPECIFIC\u2122 CRD-2 pa\u0161aras, skirtas \u0161uns svorio palaikymui"}]},{"@type":"WebSite","@id":"https:\/\/anivet.lt\/elparduotuve\/#website","url":"https:\/\/anivet.lt\/elparduotuve\/","name":"anivet.lt","description":"Viskas J\u016bs\u0173 \u0161uns, kat\u0117s prie\u017ei\u016brai","publisher":{"@id":"https:\/\/anivet.lt\/elparduotuve\/#organization"},"alternateName":"Viskas J\u016bs\u0173 \u0161uns, kat\u0117s prie\u017ei\u016brai","potentialAction":[{"@type":"SearchAction","target":{"@type":"EntryPoint","urlTemplate":"https:\/\/anivet.lt\/elparduotuve\/?s={search_term_string}"},"query-input":{"@type":"PropertyValueSpecification","valueRequired":true,"valueName":"search_term_string"}}],"inLanguage":"lt-LT"},{"@type":"Organization","@id":"https:\/\/anivet.lt\/elparduotuve\/#organization","name":"Viskas J\u016bs\u0173 \u0161uns, kat\u0117s prie\u017ei\u016brai","url":"https:\/\/anivet.lt\/elparduotuve\/","logo":{"@type":"ImageObject","inLanguage":"lt-LT","@id":"https:\/\/anivet.lt\/elparduotuve\/#\/schema\/logo\/image\/","url":"https:\/\/anivet.lt\/elparduotuve\/wp-content\/uploads\/2023\/06\/logo2.jpg","contentUrl":"https:\/\/anivet.lt\/elparduotuve\/wp-content\/uploads\/2023\/06\/logo2.jpg","width":655,"height":194,"caption":"Viskas J\u016bs\u0173 \u0161uns, kat\u0117s prie\u017ei\u016brai"},"image":{"@id":"https:\/\/anivet.lt\/elparduotuve\/#\/schema\/logo\/image\/"}}]}},"_links":{"self":[{"href":"https:\/\/anivet.lt\/elparduotuve\/wp-json\/wp\/v2\/product\/11848","targetHints":{"allow":["GET"]}}],"collection":[{"href":"https:\/\/anivet.lt\/elparduotuve\/wp-json\/wp\/v2\/product"}],"about":[{"href":"https:\/\/anivet.lt\/elparduotuve\/wp-json\/wp\/v2\/types\/product"}],"wp:featuredmedia":[{"embeddable":true,"href":"https:\/\/anivet.lt\/elparduotuve\/wp-json\/wp\/v2\/media\/11849"}],"wp:attachment":[{"href":"https:\/\/anivet.lt\/elparduotuve\/wp-json\/wp\/v2\/media?parent=11848"}],"wp:term":[{"taxonomy":"product_brand","embeddable":true,"href":"https:\/\/anivet.lt\/elparduotuve\/wp-json\/wp\/v2\/product_brand?post=11848"},{"taxonomy":"product_cat","embeddable":true,"href":"https:\/\/anivet.lt\/elparduotuve\/wp-json\/wp\/v2\/product_cat?post=11848"},{"taxonomy":"product_tag","embeddable":true,"href":"https:\/\/anivet.lt\/elparduotuve\/wp-json\/wp\/v2\/product_tag?post=11848"}],"curies":[{"name":"wp","href":"https:\/\/api.w.org\/{rel}","templated":true}]}}