{"id":11854,"date":"2023-09-19T21:42:45","date_gmt":"2023-09-19T21:42:45","guid":{"rendered":"https:\/\/anivet.lt\/elparduotuve\/?post_type=product&#038;p=11854"},"modified":"2026-05-11T18:38:51","modified_gmt":"2026-05-11T18:38:51","slug":"specific-ced-dm-endocrine-support","status":"publish","type":"product","link":"https:\/\/anivet.lt\/elparduotuve\/produktas\/specific-ced-dm-endocrine-support\/","title":{"rendered":"SPECIFIC\u2122 CED-DM pa\u0161aras \u0161unims, turintiems endokrinini\u0173 sutrikim\u0173"},"content":{"rendered":"<ul>\n<li style=\"font-weight: 400;\" aria-level=\"1\"><span style=\"font-weight: 400;\">Gliukoz\u0117s kontrol\u0117: Sud\u0117tis su ma\u017eesnio glikemijos indekso ingredientais (avi\u017eos, \u017eirniai, l\u0119\u0161iai) padeda reguliuoti gliukoz\u0117s kiek\u012f kraujyje.<\/span><\/li>\n<li style=\"font-weight: 400;\" aria-level=\"1\"><span style=\"font-weight: 400;\">Imunin\u0117s sistemos palaikymas: Turi mieli\u0173 \u00df-1,3\/1,6 gliukan\u0173, cinko, seleno ir omega-3 riebal\u0173 r\u016bg\u0161\u010di\u0173 imuniteto stiprinimui.<\/span><\/li>\n<li style=\"font-weight: 400;\" aria-level=\"1\"><span style=\"font-weight: 400;\">Odos ir kailio sveikata: Papildytas vitaminais A, E, B kompleksu, cinku ir selenu, kurie padeda i\u0161laikyti sveik\u0105 od\u0105 ir kail\u012f.<\/span><\/li>\n<li style=\"font-weight: 400;\" aria-level=\"1\"><span style=\"font-weight: 400;\">Antioksidacin\u0117 apsauga: Didelis antioksidant\u0173 kiekis, \u012fskaitant \u017ealiosios arbatos, granat\u0173 ir spanguoli\u0173 ekstraktus.<\/span><\/li>\n<li style=\"font-weight: 400;\" aria-level=\"1\"><span style=\"font-weight: 400;\">Skaidul\u0173 palaikymas: Gyslo\u010dio s\u0117kl\u0173 luobel\u0117s ir kitos l\u0105stelienos formos padeda palaikyti sveik\u0105 vir\u0161kinim\u0105 ir reguliuoti \u017earnyno veikl\u0105.<\/span><\/li>\n<li style=\"font-weight: 400;\" aria-level=\"1\"><span style=\"font-weight: 400;\">Suma\u017eintas riebal\u0173 kiekis: Padeda suma\u017einti kasos apkrov\u0105, tod\u0117l tinka \u0161unims, sergantiems pankreatitu.<\/span><\/li>\n<li style=\"font-weight: 400;\" aria-level=\"1\"><span style=\"font-weight: 400;\">Sen\u0117jimo poreikiai: Papildomas taurinas ir L-karnitinas palaiko \u0161irdies veikl\u0105, o suma\u017eintas fosforo ir natrio kiekis palaiko inkst\u0173 funkcij\u0105.<\/span><\/li>\n<\/ul>\n<p><span style=\"font-weight: 400;\">Tai maistas, kuris padeda valdyti cukrin\u012f diabet\u0105, palaikyti sveik\u0105 vir\u0161kinim\u0105, ger\u0105 kraujo spaudim\u0105 ir bendr\u0105 \u0161uns savijaut\u0105. \u0160io pa\u0161aro poveikis pastebimas tiek vidutinio am\u017eiaus, tiek vyresniems \u0161unims, u\u017etikrinant geresn\u0119 gyvenimo kokyb\u0119.<\/span><\/p>\n<h3><b>Nerekomenduojama:<\/b><\/h3>\n<ul>\n<li style=\"font-weight: 400;\" aria-level=\"1\"><span style=\"font-weight: 400;\">\u0160uniukams augimo laikotarpiu.<\/span><\/li>\n<li style=\"font-weight: 400;\" aria-level=\"1\"><span style=\"font-weight: 400;\">\u0160uningoms arba \u017eindan\u010dioms kal\u0117ms.<\/span><\/li>\n<\/ul>\n","protected":false},"excerpt":{"rendered":"<p><span style=\"font-weight: 400;\">Specializuotas pa\u0161aras \u0161unims, skirtas palaikyti sveikat\u0105 esant endokrinin\u0117ms ligoms, tokioms kaip cukrinis diabetas, hiperlipidemija, ar hipotiroidizmas. Pa\u0161aras taip pat tinkamas \u0161unims, kuriuos kamuoja viduri\u0173 u\u017ekiet\u0117jimas ar \u012f l\u0105stelien\u0105 reaguojantis kolitas.<\/span><\/p>\n","protected":false},"featured_media":11855,"template":"","meta":[],"product_brand":[],"product_cat":[101,103,107,321],"product_tag":[],"class_list":{"0":"post-11854","1":"product","2":"type-product","3":"status-publish","4":"has-post-thumbnail","6":"product_cat-sunims","7":"product_cat-sunu-maistas","8":"product_cat-veterinarine-dieta","9":"product_cat-specific-sunu-maistas","10":"pa_prekinis-zenklas-specific","12":"first","13":"instock","14":"sale","15":"taxable","16":"shipping-taxable","17":"purchasable","18":"product-type-simple"},"yoast_head":"<!-- This site is optimized with the Yoast SEO Premium plugin v27.1 (Yoast SEO v27.5) - https:\/\/yoast.com\/product\/yoast-seo-premium-wordpress\/ -->\n<title>SPECIFIC\u2122 CED-DM pa\u0161aras \u0161unims, turintiems endokrinini\u0173 sutrikim\u0173 - anivet.lt<\/title>\n<meta name=\"description\" content=\"Specializuotas pa\u0161aras \u0161unims, skirtas palaikyti sveikat\u0105 esant endokrinin\u0117ms ligoms, tokioms kaip cukrinis diabetas, hiperlipidemija, ar hipotiroidizmas. Pa\u0161aras taip pat tinkamas \u0161unims, kuriuos kamuoja viduri\u0173 u\u017ekiet\u0117jimas ar \u012f l\u0105stelien\u0105 reaguojantis kolitas.\" \/>\n<meta name=\"robots\" content=\"index, follow, max-snippet:-1, max-image-preview:large, max-video-preview:-1\" \/>\n<link rel=\"canonical\" href=\"https:\/\/anivet.lt\/elparduotuve\/produktas\/specific-ced-dm-endocrine-support\/\" \/>\n<meta property=\"og:locale\" content=\"lt_LT\" \/>\n<meta property=\"og:type\" content=\"article\" \/>\n<meta property=\"og:title\" content=\"SPECIFIC\u2122 CED-DM pa\u0161aras \u0161unims, turintiems endokrinini\u0173 sutrikim\u0173\" \/>\n<meta property=\"og:description\" content=\"Specializuotas pa\u0161aras \u0161unims, skirtas palaikyti sveikat\u0105 esant endokrinin\u0117ms ligoms, tokioms kaip cukrinis diabetas, hiperlipidemija, ar hipotiroidizmas. Pa\u0161aras taip pat tinkamas \u0161unims, kuriuos kamuoja viduri\u0173 u\u017ekiet\u0117jimas ar \u012f l\u0105stelien\u0105 reaguojantis kolitas.\" \/>\n<meta property=\"og:url\" content=\"https:\/\/anivet.lt\/elparduotuve\/produktas\/specific-ced-dm-endocrine-support\/\" \/>\n<meta property=\"og:site_name\" content=\"anivet.lt\" \/>\n<meta property=\"article:modified_time\" content=\"2026-05-11T18:38:51+00:00\" \/>\n<meta property=\"og:image\" content=\"https:\/\/anivet.lt\/elparduotuve\/wp-content\/uploads\/2023\/09\/6jZWCxd3VTdxpAxkcJ74a6FfzmVAiMihtkp9vwpw.jpg\" \/>\n\t<meta property=\"og:image:width\" content=\"394\" \/>\n\t<meta property=\"og:image:height\" content=\"400\" \/>\n\t<meta property=\"og:image:type\" content=\"image\/jpeg\" \/>\n<meta name=\"twitter:card\" content=\"summary_large_image\" \/>\n<meta name=\"twitter:label1\" content=\"Est. reading time\" \/>\n\t<meta name=\"twitter:data1\" content=\"2 minut\u0117s\" \/>\n<script type=\"application\/ld+json\" class=\"yoast-schema-graph\">{\"@context\":\"https:\\\/\\\/schema.org\",\"@graph\":[{\"@type\":\"WebPage\",\"@id\":\"https:\\\/\\\/anivet.lt\\\/elparduotuve\\\/produktas\\\/specific-ced-dm-endocrine-support\\\/\",\"url\":\"https:\\\/\\\/anivet.lt\\\/elparduotuve\\\/produktas\\\/specific-ced-dm-endocrine-support\\\/\",\"name\":\"SPECIFIC\u2122 CED-DM pa\u0161aras \u0161unims, turintiems endokrinini\u0173 sutrikim\u0173 - anivet.lt\",\"isPartOf\":{\"@id\":\"https:\\\/\\\/anivet.lt\\\/elparduotuve\\\/#website\"},\"primaryImageOfPage\":{\"@id\":\"https:\\\/\\\/anivet.lt\\\/elparduotuve\\\/produktas\\\/specific-ced-dm-endocrine-support\\\/#primaryimage\"},\"image\":{\"@id\":\"https:\\\/\\\/anivet.lt\\\/elparduotuve\\\/produktas\\\/specific-ced-dm-endocrine-support\\\/#primaryimage\"},\"thumbnailUrl\":\"https:\\\/\\\/anivet.lt\\\/elparduotuve\\\/wp-content\\\/uploads\\\/2023\\\/09\\\/6jZWCxd3VTdxpAxkcJ74a6FfzmVAiMihtkp9vwpw.jpg\",\"datePublished\":\"2023-09-19T21:42:45+00:00\",\"dateModified\":\"2026-05-11T18:38:51+00:00\",\"description\":\"Specializuotas pa\u0161aras \u0161unims, skirtas palaikyti sveikat\u0105 esant endokrinin\u0117ms ligoms, tokioms kaip cukrinis diabetas, hiperlipidemija, ar hipotiroidizmas. Pa\u0161aras taip pat tinkamas \u0161unims, kuriuos kamuoja viduri\u0173 u\u017ekiet\u0117jimas ar \u012f l\u0105stelien\u0105 reaguojantis kolitas.\",\"breadcrumb\":{\"@id\":\"https:\\\/\\\/anivet.lt\\\/elparduotuve\\\/produktas\\\/specific-ced-dm-endocrine-support\\\/#breadcrumb\"},\"inLanguage\":\"lt-LT\",\"potentialAction\":[{\"@type\":\"ReadAction\",\"target\":[\"https:\\\/\\\/anivet.lt\\\/elparduotuve\\\/produktas\\\/specific-ced-dm-endocrine-support\\\/\"]}]},{\"@type\":\"ImageObject\",\"inLanguage\":\"lt-LT\",\"@id\":\"https:\\\/\\\/anivet.lt\\\/elparduotuve\\\/produktas\\\/specific-ced-dm-endocrine-support\\\/#primaryimage\",\"url\":\"https:\\\/\\\/anivet.lt\\\/elparduotuve\\\/wp-content\\\/uploads\\\/2023\\\/09\\\/6jZWCxd3VTdxpAxkcJ74a6FfzmVAiMihtkp9vwpw.jpg\",\"contentUrl\":\"https:\\\/\\\/anivet.lt\\\/elparduotuve\\\/wp-content\\\/uploads\\\/2023\\\/09\\\/6jZWCxd3VTdxpAxkcJ74a6FfzmVAiMihtkp9vwpw.jpg\",\"width\":394,\"height\":400,\"caption\":\"SPECIFIC\u2122 CED-DM pa\u0161aras \u0161unims, turintiems endokrinini\u0173 sutrikim\u0173\"},{\"@type\":\"BreadcrumbList\",\"@id\":\"https:\\\/\\\/anivet.lt\\\/elparduotuve\\\/produktas\\\/specific-ced-dm-endocrine-support\\\/#breadcrumb\",\"itemListElement\":[{\"@type\":\"ListItem\",\"position\":1,\"name\":\"Home\",\"item\":\"https:\\\/\\\/anivet.lt\\\/elparduotuve\\\/\"},{\"@type\":\"ListItem\",\"position\":2,\"name\":\"Produktai\",\"item\":\"https:\\\/\\\/anivet.lt\\\/elparduotuve\\\/produktai\\\/\"},{\"@type\":\"ListItem\",\"position\":3,\"name\":\"SPECIFIC\u2122 CED-DM pa\u0161aras \u0161unims, turintiems endokrinini\u0173 sutrikim\u0173\"}]},{\"@type\":\"WebSite\",\"@id\":\"https:\\\/\\\/anivet.lt\\\/elparduotuve\\\/#website\",\"url\":\"https:\\\/\\\/anivet.lt\\\/elparduotuve\\\/\",\"name\":\"anivet.lt\",\"description\":\"Viskas J\u016bs\u0173 \u0161uns, kat\u0117s prie\u017ei\u016brai\",\"publisher\":{\"@id\":\"https:\\\/\\\/anivet.lt\\\/elparduotuve\\\/#organization\"},\"alternateName\":\"Viskas J\u016bs\u0173 \u0161uns, kat\u0117s prie\u017ei\u016brai\",\"potentialAction\":[{\"@type\":\"SearchAction\",\"target\":{\"@type\":\"EntryPoint\",\"urlTemplate\":\"https:\\\/\\\/anivet.lt\\\/elparduotuve\\\/?s={search_term_string}\"},\"query-input\":{\"@type\":\"PropertyValueSpecification\",\"valueRequired\":true,\"valueName\":\"search_term_string\"}}],\"inLanguage\":\"lt-LT\"},{\"@type\":\"Organization\",\"@id\":\"https:\\\/\\\/anivet.lt\\\/elparduotuve\\\/#organization\",\"name\":\"Viskas J\u016bs\u0173 \u0161uns, kat\u0117s prie\u017ei\u016brai\",\"url\":\"https:\\\/\\\/anivet.lt\\\/elparduotuve\\\/\",\"logo\":{\"@type\":\"ImageObject\",\"inLanguage\":\"lt-LT\",\"@id\":\"https:\\\/\\\/anivet.lt\\\/elparduotuve\\\/#\\\/schema\\\/logo\\\/image\\\/\",\"url\":\"https:\\\/\\\/anivet.lt\\\/elparduotuve\\\/wp-content\\\/uploads\\\/2023\\\/06\\\/logo2.jpg\",\"contentUrl\":\"https:\\\/\\\/anivet.lt\\\/elparduotuve\\\/wp-content\\\/uploads\\\/2023\\\/06\\\/logo2.jpg\",\"width\":655,\"height\":194,\"caption\":\"Viskas J\u016bs\u0173 \u0161uns, kat\u0117s prie\u017ei\u016brai\"},\"image\":{\"@id\":\"https:\\\/\\\/anivet.lt\\\/elparduotuve\\\/#\\\/schema\\\/logo\\\/image\\\/\"}}]}<\/script>\n<!-- \/ Yoast SEO Premium plugin. -->","yoast_head_json":{"title":"SPECIFIC\u2122 CED-DM pa\u0161aras \u0161unims, turintiems endokrinini\u0173 sutrikim\u0173 - anivet.lt","description":"Specializuotas pa\u0161aras \u0161unims, skirtas palaikyti sveikat\u0105 esant endokrinin\u0117ms ligoms, tokioms kaip cukrinis diabetas, hiperlipidemija, ar hipotiroidizmas. Pa\u0161aras taip pat tinkamas \u0161unims, kuriuos kamuoja viduri\u0173 u\u017ekiet\u0117jimas ar \u012f l\u0105stelien\u0105 reaguojantis kolitas.","robots":{"index":"index","follow":"follow","max-snippet":"max-snippet:-1","max-image-preview":"max-image-preview:large","max-video-preview":"max-video-preview:-1"},"canonical":"https:\/\/anivet.lt\/elparduotuve\/produktas\/specific-ced-dm-endocrine-support\/","og_locale":"lt_LT","og_type":"article","og_title":"SPECIFIC\u2122 CED-DM pa\u0161aras \u0161unims, turintiems endokrinini\u0173 sutrikim\u0173","og_description":"Specializuotas pa\u0161aras \u0161unims, skirtas palaikyti sveikat\u0105 esant endokrinin\u0117ms ligoms, tokioms kaip cukrinis diabetas, hiperlipidemija, ar hipotiroidizmas. Pa\u0161aras taip pat tinkamas \u0161unims, kuriuos kamuoja viduri\u0173 u\u017ekiet\u0117jimas ar \u012f l\u0105stelien\u0105 reaguojantis kolitas.","og_url":"https:\/\/anivet.lt\/elparduotuve\/produktas\/specific-ced-dm-endocrine-support\/","og_site_name":"anivet.lt","article_modified_time":"2026-05-11T18:38:51+00:00","og_image":[{"width":394,"height":400,"url":"https:\/\/anivet.lt\/elparduotuve\/wp-content\/uploads\/2023\/09\/6jZWCxd3VTdxpAxkcJ74a6FfzmVAiMihtkp9vwpw.jpg","type":"image\/jpeg"}],"twitter_card":"summary_large_image","twitter_misc":{"Est. reading time":"2 minut\u0117s"},"schema":{"@context":"https:\/\/schema.org","@graph":[{"@type":"WebPage","@id":"https:\/\/anivet.lt\/elparduotuve\/produktas\/specific-ced-dm-endocrine-support\/","url":"https:\/\/anivet.lt\/elparduotuve\/produktas\/specific-ced-dm-endocrine-support\/","name":"SPECIFIC\u2122 CED-DM pa\u0161aras \u0161unims, turintiems endokrinini\u0173 sutrikim\u0173 - anivet.lt","isPartOf":{"@id":"https:\/\/anivet.lt\/elparduotuve\/#website"},"primaryImageOfPage":{"@id":"https:\/\/anivet.lt\/elparduotuve\/produktas\/specific-ced-dm-endocrine-support\/#primaryimage"},"image":{"@id":"https:\/\/anivet.lt\/elparduotuve\/produktas\/specific-ced-dm-endocrine-support\/#primaryimage"},"thumbnailUrl":"https:\/\/anivet.lt\/elparduotuve\/wp-content\/uploads\/2023\/09\/6jZWCxd3VTdxpAxkcJ74a6FfzmVAiMihtkp9vwpw.jpg","datePublished":"2023-09-19T21:42:45+00:00","dateModified":"2026-05-11T18:38:51+00:00","description":"Specializuotas pa\u0161aras \u0161unims, skirtas palaikyti sveikat\u0105 esant endokrinin\u0117ms ligoms, tokioms kaip cukrinis diabetas, hiperlipidemija, ar hipotiroidizmas. Pa\u0161aras taip pat tinkamas \u0161unims, kuriuos kamuoja viduri\u0173 u\u017ekiet\u0117jimas ar \u012f l\u0105stelien\u0105 reaguojantis kolitas.","breadcrumb":{"@id":"https:\/\/anivet.lt\/elparduotuve\/produktas\/specific-ced-dm-endocrine-support\/#breadcrumb"},"inLanguage":"lt-LT","potentialAction":[{"@type":"ReadAction","target":["https:\/\/anivet.lt\/elparduotuve\/produktas\/specific-ced-dm-endocrine-support\/"]}]},{"@type":"ImageObject","inLanguage":"lt-LT","@id":"https:\/\/anivet.lt\/elparduotuve\/produktas\/specific-ced-dm-endocrine-support\/#primaryimage","url":"https:\/\/anivet.lt\/elparduotuve\/wp-content\/uploads\/2023\/09\/6jZWCxd3VTdxpAxkcJ74a6FfzmVAiMihtkp9vwpw.jpg","contentUrl":"https:\/\/anivet.lt\/elparduotuve\/wp-content\/uploads\/2023\/09\/6jZWCxd3VTdxpAxkcJ74a6FfzmVAiMihtkp9vwpw.jpg","width":394,"height":400,"caption":"SPECIFIC\u2122 CED-DM pa\u0161aras \u0161unims, turintiems endokrinini\u0173 sutrikim\u0173"},{"@type":"BreadcrumbList","@id":"https:\/\/anivet.lt\/elparduotuve\/produktas\/specific-ced-dm-endocrine-support\/#breadcrumb","itemListElement":[{"@type":"ListItem","position":1,"name":"Home","item":"https:\/\/anivet.lt\/elparduotuve\/"},{"@type":"ListItem","position":2,"name":"Produktai","item":"https:\/\/anivet.lt\/elparduotuve\/produktai\/"},{"@type":"ListItem","position":3,"name":"SPECIFIC\u2122 CED-DM pa\u0161aras \u0161unims, turintiems endokrinini\u0173 sutrikim\u0173"}]},{"@type":"WebSite","@id":"https:\/\/anivet.lt\/elparduotuve\/#website","url":"https:\/\/anivet.lt\/elparduotuve\/","name":"anivet.lt","description":"Viskas J\u016bs\u0173 \u0161uns, kat\u0117s prie\u017ei\u016brai","publisher":{"@id":"https:\/\/anivet.lt\/elparduotuve\/#organization"},"alternateName":"Viskas J\u016bs\u0173 \u0161uns, kat\u0117s prie\u017ei\u016brai","potentialAction":[{"@type":"SearchAction","target":{"@type":"EntryPoint","urlTemplate":"https:\/\/anivet.lt\/elparduotuve\/?s={search_term_string}"},"query-input":{"@type":"PropertyValueSpecification","valueRequired":true,"valueName":"search_term_string"}}],"inLanguage":"lt-LT"},{"@type":"Organization","@id":"https:\/\/anivet.lt\/elparduotuve\/#organization","name":"Viskas J\u016bs\u0173 \u0161uns, kat\u0117s prie\u017ei\u016brai","url":"https:\/\/anivet.lt\/elparduotuve\/","logo":{"@type":"ImageObject","inLanguage":"lt-LT","@id":"https:\/\/anivet.lt\/elparduotuve\/#\/schema\/logo\/image\/","url":"https:\/\/anivet.lt\/elparduotuve\/wp-content\/uploads\/2023\/06\/logo2.jpg","contentUrl":"https:\/\/anivet.lt\/elparduotuve\/wp-content\/uploads\/2023\/06\/logo2.jpg","width":655,"height":194,"caption":"Viskas J\u016bs\u0173 \u0161uns, kat\u0117s prie\u017ei\u016brai"},"image":{"@id":"https:\/\/anivet.lt\/elparduotuve\/#\/schema\/logo\/image\/"}}]}},"_links":{"self":[{"href":"https:\/\/anivet.lt\/elparduotuve\/wp-json\/wp\/v2\/product\/11854","targetHints":{"allow":["GET"]}}],"collection":[{"href":"https:\/\/anivet.lt\/elparduotuve\/wp-json\/wp\/v2\/product"}],"about":[{"href":"https:\/\/anivet.lt\/elparduotuve\/wp-json\/wp\/v2\/types\/product"}],"wp:featuredmedia":[{"embeddable":true,"href":"https:\/\/anivet.lt\/elparduotuve\/wp-json\/wp\/v2\/media\/11855"}],"wp:attachment":[{"href":"https:\/\/anivet.lt\/elparduotuve\/wp-json\/wp\/v2\/media?parent=11854"}],"wp:term":[{"taxonomy":"product_brand","embeddable":true,"href":"https:\/\/anivet.lt\/elparduotuve\/wp-json\/wp\/v2\/product_brand?post=11854"},{"taxonomy":"product_cat","embeddable":true,"href":"https:\/\/anivet.lt\/elparduotuve\/wp-json\/wp\/v2\/product_cat?post=11854"},{"taxonomy":"product_tag","embeddable":true,"href":"https:\/\/anivet.lt\/elparduotuve\/wp-json\/wp\/v2\/product_tag?post=11854"}],"curies":[{"name":"wp","href":"https:\/\/api.w.org\/{rel}","templated":true}]}}