{"id":11856,"date":"2023-09-20T10:16:53","date_gmt":"2023-09-20T10:16:53","guid":{"rendered":"https:\/\/anivet.lt\/elparduotuve\/?post_type=product&#038;p=11856"},"modified":"2026-04-16T09:55:18","modified_gmt":"2026-04-16T09:55:18","slug":"specific-cpw-puppy-all-breeds","status":"publish","type":"product","link":"https:\/\/anivet.lt\/elparduotuve\/produktas\/specific-cpw-puppy-all-breeds\/","title":{"rendered":"SPECIFIC\u2122 CPW konservas vis\u0173 veisli\u0173 \u0161uniukams"},"content":{"rendered":"<p><span style=\"font-weight: 400;\">Subalansuotas, pilnavertis pa\u0161aras skirtas augantiems vis\u0173 veisli\u0173 \u0161uniukams, \u0161uningoms ir \u017eindan\u010dioms kal\u0117ms, taip pat tinkamas naudoti anoreksijos ir sveikimo laikotarpiu.<\/span><\/p>\n<ul>\n<li style=\"font-weight: 400;\" aria-level=\"1\"><span style=\"font-weight: 400;\">Padidintas energijos ir maistini\u0173 med\u017eiag\u0173 kiekis: Skatina sveik\u0105 augim\u0105 ir palaiko tinkam\u0105 vystym\u0105si.<\/span><\/li>\n<li style=\"font-weight: 400;\" aria-level=\"1\"><span style=\"font-weight: 400;\">DHA ir EPA: Omega-3 riebal\u0173 r\u016bg\u0161tys palaiko smegen\u0173, regos organ\u0173, odos, kailio ir s\u0105nari\u0173 vystym\u0105si.<\/span><\/li>\n<li style=\"font-weight: 400;\" aria-level=\"1\"><span style=\"font-weight: 400;\">Mieli\u0173 beta gliukanai: Stiprina imunin\u0119 sistem\u0105 ir skatina atsparum\u0105 ligoms.<\/span><\/li>\n<li style=\"font-weight: 400;\" aria-level=\"1\"><span style=\"font-weight: 400;\">Universalumas: Tinka ma\u017e\u0173 ir vidutini\u0173 veisli\u0173 \u0161uniukams bei maitinan\u010dioms ir \u0161uningoms kal\u0117ms.<\/span><\/li>\n<li style=\"font-weight: 400;\" aria-level=\"1\"><span style=\"font-weight: 400;\">Pagalba sveikstant: Idealiai tinka \u0161erti po operacij\u0173, traum\u0173 ar anoreksijos.<\/span><\/li>\n<\/ul>\n<p><span style=\"font-weight: 400;\">\u201eSPECIFIC\u2122 CPW\u201d konservai suteikia reikiam\u0105 param\u0105 augan\u010di\u0173 \u0161uniuk\u0173 ir \u0161uning\u0173 kali\u0173 organizmui, u\u017etikrindami optimal\u0173 vystym\u0105si ir sveik\u0105 augim\u0105. Pa\u0161aro sud\u0117tyje esan\u010dios omega-3 riebal\u0173 r\u016bg\u0161tys ir imunin\u0119 sistem\u0105 stiprinantys priedai padeda u\u017etikrinti visapus\u0119 gyv\u016bno gerov\u0119. Be to, \u0161is pa\u0161aras pritaikytas ir ypatingiems laikotarpiams, kai reikalingas didesnis energijos ir maistini\u0173 med\u017eiag\u0173 kiekis.<\/span><span style=\"font-weight: 400;\"><br \/>\n<\/span><span style=\"font-weight: 400;\"><br \/>\n<\/span><b>Nerekomenduojama:<\/b><\/p>\n<ul>\n<li style=\"font-weight: 400;\" aria-level=\"1\"><span style=\"font-weight: 400;\">Did\u017ei\u0173j\u0173 ir giganti\u0161k\u0173 veisli\u0173 \u0161uniukams, linkusiems \u012f skeleto problemas, nerekomenduojama \u0161erti SPECIFIC\u2122 CPW Puppy All Breeds. Jiems tinkamesnis yra SPECIFIC\u2122 CPD-XL Puppy Large &amp; Giant Breed, turintis ma\u017eiau kalcio ir energijos.<\/span><\/li>\n<\/ul>\n","protected":false},"excerpt":{"rendered":"<p>Subalansuotas, pilnavertis pa\u0161aras skirtas augantiems vis\u0173 veisli\u0173 \u0161uniukams, \u0161uningoms ir \u017eindan\u010dioms kal\u0117ms, taip pat tinkamas naudoti anoreksijos ir sveikimo laikotarpiu.<\/p>\n","protected":false},"featured_media":11857,"template":"","meta":[],"product_brand":[],"product_cat":[101,103,105,321],"product_tag":[],"class_list":{"0":"post-11856","1":"product","2":"type-product","3":"status-publish","4":"has-post-thumbnail","6":"product_cat-sunims","7":"product_cat-sunu-maistas","8":"product_cat-konservai","9":"product_cat-specific-sunu-maistas","10":"pa_prekinis-zenklas-specific","12":"first","13":"instock","14":"sale","15":"taxable","16":"shipping-taxable","17":"purchasable","18":"product-type-variable"},"yoast_head":"<!-- This site is optimized with the Yoast SEO Premium plugin v27.1 (Yoast SEO v27.5) - https:\/\/yoast.com\/product\/yoast-seo-premium-wordpress\/ -->\n<title>SPECIFIC\u2122 CPW konservas vis\u0173 veisli\u0173 \u0161uniukams - anivet.lt<\/title>\n<meta name=\"description\" content=\"Subalansuotas, pilnavertis pa\u0161aras skirtas augantiems vis\u0173 veisli\u0173 \u0161uniukams, \u0161uningoms ir \u017eindan\u010dioms kal\u0117ms, taip pat tinkamas naudoti anoreksijos ir\" \/>\n<meta name=\"robots\" content=\"index, follow, max-snippet:-1, max-image-preview:large, max-video-preview:-1\" \/>\n<link rel=\"canonical\" href=\"https:\/\/anivet.lt\/elparduotuve\/produktas\/specific-cpw-puppy-all-breeds\/\" \/>\n<meta property=\"og:locale\" content=\"lt_LT\" \/>\n<meta property=\"og:type\" content=\"article\" \/>\n<meta property=\"og:title\" content=\"SPECIFIC\u2122 CPW konservas vis\u0173 veisli\u0173 \u0161uniukams\" \/>\n<meta property=\"og:description\" content=\"Subalansuotas, pilnavertis pa\u0161aras skirtas augantiems vis\u0173 veisli\u0173 \u0161uniukams, \u0161uningoms ir \u017eindan\u010dioms kal\u0117ms, taip pat tinkamas naudoti anoreksijos ir\" \/>\n<meta property=\"og:url\" content=\"https:\/\/anivet.lt\/elparduotuve\/produktas\/specific-cpw-puppy-all-breeds\/\" \/>\n<meta property=\"og:site_name\" content=\"anivet.lt\" \/>\n<meta property=\"article:modified_time\" content=\"2026-04-16T09:55:18+00:00\" \/>\n<meta property=\"og:image\" content=\"https:\/\/anivet.lt\/elparduotuve\/wp-content\/uploads\/2023\/09\/aXmASf6cKuhiUN03nuZsUG4Av0ZtClY9kKx1TB9P.png\" \/>\n\t<meta property=\"og:image:width\" content=\"2000\" \/>\n\t<meta property=\"og:image:height\" content=\"1458\" \/>\n\t<meta property=\"og:image:type\" content=\"image\/png\" \/>\n<meta name=\"twitter:card\" content=\"summary_large_image\" \/>\n<meta name=\"twitter:label1\" content=\"Est. reading time\" \/>\n\t<meta name=\"twitter:data1\" content=\"2 minut\u0117s\" \/>\n<script type=\"application\/ld+json\" class=\"yoast-schema-graph\">{\"@context\":\"https:\\\/\\\/schema.org\",\"@graph\":[{\"@type\":\"WebPage\",\"@id\":\"https:\\\/\\\/anivet.lt\\\/elparduotuve\\\/produktas\\\/specific-cpw-puppy-all-breeds\\\/\",\"url\":\"https:\\\/\\\/anivet.lt\\\/elparduotuve\\\/produktas\\\/specific-cpw-puppy-all-breeds\\\/\",\"name\":\"SPECIFIC\u2122 CPW konservas vis\u0173 veisli\u0173 \u0161uniukams - anivet.lt\",\"isPartOf\":{\"@id\":\"https:\\\/\\\/anivet.lt\\\/elparduotuve\\\/#website\"},\"primaryImageOfPage\":{\"@id\":\"https:\\\/\\\/anivet.lt\\\/elparduotuve\\\/produktas\\\/specific-cpw-puppy-all-breeds\\\/#primaryimage\"},\"image\":{\"@id\":\"https:\\\/\\\/anivet.lt\\\/elparduotuve\\\/produktas\\\/specific-cpw-puppy-all-breeds\\\/#primaryimage\"},\"thumbnailUrl\":\"https:\\\/\\\/anivet.lt\\\/elparduotuve\\\/wp-content\\\/uploads\\\/2023\\\/09\\\/aXmASf6cKuhiUN03nuZsUG4Av0ZtClY9kKx1TB9P.png\",\"datePublished\":\"2023-09-20T10:16:53+00:00\",\"dateModified\":\"2026-04-16T09:55:18+00:00\",\"description\":\"Subalansuotas, pilnavertis pa\u0161aras skirtas augantiems vis\u0173 veisli\u0173 \u0161uniukams, \u0161uningoms ir \u017eindan\u010dioms kal\u0117ms, taip pat tinkamas naudoti anoreksijos ir\",\"breadcrumb\":{\"@id\":\"https:\\\/\\\/anivet.lt\\\/elparduotuve\\\/produktas\\\/specific-cpw-puppy-all-breeds\\\/#breadcrumb\"},\"inLanguage\":\"lt-LT\",\"potentialAction\":[{\"@type\":\"ReadAction\",\"target\":[\"https:\\\/\\\/anivet.lt\\\/elparduotuve\\\/produktas\\\/specific-cpw-puppy-all-breeds\\\/\"]}]},{\"@type\":\"ImageObject\",\"inLanguage\":\"lt-LT\",\"@id\":\"https:\\\/\\\/anivet.lt\\\/elparduotuve\\\/produktas\\\/specific-cpw-puppy-all-breeds\\\/#primaryimage\",\"url\":\"https:\\\/\\\/anivet.lt\\\/elparduotuve\\\/wp-content\\\/uploads\\\/2023\\\/09\\\/aXmASf6cKuhiUN03nuZsUG4Av0ZtClY9kKx1TB9P.png\",\"contentUrl\":\"https:\\\/\\\/anivet.lt\\\/elparduotuve\\\/wp-content\\\/uploads\\\/2023\\\/09\\\/aXmASf6cKuhiUN03nuZsUG4Av0ZtClY9kKx1TB9P.png\",\"width\":2000,\"height\":1458,\"caption\":\"SPECIFIC\u2122 CPW konservas vis\u0173 veisli\u0173 \u0161uniukams\"},{\"@type\":\"BreadcrumbList\",\"@id\":\"https:\\\/\\\/anivet.lt\\\/elparduotuve\\\/produktas\\\/specific-cpw-puppy-all-breeds\\\/#breadcrumb\",\"itemListElement\":[{\"@type\":\"ListItem\",\"position\":1,\"name\":\"Home\",\"item\":\"https:\\\/\\\/anivet.lt\\\/elparduotuve\\\/\"},{\"@type\":\"ListItem\",\"position\":2,\"name\":\"Produktai\",\"item\":\"https:\\\/\\\/anivet.lt\\\/elparduotuve\\\/produktai\\\/\"},{\"@type\":\"ListItem\",\"position\":3,\"name\":\"SPECIFIC\u2122 CPW konservas vis\u0173 veisli\u0173 \u0161uniukams\"}]},{\"@type\":\"WebSite\",\"@id\":\"https:\\\/\\\/anivet.lt\\\/elparduotuve\\\/#website\",\"url\":\"https:\\\/\\\/anivet.lt\\\/elparduotuve\\\/\",\"name\":\"anivet.lt\",\"description\":\"Viskas J\u016bs\u0173 \u0161uns, kat\u0117s prie\u017ei\u016brai\",\"publisher\":{\"@id\":\"https:\\\/\\\/anivet.lt\\\/elparduotuve\\\/#organization\"},\"alternateName\":\"Viskas J\u016bs\u0173 \u0161uns, kat\u0117s prie\u017ei\u016brai\",\"potentialAction\":[{\"@type\":\"SearchAction\",\"target\":{\"@type\":\"EntryPoint\",\"urlTemplate\":\"https:\\\/\\\/anivet.lt\\\/elparduotuve\\\/?s={search_term_string}\"},\"query-input\":{\"@type\":\"PropertyValueSpecification\",\"valueRequired\":true,\"valueName\":\"search_term_string\"}}],\"inLanguage\":\"lt-LT\"},{\"@type\":\"Organization\",\"@id\":\"https:\\\/\\\/anivet.lt\\\/elparduotuve\\\/#organization\",\"name\":\"Viskas J\u016bs\u0173 \u0161uns, kat\u0117s prie\u017ei\u016brai\",\"url\":\"https:\\\/\\\/anivet.lt\\\/elparduotuve\\\/\",\"logo\":{\"@type\":\"ImageObject\",\"inLanguage\":\"lt-LT\",\"@id\":\"https:\\\/\\\/anivet.lt\\\/elparduotuve\\\/#\\\/schema\\\/logo\\\/image\\\/\",\"url\":\"https:\\\/\\\/anivet.lt\\\/elparduotuve\\\/wp-content\\\/uploads\\\/2023\\\/06\\\/logo2.jpg\",\"contentUrl\":\"https:\\\/\\\/anivet.lt\\\/elparduotuve\\\/wp-content\\\/uploads\\\/2023\\\/06\\\/logo2.jpg\",\"width\":655,\"height\":194,\"caption\":\"Viskas J\u016bs\u0173 \u0161uns, kat\u0117s prie\u017ei\u016brai\"},\"image\":{\"@id\":\"https:\\\/\\\/anivet.lt\\\/elparduotuve\\\/#\\\/schema\\\/logo\\\/image\\\/\"}}]}<\/script>\n<!-- \/ Yoast SEO Premium plugin. -->","yoast_head_json":{"title":"SPECIFIC\u2122 CPW konservas vis\u0173 veisli\u0173 \u0161uniukams - anivet.lt","description":"Subalansuotas, pilnavertis pa\u0161aras skirtas augantiems vis\u0173 veisli\u0173 \u0161uniukams, \u0161uningoms ir \u017eindan\u010dioms kal\u0117ms, taip pat tinkamas naudoti anoreksijos ir","robots":{"index":"index","follow":"follow","max-snippet":"max-snippet:-1","max-image-preview":"max-image-preview:large","max-video-preview":"max-video-preview:-1"},"canonical":"https:\/\/anivet.lt\/elparduotuve\/produktas\/specific-cpw-puppy-all-breeds\/","og_locale":"lt_LT","og_type":"article","og_title":"SPECIFIC\u2122 CPW konservas vis\u0173 veisli\u0173 \u0161uniukams","og_description":"Subalansuotas, pilnavertis pa\u0161aras skirtas augantiems vis\u0173 veisli\u0173 \u0161uniukams, \u0161uningoms ir \u017eindan\u010dioms kal\u0117ms, taip pat tinkamas naudoti anoreksijos ir","og_url":"https:\/\/anivet.lt\/elparduotuve\/produktas\/specific-cpw-puppy-all-breeds\/","og_site_name":"anivet.lt","article_modified_time":"2026-04-16T09:55:18+00:00","og_image":[{"width":2000,"height":1458,"url":"https:\/\/anivet.lt\/elparduotuve\/wp-content\/uploads\/2023\/09\/aXmASf6cKuhiUN03nuZsUG4Av0ZtClY9kKx1TB9P.png","type":"image\/png"}],"twitter_card":"summary_large_image","twitter_misc":{"Est. reading time":"2 minut\u0117s"},"schema":{"@context":"https:\/\/schema.org","@graph":[{"@type":"WebPage","@id":"https:\/\/anivet.lt\/elparduotuve\/produktas\/specific-cpw-puppy-all-breeds\/","url":"https:\/\/anivet.lt\/elparduotuve\/produktas\/specific-cpw-puppy-all-breeds\/","name":"SPECIFIC\u2122 CPW konservas vis\u0173 veisli\u0173 \u0161uniukams - anivet.lt","isPartOf":{"@id":"https:\/\/anivet.lt\/elparduotuve\/#website"},"primaryImageOfPage":{"@id":"https:\/\/anivet.lt\/elparduotuve\/produktas\/specific-cpw-puppy-all-breeds\/#primaryimage"},"image":{"@id":"https:\/\/anivet.lt\/elparduotuve\/produktas\/specific-cpw-puppy-all-breeds\/#primaryimage"},"thumbnailUrl":"https:\/\/anivet.lt\/elparduotuve\/wp-content\/uploads\/2023\/09\/aXmASf6cKuhiUN03nuZsUG4Av0ZtClY9kKx1TB9P.png","datePublished":"2023-09-20T10:16:53+00:00","dateModified":"2026-04-16T09:55:18+00:00","description":"Subalansuotas, pilnavertis pa\u0161aras skirtas augantiems vis\u0173 veisli\u0173 \u0161uniukams, \u0161uningoms ir \u017eindan\u010dioms kal\u0117ms, taip pat tinkamas naudoti anoreksijos ir","breadcrumb":{"@id":"https:\/\/anivet.lt\/elparduotuve\/produktas\/specific-cpw-puppy-all-breeds\/#breadcrumb"},"inLanguage":"lt-LT","potentialAction":[{"@type":"ReadAction","target":["https:\/\/anivet.lt\/elparduotuve\/produktas\/specific-cpw-puppy-all-breeds\/"]}]},{"@type":"ImageObject","inLanguage":"lt-LT","@id":"https:\/\/anivet.lt\/elparduotuve\/produktas\/specific-cpw-puppy-all-breeds\/#primaryimage","url":"https:\/\/anivet.lt\/elparduotuve\/wp-content\/uploads\/2023\/09\/aXmASf6cKuhiUN03nuZsUG4Av0ZtClY9kKx1TB9P.png","contentUrl":"https:\/\/anivet.lt\/elparduotuve\/wp-content\/uploads\/2023\/09\/aXmASf6cKuhiUN03nuZsUG4Av0ZtClY9kKx1TB9P.png","width":2000,"height":1458,"caption":"SPECIFIC\u2122 CPW konservas vis\u0173 veisli\u0173 \u0161uniukams"},{"@type":"BreadcrumbList","@id":"https:\/\/anivet.lt\/elparduotuve\/produktas\/specific-cpw-puppy-all-breeds\/#breadcrumb","itemListElement":[{"@type":"ListItem","position":1,"name":"Home","item":"https:\/\/anivet.lt\/elparduotuve\/"},{"@type":"ListItem","position":2,"name":"Produktai","item":"https:\/\/anivet.lt\/elparduotuve\/produktai\/"},{"@type":"ListItem","position":3,"name":"SPECIFIC\u2122 CPW konservas vis\u0173 veisli\u0173 \u0161uniukams"}]},{"@type":"WebSite","@id":"https:\/\/anivet.lt\/elparduotuve\/#website","url":"https:\/\/anivet.lt\/elparduotuve\/","name":"anivet.lt","description":"Viskas J\u016bs\u0173 \u0161uns, kat\u0117s prie\u017ei\u016brai","publisher":{"@id":"https:\/\/anivet.lt\/elparduotuve\/#organization"},"alternateName":"Viskas J\u016bs\u0173 \u0161uns, kat\u0117s prie\u017ei\u016brai","potentialAction":[{"@type":"SearchAction","target":{"@type":"EntryPoint","urlTemplate":"https:\/\/anivet.lt\/elparduotuve\/?s={search_term_string}"},"query-input":{"@type":"PropertyValueSpecification","valueRequired":true,"valueName":"search_term_string"}}],"inLanguage":"lt-LT"},{"@type":"Organization","@id":"https:\/\/anivet.lt\/elparduotuve\/#organization","name":"Viskas J\u016bs\u0173 \u0161uns, kat\u0117s prie\u017ei\u016brai","url":"https:\/\/anivet.lt\/elparduotuve\/","logo":{"@type":"ImageObject","inLanguage":"lt-LT","@id":"https:\/\/anivet.lt\/elparduotuve\/#\/schema\/logo\/image\/","url":"https:\/\/anivet.lt\/elparduotuve\/wp-content\/uploads\/2023\/06\/logo2.jpg","contentUrl":"https:\/\/anivet.lt\/elparduotuve\/wp-content\/uploads\/2023\/06\/logo2.jpg","width":655,"height":194,"caption":"Viskas J\u016bs\u0173 \u0161uns, kat\u0117s prie\u017ei\u016brai"},"image":{"@id":"https:\/\/anivet.lt\/elparduotuve\/#\/schema\/logo\/image\/"}}]}},"_links":{"self":[{"href":"https:\/\/anivet.lt\/elparduotuve\/wp-json\/wp\/v2\/product\/11856","targetHints":{"allow":["GET"]}}],"collection":[{"href":"https:\/\/anivet.lt\/elparduotuve\/wp-json\/wp\/v2\/product"}],"about":[{"href":"https:\/\/anivet.lt\/elparduotuve\/wp-json\/wp\/v2\/types\/product"}],"wp:featuredmedia":[{"embeddable":true,"href":"https:\/\/anivet.lt\/elparduotuve\/wp-json\/wp\/v2\/media\/11857"}],"wp:attachment":[{"href":"https:\/\/anivet.lt\/elparduotuve\/wp-json\/wp\/v2\/media?parent=11856"}],"wp:term":[{"taxonomy":"product_brand","embeddable":true,"href":"https:\/\/anivet.lt\/elparduotuve\/wp-json\/wp\/v2\/product_brand?post=11856"},{"taxonomy":"product_cat","embeddable":true,"href":"https:\/\/anivet.lt\/elparduotuve\/wp-json\/wp\/v2\/product_cat?post=11856"},{"taxonomy":"product_tag","embeddable":true,"href":"https:\/\/anivet.lt\/elparduotuve\/wp-json\/wp\/v2\/product_tag?post=11856"}],"curies":[{"name":"wp","href":"https:\/\/api.w.org\/{rel}","templated":true}]}}