{"id":11862,"date":"2023-09-20T11:46:07","date_gmt":"2023-09-20T11:46:07","guid":{"rendered":"https:\/\/anivet.lt\/elparduotuve\/?post_type=product&#038;p=11862"},"modified":"2026-04-16T09:53:43","modified_gmt":"2026-04-16T09:53:43","slug":"specific-cxw-adult-all-breeds","status":"publish","type":"product","link":"https:\/\/anivet.lt\/elparduotuve\/produktas\/specific-cxw-adult-all-breeds\/","title":{"rendered":"SPECIFIC\u2122 CXW kasdienis sveik\u0173 suaugusi\u0173 \u0161un\u0173 konservas"},"content":{"rendered":"<ul>\n<li style=\"font-weight: 400;\" aria-level=\"1\"><span style=\"font-weight: 400;\">Idealus svorio palaikymas: Vidutinis energijos kiekis padeda i\u0161laikyti stabil\u0173 k\u016bno svor\u012f.<\/span><\/li>\n<li style=\"font-weight: 400;\" aria-level=\"1\"><span style=\"font-weight: 400;\">Gera vir\u0161kinamojo trakto veikla: Gyslo\u010dio s\u0117kl\u0173 luobel\u0117s reguliuoja vir\u0161kinimo procesus ir ma\u017eina vir\u0161kinimo sistemos disbalans\u0105.<\/span><\/li>\n<li style=\"font-weight: 400;\" aria-level=\"1\"><span style=\"font-weight: 400;\">Maistini\u0173 med\u017eiag\u0173 \u012fsisavinimas: Auk\u0161tos kokyb\u0117s sud\u0117tin\u0117s dalys u\u017etikrina ger\u0105 maistini\u0173 med\u017eiag\u0173 pasisavinim\u0105 ir suma\u017eina i\u0161mat\u0173 kiek\u012f.<\/span><\/li>\n<li style=\"font-weight: 400;\" aria-level=\"1\"><span style=\"font-weight: 400;\">Imuniteto stiprinimas: Mieli\u0173 \u00df-1,3\/1,6 gliukanai aktyvina leukocitus, stiprina imunin\u0119 sistem\u0105 ir gerina atsparum\u0105 ligoms.<\/span><\/li>\n<li style=\"font-weight: 400;\" aria-level=\"1\"><span style=\"font-weight: 400;\">Pilnavert\u0117 mityba: Optimaliai subalansuotos maistin\u0117s med\u017eiagos prisideda prie ilgaam\u017ei\u0161kumo ir sveikatos palaikymo.<\/span><\/li>\n<\/ul>\n<p><span style=\"font-weight: 400;\">I\u0161skirtin\u0117s kokyb\u0117s \u0117dalas, kuris ne tik atitinka visus suaugusi\u0173 \u0161un\u0173 mitybos poreikius, bet ir prisideda prie j\u0173 sveikatos palaikymo. \u0160io pa\u0161aro sud\u0117tis u\u017etikrina subalansuot\u0105 mityb\u0105, padeda palaikyti sveik\u0105 k\u016bno svor\u012f ir stiprina imunitet\u0105, o puikiai vir\u0161kinami ingredientai ma\u017eina vir\u0161kinimo sistemos apkrov\u0105.<\/span><\/p>\n","protected":false},"excerpt":{"rendered":"<p><span style=\"font-weight: 400;\">Subalansuotas \u0161lapias \u0117dalas, pritaikytas vis\u0173 veisli\u0173 suaugusi\u0173 \u0161un\u0173 kasdieniams poreikiams. Vidutinis energijos kiekis padeda palaikyti optimal\u0173 k\u016bno svor\u012f, o lengvai vir\u0161kinamos med\u017eiagos u\u017etikrina ger\u0105 maistini\u0173 med\u017eiag\u0173 \u012fsisavinim\u0105.<\/span><\/p>\n","protected":false},"featured_media":11863,"template":"","meta":[],"product_brand":[],"product_cat":[101,103,105,321],"product_tag":[],"class_list":{"0":"post-11862","1":"product","2":"type-product","3":"status-publish","4":"has-post-thumbnail","6":"product_cat-sunims","7":"product_cat-sunu-maistas","8":"product_cat-konservai","9":"product_cat-specific-sunu-maistas","10":"pa_prekinis-zenklas-specific","12":"first","13":"instock","14":"sale","15":"taxable","16":"shipping-taxable","17":"purchasable","18":"product-type-variable"},"yoast_head":"<!-- This site is optimized with the Yoast SEO Premium plugin v27.1 (Yoast SEO v27.5) - https:\/\/yoast.com\/product\/yoast-seo-premium-wordpress\/ -->\n<title>SPECIFIC\u2122 CXW kasdienis sveik\u0173 suaugusi\u0173 \u0161un\u0173 konservas - anivet.lt<\/title>\n<meta name=\"description\" content=\"Subalansuotas \u0161lapias \u0117dalas, pritaikytas vis\u0173 veisli\u0173 suaugusi\u0173 \u0161un\u0173 kasdieniams poreikiams. Vidutinis energijos kiekis padeda palaikyti optimal\u0173 k\u016bno svor\u012f, o lengvai vir\u0161kinamos med\u017eiagos u\u017etikrina ger\u0105 maistini\u0173 med\u017eiag\u0173 \u012fsisavinim\u0105.\" \/>\n<meta name=\"robots\" content=\"index, follow, max-snippet:-1, max-image-preview:large, max-video-preview:-1\" \/>\n<link rel=\"canonical\" href=\"https:\/\/anivet.lt\/elparduotuve\/produktas\/specific-cxw-adult-all-breeds\/\" \/>\n<meta property=\"og:locale\" content=\"lt_LT\" \/>\n<meta property=\"og:type\" content=\"article\" \/>\n<meta property=\"og:title\" content=\"SPECIFIC\u2122 CXW kasdienis sveik\u0173 suaugusi\u0173 \u0161un\u0173 konservas\" \/>\n<meta property=\"og:description\" content=\"Subalansuotas \u0161lapias \u0117dalas, pritaikytas vis\u0173 veisli\u0173 suaugusi\u0173 \u0161un\u0173 kasdieniams poreikiams. Vidutinis energijos kiekis padeda palaikyti optimal\u0173 k\u016bno svor\u012f, o lengvai vir\u0161kinamos med\u017eiagos u\u017etikrina ger\u0105 maistini\u0173 med\u017eiag\u0173 \u012fsisavinim\u0105.\" \/>\n<meta property=\"og:url\" content=\"https:\/\/anivet.lt\/elparduotuve\/produktas\/specific-cxw-adult-all-breeds\/\" \/>\n<meta property=\"og:site_name\" content=\"anivet.lt\" \/>\n<meta property=\"article:modified_time\" content=\"2026-04-16T09:53:43+00:00\" \/>\n<meta property=\"og:image\" content=\"https:\/\/anivet.lt\/elparduotuve\/wp-content\/uploads\/2023\/09\/4NqZLZZs7KlPimzNp34lkZaVjlX1CXkgc4Ymu8eZ.png\" \/>\n\t<meta property=\"og:image:width\" content=\"2000\" \/>\n\t<meta property=\"og:image:height\" content=\"1458\" \/>\n\t<meta property=\"og:image:type\" content=\"image\/png\" \/>\n<meta name=\"twitter:card\" content=\"summary_large_image\" \/>\n<meta name=\"twitter:label1\" content=\"Est. reading time\" \/>\n\t<meta name=\"twitter:data1\" content=\"1 minut\u0117\" \/>\n<script type=\"application\/ld+json\" class=\"yoast-schema-graph\">{\"@context\":\"https:\\\/\\\/schema.org\",\"@graph\":[{\"@type\":\"WebPage\",\"@id\":\"https:\\\/\\\/anivet.lt\\\/elparduotuve\\\/produktas\\\/specific-cxw-adult-all-breeds\\\/\",\"url\":\"https:\\\/\\\/anivet.lt\\\/elparduotuve\\\/produktas\\\/specific-cxw-adult-all-breeds\\\/\",\"name\":\"SPECIFIC\u2122 CXW kasdienis sveik\u0173 suaugusi\u0173 \u0161un\u0173 konservas - anivet.lt\",\"isPartOf\":{\"@id\":\"https:\\\/\\\/anivet.lt\\\/elparduotuve\\\/#website\"},\"primaryImageOfPage\":{\"@id\":\"https:\\\/\\\/anivet.lt\\\/elparduotuve\\\/produktas\\\/specific-cxw-adult-all-breeds\\\/#primaryimage\"},\"image\":{\"@id\":\"https:\\\/\\\/anivet.lt\\\/elparduotuve\\\/produktas\\\/specific-cxw-adult-all-breeds\\\/#primaryimage\"},\"thumbnailUrl\":\"https:\\\/\\\/anivet.lt\\\/elparduotuve\\\/wp-content\\\/uploads\\\/2023\\\/09\\\/4NqZLZZs7KlPimzNp34lkZaVjlX1CXkgc4Ymu8eZ.png\",\"datePublished\":\"2023-09-20T11:46:07+00:00\",\"dateModified\":\"2026-04-16T09:53:43+00:00\",\"description\":\"Subalansuotas \u0161lapias \u0117dalas, pritaikytas vis\u0173 veisli\u0173 suaugusi\u0173 \u0161un\u0173 kasdieniams poreikiams. Vidutinis energijos kiekis padeda palaikyti optimal\u0173 k\u016bno svor\u012f, o lengvai vir\u0161kinamos med\u017eiagos u\u017etikrina ger\u0105 maistini\u0173 med\u017eiag\u0173 \u012fsisavinim\u0105.\",\"breadcrumb\":{\"@id\":\"https:\\\/\\\/anivet.lt\\\/elparduotuve\\\/produktas\\\/specific-cxw-adult-all-breeds\\\/#breadcrumb\"},\"inLanguage\":\"lt-LT\",\"potentialAction\":[{\"@type\":\"ReadAction\",\"target\":[\"https:\\\/\\\/anivet.lt\\\/elparduotuve\\\/produktas\\\/specific-cxw-adult-all-breeds\\\/\"]}]},{\"@type\":\"ImageObject\",\"inLanguage\":\"lt-LT\",\"@id\":\"https:\\\/\\\/anivet.lt\\\/elparduotuve\\\/produktas\\\/specific-cxw-adult-all-breeds\\\/#primaryimage\",\"url\":\"https:\\\/\\\/anivet.lt\\\/elparduotuve\\\/wp-content\\\/uploads\\\/2023\\\/09\\\/4NqZLZZs7KlPimzNp34lkZaVjlX1CXkgc4Ymu8eZ.png\",\"contentUrl\":\"https:\\\/\\\/anivet.lt\\\/elparduotuve\\\/wp-content\\\/uploads\\\/2023\\\/09\\\/4NqZLZZs7KlPimzNp34lkZaVjlX1CXkgc4Ymu8eZ.png\",\"width\":2000,\"height\":1458,\"caption\":\"SPECIFIC\u2122 CXW kasdienis sveik\u0173 suaugusi\u0173 \u0161un\u0173 konservas\"},{\"@type\":\"BreadcrumbList\",\"@id\":\"https:\\\/\\\/anivet.lt\\\/elparduotuve\\\/produktas\\\/specific-cxw-adult-all-breeds\\\/#breadcrumb\",\"itemListElement\":[{\"@type\":\"ListItem\",\"position\":1,\"name\":\"Home\",\"item\":\"https:\\\/\\\/anivet.lt\\\/elparduotuve\\\/\"},{\"@type\":\"ListItem\",\"position\":2,\"name\":\"Produktai\",\"item\":\"https:\\\/\\\/anivet.lt\\\/elparduotuve\\\/produktai\\\/\"},{\"@type\":\"ListItem\",\"position\":3,\"name\":\"SPECIFIC\u2122 CXW kasdienis sveik\u0173 suaugusi\u0173 \u0161un\u0173 konservas\"}]},{\"@type\":\"WebSite\",\"@id\":\"https:\\\/\\\/anivet.lt\\\/elparduotuve\\\/#website\",\"url\":\"https:\\\/\\\/anivet.lt\\\/elparduotuve\\\/\",\"name\":\"anivet.lt\",\"description\":\"Viskas J\u016bs\u0173 \u0161uns, kat\u0117s prie\u017ei\u016brai\",\"publisher\":{\"@id\":\"https:\\\/\\\/anivet.lt\\\/elparduotuve\\\/#organization\"},\"alternateName\":\"Viskas J\u016bs\u0173 \u0161uns, kat\u0117s prie\u017ei\u016brai\",\"potentialAction\":[{\"@type\":\"SearchAction\",\"target\":{\"@type\":\"EntryPoint\",\"urlTemplate\":\"https:\\\/\\\/anivet.lt\\\/elparduotuve\\\/?s={search_term_string}\"},\"query-input\":{\"@type\":\"PropertyValueSpecification\",\"valueRequired\":true,\"valueName\":\"search_term_string\"}}],\"inLanguage\":\"lt-LT\"},{\"@type\":\"Organization\",\"@id\":\"https:\\\/\\\/anivet.lt\\\/elparduotuve\\\/#organization\",\"name\":\"Viskas J\u016bs\u0173 \u0161uns, kat\u0117s prie\u017ei\u016brai\",\"url\":\"https:\\\/\\\/anivet.lt\\\/elparduotuve\\\/\",\"logo\":{\"@type\":\"ImageObject\",\"inLanguage\":\"lt-LT\",\"@id\":\"https:\\\/\\\/anivet.lt\\\/elparduotuve\\\/#\\\/schema\\\/logo\\\/image\\\/\",\"url\":\"https:\\\/\\\/anivet.lt\\\/elparduotuve\\\/wp-content\\\/uploads\\\/2023\\\/06\\\/logo2.jpg\",\"contentUrl\":\"https:\\\/\\\/anivet.lt\\\/elparduotuve\\\/wp-content\\\/uploads\\\/2023\\\/06\\\/logo2.jpg\",\"width\":655,\"height\":194,\"caption\":\"Viskas J\u016bs\u0173 \u0161uns, kat\u0117s prie\u017ei\u016brai\"},\"image\":{\"@id\":\"https:\\\/\\\/anivet.lt\\\/elparduotuve\\\/#\\\/schema\\\/logo\\\/image\\\/\"}}]}<\/script>\n<!-- \/ Yoast SEO Premium plugin. -->","yoast_head_json":{"title":"SPECIFIC\u2122 CXW kasdienis sveik\u0173 suaugusi\u0173 \u0161un\u0173 konservas - anivet.lt","description":"Subalansuotas \u0161lapias \u0117dalas, pritaikytas vis\u0173 veisli\u0173 suaugusi\u0173 \u0161un\u0173 kasdieniams poreikiams. Vidutinis energijos kiekis padeda palaikyti optimal\u0173 k\u016bno svor\u012f, o lengvai vir\u0161kinamos med\u017eiagos u\u017etikrina ger\u0105 maistini\u0173 med\u017eiag\u0173 \u012fsisavinim\u0105.","robots":{"index":"index","follow":"follow","max-snippet":"max-snippet:-1","max-image-preview":"max-image-preview:large","max-video-preview":"max-video-preview:-1"},"canonical":"https:\/\/anivet.lt\/elparduotuve\/produktas\/specific-cxw-adult-all-breeds\/","og_locale":"lt_LT","og_type":"article","og_title":"SPECIFIC\u2122 CXW kasdienis sveik\u0173 suaugusi\u0173 \u0161un\u0173 konservas","og_description":"Subalansuotas \u0161lapias \u0117dalas, pritaikytas vis\u0173 veisli\u0173 suaugusi\u0173 \u0161un\u0173 kasdieniams poreikiams. Vidutinis energijos kiekis padeda palaikyti optimal\u0173 k\u016bno svor\u012f, o lengvai vir\u0161kinamos med\u017eiagos u\u017etikrina ger\u0105 maistini\u0173 med\u017eiag\u0173 \u012fsisavinim\u0105.","og_url":"https:\/\/anivet.lt\/elparduotuve\/produktas\/specific-cxw-adult-all-breeds\/","og_site_name":"anivet.lt","article_modified_time":"2026-04-16T09:53:43+00:00","og_image":[{"width":2000,"height":1458,"url":"https:\/\/anivet.lt\/elparduotuve\/wp-content\/uploads\/2023\/09\/4NqZLZZs7KlPimzNp34lkZaVjlX1CXkgc4Ymu8eZ.png","type":"image\/png"}],"twitter_card":"summary_large_image","twitter_misc":{"Est. reading time":"1 minut\u0117"},"schema":{"@context":"https:\/\/schema.org","@graph":[{"@type":"WebPage","@id":"https:\/\/anivet.lt\/elparduotuve\/produktas\/specific-cxw-adult-all-breeds\/","url":"https:\/\/anivet.lt\/elparduotuve\/produktas\/specific-cxw-adult-all-breeds\/","name":"SPECIFIC\u2122 CXW kasdienis sveik\u0173 suaugusi\u0173 \u0161un\u0173 konservas - anivet.lt","isPartOf":{"@id":"https:\/\/anivet.lt\/elparduotuve\/#website"},"primaryImageOfPage":{"@id":"https:\/\/anivet.lt\/elparduotuve\/produktas\/specific-cxw-adult-all-breeds\/#primaryimage"},"image":{"@id":"https:\/\/anivet.lt\/elparduotuve\/produktas\/specific-cxw-adult-all-breeds\/#primaryimage"},"thumbnailUrl":"https:\/\/anivet.lt\/elparduotuve\/wp-content\/uploads\/2023\/09\/4NqZLZZs7KlPimzNp34lkZaVjlX1CXkgc4Ymu8eZ.png","datePublished":"2023-09-20T11:46:07+00:00","dateModified":"2026-04-16T09:53:43+00:00","description":"Subalansuotas \u0161lapias \u0117dalas, pritaikytas vis\u0173 veisli\u0173 suaugusi\u0173 \u0161un\u0173 kasdieniams poreikiams. Vidutinis energijos kiekis padeda palaikyti optimal\u0173 k\u016bno svor\u012f, o lengvai vir\u0161kinamos med\u017eiagos u\u017etikrina ger\u0105 maistini\u0173 med\u017eiag\u0173 \u012fsisavinim\u0105.","breadcrumb":{"@id":"https:\/\/anivet.lt\/elparduotuve\/produktas\/specific-cxw-adult-all-breeds\/#breadcrumb"},"inLanguage":"lt-LT","potentialAction":[{"@type":"ReadAction","target":["https:\/\/anivet.lt\/elparduotuve\/produktas\/specific-cxw-adult-all-breeds\/"]}]},{"@type":"ImageObject","inLanguage":"lt-LT","@id":"https:\/\/anivet.lt\/elparduotuve\/produktas\/specific-cxw-adult-all-breeds\/#primaryimage","url":"https:\/\/anivet.lt\/elparduotuve\/wp-content\/uploads\/2023\/09\/4NqZLZZs7KlPimzNp34lkZaVjlX1CXkgc4Ymu8eZ.png","contentUrl":"https:\/\/anivet.lt\/elparduotuve\/wp-content\/uploads\/2023\/09\/4NqZLZZs7KlPimzNp34lkZaVjlX1CXkgc4Ymu8eZ.png","width":2000,"height":1458,"caption":"SPECIFIC\u2122 CXW kasdienis sveik\u0173 suaugusi\u0173 \u0161un\u0173 konservas"},{"@type":"BreadcrumbList","@id":"https:\/\/anivet.lt\/elparduotuve\/produktas\/specific-cxw-adult-all-breeds\/#breadcrumb","itemListElement":[{"@type":"ListItem","position":1,"name":"Home","item":"https:\/\/anivet.lt\/elparduotuve\/"},{"@type":"ListItem","position":2,"name":"Produktai","item":"https:\/\/anivet.lt\/elparduotuve\/produktai\/"},{"@type":"ListItem","position":3,"name":"SPECIFIC\u2122 CXW kasdienis sveik\u0173 suaugusi\u0173 \u0161un\u0173 konservas"}]},{"@type":"WebSite","@id":"https:\/\/anivet.lt\/elparduotuve\/#website","url":"https:\/\/anivet.lt\/elparduotuve\/","name":"anivet.lt","description":"Viskas J\u016bs\u0173 \u0161uns, kat\u0117s prie\u017ei\u016brai","publisher":{"@id":"https:\/\/anivet.lt\/elparduotuve\/#organization"},"alternateName":"Viskas J\u016bs\u0173 \u0161uns, kat\u0117s prie\u017ei\u016brai","potentialAction":[{"@type":"SearchAction","target":{"@type":"EntryPoint","urlTemplate":"https:\/\/anivet.lt\/elparduotuve\/?s={search_term_string}"},"query-input":{"@type":"PropertyValueSpecification","valueRequired":true,"valueName":"search_term_string"}}],"inLanguage":"lt-LT"},{"@type":"Organization","@id":"https:\/\/anivet.lt\/elparduotuve\/#organization","name":"Viskas J\u016bs\u0173 \u0161uns, kat\u0117s prie\u017ei\u016brai","url":"https:\/\/anivet.lt\/elparduotuve\/","logo":{"@type":"ImageObject","inLanguage":"lt-LT","@id":"https:\/\/anivet.lt\/elparduotuve\/#\/schema\/logo\/image\/","url":"https:\/\/anivet.lt\/elparduotuve\/wp-content\/uploads\/2023\/06\/logo2.jpg","contentUrl":"https:\/\/anivet.lt\/elparduotuve\/wp-content\/uploads\/2023\/06\/logo2.jpg","width":655,"height":194,"caption":"Viskas J\u016bs\u0173 \u0161uns, kat\u0117s prie\u017ei\u016brai"},"image":{"@id":"https:\/\/anivet.lt\/elparduotuve\/#\/schema\/logo\/image\/"}}]}},"_links":{"self":[{"href":"https:\/\/anivet.lt\/elparduotuve\/wp-json\/wp\/v2\/product\/11862","targetHints":{"allow":["GET"]}}],"collection":[{"href":"https:\/\/anivet.lt\/elparduotuve\/wp-json\/wp\/v2\/product"}],"about":[{"href":"https:\/\/anivet.lt\/elparduotuve\/wp-json\/wp\/v2\/types\/product"}],"wp:featuredmedia":[{"embeddable":true,"href":"https:\/\/anivet.lt\/elparduotuve\/wp-json\/wp\/v2\/media\/11863"}],"wp:attachment":[{"href":"https:\/\/anivet.lt\/elparduotuve\/wp-json\/wp\/v2\/media?parent=11862"}],"wp:term":[{"taxonomy":"product_brand","embeddable":true,"href":"https:\/\/anivet.lt\/elparduotuve\/wp-json\/wp\/v2\/product_brand?post=11862"},{"taxonomy":"product_cat","embeddable":true,"href":"https:\/\/anivet.lt\/elparduotuve\/wp-json\/wp\/v2\/product_cat?post=11862"},{"taxonomy":"product_tag","embeddable":true,"href":"https:\/\/anivet.lt\/elparduotuve\/wp-json\/wp\/v2\/product_tag?post=11862"}],"curies":[{"name":"wp","href":"https:\/\/api.w.org\/{rel}","templated":true}]}}