{"id":11866,"date":"2023-09-20T12:25:24","date_gmt":"2023-09-20T12:25:24","guid":{"rendered":"https:\/\/anivet.lt\/elparduotuve\/?post_type=product&#038;p=11866"},"modified":"2026-04-16T09:53:29","modified_gmt":"2026-04-16T09:53:29","slug":"specific-cgw-senior-all-breeds","status":"publish","type":"product","link":"https:\/\/anivet.lt\/elparduotuve\/produktas\/specific-cgw-senior-all-breeds\/","title":{"rendered":"SPECIFIC\u2122 CGW konservai senyviems vis\u0173 veisli\u0173 \u0161unims"},"content":{"rendered":"<ul>\n<li><span style=\"font-weight: 400;\">Inkst\u0173 funkcijos palaikymas: Suma\u017eintas baltym\u0173, fosforo ir natrio kiekis ma\u017eina inkst\u0173 apkrov\u0105 ir gali sul\u0117tinti inkst\u0173 nepakankamumo progresavim\u0105.<\/span><\/li>\n<li><span style=\"font-weight: 400;\">Sveiki s\u0105nariai ir judrumas: EPA ir DHA omega-3 riebal\u0173 r\u016bg\u0161tys prisideda prie s\u0105nari\u0173 kremzli\u0173 sveikatos ir odos b\u016bkl\u0117s.<\/span><\/li>\n<li><span style=\"font-weight: 400;\">Idealus k\u016bno svoris: Padidintas skaidul\u0173 kiekis ir suma\u017einta energin\u0117 vert\u0117 padeda i\u0161laikyti ideal\u0173 svor\u012f senyviems \u0161unims.<\/span><\/li>\n<li><span style=\"font-weight: 400;\">Imunin\u0117s sistemos palaikymas: Mieli\u0173 \u03b2-1,3\/1,6 gliukanai ir manano-olisacharidai (MOS) stiprina imunin\u0119 sistem\u0105 ir apsaugo nuo vir\u0161kinimo trakto infekcij\u0173.<\/span><\/li>\n<li><span style=\"font-weight: 400;\">Sveikas \u0161irdies raumuo: Taurinas padeda palaikyti \u0161irdies veikl\u0105, o L-karnitinas skatina riebal\u0173 oksidacij\u0105 ir raumen\u0173 apsaug\u0105.<\/span><\/li>\n<\/ul>\n<p><span style=\"font-weight: 400;\">\u0160is visavertis \u0117dalas ne tik palaiko sveikat\u0105, bet ir suteikia gard\u0173, lengvai vir\u0161kinam\u0105 maist\u0105, prisitaikant\u012f prie j\u016bs\u0173 augintinio poreiki\u0173. Tai idealus pasirinkimas j\u016bs\u0173 \u0161uns gerovei u\u017etikrinti vyresniame am\u017eiuje.<\/span><\/p>\n<h3><b>Nerekomenduojama:<\/b><\/h3>\n<ul>\n<li style=\"font-weight: 400;\" aria-level=\"1\"><span style=\"font-weight: 400;\">\u0160uniukams augimo laikotarpiu.<\/span><\/li>\n<li style=\"font-weight: 400;\" aria-level=\"1\"><span style=\"font-weight: 400;\">\u0160uningoms arba \u017eindan\u010dioms kal\u0117ms.<\/span><\/li>\n<\/ul>\n","protected":false},"excerpt":{"rendered":"<p><span style=\"font-weight: 400;\">Kasdienis \u0117dalas, sukurtas specialiai vyresnio am\u017eiaus \u0161unims, siekiant palaikyti j\u0173 sveikat\u0105 ir l\u0117tinti senatvini\u0173 lig\u0173 progresavim\u0105. Tinka ma\u017e\u0173j\u0173 veisli\u0173 \u0161unims nuo 8 met\u0173, vidutini\u0173 veisli\u0173 nuo 7 met\u0173, did\u017ei\u0173j\u0173 veisli\u0173 nuo 6 met\u0173 ir giganti\u0161k\u0173 veisli\u0173 \u0161unims nuo 5 met\u0173 am\u017eiaus.<\/span><\/p>\n","protected":false},"featured_media":11867,"template":"","meta":[],"product_brand":[],"product_cat":[101,103,105,321],"product_tag":[],"class_list":{"0":"post-11866","1":"product","2":"type-product","3":"status-publish","4":"has-post-thumbnail","6":"product_cat-sunims","7":"product_cat-sunu-maistas","8":"product_cat-konservai","9":"product_cat-specific-sunu-maistas","10":"pa_prekinis-zenklas-specific","12":"first","13":"instock","14":"sale","15":"taxable","16":"shipping-taxable","17":"purchasable","18":"product-type-variable"},"yoast_head":"<!-- This site is optimized with the Yoast SEO Premium plugin v27.1 (Yoast SEO v27.5) - https:\/\/yoast.com\/product\/yoast-seo-premium-wordpress\/ -->\n<title>SPECIFIC\u2122 CGW konservai senyviems vis\u0173 veisli\u0173 \u0161unims - anivet.lt<\/title>\n<meta name=\"description\" content=\"Kasdienis \u0117dalas, sukurtas specialiai vyresnio am\u017eiaus \u0161unims, siekiant palaikyti j\u0173 sveikat\u0105 ir l\u0117tinti senatvini\u0173 lig\u0173 progresavim\u0105. Tinka ma\u017e\u0173j\u0173 veisli\u0173 \u0161unims nuo 8 met\u0173, vidutini\u0173 veisli\u0173 nuo 7 met\u0173, did\u017ei\u0173j\u0173 veisli\u0173 nuo 6 met\u0173 ir giganti\u0161k\u0173 veisli\u0173 \u0161unims nuo 5 met\u0173 am\u017eiaus.\" \/>\n<meta name=\"robots\" content=\"index, follow, max-snippet:-1, max-image-preview:large, max-video-preview:-1\" \/>\n<link rel=\"canonical\" href=\"https:\/\/anivet.lt\/elparduotuve\/produktas\/specific-cgw-senior-all-breeds\/\" \/>\n<meta property=\"og:locale\" content=\"lt_LT\" \/>\n<meta property=\"og:type\" content=\"article\" \/>\n<meta property=\"og:title\" content=\"SPECIFIC\u2122 CGW konservai senyviems vis\u0173 veisli\u0173 \u0161unims\" \/>\n<meta property=\"og:description\" content=\"Kasdienis \u0117dalas, sukurtas specialiai vyresnio am\u017eiaus \u0161unims, siekiant palaikyti j\u0173 sveikat\u0105 ir l\u0117tinti senatvini\u0173 lig\u0173 progresavim\u0105. Tinka ma\u017e\u0173j\u0173 veisli\u0173 \u0161unims nuo 8 met\u0173, vidutini\u0173 veisli\u0173 nuo 7 met\u0173, did\u017ei\u0173j\u0173 veisli\u0173 nuo 6 met\u0173 ir giganti\u0161k\u0173 veisli\u0173 \u0161unims nuo 5 met\u0173 am\u017eiaus.\" \/>\n<meta property=\"og:url\" content=\"https:\/\/anivet.lt\/elparduotuve\/produktas\/specific-cgw-senior-all-breeds\/\" \/>\n<meta property=\"og:site_name\" content=\"anivet.lt\" \/>\n<meta property=\"article:modified_time\" content=\"2026-04-16T09:53:29+00:00\" \/>\n<meta property=\"og:image\" content=\"https:\/\/anivet.lt\/elparduotuve\/wp-content\/uploads\/2023\/09\/5Yh0FwHQlXKGo9y29sTfWiI0a7BeKGxuUVBmRulK.png\" \/>\n\t<meta property=\"og:image:width\" content=\"2000\" \/>\n\t<meta property=\"og:image:height\" content=\"1458\" \/>\n\t<meta property=\"og:image:type\" content=\"image\/png\" \/>\n<meta name=\"twitter:card\" content=\"summary_large_image\" \/>\n<meta name=\"twitter:label1\" content=\"Est. reading time\" \/>\n\t<meta name=\"twitter:data1\" content=\"1 minut\u0117\" \/>\n<script type=\"application\/ld+json\" class=\"yoast-schema-graph\">{\"@context\":\"https:\\\/\\\/schema.org\",\"@graph\":[{\"@type\":\"WebPage\",\"@id\":\"https:\\\/\\\/anivet.lt\\\/elparduotuve\\\/produktas\\\/specific-cgw-senior-all-breeds\\\/\",\"url\":\"https:\\\/\\\/anivet.lt\\\/elparduotuve\\\/produktas\\\/specific-cgw-senior-all-breeds\\\/\",\"name\":\"SPECIFIC\u2122 CGW konservai senyviems vis\u0173 veisli\u0173 \u0161unims - anivet.lt\",\"isPartOf\":{\"@id\":\"https:\\\/\\\/anivet.lt\\\/elparduotuve\\\/#website\"},\"primaryImageOfPage\":{\"@id\":\"https:\\\/\\\/anivet.lt\\\/elparduotuve\\\/produktas\\\/specific-cgw-senior-all-breeds\\\/#primaryimage\"},\"image\":{\"@id\":\"https:\\\/\\\/anivet.lt\\\/elparduotuve\\\/produktas\\\/specific-cgw-senior-all-breeds\\\/#primaryimage\"},\"thumbnailUrl\":\"https:\\\/\\\/anivet.lt\\\/elparduotuve\\\/wp-content\\\/uploads\\\/2023\\\/09\\\/5Yh0FwHQlXKGo9y29sTfWiI0a7BeKGxuUVBmRulK.png\",\"datePublished\":\"2023-09-20T12:25:24+00:00\",\"dateModified\":\"2026-04-16T09:53:29+00:00\",\"description\":\"Kasdienis \u0117dalas, sukurtas specialiai vyresnio am\u017eiaus \u0161unims, siekiant palaikyti j\u0173 sveikat\u0105 ir l\u0117tinti senatvini\u0173 lig\u0173 progresavim\u0105. Tinka ma\u017e\u0173j\u0173 veisli\u0173 \u0161unims nuo 8 met\u0173, vidutini\u0173 veisli\u0173 nuo 7 met\u0173, did\u017ei\u0173j\u0173 veisli\u0173 nuo 6 met\u0173 ir giganti\u0161k\u0173 veisli\u0173 \u0161unims nuo 5 met\u0173 am\u017eiaus.\",\"breadcrumb\":{\"@id\":\"https:\\\/\\\/anivet.lt\\\/elparduotuve\\\/produktas\\\/specific-cgw-senior-all-breeds\\\/#breadcrumb\"},\"inLanguage\":\"lt-LT\",\"potentialAction\":[{\"@type\":\"ReadAction\",\"target\":[\"https:\\\/\\\/anivet.lt\\\/elparduotuve\\\/produktas\\\/specific-cgw-senior-all-breeds\\\/\"]}]},{\"@type\":\"ImageObject\",\"inLanguage\":\"lt-LT\",\"@id\":\"https:\\\/\\\/anivet.lt\\\/elparduotuve\\\/produktas\\\/specific-cgw-senior-all-breeds\\\/#primaryimage\",\"url\":\"https:\\\/\\\/anivet.lt\\\/elparduotuve\\\/wp-content\\\/uploads\\\/2023\\\/09\\\/5Yh0FwHQlXKGo9y29sTfWiI0a7BeKGxuUVBmRulK.png\",\"contentUrl\":\"https:\\\/\\\/anivet.lt\\\/elparduotuve\\\/wp-content\\\/uploads\\\/2023\\\/09\\\/5Yh0FwHQlXKGo9y29sTfWiI0a7BeKGxuUVBmRulK.png\",\"width\":2000,\"height\":1458,\"caption\":\"SPECIFIC\u2122 CGW konservai senyviems vis\u0173 veisli\u0173 \u0161unims\"},{\"@type\":\"BreadcrumbList\",\"@id\":\"https:\\\/\\\/anivet.lt\\\/elparduotuve\\\/produktas\\\/specific-cgw-senior-all-breeds\\\/#breadcrumb\",\"itemListElement\":[{\"@type\":\"ListItem\",\"position\":1,\"name\":\"Home\",\"item\":\"https:\\\/\\\/anivet.lt\\\/elparduotuve\\\/\"},{\"@type\":\"ListItem\",\"position\":2,\"name\":\"Produktai\",\"item\":\"https:\\\/\\\/anivet.lt\\\/elparduotuve\\\/produktai\\\/\"},{\"@type\":\"ListItem\",\"position\":3,\"name\":\"SPECIFIC\u2122 CGW konservai senyviems vis\u0173 veisli\u0173 \u0161unims\"}]},{\"@type\":\"WebSite\",\"@id\":\"https:\\\/\\\/anivet.lt\\\/elparduotuve\\\/#website\",\"url\":\"https:\\\/\\\/anivet.lt\\\/elparduotuve\\\/\",\"name\":\"anivet.lt\",\"description\":\"Viskas J\u016bs\u0173 \u0161uns, kat\u0117s prie\u017ei\u016brai\",\"publisher\":{\"@id\":\"https:\\\/\\\/anivet.lt\\\/elparduotuve\\\/#organization\"},\"alternateName\":\"Viskas J\u016bs\u0173 \u0161uns, kat\u0117s prie\u017ei\u016brai\",\"potentialAction\":[{\"@type\":\"SearchAction\",\"target\":{\"@type\":\"EntryPoint\",\"urlTemplate\":\"https:\\\/\\\/anivet.lt\\\/elparduotuve\\\/?s={search_term_string}\"},\"query-input\":{\"@type\":\"PropertyValueSpecification\",\"valueRequired\":true,\"valueName\":\"search_term_string\"}}],\"inLanguage\":\"lt-LT\"},{\"@type\":\"Organization\",\"@id\":\"https:\\\/\\\/anivet.lt\\\/elparduotuve\\\/#organization\",\"name\":\"Viskas J\u016bs\u0173 \u0161uns, kat\u0117s prie\u017ei\u016brai\",\"url\":\"https:\\\/\\\/anivet.lt\\\/elparduotuve\\\/\",\"logo\":{\"@type\":\"ImageObject\",\"inLanguage\":\"lt-LT\",\"@id\":\"https:\\\/\\\/anivet.lt\\\/elparduotuve\\\/#\\\/schema\\\/logo\\\/image\\\/\",\"url\":\"https:\\\/\\\/anivet.lt\\\/elparduotuve\\\/wp-content\\\/uploads\\\/2023\\\/06\\\/logo2.jpg\",\"contentUrl\":\"https:\\\/\\\/anivet.lt\\\/elparduotuve\\\/wp-content\\\/uploads\\\/2023\\\/06\\\/logo2.jpg\",\"width\":655,\"height\":194,\"caption\":\"Viskas J\u016bs\u0173 \u0161uns, kat\u0117s prie\u017ei\u016brai\"},\"image\":{\"@id\":\"https:\\\/\\\/anivet.lt\\\/elparduotuve\\\/#\\\/schema\\\/logo\\\/image\\\/\"}}]}<\/script>\n<!-- \/ Yoast SEO Premium plugin. -->","yoast_head_json":{"title":"SPECIFIC\u2122 CGW konservai senyviems vis\u0173 veisli\u0173 \u0161unims - anivet.lt","description":"Kasdienis \u0117dalas, sukurtas specialiai vyresnio am\u017eiaus \u0161unims, siekiant palaikyti j\u0173 sveikat\u0105 ir l\u0117tinti senatvini\u0173 lig\u0173 progresavim\u0105. Tinka ma\u017e\u0173j\u0173 veisli\u0173 \u0161unims nuo 8 met\u0173, vidutini\u0173 veisli\u0173 nuo 7 met\u0173, did\u017ei\u0173j\u0173 veisli\u0173 nuo 6 met\u0173 ir giganti\u0161k\u0173 veisli\u0173 \u0161unims nuo 5 met\u0173 am\u017eiaus.","robots":{"index":"index","follow":"follow","max-snippet":"max-snippet:-1","max-image-preview":"max-image-preview:large","max-video-preview":"max-video-preview:-1"},"canonical":"https:\/\/anivet.lt\/elparduotuve\/produktas\/specific-cgw-senior-all-breeds\/","og_locale":"lt_LT","og_type":"article","og_title":"SPECIFIC\u2122 CGW konservai senyviems vis\u0173 veisli\u0173 \u0161unims","og_description":"Kasdienis \u0117dalas, sukurtas specialiai vyresnio am\u017eiaus \u0161unims, siekiant palaikyti j\u0173 sveikat\u0105 ir l\u0117tinti senatvini\u0173 lig\u0173 progresavim\u0105. Tinka ma\u017e\u0173j\u0173 veisli\u0173 \u0161unims nuo 8 met\u0173, vidutini\u0173 veisli\u0173 nuo 7 met\u0173, did\u017ei\u0173j\u0173 veisli\u0173 nuo 6 met\u0173 ir giganti\u0161k\u0173 veisli\u0173 \u0161unims nuo 5 met\u0173 am\u017eiaus.","og_url":"https:\/\/anivet.lt\/elparduotuve\/produktas\/specific-cgw-senior-all-breeds\/","og_site_name":"anivet.lt","article_modified_time":"2026-04-16T09:53:29+00:00","og_image":[{"width":2000,"height":1458,"url":"https:\/\/anivet.lt\/elparduotuve\/wp-content\/uploads\/2023\/09\/5Yh0FwHQlXKGo9y29sTfWiI0a7BeKGxuUVBmRulK.png","type":"image\/png"}],"twitter_card":"summary_large_image","twitter_misc":{"Est. reading time":"1 minut\u0117"},"schema":{"@context":"https:\/\/schema.org","@graph":[{"@type":"WebPage","@id":"https:\/\/anivet.lt\/elparduotuve\/produktas\/specific-cgw-senior-all-breeds\/","url":"https:\/\/anivet.lt\/elparduotuve\/produktas\/specific-cgw-senior-all-breeds\/","name":"SPECIFIC\u2122 CGW konservai senyviems vis\u0173 veisli\u0173 \u0161unims - anivet.lt","isPartOf":{"@id":"https:\/\/anivet.lt\/elparduotuve\/#website"},"primaryImageOfPage":{"@id":"https:\/\/anivet.lt\/elparduotuve\/produktas\/specific-cgw-senior-all-breeds\/#primaryimage"},"image":{"@id":"https:\/\/anivet.lt\/elparduotuve\/produktas\/specific-cgw-senior-all-breeds\/#primaryimage"},"thumbnailUrl":"https:\/\/anivet.lt\/elparduotuve\/wp-content\/uploads\/2023\/09\/5Yh0FwHQlXKGo9y29sTfWiI0a7BeKGxuUVBmRulK.png","datePublished":"2023-09-20T12:25:24+00:00","dateModified":"2026-04-16T09:53:29+00:00","description":"Kasdienis \u0117dalas, sukurtas specialiai vyresnio am\u017eiaus \u0161unims, siekiant palaikyti j\u0173 sveikat\u0105 ir l\u0117tinti senatvini\u0173 lig\u0173 progresavim\u0105. Tinka ma\u017e\u0173j\u0173 veisli\u0173 \u0161unims nuo 8 met\u0173, vidutini\u0173 veisli\u0173 nuo 7 met\u0173, did\u017ei\u0173j\u0173 veisli\u0173 nuo 6 met\u0173 ir giganti\u0161k\u0173 veisli\u0173 \u0161unims nuo 5 met\u0173 am\u017eiaus.","breadcrumb":{"@id":"https:\/\/anivet.lt\/elparduotuve\/produktas\/specific-cgw-senior-all-breeds\/#breadcrumb"},"inLanguage":"lt-LT","potentialAction":[{"@type":"ReadAction","target":["https:\/\/anivet.lt\/elparduotuve\/produktas\/specific-cgw-senior-all-breeds\/"]}]},{"@type":"ImageObject","inLanguage":"lt-LT","@id":"https:\/\/anivet.lt\/elparduotuve\/produktas\/specific-cgw-senior-all-breeds\/#primaryimage","url":"https:\/\/anivet.lt\/elparduotuve\/wp-content\/uploads\/2023\/09\/5Yh0FwHQlXKGo9y29sTfWiI0a7BeKGxuUVBmRulK.png","contentUrl":"https:\/\/anivet.lt\/elparduotuve\/wp-content\/uploads\/2023\/09\/5Yh0FwHQlXKGo9y29sTfWiI0a7BeKGxuUVBmRulK.png","width":2000,"height":1458,"caption":"SPECIFIC\u2122 CGW konservai senyviems vis\u0173 veisli\u0173 \u0161unims"},{"@type":"BreadcrumbList","@id":"https:\/\/anivet.lt\/elparduotuve\/produktas\/specific-cgw-senior-all-breeds\/#breadcrumb","itemListElement":[{"@type":"ListItem","position":1,"name":"Home","item":"https:\/\/anivet.lt\/elparduotuve\/"},{"@type":"ListItem","position":2,"name":"Produktai","item":"https:\/\/anivet.lt\/elparduotuve\/produktai\/"},{"@type":"ListItem","position":3,"name":"SPECIFIC\u2122 CGW konservai senyviems vis\u0173 veisli\u0173 \u0161unims"}]},{"@type":"WebSite","@id":"https:\/\/anivet.lt\/elparduotuve\/#website","url":"https:\/\/anivet.lt\/elparduotuve\/","name":"anivet.lt","description":"Viskas J\u016bs\u0173 \u0161uns, kat\u0117s prie\u017ei\u016brai","publisher":{"@id":"https:\/\/anivet.lt\/elparduotuve\/#organization"},"alternateName":"Viskas J\u016bs\u0173 \u0161uns, kat\u0117s prie\u017ei\u016brai","potentialAction":[{"@type":"SearchAction","target":{"@type":"EntryPoint","urlTemplate":"https:\/\/anivet.lt\/elparduotuve\/?s={search_term_string}"},"query-input":{"@type":"PropertyValueSpecification","valueRequired":true,"valueName":"search_term_string"}}],"inLanguage":"lt-LT"},{"@type":"Organization","@id":"https:\/\/anivet.lt\/elparduotuve\/#organization","name":"Viskas J\u016bs\u0173 \u0161uns, kat\u0117s prie\u017ei\u016brai","url":"https:\/\/anivet.lt\/elparduotuve\/","logo":{"@type":"ImageObject","inLanguage":"lt-LT","@id":"https:\/\/anivet.lt\/elparduotuve\/#\/schema\/logo\/image\/","url":"https:\/\/anivet.lt\/elparduotuve\/wp-content\/uploads\/2023\/06\/logo2.jpg","contentUrl":"https:\/\/anivet.lt\/elparduotuve\/wp-content\/uploads\/2023\/06\/logo2.jpg","width":655,"height":194,"caption":"Viskas J\u016bs\u0173 \u0161uns, kat\u0117s prie\u017ei\u016brai"},"image":{"@id":"https:\/\/anivet.lt\/elparduotuve\/#\/schema\/logo\/image\/"}}]}},"_links":{"self":[{"href":"https:\/\/anivet.lt\/elparduotuve\/wp-json\/wp\/v2\/product\/11866","targetHints":{"allow":["GET"]}}],"collection":[{"href":"https:\/\/anivet.lt\/elparduotuve\/wp-json\/wp\/v2\/product"}],"about":[{"href":"https:\/\/anivet.lt\/elparduotuve\/wp-json\/wp\/v2\/types\/product"}],"wp:featuredmedia":[{"embeddable":true,"href":"https:\/\/anivet.lt\/elparduotuve\/wp-json\/wp\/v2\/media\/11867"}],"wp:attachment":[{"href":"https:\/\/anivet.lt\/elparduotuve\/wp-json\/wp\/v2\/media?parent=11866"}],"wp:term":[{"taxonomy":"product_brand","embeddable":true,"href":"https:\/\/anivet.lt\/elparduotuve\/wp-json\/wp\/v2\/product_brand?post=11866"},{"taxonomy":"product_cat","embeddable":true,"href":"https:\/\/anivet.lt\/elparduotuve\/wp-json\/wp\/v2\/product_cat?post=11866"},{"taxonomy":"product_tag","embeddable":true,"href":"https:\/\/anivet.lt\/elparduotuve\/wp-json\/wp\/v2\/product_tag?post=11866"}],"curies":[{"name":"wp","href":"https:\/\/api.w.org\/{rel}","templated":true}]}}