{"id":11878,"date":"2023-09-20T14:06:03","date_gmt":"2023-09-20T14:06:03","guid":{"rendered":"https:\/\/anivet.lt\/elparduotuve\/?post_type=product&#038;p=11878"},"modified":"2026-05-14T08:38:58","modified_gmt":"2026-05-14T08:38:58","slug":"specific-ckw-konservas-sunims-turintiems-sirdies-ir-inkstu-problemu","status":"publish","type":"product","link":"https:\/\/anivet.lt\/elparduotuve\/produktas\/specific-ckw-konservas-sunims-turintiems-sirdies-ir-inkstu-problemu\/","title":{"rendered":"SPECIFIC\u2122 CKW konservas \u0161unims, turintiems \u0161irdies ir inkst\u0173 problem\u0173"},"content":{"rendered":"<ul>\n<li>\n<ul>\n<li style=\"font-weight: 400;\" aria-level=\"1\"><span style=\"font-weight: 400;\">Didelis omega-3 kiekis: Palaiko \u0161irdies funkcij\u0105 ir ma\u017eina u\u017edegim\u0105.<\/span><\/li>\n<li style=\"font-weight: 400;\" aria-level=\"1\"><span style=\"font-weight: 400;\">Suma\u017eintas natrio kiekis: Ma\u017eina hipertenzijos ir edemos rizik\u0105.<\/span><\/li>\n<li style=\"font-weight: 400;\" aria-level=\"1\"><span style=\"font-weight: 400;\">Ribotas fosforo kiekis: Padeda apsaugoti inkstus ir l\u0117tinti j\u0173 lig\u0173 progresavim\u0105.<\/span><\/li>\n<li style=\"font-weight: 400;\" aria-level=\"1\"><span style=\"font-weight: 400;\">Special\u016bs baltymai: Auk\u0161tos biologin\u0117s vert\u0117s baltymai u\u017etikrina reikiamas amino r\u016bg\u0161tis, suma\u017einant azotemij\u0105.<\/span><\/li>\n<li style=\"font-weight: 400;\" aria-level=\"1\"><span style=\"font-weight: 400;\">Suma\u017eintas vario kiekis: Pritaikytas kepen\u0173 ligomis sergantiems \u0161unims.<\/span><\/li>\n<\/ul>\n<p><span style=\"font-weight: 400;\">SPECIFIC\u2122 CKW pa\u0161aras ne tik u\u017etikrina \u0161uns mitybos poreikius sergant l\u0117tin\u0117mis ligomis, bet ir padeda suma\u017einti lig\u0173 progresavimo rizik\u0105, toki\u0105 kaip skys\u010di\u0173 kaupimasis ar hiperamonemija. Tai puikus pasirinkimas augintiniams, kuriems reikalingas specializuotas dietinis sprendimas.<\/span><\/p>\n<h3><b>Nerekomenduojama:<\/b><\/h3>\n<ul>\n<li style=\"font-weight: 400;\" aria-level=\"1\"><span style=\"font-weight: 400;\">\u0160uniukams, \u0161uningoms ar \u017eindan\u010dioms kal\u0117ms.<\/span><\/li>\n<li style=\"font-weight: 400;\" aria-level=\"1\"><span style=\"font-weight: 400;\">\u0160unims, turintiems didel\u012f baltym\u0173 poreik\u012f.<\/span><\/li>\n<li style=\"font-weight: 400;\" aria-level=\"1\"><span style=\"font-weight: 400;\">\u0160unims su cholestaze \u2013 jiems tinkamesnis pa\u0161aras su ma\u017eesniu riebal\u0173 kiekiu (pvz., SPECIFIC\u2122 Weight Reduction arba Senior linijos pa\u0161arai).<\/span><\/li>\n<li style=\"font-weight: 400;\" aria-level=\"1\"><span style=\"font-weight: 400;\">Sergantiems struvit\u0173 akmenlige ar pankreatitu.<\/span><\/li>\n<li style=\"font-weight: 400;\" aria-level=\"1\"><span style=\"font-weight: 400;\">Sergantiems hiperlipidemija.<\/span><\/li>\n<\/ul>\n<\/li>\n<\/ul>\n","protected":false},"excerpt":{"rendered":"<p><span style=\"font-weight: 400;\">Specialiai sukurtas konservuotas pa\u0161aras \u0161unims, turintiems \u0161irdies, inkst\u0173 ar kepen\u0173 sutrikim\u0173. Jo sud\u0117tis pritaikyta lig\u0173 simptom\u0173 palengvinimui, u\u017etikrinant ger\u0105 skon\u012f net ir suma\u017e\u0117jusio apetito \u0161unims.<\/span><\/p>\n","protected":false},"featured_media":11879,"template":"","meta":[],"product_brand":[],"product_cat":[101,103,107,321],"product_tag":[],"class_list":{"0":"post-11878","1":"product","2":"type-product","3":"status-publish","4":"has-post-thumbnail","6":"product_cat-sunims","7":"product_cat-sunu-maistas","8":"product_cat-veterinarine-dieta","9":"product_cat-specific-sunu-maistas","10":"pa_prekinis-zenklas-specific","12":"first","13":"instock","14":"sale","15":"taxable","16":"shipping-taxable","17":"purchasable","18":"product-type-variable"},"yoast_head":"<!-- This site is optimized with the Yoast SEO Premium plugin v27.1 (Yoast SEO v27.5) - https:\/\/yoast.com\/product\/yoast-seo-premium-wordpress\/ -->\n<title>SPECIFIC\u2122 CKW konservas \u0161unims, turintiems \u0161irdies ir inkst\u0173 problem\u0173 - anivet.lt<\/title>\n<meta name=\"description\" content=\"Specialiai sukurtas konservuotas pa\u0161aras \u0161unims, turintiems \u0161irdies, inkst\u0173 ar kepen\u0173 sutrikim\u0173. Jo sud\u0117tis pritaikyta lig\u0173 simptom\u0173 palengvinimui, u\u017etikrinant ger\u0105 skon\u012f net ir suma\u017e\u0117jusio apetito \u0161unims.\" \/>\n<meta name=\"robots\" content=\"index, follow, max-snippet:-1, max-image-preview:large, max-video-preview:-1\" \/>\n<link rel=\"canonical\" href=\"https:\/\/anivet.lt\/elparduotuve\/produktas\/specific-ckw-konservas-sunims-turintiems-sirdies-ir-inkstu-problemu\/\" \/>\n<meta property=\"og:locale\" content=\"lt_LT\" \/>\n<meta property=\"og:type\" content=\"article\" \/>\n<meta property=\"og:title\" content=\"SPECIFIC\u2122 CKW konservas \u0161unims, turintiems \u0161irdies ir inkst\u0173 problem\u0173\" \/>\n<meta property=\"og:description\" content=\"Specialiai sukurtas konservuotas pa\u0161aras \u0161unims, turintiems \u0161irdies, inkst\u0173 ar kepen\u0173 sutrikim\u0173. Jo sud\u0117tis pritaikyta lig\u0173 simptom\u0173 palengvinimui, u\u017etikrinant ger\u0105 skon\u012f net ir suma\u017e\u0117jusio apetito \u0161unims.\" \/>\n<meta property=\"og:url\" content=\"https:\/\/anivet.lt\/elparduotuve\/produktas\/specific-ckw-konservas-sunims-turintiems-sirdies-ir-inkstu-problemu\/\" \/>\n<meta property=\"og:site_name\" content=\"anivet.lt\" \/>\n<meta property=\"article:modified_time\" content=\"2026-05-14T08:38:58+00:00\" \/>\n<meta property=\"og:image\" content=\"https:\/\/anivet.lt\/elparduotuve\/wp-content\/uploads\/2023\/09\/TtT5K9mbdi5zqcdDmnIUbC7qyYQloPx1jP56W986.png\" \/>\n\t<meta property=\"og:image:width\" content=\"2000\" \/>\n\t<meta property=\"og:image:height\" content=\"1458\" \/>\n\t<meta property=\"og:image:type\" content=\"image\/png\" \/>\n<meta name=\"twitter:card\" content=\"summary_large_image\" \/>\n<meta name=\"twitter:label1\" content=\"Est. reading time\" \/>\n\t<meta name=\"twitter:data1\" content=\"1 minut\u0117\" \/>\n<script type=\"application\/ld+json\" class=\"yoast-schema-graph\">{\"@context\":\"https:\\\/\\\/schema.org\",\"@graph\":[{\"@type\":\"WebPage\",\"@id\":\"https:\\\/\\\/anivet.lt\\\/elparduotuve\\\/produktas\\\/specific-ckw-konservas-sunims-turintiems-sirdies-ir-inkstu-problemu\\\/\",\"url\":\"https:\\\/\\\/anivet.lt\\\/elparduotuve\\\/produktas\\\/specific-ckw-konservas-sunims-turintiems-sirdies-ir-inkstu-problemu\\\/\",\"name\":\"SPECIFIC\u2122 CKW konservas \u0161unims, turintiems \u0161irdies ir inkst\u0173 problem\u0173 - anivet.lt\",\"isPartOf\":{\"@id\":\"https:\\\/\\\/anivet.lt\\\/elparduotuve\\\/#website\"},\"primaryImageOfPage\":{\"@id\":\"https:\\\/\\\/anivet.lt\\\/elparduotuve\\\/produktas\\\/specific-ckw-konservas-sunims-turintiems-sirdies-ir-inkstu-problemu\\\/#primaryimage\"},\"image\":{\"@id\":\"https:\\\/\\\/anivet.lt\\\/elparduotuve\\\/produktas\\\/specific-ckw-konservas-sunims-turintiems-sirdies-ir-inkstu-problemu\\\/#primaryimage\"},\"thumbnailUrl\":\"https:\\\/\\\/anivet.lt\\\/elparduotuve\\\/wp-content\\\/uploads\\\/2023\\\/09\\\/TtT5K9mbdi5zqcdDmnIUbC7qyYQloPx1jP56W986.png\",\"datePublished\":\"2023-09-20T14:06:03+00:00\",\"dateModified\":\"2026-05-14T08:38:58+00:00\",\"description\":\"Specialiai sukurtas konservuotas pa\u0161aras \u0161unims, turintiems \u0161irdies, inkst\u0173 ar kepen\u0173 sutrikim\u0173. Jo sud\u0117tis pritaikyta lig\u0173 simptom\u0173 palengvinimui, u\u017etikrinant ger\u0105 skon\u012f net ir suma\u017e\u0117jusio apetito \u0161unims.\",\"breadcrumb\":{\"@id\":\"https:\\\/\\\/anivet.lt\\\/elparduotuve\\\/produktas\\\/specific-ckw-konservas-sunims-turintiems-sirdies-ir-inkstu-problemu\\\/#breadcrumb\"},\"inLanguage\":\"lt-LT\",\"potentialAction\":[{\"@type\":\"ReadAction\",\"target\":[\"https:\\\/\\\/anivet.lt\\\/elparduotuve\\\/produktas\\\/specific-ckw-konservas-sunims-turintiems-sirdies-ir-inkstu-problemu\\\/\"]}]},{\"@type\":\"ImageObject\",\"inLanguage\":\"lt-LT\",\"@id\":\"https:\\\/\\\/anivet.lt\\\/elparduotuve\\\/produktas\\\/specific-ckw-konservas-sunims-turintiems-sirdies-ir-inkstu-problemu\\\/#primaryimage\",\"url\":\"https:\\\/\\\/anivet.lt\\\/elparduotuve\\\/wp-content\\\/uploads\\\/2023\\\/09\\\/TtT5K9mbdi5zqcdDmnIUbC7qyYQloPx1jP56W986.png\",\"contentUrl\":\"https:\\\/\\\/anivet.lt\\\/elparduotuve\\\/wp-content\\\/uploads\\\/2023\\\/09\\\/TtT5K9mbdi5zqcdDmnIUbC7qyYQloPx1jP56W986.png\",\"width\":2000,\"height\":1458,\"caption\":\"SPECIFIC\u2122 CKW konservas \u0161unims, turintiems \u0161irdies ir inkst\u0173 problem\u0173\"},{\"@type\":\"BreadcrumbList\",\"@id\":\"https:\\\/\\\/anivet.lt\\\/elparduotuve\\\/produktas\\\/specific-ckw-konservas-sunims-turintiems-sirdies-ir-inkstu-problemu\\\/#breadcrumb\",\"itemListElement\":[{\"@type\":\"ListItem\",\"position\":1,\"name\":\"Home\",\"item\":\"https:\\\/\\\/anivet.lt\\\/elparduotuve\\\/\"},{\"@type\":\"ListItem\",\"position\":2,\"name\":\"Produktai\",\"item\":\"https:\\\/\\\/anivet.lt\\\/elparduotuve\\\/produktai\\\/\"},{\"@type\":\"ListItem\",\"position\":3,\"name\":\"SPECIFIC\u2122 CKW konservas \u0161unims, turintiems \u0161irdies ir inkst\u0173 problem\u0173\"}]},{\"@type\":\"WebSite\",\"@id\":\"https:\\\/\\\/anivet.lt\\\/elparduotuve\\\/#website\",\"url\":\"https:\\\/\\\/anivet.lt\\\/elparduotuve\\\/\",\"name\":\"anivet.lt\",\"description\":\"Viskas J\u016bs\u0173 \u0161uns, kat\u0117s prie\u017ei\u016brai\",\"publisher\":{\"@id\":\"https:\\\/\\\/anivet.lt\\\/elparduotuve\\\/#organization\"},\"alternateName\":\"Viskas J\u016bs\u0173 \u0161uns, kat\u0117s prie\u017ei\u016brai\",\"potentialAction\":[{\"@type\":\"SearchAction\",\"target\":{\"@type\":\"EntryPoint\",\"urlTemplate\":\"https:\\\/\\\/anivet.lt\\\/elparduotuve\\\/?s={search_term_string}\"},\"query-input\":{\"@type\":\"PropertyValueSpecification\",\"valueRequired\":true,\"valueName\":\"search_term_string\"}}],\"inLanguage\":\"lt-LT\"},{\"@type\":\"Organization\",\"@id\":\"https:\\\/\\\/anivet.lt\\\/elparduotuve\\\/#organization\",\"name\":\"Viskas J\u016bs\u0173 \u0161uns, kat\u0117s prie\u017ei\u016brai\",\"url\":\"https:\\\/\\\/anivet.lt\\\/elparduotuve\\\/\",\"logo\":{\"@type\":\"ImageObject\",\"inLanguage\":\"lt-LT\",\"@id\":\"https:\\\/\\\/anivet.lt\\\/elparduotuve\\\/#\\\/schema\\\/logo\\\/image\\\/\",\"url\":\"https:\\\/\\\/anivet.lt\\\/elparduotuve\\\/wp-content\\\/uploads\\\/2023\\\/06\\\/logo2.jpg\",\"contentUrl\":\"https:\\\/\\\/anivet.lt\\\/elparduotuve\\\/wp-content\\\/uploads\\\/2023\\\/06\\\/logo2.jpg\",\"width\":655,\"height\":194,\"caption\":\"Viskas J\u016bs\u0173 \u0161uns, kat\u0117s prie\u017ei\u016brai\"},\"image\":{\"@id\":\"https:\\\/\\\/anivet.lt\\\/elparduotuve\\\/#\\\/schema\\\/logo\\\/image\\\/\"}}]}<\/script>\n<!-- \/ Yoast SEO Premium plugin. -->","yoast_head_json":{"title":"SPECIFIC\u2122 CKW konservas \u0161unims, turintiems \u0161irdies ir inkst\u0173 problem\u0173 - anivet.lt","description":"Specialiai sukurtas konservuotas pa\u0161aras \u0161unims, turintiems \u0161irdies, inkst\u0173 ar kepen\u0173 sutrikim\u0173. Jo sud\u0117tis pritaikyta lig\u0173 simptom\u0173 palengvinimui, u\u017etikrinant ger\u0105 skon\u012f net ir suma\u017e\u0117jusio apetito \u0161unims.","robots":{"index":"index","follow":"follow","max-snippet":"max-snippet:-1","max-image-preview":"max-image-preview:large","max-video-preview":"max-video-preview:-1"},"canonical":"https:\/\/anivet.lt\/elparduotuve\/produktas\/specific-ckw-konservas-sunims-turintiems-sirdies-ir-inkstu-problemu\/","og_locale":"lt_LT","og_type":"article","og_title":"SPECIFIC\u2122 CKW konservas \u0161unims, turintiems \u0161irdies ir inkst\u0173 problem\u0173","og_description":"Specialiai sukurtas konservuotas pa\u0161aras \u0161unims, turintiems \u0161irdies, inkst\u0173 ar kepen\u0173 sutrikim\u0173. Jo sud\u0117tis pritaikyta lig\u0173 simptom\u0173 palengvinimui, u\u017etikrinant ger\u0105 skon\u012f net ir suma\u017e\u0117jusio apetito \u0161unims.","og_url":"https:\/\/anivet.lt\/elparduotuve\/produktas\/specific-ckw-konservas-sunims-turintiems-sirdies-ir-inkstu-problemu\/","og_site_name":"anivet.lt","article_modified_time":"2026-05-14T08:38:58+00:00","og_image":[{"width":2000,"height":1458,"url":"https:\/\/anivet.lt\/elparduotuve\/wp-content\/uploads\/2023\/09\/TtT5K9mbdi5zqcdDmnIUbC7qyYQloPx1jP56W986.png","type":"image\/png"}],"twitter_card":"summary_large_image","twitter_misc":{"Est. reading time":"1 minut\u0117"},"schema":{"@context":"https:\/\/schema.org","@graph":[{"@type":"WebPage","@id":"https:\/\/anivet.lt\/elparduotuve\/produktas\/specific-ckw-konservas-sunims-turintiems-sirdies-ir-inkstu-problemu\/","url":"https:\/\/anivet.lt\/elparduotuve\/produktas\/specific-ckw-konservas-sunims-turintiems-sirdies-ir-inkstu-problemu\/","name":"SPECIFIC\u2122 CKW konservas \u0161unims, turintiems \u0161irdies ir inkst\u0173 problem\u0173 - anivet.lt","isPartOf":{"@id":"https:\/\/anivet.lt\/elparduotuve\/#website"},"primaryImageOfPage":{"@id":"https:\/\/anivet.lt\/elparduotuve\/produktas\/specific-ckw-konservas-sunims-turintiems-sirdies-ir-inkstu-problemu\/#primaryimage"},"image":{"@id":"https:\/\/anivet.lt\/elparduotuve\/produktas\/specific-ckw-konservas-sunims-turintiems-sirdies-ir-inkstu-problemu\/#primaryimage"},"thumbnailUrl":"https:\/\/anivet.lt\/elparduotuve\/wp-content\/uploads\/2023\/09\/TtT5K9mbdi5zqcdDmnIUbC7qyYQloPx1jP56W986.png","datePublished":"2023-09-20T14:06:03+00:00","dateModified":"2026-05-14T08:38:58+00:00","description":"Specialiai sukurtas konservuotas pa\u0161aras \u0161unims, turintiems \u0161irdies, inkst\u0173 ar kepen\u0173 sutrikim\u0173. Jo sud\u0117tis pritaikyta lig\u0173 simptom\u0173 palengvinimui, u\u017etikrinant ger\u0105 skon\u012f net ir suma\u017e\u0117jusio apetito \u0161unims.","breadcrumb":{"@id":"https:\/\/anivet.lt\/elparduotuve\/produktas\/specific-ckw-konservas-sunims-turintiems-sirdies-ir-inkstu-problemu\/#breadcrumb"},"inLanguage":"lt-LT","potentialAction":[{"@type":"ReadAction","target":["https:\/\/anivet.lt\/elparduotuve\/produktas\/specific-ckw-konservas-sunims-turintiems-sirdies-ir-inkstu-problemu\/"]}]},{"@type":"ImageObject","inLanguage":"lt-LT","@id":"https:\/\/anivet.lt\/elparduotuve\/produktas\/specific-ckw-konservas-sunims-turintiems-sirdies-ir-inkstu-problemu\/#primaryimage","url":"https:\/\/anivet.lt\/elparduotuve\/wp-content\/uploads\/2023\/09\/TtT5K9mbdi5zqcdDmnIUbC7qyYQloPx1jP56W986.png","contentUrl":"https:\/\/anivet.lt\/elparduotuve\/wp-content\/uploads\/2023\/09\/TtT5K9mbdi5zqcdDmnIUbC7qyYQloPx1jP56W986.png","width":2000,"height":1458,"caption":"SPECIFIC\u2122 CKW konservas \u0161unims, turintiems \u0161irdies ir inkst\u0173 problem\u0173"},{"@type":"BreadcrumbList","@id":"https:\/\/anivet.lt\/elparduotuve\/produktas\/specific-ckw-konservas-sunims-turintiems-sirdies-ir-inkstu-problemu\/#breadcrumb","itemListElement":[{"@type":"ListItem","position":1,"name":"Home","item":"https:\/\/anivet.lt\/elparduotuve\/"},{"@type":"ListItem","position":2,"name":"Produktai","item":"https:\/\/anivet.lt\/elparduotuve\/produktai\/"},{"@type":"ListItem","position":3,"name":"SPECIFIC\u2122 CKW konservas \u0161unims, turintiems \u0161irdies ir inkst\u0173 problem\u0173"}]},{"@type":"WebSite","@id":"https:\/\/anivet.lt\/elparduotuve\/#website","url":"https:\/\/anivet.lt\/elparduotuve\/","name":"anivet.lt","description":"Viskas J\u016bs\u0173 \u0161uns, kat\u0117s prie\u017ei\u016brai","publisher":{"@id":"https:\/\/anivet.lt\/elparduotuve\/#organization"},"alternateName":"Viskas J\u016bs\u0173 \u0161uns, kat\u0117s prie\u017ei\u016brai","potentialAction":[{"@type":"SearchAction","target":{"@type":"EntryPoint","urlTemplate":"https:\/\/anivet.lt\/elparduotuve\/?s={search_term_string}"},"query-input":{"@type":"PropertyValueSpecification","valueRequired":true,"valueName":"search_term_string"}}],"inLanguage":"lt-LT"},{"@type":"Organization","@id":"https:\/\/anivet.lt\/elparduotuve\/#organization","name":"Viskas J\u016bs\u0173 \u0161uns, kat\u0117s prie\u017ei\u016brai","url":"https:\/\/anivet.lt\/elparduotuve\/","logo":{"@type":"ImageObject","inLanguage":"lt-LT","@id":"https:\/\/anivet.lt\/elparduotuve\/#\/schema\/logo\/image\/","url":"https:\/\/anivet.lt\/elparduotuve\/wp-content\/uploads\/2023\/06\/logo2.jpg","contentUrl":"https:\/\/anivet.lt\/elparduotuve\/wp-content\/uploads\/2023\/06\/logo2.jpg","width":655,"height":194,"caption":"Viskas J\u016bs\u0173 \u0161uns, kat\u0117s prie\u017ei\u016brai"},"image":{"@id":"https:\/\/anivet.lt\/elparduotuve\/#\/schema\/logo\/image\/"}}]}},"_links":{"self":[{"href":"https:\/\/anivet.lt\/elparduotuve\/wp-json\/wp\/v2\/product\/11878","targetHints":{"allow":["GET"]}}],"collection":[{"href":"https:\/\/anivet.lt\/elparduotuve\/wp-json\/wp\/v2\/product"}],"about":[{"href":"https:\/\/anivet.lt\/elparduotuve\/wp-json\/wp\/v2\/types\/product"}],"wp:featuredmedia":[{"embeddable":true,"href":"https:\/\/anivet.lt\/elparduotuve\/wp-json\/wp\/v2\/media\/11879"}],"wp:attachment":[{"href":"https:\/\/anivet.lt\/elparduotuve\/wp-json\/wp\/v2\/media?parent=11878"}],"wp:term":[{"taxonomy":"product_brand","embeddable":true,"href":"https:\/\/anivet.lt\/elparduotuve\/wp-json\/wp\/v2\/product_brand?post=11878"},{"taxonomy":"product_cat","embeddable":true,"href":"https:\/\/anivet.lt\/elparduotuve\/wp-json\/wp\/v2\/product_cat?post=11878"},{"taxonomy":"product_tag","embeddable":true,"href":"https:\/\/anivet.lt\/elparduotuve\/wp-json\/wp\/v2\/product_tag?post=11878"}],"curies":[{"name":"wp","href":"https:\/\/api.w.org\/{rel}","templated":true}]}}