{"id":11884,"date":"2023-09-21T06:01:40","date_gmt":"2023-09-21T06:01:40","guid":{"rendered":"https:\/\/anivet.lt\/elparduotuve\/?post_type=product&#038;p=11884"},"modified":"2026-04-16T09:52:59","modified_gmt":"2026-04-16T09:52:59","slug":"specific-cdw-konservas-sunims-turintiems-alergija-maistui","status":"publish","type":"product","link":"https:\/\/anivet.lt\/elparduotuve\/produktas\/specific-cdw-konservas-sunims-turintiems-alergija-maistui\/","title":{"rendered":"SPECIFIC\u2122 CDW konservas \u0161unims, turintiems alergij\u0105 maistui"},"content":{"rendered":"<ul>\n<li>\n<ul>\n<li style=\"font-weight: 400;\" aria-level=\"1\"><span style=\"font-weight: 400;\">Hipoalerginis receptas: Sud\u0117tyje tik \u0117riena ir ry\u017eiai \u2013 ingredientai, kurie retai sukelia alergines reakcijas.<\/span><\/li>\n<li style=\"font-weight: 400;\" aria-level=\"1\"><span style=\"font-weight: 400;\">Vir\u0161kinimo sistemos palaikymas: Gyslo\u010dio s\u0117kl\u0173 luobel\u0117s padeda reguliuoti vir\u0161kinimo veikl\u0105 ir ma\u017einti viduriavimo simptomus.<\/span><\/li>\n<li style=\"font-weight: 400;\" aria-level=\"1\"><span style=\"font-weight: 400;\">Lengvai vir\u0161kinamos sudedamosios dalys: Puikiai tinka \u0161unims, turintiems jautri\u0105 vir\u0161kinimo sistem\u0105 ar kasos ferment\u0173 tr\u016bkum\u0105.<\/span><\/li>\n<li style=\"font-weight: 400;\" aria-level=\"1\"><span style=\"font-weight: 400;\">Patogus naudojimas: Alternatyva namuose ruo\u0161iamam hipoalerginiam maistui, u\u017etikrinanti balans\u0105 ir lengvum\u0105.<\/span><\/li>\n<li style=\"font-weight: 400;\" aria-level=\"1\"><span style=\"font-weight: 400;\">Odos ir kailio prie\u017ei\u016bra: Praturtintas \u017euv\u0173 taukais ir saul\u0117gr\u0105\u017e\u0173 aliejumi, skatinan\u010diais sveikos odos ir kailio b\u016bkl\u0119.<\/span><\/li>\n<\/ul>\n<p><span style=\"font-weight: 400;\">\u0160is pa\u0161aras sukurtas atsi\u017evelgiant \u012f \u0161un\u0173 su alergija ar netolerancija maistui poreikius, tod\u0117l yra idealus pasirinkimas norint suma\u017einti alergini\u0173 reakcij\u0173 rizik\u0105 ir palaikyti sveik\u0105 vir\u0161kinimo sistem\u0105. Tai patikimas sprendimas \u0161unims, ken\u010diantiems nuo viduriavimo, v\u0117mimo ar kit\u0173 su vir\u0161kinimu susijusi\u0173 problem\u0173.<\/span><\/li>\n<li><strong>Nerekomenduojama:<\/strong>\n<ul>\n<li>\u0160uniukams ir \u0161uningoms arba \u017eindan\u010dioms kal\u0117ms.<\/li>\n<li>\u0160unims su diagnozuotu jautrumu \u0117rienai\/ry\u017eiams<\/li>\n<\/ul>\n<\/li>\n<\/ul>\n","protected":false},"excerpt":{"rendered":"<p><span style=\"font-weight: 400;\">Visavertis konservuotas pa\u0161aras, specialiai sukurtas \u0161unims, kurie patiria neigiam\u0105 reakcij\u0105 \u012f maist\u0105, sukelian\u010di\u0105 odos arba vir\u0161kinimo problem\u0173. \u0160is pa\u0161aras puikiai tinka \u0161unims, turintiems malabsorbcijos, prasto vir\u0161kinimo ar kasos egzokrinin\u0117s funkcijos nepakankamumo (EPI) simptomus.<\/span><\/p>\n","protected":false},"featured_media":11885,"template":"","meta":[],"product_brand":[],"product_cat":[101,103,107,321],"product_tag":[],"class_list":{"0":"post-11884","1":"product","2":"type-product","3":"status-publish","4":"has-post-thumbnail","6":"product_cat-sunims","7":"product_cat-sunu-maistas","8":"product_cat-veterinarine-dieta","9":"product_cat-specific-sunu-maistas","10":"pa_prekinis-zenklas-specific","12":"first","13":"instock","14":"sale","15":"taxable","16":"shipping-taxable","17":"purchasable","18":"product-type-variable"},"yoast_head":"<!-- This site is optimized with the Yoast SEO Premium plugin v27.1 (Yoast SEO v27.5) - https:\/\/yoast.com\/product\/yoast-seo-premium-wordpress\/ -->\n<title>SPECIFIC\u2122 CDW konservas \u0161unims, turintiems alergij\u0105 maistui - anivet.lt<\/title>\n<meta name=\"description\" content=\"Visavertis konservuotas pa\u0161aras, specialiai sukurtas \u0161unims, kurie patiria neigiam\u0105 reakcij\u0105 \u012f maist\u0105, sukelian\u010di\u0105 odos arba vir\u0161kinimo problem\u0173. \u0160is pa\u0161aras puikiai tinka \u0161unims, turintiems malabsorbcijos, prasto vir\u0161kinimo ar kasos egzokrinin\u0117s funkcijos nepakankamumo (EPI) simptomus.\" \/>\n<meta name=\"robots\" content=\"index, follow, max-snippet:-1, max-image-preview:large, max-video-preview:-1\" \/>\n<link rel=\"canonical\" href=\"https:\/\/anivet.lt\/elparduotuve\/produktas\/specific-cdw-konservas-sunims-turintiems-alergija-maistui\/\" \/>\n<meta property=\"og:locale\" content=\"lt_LT\" \/>\n<meta property=\"og:type\" content=\"article\" \/>\n<meta property=\"og:title\" content=\"SPECIFIC\u2122 CDW konservas \u0161unims, turintiems alergij\u0105 maistui\" \/>\n<meta property=\"og:description\" content=\"Visavertis konservuotas pa\u0161aras, specialiai sukurtas \u0161unims, kurie patiria neigiam\u0105 reakcij\u0105 \u012f maist\u0105, sukelian\u010di\u0105 odos arba vir\u0161kinimo problem\u0173. \u0160is pa\u0161aras puikiai tinka \u0161unims, turintiems malabsorbcijos, prasto vir\u0161kinimo ar kasos egzokrinin\u0117s funkcijos nepakankamumo (EPI) simptomus.\" \/>\n<meta property=\"og:url\" content=\"https:\/\/anivet.lt\/elparduotuve\/produktas\/specific-cdw-konservas-sunims-turintiems-alergija-maistui\/\" \/>\n<meta property=\"og:site_name\" content=\"anivet.lt\" \/>\n<meta property=\"article:modified_time\" content=\"2026-04-16T09:52:59+00:00\" \/>\n<meta property=\"og:image\" content=\"https:\/\/anivet.lt\/elparduotuve\/wp-content\/uploads\/2023\/09\/aqrohDl6zUNbzxYA8BolBJYX7F35vooo6hLxTejj.png\" \/>\n\t<meta property=\"og:image:width\" content=\"2000\" \/>\n\t<meta property=\"og:image:height\" content=\"1458\" \/>\n\t<meta property=\"og:image:type\" content=\"image\/png\" \/>\n<meta name=\"twitter:card\" content=\"summary_large_image\" \/>\n<meta name=\"twitter:label1\" content=\"Est. reading time\" \/>\n\t<meta name=\"twitter:data1\" content=\"1 minut\u0117\" \/>\n<script type=\"application\/ld+json\" class=\"yoast-schema-graph\">{\"@context\":\"https:\\\/\\\/schema.org\",\"@graph\":[{\"@type\":\"WebPage\",\"@id\":\"https:\\\/\\\/anivet.lt\\\/elparduotuve\\\/produktas\\\/specific-cdw-konservas-sunims-turintiems-alergija-maistui\\\/\",\"url\":\"https:\\\/\\\/anivet.lt\\\/elparduotuve\\\/produktas\\\/specific-cdw-konservas-sunims-turintiems-alergija-maistui\\\/\",\"name\":\"SPECIFIC\u2122 CDW konservas \u0161unims, turintiems alergij\u0105 maistui - anivet.lt\",\"isPartOf\":{\"@id\":\"https:\\\/\\\/anivet.lt\\\/elparduotuve\\\/#website\"},\"primaryImageOfPage\":{\"@id\":\"https:\\\/\\\/anivet.lt\\\/elparduotuve\\\/produktas\\\/specific-cdw-konservas-sunims-turintiems-alergija-maistui\\\/#primaryimage\"},\"image\":{\"@id\":\"https:\\\/\\\/anivet.lt\\\/elparduotuve\\\/produktas\\\/specific-cdw-konservas-sunims-turintiems-alergija-maistui\\\/#primaryimage\"},\"thumbnailUrl\":\"https:\\\/\\\/anivet.lt\\\/elparduotuve\\\/wp-content\\\/uploads\\\/2023\\\/09\\\/aqrohDl6zUNbzxYA8BolBJYX7F35vooo6hLxTejj.png\",\"datePublished\":\"2023-09-21T06:01:40+00:00\",\"dateModified\":\"2026-04-16T09:52:59+00:00\",\"description\":\"Visavertis konservuotas pa\u0161aras, specialiai sukurtas \u0161unims, kurie patiria neigiam\u0105 reakcij\u0105 \u012f maist\u0105, sukelian\u010di\u0105 odos arba vir\u0161kinimo problem\u0173. \u0160is pa\u0161aras puikiai tinka \u0161unims, turintiems malabsorbcijos, prasto vir\u0161kinimo ar kasos egzokrinin\u0117s funkcijos nepakankamumo (EPI) simptomus.\",\"breadcrumb\":{\"@id\":\"https:\\\/\\\/anivet.lt\\\/elparduotuve\\\/produktas\\\/specific-cdw-konservas-sunims-turintiems-alergija-maistui\\\/#breadcrumb\"},\"inLanguage\":\"lt-LT\",\"potentialAction\":[{\"@type\":\"ReadAction\",\"target\":[\"https:\\\/\\\/anivet.lt\\\/elparduotuve\\\/produktas\\\/specific-cdw-konservas-sunims-turintiems-alergija-maistui\\\/\"]}]},{\"@type\":\"ImageObject\",\"inLanguage\":\"lt-LT\",\"@id\":\"https:\\\/\\\/anivet.lt\\\/elparduotuve\\\/produktas\\\/specific-cdw-konservas-sunims-turintiems-alergija-maistui\\\/#primaryimage\",\"url\":\"https:\\\/\\\/anivet.lt\\\/elparduotuve\\\/wp-content\\\/uploads\\\/2023\\\/09\\\/aqrohDl6zUNbzxYA8BolBJYX7F35vooo6hLxTejj.png\",\"contentUrl\":\"https:\\\/\\\/anivet.lt\\\/elparduotuve\\\/wp-content\\\/uploads\\\/2023\\\/09\\\/aqrohDl6zUNbzxYA8BolBJYX7F35vooo6hLxTejj.png\",\"width\":2000,\"height\":1458,\"caption\":\"SPECIFIC\u2122 CDW konservas \u0161unims, turintiems alergij\u0105 maistui\"},{\"@type\":\"BreadcrumbList\",\"@id\":\"https:\\\/\\\/anivet.lt\\\/elparduotuve\\\/produktas\\\/specific-cdw-konservas-sunims-turintiems-alergija-maistui\\\/#breadcrumb\",\"itemListElement\":[{\"@type\":\"ListItem\",\"position\":1,\"name\":\"Home\",\"item\":\"https:\\\/\\\/anivet.lt\\\/elparduotuve\\\/\"},{\"@type\":\"ListItem\",\"position\":2,\"name\":\"Produktai\",\"item\":\"https:\\\/\\\/anivet.lt\\\/elparduotuve\\\/produktai\\\/\"},{\"@type\":\"ListItem\",\"position\":3,\"name\":\"SPECIFIC\u2122 CDW konservas \u0161unims, turintiems alergij\u0105 maistui\"}]},{\"@type\":\"WebSite\",\"@id\":\"https:\\\/\\\/anivet.lt\\\/elparduotuve\\\/#website\",\"url\":\"https:\\\/\\\/anivet.lt\\\/elparduotuve\\\/\",\"name\":\"anivet.lt\",\"description\":\"Viskas J\u016bs\u0173 \u0161uns, kat\u0117s prie\u017ei\u016brai\",\"publisher\":{\"@id\":\"https:\\\/\\\/anivet.lt\\\/elparduotuve\\\/#organization\"},\"alternateName\":\"Viskas J\u016bs\u0173 \u0161uns, kat\u0117s prie\u017ei\u016brai\",\"potentialAction\":[{\"@type\":\"SearchAction\",\"target\":{\"@type\":\"EntryPoint\",\"urlTemplate\":\"https:\\\/\\\/anivet.lt\\\/elparduotuve\\\/?s={search_term_string}\"},\"query-input\":{\"@type\":\"PropertyValueSpecification\",\"valueRequired\":true,\"valueName\":\"search_term_string\"}}],\"inLanguage\":\"lt-LT\"},{\"@type\":\"Organization\",\"@id\":\"https:\\\/\\\/anivet.lt\\\/elparduotuve\\\/#organization\",\"name\":\"Viskas J\u016bs\u0173 \u0161uns, kat\u0117s prie\u017ei\u016brai\",\"url\":\"https:\\\/\\\/anivet.lt\\\/elparduotuve\\\/\",\"logo\":{\"@type\":\"ImageObject\",\"inLanguage\":\"lt-LT\",\"@id\":\"https:\\\/\\\/anivet.lt\\\/elparduotuve\\\/#\\\/schema\\\/logo\\\/image\\\/\",\"url\":\"https:\\\/\\\/anivet.lt\\\/elparduotuve\\\/wp-content\\\/uploads\\\/2023\\\/06\\\/logo2.jpg\",\"contentUrl\":\"https:\\\/\\\/anivet.lt\\\/elparduotuve\\\/wp-content\\\/uploads\\\/2023\\\/06\\\/logo2.jpg\",\"width\":655,\"height\":194,\"caption\":\"Viskas J\u016bs\u0173 \u0161uns, kat\u0117s prie\u017ei\u016brai\"},\"image\":{\"@id\":\"https:\\\/\\\/anivet.lt\\\/elparduotuve\\\/#\\\/schema\\\/logo\\\/image\\\/\"}}]}<\/script>\n<!-- \/ Yoast SEO Premium plugin. -->","yoast_head_json":{"title":"SPECIFIC\u2122 CDW konservas \u0161unims, turintiems alergij\u0105 maistui - anivet.lt","description":"Visavertis konservuotas pa\u0161aras, specialiai sukurtas \u0161unims, kurie patiria neigiam\u0105 reakcij\u0105 \u012f maist\u0105, sukelian\u010di\u0105 odos arba vir\u0161kinimo problem\u0173. \u0160is pa\u0161aras puikiai tinka \u0161unims, turintiems malabsorbcijos, prasto vir\u0161kinimo ar kasos egzokrinin\u0117s funkcijos nepakankamumo (EPI) simptomus.","robots":{"index":"index","follow":"follow","max-snippet":"max-snippet:-1","max-image-preview":"max-image-preview:large","max-video-preview":"max-video-preview:-1"},"canonical":"https:\/\/anivet.lt\/elparduotuve\/produktas\/specific-cdw-konservas-sunims-turintiems-alergija-maistui\/","og_locale":"lt_LT","og_type":"article","og_title":"SPECIFIC\u2122 CDW konservas \u0161unims, turintiems alergij\u0105 maistui","og_description":"Visavertis konservuotas pa\u0161aras, specialiai sukurtas \u0161unims, kurie patiria neigiam\u0105 reakcij\u0105 \u012f maist\u0105, sukelian\u010di\u0105 odos arba vir\u0161kinimo problem\u0173. \u0160is pa\u0161aras puikiai tinka \u0161unims, turintiems malabsorbcijos, prasto vir\u0161kinimo ar kasos egzokrinin\u0117s funkcijos nepakankamumo (EPI) simptomus.","og_url":"https:\/\/anivet.lt\/elparduotuve\/produktas\/specific-cdw-konservas-sunims-turintiems-alergija-maistui\/","og_site_name":"anivet.lt","article_modified_time":"2026-04-16T09:52:59+00:00","og_image":[{"width":2000,"height":1458,"url":"https:\/\/anivet.lt\/elparduotuve\/wp-content\/uploads\/2023\/09\/aqrohDl6zUNbzxYA8BolBJYX7F35vooo6hLxTejj.png","type":"image\/png"}],"twitter_card":"summary_large_image","twitter_misc":{"Est. reading time":"1 minut\u0117"},"schema":{"@context":"https:\/\/schema.org","@graph":[{"@type":"WebPage","@id":"https:\/\/anivet.lt\/elparduotuve\/produktas\/specific-cdw-konservas-sunims-turintiems-alergija-maistui\/","url":"https:\/\/anivet.lt\/elparduotuve\/produktas\/specific-cdw-konservas-sunims-turintiems-alergija-maistui\/","name":"SPECIFIC\u2122 CDW konservas \u0161unims, turintiems alergij\u0105 maistui - anivet.lt","isPartOf":{"@id":"https:\/\/anivet.lt\/elparduotuve\/#website"},"primaryImageOfPage":{"@id":"https:\/\/anivet.lt\/elparduotuve\/produktas\/specific-cdw-konservas-sunims-turintiems-alergija-maistui\/#primaryimage"},"image":{"@id":"https:\/\/anivet.lt\/elparduotuve\/produktas\/specific-cdw-konservas-sunims-turintiems-alergija-maistui\/#primaryimage"},"thumbnailUrl":"https:\/\/anivet.lt\/elparduotuve\/wp-content\/uploads\/2023\/09\/aqrohDl6zUNbzxYA8BolBJYX7F35vooo6hLxTejj.png","datePublished":"2023-09-21T06:01:40+00:00","dateModified":"2026-04-16T09:52:59+00:00","description":"Visavertis konservuotas pa\u0161aras, specialiai sukurtas \u0161unims, kurie patiria neigiam\u0105 reakcij\u0105 \u012f maist\u0105, sukelian\u010di\u0105 odos arba vir\u0161kinimo problem\u0173. \u0160is pa\u0161aras puikiai tinka \u0161unims, turintiems malabsorbcijos, prasto vir\u0161kinimo ar kasos egzokrinin\u0117s funkcijos nepakankamumo (EPI) simptomus.","breadcrumb":{"@id":"https:\/\/anivet.lt\/elparduotuve\/produktas\/specific-cdw-konservas-sunims-turintiems-alergija-maistui\/#breadcrumb"},"inLanguage":"lt-LT","potentialAction":[{"@type":"ReadAction","target":["https:\/\/anivet.lt\/elparduotuve\/produktas\/specific-cdw-konservas-sunims-turintiems-alergija-maistui\/"]}]},{"@type":"ImageObject","inLanguage":"lt-LT","@id":"https:\/\/anivet.lt\/elparduotuve\/produktas\/specific-cdw-konservas-sunims-turintiems-alergija-maistui\/#primaryimage","url":"https:\/\/anivet.lt\/elparduotuve\/wp-content\/uploads\/2023\/09\/aqrohDl6zUNbzxYA8BolBJYX7F35vooo6hLxTejj.png","contentUrl":"https:\/\/anivet.lt\/elparduotuve\/wp-content\/uploads\/2023\/09\/aqrohDl6zUNbzxYA8BolBJYX7F35vooo6hLxTejj.png","width":2000,"height":1458,"caption":"SPECIFIC\u2122 CDW konservas \u0161unims, turintiems alergij\u0105 maistui"},{"@type":"BreadcrumbList","@id":"https:\/\/anivet.lt\/elparduotuve\/produktas\/specific-cdw-konservas-sunims-turintiems-alergija-maistui\/#breadcrumb","itemListElement":[{"@type":"ListItem","position":1,"name":"Home","item":"https:\/\/anivet.lt\/elparduotuve\/"},{"@type":"ListItem","position":2,"name":"Produktai","item":"https:\/\/anivet.lt\/elparduotuve\/produktai\/"},{"@type":"ListItem","position":3,"name":"SPECIFIC\u2122 CDW konservas \u0161unims, turintiems alergij\u0105 maistui"}]},{"@type":"WebSite","@id":"https:\/\/anivet.lt\/elparduotuve\/#website","url":"https:\/\/anivet.lt\/elparduotuve\/","name":"anivet.lt","description":"Viskas J\u016bs\u0173 \u0161uns, kat\u0117s prie\u017ei\u016brai","publisher":{"@id":"https:\/\/anivet.lt\/elparduotuve\/#organization"},"alternateName":"Viskas J\u016bs\u0173 \u0161uns, kat\u0117s prie\u017ei\u016brai","potentialAction":[{"@type":"SearchAction","target":{"@type":"EntryPoint","urlTemplate":"https:\/\/anivet.lt\/elparduotuve\/?s={search_term_string}"},"query-input":{"@type":"PropertyValueSpecification","valueRequired":true,"valueName":"search_term_string"}}],"inLanguage":"lt-LT"},{"@type":"Organization","@id":"https:\/\/anivet.lt\/elparduotuve\/#organization","name":"Viskas J\u016bs\u0173 \u0161uns, kat\u0117s prie\u017ei\u016brai","url":"https:\/\/anivet.lt\/elparduotuve\/","logo":{"@type":"ImageObject","inLanguage":"lt-LT","@id":"https:\/\/anivet.lt\/elparduotuve\/#\/schema\/logo\/image\/","url":"https:\/\/anivet.lt\/elparduotuve\/wp-content\/uploads\/2023\/06\/logo2.jpg","contentUrl":"https:\/\/anivet.lt\/elparduotuve\/wp-content\/uploads\/2023\/06\/logo2.jpg","width":655,"height":194,"caption":"Viskas J\u016bs\u0173 \u0161uns, kat\u0117s prie\u017ei\u016brai"},"image":{"@id":"https:\/\/anivet.lt\/elparduotuve\/#\/schema\/logo\/image\/"}}]}},"_links":{"self":[{"href":"https:\/\/anivet.lt\/elparduotuve\/wp-json\/wp\/v2\/product\/11884","targetHints":{"allow":["GET"]}}],"collection":[{"href":"https:\/\/anivet.lt\/elparduotuve\/wp-json\/wp\/v2\/product"}],"about":[{"href":"https:\/\/anivet.lt\/elparduotuve\/wp-json\/wp\/v2\/types\/product"}],"wp:featuredmedia":[{"embeddable":true,"href":"https:\/\/anivet.lt\/elparduotuve\/wp-json\/wp\/v2\/media\/11885"}],"wp:attachment":[{"href":"https:\/\/anivet.lt\/elparduotuve\/wp-json\/wp\/v2\/media?parent=11884"}],"wp:term":[{"taxonomy":"product_brand","embeddable":true,"href":"https:\/\/anivet.lt\/elparduotuve\/wp-json\/wp\/v2\/product_brand?post=11884"},{"taxonomy":"product_cat","embeddable":true,"href":"https:\/\/anivet.lt\/elparduotuve\/wp-json\/wp\/v2\/product_cat?post=11884"},{"taxonomy":"product_tag","embeddable":true,"href":"https:\/\/anivet.lt\/elparduotuve\/wp-json\/wp\/v2\/product_tag?post=11884"}],"curies":[{"name":"wp","href":"https:\/\/api.w.org\/{rel}","templated":true}]}}