{"id":11888,"date":"2023-09-21T06:36:29","date_gmt":"2023-09-21T06:36:29","guid":{"rendered":"https:\/\/anivet.lt\/elparduotuve\/?post_type=product&#038;p=11888"},"modified":"2026-04-16T09:52:45","modified_gmt":"2026-04-16T09:52:45","slug":"specific-cow-hy-konservai-alergiskiems-sunims","status":"publish","type":"product","link":"https:\/\/anivet.lt\/elparduotuve\/produktas\/specific-cow-hy-konservai-alergiskiems-sunims\/","title":{"rendered":"SPECIFIC\u2122 COW-HY konservai alergi\u0161kiems \u0161unims"},"content":{"rendered":"<p><span style=\"font-weight: 400;\">Visavertis, subalansuotas ir hipoalerginis konservuotas maistas, skirtas \u0161unims, kuriems pasirei\u0161kia alergijos maistui ar atopija. Taip pat tinkamas \u0161unims, turintiems vir\u0161kinimo trakto, s\u0105nari\u0173 ar odos problem\u0173.<\/span><\/p>\n<ul>\n<li style=\"font-weight: 400;\" aria-level=\"1\"><span style=\"font-weight: 400;\">Hipoalergin\u0117 formul\u0117: Su hidrolizuotais la\u0161i\u0161os baltymais ir ry\u017eiais, kurie ma\u017eina alergini\u0173 reakcij\u0173 rizik\u0105.<\/span><\/li>\n<li style=\"font-weight: 400;\" aria-level=\"1\"><span style=\"font-weight: 400;\">Didelis omega-3 ir omega-6 kiekis: Gerina odos ir kailio b\u016bkl\u0119, ma\u017eina u\u017edegim\u0105.<\/span><\/li>\n<li style=\"font-weight: 400;\" aria-level=\"1\"><span style=\"font-weight: 400;\">Tinka vir\u0161kinimo problemoms: Ma\u017eo skaidul\u0173 kiekio ir lengvai vir\u0161kinam\u0173 ingredient\u0173 derinys palaiko sveik\u0105 vir\u0161kinim\u0105.<\/span><\/li>\n<li style=\"font-weight: 400;\" aria-level=\"1\"><span style=\"font-weight: 400;\">Papildytas vitaminais ir mineralais: Vitaminai A, E, B grup\u0117s, cinkas ir selenas u\u017etikrina odos ir imunin\u0117s sistemos sveikat\u0105.<\/span><\/li>\n<li style=\"font-weight: 400;\" aria-level=\"1\"><span style=\"font-weight: 400;\">Gali b\u016bti naudojamas su kitais gydymo b\u016bdais: Tinkamas \u0161unims, sergantiems IBD, kolitu, kasos nepakankamumu ar imunini\u0173 sistem\u0173 sutrikimais.<\/span><\/li>\n<li style=\"font-weight: 400;\" aria-level=\"1\"><span style=\"font-weight: 400;\">Poveikis jau\u010diamas greitai: B\u016bkl\u0117s pager\u0117jimas pastebimas per 6-8 savaites.<\/span><\/li>\n<\/ul>\n<p><span style=\"font-weight: 400;\">\u201eSPECIFIC\u2122 COW-HY\u201d konservai yra i\u0161skirtinis sprendimas \u0161unims, ken\u010diantiems nuo alergijos ar atopijos. Auk\u0161tos kokyb\u0117s hidrolizuoti baltymai ir omega r\u016bg\u0161tys ne tik ma\u017eina alerginius simptomus, bet ir u\u017etikrina bendr\u0105 odos, kailio ir vir\u0161kinimo sveikat\u0105. Speciali sud\u0117tis palaiko imunini\u0173 sistem\u0173 veikl\u0105, tod\u0117l \u0161is maistas yra ne tik gydomasis, bet ir sveikatingumo palaikymo pasirinkimas.<\/span><\/p>\n<h3><b>Nerekomenduojama:<\/b><\/h3>\n<ul>\n<li style=\"font-weight: 400;\" aria-level=\"1\"><span style=\"font-weight: 400;\">\u0160unims su imunodeficito sindromu.<\/span><\/li>\n<li style=\"font-weight: 400;\" aria-level=\"1\"><span style=\"font-weight: 400;\">\u0160unims su kraujo kre\u0161\u0117jimo sutrikimais.<\/span><\/li>\n<\/ul>\n","protected":false},"excerpt":{"rendered":"<p>Visavertis, subalansuotas ir hipoalerginis konservuotas maistas, skirtas \u0161unims, kuriems pasirei\u0161kia alergijos maistui ar atopija. Taip pat tinkamas \u0161unims, turintiems vir\u0161kinimo<\/p>\n","protected":false},"featured_media":11889,"template":"","meta":[],"product_brand":[],"product_cat":[101,103,107,321],"product_tag":[],"class_list":{"0":"post-11888","1":"product","2":"type-product","3":"status-publish","4":"has-post-thumbnail","6":"product_cat-sunims","7":"product_cat-sunu-maistas","8":"product_cat-veterinarine-dieta","9":"product_cat-specific-sunu-maistas","10":"pa_prekinis-zenklas-specific","12":"first","13":"instock","14":"sale","15":"taxable","16":"shipping-taxable","17":"purchasable","18":"product-type-variable"},"yoast_head":"<!-- This site is optimized with the Yoast SEO Premium plugin v27.1 (Yoast SEO v27.5) - https:\/\/yoast.com\/product\/yoast-seo-premium-wordpress\/ -->\n<title>SPECIFIC\u2122 COW-HY konservai alergi\u0161kiems \u0161unims - anivet.lt<\/title>\n<meta name=\"description\" content=\"Visavertis, subalansuotas ir hipoalerginis konservuotas maistas, skirtas \u0161unims, kuriems pasirei\u0161kia alergijos maistui ar atopija. Taip pat tinkamas\" \/>\n<meta name=\"robots\" content=\"index, follow, max-snippet:-1, max-image-preview:large, max-video-preview:-1\" \/>\n<link rel=\"canonical\" href=\"https:\/\/anivet.lt\/elparduotuve\/produktas\/specific-cow-hy-konservai-alergiskiems-sunims\/\" \/>\n<meta property=\"og:locale\" content=\"lt_LT\" \/>\n<meta property=\"og:type\" content=\"article\" \/>\n<meta property=\"og:title\" content=\"SPECIFIC\u2122 COW-HY konservai alergi\u0161kiems \u0161unims\" \/>\n<meta property=\"og:description\" content=\"Visavertis, subalansuotas ir hipoalerginis konservuotas maistas, skirtas \u0161unims, kuriems pasirei\u0161kia alergijos maistui ar atopija. Taip pat tinkamas\" \/>\n<meta property=\"og:url\" content=\"https:\/\/anivet.lt\/elparduotuve\/produktas\/specific-cow-hy-konservai-alergiskiems-sunims\/\" \/>\n<meta property=\"og:site_name\" content=\"anivet.lt\" \/>\n<meta property=\"article:modified_time\" content=\"2026-04-16T09:52:45+00:00\" \/>\n<meta property=\"og:image\" content=\"https:\/\/anivet.lt\/elparduotuve\/wp-content\/uploads\/2023\/09\/EnoTvE0dS1MSnOiyEDSxw5cnxio3d9aEf5hchbqc.png\" \/>\n\t<meta property=\"og:image:width\" content=\"2000\" \/>\n\t<meta property=\"og:image:height\" content=\"1458\" \/>\n\t<meta property=\"og:image:type\" content=\"image\/png\" \/>\n<meta name=\"twitter:card\" content=\"summary_large_image\" \/>\n<meta name=\"twitter:label1\" content=\"Est. reading time\" \/>\n\t<meta name=\"twitter:data1\" content=\"2 minut\u0117s\" \/>\n<script type=\"application\/ld+json\" class=\"yoast-schema-graph\">{\"@context\":\"https:\\\/\\\/schema.org\",\"@graph\":[{\"@type\":\"WebPage\",\"@id\":\"https:\\\/\\\/anivet.lt\\\/elparduotuve\\\/produktas\\\/specific-cow-hy-konservai-alergiskiems-sunims\\\/\",\"url\":\"https:\\\/\\\/anivet.lt\\\/elparduotuve\\\/produktas\\\/specific-cow-hy-konservai-alergiskiems-sunims\\\/\",\"name\":\"SPECIFIC\u2122 COW-HY konservai alergi\u0161kiems \u0161unims - anivet.lt\",\"isPartOf\":{\"@id\":\"https:\\\/\\\/anivet.lt\\\/elparduotuve\\\/#website\"},\"primaryImageOfPage\":{\"@id\":\"https:\\\/\\\/anivet.lt\\\/elparduotuve\\\/produktas\\\/specific-cow-hy-konservai-alergiskiems-sunims\\\/#primaryimage\"},\"image\":{\"@id\":\"https:\\\/\\\/anivet.lt\\\/elparduotuve\\\/produktas\\\/specific-cow-hy-konservai-alergiskiems-sunims\\\/#primaryimage\"},\"thumbnailUrl\":\"https:\\\/\\\/anivet.lt\\\/elparduotuve\\\/wp-content\\\/uploads\\\/2023\\\/09\\\/EnoTvE0dS1MSnOiyEDSxw5cnxio3d9aEf5hchbqc.png\",\"datePublished\":\"2023-09-21T06:36:29+00:00\",\"dateModified\":\"2026-04-16T09:52:45+00:00\",\"description\":\"Visavertis, subalansuotas ir hipoalerginis konservuotas maistas, skirtas \u0161unims, kuriems pasirei\u0161kia alergijos maistui ar atopija. Taip pat tinkamas\",\"breadcrumb\":{\"@id\":\"https:\\\/\\\/anivet.lt\\\/elparduotuve\\\/produktas\\\/specific-cow-hy-konservai-alergiskiems-sunims\\\/#breadcrumb\"},\"inLanguage\":\"lt-LT\",\"potentialAction\":[{\"@type\":\"ReadAction\",\"target\":[\"https:\\\/\\\/anivet.lt\\\/elparduotuve\\\/produktas\\\/specific-cow-hy-konservai-alergiskiems-sunims\\\/\"]}]},{\"@type\":\"ImageObject\",\"inLanguage\":\"lt-LT\",\"@id\":\"https:\\\/\\\/anivet.lt\\\/elparduotuve\\\/produktas\\\/specific-cow-hy-konservai-alergiskiems-sunims\\\/#primaryimage\",\"url\":\"https:\\\/\\\/anivet.lt\\\/elparduotuve\\\/wp-content\\\/uploads\\\/2023\\\/09\\\/EnoTvE0dS1MSnOiyEDSxw5cnxio3d9aEf5hchbqc.png\",\"contentUrl\":\"https:\\\/\\\/anivet.lt\\\/elparduotuve\\\/wp-content\\\/uploads\\\/2023\\\/09\\\/EnoTvE0dS1MSnOiyEDSxw5cnxio3d9aEf5hchbqc.png\",\"width\":2000,\"height\":1458,\"caption\":\"SPECIFIC\u2122 COW-HY konservai alergi\u0161kiems \u0161unims\"},{\"@type\":\"BreadcrumbList\",\"@id\":\"https:\\\/\\\/anivet.lt\\\/elparduotuve\\\/produktas\\\/specific-cow-hy-konservai-alergiskiems-sunims\\\/#breadcrumb\",\"itemListElement\":[{\"@type\":\"ListItem\",\"position\":1,\"name\":\"Home\",\"item\":\"https:\\\/\\\/anivet.lt\\\/elparduotuve\\\/\"},{\"@type\":\"ListItem\",\"position\":2,\"name\":\"Produktai\",\"item\":\"https:\\\/\\\/anivet.lt\\\/elparduotuve\\\/produktai\\\/\"},{\"@type\":\"ListItem\",\"position\":3,\"name\":\"SPECIFIC\u2122 COW-HY konservai alergi\u0161kiems \u0161unims\"}]},{\"@type\":\"WebSite\",\"@id\":\"https:\\\/\\\/anivet.lt\\\/elparduotuve\\\/#website\",\"url\":\"https:\\\/\\\/anivet.lt\\\/elparduotuve\\\/\",\"name\":\"anivet.lt\",\"description\":\"Viskas J\u016bs\u0173 \u0161uns, kat\u0117s prie\u017ei\u016brai\",\"publisher\":{\"@id\":\"https:\\\/\\\/anivet.lt\\\/elparduotuve\\\/#organization\"},\"alternateName\":\"Viskas J\u016bs\u0173 \u0161uns, kat\u0117s prie\u017ei\u016brai\",\"potentialAction\":[{\"@type\":\"SearchAction\",\"target\":{\"@type\":\"EntryPoint\",\"urlTemplate\":\"https:\\\/\\\/anivet.lt\\\/elparduotuve\\\/?s={search_term_string}\"},\"query-input\":{\"@type\":\"PropertyValueSpecification\",\"valueRequired\":true,\"valueName\":\"search_term_string\"}}],\"inLanguage\":\"lt-LT\"},{\"@type\":\"Organization\",\"@id\":\"https:\\\/\\\/anivet.lt\\\/elparduotuve\\\/#organization\",\"name\":\"Viskas J\u016bs\u0173 \u0161uns, kat\u0117s prie\u017ei\u016brai\",\"url\":\"https:\\\/\\\/anivet.lt\\\/elparduotuve\\\/\",\"logo\":{\"@type\":\"ImageObject\",\"inLanguage\":\"lt-LT\",\"@id\":\"https:\\\/\\\/anivet.lt\\\/elparduotuve\\\/#\\\/schema\\\/logo\\\/image\\\/\",\"url\":\"https:\\\/\\\/anivet.lt\\\/elparduotuve\\\/wp-content\\\/uploads\\\/2023\\\/06\\\/logo2.jpg\",\"contentUrl\":\"https:\\\/\\\/anivet.lt\\\/elparduotuve\\\/wp-content\\\/uploads\\\/2023\\\/06\\\/logo2.jpg\",\"width\":655,\"height\":194,\"caption\":\"Viskas J\u016bs\u0173 \u0161uns, kat\u0117s prie\u017ei\u016brai\"},\"image\":{\"@id\":\"https:\\\/\\\/anivet.lt\\\/elparduotuve\\\/#\\\/schema\\\/logo\\\/image\\\/\"}}]}<\/script>\n<!-- \/ Yoast SEO Premium plugin. -->","yoast_head_json":{"title":"SPECIFIC\u2122 COW-HY konservai alergi\u0161kiems \u0161unims - anivet.lt","description":"Visavertis, subalansuotas ir hipoalerginis konservuotas maistas, skirtas \u0161unims, kuriems pasirei\u0161kia alergijos maistui ar atopija. Taip pat tinkamas","robots":{"index":"index","follow":"follow","max-snippet":"max-snippet:-1","max-image-preview":"max-image-preview:large","max-video-preview":"max-video-preview:-1"},"canonical":"https:\/\/anivet.lt\/elparduotuve\/produktas\/specific-cow-hy-konservai-alergiskiems-sunims\/","og_locale":"lt_LT","og_type":"article","og_title":"SPECIFIC\u2122 COW-HY konservai alergi\u0161kiems \u0161unims","og_description":"Visavertis, subalansuotas ir hipoalerginis konservuotas maistas, skirtas \u0161unims, kuriems pasirei\u0161kia alergijos maistui ar atopija. Taip pat tinkamas","og_url":"https:\/\/anivet.lt\/elparduotuve\/produktas\/specific-cow-hy-konservai-alergiskiems-sunims\/","og_site_name":"anivet.lt","article_modified_time":"2026-04-16T09:52:45+00:00","og_image":[{"width":2000,"height":1458,"url":"https:\/\/anivet.lt\/elparduotuve\/wp-content\/uploads\/2023\/09\/EnoTvE0dS1MSnOiyEDSxw5cnxio3d9aEf5hchbqc.png","type":"image\/png"}],"twitter_card":"summary_large_image","twitter_misc":{"Est. reading time":"2 minut\u0117s"},"schema":{"@context":"https:\/\/schema.org","@graph":[{"@type":"WebPage","@id":"https:\/\/anivet.lt\/elparduotuve\/produktas\/specific-cow-hy-konservai-alergiskiems-sunims\/","url":"https:\/\/anivet.lt\/elparduotuve\/produktas\/specific-cow-hy-konservai-alergiskiems-sunims\/","name":"SPECIFIC\u2122 COW-HY konservai alergi\u0161kiems \u0161unims - anivet.lt","isPartOf":{"@id":"https:\/\/anivet.lt\/elparduotuve\/#website"},"primaryImageOfPage":{"@id":"https:\/\/anivet.lt\/elparduotuve\/produktas\/specific-cow-hy-konservai-alergiskiems-sunims\/#primaryimage"},"image":{"@id":"https:\/\/anivet.lt\/elparduotuve\/produktas\/specific-cow-hy-konservai-alergiskiems-sunims\/#primaryimage"},"thumbnailUrl":"https:\/\/anivet.lt\/elparduotuve\/wp-content\/uploads\/2023\/09\/EnoTvE0dS1MSnOiyEDSxw5cnxio3d9aEf5hchbqc.png","datePublished":"2023-09-21T06:36:29+00:00","dateModified":"2026-04-16T09:52:45+00:00","description":"Visavertis, subalansuotas ir hipoalerginis konservuotas maistas, skirtas \u0161unims, kuriems pasirei\u0161kia alergijos maistui ar atopija. Taip pat tinkamas","breadcrumb":{"@id":"https:\/\/anivet.lt\/elparduotuve\/produktas\/specific-cow-hy-konservai-alergiskiems-sunims\/#breadcrumb"},"inLanguage":"lt-LT","potentialAction":[{"@type":"ReadAction","target":["https:\/\/anivet.lt\/elparduotuve\/produktas\/specific-cow-hy-konservai-alergiskiems-sunims\/"]}]},{"@type":"ImageObject","inLanguage":"lt-LT","@id":"https:\/\/anivet.lt\/elparduotuve\/produktas\/specific-cow-hy-konservai-alergiskiems-sunims\/#primaryimage","url":"https:\/\/anivet.lt\/elparduotuve\/wp-content\/uploads\/2023\/09\/EnoTvE0dS1MSnOiyEDSxw5cnxio3d9aEf5hchbqc.png","contentUrl":"https:\/\/anivet.lt\/elparduotuve\/wp-content\/uploads\/2023\/09\/EnoTvE0dS1MSnOiyEDSxw5cnxio3d9aEf5hchbqc.png","width":2000,"height":1458,"caption":"SPECIFIC\u2122 COW-HY konservai alergi\u0161kiems \u0161unims"},{"@type":"BreadcrumbList","@id":"https:\/\/anivet.lt\/elparduotuve\/produktas\/specific-cow-hy-konservai-alergiskiems-sunims\/#breadcrumb","itemListElement":[{"@type":"ListItem","position":1,"name":"Home","item":"https:\/\/anivet.lt\/elparduotuve\/"},{"@type":"ListItem","position":2,"name":"Produktai","item":"https:\/\/anivet.lt\/elparduotuve\/produktai\/"},{"@type":"ListItem","position":3,"name":"SPECIFIC\u2122 COW-HY konservai alergi\u0161kiems \u0161unims"}]},{"@type":"WebSite","@id":"https:\/\/anivet.lt\/elparduotuve\/#website","url":"https:\/\/anivet.lt\/elparduotuve\/","name":"anivet.lt","description":"Viskas J\u016bs\u0173 \u0161uns, kat\u0117s prie\u017ei\u016brai","publisher":{"@id":"https:\/\/anivet.lt\/elparduotuve\/#organization"},"alternateName":"Viskas J\u016bs\u0173 \u0161uns, kat\u0117s prie\u017ei\u016brai","potentialAction":[{"@type":"SearchAction","target":{"@type":"EntryPoint","urlTemplate":"https:\/\/anivet.lt\/elparduotuve\/?s={search_term_string}"},"query-input":{"@type":"PropertyValueSpecification","valueRequired":true,"valueName":"search_term_string"}}],"inLanguage":"lt-LT"},{"@type":"Organization","@id":"https:\/\/anivet.lt\/elparduotuve\/#organization","name":"Viskas J\u016bs\u0173 \u0161uns, kat\u0117s prie\u017ei\u016brai","url":"https:\/\/anivet.lt\/elparduotuve\/","logo":{"@type":"ImageObject","inLanguage":"lt-LT","@id":"https:\/\/anivet.lt\/elparduotuve\/#\/schema\/logo\/image\/","url":"https:\/\/anivet.lt\/elparduotuve\/wp-content\/uploads\/2023\/06\/logo2.jpg","contentUrl":"https:\/\/anivet.lt\/elparduotuve\/wp-content\/uploads\/2023\/06\/logo2.jpg","width":655,"height":194,"caption":"Viskas J\u016bs\u0173 \u0161uns, kat\u0117s prie\u017ei\u016brai"},"image":{"@id":"https:\/\/anivet.lt\/elparduotuve\/#\/schema\/logo\/image\/"}}]}},"_links":{"self":[{"href":"https:\/\/anivet.lt\/elparduotuve\/wp-json\/wp\/v2\/product\/11888","targetHints":{"allow":["GET"]}}],"collection":[{"href":"https:\/\/anivet.lt\/elparduotuve\/wp-json\/wp\/v2\/product"}],"about":[{"href":"https:\/\/anivet.lt\/elparduotuve\/wp-json\/wp\/v2\/types\/product"}],"wp:featuredmedia":[{"embeddable":true,"href":"https:\/\/anivet.lt\/elparduotuve\/wp-json\/wp\/v2\/media\/11889"}],"wp:attachment":[{"href":"https:\/\/anivet.lt\/elparduotuve\/wp-json\/wp\/v2\/media?parent=11888"}],"wp:term":[{"taxonomy":"product_brand","embeddable":true,"href":"https:\/\/anivet.lt\/elparduotuve\/wp-json\/wp\/v2\/product_brand?post=11888"},{"taxonomy":"product_cat","embeddable":true,"href":"https:\/\/anivet.lt\/elparduotuve\/wp-json\/wp\/v2\/product_cat?post=11888"},{"taxonomy":"product_tag","embeddable":true,"href":"https:\/\/anivet.lt\/elparduotuve\/wp-json\/wp\/v2\/product_tag?post=11888"}],"curies":[{"name":"wp","href":"https:\/\/api.w.org\/{rel}","templated":true}]}}