{"id":11893,"date":"2023-09-21T07:33:19","date_gmt":"2023-09-21T07:33:19","guid":{"rendered":"https:\/\/anivet.lt\/elparduotuve\/?post_type=product&#038;p=11893"},"modified":"2026-04-16T09:52:31","modified_gmt":"2026-04-16T09:52:31","slug":"specific-ciw-konservai-sunims-turintiems-virskinimo-problemu","status":"publish","type":"product","link":"https:\/\/anivet.lt\/elparduotuve\/produktas\/specific-ciw-konservai-sunims-turintiems-virskinimo-problemu\/","title":{"rendered":"SPECIFIC\u2122 CIW konservai \u0161unims, turintiems vir\u0161kinimo problem\u0173"},"content":{"rendered":"<ul>\n<li><span style=\"font-weight: 400;\">Lengvas vir\u0161kinimas: Auk\u0161tos kokyb\u0117s lengvai vir\u0161kinami ingredientai u\u017etikrina optimal\u0173 maistini\u0173 med\u017eiag\u0173 \u012fsisavinim\u0105, net susilpn\u0117jus vir\u0161kinimo ferment\u0173 veiklai.<\/span><\/li>\n<li><span style=\"font-weight: 400;\">Padidintas elektrolit\u0173 kiekis: Kompensuoja skys\u010di\u0173 ir mineral\u0173 netekim\u0105 viduriuojant ar vemiant.<\/span><\/li>\n<li><span style=\"font-weight: 400;\">Imunin\u0117s sistemos stiprinimas: Mieli\u0173 \u03b2-1,3\/1,6 gliukanai ir manano-oligosacharidai (MOS) padeda stiprinti imunitet\u0105 ir apsaugo \u017earnyn\u0105 nuo patogenini\u0173 bakterij\u0173.<\/span><\/li>\n<li><span style=\"font-weight: 400;\">Vir\u0161kinamojo trakto apsauga: Gyslo\u010dio s\u0117kl\u0173 luobel\u0117s ir ceolitas apsaugo \u017earnyno gleivin\u0119 bei sugeria toksines med\u017eiagas.<\/span><\/li>\n<li><span style=\"font-weight: 400;\">Nemaloni\u0173 kvap\u0173 ma\u017einimas: Jukos ekstraktas neutralizuoja nemalonius duj\u0173 ir i\u0161mat\u0173 kvapus.<\/span><\/li>\n<li><span style=\"font-weight: 400;\">Tinka vis\u0173 am\u017eiaus grupi\u0173 \u0161unims: Subalansuota formul\u0117 tinkama tiek suaugusiems \u0161unims, tiek augantiems \u0161uniukams.<\/span><\/li>\n<\/ul>\n<p><span style=\"font-weight: 400;\">\u0160is pa\u0161aras yra idealus pasirinkimas \u0161unims, kuriems reikia pagalbos sprend\u017eiant vir\u0161kinimo problemas, o jo unikali sud\u0117tis padeda palaikyti bendr\u0105 \u0161uns sveikat\u0105 ir gerov\u0119. <\/span><\/p>\n","protected":false},"excerpt":{"rendered":"<p><span style=\"font-weight: 400;\">S<\/span><span style=\"font-weight: 400;\">ubalansuotas ir visavertis pa\u0161aras, specialiai sukurtas \u0161unims su \u012fvairiomis vir\u0161kinimo problemomis, \u012fskaitant \u016bmius ir l\u0117tinius sutrikimus, kasos egzokrinin\u0117s funkcijos nepakankamum\u0105, viduriavim\u0105, v\u0117mim\u0105 ir bakterij\u0173 pertekli\u0173 plonajame \u017earnyne. Puikiai tinka naudoti sveikstant po lig\u0173 ar operacij\u0173.<\/span><\/p>\n","protected":false},"featured_media":11894,"template":"","meta":[],"product_brand":[],"product_cat":[101,103,107,321],"product_tag":[],"class_list":{"0":"post-11893","1":"product","2":"type-product","3":"status-publish","4":"has-post-thumbnail","6":"product_cat-sunims","7":"product_cat-sunu-maistas","8":"product_cat-veterinarine-dieta","9":"product_cat-specific-sunu-maistas","10":"pa_prekinis-zenklas-specific","12":"first","13":"instock","14":"sale","15":"taxable","16":"shipping-taxable","17":"purchasable","18":"product-type-variable"},"yoast_head":"<!-- This site is optimized with the Yoast SEO Premium plugin v27.1 (Yoast SEO v27.5) - https:\/\/yoast.com\/product\/yoast-seo-premium-wordpress\/ -->\n<title>SPECIFIC\u2122 CIW konservai \u0161unims, turintiems vir\u0161kinimo problem\u0173 - anivet.lt<\/title>\n<meta name=\"description\" content=\"Subalansuotas ir visavertis pa\u0161aras, specialiai sukurtas \u0161unims su \u012fvairiomis vir\u0161kinimo problemomis, \u012fskaitant \u016bmius ir l\u0117tinius sutrikimus, kasos egzokrinin\u0117s funkcijos nepakankamum\u0105, viduriavim\u0105, v\u0117mim\u0105 ir bakterij\u0173 pertekli\u0173 plonajame \u017earnyne. Puikiai tinka naudoti sveikstant po lig\u0173 ar operacij\u0173.\" \/>\n<meta name=\"robots\" content=\"index, follow, max-snippet:-1, max-image-preview:large, max-video-preview:-1\" \/>\n<link rel=\"canonical\" href=\"https:\/\/anivet.lt\/elparduotuve\/produktas\/specific-ciw-konservai-sunims-turintiems-virskinimo-problemu\/\" \/>\n<meta property=\"og:locale\" content=\"lt_LT\" \/>\n<meta property=\"og:type\" content=\"article\" \/>\n<meta property=\"og:title\" content=\"SPECIFIC\u2122 CIW konservai \u0161unims, turintiems vir\u0161kinimo problem\u0173\" \/>\n<meta property=\"og:description\" content=\"Subalansuotas ir visavertis pa\u0161aras, specialiai sukurtas \u0161unims su \u012fvairiomis vir\u0161kinimo problemomis, \u012fskaitant \u016bmius ir l\u0117tinius sutrikimus, kasos egzokrinin\u0117s funkcijos nepakankamum\u0105, viduriavim\u0105, v\u0117mim\u0105 ir bakterij\u0173 pertekli\u0173 plonajame \u017earnyne. Puikiai tinka naudoti sveikstant po lig\u0173 ar operacij\u0173.\" \/>\n<meta property=\"og:url\" content=\"https:\/\/anivet.lt\/elparduotuve\/produktas\/specific-ciw-konservai-sunims-turintiems-virskinimo-problemu\/\" \/>\n<meta property=\"og:site_name\" content=\"anivet.lt\" \/>\n<meta property=\"article:modified_time\" content=\"2026-04-16T09:52:31+00:00\" \/>\n<meta property=\"og:image\" content=\"https:\/\/anivet.lt\/elparduotuve\/wp-content\/uploads\/2023\/09\/F1zhhDOOoMYiUKAhKFmyXwHzQa0iu30o5GSOR8N4.jpg\" \/>\n\t<meta property=\"og:image:width\" content=\"400\" \/>\n\t<meta property=\"og:image:height\" content=\"279\" \/>\n\t<meta property=\"og:image:type\" content=\"image\/jpeg\" \/>\n<meta name=\"twitter:card\" content=\"summary_large_image\" \/>\n<meta name=\"twitter:label1\" content=\"Est. reading time\" \/>\n\t<meta name=\"twitter:data1\" content=\"1 minut\u0117\" \/>\n<script type=\"application\/ld+json\" class=\"yoast-schema-graph\">{\"@context\":\"https:\\\/\\\/schema.org\",\"@graph\":[{\"@type\":\"WebPage\",\"@id\":\"https:\\\/\\\/anivet.lt\\\/elparduotuve\\\/produktas\\\/specific-ciw-konservai-sunims-turintiems-virskinimo-problemu\\\/\",\"url\":\"https:\\\/\\\/anivet.lt\\\/elparduotuve\\\/produktas\\\/specific-ciw-konservai-sunims-turintiems-virskinimo-problemu\\\/\",\"name\":\"SPECIFIC\u2122 CIW konservai \u0161unims, turintiems vir\u0161kinimo problem\u0173 - anivet.lt\",\"isPartOf\":{\"@id\":\"https:\\\/\\\/anivet.lt\\\/elparduotuve\\\/#website\"},\"primaryImageOfPage\":{\"@id\":\"https:\\\/\\\/anivet.lt\\\/elparduotuve\\\/produktas\\\/specific-ciw-konservai-sunims-turintiems-virskinimo-problemu\\\/#primaryimage\"},\"image\":{\"@id\":\"https:\\\/\\\/anivet.lt\\\/elparduotuve\\\/produktas\\\/specific-ciw-konservai-sunims-turintiems-virskinimo-problemu\\\/#primaryimage\"},\"thumbnailUrl\":\"https:\\\/\\\/anivet.lt\\\/elparduotuve\\\/wp-content\\\/uploads\\\/2023\\\/09\\\/F1zhhDOOoMYiUKAhKFmyXwHzQa0iu30o5GSOR8N4.jpg\",\"datePublished\":\"2023-09-21T07:33:19+00:00\",\"dateModified\":\"2026-04-16T09:52:31+00:00\",\"description\":\"Subalansuotas ir visavertis pa\u0161aras, specialiai sukurtas \u0161unims su \u012fvairiomis vir\u0161kinimo problemomis, \u012fskaitant \u016bmius ir l\u0117tinius sutrikimus, kasos egzokrinin\u0117s funkcijos nepakankamum\u0105, viduriavim\u0105, v\u0117mim\u0105 ir bakterij\u0173 pertekli\u0173 plonajame \u017earnyne. Puikiai tinka naudoti sveikstant po lig\u0173 ar operacij\u0173.\",\"breadcrumb\":{\"@id\":\"https:\\\/\\\/anivet.lt\\\/elparduotuve\\\/produktas\\\/specific-ciw-konservai-sunims-turintiems-virskinimo-problemu\\\/#breadcrumb\"},\"inLanguage\":\"lt-LT\",\"potentialAction\":[{\"@type\":\"ReadAction\",\"target\":[\"https:\\\/\\\/anivet.lt\\\/elparduotuve\\\/produktas\\\/specific-ciw-konservai-sunims-turintiems-virskinimo-problemu\\\/\"]}]},{\"@type\":\"ImageObject\",\"inLanguage\":\"lt-LT\",\"@id\":\"https:\\\/\\\/anivet.lt\\\/elparduotuve\\\/produktas\\\/specific-ciw-konservai-sunims-turintiems-virskinimo-problemu\\\/#primaryimage\",\"url\":\"https:\\\/\\\/anivet.lt\\\/elparduotuve\\\/wp-content\\\/uploads\\\/2023\\\/09\\\/F1zhhDOOoMYiUKAhKFmyXwHzQa0iu30o5GSOR8N4.jpg\",\"contentUrl\":\"https:\\\/\\\/anivet.lt\\\/elparduotuve\\\/wp-content\\\/uploads\\\/2023\\\/09\\\/F1zhhDOOoMYiUKAhKFmyXwHzQa0iu30o5GSOR8N4.jpg\",\"width\":400,\"height\":279,\"caption\":\"SPECIFIC\u2122 CIW konservai \u0161unims, turintiems vir\u0161kinimo problem\u0173\"},{\"@type\":\"BreadcrumbList\",\"@id\":\"https:\\\/\\\/anivet.lt\\\/elparduotuve\\\/produktas\\\/specific-ciw-konservai-sunims-turintiems-virskinimo-problemu\\\/#breadcrumb\",\"itemListElement\":[{\"@type\":\"ListItem\",\"position\":1,\"name\":\"Home\",\"item\":\"https:\\\/\\\/anivet.lt\\\/elparduotuve\\\/\"},{\"@type\":\"ListItem\",\"position\":2,\"name\":\"Produktai\",\"item\":\"https:\\\/\\\/anivet.lt\\\/elparduotuve\\\/produktai\\\/\"},{\"@type\":\"ListItem\",\"position\":3,\"name\":\"SPECIFIC\u2122 CIW konservai \u0161unims, turintiems vir\u0161kinimo problem\u0173\"}]},{\"@type\":\"WebSite\",\"@id\":\"https:\\\/\\\/anivet.lt\\\/elparduotuve\\\/#website\",\"url\":\"https:\\\/\\\/anivet.lt\\\/elparduotuve\\\/\",\"name\":\"anivet.lt\",\"description\":\"Viskas J\u016bs\u0173 \u0161uns, kat\u0117s prie\u017ei\u016brai\",\"publisher\":{\"@id\":\"https:\\\/\\\/anivet.lt\\\/elparduotuve\\\/#organization\"},\"alternateName\":\"Viskas J\u016bs\u0173 \u0161uns, kat\u0117s prie\u017ei\u016brai\",\"potentialAction\":[{\"@type\":\"SearchAction\",\"target\":{\"@type\":\"EntryPoint\",\"urlTemplate\":\"https:\\\/\\\/anivet.lt\\\/elparduotuve\\\/?s={search_term_string}\"},\"query-input\":{\"@type\":\"PropertyValueSpecification\",\"valueRequired\":true,\"valueName\":\"search_term_string\"}}],\"inLanguage\":\"lt-LT\"},{\"@type\":\"Organization\",\"@id\":\"https:\\\/\\\/anivet.lt\\\/elparduotuve\\\/#organization\",\"name\":\"Viskas J\u016bs\u0173 \u0161uns, kat\u0117s prie\u017ei\u016brai\",\"url\":\"https:\\\/\\\/anivet.lt\\\/elparduotuve\\\/\",\"logo\":{\"@type\":\"ImageObject\",\"inLanguage\":\"lt-LT\",\"@id\":\"https:\\\/\\\/anivet.lt\\\/elparduotuve\\\/#\\\/schema\\\/logo\\\/image\\\/\",\"url\":\"https:\\\/\\\/anivet.lt\\\/elparduotuve\\\/wp-content\\\/uploads\\\/2023\\\/06\\\/logo2.jpg\",\"contentUrl\":\"https:\\\/\\\/anivet.lt\\\/elparduotuve\\\/wp-content\\\/uploads\\\/2023\\\/06\\\/logo2.jpg\",\"width\":655,\"height\":194,\"caption\":\"Viskas J\u016bs\u0173 \u0161uns, kat\u0117s prie\u017ei\u016brai\"},\"image\":{\"@id\":\"https:\\\/\\\/anivet.lt\\\/elparduotuve\\\/#\\\/schema\\\/logo\\\/image\\\/\"}}]}<\/script>\n<!-- \/ Yoast SEO Premium plugin. -->","yoast_head_json":{"title":"SPECIFIC\u2122 CIW konservai \u0161unims, turintiems vir\u0161kinimo problem\u0173 - anivet.lt","description":"Subalansuotas ir visavertis pa\u0161aras, specialiai sukurtas \u0161unims su \u012fvairiomis vir\u0161kinimo problemomis, \u012fskaitant \u016bmius ir l\u0117tinius sutrikimus, kasos egzokrinin\u0117s funkcijos nepakankamum\u0105, viduriavim\u0105, v\u0117mim\u0105 ir bakterij\u0173 pertekli\u0173 plonajame \u017earnyne. Puikiai tinka naudoti sveikstant po lig\u0173 ar operacij\u0173.","robots":{"index":"index","follow":"follow","max-snippet":"max-snippet:-1","max-image-preview":"max-image-preview:large","max-video-preview":"max-video-preview:-1"},"canonical":"https:\/\/anivet.lt\/elparduotuve\/produktas\/specific-ciw-konservai-sunims-turintiems-virskinimo-problemu\/","og_locale":"lt_LT","og_type":"article","og_title":"SPECIFIC\u2122 CIW konservai \u0161unims, turintiems vir\u0161kinimo problem\u0173","og_description":"Subalansuotas ir visavertis pa\u0161aras, specialiai sukurtas \u0161unims su \u012fvairiomis vir\u0161kinimo problemomis, \u012fskaitant \u016bmius ir l\u0117tinius sutrikimus, kasos egzokrinin\u0117s funkcijos nepakankamum\u0105, viduriavim\u0105, v\u0117mim\u0105 ir bakterij\u0173 pertekli\u0173 plonajame \u017earnyne. Puikiai tinka naudoti sveikstant po lig\u0173 ar operacij\u0173.","og_url":"https:\/\/anivet.lt\/elparduotuve\/produktas\/specific-ciw-konservai-sunims-turintiems-virskinimo-problemu\/","og_site_name":"anivet.lt","article_modified_time":"2026-04-16T09:52:31+00:00","og_image":[{"width":400,"height":279,"url":"https:\/\/anivet.lt\/elparduotuve\/wp-content\/uploads\/2023\/09\/F1zhhDOOoMYiUKAhKFmyXwHzQa0iu30o5GSOR8N4.jpg","type":"image\/jpeg"}],"twitter_card":"summary_large_image","twitter_misc":{"Est. reading time":"1 minut\u0117"},"schema":{"@context":"https:\/\/schema.org","@graph":[{"@type":"WebPage","@id":"https:\/\/anivet.lt\/elparduotuve\/produktas\/specific-ciw-konservai-sunims-turintiems-virskinimo-problemu\/","url":"https:\/\/anivet.lt\/elparduotuve\/produktas\/specific-ciw-konservai-sunims-turintiems-virskinimo-problemu\/","name":"SPECIFIC\u2122 CIW konservai \u0161unims, turintiems vir\u0161kinimo problem\u0173 - anivet.lt","isPartOf":{"@id":"https:\/\/anivet.lt\/elparduotuve\/#website"},"primaryImageOfPage":{"@id":"https:\/\/anivet.lt\/elparduotuve\/produktas\/specific-ciw-konservai-sunims-turintiems-virskinimo-problemu\/#primaryimage"},"image":{"@id":"https:\/\/anivet.lt\/elparduotuve\/produktas\/specific-ciw-konservai-sunims-turintiems-virskinimo-problemu\/#primaryimage"},"thumbnailUrl":"https:\/\/anivet.lt\/elparduotuve\/wp-content\/uploads\/2023\/09\/F1zhhDOOoMYiUKAhKFmyXwHzQa0iu30o5GSOR8N4.jpg","datePublished":"2023-09-21T07:33:19+00:00","dateModified":"2026-04-16T09:52:31+00:00","description":"Subalansuotas ir visavertis pa\u0161aras, specialiai sukurtas \u0161unims su \u012fvairiomis vir\u0161kinimo problemomis, \u012fskaitant \u016bmius ir l\u0117tinius sutrikimus, kasos egzokrinin\u0117s funkcijos nepakankamum\u0105, viduriavim\u0105, v\u0117mim\u0105 ir bakterij\u0173 pertekli\u0173 plonajame \u017earnyne. Puikiai tinka naudoti sveikstant po lig\u0173 ar operacij\u0173.","breadcrumb":{"@id":"https:\/\/anivet.lt\/elparduotuve\/produktas\/specific-ciw-konservai-sunims-turintiems-virskinimo-problemu\/#breadcrumb"},"inLanguage":"lt-LT","potentialAction":[{"@type":"ReadAction","target":["https:\/\/anivet.lt\/elparduotuve\/produktas\/specific-ciw-konservai-sunims-turintiems-virskinimo-problemu\/"]}]},{"@type":"ImageObject","inLanguage":"lt-LT","@id":"https:\/\/anivet.lt\/elparduotuve\/produktas\/specific-ciw-konservai-sunims-turintiems-virskinimo-problemu\/#primaryimage","url":"https:\/\/anivet.lt\/elparduotuve\/wp-content\/uploads\/2023\/09\/F1zhhDOOoMYiUKAhKFmyXwHzQa0iu30o5GSOR8N4.jpg","contentUrl":"https:\/\/anivet.lt\/elparduotuve\/wp-content\/uploads\/2023\/09\/F1zhhDOOoMYiUKAhKFmyXwHzQa0iu30o5GSOR8N4.jpg","width":400,"height":279,"caption":"SPECIFIC\u2122 CIW konservai \u0161unims, turintiems vir\u0161kinimo problem\u0173"},{"@type":"BreadcrumbList","@id":"https:\/\/anivet.lt\/elparduotuve\/produktas\/specific-ciw-konservai-sunims-turintiems-virskinimo-problemu\/#breadcrumb","itemListElement":[{"@type":"ListItem","position":1,"name":"Home","item":"https:\/\/anivet.lt\/elparduotuve\/"},{"@type":"ListItem","position":2,"name":"Produktai","item":"https:\/\/anivet.lt\/elparduotuve\/produktai\/"},{"@type":"ListItem","position":3,"name":"SPECIFIC\u2122 CIW konservai \u0161unims, turintiems vir\u0161kinimo problem\u0173"}]},{"@type":"WebSite","@id":"https:\/\/anivet.lt\/elparduotuve\/#website","url":"https:\/\/anivet.lt\/elparduotuve\/","name":"anivet.lt","description":"Viskas J\u016bs\u0173 \u0161uns, kat\u0117s prie\u017ei\u016brai","publisher":{"@id":"https:\/\/anivet.lt\/elparduotuve\/#organization"},"alternateName":"Viskas J\u016bs\u0173 \u0161uns, kat\u0117s prie\u017ei\u016brai","potentialAction":[{"@type":"SearchAction","target":{"@type":"EntryPoint","urlTemplate":"https:\/\/anivet.lt\/elparduotuve\/?s={search_term_string}"},"query-input":{"@type":"PropertyValueSpecification","valueRequired":true,"valueName":"search_term_string"}}],"inLanguage":"lt-LT"},{"@type":"Organization","@id":"https:\/\/anivet.lt\/elparduotuve\/#organization","name":"Viskas J\u016bs\u0173 \u0161uns, kat\u0117s prie\u017ei\u016brai","url":"https:\/\/anivet.lt\/elparduotuve\/","logo":{"@type":"ImageObject","inLanguage":"lt-LT","@id":"https:\/\/anivet.lt\/elparduotuve\/#\/schema\/logo\/image\/","url":"https:\/\/anivet.lt\/elparduotuve\/wp-content\/uploads\/2023\/06\/logo2.jpg","contentUrl":"https:\/\/anivet.lt\/elparduotuve\/wp-content\/uploads\/2023\/06\/logo2.jpg","width":655,"height":194,"caption":"Viskas J\u016bs\u0173 \u0161uns, kat\u0117s prie\u017ei\u016brai"},"image":{"@id":"https:\/\/anivet.lt\/elparduotuve\/#\/schema\/logo\/image\/"}}]}},"_links":{"self":[{"href":"https:\/\/anivet.lt\/elparduotuve\/wp-json\/wp\/v2\/product\/11893","targetHints":{"allow":["GET"]}}],"collection":[{"href":"https:\/\/anivet.lt\/elparduotuve\/wp-json\/wp\/v2\/product"}],"about":[{"href":"https:\/\/anivet.lt\/elparduotuve\/wp-json\/wp\/v2\/types\/product"}],"wp:featuredmedia":[{"embeddable":true,"href":"https:\/\/anivet.lt\/elparduotuve\/wp-json\/wp\/v2\/media\/11894"}],"wp:attachment":[{"href":"https:\/\/anivet.lt\/elparduotuve\/wp-json\/wp\/v2\/media?parent=11893"}],"wp:term":[{"taxonomy":"product_brand","embeddable":true,"href":"https:\/\/anivet.lt\/elparduotuve\/wp-json\/wp\/v2\/product_brand?post=11893"},{"taxonomy":"product_cat","embeddable":true,"href":"https:\/\/anivet.lt\/elparduotuve\/wp-json\/wp\/v2\/product_cat?post=11893"},{"taxonomy":"product_tag","embeddable":true,"href":"https:\/\/anivet.lt\/elparduotuve\/wp-json\/wp\/v2\/product_tag?post=11893"}],"curies":[{"name":"wp","href":"https:\/\/api.w.org\/{rel}","templated":true}]}}