{"id":11897,"date":"2023-09-21T07:46:17","date_gmt":"2023-09-21T07:46:17","guid":{"rendered":"https:\/\/anivet.lt\/elparduotuve\/?post_type=product&#038;p=11897"},"modified":"2026-05-14T08:38:31","modified_gmt":"2026-05-14T08:38:31","slug":"specific-ciw-konservai-sunims-turintiems-virskinimo-problemu-2","status":"publish","type":"product","link":"https:\/\/anivet.lt\/elparduotuve\/produktas\/specific-ciw-konservai-sunims-turintiems-virskinimo-problemu-2\/","title":{"rendered":"SPECIFIC\u2122 CIW konservai \u0161unims, turintiems vir\u0161kinimo problem\u0173"},"content":{"rendered":"<ul>\n<li style=\"font-weight: 400;\" aria-level=\"1\"><span style=\"font-weight: 400;\">Lengvai vir\u0161kinamos sudedamosios dalys: U\u017etikrina optimal\u0173 maistini\u0173 med\u017eiag\u0173 \u012fsisavinim\u0105 ir kompensuoja susilpn\u0117jusi\u0105 \u017earnyno ferment\u0173 veikl\u0105.<\/span><\/li>\n<li style=\"font-weight: 400;\" aria-level=\"1\"><span style=\"font-weight: 400;\">Padidintas elektrolit\u0173 ir vitamin\u0173 kiekis: Kompensuoja prarastus mineralus ir riebaluose tirpius vitaminus, svarbius viduriuojant ar vemiant.<\/span><\/li>\n<li style=\"font-weight: 400;\" aria-level=\"1\"><span style=\"font-weight: 400;\">Mieli\u0173 \u00df-1,3\/1,6 gliukanai ir MOS: Aktyvina imunin\u0119 sistem\u0105, ma\u017eina patogenini\u0173 bakterij\u0173 poveik\u012f ir stiprina \u017earnyno apsaug\u0105.<\/span><\/li>\n<li style=\"font-weight: 400;\" aria-level=\"1\"><span style=\"font-weight: 400;\">Gyslo\u010dio s\u0117kl\u0173 luobel\u0117s ir jukos ekstraktas: Reguliuoja \u017earnyno veikl\u0105, ma\u017eina duj\u0173 susidarym\u0105 ir neutralizuoja nemalonius kvapus.<\/span><\/li>\n<li style=\"font-weight: 400;\" aria-level=\"1\"><span style=\"font-weight: 400;\">Ceolitas: Absorbuoja toksines med\u017eiagas ir apsaugo vir\u0161kinam\u0105j\u012f trakt\u0105.<\/span><\/li>\n<\/ul>\n<p><span style=\"font-weight: 400;\">Tinka augantiems ir suaugusiems \u0161unims su vir\u0161kinimo sutrikimais. Rekomenduojama dienos norm\u0105 padalyti \u012f 3\u20135 porcijas. Subalansuota sud\u0117tis ir lengvas vir\u0161kinamumas u\u017etikrina \u0161uns sveikat\u0105 bei ger\u0105 savijaut\u0105.<\/span><\/p>\n","protected":false},"excerpt":{"rendered":"<p><span style=\"font-weight: 400;\">Visavertis ir subalansuotas konservuotas pa\u0161aras, skirtas \u0161unims su vir\u0161kinimo problemomis, tokiomis kaip malabsorbcija, prastas vir\u0161kinimas, kasos egzokrinin\u0117s funkcijos nepakankamumas, \u016bmios ir l\u0117tin\u0117s vir\u0161kinamojo trakto ligos. Taip pat tinkamas naudoti esant padid\u0117jusiam bakterij\u0173 dauginimuisi plonajame \u017earnyne, kolitui ar sveikstant po lig\u0173.<\/span><\/p>\n","protected":false},"featured_media":11894,"template":"","meta":[],"product_brand":[],"product_cat":[101,103,107,321],"product_tag":[],"class_list":{"0":"post-11897","1":"product","2":"type-product","3":"status-publish","4":"has-post-thumbnail","6":"product_cat-sunims","7":"product_cat-sunu-maistas","8":"product_cat-veterinarine-dieta","9":"product_cat-specific-sunu-maistas","10":"pa_prekinis-zenklas-specific","12":"first","13":"instock","14":"sale","15":"taxable","16":"shipping-taxable","17":"purchasable","18":"product-type-variable"},"yoast_head":"<!-- This site is optimized with the Yoast SEO Premium plugin v27.1 (Yoast SEO v27.5) - https:\/\/yoast.com\/product\/yoast-seo-premium-wordpress\/ -->\n<title>SPECIFIC\u2122 CIW konservai \u0161unims, turintiems vir\u0161kinimo problem\u0173 - anivet.lt<\/title>\n<meta name=\"description\" content=\"Visavertis ir subalansuotas konservuotas pa\u0161aras, skirtas \u0161unims su vir\u0161kinimo problemomis, tokiomis kaip malabsorbcija, prastas vir\u0161kinimas, kasos egzokrinin\u0117s funkcijos nepakankamumas, \u016bmios ir l\u0117tin\u0117s vir\u0161kinamojo trakto ligos. Taip pat tinkamas naudoti esant padid\u0117jusiam bakterij\u0173 dauginimuisi plonajame \u017earnyne, kolitui ar sveikstant po lig\u0173.\" \/>\n<meta name=\"robots\" content=\"index, follow, max-snippet:-1, max-image-preview:large, max-video-preview:-1\" \/>\n<link rel=\"canonical\" href=\"https:\/\/anivet.lt\/elparduotuve\/produktas\/specific-ciw-konservai-sunims-turintiems-virskinimo-problemu-2\/\" \/>\n<meta property=\"og:locale\" content=\"lt_LT\" \/>\n<meta property=\"og:type\" content=\"article\" \/>\n<meta property=\"og:title\" content=\"SPECIFIC\u2122 CIW konservai \u0161unims, turintiems vir\u0161kinimo problem\u0173\" \/>\n<meta property=\"og:description\" content=\"Visavertis ir subalansuotas konservuotas pa\u0161aras, skirtas \u0161unims su vir\u0161kinimo problemomis, tokiomis kaip malabsorbcija, prastas vir\u0161kinimas, kasos egzokrinin\u0117s funkcijos nepakankamumas, \u016bmios ir l\u0117tin\u0117s vir\u0161kinamojo trakto ligos. Taip pat tinkamas naudoti esant padid\u0117jusiam bakterij\u0173 dauginimuisi plonajame \u017earnyne, kolitui ar sveikstant po lig\u0173.\" \/>\n<meta property=\"og:url\" content=\"https:\/\/anivet.lt\/elparduotuve\/produktas\/specific-ciw-konservai-sunims-turintiems-virskinimo-problemu-2\/\" \/>\n<meta property=\"og:site_name\" content=\"anivet.lt\" \/>\n<meta property=\"article:modified_time\" content=\"2026-05-14T08:38:31+00:00\" \/>\n<meta property=\"og:image\" content=\"https:\/\/anivet.lt\/elparduotuve\/wp-content\/uploads\/2023\/09\/F1zhhDOOoMYiUKAhKFmyXwHzQa0iu30o5GSOR8N4.jpg\" \/>\n\t<meta property=\"og:image:width\" content=\"400\" \/>\n\t<meta property=\"og:image:height\" content=\"279\" \/>\n\t<meta property=\"og:image:type\" content=\"image\/jpeg\" \/>\n<meta name=\"twitter:card\" content=\"summary_large_image\" \/>\n<meta name=\"twitter:label1\" content=\"Est. reading time\" \/>\n\t<meta name=\"twitter:data1\" content=\"1 minut\u0117\" \/>\n<script type=\"application\/ld+json\" class=\"yoast-schema-graph\">{\"@context\":\"https:\\\/\\\/schema.org\",\"@graph\":[{\"@type\":\"WebPage\",\"@id\":\"https:\\\/\\\/anivet.lt\\\/elparduotuve\\\/produktas\\\/specific-ciw-konservai-sunims-turintiems-virskinimo-problemu-2\\\/\",\"url\":\"https:\\\/\\\/anivet.lt\\\/elparduotuve\\\/produktas\\\/specific-ciw-konservai-sunims-turintiems-virskinimo-problemu-2\\\/\",\"name\":\"SPECIFIC\u2122 CIW konservai \u0161unims, turintiems vir\u0161kinimo problem\u0173 - anivet.lt\",\"isPartOf\":{\"@id\":\"https:\\\/\\\/anivet.lt\\\/elparduotuve\\\/#website\"},\"primaryImageOfPage\":{\"@id\":\"https:\\\/\\\/anivet.lt\\\/elparduotuve\\\/produktas\\\/specific-ciw-konservai-sunims-turintiems-virskinimo-problemu-2\\\/#primaryimage\"},\"image\":{\"@id\":\"https:\\\/\\\/anivet.lt\\\/elparduotuve\\\/produktas\\\/specific-ciw-konservai-sunims-turintiems-virskinimo-problemu-2\\\/#primaryimage\"},\"thumbnailUrl\":\"https:\\\/\\\/anivet.lt\\\/elparduotuve\\\/wp-content\\\/uploads\\\/2023\\\/09\\\/F1zhhDOOoMYiUKAhKFmyXwHzQa0iu30o5GSOR8N4.jpg\",\"datePublished\":\"2023-09-21T07:46:17+00:00\",\"dateModified\":\"2026-05-14T08:38:31+00:00\",\"description\":\"Visavertis ir subalansuotas konservuotas pa\u0161aras, skirtas \u0161unims su vir\u0161kinimo problemomis, tokiomis kaip malabsorbcija, prastas vir\u0161kinimas, kasos egzokrinin\u0117s funkcijos nepakankamumas, \u016bmios ir l\u0117tin\u0117s vir\u0161kinamojo trakto ligos. Taip pat tinkamas naudoti esant padid\u0117jusiam bakterij\u0173 dauginimuisi plonajame \u017earnyne, kolitui ar sveikstant po lig\u0173.\",\"breadcrumb\":{\"@id\":\"https:\\\/\\\/anivet.lt\\\/elparduotuve\\\/produktas\\\/specific-ciw-konservai-sunims-turintiems-virskinimo-problemu-2\\\/#breadcrumb\"},\"inLanguage\":\"lt-LT\",\"potentialAction\":[{\"@type\":\"ReadAction\",\"target\":[\"https:\\\/\\\/anivet.lt\\\/elparduotuve\\\/produktas\\\/specific-ciw-konservai-sunims-turintiems-virskinimo-problemu-2\\\/\"]}]},{\"@type\":\"ImageObject\",\"inLanguage\":\"lt-LT\",\"@id\":\"https:\\\/\\\/anivet.lt\\\/elparduotuve\\\/produktas\\\/specific-ciw-konservai-sunims-turintiems-virskinimo-problemu-2\\\/#primaryimage\",\"url\":\"https:\\\/\\\/anivet.lt\\\/elparduotuve\\\/wp-content\\\/uploads\\\/2023\\\/09\\\/F1zhhDOOoMYiUKAhKFmyXwHzQa0iu30o5GSOR8N4.jpg\",\"contentUrl\":\"https:\\\/\\\/anivet.lt\\\/elparduotuve\\\/wp-content\\\/uploads\\\/2023\\\/09\\\/F1zhhDOOoMYiUKAhKFmyXwHzQa0iu30o5GSOR8N4.jpg\",\"width\":400,\"height\":279,\"caption\":\"SPECIFIC\u2122 CIW konservai \u0161unims, turintiems vir\u0161kinimo problem\u0173\"},{\"@type\":\"BreadcrumbList\",\"@id\":\"https:\\\/\\\/anivet.lt\\\/elparduotuve\\\/produktas\\\/specific-ciw-konservai-sunims-turintiems-virskinimo-problemu-2\\\/#breadcrumb\",\"itemListElement\":[{\"@type\":\"ListItem\",\"position\":1,\"name\":\"Home\",\"item\":\"https:\\\/\\\/anivet.lt\\\/elparduotuve\\\/\"},{\"@type\":\"ListItem\",\"position\":2,\"name\":\"Produktai\",\"item\":\"https:\\\/\\\/anivet.lt\\\/elparduotuve\\\/produktai\\\/\"},{\"@type\":\"ListItem\",\"position\":3,\"name\":\"SPECIFIC\u2122 CIW konservai \u0161unims, turintiems vir\u0161kinimo problem\u0173\"}]},{\"@type\":\"WebSite\",\"@id\":\"https:\\\/\\\/anivet.lt\\\/elparduotuve\\\/#website\",\"url\":\"https:\\\/\\\/anivet.lt\\\/elparduotuve\\\/\",\"name\":\"anivet.lt\",\"description\":\"Viskas J\u016bs\u0173 \u0161uns, kat\u0117s prie\u017ei\u016brai\",\"publisher\":{\"@id\":\"https:\\\/\\\/anivet.lt\\\/elparduotuve\\\/#organization\"},\"alternateName\":\"Viskas J\u016bs\u0173 \u0161uns, kat\u0117s prie\u017ei\u016brai\",\"potentialAction\":[{\"@type\":\"SearchAction\",\"target\":{\"@type\":\"EntryPoint\",\"urlTemplate\":\"https:\\\/\\\/anivet.lt\\\/elparduotuve\\\/?s={search_term_string}\"},\"query-input\":{\"@type\":\"PropertyValueSpecification\",\"valueRequired\":true,\"valueName\":\"search_term_string\"}}],\"inLanguage\":\"lt-LT\"},{\"@type\":\"Organization\",\"@id\":\"https:\\\/\\\/anivet.lt\\\/elparduotuve\\\/#organization\",\"name\":\"Viskas J\u016bs\u0173 \u0161uns, kat\u0117s prie\u017ei\u016brai\",\"url\":\"https:\\\/\\\/anivet.lt\\\/elparduotuve\\\/\",\"logo\":{\"@type\":\"ImageObject\",\"inLanguage\":\"lt-LT\",\"@id\":\"https:\\\/\\\/anivet.lt\\\/elparduotuve\\\/#\\\/schema\\\/logo\\\/image\\\/\",\"url\":\"https:\\\/\\\/anivet.lt\\\/elparduotuve\\\/wp-content\\\/uploads\\\/2023\\\/06\\\/logo2.jpg\",\"contentUrl\":\"https:\\\/\\\/anivet.lt\\\/elparduotuve\\\/wp-content\\\/uploads\\\/2023\\\/06\\\/logo2.jpg\",\"width\":655,\"height\":194,\"caption\":\"Viskas J\u016bs\u0173 \u0161uns, kat\u0117s prie\u017ei\u016brai\"},\"image\":{\"@id\":\"https:\\\/\\\/anivet.lt\\\/elparduotuve\\\/#\\\/schema\\\/logo\\\/image\\\/\"}}]}<\/script>\n<!-- \/ Yoast SEO Premium plugin. -->","yoast_head_json":{"title":"SPECIFIC\u2122 CIW konservai \u0161unims, turintiems vir\u0161kinimo problem\u0173 - anivet.lt","description":"Visavertis ir subalansuotas konservuotas pa\u0161aras, skirtas \u0161unims su vir\u0161kinimo problemomis, tokiomis kaip malabsorbcija, prastas vir\u0161kinimas, kasos egzokrinin\u0117s funkcijos nepakankamumas, \u016bmios ir l\u0117tin\u0117s vir\u0161kinamojo trakto ligos. Taip pat tinkamas naudoti esant padid\u0117jusiam bakterij\u0173 dauginimuisi plonajame \u017earnyne, kolitui ar sveikstant po lig\u0173.","robots":{"index":"index","follow":"follow","max-snippet":"max-snippet:-1","max-image-preview":"max-image-preview:large","max-video-preview":"max-video-preview:-1"},"canonical":"https:\/\/anivet.lt\/elparduotuve\/produktas\/specific-ciw-konservai-sunims-turintiems-virskinimo-problemu-2\/","og_locale":"lt_LT","og_type":"article","og_title":"SPECIFIC\u2122 CIW konservai \u0161unims, turintiems vir\u0161kinimo problem\u0173","og_description":"Visavertis ir subalansuotas konservuotas pa\u0161aras, skirtas \u0161unims su vir\u0161kinimo problemomis, tokiomis kaip malabsorbcija, prastas vir\u0161kinimas, kasos egzokrinin\u0117s funkcijos nepakankamumas, \u016bmios ir l\u0117tin\u0117s vir\u0161kinamojo trakto ligos. Taip pat tinkamas naudoti esant padid\u0117jusiam bakterij\u0173 dauginimuisi plonajame \u017earnyne, kolitui ar sveikstant po lig\u0173.","og_url":"https:\/\/anivet.lt\/elparduotuve\/produktas\/specific-ciw-konservai-sunims-turintiems-virskinimo-problemu-2\/","og_site_name":"anivet.lt","article_modified_time":"2026-05-14T08:38:31+00:00","og_image":[{"width":400,"height":279,"url":"https:\/\/anivet.lt\/elparduotuve\/wp-content\/uploads\/2023\/09\/F1zhhDOOoMYiUKAhKFmyXwHzQa0iu30o5GSOR8N4.jpg","type":"image\/jpeg"}],"twitter_card":"summary_large_image","twitter_misc":{"Est. reading time":"1 minut\u0117"},"schema":{"@context":"https:\/\/schema.org","@graph":[{"@type":"WebPage","@id":"https:\/\/anivet.lt\/elparduotuve\/produktas\/specific-ciw-konservai-sunims-turintiems-virskinimo-problemu-2\/","url":"https:\/\/anivet.lt\/elparduotuve\/produktas\/specific-ciw-konservai-sunims-turintiems-virskinimo-problemu-2\/","name":"SPECIFIC\u2122 CIW konservai \u0161unims, turintiems vir\u0161kinimo problem\u0173 - anivet.lt","isPartOf":{"@id":"https:\/\/anivet.lt\/elparduotuve\/#website"},"primaryImageOfPage":{"@id":"https:\/\/anivet.lt\/elparduotuve\/produktas\/specific-ciw-konservai-sunims-turintiems-virskinimo-problemu-2\/#primaryimage"},"image":{"@id":"https:\/\/anivet.lt\/elparduotuve\/produktas\/specific-ciw-konservai-sunims-turintiems-virskinimo-problemu-2\/#primaryimage"},"thumbnailUrl":"https:\/\/anivet.lt\/elparduotuve\/wp-content\/uploads\/2023\/09\/F1zhhDOOoMYiUKAhKFmyXwHzQa0iu30o5GSOR8N4.jpg","datePublished":"2023-09-21T07:46:17+00:00","dateModified":"2026-05-14T08:38:31+00:00","description":"Visavertis ir subalansuotas konservuotas pa\u0161aras, skirtas \u0161unims su vir\u0161kinimo problemomis, tokiomis kaip malabsorbcija, prastas vir\u0161kinimas, kasos egzokrinin\u0117s funkcijos nepakankamumas, \u016bmios ir l\u0117tin\u0117s vir\u0161kinamojo trakto ligos. Taip pat tinkamas naudoti esant padid\u0117jusiam bakterij\u0173 dauginimuisi plonajame \u017earnyne, kolitui ar sveikstant po lig\u0173.","breadcrumb":{"@id":"https:\/\/anivet.lt\/elparduotuve\/produktas\/specific-ciw-konservai-sunims-turintiems-virskinimo-problemu-2\/#breadcrumb"},"inLanguage":"lt-LT","potentialAction":[{"@type":"ReadAction","target":["https:\/\/anivet.lt\/elparduotuve\/produktas\/specific-ciw-konservai-sunims-turintiems-virskinimo-problemu-2\/"]}]},{"@type":"ImageObject","inLanguage":"lt-LT","@id":"https:\/\/anivet.lt\/elparduotuve\/produktas\/specific-ciw-konservai-sunims-turintiems-virskinimo-problemu-2\/#primaryimage","url":"https:\/\/anivet.lt\/elparduotuve\/wp-content\/uploads\/2023\/09\/F1zhhDOOoMYiUKAhKFmyXwHzQa0iu30o5GSOR8N4.jpg","contentUrl":"https:\/\/anivet.lt\/elparduotuve\/wp-content\/uploads\/2023\/09\/F1zhhDOOoMYiUKAhKFmyXwHzQa0iu30o5GSOR8N4.jpg","width":400,"height":279,"caption":"SPECIFIC\u2122 CIW konservai \u0161unims, turintiems vir\u0161kinimo problem\u0173"},{"@type":"BreadcrumbList","@id":"https:\/\/anivet.lt\/elparduotuve\/produktas\/specific-ciw-konservai-sunims-turintiems-virskinimo-problemu-2\/#breadcrumb","itemListElement":[{"@type":"ListItem","position":1,"name":"Home","item":"https:\/\/anivet.lt\/elparduotuve\/"},{"@type":"ListItem","position":2,"name":"Produktai","item":"https:\/\/anivet.lt\/elparduotuve\/produktai\/"},{"@type":"ListItem","position":3,"name":"SPECIFIC\u2122 CIW konservai \u0161unims, turintiems vir\u0161kinimo problem\u0173"}]},{"@type":"WebSite","@id":"https:\/\/anivet.lt\/elparduotuve\/#website","url":"https:\/\/anivet.lt\/elparduotuve\/","name":"anivet.lt","description":"Viskas J\u016bs\u0173 \u0161uns, kat\u0117s prie\u017ei\u016brai","publisher":{"@id":"https:\/\/anivet.lt\/elparduotuve\/#organization"},"alternateName":"Viskas J\u016bs\u0173 \u0161uns, kat\u0117s prie\u017ei\u016brai","potentialAction":[{"@type":"SearchAction","target":{"@type":"EntryPoint","urlTemplate":"https:\/\/anivet.lt\/elparduotuve\/?s={search_term_string}"},"query-input":{"@type":"PropertyValueSpecification","valueRequired":true,"valueName":"search_term_string"}}],"inLanguage":"lt-LT"},{"@type":"Organization","@id":"https:\/\/anivet.lt\/elparduotuve\/#organization","name":"Viskas J\u016bs\u0173 \u0161uns, kat\u0117s prie\u017ei\u016brai","url":"https:\/\/anivet.lt\/elparduotuve\/","logo":{"@type":"ImageObject","inLanguage":"lt-LT","@id":"https:\/\/anivet.lt\/elparduotuve\/#\/schema\/logo\/image\/","url":"https:\/\/anivet.lt\/elparduotuve\/wp-content\/uploads\/2023\/06\/logo2.jpg","contentUrl":"https:\/\/anivet.lt\/elparduotuve\/wp-content\/uploads\/2023\/06\/logo2.jpg","width":655,"height":194,"caption":"Viskas J\u016bs\u0173 \u0161uns, kat\u0117s prie\u017ei\u016brai"},"image":{"@id":"https:\/\/anivet.lt\/elparduotuve\/#\/schema\/logo\/image\/"}}]}},"_links":{"self":[{"href":"https:\/\/anivet.lt\/elparduotuve\/wp-json\/wp\/v2\/product\/11897","targetHints":{"allow":["GET"]}}],"collection":[{"href":"https:\/\/anivet.lt\/elparduotuve\/wp-json\/wp\/v2\/product"}],"about":[{"href":"https:\/\/anivet.lt\/elparduotuve\/wp-json\/wp\/v2\/types\/product"}],"wp:featuredmedia":[{"embeddable":true,"href":"https:\/\/anivet.lt\/elparduotuve\/wp-json\/wp\/v2\/media\/11894"}],"wp:attachment":[{"href":"https:\/\/anivet.lt\/elparduotuve\/wp-json\/wp\/v2\/media?parent=11897"}],"wp:term":[{"taxonomy":"product_brand","embeddable":true,"href":"https:\/\/anivet.lt\/elparduotuve\/wp-json\/wp\/v2\/product_brand?post=11897"},{"taxonomy":"product_cat","embeddable":true,"href":"https:\/\/anivet.lt\/elparduotuve\/wp-json\/wp\/v2\/product_cat?post=11897"},{"taxonomy":"product_tag","embeddable":true,"href":"https:\/\/anivet.lt\/elparduotuve\/wp-json\/wp\/v2\/product_tag?post=11897"}],"curies":[{"name":"wp","href":"https:\/\/api.w.org\/{rel}","templated":true}]}}