{"id":11900,"date":"2023-09-21T08:27:11","date_gmt":"2023-09-21T08:27:11","guid":{"rendered":"https:\/\/anivet.lt\/elparduotuve\/?post_type=product&#038;p=11900"},"modified":"2026-04-16T09:52:02","modified_gmt":"2026-04-16T09:52:02","slug":"specific-crw-1-konservai-antsvorio-turintiems-sunims","status":"publish","type":"product","link":"https:\/\/anivet.lt\/elparduotuve\/produktas\/specific-crw-1-konservai-antsvorio-turintiems-sunims\/","title":{"rendered":"SPECIFIC\u2122 CRW-1 konservai antsvorio turintiems \u0161unims"},"content":{"rendered":"<ul>\n<li>\n<ul>\n<li style=\"font-weight: 400;\" aria-level=\"1\"><span style=\"font-weight: 400;\">Ma\u017ea energin\u0117 vert\u0117: Ma\u017eas riebal\u0173 ir didelis skaidul\u0173 kiekis leid\u017eia \u0161uniui pasisotinti net svorio metimo metu.<\/span><\/li>\n<li style=\"font-weight: 400;\" aria-level=\"1\"><span style=\"font-weight: 400;\">Auk\u0161tas baltym\u0173 kiekis: Palaiko raumen\u0173 mas\u0119 ir u\u017etikrina sotum\u0105 svorio metimo etape.<\/span><\/li>\n<li style=\"font-weight: 400;\" aria-level=\"1\"><span style=\"font-weight: 400;\">Omega-3 riebal\u0173 r\u016bg\u0161tys: Padeda palaikyti s\u0105nari\u0173 judrum\u0105 ir sveik\u0105 odos bei kailio b\u016bkl\u0119.<\/span><\/li>\n<li style=\"font-weight: 400;\" aria-level=\"1\"><span style=\"font-weight: 400;\">L-karnitinas: Skatina riebal\u0173 oksidacij\u0105, saugo raumenis ir palaiko sveik\u0105 metabolizm\u0105.<\/span><\/li>\n<li style=\"font-weight: 400;\" aria-level=\"1\"><span style=\"font-weight: 400;\">Tinkamas cukriniu diabetu sergantiems \u0161unims: Sud\u0117tiniai angliavandeniai ir skaidulos u\u017etikrina tolyg\u0173 gliukoz\u0117s i\u0161siskyrim\u0105.<\/span><\/li>\n<\/ul>\n<p><span style=\"font-weight: 400;\">Tai daugiau nei paprastas pa\u0161aras \u2013 tai mitybos sprendimas, kuris palaiko sveik\u0105 \u0161uns gyvenimo b\u016bd\u0105, u\u017etikrina, kad svorio ma\u017einimas bus veiksmingas ir saugus. Pa\u0161aro sud\u0117tis yra kruop\u0161\u010diai subalansuota, kad \u0161uo jaust\u0173si sotus ir gaut\u0173 visas reikalingas maistines med\u017eiagas.<\/span><\/p>\n<h3><b>Nerekomenduojama:<\/b><\/h3>\n<ul>\n<li style=\"font-weight: 400;\" aria-level=\"1\"><span style=\"font-weight: 400;\">\u0160uniukams.<\/span><\/li>\n<li style=\"font-weight: 400;\" aria-level=\"1\"><span style=\"font-weight: 400;\">\u0160uningoms arba \u017eindan\u010dioms kal\u0117ms.<\/span><\/li>\n<\/ul>\n<\/li>\n<\/ul>\n","protected":false},"excerpt":{"rendered":"<p><span style=\"font-weight: 400;\">Subalansuotas konservuotas pa\u0161aras, specialiai sukurtas antsvorio turintiems \u0161unims, taip pat tiems, kurie serga cukriniu diabetu, kolitu, l\u0117tine diar\u0117ja, viduri\u0173 u\u017ekiet\u0117jimu, hiperlipidemija ar cholestaze. \u0160is pa\u0161aras padeda palaikyti sveik\u0105 svorio ma\u017einimo proces\u0105 ir bendrai ger\u0105 sveikat\u0105.<\/span><\/p>\n","protected":false},"featured_media":11901,"template":"","meta":[],"product_brand":[],"product_cat":[101,103,107,321],"product_tag":[],"class_list":{"0":"post-11900","1":"product","2":"type-product","3":"status-publish","4":"has-post-thumbnail","6":"product_cat-sunims","7":"product_cat-sunu-maistas","8":"product_cat-veterinarine-dieta","9":"product_cat-specific-sunu-maistas","10":"pa_prekinis-zenklas-specific","12":"first","13":"instock","14":"sale","15":"taxable","16":"shipping-taxable","17":"purchasable","18":"product-type-variable"},"yoast_head":"<!-- This site is optimized with the Yoast SEO Premium plugin v27.1 (Yoast SEO v27.5) - https:\/\/yoast.com\/product\/yoast-seo-premium-wordpress\/ -->\n<title>SPECIFIC\u2122 CRW-1 konservai antsvorio turintiems \u0161unims - anivet.lt<\/title>\n<meta name=\"description\" content=\"Subalansuotas konservuotas pa\u0161aras, specialiai sukurtas antsvorio turintiems \u0161unims, taip pat tiems, kurie serga cukriniu diabetu, kolitu, l\u0117tine diar\u0117ja, viduri\u0173 u\u017ekiet\u0117jimu, hiperlipidemija ar cholestaze. \u0160is pa\u0161aras padeda palaikyti sveik\u0105 svorio ma\u017einimo proces\u0105 ir bendrai ger\u0105 sveikat\u0105.\" \/>\n<meta name=\"robots\" content=\"index, follow, max-snippet:-1, max-image-preview:large, max-video-preview:-1\" \/>\n<link rel=\"canonical\" href=\"https:\/\/anivet.lt\/elparduotuve\/produktas\/specific-crw-1-konservai-antsvorio-turintiems-sunims\/\" \/>\n<meta property=\"og:locale\" content=\"lt_LT\" \/>\n<meta property=\"og:type\" content=\"article\" \/>\n<meta property=\"og:title\" content=\"SPECIFIC\u2122 CRW-1 konservai antsvorio turintiems \u0161unims\" \/>\n<meta property=\"og:description\" content=\"Subalansuotas konservuotas pa\u0161aras, specialiai sukurtas antsvorio turintiems \u0161unims, taip pat tiems, kurie serga cukriniu diabetu, kolitu, l\u0117tine diar\u0117ja, viduri\u0173 u\u017ekiet\u0117jimu, hiperlipidemija ar cholestaze. \u0160is pa\u0161aras padeda palaikyti sveik\u0105 svorio ma\u017einimo proces\u0105 ir bendrai ger\u0105 sveikat\u0105.\" \/>\n<meta property=\"og:url\" content=\"https:\/\/anivet.lt\/elparduotuve\/produktas\/specific-crw-1-konservai-antsvorio-turintiems-sunims\/\" \/>\n<meta property=\"og:site_name\" content=\"anivet.lt\" \/>\n<meta property=\"article:modified_time\" content=\"2026-04-16T09:52:02+00:00\" \/>\n<meta property=\"og:image\" content=\"https:\/\/anivet.lt\/elparduotuve\/wp-content\/uploads\/2023\/09\/SoaMAKS2vUSOYGPZ5QqTID6ovbeZIpGbMqbz4wT3.png\" \/>\n\t<meta property=\"og:image:width\" content=\"2000\" \/>\n\t<meta property=\"og:image:height\" content=\"1458\" \/>\n\t<meta property=\"og:image:type\" content=\"image\/png\" \/>\n<meta name=\"twitter:card\" content=\"summary_large_image\" \/>\n<meta name=\"twitter:label1\" content=\"Est. reading time\" \/>\n\t<meta name=\"twitter:data1\" content=\"1 minut\u0117\" \/>\n<script type=\"application\/ld+json\" class=\"yoast-schema-graph\">{\"@context\":\"https:\\\/\\\/schema.org\",\"@graph\":[{\"@type\":\"WebPage\",\"@id\":\"https:\\\/\\\/anivet.lt\\\/elparduotuve\\\/produktas\\\/specific-crw-1-konservai-antsvorio-turintiems-sunims\\\/\",\"url\":\"https:\\\/\\\/anivet.lt\\\/elparduotuve\\\/produktas\\\/specific-crw-1-konservai-antsvorio-turintiems-sunims\\\/\",\"name\":\"SPECIFIC\u2122 CRW-1 konservai antsvorio turintiems \u0161unims - anivet.lt\",\"isPartOf\":{\"@id\":\"https:\\\/\\\/anivet.lt\\\/elparduotuve\\\/#website\"},\"primaryImageOfPage\":{\"@id\":\"https:\\\/\\\/anivet.lt\\\/elparduotuve\\\/produktas\\\/specific-crw-1-konservai-antsvorio-turintiems-sunims\\\/#primaryimage\"},\"image\":{\"@id\":\"https:\\\/\\\/anivet.lt\\\/elparduotuve\\\/produktas\\\/specific-crw-1-konservai-antsvorio-turintiems-sunims\\\/#primaryimage\"},\"thumbnailUrl\":\"https:\\\/\\\/anivet.lt\\\/elparduotuve\\\/wp-content\\\/uploads\\\/2023\\\/09\\\/SoaMAKS2vUSOYGPZ5QqTID6ovbeZIpGbMqbz4wT3.png\",\"datePublished\":\"2023-09-21T08:27:11+00:00\",\"dateModified\":\"2026-04-16T09:52:02+00:00\",\"description\":\"Subalansuotas konservuotas pa\u0161aras, specialiai sukurtas antsvorio turintiems \u0161unims, taip pat tiems, kurie serga cukriniu diabetu, kolitu, l\u0117tine diar\u0117ja, viduri\u0173 u\u017ekiet\u0117jimu, hiperlipidemija ar cholestaze. \u0160is pa\u0161aras padeda palaikyti sveik\u0105 svorio ma\u017einimo proces\u0105 ir bendrai ger\u0105 sveikat\u0105.\",\"breadcrumb\":{\"@id\":\"https:\\\/\\\/anivet.lt\\\/elparduotuve\\\/produktas\\\/specific-crw-1-konservai-antsvorio-turintiems-sunims\\\/#breadcrumb\"},\"inLanguage\":\"lt-LT\",\"potentialAction\":[{\"@type\":\"ReadAction\",\"target\":[\"https:\\\/\\\/anivet.lt\\\/elparduotuve\\\/produktas\\\/specific-crw-1-konservai-antsvorio-turintiems-sunims\\\/\"]}]},{\"@type\":\"ImageObject\",\"inLanguage\":\"lt-LT\",\"@id\":\"https:\\\/\\\/anivet.lt\\\/elparduotuve\\\/produktas\\\/specific-crw-1-konservai-antsvorio-turintiems-sunims\\\/#primaryimage\",\"url\":\"https:\\\/\\\/anivet.lt\\\/elparduotuve\\\/wp-content\\\/uploads\\\/2023\\\/09\\\/SoaMAKS2vUSOYGPZ5QqTID6ovbeZIpGbMqbz4wT3.png\",\"contentUrl\":\"https:\\\/\\\/anivet.lt\\\/elparduotuve\\\/wp-content\\\/uploads\\\/2023\\\/09\\\/SoaMAKS2vUSOYGPZ5QqTID6ovbeZIpGbMqbz4wT3.png\",\"width\":2000,\"height\":1458,\"caption\":\"SPECIFIC\u2122 CRW-1 konservai antsvorio turintiems \u0161unims\"},{\"@type\":\"BreadcrumbList\",\"@id\":\"https:\\\/\\\/anivet.lt\\\/elparduotuve\\\/produktas\\\/specific-crw-1-konservai-antsvorio-turintiems-sunims\\\/#breadcrumb\",\"itemListElement\":[{\"@type\":\"ListItem\",\"position\":1,\"name\":\"Home\",\"item\":\"https:\\\/\\\/anivet.lt\\\/elparduotuve\\\/\"},{\"@type\":\"ListItem\",\"position\":2,\"name\":\"Produktai\",\"item\":\"https:\\\/\\\/anivet.lt\\\/elparduotuve\\\/produktai\\\/\"},{\"@type\":\"ListItem\",\"position\":3,\"name\":\"SPECIFIC\u2122 CRW-1 konservai antsvorio turintiems \u0161unims\"}]},{\"@type\":\"WebSite\",\"@id\":\"https:\\\/\\\/anivet.lt\\\/elparduotuve\\\/#website\",\"url\":\"https:\\\/\\\/anivet.lt\\\/elparduotuve\\\/\",\"name\":\"anivet.lt\",\"description\":\"Viskas J\u016bs\u0173 \u0161uns, kat\u0117s prie\u017ei\u016brai\",\"publisher\":{\"@id\":\"https:\\\/\\\/anivet.lt\\\/elparduotuve\\\/#organization\"},\"alternateName\":\"Viskas J\u016bs\u0173 \u0161uns, kat\u0117s prie\u017ei\u016brai\",\"potentialAction\":[{\"@type\":\"SearchAction\",\"target\":{\"@type\":\"EntryPoint\",\"urlTemplate\":\"https:\\\/\\\/anivet.lt\\\/elparduotuve\\\/?s={search_term_string}\"},\"query-input\":{\"@type\":\"PropertyValueSpecification\",\"valueRequired\":true,\"valueName\":\"search_term_string\"}}],\"inLanguage\":\"lt-LT\"},{\"@type\":\"Organization\",\"@id\":\"https:\\\/\\\/anivet.lt\\\/elparduotuve\\\/#organization\",\"name\":\"Viskas J\u016bs\u0173 \u0161uns, kat\u0117s prie\u017ei\u016brai\",\"url\":\"https:\\\/\\\/anivet.lt\\\/elparduotuve\\\/\",\"logo\":{\"@type\":\"ImageObject\",\"inLanguage\":\"lt-LT\",\"@id\":\"https:\\\/\\\/anivet.lt\\\/elparduotuve\\\/#\\\/schema\\\/logo\\\/image\\\/\",\"url\":\"https:\\\/\\\/anivet.lt\\\/elparduotuve\\\/wp-content\\\/uploads\\\/2023\\\/06\\\/logo2.jpg\",\"contentUrl\":\"https:\\\/\\\/anivet.lt\\\/elparduotuve\\\/wp-content\\\/uploads\\\/2023\\\/06\\\/logo2.jpg\",\"width\":655,\"height\":194,\"caption\":\"Viskas J\u016bs\u0173 \u0161uns, kat\u0117s prie\u017ei\u016brai\"},\"image\":{\"@id\":\"https:\\\/\\\/anivet.lt\\\/elparduotuve\\\/#\\\/schema\\\/logo\\\/image\\\/\"}}]}<\/script>\n<!-- \/ Yoast SEO Premium plugin. -->","yoast_head_json":{"title":"SPECIFIC\u2122 CRW-1 konservai antsvorio turintiems \u0161unims - anivet.lt","description":"Subalansuotas konservuotas pa\u0161aras, specialiai sukurtas antsvorio turintiems \u0161unims, taip pat tiems, kurie serga cukriniu diabetu, kolitu, l\u0117tine diar\u0117ja, viduri\u0173 u\u017ekiet\u0117jimu, hiperlipidemija ar cholestaze. \u0160is pa\u0161aras padeda palaikyti sveik\u0105 svorio ma\u017einimo proces\u0105 ir bendrai ger\u0105 sveikat\u0105.","robots":{"index":"index","follow":"follow","max-snippet":"max-snippet:-1","max-image-preview":"max-image-preview:large","max-video-preview":"max-video-preview:-1"},"canonical":"https:\/\/anivet.lt\/elparduotuve\/produktas\/specific-crw-1-konservai-antsvorio-turintiems-sunims\/","og_locale":"lt_LT","og_type":"article","og_title":"SPECIFIC\u2122 CRW-1 konservai antsvorio turintiems \u0161unims","og_description":"Subalansuotas konservuotas pa\u0161aras, specialiai sukurtas antsvorio turintiems \u0161unims, taip pat tiems, kurie serga cukriniu diabetu, kolitu, l\u0117tine diar\u0117ja, viduri\u0173 u\u017ekiet\u0117jimu, hiperlipidemija ar cholestaze. \u0160is pa\u0161aras padeda palaikyti sveik\u0105 svorio ma\u017einimo proces\u0105 ir bendrai ger\u0105 sveikat\u0105.","og_url":"https:\/\/anivet.lt\/elparduotuve\/produktas\/specific-crw-1-konservai-antsvorio-turintiems-sunims\/","og_site_name":"anivet.lt","article_modified_time":"2026-04-16T09:52:02+00:00","og_image":[{"width":2000,"height":1458,"url":"https:\/\/anivet.lt\/elparduotuve\/wp-content\/uploads\/2023\/09\/SoaMAKS2vUSOYGPZ5QqTID6ovbeZIpGbMqbz4wT3.png","type":"image\/png"}],"twitter_card":"summary_large_image","twitter_misc":{"Est. reading time":"1 minut\u0117"},"schema":{"@context":"https:\/\/schema.org","@graph":[{"@type":"WebPage","@id":"https:\/\/anivet.lt\/elparduotuve\/produktas\/specific-crw-1-konservai-antsvorio-turintiems-sunims\/","url":"https:\/\/anivet.lt\/elparduotuve\/produktas\/specific-crw-1-konservai-antsvorio-turintiems-sunims\/","name":"SPECIFIC\u2122 CRW-1 konservai antsvorio turintiems \u0161unims - anivet.lt","isPartOf":{"@id":"https:\/\/anivet.lt\/elparduotuve\/#website"},"primaryImageOfPage":{"@id":"https:\/\/anivet.lt\/elparduotuve\/produktas\/specific-crw-1-konservai-antsvorio-turintiems-sunims\/#primaryimage"},"image":{"@id":"https:\/\/anivet.lt\/elparduotuve\/produktas\/specific-crw-1-konservai-antsvorio-turintiems-sunims\/#primaryimage"},"thumbnailUrl":"https:\/\/anivet.lt\/elparduotuve\/wp-content\/uploads\/2023\/09\/SoaMAKS2vUSOYGPZ5QqTID6ovbeZIpGbMqbz4wT3.png","datePublished":"2023-09-21T08:27:11+00:00","dateModified":"2026-04-16T09:52:02+00:00","description":"Subalansuotas konservuotas pa\u0161aras, specialiai sukurtas antsvorio turintiems \u0161unims, taip pat tiems, kurie serga cukriniu diabetu, kolitu, l\u0117tine diar\u0117ja, viduri\u0173 u\u017ekiet\u0117jimu, hiperlipidemija ar cholestaze. \u0160is pa\u0161aras padeda palaikyti sveik\u0105 svorio ma\u017einimo proces\u0105 ir bendrai ger\u0105 sveikat\u0105.","breadcrumb":{"@id":"https:\/\/anivet.lt\/elparduotuve\/produktas\/specific-crw-1-konservai-antsvorio-turintiems-sunims\/#breadcrumb"},"inLanguage":"lt-LT","potentialAction":[{"@type":"ReadAction","target":["https:\/\/anivet.lt\/elparduotuve\/produktas\/specific-crw-1-konservai-antsvorio-turintiems-sunims\/"]}]},{"@type":"ImageObject","inLanguage":"lt-LT","@id":"https:\/\/anivet.lt\/elparduotuve\/produktas\/specific-crw-1-konservai-antsvorio-turintiems-sunims\/#primaryimage","url":"https:\/\/anivet.lt\/elparduotuve\/wp-content\/uploads\/2023\/09\/SoaMAKS2vUSOYGPZ5QqTID6ovbeZIpGbMqbz4wT3.png","contentUrl":"https:\/\/anivet.lt\/elparduotuve\/wp-content\/uploads\/2023\/09\/SoaMAKS2vUSOYGPZ5QqTID6ovbeZIpGbMqbz4wT3.png","width":2000,"height":1458,"caption":"SPECIFIC\u2122 CRW-1 konservai antsvorio turintiems \u0161unims"},{"@type":"BreadcrumbList","@id":"https:\/\/anivet.lt\/elparduotuve\/produktas\/specific-crw-1-konservai-antsvorio-turintiems-sunims\/#breadcrumb","itemListElement":[{"@type":"ListItem","position":1,"name":"Home","item":"https:\/\/anivet.lt\/elparduotuve\/"},{"@type":"ListItem","position":2,"name":"Produktai","item":"https:\/\/anivet.lt\/elparduotuve\/produktai\/"},{"@type":"ListItem","position":3,"name":"SPECIFIC\u2122 CRW-1 konservai antsvorio turintiems \u0161unims"}]},{"@type":"WebSite","@id":"https:\/\/anivet.lt\/elparduotuve\/#website","url":"https:\/\/anivet.lt\/elparduotuve\/","name":"anivet.lt","description":"Viskas J\u016bs\u0173 \u0161uns, kat\u0117s prie\u017ei\u016brai","publisher":{"@id":"https:\/\/anivet.lt\/elparduotuve\/#organization"},"alternateName":"Viskas J\u016bs\u0173 \u0161uns, kat\u0117s prie\u017ei\u016brai","potentialAction":[{"@type":"SearchAction","target":{"@type":"EntryPoint","urlTemplate":"https:\/\/anivet.lt\/elparduotuve\/?s={search_term_string}"},"query-input":{"@type":"PropertyValueSpecification","valueRequired":true,"valueName":"search_term_string"}}],"inLanguage":"lt-LT"},{"@type":"Organization","@id":"https:\/\/anivet.lt\/elparduotuve\/#organization","name":"Viskas J\u016bs\u0173 \u0161uns, kat\u0117s prie\u017ei\u016brai","url":"https:\/\/anivet.lt\/elparduotuve\/","logo":{"@type":"ImageObject","inLanguage":"lt-LT","@id":"https:\/\/anivet.lt\/elparduotuve\/#\/schema\/logo\/image\/","url":"https:\/\/anivet.lt\/elparduotuve\/wp-content\/uploads\/2023\/06\/logo2.jpg","contentUrl":"https:\/\/anivet.lt\/elparduotuve\/wp-content\/uploads\/2023\/06\/logo2.jpg","width":655,"height":194,"caption":"Viskas J\u016bs\u0173 \u0161uns, kat\u0117s prie\u017ei\u016brai"},"image":{"@id":"https:\/\/anivet.lt\/elparduotuve\/#\/schema\/logo\/image\/"}}]}},"_links":{"self":[{"href":"https:\/\/anivet.lt\/elparduotuve\/wp-json\/wp\/v2\/product\/11900","targetHints":{"allow":["GET"]}}],"collection":[{"href":"https:\/\/anivet.lt\/elparduotuve\/wp-json\/wp\/v2\/product"}],"about":[{"href":"https:\/\/anivet.lt\/elparduotuve\/wp-json\/wp\/v2\/types\/product"}],"wp:featuredmedia":[{"embeddable":true,"href":"https:\/\/anivet.lt\/elparduotuve\/wp-json\/wp\/v2\/media\/11901"}],"wp:attachment":[{"href":"https:\/\/anivet.lt\/elparduotuve\/wp-json\/wp\/v2\/media?parent=11900"}],"wp:term":[{"taxonomy":"product_brand","embeddable":true,"href":"https:\/\/anivet.lt\/elparduotuve\/wp-json\/wp\/v2\/product_brand?post=11900"},{"taxonomy":"product_cat","embeddable":true,"href":"https:\/\/anivet.lt\/elparduotuve\/wp-json\/wp\/v2\/product_cat?post=11900"},{"taxonomy":"product_tag","embeddable":true,"href":"https:\/\/anivet.lt\/elparduotuve\/wp-json\/wp\/v2\/product_tag?post=11900"}],"curies":[{"name":"wp","href":"https:\/\/api.w.org\/{rel}","templated":true}]}}