{"id":11909,"date":"2023-09-21T10:19:31","date_gmt":"2023-09-21T10:19:31","guid":{"rendered":"https:\/\/anivet.lt\/elparduotuve\/?post_type=product&#038;p=11909"},"modified":"2026-04-16T10:27:24","modified_gmt":"2026-04-16T10:27:24","slug":"specific-f-c-in-l-atstatomasis-konservas-sveikstantiems-sunims-ir-katems","status":"publish","type":"product","link":"https:\/\/anivet.lt\/elparduotuve\/produktas\/specific-f-c-in-l-atstatomasis-konservas-sveikstantiems-sunims-ir-katems\/","title":{"rendered":"SPECIFIC\u2122 F\/C-IN-L atstatomasis konservas sveikstantiems \u0161unims ir kat\u0117ms"},"content":{"rendered":"<ul>\n<li style=\"font-weight: 400;\" aria-level=\"1\"><span style=\"font-weight: 400;\">Lengvai vir\u0161kinamos sudedamosios dalys: U\u017etikrina optimal\u0173 maistini\u0173 med\u017eiag\u0173 \u012fsisavinim\u0105 net susilpn\u0117jus vir\u0161kinimui.<\/span><\/li>\n<li style=\"font-weight: 400;\" aria-level=\"1\"><span style=\"font-weight: 400;\">Didel\u0117 energin\u0117 vert\u0117: Didelis baltym\u0173, riebal\u0173, vitamin\u0173 ir mineral\u0173 kiekis skatina sveikim\u0105 ir padeda suma\u017einti \u0161\u0117rimo normas.<\/span><\/li>\n<li style=\"font-weight: 400;\" aria-level=\"1\"><span style=\"font-weight: 400;\">Imuniteto stiprinimas: Sud\u0117tyje yra \u00df-1,3\/1,6 gliukan\u0173, omega-3 riebal\u0173 r\u016bg\u0161\u010di\u0173, cinko, seleno ir arginino, skatinan\u010di\u0173 imunin\u012f atsak\u0105 ir \u017eaizd\u0173 gijim\u0105.<\/span><\/li>\n<li style=\"font-weight: 400;\" aria-level=\"1\"><span style=\"font-weight: 400;\">Specialiai pritaikytas skystas pa\u0161aras: Tinka \u0161erti \u0161virk\u0161tu ar per zond\u0105, o jo konsistencija u\u017etikrina patog\u0173 naudojim\u0105.<\/span><\/li>\n<li style=\"font-weight: 400;\" aria-level=\"1\"><span style=\"font-weight: 400;\">Pagalba sveikimui: L-karnitinas palaiko lies\u0105 k\u016bno mas\u0119 ir riebal\u0173 r\u016bg\u0161\u010di\u0173 oksidacij\u0105, o glutaminas ir amino r\u016bg\u0161tys skatina \u017earnyno ir raumen\u0173 sveikat\u0105.<\/span><\/li>\n<\/ul>\n<p><span style=\"font-weight: 400;\">Rekomenduojama dienos norm\u0105 palaipsniui didinti per pirm\u0105sias penkias dienas ir \u0161erti pa\u0161ar\u0105 kambario temperat\u016bros, suskirstyt\u0105 \u012f kelias ma\u017eesnes porcijas. Idealus pasirinkimas pacientams, kuriems reikalinga intensyvi mitybos prie\u017ei\u016bra, u\u017etikrinant nenutr\u016bkstam\u0105 sveikimo proces\u0105.<\/span><\/p>\n<h3><b>Nerekomenduojama:<\/b><\/h3>\n<ul>\n<li style=\"font-weight: 400;\" aria-level=\"1\"><span style=\"font-weight: 400;\">Turint kepen\u0173 kilm\u0117s encefalopatija.<\/span><\/li>\n<li style=\"font-weight: 400;\" aria-level=\"1\"><span style=\"font-weight: 400;\">Sergant pankreatitu.<\/span><\/li>\n<li style=\"font-weight: 400;\" aria-level=\"1\"><span style=\"font-weight: 400;\">Sergant hiperlipidemija.<\/span><\/li>\n<\/ul>\n","protected":false},"excerpt":{"rendered":"<p><span style=\"font-weight: 400;\">Visavertis subalansuotas pa\u0161aras skirtas \u0161unims ir kat\u0117ms, kuriems reikalinga intensyvi slauga ar mitybos atstatymas po traum\u0173, operacij\u0173, anoreksijos, kacheksijos ar sergant v\u0117\u017eiu. Puikiai pritaikytas pacientams su padid\u0117jusiais mitybos poreikiais ar suma\u017e\u0117jusiu apetitu, taip pat tinkamas \u0161erti per zond\u0105.<\/span><\/p>\n","protected":false},"featured_media":11910,"template":"","meta":[],"product_brand":[],"product_cat":[101,103,114,102,107,118,326,321],"product_tag":[],"class_list":{"0":"post-11909","1":"product","2":"type-product","3":"status-publish","4":"has-post-thumbnail","6":"product_cat-sunims","7":"product_cat-sunu-maistas","8":"product_cat-kaciu-maistas","9":"product_cat-katems","10":"product_cat-veterinarine-dieta","11":"product_cat-veterinarinis-maistas-katems","12":"product_cat-specific-kaciu-maistas","13":"product_cat-specific-sunu-maistas","14":"pa_prekinis-zenklas-specific","16":"first","17":"instock","18":"taxable","19":"shipping-taxable","20":"purchasable","21":"product-type-simple"},"yoast_head":"<!-- This site is optimized with the Yoast SEO Premium plugin v27.1 (Yoast SEO v27.5) - https:\/\/yoast.com\/product\/yoast-seo-premium-wordpress\/ -->\n<title>SPECIFIC\u2122 F\/C-IN-L atstatomasis konservas sveikstantiems \u0161unims ir kat\u0117ms - anivet.lt<\/title>\n<meta name=\"description\" content=\"Visavertis subalansuotas pa\u0161aras skirtas \u0161unims ir kat\u0117ms, kuriems reikalinga intensyvi slauga ar mitybos atstatymas po traum\u0173, operacij\u0173, anoreksijos, kacheksijos ar sergant v\u0117\u017eiu. Puikiai pritaikytas pacientams su padid\u0117jusiais mitybos poreikiais ar suma\u017e\u0117jusiu apetitu, taip pat tinkamas \u0161erti per zond\u0105.\" \/>\n<meta name=\"robots\" content=\"index, follow, max-snippet:-1, max-image-preview:large, max-video-preview:-1\" \/>\n<link rel=\"canonical\" href=\"https:\/\/anivet.lt\/elparduotuve\/produktas\/specific-f-c-in-l-atstatomasis-konservas-sveikstantiems-sunims-ir-katems\/\" \/>\n<meta property=\"og:locale\" content=\"lt_LT\" \/>\n<meta property=\"og:type\" content=\"article\" \/>\n<meta property=\"og:title\" content=\"SPECIFIC\u2122 F\/C-IN-L atstatomasis konservas sveikstantiems \u0161unims ir kat\u0117ms\" \/>\n<meta property=\"og:description\" content=\"Visavertis subalansuotas pa\u0161aras skirtas \u0161unims ir kat\u0117ms, kuriems reikalinga intensyvi slauga ar mitybos atstatymas po traum\u0173, operacij\u0173, anoreksijos, kacheksijos ar sergant v\u0117\u017eiu. Puikiai pritaikytas pacientams su padid\u0117jusiais mitybos poreikiais ar suma\u017e\u0117jusiu apetitu, taip pat tinkamas \u0161erti per zond\u0105.\" \/>\n<meta property=\"og:url\" content=\"https:\/\/anivet.lt\/elparduotuve\/produktas\/specific-f-c-in-l-atstatomasis-konservas-sveikstantiems-sunims-ir-katems\/\" \/>\n<meta property=\"og:site_name\" content=\"anivet.lt\" \/>\n<meta property=\"article:modified_time\" content=\"2026-04-16T10:27:24+00:00\" \/>\n<meta property=\"og:image\" content=\"https:\/\/anivet.lt\/elparduotuve\/wp-content\/uploads\/2023\/09\/7qcPCAvzUn5JDHboeR9Hx599nJI85usKFVKtBAS3.jpg\" \/>\n\t<meta property=\"og:image:width\" content=\"800\" \/>\n\t<meta property=\"og:image:height\" content=\"800\" \/>\n\t<meta property=\"og:image:type\" content=\"image\/jpeg\" \/>\n<meta name=\"twitter:card\" content=\"summary_large_image\" \/>\n<meta name=\"twitter:label1\" content=\"Est. reading time\" \/>\n\t<meta name=\"twitter:data1\" content=\"1 minut\u0117\" \/>\n<script type=\"application\/ld+json\" class=\"yoast-schema-graph\">{\"@context\":\"https:\\\/\\\/schema.org\",\"@graph\":[{\"@type\":\"WebPage\",\"@id\":\"https:\\\/\\\/anivet.lt\\\/elparduotuve\\\/produktas\\\/specific-f-c-in-l-atstatomasis-konservas-sveikstantiems-sunims-ir-katems\\\/\",\"url\":\"https:\\\/\\\/anivet.lt\\\/elparduotuve\\\/produktas\\\/specific-f-c-in-l-atstatomasis-konservas-sveikstantiems-sunims-ir-katems\\\/\",\"name\":\"SPECIFIC\u2122 F\\\/C-IN-L atstatomasis konservas sveikstantiems \u0161unims ir kat\u0117ms - anivet.lt\",\"isPartOf\":{\"@id\":\"https:\\\/\\\/anivet.lt\\\/elparduotuve\\\/#website\"},\"primaryImageOfPage\":{\"@id\":\"https:\\\/\\\/anivet.lt\\\/elparduotuve\\\/produktas\\\/specific-f-c-in-l-atstatomasis-konservas-sveikstantiems-sunims-ir-katems\\\/#primaryimage\"},\"image\":{\"@id\":\"https:\\\/\\\/anivet.lt\\\/elparduotuve\\\/produktas\\\/specific-f-c-in-l-atstatomasis-konservas-sveikstantiems-sunims-ir-katems\\\/#primaryimage\"},\"thumbnailUrl\":\"https:\\\/\\\/anivet.lt\\\/elparduotuve\\\/wp-content\\\/uploads\\\/2023\\\/09\\\/7qcPCAvzUn5JDHboeR9Hx599nJI85usKFVKtBAS3.jpg\",\"datePublished\":\"2023-09-21T10:19:31+00:00\",\"dateModified\":\"2026-04-16T10:27:24+00:00\",\"description\":\"Visavertis subalansuotas pa\u0161aras skirtas \u0161unims ir kat\u0117ms, kuriems reikalinga intensyvi slauga ar mitybos atstatymas po traum\u0173, operacij\u0173, anoreksijos, kacheksijos ar sergant v\u0117\u017eiu. Puikiai pritaikytas pacientams su padid\u0117jusiais mitybos poreikiais ar suma\u017e\u0117jusiu apetitu, taip pat tinkamas \u0161erti per zond\u0105.\",\"breadcrumb\":{\"@id\":\"https:\\\/\\\/anivet.lt\\\/elparduotuve\\\/produktas\\\/specific-f-c-in-l-atstatomasis-konservas-sveikstantiems-sunims-ir-katems\\\/#breadcrumb\"},\"inLanguage\":\"lt-LT\",\"potentialAction\":[{\"@type\":\"ReadAction\",\"target\":[\"https:\\\/\\\/anivet.lt\\\/elparduotuve\\\/produktas\\\/specific-f-c-in-l-atstatomasis-konservas-sveikstantiems-sunims-ir-katems\\\/\"]}]},{\"@type\":\"ImageObject\",\"inLanguage\":\"lt-LT\",\"@id\":\"https:\\\/\\\/anivet.lt\\\/elparduotuve\\\/produktas\\\/specific-f-c-in-l-atstatomasis-konservas-sveikstantiems-sunims-ir-katems\\\/#primaryimage\",\"url\":\"https:\\\/\\\/anivet.lt\\\/elparduotuve\\\/wp-content\\\/uploads\\\/2023\\\/09\\\/7qcPCAvzUn5JDHboeR9Hx599nJI85usKFVKtBAS3.jpg\",\"contentUrl\":\"https:\\\/\\\/anivet.lt\\\/elparduotuve\\\/wp-content\\\/uploads\\\/2023\\\/09\\\/7qcPCAvzUn5JDHboeR9Hx599nJI85usKFVKtBAS3.jpg\",\"width\":800,\"height\":800,\"caption\":\"SPECIFIC\u2122 F\\\/C-IN-L atstatomasis konservas sveikstantiems \u0161unims ir kat\u0117ms\"},{\"@type\":\"BreadcrumbList\",\"@id\":\"https:\\\/\\\/anivet.lt\\\/elparduotuve\\\/produktas\\\/specific-f-c-in-l-atstatomasis-konservas-sveikstantiems-sunims-ir-katems\\\/#breadcrumb\",\"itemListElement\":[{\"@type\":\"ListItem\",\"position\":1,\"name\":\"Home\",\"item\":\"https:\\\/\\\/anivet.lt\\\/elparduotuve\\\/\"},{\"@type\":\"ListItem\",\"position\":2,\"name\":\"Produktai\",\"item\":\"https:\\\/\\\/anivet.lt\\\/elparduotuve\\\/produktai\\\/\"},{\"@type\":\"ListItem\",\"position\":3,\"name\":\"SPECIFIC\u2122 F\\\/C-IN-L atstatomasis konservas sveikstantiems \u0161unims ir kat\u0117ms\"}]},{\"@type\":\"WebSite\",\"@id\":\"https:\\\/\\\/anivet.lt\\\/elparduotuve\\\/#website\",\"url\":\"https:\\\/\\\/anivet.lt\\\/elparduotuve\\\/\",\"name\":\"anivet.lt\",\"description\":\"Viskas J\u016bs\u0173 \u0161uns, kat\u0117s prie\u017ei\u016brai\",\"publisher\":{\"@id\":\"https:\\\/\\\/anivet.lt\\\/elparduotuve\\\/#organization\"},\"alternateName\":\"Viskas J\u016bs\u0173 \u0161uns, kat\u0117s prie\u017ei\u016brai\",\"potentialAction\":[{\"@type\":\"SearchAction\",\"target\":{\"@type\":\"EntryPoint\",\"urlTemplate\":\"https:\\\/\\\/anivet.lt\\\/elparduotuve\\\/?s={search_term_string}\"},\"query-input\":{\"@type\":\"PropertyValueSpecification\",\"valueRequired\":true,\"valueName\":\"search_term_string\"}}],\"inLanguage\":\"lt-LT\"},{\"@type\":\"Organization\",\"@id\":\"https:\\\/\\\/anivet.lt\\\/elparduotuve\\\/#organization\",\"name\":\"Viskas J\u016bs\u0173 \u0161uns, kat\u0117s prie\u017ei\u016brai\",\"url\":\"https:\\\/\\\/anivet.lt\\\/elparduotuve\\\/\",\"logo\":{\"@type\":\"ImageObject\",\"inLanguage\":\"lt-LT\",\"@id\":\"https:\\\/\\\/anivet.lt\\\/elparduotuve\\\/#\\\/schema\\\/logo\\\/image\\\/\",\"url\":\"https:\\\/\\\/anivet.lt\\\/elparduotuve\\\/wp-content\\\/uploads\\\/2023\\\/06\\\/logo2.jpg\",\"contentUrl\":\"https:\\\/\\\/anivet.lt\\\/elparduotuve\\\/wp-content\\\/uploads\\\/2023\\\/06\\\/logo2.jpg\",\"width\":655,\"height\":194,\"caption\":\"Viskas J\u016bs\u0173 \u0161uns, kat\u0117s prie\u017ei\u016brai\"},\"image\":{\"@id\":\"https:\\\/\\\/anivet.lt\\\/elparduotuve\\\/#\\\/schema\\\/logo\\\/image\\\/\"}}]}<\/script>\n<!-- \/ Yoast SEO Premium plugin. -->","yoast_head_json":{"title":"SPECIFIC\u2122 F\/C-IN-L atstatomasis konservas sveikstantiems \u0161unims ir kat\u0117ms - anivet.lt","description":"Visavertis subalansuotas pa\u0161aras skirtas \u0161unims ir kat\u0117ms, kuriems reikalinga intensyvi slauga ar mitybos atstatymas po traum\u0173, operacij\u0173, anoreksijos, kacheksijos ar sergant v\u0117\u017eiu. Puikiai pritaikytas pacientams su padid\u0117jusiais mitybos poreikiais ar suma\u017e\u0117jusiu apetitu, taip pat tinkamas \u0161erti per zond\u0105.","robots":{"index":"index","follow":"follow","max-snippet":"max-snippet:-1","max-image-preview":"max-image-preview:large","max-video-preview":"max-video-preview:-1"},"canonical":"https:\/\/anivet.lt\/elparduotuve\/produktas\/specific-f-c-in-l-atstatomasis-konservas-sveikstantiems-sunims-ir-katems\/","og_locale":"lt_LT","og_type":"article","og_title":"SPECIFIC\u2122 F\/C-IN-L atstatomasis konservas sveikstantiems \u0161unims ir kat\u0117ms","og_description":"Visavertis subalansuotas pa\u0161aras skirtas \u0161unims ir kat\u0117ms, kuriems reikalinga intensyvi slauga ar mitybos atstatymas po traum\u0173, operacij\u0173, anoreksijos, kacheksijos ar sergant v\u0117\u017eiu. Puikiai pritaikytas pacientams su padid\u0117jusiais mitybos poreikiais ar suma\u017e\u0117jusiu apetitu, taip pat tinkamas \u0161erti per zond\u0105.","og_url":"https:\/\/anivet.lt\/elparduotuve\/produktas\/specific-f-c-in-l-atstatomasis-konservas-sveikstantiems-sunims-ir-katems\/","og_site_name":"anivet.lt","article_modified_time":"2026-04-16T10:27:24+00:00","og_image":[{"width":800,"height":800,"url":"https:\/\/anivet.lt\/elparduotuve\/wp-content\/uploads\/2023\/09\/7qcPCAvzUn5JDHboeR9Hx599nJI85usKFVKtBAS3.jpg","type":"image\/jpeg"}],"twitter_card":"summary_large_image","twitter_misc":{"Est. reading time":"1 minut\u0117"},"schema":{"@context":"https:\/\/schema.org","@graph":[{"@type":"WebPage","@id":"https:\/\/anivet.lt\/elparduotuve\/produktas\/specific-f-c-in-l-atstatomasis-konservas-sveikstantiems-sunims-ir-katems\/","url":"https:\/\/anivet.lt\/elparduotuve\/produktas\/specific-f-c-in-l-atstatomasis-konservas-sveikstantiems-sunims-ir-katems\/","name":"SPECIFIC\u2122 F\/C-IN-L atstatomasis konservas sveikstantiems \u0161unims ir kat\u0117ms - anivet.lt","isPartOf":{"@id":"https:\/\/anivet.lt\/elparduotuve\/#website"},"primaryImageOfPage":{"@id":"https:\/\/anivet.lt\/elparduotuve\/produktas\/specific-f-c-in-l-atstatomasis-konservas-sveikstantiems-sunims-ir-katems\/#primaryimage"},"image":{"@id":"https:\/\/anivet.lt\/elparduotuve\/produktas\/specific-f-c-in-l-atstatomasis-konservas-sveikstantiems-sunims-ir-katems\/#primaryimage"},"thumbnailUrl":"https:\/\/anivet.lt\/elparduotuve\/wp-content\/uploads\/2023\/09\/7qcPCAvzUn5JDHboeR9Hx599nJI85usKFVKtBAS3.jpg","datePublished":"2023-09-21T10:19:31+00:00","dateModified":"2026-04-16T10:27:24+00:00","description":"Visavertis subalansuotas pa\u0161aras skirtas \u0161unims ir kat\u0117ms, kuriems reikalinga intensyvi slauga ar mitybos atstatymas po traum\u0173, operacij\u0173, anoreksijos, kacheksijos ar sergant v\u0117\u017eiu. Puikiai pritaikytas pacientams su padid\u0117jusiais mitybos poreikiais ar suma\u017e\u0117jusiu apetitu, taip pat tinkamas \u0161erti per zond\u0105.","breadcrumb":{"@id":"https:\/\/anivet.lt\/elparduotuve\/produktas\/specific-f-c-in-l-atstatomasis-konservas-sveikstantiems-sunims-ir-katems\/#breadcrumb"},"inLanguage":"lt-LT","potentialAction":[{"@type":"ReadAction","target":["https:\/\/anivet.lt\/elparduotuve\/produktas\/specific-f-c-in-l-atstatomasis-konservas-sveikstantiems-sunims-ir-katems\/"]}]},{"@type":"ImageObject","inLanguage":"lt-LT","@id":"https:\/\/anivet.lt\/elparduotuve\/produktas\/specific-f-c-in-l-atstatomasis-konservas-sveikstantiems-sunims-ir-katems\/#primaryimage","url":"https:\/\/anivet.lt\/elparduotuve\/wp-content\/uploads\/2023\/09\/7qcPCAvzUn5JDHboeR9Hx599nJI85usKFVKtBAS3.jpg","contentUrl":"https:\/\/anivet.lt\/elparduotuve\/wp-content\/uploads\/2023\/09\/7qcPCAvzUn5JDHboeR9Hx599nJI85usKFVKtBAS3.jpg","width":800,"height":800,"caption":"SPECIFIC\u2122 F\/C-IN-L atstatomasis konservas sveikstantiems \u0161unims ir kat\u0117ms"},{"@type":"BreadcrumbList","@id":"https:\/\/anivet.lt\/elparduotuve\/produktas\/specific-f-c-in-l-atstatomasis-konservas-sveikstantiems-sunims-ir-katems\/#breadcrumb","itemListElement":[{"@type":"ListItem","position":1,"name":"Home","item":"https:\/\/anivet.lt\/elparduotuve\/"},{"@type":"ListItem","position":2,"name":"Produktai","item":"https:\/\/anivet.lt\/elparduotuve\/produktai\/"},{"@type":"ListItem","position":3,"name":"SPECIFIC\u2122 F\/C-IN-L atstatomasis konservas sveikstantiems \u0161unims ir kat\u0117ms"}]},{"@type":"WebSite","@id":"https:\/\/anivet.lt\/elparduotuve\/#website","url":"https:\/\/anivet.lt\/elparduotuve\/","name":"anivet.lt","description":"Viskas J\u016bs\u0173 \u0161uns, kat\u0117s prie\u017ei\u016brai","publisher":{"@id":"https:\/\/anivet.lt\/elparduotuve\/#organization"},"alternateName":"Viskas J\u016bs\u0173 \u0161uns, kat\u0117s prie\u017ei\u016brai","potentialAction":[{"@type":"SearchAction","target":{"@type":"EntryPoint","urlTemplate":"https:\/\/anivet.lt\/elparduotuve\/?s={search_term_string}"},"query-input":{"@type":"PropertyValueSpecification","valueRequired":true,"valueName":"search_term_string"}}],"inLanguage":"lt-LT"},{"@type":"Organization","@id":"https:\/\/anivet.lt\/elparduotuve\/#organization","name":"Viskas J\u016bs\u0173 \u0161uns, kat\u0117s prie\u017ei\u016brai","url":"https:\/\/anivet.lt\/elparduotuve\/","logo":{"@type":"ImageObject","inLanguage":"lt-LT","@id":"https:\/\/anivet.lt\/elparduotuve\/#\/schema\/logo\/image\/","url":"https:\/\/anivet.lt\/elparduotuve\/wp-content\/uploads\/2023\/06\/logo2.jpg","contentUrl":"https:\/\/anivet.lt\/elparduotuve\/wp-content\/uploads\/2023\/06\/logo2.jpg","width":655,"height":194,"caption":"Viskas J\u016bs\u0173 \u0161uns, kat\u0117s prie\u017ei\u016brai"},"image":{"@id":"https:\/\/anivet.lt\/elparduotuve\/#\/schema\/logo\/image\/"}}]}},"_links":{"self":[{"href":"https:\/\/anivet.lt\/elparduotuve\/wp-json\/wp\/v2\/product\/11909","targetHints":{"allow":["GET"]}}],"collection":[{"href":"https:\/\/anivet.lt\/elparduotuve\/wp-json\/wp\/v2\/product"}],"about":[{"href":"https:\/\/anivet.lt\/elparduotuve\/wp-json\/wp\/v2\/types\/product"}],"wp:featuredmedia":[{"embeddable":true,"href":"https:\/\/anivet.lt\/elparduotuve\/wp-json\/wp\/v2\/media\/11910"}],"wp:attachment":[{"href":"https:\/\/anivet.lt\/elparduotuve\/wp-json\/wp\/v2\/media?parent=11909"}],"wp:term":[{"taxonomy":"product_brand","embeddable":true,"href":"https:\/\/anivet.lt\/elparduotuve\/wp-json\/wp\/v2\/product_brand?post=11909"},{"taxonomy":"product_cat","embeddable":true,"href":"https:\/\/anivet.lt\/elparduotuve\/wp-json\/wp\/v2\/product_cat?post=11909"},{"taxonomy":"product_tag","embeddable":true,"href":"https:\/\/anivet.lt\/elparduotuve\/wp-json\/wp\/v2\/product_tag?post=11909"}],"curies":[{"name":"wp","href":"https:\/\/api.w.org\/{rel}","templated":true}]}}