{"id":11914,"date":"2023-09-21T11:02:34","date_gmt":"2023-09-21T11:02:34","guid":{"rendered":"https:\/\/anivet.lt\/elparduotuve\/?post_type=product&#038;p=11914"},"modified":"2026-05-11T18:37:10","modified_gmt":"2026-05-11T18:37:10","slug":"specific-ct-hm-sveikuoliski-skanestai-sunims-mini","status":"publish","type":"product","link":"https:\/\/anivet.lt\/elparduotuve\/produktas\/specific-ct-hm-sveikuoliski-skanestai-sunims-mini\/","title":{"rendered":"SPECIFIC\u2122 CT-HM sveikuoli\u0161ki skan\u0117stai \u0161unims mini"},"content":{"rendered":"<ul>\n<li style=\"font-weight: 400;\" aria-level=\"1\"><span style=\"font-weight: 400;\">Didelis skaidul\u0173 kiekis: Padeda palaikyti sotumo jausm\u0105 ir reguliuoti k\u016bno svor\u012f.<\/span><\/li>\n<li style=\"font-weight: 400;\" aria-level=\"1\"><span style=\"font-weight: 400;\">Ma\u017eas riebal\u0173 kiekis: Suma\u017eina kalorij\u0173 suvartojim\u0105 ir nutukimo rizik\u0105.<\/span><\/li>\n<li style=\"font-weight: 400;\" aria-level=\"1\"><span style=\"font-weight: 400;\">Tinka diabetu sergantiems \u0161unims: Palaipsnis gliukoz\u0117s i\u0161siskyrimas d\u0117l sud\u0117tini\u0173 angliavandeni\u0173.<\/span><\/li>\n<li style=\"font-weight: 400;\" aria-level=\"1\"><span style=\"font-weight: 400;\">Subalansuota sud\u0117tis: Su mineralais, vitaminais, \u017euv\u0173 taukais ir hidrolizuotais baltymais.<\/span><\/li>\n<\/ul>\n<p><span style=\"font-weight: 400;\">\u0160ie skan\u0117stai yra ne tik sveiki, bet ir skan\u016bs. Jie padeda i\u0161laikyti optimali\u0105 k\u016bno b\u016bkl\u0119 bei tinka \u0161unims, turintiems speciali\u0173 poreiki\u0173, pavyzd\u017eiui, diabet\u0105 ar antsvor\u012f. Skan\u0117stai leid\u017eia r\u016bpintis savo augintinio sveikata, kartu suteikiant d\u017eiaugsmo skaniu palepinimu.<\/span><\/p>\n","protected":false},"excerpt":{"rendered":"<p><span style=\"font-weight: 400;\">Sveikuoli\u0161ki skan\u0117stai \u2013 puikus pasirinkimas \u0161un\u0173 palepinimui ar paskatinimui. Jie skirti bet kokio am\u017eiaus ir veisli\u0173 \u0161unims, ypa\u010d tinkami svorio kontrol\u0117s ar cukrinio diabeto atvejais.<\/span><\/p>\n","protected":false},"featured_media":11915,"template":"","meta":[],"product_brand":[],"product_cat":[101,103,106,321],"product_tag":[],"class_list":{"0":"post-11914","1":"product","2":"type-product","3":"status-publish","4":"has-post-thumbnail","6":"product_cat-sunims","7":"product_cat-sunu-maistas","8":"product_cat-skanestai","9":"product_cat-specific-sunu-maistas","10":"pa_prekinis-zenklas-specific","12":"first","13":"instock","14":"taxable","15":"shipping-taxable","16":"purchasable","17":"product-type-simple"},"yoast_head":"<!-- This site is optimized with the Yoast SEO Premium plugin v27.1 (Yoast SEO v27.5) - https:\/\/yoast.com\/product\/yoast-seo-premium-wordpress\/ -->\n<title>SPECIFIC\u2122 CT-HM sveikuoli\u0161ki skan\u0117stai \u0161unims mini - anivet.lt<\/title>\n<meta name=\"description\" content=\"Sveikuoli\u0161ki skan\u0117stai \u2013 puikus pasirinkimas \u0161un\u0173 palepinimui ar paskatinimui. Jie skirti bet kokio am\u017eiaus ir veisli\u0173 \u0161unims, ypa\u010d tinkami svorio kontrol\u0117s ar cukrinio diabeto atvejais.\" \/>\n<meta name=\"robots\" content=\"index, follow, max-snippet:-1, max-image-preview:large, max-video-preview:-1\" \/>\n<link rel=\"canonical\" href=\"https:\/\/anivet.lt\/elparduotuve\/produktas\/specific-ct-hm-sveikuoliski-skanestai-sunims-mini\/\" \/>\n<meta property=\"og:locale\" content=\"lt_LT\" \/>\n<meta property=\"og:type\" content=\"article\" \/>\n<meta property=\"og:title\" content=\"SPECIFIC\u2122 CT-HM sveikuoli\u0161ki skan\u0117stai \u0161unims mini\" \/>\n<meta property=\"og:description\" content=\"Sveikuoli\u0161ki skan\u0117stai \u2013 puikus pasirinkimas \u0161un\u0173 palepinimui ar paskatinimui. Jie skirti bet kokio am\u017eiaus ir veisli\u0173 \u0161unims, ypa\u010d tinkami svorio kontrol\u0117s ar cukrinio diabeto atvejais.\" \/>\n<meta property=\"og:url\" content=\"https:\/\/anivet.lt\/elparduotuve\/produktas\/specific-ct-hm-sveikuoliski-skanestai-sunims-mini\/\" \/>\n<meta property=\"og:site_name\" content=\"anivet.lt\" \/>\n<meta property=\"article:modified_time\" content=\"2026-05-11T18:37:10+00:00\" \/>\n<meta property=\"og:image\" content=\"https:\/\/anivet.lt\/elparduotuve\/wp-content\/uploads\/2023\/09\/r6DXZHswpKLwFiCmnAnVDH5OhKWru01LiFtevlWL.jpg\" \/>\n\t<meta property=\"og:image:width\" content=\"1000\" \/>\n\t<meta property=\"og:image:height\" content=\"1000\" \/>\n\t<meta property=\"og:image:type\" content=\"image\/jpeg\" \/>\n<meta name=\"twitter:card\" content=\"summary_large_image\" \/>\n<meta name=\"twitter:label1\" content=\"Est. reading time\" \/>\n\t<meta name=\"twitter:data1\" content=\"1 minut\u0117\" \/>\n<script type=\"application\/ld+json\" class=\"yoast-schema-graph\">{\"@context\":\"https:\\\/\\\/schema.org\",\"@graph\":[{\"@type\":\"WebPage\",\"@id\":\"https:\\\/\\\/anivet.lt\\\/elparduotuve\\\/produktas\\\/specific-ct-hm-sveikuoliski-skanestai-sunims-mini\\\/\",\"url\":\"https:\\\/\\\/anivet.lt\\\/elparduotuve\\\/produktas\\\/specific-ct-hm-sveikuoliski-skanestai-sunims-mini\\\/\",\"name\":\"SPECIFIC\u2122 CT-HM sveikuoli\u0161ki skan\u0117stai \u0161unims mini - anivet.lt\",\"isPartOf\":{\"@id\":\"https:\\\/\\\/anivet.lt\\\/elparduotuve\\\/#website\"},\"primaryImageOfPage\":{\"@id\":\"https:\\\/\\\/anivet.lt\\\/elparduotuve\\\/produktas\\\/specific-ct-hm-sveikuoliski-skanestai-sunims-mini\\\/#primaryimage\"},\"image\":{\"@id\":\"https:\\\/\\\/anivet.lt\\\/elparduotuve\\\/produktas\\\/specific-ct-hm-sveikuoliski-skanestai-sunims-mini\\\/#primaryimage\"},\"thumbnailUrl\":\"https:\\\/\\\/anivet.lt\\\/elparduotuve\\\/wp-content\\\/uploads\\\/2023\\\/09\\\/r6DXZHswpKLwFiCmnAnVDH5OhKWru01LiFtevlWL.jpg\",\"datePublished\":\"2023-09-21T11:02:34+00:00\",\"dateModified\":\"2026-05-11T18:37:10+00:00\",\"description\":\"Sveikuoli\u0161ki skan\u0117stai \u2013 puikus pasirinkimas \u0161un\u0173 palepinimui ar paskatinimui. Jie skirti bet kokio am\u017eiaus ir veisli\u0173 \u0161unims, ypa\u010d tinkami svorio kontrol\u0117s ar cukrinio diabeto atvejais.\",\"breadcrumb\":{\"@id\":\"https:\\\/\\\/anivet.lt\\\/elparduotuve\\\/produktas\\\/specific-ct-hm-sveikuoliski-skanestai-sunims-mini\\\/#breadcrumb\"},\"inLanguage\":\"lt-LT\",\"potentialAction\":[{\"@type\":\"ReadAction\",\"target\":[\"https:\\\/\\\/anivet.lt\\\/elparduotuve\\\/produktas\\\/specific-ct-hm-sveikuoliski-skanestai-sunims-mini\\\/\"]}]},{\"@type\":\"ImageObject\",\"inLanguage\":\"lt-LT\",\"@id\":\"https:\\\/\\\/anivet.lt\\\/elparduotuve\\\/produktas\\\/specific-ct-hm-sveikuoliski-skanestai-sunims-mini\\\/#primaryimage\",\"url\":\"https:\\\/\\\/anivet.lt\\\/elparduotuve\\\/wp-content\\\/uploads\\\/2023\\\/09\\\/r6DXZHswpKLwFiCmnAnVDH5OhKWru01LiFtevlWL.jpg\",\"contentUrl\":\"https:\\\/\\\/anivet.lt\\\/elparduotuve\\\/wp-content\\\/uploads\\\/2023\\\/09\\\/r6DXZHswpKLwFiCmnAnVDH5OhKWru01LiFtevlWL.jpg\",\"width\":1000,\"height\":1000,\"caption\":\"SPECIFIC\u2122 CT-HM sveikuoli\u0161ki skan\u0117stai \u0161unims mini\"},{\"@type\":\"BreadcrumbList\",\"@id\":\"https:\\\/\\\/anivet.lt\\\/elparduotuve\\\/produktas\\\/specific-ct-hm-sveikuoliski-skanestai-sunims-mini\\\/#breadcrumb\",\"itemListElement\":[{\"@type\":\"ListItem\",\"position\":1,\"name\":\"Home\",\"item\":\"https:\\\/\\\/anivet.lt\\\/elparduotuve\\\/\"},{\"@type\":\"ListItem\",\"position\":2,\"name\":\"Produktai\",\"item\":\"https:\\\/\\\/anivet.lt\\\/elparduotuve\\\/produktai\\\/\"},{\"@type\":\"ListItem\",\"position\":3,\"name\":\"SPECIFIC\u2122 CT-HM sveikuoli\u0161ki skan\u0117stai \u0161unims mini\"}]},{\"@type\":\"WebSite\",\"@id\":\"https:\\\/\\\/anivet.lt\\\/elparduotuve\\\/#website\",\"url\":\"https:\\\/\\\/anivet.lt\\\/elparduotuve\\\/\",\"name\":\"anivet.lt\",\"description\":\"Viskas J\u016bs\u0173 \u0161uns, kat\u0117s prie\u017ei\u016brai\",\"publisher\":{\"@id\":\"https:\\\/\\\/anivet.lt\\\/elparduotuve\\\/#organization\"},\"alternateName\":\"Viskas J\u016bs\u0173 \u0161uns, kat\u0117s prie\u017ei\u016brai\",\"potentialAction\":[{\"@type\":\"SearchAction\",\"target\":{\"@type\":\"EntryPoint\",\"urlTemplate\":\"https:\\\/\\\/anivet.lt\\\/elparduotuve\\\/?s={search_term_string}\"},\"query-input\":{\"@type\":\"PropertyValueSpecification\",\"valueRequired\":true,\"valueName\":\"search_term_string\"}}],\"inLanguage\":\"lt-LT\"},{\"@type\":\"Organization\",\"@id\":\"https:\\\/\\\/anivet.lt\\\/elparduotuve\\\/#organization\",\"name\":\"Viskas J\u016bs\u0173 \u0161uns, kat\u0117s prie\u017ei\u016brai\",\"url\":\"https:\\\/\\\/anivet.lt\\\/elparduotuve\\\/\",\"logo\":{\"@type\":\"ImageObject\",\"inLanguage\":\"lt-LT\",\"@id\":\"https:\\\/\\\/anivet.lt\\\/elparduotuve\\\/#\\\/schema\\\/logo\\\/image\\\/\",\"url\":\"https:\\\/\\\/anivet.lt\\\/elparduotuve\\\/wp-content\\\/uploads\\\/2023\\\/06\\\/logo2.jpg\",\"contentUrl\":\"https:\\\/\\\/anivet.lt\\\/elparduotuve\\\/wp-content\\\/uploads\\\/2023\\\/06\\\/logo2.jpg\",\"width\":655,\"height\":194,\"caption\":\"Viskas J\u016bs\u0173 \u0161uns, kat\u0117s prie\u017ei\u016brai\"},\"image\":{\"@id\":\"https:\\\/\\\/anivet.lt\\\/elparduotuve\\\/#\\\/schema\\\/logo\\\/image\\\/\"}}]}<\/script>\n<!-- \/ Yoast SEO Premium plugin. -->","yoast_head_json":{"title":"SPECIFIC\u2122 CT-HM sveikuoli\u0161ki skan\u0117stai \u0161unims mini - anivet.lt","description":"Sveikuoli\u0161ki skan\u0117stai \u2013 puikus pasirinkimas \u0161un\u0173 palepinimui ar paskatinimui. Jie skirti bet kokio am\u017eiaus ir veisli\u0173 \u0161unims, ypa\u010d tinkami svorio kontrol\u0117s ar cukrinio diabeto atvejais.","robots":{"index":"index","follow":"follow","max-snippet":"max-snippet:-1","max-image-preview":"max-image-preview:large","max-video-preview":"max-video-preview:-1"},"canonical":"https:\/\/anivet.lt\/elparduotuve\/produktas\/specific-ct-hm-sveikuoliski-skanestai-sunims-mini\/","og_locale":"lt_LT","og_type":"article","og_title":"SPECIFIC\u2122 CT-HM sveikuoli\u0161ki skan\u0117stai \u0161unims mini","og_description":"Sveikuoli\u0161ki skan\u0117stai \u2013 puikus pasirinkimas \u0161un\u0173 palepinimui ar paskatinimui. Jie skirti bet kokio am\u017eiaus ir veisli\u0173 \u0161unims, ypa\u010d tinkami svorio kontrol\u0117s ar cukrinio diabeto atvejais.","og_url":"https:\/\/anivet.lt\/elparduotuve\/produktas\/specific-ct-hm-sveikuoliski-skanestai-sunims-mini\/","og_site_name":"anivet.lt","article_modified_time":"2026-05-11T18:37:10+00:00","og_image":[{"width":1000,"height":1000,"url":"https:\/\/anivet.lt\/elparduotuve\/wp-content\/uploads\/2023\/09\/r6DXZHswpKLwFiCmnAnVDH5OhKWru01LiFtevlWL.jpg","type":"image\/jpeg"}],"twitter_card":"summary_large_image","twitter_misc":{"Est. reading time":"1 minut\u0117"},"schema":{"@context":"https:\/\/schema.org","@graph":[{"@type":"WebPage","@id":"https:\/\/anivet.lt\/elparduotuve\/produktas\/specific-ct-hm-sveikuoliski-skanestai-sunims-mini\/","url":"https:\/\/anivet.lt\/elparduotuve\/produktas\/specific-ct-hm-sveikuoliski-skanestai-sunims-mini\/","name":"SPECIFIC\u2122 CT-HM sveikuoli\u0161ki skan\u0117stai \u0161unims mini - anivet.lt","isPartOf":{"@id":"https:\/\/anivet.lt\/elparduotuve\/#website"},"primaryImageOfPage":{"@id":"https:\/\/anivet.lt\/elparduotuve\/produktas\/specific-ct-hm-sveikuoliski-skanestai-sunims-mini\/#primaryimage"},"image":{"@id":"https:\/\/anivet.lt\/elparduotuve\/produktas\/specific-ct-hm-sveikuoliski-skanestai-sunims-mini\/#primaryimage"},"thumbnailUrl":"https:\/\/anivet.lt\/elparduotuve\/wp-content\/uploads\/2023\/09\/r6DXZHswpKLwFiCmnAnVDH5OhKWru01LiFtevlWL.jpg","datePublished":"2023-09-21T11:02:34+00:00","dateModified":"2026-05-11T18:37:10+00:00","description":"Sveikuoli\u0161ki skan\u0117stai \u2013 puikus pasirinkimas \u0161un\u0173 palepinimui ar paskatinimui. Jie skirti bet kokio am\u017eiaus ir veisli\u0173 \u0161unims, ypa\u010d tinkami svorio kontrol\u0117s ar cukrinio diabeto atvejais.","breadcrumb":{"@id":"https:\/\/anivet.lt\/elparduotuve\/produktas\/specific-ct-hm-sveikuoliski-skanestai-sunims-mini\/#breadcrumb"},"inLanguage":"lt-LT","potentialAction":[{"@type":"ReadAction","target":["https:\/\/anivet.lt\/elparduotuve\/produktas\/specific-ct-hm-sveikuoliski-skanestai-sunims-mini\/"]}]},{"@type":"ImageObject","inLanguage":"lt-LT","@id":"https:\/\/anivet.lt\/elparduotuve\/produktas\/specific-ct-hm-sveikuoliski-skanestai-sunims-mini\/#primaryimage","url":"https:\/\/anivet.lt\/elparduotuve\/wp-content\/uploads\/2023\/09\/r6DXZHswpKLwFiCmnAnVDH5OhKWru01LiFtevlWL.jpg","contentUrl":"https:\/\/anivet.lt\/elparduotuve\/wp-content\/uploads\/2023\/09\/r6DXZHswpKLwFiCmnAnVDH5OhKWru01LiFtevlWL.jpg","width":1000,"height":1000,"caption":"SPECIFIC\u2122 CT-HM sveikuoli\u0161ki skan\u0117stai \u0161unims mini"},{"@type":"BreadcrumbList","@id":"https:\/\/anivet.lt\/elparduotuve\/produktas\/specific-ct-hm-sveikuoliski-skanestai-sunims-mini\/#breadcrumb","itemListElement":[{"@type":"ListItem","position":1,"name":"Home","item":"https:\/\/anivet.lt\/elparduotuve\/"},{"@type":"ListItem","position":2,"name":"Produktai","item":"https:\/\/anivet.lt\/elparduotuve\/produktai\/"},{"@type":"ListItem","position":3,"name":"SPECIFIC\u2122 CT-HM sveikuoli\u0161ki skan\u0117stai \u0161unims mini"}]},{"@type":"WebSite","@id":"https:\/\/anivet.lt\/elparduotuve\/#website","url":"https:\/\/anivet.lt\/elparduotuve\/","name":"anivet.lt","description":"Viskas J\u016bs\u0173 \u0161uns, kat\u0117s prie\u017ei\u016brai","publisher":{"@id":"https:\/\/anivet.lt\/elparduotuve\/#organization"},"alternateName":"Viskas J\u016bs\u0173 \u0161uns, kat\u0117s prie\u017ei\u016brai","potentialAction":[{"@type":"SearchAction","target":{"@type":"EntryPoint","urlTemplate":"https:\/\/anivet.lt\/elparduotuve\/?s={search_term_string}"},"query-input":{"@type":"PropertyValueSpecification","valueRequired":true,"valueName":"search_term_string"}}],"inLanguage":"lt-LT"},{"@type":"Organization","@id":"https:\/\/anivet.lt\/elparduotuve\/#organization","name":"Viskas J\u016bs\u0173 \u0161uns, kat\u0117s prie\u017ei\u016brai","url":"https:\/\/anivet.lt\/elparduotuve\/","logo":{"@type":"ImageObject","inLanguage":"lt-LT","@id":"https:\/\/anivet.lt\/elparduotuve\/#\/schema\/logo\/image\/","url":"https:\/\/anivet.lt\/elparduotuve\/wp-content\/uploads\/2023\/06\/logo2.jpg","contentUrl":"https:\/\/anivet.lt\/elparduotuve\/wp-content\/uploads\/2023\/06\/logo2.jpg","width":655,"height":194,"caption":"Viskas J\u016bs\u0173 \u0161uns, kat\u0117s prie\u017ei\u016brai"},"image":{"@id":"https:\/\/anivet.lt\/elparduotuve\/#\/schema\/logo\/image\/"}}]}},"_links":{"self":[{"href":"https:\/\/anivet.lt\/elparduotuve\/wp-json\/wp\/v2\/product\/11914","targetHints":{"allow":["GET"]}}],"collection":[{"href":"https:\/\/anivet.lt\/elparduotuve\/wp-json\/wp\/v2\/product"}],"about":[{"href":"https:\/\/anivet.lt\/elparduotuve\/wp-json\/wp\/v2\/types\/product"}],"wp:featuredmedia":[{"embeddable":true,"href":"https:\/\/anivet.lt\/elparduotuve\/wp-json\/wp\/v2\/media\/11915"}],"wp:attachment":[{"href":"https:\/\/anivet.lt\/elparduotuve\/wp-json\/wp\/v2\/media?parent=11914"}],"wp:term":[{"taxonomy":"product_brand","embeddable":true,"href":"https:\/\/anivet.lt\/elparduotuve\/wp-json\/wp\/v2\/product_brand?post=11914"},{"taxonomy":"product_cat","embeddable":true,"href":"https:\/\/anivet.lt\/elparduotuve\/wp-json\/wp\/v2\/product_cat?post=11914"},{"taxonomy":"product_tag","embeddable":true,"href":"https:\/\/anivet.lt\/elparduotuve\/wp-json\/wp\/v2\/product_tag?post=11914"}],"curies":[{"name":"wp","href":"https:\/\/api.w.org\/{rel}","templated":true}]}}