{"id":11917,"date":"2023-09-21T11:30:29","date_gmt":"2023-09-21T11:30:29","guid":{"rendered":"https:\/\/anivet.lt\/elparduotuve\/?post_type=product&#038;p=11917"},"modified":"2025-05-27T13:20:39","modified_gmt":"2025-05-27T13:20:39","slug":"specific-ct-hy-hipoalerginiai-skanestai-sunims","status":"publish","type":"product","link":"https:\/\/anivet.lt\/elparduotuve\/produktas\/specific-ct-hy-hipoalerginiai-skanestai-sunims\/","title":{"rendered":"SPECIFIC\u2122 CT-HY hipoalerginiai skan\u0117stai \u0161unims"},"content":{"rendered":"<ul>\n<li style=\"font-weight: 400;\" aria-level=\"1\"><span style=\"font-weight: 400;\">Hipoalergin\u0117 sud\u0117tis: Hidrolizuoti la\u0161i\u0161os baltymai ir ry\u017eiai \u2013 ma\u017eai alergizuojantys, lengvai vir\u0161kinami.<\/span><\/li>\n<li style=\"font-weight: 400;\" aria-level=\"1\"><span style=\"font-weight: 400;\">Tinka jautriems \u0161unims: Gali b\u016bti naudojami \u0161unims su dermatologin\u0117mis ar vir\u0161kinamojo trakto problemomis.<\/span><\/li>\n<li style=\"font-weight: 400;\" aria-level=\"1\"><span style=\"font-weight: 400;\">Skirta specifin\u0117ms b\u016bkl\u0117ms: Padeda \u0161unims, ken\u010diantiems nuo viduriavimo, v\u0117mimo, duj\u0173 pertekliaus ar kit\u0173 vir\u0161kinimo sutrikim\u0173.<\/span><\/li>\n<li style=\"font-weight: 400;\" aria-level=\"1\"><span style=\"font-weight: 400;\">Suderinama dieta: Tinka su SPECIFIC\u2122 CDD-HY ir SPECIFIC\u2122 C\u03a9D-HY maisto linijomis, tod\u0117l puikiai papildo kasdien\u012f racion\u0105.<\/span><\/li>\n<li style=\"font-weight: 400;\" aria-level=\"1\"><span style=\"font-weight: 400;\">Be glitimo: Ry\u017ei\u0173 pagrindas u\u017etikrina, kad skan\u0117stai nesukels glitimo alergijos.<\/span><\/li>\n<\/ul>\n<p><span style=\"font-weight: 400;\">\u0160ie skan\u0117stai yra puikus sprendimas alergi\u0161kiems ar jautri\u0105 vir\u0161kinimo sistem\u0105 turintiems \u0161unims. Jie pagaminti i\u0161 itin gerai vir\u0161kinam\u0173 ingredient\u0173, kurie neapsunkina vir\u0161kinimo, padeda suma\u017einti su maistu susijusi\u0173 problem\u0173 rizik\u0105 ir palaiko bendr\u0105 sveikat\u0105. Be to, jie idealiai tinka kaip apdovanojimas ar paskatinimas, nesukeliant papildomos rizikos \u0161uns sveikatai.<\/span><\/p>\n","protected":false},"excerpt":{"rendered":"<p>I<span style=\"font-weight: 400;\">dealus pasirinkimas norint palepinti ar apdovanoti \u0161unis, turin\u010dius maistini\u0173 alergij\u0173, vir\u0161kinamojo trakto problem\u0173 ar jautri\u0105 vir\u0161kinimo sistem\u0105. Skan\u0117stai yra pritaikyti bet kokio am\u017eiaus ir vis\u0173 veisli\u0173 sveikiems bei jautriems \u0161unims.<\/span><\/p>\n","protected":false},"featured_media":11918,"template":"","meta":[],"product_brand":[],"product_cat":[101,103,106,321],"product_tag":[],"class_list":{"0":"post-11917","1":"product","2":"type-product","3":"status-publish","4":"has-post-thumbnail","6":"product_cat-sunims","7":"product_cat-sunu-maistas","8":"product_cat-skanestai","9":"product_cat-specific-sunu-maistas","10":"pa_prekinis-zenklas-specific","12":"first","13":"instock","14":"taxable","15":"shipping-taxable","16":"purchasable","17":"product-type-simple"},"yoast_head":"<!-- This site is optimized with the Yoast SEO Premium plugin v27.1 (Yoast SEO v27.5) - https:\/\/yoast.com\/product\/yoast-seo-premium-wordpress\/ -->\n<title>SPECIFIC\u2122 CT-HY hipoalerginiai skan\u0117stai \u0161unims - anivet.lt<\/title>\n<meta name=\"description\" content=\"Idealus pasirinkimas norint palepinti ar apdovanoti \u0161unis, turin\u010dius maistini\u0173 alergij\u0173, vir\u0161kinamojo trakto problem\u0173 ar jautri\u0105 vir\u0161kinimo sistem\u0105. Skan\u0117stai yra pritaikyti bet kokio am\u017eiaus ir vis\u0173 veisli\u0173 sveikiems bei jautriems \u0161unims.\" \/>\n<meta name=\"robots\" content=\"index, follow, max-snippet:-1, max-image-preview:large, max-video-preview:-1\" \/>\n<link rel=\"canonical\" href=\"https:\/\/anivet.lt\/elparduotuve\/produktas\/specific-ct-hy-hipoalerginiai-skanestai-sunims\/\" \/>\n<meta property=\"og:locale\" content=\"lt_LT\" \/>\n<meta property=\"og:type\" content=\"article\" \/>\n<meta property=\"og:title\" content=\"SPECIFIC\u2122 CT-HY hipoalerginiai skan\u0117stai \u0161unims\" \/>\n<meta property=\"og:description\" content=\"Idealus pasirinkimas norint palepinti ar apdovanoti \u0161unis, turin\u010dius maistini\u0173 alergij\u0173, vir\u0161kinamojo trakto problem\u0173 ar jautri\u0105 vir\u0161kinimo sistem\u0105. Skan\u0117stai yra pritaikyti bet kokio am\u017eiaus ir vis\u0173 veisli\u0173 sveikiems bei jautriems \u0161unims.\" \/>\n<meta property=\"og:url\" content=\"https:\/\/anivet.lt\/elparduotuve\/produktas\/specific-ct-hy-hipoalerginiai-skanestai-sunims\/\" \/>\n<meta property=\"og:site_name\" content=\"anivet.lt\" \/>\n<meta property=\"article:modified_time\" content=\"2025-05-27T13:20:39+00:00\" \/>\n<meta property=\"og:image\" content=\"https:\/\/anivet.lt\/elparduotuve\/wp-content\/uploads\/2023\/09\/S9rxqj7uDCFvTxXeOyC9yL2B1mHFgDYMSdJfRZ1Z.jpg\" \/>\n\t<meta property=\"og:image:width\" content=\"1000\" \/>\n\t<meta property=\"og:image:height\" content=\"1000\" \/>\n\t<meta property=\"og:image:type\" content=\"image\/jpeg\" \/>\n<meta name=\"twitter:card\" content=\"summary_large_image\" \/>\n<meta name=\"twitter:label1\" content=\"Est. reading time\" \/>\n\t<meta name=\"twitter:data1\" content=\"1 minut\u0117\" \/>\n<script type=\"application\/ld+json\" class=\"yoast-schema-graph\">{\"@context\":\"https:\\\/\\\/schema.org\",\"@graph\":[{\"@type\":\"WebPage\",\"@id\":\"https:\\\/\\\/anivet.lt\\\/elparduotuve\\\/produktas\\\/specific-ct-hy-hipoalerginiai-skanestai-sunims\\\/\",\"url\":\"https:\\\/\\\/anivet.lt\\\/elparduotuve\\\/produktas\\\/specific-ct-hy-hipoalerginiai-skanestai-sunims\\\/\",\"name\":\"SPECIFIC\u2122 CT-HY hipoalerginiai skan\u0117stai \u0161unims - anivet.lt\",\"isPartOf\":{\"@id\":\"https:\\\/\\\/anivet.lt\\\/elparduotuve\\\/#website\"},\"primaryImageOfPage\":{\"@id\":\"https:\\\/\\\/anivet.lt\\\/elparduotuve\\\/produktas\\\/specific-ct-hy-hipoalerginiai-skanestai-sunims\\\/#primaryimage\"},\"image\":{\"@id\":\"https:\\\/\\\/anivet.lt\\\/elparduotuve\\\/produktas\\\/specific-ct-hy-hipoalerginiai-skanestai-sunims\\\/#primaryimage\"},\"thumbnailUrl\":\"https:\\\/\\\/anivet.lt\\\/elparduotuve\\\/wp-content\\\/uploads\\\/2023\\\/09\\\/S9rxqj7uDCFvTxXeOyC9yL2B1mHFgDYMSdJfRZ1Z.jpg\",\"datePublished\":\"2023-09-21T11:30:29+00:00\",\"dateModified\":\"2025-05-27T13:20:39+00:00\",\"description\":\"Idealus pasirinkimas norint palepinti ar apdovanoti \u0161unis, turin\u010dius maistini\u0173 alergij\u0173, vir\u0161kinamojo trakto problem\u0173 ar jautri\u0105 vir\u0161kinimo sistem\u0105. Skan\u0117stai yra pritaikyti bet kokio am\u017eiaus ir vis\u0173 veisli\u0173 sveikiems bei jautriems \u0161unims.\",\"breadcrumb\":{\"@id\":\"https:\\\/\\\/anivet.lt\\\/elparduotuve\\\/produktas\\\/specific-ct-hy-hipoalerginiai-skanestai-sunims\\\/#breadcrumb\"},\"inLanguage\":\"lt-LT\",\"potentialAction\":[{\"@type\":\"ReadAction\",\"target\":[\"https:\\\/\\\/anivet.lt\\\/elparduotuve\\\/produktas\\\/specific-ct-hy-hipoalerginiai-skanestai-sunims\\\/\"]}]},{\"@type\":\"ImageObject\",\"inLanguage\":\"lt-LT\",\"@id\":\"https:\\\/\\\/anivet.lt\\\/elparduotuve\\\/produktas\\\/specific-ct-hy-hipoalerginiai-skanestai-sunims\\\/#primaryimage\",\"url\":\"https:\\\/\\\/anivet.lt\\\/elparduotuve\\\/wp-content\\\/uploads\\\/2023\\\/09\\\/S9rxqj7uDCFvTxXeOyC9yL2B1mHFgDYMSdJfRZ1Z.jpg\",\"contentUrl\":\"https:\\\/\\\/anivet.lt\\\/elparduotuve\\\/wp-content\\\/uploads\\\/2023\\\/09\\\/S9rxqj7uDCFvTxXeOyC9yL2B1mHFgDYMSdJfRZ1Z.jpg\",\"width\":1000,\"height\":1000,\"caption\":\"SPECIFIC\u2122 CT-HY hipoalerginiai skan\u0117stai \u0161unims\"},{\"@type\":\"BreadcrumbList\",\"@id\":\"https:\\\/\\\/anivet.lt\\\/elparduotuve\\\/produktas\\\/specific-ct-hy-hipoalerginiai-skanestai-sunims\\\/#breadcrumb\",\"itemListElement\":[{\"@type\":\"ListItem\",\"position\":1,\"name\":\"Home\",\"item\":\"https:\\\/\\\/anivet.lt\\\/elparduotuve\\\/\"},{\"@type\":\"ListItem\",\"position\":2,\"name\":\"Produktai\",\"item\":\"https:\\\/\\\/anivet.lt\\\/elparduotuve\\\/produktai\\\/\"},{\"@type\":\"ListItem\",\"position\":3,\"name\":\"SPECIFIC\u2122 CT-HY hipoalerginiai skan\u0117stai \u0161unims\"}]},{\"@type\":\"WebSite\",\"@id\":\"https:\\\/\\\/anivet.lt\\\/elparduotuve\\\/#website\",\"url\":\"https:\\\/\\\/anivet.lt\\\/elparduotuve\\\/\",\"name\":\"anivet.lt\",\"description\":\"Viskas J\u016bs\u0173 \u0161uns, kat\u0117s prie\u017ei\u016brai\",\"publisher\":{\"@id\":\"https:\\\/\\\/anivet.lt\\\/elparduotuve\\\/#organization\"},\"alternateName\":\"Viskas J\u016bs\u0173 \u0161uns, kat\u0117s prie\u017ei\u016brai\",\"potentialAction\":[{\"@type\":\"SearchAction\",\"target\":{\"@type\":\"EntryPoint\",\"urlTemplate\":\"https:\\\/\\\/anivet.lt\\\/elparduotuve\\\/?s={search_term_string}\"},\"query-input\":{\"@type\":\"PropertyValueSpecification\",\"valueRequired\":true,\"valueName\":\"search_term_string\"}}],\"inLanguage\":\"lt-LT\"},{\"@type\":\"Organization\",\"@id\":\"https:\\\/\\\/anivet.lt\\\/elparduotuve\\\/#organization\",\"name\":\"Viskas J\u016bs\u0173 \u0161uns, kat\u0117s prie\u017ei\u016brai\",\"url\":\"https:\\\/\\\/anivet.lt\\\/elparduotuve\\\/\",\"logo\":{\"@type\":\"ImageObject\",\"inLanguage\":\"lt-LT\",\"@id\":\"https:\\\/\\\/anivet.lt\\\/elparduotuve\\\/#\\\/schema\\\/logo\\\/image\\\/\",\"url\":\"https:\\\/\\\/anivet.lt\\\/elparduotuve\\\/wp-content\\\/uploads\\\/2023\\\/06\\\/logo2.jpg\",\"contentUrl\":\"https:\\\/\\\/anivet.lt\\\/elparduotuve\\\/wp-content\\\/uploads\\\/2023\\\/06\\\/logo2.jpg\",\"width\":655,\"height\":194,\"caption\":\"Viskas J\u016bs\u0173 \u0161uns, kat\u0117s prie\u017ei\u016brai\"},\"image\":{\"@id\":\"https:\\\/\\\/anivet.lt\\\/elparduotuve\\\/#\\\/schema\\\/logo\\\/image\\\/\"}}]}<\/script>\n<!-- \/ Yoast SEO Premium plugin. -->","yoast_head_json":{"title":"SPECIFIC\u2122 CT-HY hipoalerginiai skan\u0117stai \u0161unims - anivet.lt","description":"Idealus pasirinkimas norint palepinti ar apdovanoti \u0161unis, turin\u010dius maistini\u0173 alergij\u0173, vir\u0161kinamojo trakto problem\u0173 ar jautri\u0105 vir\u0161kinimo sistem\u0105. Skan\u0117stai yra pritaikyti bet kokio am\u017eiaus ir vis\u0173 veisli\u0173 sveikiems bei jautriems \u0161unims.","robots":{"index":"index","follow":"follow","max-snippet":"max-snippet:-1","max-image-preview":"max-image-preview:large","max-video-preview":"max-video-preview:-1"},"canonical":"https:\/\/anivet.lt\/elparduotuve\/produktas\/specific-ct-hy-hipoalerginiai-skanestai-sunims\/","og_locale":"lt_LT","og_type":"article","og_title":"SPECIFIC\u2122 CT-HY hipoalerginiai skan\u0117stai \u0161unims","og_description":"Idealus pasirinkimas norint palepinti ar apdovanoti \u0161unis, turin\u010dius maistini\u0173 alergij\u0173, vir\u0161kinamojo trakto problem\u0173 ar jautri\u0105 vir\u0161kinimo sistem\u0105. Skan\u0117stai yra pritaikyti bet kokio am\u017eiaus ir vis\u0173 veisli\u0173 sveikiems bei jautriems \u0161unims.","og_url":"https:\/\/anivet.lt\/elparduotuve\/produktas\/specific-ct-hy-hipoalerginiai-skanestai-sunims\/","og_site_name":"anivet.lt","article_modified_time":"2025-05-27T13:20:39+00:00","og_image":[{"width":1000,"height":1000,"url":"https:\/\/anivet.lt\/elparduotuve\/wp-content\/uploads\/2023\/09\/S9rxqj7uDCFvTxXeOyC9yL2B1mHFgDYMSdJfRZ1Z.jpg","type":"image\/jpeg"}],"twitter_card":"summary_large_image","twitter_misc":{"Est. reading time":"1 minut\u0117"},"schema":{"@context":"https:\/\/schema.org","@graph":[{"@type":"WebPage","@id":"https:\/\/anivet.lt\/elparduotuve\/produktas\/specific-ct-hy-hipoalerginiai-skanestai-sunims\/","url":"https:\/\/anivet.lt\/elparduotuve\/produktas\/specific-ct-hy-hipoalerginiai-skanestai-sunims\/","name":"SPECIFIC\u2122 CT-HY hipoalerginiai skan\u0117stai \u0161unims - anivet.lt","isPartOf":{"@id":"https:\/\/anivet.lt\/elparduotuve\/#website"},"primaryImageOfPage":{"@id":"https:\/\/anivet.lt\/elparduotuve\/produktas\/specific-ct-hy-hipoalerginiai-skanestai-sunims\/#primaryimage"},"image":{"@id":"https:\/\/anivet.lt\/elparduotuve\/produktas\/specific-ct-hy-hipoalerginiai-skanestai-sunims\/#primaryimage"},"thumbnailUrl":"https:\/\/anivet.lt\/elparduotuve\/wp-content\/uploads\/2023\/09\/S9rxqj7uDCFvTxXeOyC9yL2B1mHFgDYMSdJfRZ1Z.jpg","datePublished":"2023-09-21T11:30:29+00:00","dateModified":"2025-05-27T13:20:39+00:00","description":"Idealus pasirinkimas norint palepinti ar apdovanoti \u0161unis, turin\u010dius maistini\u0173 alergij\u0173, vir\u0161kinamojo trakto problem\u0173 ar jautri\u0105 vir\u0161kinimo sistem\u0105. Skan\u0117stai yra pritaikyti bet kokio am\u017eiaus ir vis\u0173 veisli\u0173 sveikiems bei jautriems \u0161unims.","breadcrumb":{"@id":"https:\/\/anivet.lt\/elparduotuve\/produktas\/specific-ct-hy-hipoalerginiai-skanestai-sunims\/#breadcrumb"},"inLanguage":"lt-LT","potentialAction":[{"@type":"ReadAction","target":["https:\/\/anivet.lt\/elparduotuve\/produktas\/specific-ct-hy-hipoalerginiai-skanestai-sunims\/"]}]},{"@type":"ImageObject","inLanguage":"lt-LT","@id":"https:\/\/anivet.lt\/elparduotuve\/produktas\/specific-ct-hy-hipoalerginiai-skanestai-sunims\/#primaryimage","url":"https:\/\/anivet.lt\/elparduotuve\/wp-content\/uploads\/2023\/09\/S9rxqj7uDCFvTxXeOyC9yL2B1mHFgDYMSdJfRZ1Z.jpg","contentUrl":"https:\/\/anivet.lt\/elparduotuve\/wp-content\/uploads\/2023\/09\/S9rxqj7uDCFvTxXeOyC9yL2B1mHFgDYMSdJfRZ1Z.jpg","width":1000,"height":1000,"caption":"SPECIFIC\u2122 CT-HY hipoalerginiai skan\u0117stai \u0161unims"},{"@type":"BreadcrumbList","@id":"https:\/\/anivet.lt\/elparduotuve\/produktas\/specific-ct-hy-hipoalerginiai-skanestai-sunims\/#breadcrumb","itemListElement":[{"@type":"ListItem","position":1,"name":"Home","item":"https:\/\/anivet.lt\/elparduotuve\/"},{"@type":"ListItem","position":2,"name":"Produktai","item":"https:\/\/anivet.lt\/elparduotuve\/produktai\/"},{"@type":"ListItem","position":3,"name":"SPECIFIC\u2122 CT-HY hipoalerginiai skan\u0117stai \u0161unims"}]},{"@type":"WebSite","@id":"https:\/\/anivet.lt\/elparduotuve\/#website","url":"https:\/\/anivet.lt\/elparduotuve\/","name":"anivet.lt","description":"Viskas J\u016bs\u0173 \u0161uns, kat\u0117s prie\u017ei\u016brai","publisher":{"@id":"https:\/\/anivet.lt\/elparduotuve\/#organization"},"alternateName":"Viskas J\u016bs\u0173 \u0161uns, kat\u0117s prie\u017ei\u016brai","potentialAction":[{"@type":"SearchAction","target":{"@type":"EntryPoint","urlTemplate":"https:\/\/anivet.lt\/elparduotuve\/?s={search_term_string}"},"query-input":{"@type":"PropertyValueSpecification","valueRequired":true,"valueName":"search_term_string"}}],"inLanguage":"lt-LT"},{"@type":"Organization","@id":"https:\/\/anivet.lt\/elparduotuve\/#organization","name":"Viskas J\u016bs\u0173 \u0161uns, kat\u0117s prie\u017ei\u016brai","url":"https:\/\/anivet.lt\/elparduotuve\/","logo":{"@type":"ImageObject","inLanguage":"lt-LT","@id":"https:\/\/anivet.lt\/elparduotuve\/#\/schema\/logo\/image\/","url":"https:\/\/anivet.lt\/elparduotuve\/wp-content\/uploads\/2023\/06\/logo2.jpg","contentUrl":"https:\/\/anivet.lt\/elparduotuve\/wp-content\/uploads\/2023\/06\/logo2.jpg","width":655,"height":194,"caption":"Viskas J\u016bs\u0173 \u0161uns, kat\u0117s prie\u017ei\u016brai"},"image":{"@id":"https:\/\/anivet.lt\/elparduotuve\/#\/schema\/logo\/image\/"}}]}},"_links":{"self":[{"href":"https:\/\/anivet.lt\/elparduotuve\/wp-json\/wp\/v2\/product\/11917","targetHints":{"allow":["GET"]}}],"collection":[{"href":"https:\/\/anivet.lt\/elparduotuve\/wp-json\/wp\/v2\/product"}],"about":[{"href":"https:\/\/anivet.lt\/elparduotuve\/wp-json\/wp\/v2\/types\/product"}],"wp:featuredmedia":[{"embeddable":true,"href":"https:\/\/anivet.lt\/elparduotuve\/wp-json\/wp\/v2\/media\/11918"}],"wp:attachment":[{"href":"https:\/\/anivet.lt\/elparduotuve\/wp-json\/wp\/v2\/media?parent=11917"}],"wp:term":[{"taxonomy":"product_brand","embeddable":true,"href":"https:\/\/anivet.lt\/elparduotuve\/wp-json\/wp\/v2\/product_brand?post=11917"},{"taxonomy":"product_cat","embeddable":true,"href":"https:\/\/anivet.lt\/elparduotuve\/wp-json\/wp\/v2\/product_cat?post=11917"},{"taxonomy":"product_tag","embeddable":true,"href":"https:\/\/anivet.lt\/elparduotuve\/wp-json\/wp\/v2\/product_tag?post=11917"}],"curies":[{"name":"wp","href":"https:\/\/api.w.org\/{rel}","templated":true}]}}