{"id":11921,"date":"2023-09-21T13:21:59","date_gmt":"2023-09-21T13:21:59","guid":{"rendered":"https:\/\/anivet.lt\/elparduotuve\/?post_type=product&#038;p=11921"},"modified":"2025-09-04T08:44:10","modified_gmt":"2025-09-04T08:44:10","slug":"specific-ct-sc-special-care-treats-specialios-paskirties-skanukai-sunims","status":"publish","type":"product","link":"https:\/\/anivet.lt\/elparduotuve\/produktas\/specific-ct-sc-special-care-treats-specialios-paskirties-skanukai-sunims\/","title":{"rendered":"SPECIFIC\u2122 CT-SC Special Care Treats \u2013 Specialios paskirties skanukai \u0161unims."},"content":{"rendered":"<p><span style=\"font-weight: 400;\">\u0160ie skanukai, pagaminti i\u0161 nauj\u0173 baltym\u0173 ir l\u0117tai atsipalaiduojan\u010di\u0173 angliavandeni\u0173 \u0161altini\u0173, yra puikus pasirinkimas \u0161unims su \u012fvairiomis sveikatos problemomis ar tiems, kuriems reikalinga speciali dieta. Tinka ir sveikiems \u0161unims kaip skan\u016bs u\u017ekand\u017eiai.<\/span><\/p>\n<ul>\n<li style=\"font-weight: 400;\" aria-level=\"1\"><span style=\"font-weight: 400;\">Suma\u017eintas baltym\u0173, riebal\u0173 ir mineral\u0173 kiekis: Tinka \u0161unims, sergantiems inkst\u0173, \u0161irdies ligomis, kepen\u0173 nepakankamumu ar \u0161lapimo tak\u0173 akmenlige.<\/span><\/li>\n<li style=\"font-weight: 400;\" aria-level=\"1\"><span style=\"font-weight: 400;\">Ma\u017eas riebal\u0173 kiekis: Idealiai tinka \u0161unims su pankreatitu ar antsvoriu.<\/span><\/li>\n<li style=\"font-weight: 400;\" aria-level=\"1\"><span style=\"font-weight: 400;\">Ma\u017eai alergizuojantys baltym\u0173 \u0161altiniai: Hidrolizuoti menk\u0117s \u017eydrieji merlangai, kriliai ir dumbliai.<\/span><\/li>\n<li style=\"font-weight: 400;\" aria-level=\"1\"><span style=\"font-weight: 400;\">Be glitimo: Naudinga alergi\u0161kiems \u0161unims.<\/span><\/li>\n<li style=\"font-weight: 400;\" aria-level=\"1\"><span style=\"font-weight: 400;\">L\u0117tai atsipalaiduojantys angliavandeniai: Palaiko stabil\u0173 cukraus kiek\u012f kraujyje, tinka \u0161unims su diabetu.<\/span><\/li>\n<li style=\"font-weight: 400;\" aria-level=\"1\"><span style=\"font-weight: 400;\">Nat\u016bral\u016bs antioksidantai: Apsaugo l\u0105steles ir skatina bendr\u0105 sveikat\u0105.<\/span><\/li>\n<\/ul>\n<p><span style=\"font-weight: 400;\">SPECIFIC CT-SC Special Care Treats yra ne tik skan\u016bs, bet ir pritaikyti \u012fvairiems sveikatos poreikiams. Jie idealiai papildo specialias dietas \u0161unims su sveikatos sutrikimais, taip pat tinka kaip sveiki skan\u0117stai \u0161unims, turintiems antsvor\u012f, maisto netoleravim\u0105 ar jud\u0117jimo problemas. Subalansuota sud\u0117tis ir nat\u016bral\u016bs ingredientai u\u017etikrina, kad j\u016bs\u0173 augintinis m\u0117gausis \u0161iuo u\u017ekand\u017eiu be jokio pavojaus sveikatai.<\/span><\/p>\n","protected":false},"excerpt":{"rendered":"<p>\u0160ie skanukai, pagaminti i\u0161 nauj\u0173 baltym\u0173 ir l\u0117tai atsipalaiduojan\u010di\u0173 angliavandeni\u0173 \u0161altini\u0173, yra puikus pasirinkimas \u0161unims su \u012fvairiomis sveikatos problemomis ar<\/p>\n","protected":false},"featured_media":11922,"template":"","meta":[],"product_brand":[],"product_cat":[101,103,106,321],"product_tag":[],"class_list":{"0":"post-11921","1":"product","2":"type-product","3":"status-publish","4":"has-post-thumbnail","6":"product_cat-sunims","7":"product_cat-sunu-maistas","8":"product_cat-skanestai","9":"product_cat-specific-sunu-maistas","10":"pa_prekinis-zenklas-specific","12":"first","13":"instock","14":"taxable","15":"shipping-taxable","16":"purchasable","17":"product-type-simple"},"yoast_head":"<!-- This site is optimized with the Yoast SEO Premium plugin v27.1 (Yoast SEO v27.5) - https:\/\/yoast.com\/product\/yoast-seo-premium-wordpress\/ -->\n<title>SPECIFIC\u2122 CT-SC Special Care Treats \u2013 Specialios paskirties skanukai \u0161unims. - anivet.lt<\/title>\n<meta name=\"description\" content=\"\u0160ie skanukai, pagaminti i\u0161 nauj\u0173 baltym\u0173 ir l\u0117tai atsipalaiduojan\u010di\u0173 angliavandeni\u0173 \u0161altini\u0173, yra puikus pasirinkimas \u0161unims su \u012fvairiomis sveikatos\" \/>\n<meta name=\"robots\" content=\"index, follow, max-snippet:-1, max-image-preview:large, max-video-preview:-1\" \/>\n<link rel=\"canonical\" href=\"https:\/\/anivet.lt\/elparduotuve\/produktas\/specific-ct-sc-special-care-treats-specialios-paskirties-skanukai-sunims\/\" \/>\n<meta property=\"og:locale\" content=\"lt_LT\" \/>\n<meta property=\"og:type\" content=\"article\" \/>\n<meta property=\"og:title\" content=\"SPECIFIC\u2122 CT-SC Special Care Treats \u2013 Specialios paskirties skanukai \u0161unims.\" \/>\n<meta property=\"og:description\" content=\"\u0160ie skanukai, pagaminti i\u0161 nauj\u0173 baltym\u0173 ir l\u0117tai atsipalaiduojan\u010di\u0173 angliavandeni\u0173 \u0161altini\u0173, yra puikus pasirinkimas \u0161unims su \u012fvairiomis sveikatos\" \/>\n<meta property=\"og:url\" content=\"https:\/\/anivet.lt\/elparduotuve\/produktas\/specific-ct-sc-special-care-treats-specialios-paskirties-skanukai-sunims\/\" \/>\n<meta property=\"og:site_name\" content=\"anivet.lt\" \/>\n<meta property=\"article:modified_time\" content=\"2025-09-04T08:44:10+00:00\" \/>\n<meta property=\"og:image\" content=\"https:\/\/anivet.lt\/elparduotuve\/wp-content\/uploads\/2023\/09\/DbBgiZzdFnKzZ46n3DDQnCnS3gFe0p9ncPDICnIx-scaled.jpg\" \/>\n\t<meta property=\"og:image:width\" content=\"2560\" \/>\n\t<meta property=\"og:image:height\" content=\"2487\" \/>\n\t<meta property=\"og:image:type\" content=\"image\/jpeg\" \/>\n<meta name=\"twitter:card\" content=\"summary_large_image\" \/>\n<meta name=\"twitter:label1\" content=\"Est. reading time\" \/>\n\t<meta name=\"twitter:data1\" content=\"2 minut\u0117s\" \/>\n<script type=\"application\/ld+json\" class=\"yoast-schema-graph\">{\"@context\":\"https:\\\/\\\/schema.org\",\"@graph\":[{\"@type\":\"WebPage\",\"@id\":\"https:\\\/\\\/anivet.lt\\\/elparduotuve\\\/produktas\\\/specific-ct-sc-special-care-treats-specialios-paskirties-skanukai-sunims\\\/\",\"url\":\"https:\\\/\\\/anivet.lt\\\/elparduotuve\\\/produktas\\\/specific-ct-sc-special-care-treats-specialios-paskirties-skanukai-sunims\\\/\",\"name\":\"SPECIFIC\u2122 CT-SC Special Care Treats \u2013 Specialios paskirties skanukai \u0161unims. - anivet.lt\",\"isPartOf\":{\"@id\":\"https:\\\/\\\/anivet.lt\\\/elparduotuve\\\/#website\"},\"primaryImageOfPage\":{\"@id\":\"https:\\\/\\\/anivet.lt\\\/elparduotuve\\\/produktas\\\/specific-ct-sc-special-care-treats-specialios-paskirties-skanukai-sunims\\\/#primaryimage\"},\"image\":{\"@id\":\"https:\\\/\\\/anivet.lt\\\/elparduotuve\\\/produktas\\\/specific-ct-sc-special-care-treats-specialios-paskirties-skanukai-sunims\\\/#primaryimage\"},\"thumbnailUrl\":\"https:\\\/\\\/anivet.lt\\\/elparduotuve\\\/wp-content\\\/uploads\\\/2023\\\/09\\\/DbBgiZzdFnKzZ46n3DDQnCnS3gFe0p9ncPDICnIx-scaled.jpg\",\"datePublished\":\"2023-09-21T13:21:59+00:00\",\"dateModified\":\"2025-09-04T08:44:10+00:00\",\"description\":\"\u0160ie skanukai, pagaminti i\u0161 nauj\u0173 baltym\u0173 ir l\u0117tai atsipalaiduojan\u010di\u0173 angliavandeni\u0173 \u0161altini\u0173, yra puikus pasirinkimas \u0161unims su \u012fvairiomis sveikatos\",\"breadcrumb\":{\"@id\":\"https:\\\/\\\/anivet.lt\\\/elparduotuve\\\/produktas\\\/specific-ct-sc-special-care-treats-specialios-paskirties-skanukai-sunims\\\/#breadcrumb\"},\"inLanguage\":\"lt-LT\",\"potentialAction\":[{\"@type\":\"ReadAction\",\"target\":[\"https:\\\/\\\/anivet.lt\\\/elparduotuve\\\/produktas\\\/specific-ct-sc-special-care-treats-specialios-paskirties-skanukai-sunims\\\/\"]}]},{\"@type\":\"ImageObject\",\"inLanguage\":\"lt-LT\",\"@id\":\"https:\\\/\\\/anivet.lt\\\/elparduotuve\\\/produktas\\\/specific-ct-sc-special-care-treats-specialios-paskirties-skanukai-sunims\\\/#primaryimage\",\"url\":\"https:\\\/\\\/anivet.lt\\\/elparduotuve\\\/wp-content\\\/uploads\\\/2023\\\/09\\\/DbBgiZzdFnKzZ46n3DDQnCnS3gFe0p9ncPDICnIx-scaled.jpg\",\"contentUrl\":\"https:\\\/\\\/anivet.lt\\\/elparduotuve\\\/wp-content\\\/uploads\\\/2023\\\/09\\\/DbBgiZzdFnKzZ46n3DDQnCnS3gFe0p9ncPDICnIx-scaled.jpg\",\"width\":2560,\"height\":2487,\"caption\":\"SPECIFIC\u2122 CT-SC Special Care Treats \u2013 Specialios paskirties skanukai \u0161unims.\"},{\"@type\":\"BreadcrumbList\",\"@id\":\"https:\\\/\\\/anivet.lt\\\/elparduotuve\\\/produktas\\\/specific-ct-sc-special-care-treats-specialios-paskirties-skanukai-sunims\\\/#breadcrumb\",\"itemListElement\":[{\"@type\":\"ListItem\",\"position\":1,\"name\":\"Home\",\"item\":\"https:\\\/\\\/anivet.lt\\\/elparduotuve\\\/\"},{\"@type\":\"ListItem\",\"position\":2,\"name\":\"Produktai\",\"item\":\"https:\\\/\\\/anivet.lt\\\/elparduotuve\\\/produktai\\\/\"},{\"@type\":\"ListItem\",\"position\":3,\"name\":\"SPECIFIC\u2122 CT-SC Special Care Treats \u2013 Specialios paskirties skanukai \u0161unims.\"}]},{\"@type\":\"WebSite\",\"@id\":\"https:\\\/\\\/anivet.lt\\\/elparduotuve\\\/#website\",\"url\":\"https:\\\/\\\/anivet.lt\\\/elparduotuve\\\/\",\"name\":\"anivet.lt\",\"description\":\"Viskas J\u016bs\u0173 \u0161uns, kat\u0117s prie\u017ei\u016brai\",\"publisher\":{\"@id\":\"https:\\\/\\\/anivet.lt\\\/elparduotuve\\\/#organization\"},\"alternateName\":\"Viskas J\u016bs\u0173 \u0161uns, kat\u0117s prie\u017ei\u016brai\",\"potentialAction\":[{\"@type\":\"SearchAction\",\"target\":{\"@type\":\"EntryPoint\",\"urlTemplate\":\"https:\\\/\\\/anivet.lt\\\/elparduotuve\\\/?s={search_term_string}\"},\"query-input\":{\"@type\":\"PropertyValueSpecification\",\"valueRequired\":true,\"valueName\":\"search_term_string\"}}],\"inLanguage\":\"lt-LT\"},{\"@type\":\"Organization\",\"@id\":\"https:\\\/\\\/anivet.lt\\\/elparduotuve\\\/#organization\",\"name\":\"Viskas J\u016bs\u0173 \u0161uns, kat\u0117s prie\u017ei\u016brai\",\"url\":\"https:\\\/\\\/anivet.lt\\\/elparduotuve\\\/\",\"logo\":{\"@type\":\"ImageObject\",\"inLanguage\":\"lt-LT\",\"@id\":\"https:\\\/\\\/anivet.lt\\\/elparduotuve\\\/#\\\/schema\\\/logo\\\/image\\\/\",\"url\":\"https:\\\/\\\/anivet.lt\\\/elparduotuve\\\/wp-content\\\/uploads\\\/2023\\\/06\\\/logo2.jpg\",\"contentUrl\":\"https:\\\/\\\/anivet.lt\\\/elparduotuve\\\/wp-content\\\/uploads\\\/2023\\\/06\\\/logo2.jpg\",\"width\":655,\"height\":194,\"caption\":\"Viskas J\u016bs\u0173 \u0161uns, kat\u0117s prie\u017ei\u016brai\"},\"image\":{\"@id\":\"https:\\\/\\\/anivet.lt\\\/elparduotuve\\\/#\\\/schema\\\/logo\\\/image\\\/\"}}]}<\/script>\n<!-- \/ Yoast SEO Premium plugin. -->","yoast_head_json":{"title":"SPECIFIC\u2122 CT-SC Special Care Treats \u2013 Specialios paskirties skanukai \u0161unims. - anivet.lt","description":"\u0160ie skanukai, pagaminti i\u0161 nauj\u0173 baltym\u0173 ir l\u0117tai atsipalaiduojan\u010di\u0173 angliavandeni\u0173 \u0161altini\u0173, yra puikus pasirinkimas \u0161unims su \u012fvairiomis sveikatos","robots":{"index":"index","follow":"follow","max-snippet":"max-snippet:-1","max-image-preview":"max-image-preview:large","max-video-preview":"max-video-preview:-1"},"canonical":"https:\/\/anivet.lt\/elparduotuve\/produktas\/specific-ct-sc-special-care-treats-specialios-paskirties-skanukai-sunims\/","og_locale":"lt_LT","og_type":"article","og_title":"SPECIFIC\u2122 CT-SC Special Care Treats \u2013 Specialios paskirties skanukai \u0161unims.","og_description":"\u0160ie skanukai, pagaminti i\u0161 nauj\u0173 baltym\u0173 ir l\u0117tai atsipalaiduojan\u010di\u0173 angliavandeni\u0173 \u0161altini\u0173, yra puikus pasirinkimas \u0161unims su \u012fvairiomis sveikatos","og_url":"https:\/\/anivet.lt\/elparduotuve\/produktas\/specific-ct-sc-special-care-treats-specialios-paskirties-skanukai-sunims\/","og_site_name":"anivet.lt","article_modified_time":"2025-09-04T08:44:10+00:00","og_image":[{"width":2560,"height":2487,"url":"https:\/\/anivet.lt\/elparduotuve\/wp-content\/uploads\/2023\/09\/DbBgiZzdFnKzZ46n3DDQnCnS3gFe0p9ncPDICnIx-scaled.jpg","type":"image\/jpeg"}],"twitter_card":"summary_large_image","twitter_misc":{"Est. reading time":"2 minut\u0117s"},"schema":{"@context":"https:\/\/schema.org","@graph":[{"@type":"WebPage","@id":"https:\/\/anivet.lt\/elparduotuve\/produktas\/specific-ct-sc-special-care-treats-specialios-paskirties-skanukai-sunims\/","url":"https:\/\/anivet.lt\/elparduotuve\/produktas\/specific-ct-sc-special-care-treats-specialios-paskirties-skanukai-sunims\/","name":"SPECIFIC\u2122 CT-SC Special Care Treats \u2013 Specialios paskirties skanukai \u0161unims. - anivet.lt","isPartOf":{"@id":"https:\/\/anivet.lt\/elparduotuve\/#website"},"primaryImageOfPage":{"@id":"https:\/\/anivet.lt\/elparduotuve\/produktas\/specific-ct-sc-special-care-treats-specialios-paskirties-skanukai-sunims\/#primaryimage"},"image":{"@id":"https:\/\/anivet.lt\/elparduotuve\/produktas\/specific-ct-sc-special-care-treats-specialios-paskirties-skanukai-sunims\/#primaryimage"},"thumbnailUrl":"https:\/\/anivet.lt\/elparduotuve\/wp-content\/uploads\/2023\/09\/DbBgiZzdFnKzZ46n3DDQnCnS3gFe0p9ncPDICnIx-scaled.jpg","datePublished":"2023-09-21T13:21:59+00:00","dateModified":"2025-09-04T08:44:10+00:00","description":"\u0160ie skanukai, pagaminti i\u0161 nauj\u0173 baltym\u0173 ir l\u0117tai atsipalaiduojan\u010di\u0173 angliavandeni\u0173 \u0161altini\u0173, yra puikus pasirinkimas \u0161unims su \u012fvairiomis sveikatos","breadcrumb":{"@id":"https:\/\/anivet.lt\/elparduotuve\/produktas\/specific-ct-sc-special-care-treats-specialios-paskirties-skanukai-sunims\/#breadcrumb"},"inLanguage":"lt-LT","potentialAction":[{"@type":"ReadAction","target":["https:\/\/anivet.lt\/elparduotuve\/produktas\/specific-ct-sc-special-care-treats-specialios-paskirties-skanukai-sunims\/"]}]},{"@type":"ImageObject","inLanguage":"lt-LT","@id":"https:\/\/anivet.lt\/elparduotuve\/produktas\/specific-ct-sc-special-care-treats-specialios-paskirties-skanukai-sunims\/#primaryimage","url":"https:\/\/anivet.lt\/elparduotuve\/wp-content\/uploads\/2023\/09\/DbBgiZzdFnKzZ46n3DDQnCnS3gFe0p9ncPDICnIx-scaled.jpg","contentUrl":"https:\/\/anivet.lt\/elparduotuve\/wp-content\/uploads\/2023\/09\/DbBgiZzdFnKzZ46n3DDQnCnS3gFe0p9ncPDICnIx-scaled.jpg","width":2560,"height":2487,"caption":"SPECIFIC\u2122 CT-SC Special Care Treats \u2013 Specialios paskirties skanukai \u0161unims."},{"@type":"BreadcrumbList","@id":"https:\/\/anivet.lt\/elparduotuve\/produktas\/specific-ct-sc-special-care-treats-specialios-paskirties-skanukai-sunims\/#breadcrumb","itemListElement":[{"@type":"ListItem","position":1,"name":"Home","item":"https:\/\/anivet.lt\/elparduotuve\/"},{"@type":"ListItem","position":2,"name":"Produktai","item":"https:\/\/anivet.lt\/elparduotuve\/produktai\/"},{"@type":"ListItem","position":3,"name":"SPECIFIC\u2122 CT-SC Special Care Treats \u2013 Specialios paskirties skanukai \u0161unims."}]},{"@type":"WebSite","@id":"https:\/\/anivet.lt\/elparduotuve\/#website","url":"https:\/\/anivet.lt\/elparduotuve\/","name":"anivet.lt","description":"Viskas J\u016bs\u0173 \u0161uns, kat\u0117s prie\u017ei\u016brai","publisher":{"@id":"https:\/\/anivet.lt\/elparduotuve\/#organization"},"alternateName":"Viskas J\u016bs\u0173 \u0161uns, kat\u0117s prie\u017ei\u016brai","potentialAction":[{"@type":"SearchAction","target":{"@type":"EntryPoint","urlTemplate":"https:\/\/anivet.lt\/elparduotuve\/?s={search_term_string}"},"query-input":{"@type":"PropertyValueSpecification","valueRequired":true,"valueName":"search_term_string"}}],"inLanguage":"lt-LT"},{"@type":"Organization","@id":"https:\/\/anivet.lt\/elparduotuve\/#organization","name":"Viskas J\u016bs\u0173 \u0161uns, kat\u0117s prie\u017ei\u016brai","url":"https:\/\/anivet.lt\/elparduotuve\/","logo":{"@type":"ImageObject","inLanguage":"lt-LT","@id":"https:\/\/anivet.lt\/elparduotuve\/#\/schema\/logo\/image\/","url":"https:\/\/anivet.lt\/elparduotuve\/wp-content\/uploads\/2023\/06\/logo2.jpg","contentUrl":"https:\/\/anivet.lt\/elparduotuve\/wp-content\/uploads\/2023\/06\/logo2.jpg","width":655,"height":194,"caption":"Viskas J\u016bs\u0173 \u0161uns, kat\u0117s prie\u017ei\u016brai"},"image":{"@id":"https:\/\/anivet.lt\/elparduotuve\/#\/schema\/logo\/image\/"}}]}},"_links":{"self":[{"href":"https:\/\/anivet.lt\/elparduotuve\/wp-json\/wp\/v2\/product\/11921","targetHints":{"allow":["GET"]}}],"collection":[{"href":"https:\/\/anivet.lt\/elparduotuve\/wp-json\/wp\/v2\/product"}],"about":[{"href":"https:\/\/anivet.lt\/elparduotuve\/wp-json\/wp\/v2\/types\/product"}],"wp:featuredmedia":[{"embeddable":true,"href":"https:\/\/anivet.lt\/elparduotuve\/wp-json\/wp\/v2\/media\/11922"}],"wp:attachment":[{"href":"https:\/\/anivet.lt\/elparduotuve\/wp-json\/wp\/v2\/media?parent=11921"}],"wp:term":[{"taxonomy":"product_brand","embeddable":true,"href":"https:\/\/anivet.lt\/elparduotuve\/wp-json\/wp\/v2\/product_brand?post=11921"},{"taxonomy":"product_cat","embeddable":true,"href":"https:\/\/anivet.lt\/elparduotuve\/wp-json\/wp\/v2\/product_cat?post=11921"},{"taxonomy":"product_tag","embeddable":true,"href":"https:\/\/anivet.lt\/elparduotuve\/wp-json\/wp\/v2\/product_tag?post=11921"}],"curies":[{"name":"wp","href":"https:\/\/api.w.org\/{rel}","templated":true}]}}