{"id":11924,"date":"2023-09-21T13:44:04","date_gmt":"2023-09-21T13:44:04","guid":{"rendered":"https:\/\/anivet.lt\/elparduotuve\/?post_type=product&#038;p=11924"},"modified":"2026-05-12T06:05:25","modified_gmt":"2026-05-12T06:05:25","slug":"specific-ct-bio-ekologiski-skanestai-sunims","status":"publish","type":"product","link":"https:\/\/anivet.lt\/elparduotuve\/produktas\/specific-ct-bio-ekologiski-skanestai-sunims\/","title":{"rendered":"SPECIFIC\u2122 CT-BIO ekologi\u0161ki skan\u0117stai \u0161unims"},"content":{"rendered":"<p><span style=\"font-weight: 400;\">Ekologi\u0161ki skan\u0117stai, tinkantys vis\u0173 am\u017eiaus grupi\u0173 ir veisli\u0173 \u0161unims, \u012fskaitant cukriniu diabetu sergan\u010dius. Pagaminti i\u0161 sertifikuot\u0173 ekologini\u0173 ingredient\u0173, be gr\u016bd\u0173 ir su ma\u017eu angliavandeni\u0173 kiekiu.<\/span><\/p>\n<ul>\n<li style=\"font-weight: 400;\" aria-level=\"1\"><span style=\"font-weight: 400;\">Sertifikuoti ekologi\u0161ki ingredientai: Daugiau nei 95 % sudedam\u0173j\u0173 dali\u0173 yra i\u0161 ekologini\u0173 \u016bki\u0173.<\/span><\/li>\n<li style=\"font-weight: 400;\" aria-level=\"1\"><span style=\"font-weight: 400;\">Didelis \u0161vie\u017eios m\u0117sos kiekis: Sud\u0117tyje yra 82 % \u0161vie\u017eios pauk\u0161tienos, kiaulienos ir jautienos.<\/span><\/li>\n<li style=\"font-weight: 400;\" aria-level=\"1\"><span style=\"font-weight: 400;\">Be gr\u016bd\u0173: Tinka \u0161unims su gr\u016bd\u0173 netoleravimu ar jautriu vir\u0161kinimu.<\/span><\/li>\n<li style=\"font-weight: 400;\" aria-level=\"1\"><span style=\"font-weight: 400;\">Ma\u017eas angliavandeni\u0173 kiekis: Skan\u0117stai puikiai tinka cukriniu diabetu sergantiems \u0161unims.<\/span><\/li>\n<li style=\"font-weight: 400;\" aria-level=\"1\"><span style=\"font-weight: 400;\">Aplinkai draugi\u0161ka pakuot\u0117: Pagaminta i\u0161 perdirbamo plastiko.<\/span><\/li>\n<li style=\"font-weight: 400;\" aria-level=\"1\"><span style=\"font-weight: 400;\">Pagaminta pagal ES ekologinio \u017eenklinimo reikalavimus: Kokyb\u0117 patvirtinta \u201eGerman Pr\u00fcfgesellschaft \u00d6kologisicher Landbau\u201c.<\/span><\/li>\n<\/ul>\n<p><span style=\"font-weight: 400;\">\u201eSPECIFIC\u2122 CT-BIO\u201d Ekologi\u0161ki Skan\u0117stai yra puikus pasirinkimas, jei ie\u0161kote sveiko ir nat\u016bralaus b\u016bdo palepinti savo augintin\u012f. D\u0117l didelio \u0161vie\u017eios m\u0117sos kiekio ir gr\u016bd\u0173 nebuvimo, jie lengvai vir\u0161kinami ir u\u017etikrina ger\u0105 skon\u012f. Ekologi\u0161ki ingredientai ir tvarios gamybos praktikos garantuoja, kad j\u016bs\u0173 augintinis gaus ne tik gard\u0173, bet ir sveik\u0105 produkt\u0105.<\/span><\/p>\n","protected":false},"excerpt":{"rendered":"<p>Ekologi\u0161ki skan\u0117stai, tinkantys vis\u0173 am\u017eiaus grupi\u0173 ir veisli\u0173 \u0161unims, \u012fskaitant cukriniu diabetu sergan\u010dius. Pagaminti i\u0161 sertifikuot\u0173 ekologini\u0173 ingredient\u0173, be gr\u016bd\u0173<\/p>\n","protected":false},"featured_media":11925,"template":"","meta":[],"product_brand":[],"product_cat":[101,103,106,321],"product_tag":[],"class_list":{"0":"post-11924","1":"product","2":"type-product","3":"status-publish","4":"has-post-thumbnail","6":"product_cat-sunims","7":"product_cat-sunu-maistas","8":"product_cat-skanestai","9":"product_cat-specific-sunu-maistas","10":"pa_prekinis-zenklas-specific","12":"first","13":"instock","14":"taxable","15":"shipping-taxable","16":"purchasable","17":"product-type-variable"},"yoast_head":"<!-- This site is optimized with the Yoast SEO Premium plugin v27.1 (Yoast SEO v27.5) - https:\/\/yoast.com\/product\/yoast-seo-premium-wordpress\/ -->\n<title>SPECIFIC\u2122 CT-BIO ekologi\u0161ki skan\u0117stai \u0161unims - anivet.lt<\/title>\n<meta name=\"description\" content=\"Ekologi\u0161ki skan\u0117stai, tinkantys vis\u0173 am\u017eiaus grupi\u0173 ir veisli\u0173 \u0161unims, \u012fskaitant cukriniu diabetu sergan\u010dius. Pagaminti i\u0161 sertifikuot\u0173 ekologini\u0173\" \/>\n<meta name=\"robots\" content=\"index, follow, max-snippet:-1, max-image-preview:large, max-video-preview:-1\" \/>\n<link rel=\"canonical\" href=\"https:\/\/anivet.lt\/elparduotuve\/produktas\/specific-ct-bio-ekologiski-skanestai-sunims\/\" \/>\n<meta property=\"og:locale\" content=\"lt_LT\" \/>\n<meta property=\"og:type\" content=\"article\" \/>\n<meta property=\"og:title\" content=\"SPECIFIC\u2122 CT-BIO ekologi\u0161ki skan\u0117stai \u0161unims\" \/>\n<meta property=\"og:description\" content=\"Ekologi\u0161ki skan\u0117stai, tinkantys vis\u0173 am\u017eiaus grupi\u0173 ir veisli\u0173 \u0161unims, \u012fskaitant cukriniu diabetu sergan\u010dius. Pagaminti i\u0161 sertifikuot\u0173 ekologini\u0173\" \/>\n<meta property=\"og:url\" content=\"https:\/\/anivet.lt\/elparduotuve\/produktas\/specific-ct-bio-ekologiski-skanestai-sunims\/\" \/>\n<meta property=\"og:site_name\" content=\"anivet.lt\" \/>\n<meta property=\"article:modified_time\" content=\"2026-05-12T06:05:25+00:00\" \/>\n<meta property=\"og:image\" content=\"https:\/\/anivet.lt\/elparduotuve\/wp-content\/uploads\/2023\/09\/iGYod41O1hB9G3lUOif0T9teMY3wWbe91xw6B7kS.jpg\" \/>\n\t<meta property=\"og:image:width\" content=\"1000\" \/>\n\t<meta property=\"og:image:height\" content=\"1000\" \/>\n\t<meta property=\"og:image:type\" content=\"image\/jpeg\" \/>\n<meta name=\"twitter:card\" content=\"summary_large_image\" \/>\n<meta name=\"twitter:label1\" content=\"Est. reading time\" \/>\n\t<meta name=\"twitter:data1\" content=\"1 minut\u0117\" \/>\n<script type=\"application\/ld+json\" class=\"yoast-schema-graph\">{\"@context\":\"https:\\\/\\\/schema.org\",\"@graph\":[{\"@type\":\"WebPage\",\"@id\":\"https:\\\/\\\/anivet.lt\\\/elparduotuve\\\/produktas\\\/specific-ct-bio-ekologiski-skanestai-sunims\\\/\",\"url\":\"https:\\\/\\\/anivet.lt\\\/elparduotuve\\\/produktas\\\/specific-ct-bio-ekologiski-skanestai-sunims\\\/\",\"name\":\"SPECIFIC\u2122 CT-BIO ekologi\u0161ki skan\u0117stai \u0161unims - anivet.lt\",\"isPartOf\":{\"@id\":\"https:\\\/\\\/anivet.lt\\\/elparduotuve\\\/#website\"},\"primaryImageOfPage\":{\"@id\":\"https:\\\/\\\/anivet.lt\\\/elparduotuve\\\/produktas\\\/specific-ct-bio-ekologiski-skanestai-sunims\\\/#primaryimage\"},\"image\":{\"@id\":\"https:\\\/\\\/anivet.lt\\\/elparduotuve\\\/produktas\\\/specific-ct-bio-ekologiski-skanestai-sunims\\\/#primaryimage\"},\"thumbnailUrl\":\"https:\\\/\\\/anivet.lt\\\/elparduotuve\\\/wp-content\\\/uploads\\\/2023\\\/09\\\/iGYod41O1hB9G3lUOif0T9teMY3wWbe91xw6B7kS.jpg\",\"datePublished\":\"2023-09-21T13:44:04+00:00\",\"dateModified\":\"2026-05-12T06:05:25+00:00\",\"description\":\"Ekologi\u0161ki skan\u0117stai, tinkantys vis\u0173 am\u017eiaus grupi\u0173 ir veisli\u0173 \u0161unims, \u012fskaitant cukriniu diabetu sergan\u010dius. Pagaminti i\u0161 sertifikuot\u0173 ekologini\u0173\",\"breadcrumb\":{\"@id\":\"https:\\\/\\\/anivet.lt\\\/elparduotuve\\\/produktas\\\/specific-ct-bio-ekologiski-skanestai-sunims\\\/#breadcrumb\"},\"inLanguage\":\"lt-LT\",\"potentialAction\":[{\"@type\":\"ReadAction\",\"target\":[\"https:\\\/\\\/anivet.lt\\\/elparduotuve\\\/produktas\\\/specific-ct-bio-ekologiski-skanestai-sunims\\\/\"]}]},{\"@type\":\"ImageObject\",\"inLanguage\":\"lt-LT\",\"@id\":\"https:\\\/\\\/anivet.lt\\\/elparduotuve\\\/produktas\\\/specific-ct-bio-ekologiski-skanestai-sunims\\\/#primaryimage\",\"url\":\"https:\\\/\\\/anivet.lt\\\/elparduotuve\\\/wp-content\\\/uploads\\\/2023\\\/09\\\/iGYod41O1hB9G3lUOif0T9teMY3wWbe91xw6B7kS.jpg\",\"contentUrl\":\"https:\\\/\\\/anivet.lt\\\/elparduotuve\\\/wp-content\\\/uploads\\\/2023\\\/09\\\/iGYod41O1hB9G3lUOif0T9teMY3wWbe91xw6B7kS.jpg\",\"width\":1000,\"height\":1000,\"caption\":\"SPECIFIC\u2122 CT-BIO ekologi\u0161ki skan\u0117stai \u0161unims\"},{\"@type\":\"BreadcrumbList\",\"@id\":\"https:\\\/\\\/anivet.lt\\\/elparduotuve\\\/produktas\\\/specific-ct-bio-ekologiski-skanestai-sunims\\\/#breadcrumb\",\"itemListElement\":[{\"@type\":\"ListItem\",\"position\":1,\"name\":\"Home\",\"item\":\"https:\\\/\\\/anivet.lt\\\/elparduotuve\\\/\"},{\"@type\":\"ListItem\",\"position\":2,\"name\":\"Produktai\",\"item\":\"https:\\\/\\\/anivet.lt\\\/elparduotuve\\\/produktai\\\/\"},{\"@type\":\"ListItem\",\"position\":3,\"name\":\"SPECIFIC\u2122 CT-BIO ekologi\u0161ki skan\u0117stai \u0161unims\"}]},{\"@type\":\"WebSite\",\"@id\":\"https:\\\/\\\/anivet.lt\\\/elparduotuve\\\/#website\",\"url\":\"https:\\\/\\\/anivet.lt\\\/elparduotuve\\\/\",\"name\":\"anivet.lt\",\"description\":\"Viskas J\u016bs\u0173 \u0161uns, kat\u0117s prie\u017ei\u016brai\",\"publisher\":{\"@id\":\"https:\\\/\\\/anivet.lt\\\/elparduotuve\\\/#organization\"},\"alternateName\":\"Viskas J\u016bs\u0173 \u0161uns, kat\u0117s prie\u017ei\u016brai\",\"potentialAction\":[{\"@type\":\"SearchAction\",\"target\":{\"@type\":\"EntryPoint\",\"urlTemplate\":\"https:\\\/\\\/anivet.lt\\\/elparduotuve\\\/?s={search_term_string}\"},\"query-input\":{\"@type\":\"PropertyValueSpecification\",\"valueRequired\":true,\"valueName\":\"search_term_string\"}}],\"inLanguage\":\"lt-LT\"},{\"@type\":\"Organization\",\"@id\":\"https:\\\/\\\/anivet.lt\\\/elparduotuve\\\/#organization\",\"name\":\"Viskas J\u016bs\u0173 \u0161uns, kat\u0117s prie\u017ei\u016brai\",\"url\":\"https:\\\/\\\/anivet.lt\\\/elparduotuve\\\/\",\"logo\":{\"@type\":\"ImageObject\",\"inLanguage\":\"lt-LT\",\"@id\":\"https:\\\/\\\/anivet.lt\\\/elparduotuve\\\/#\\\/schema\\\/logo\\\/image\\\/\",\"url\":\"https:\\\/\\\/anivet.lt\\\/elparduotuve\\\/wp-content\\\/uploads\\\/2023\\\/06\\\/logo2.jpg\",\"contentUrl\":\"https:\\\/\\\/anivet.lt\\\/elparduotuve\\\/wp-content\\\/uploads\\\/2023\\\/06\\\/logo2.jpg\",\"width\":655,\"height\":194,\"caption\":\"Viskas J\u016bs\u0173 \u0161uns, kat\u0117s prie\u017ei\u016brai\"},\"image\":{\"@id\":\"https:\\\/\\\/anivet.lt\\\/elparduotuve\\\/#\\\/schema\\\/logo\\\/image\\\/\"}}]}<\/script>\n<!-- \/ Yoast SEO Premium plugin. -->","yoast_head_json":{"title":"SPECIFIC\u2122 CT-BIO ekologi\u0161ki skan\u0117stai \u0161unims - anivet.lt","description":"Ekologi\u0161ki skan\u0117stai, tinkantys vis\u0173 am\u017eiaus grupi\u0173 ir veisli\u0173 \u0161unims, \u012fskaitant cukriniu diabetu sergan\u010dius. Pagaminti i\u0161 sertifikuot\u0173 ekologini\u0173","robots":{"index":"index","follow":"follow","max-snippet":"max-snippet:-1","max-image-preview":"max-image-preview:large","max-video-preview":"max-video-preview:-1"},"canonical":"https:\/\/anivet.lt\/elparduotuve\/produktas\/specific-ct-bio-ekologiski-skanestai-sunims\/","og_locale":"lt_LT","og_type":"article","og_title":"SPECIFIC\u2122 CT-BIO ekologi\u0161ki skan\u0117stai \u0161unims","og_description":"Ekologi\u0161ki skan\u0117stai, tinkantys vis\u0173 am\u017eiaus grupi\u0173 ir veisli\u0173 \u0161unims, \u012fskaitant cukriniu diabetu sergan\u010dius. Pagaminti i\u0161 sertifikuot\u0173 ekologini\u0173","og_url":"https:\/\/anivet.lt\/elparduotuve\/produktas\/specific-ct-bio-ekologiski-skanestai-sunims\/","og_site_name":"anivet.lt","article_modified_time":"2026-05-12T06:05:25+00:00","og_image":[{"width":1000,"height":1000,"url":"https:\/\/anivet.lt\/elparduotuve\/wp-content\/uploads\/2023\/09\/iGYod41O1hB9G3lUOif0T9teMY3wWbe91xw6B7kS.jpg","type":"image\/jpeg"}],"twitter_card":"summary_large_image","twitter_misc":{"Est. reading time":"1 minut\u0117"},"schema":{"@context":"https:\/\/schema.org","@graph":[{"@type":"WebPage","@id":"https:\/\/anivet.lt\/elparduotuve\/produktas\/specific-ct-bio-ekologiski-skanestai-sunims\/","url":"https:\/\/anivet.lt\/elparduotuve\/produktas\/specific-ct-bio-ekologiski-skanestai-sunims\/","name":"SPECIFIC\u2122 CT-BIO ekologi\u0161ki skan\u0117stai \u0161unims - anivet.lt","isPartOf":{"@id":"https:\/\/anivet.lt\/elparduotuve\/#website"},"primaryImageOfPage":{"@id":"https:\/\/anivet.lt\/elparduotuve\/produktas\/specific-ct-bio-ekologiski-skanestai-sunims\/#primaryimage"},"image":{"@id":"https:\/\/anivet.lt\/elparduotuve\/produktas\/specific-ct-bio-ekologiski-skanestai-sunims\/#primaryimage"},"thumbnailUrl":"https:\/\/anivet.lt\/elparduotuve\/wp-content\/uploads\/2023\/09\/iGYod41O1hB9G3lUOif0T9teMY3wWbe91xw6B7kS.jpg","datePublished":"2023-09-21T13:44:04+00:00","dateModified":"2026-05-12T06:05:25+00:00","description":"Ekologi\u0161ki skan\u0117stai, tinkantys vis\u0173 am\u017eiaus grupi\u0173 ir veisli\u0173 \u0161unims, \u012fskaitant cukriniu diabetu sergan\u010dius. Pagaminti i\u0161 sertifikuot\u0173 ekologini\u0173","breadcrumb":{"@id":"https:\/\/anivet.lt\/elparduotuve\/produktas\/specific-ct-bio-ekologiski-skanestai-sunims\/#breadcrumb"},"inLanguage":"lt-LT","potentialAction":[{"@type":"ReadAction","target":["https:\/\/anivet.lt\/elparduotuve\/produktas\/specific-ct-bio-ekologiski-skanestai-sunims\/"]}]},{"@type":"ImageObject","inLanguage":"lt-LT","@id":"https:\/\/anivet.lt\/elparduotuve\/produktas\/specific-ct-bio-ekologiski-skanestai-sunims\/#primaryimage","url":"https:\/\/anivet.lt\/elparduotuve\/wp-content\/uploads\/2023\/09\/iGYod41O1hB9G3lUOif0T9teMY3wWbe91xw6B7kS.jpg","contentUrl":"https:\/\/anivet.lt\/elparduotuve\/wp-content\/uploads\/2023\/09\/iGYod41O1hB9G3lUOif0T9teMY3wWbe91xw6B7kS.jpg","width":1000,"height":1000,"caption":"SPECIFIC\u2122 CT-BIO ekologi\u0161ki skan\u0117stai \u0161unims"},{"@type":"BreadcrumbList","@id":"https:\/\/anivet.lt\/elparduotuve\/produktas\/specific-ct-bio-ekologiski-skanestai-sunims\/#breadcrumb","itemListElement":[{"@type":"ListItem","position":1,"name":"Home","item":"https:\/\/anivet.lt\/elparduotuve\/"},{"@type":"ListItem","position":2,"name":"Produktai","item":"https:\/\/anivet.lt\/elparduotuve\/produktai\/"},{"@type":"ListItem","position":3,"name":"SPECIFIC\u2122 CT-BIO ekologi\u0161ki skan\u0117stai \u0161unims"}]},{"@type":"WebSite","@id":"https:\/\/anivet.lt\/elparduotuve\/#website","url":"https:\/\/anivet.lt\/elparduotuve\/","name":"anivet.lt","description":"Viskas J\u016bs\u0173 \u0161uns, kat\u0117s prie\u017ei\u016brai","publisher":{"@id":"https:\/\/anivet.lt\/elparduotuve\/#organization"},"alternateName":"Viskas J\u016bs\u0173 \u0161uns, kat\u0117s prie\u017ei\u016brai","potentialAction":[{"@type":"SearchAction","target":{"@type":"EntryPoint","urlTemplate":"https:\/\/anivet.lt\/elparduotuve\/?s={search_term_string}"},"query-input":{"@type":"PropertyValueSpecification","valueRequired":true,"valueName":"search_term_string"}}],"inLanguage":"lt-LT"},{"@type":"Organization","@id":"https:\/\/anivet.lt\/elparduotuve\/#organization","name":"Viskas J\u016bs\u0173 \u0161uns, kat\u0117s prie\u017ei\u016brai","url":"https:\/\/anivet.lt\/elparduotuve\/","logo":{"@type":"ImageObject","inLanguage":"lt-LT","@id":"https:\/\/anivet.lt\/elparduotuve\/#\/schema\/logo\/image\/","url":"https:\/\/anivet.lt\/elparduotuve\/wp-content\/uploads\/2023\/06\/logo2.jpg","contentUrl":"https:\/\/anivet.lt\/elparduotuve\/wp-content\/uploads\/2023\/06\/logo2.jpg","width":655,"height":194,"caption":"Viskas J\u016bs\u0173 \u0161uns, kat\u0117s prie\u017ei\u016brai"},"image":{"@id":"https:\/\/anivet.lt\/elparduotuve\/#\/schema\/logo\/image\/"}}]}},"_links":{"self":[{"href":"https:\/\/anivet.lt\/elparduotuve\/wp-json\/wp\/v2\/product\/11924","targetHints":{"allow":["GET"]}}],"collection":[{"href":"https:\/\/anivet.lt\/elparduotuve\/wp-json\/wp\/v2\/product"}],"about":[{"href":"https:\/\/anivet.lt\/elparduotuve\/wp-json\/wp\/v2\/types\/product"}],"wp:featuredmedia":[{"embeddable":true,"href":"https:\/\/anivet.lt\/elparduotuve\/wp-json\/wp\/v2\/media\/11925"}],"wp:attachment":[{"href":"https:\/\/anivet.lt\/elparduotuve\/wp-json\/wp\/v2\/media?parent=11924"}],"wp:term":[{"taxonomy":"product_brand","embeddable":true,"href":"https:\/\/anivet.lt\/elparduotuve\/wp-json\/wp\/v2\/product_brand?post=11924"},{"taxonomy":"product_cat","embeddable":true,"href":"https:\/\/anivet.lt\/elparduotuve\/wp-json\/wp\/v2\/product_cat?post=11924"},{"taxonomy":"product_tag","embeddable":true,"href":"https:\/\/anivet.lt\/elparduotuve\/wp-json\/wp\/v2\/product_tag?post=11924"}],"curies":[{"name":"wp","href":"https:\/\/api.w.org\/{rel}","templated":true}]}}