{"id":11937,"date":"2023-09-21T18:26:58","date_gmt":"2023-09-21T18:26:58","guid":{"rendered":"https:\/\/anivet.lt\/elparduotuve\/?post_type=product&#038;p=11937"},"modified":"2026-02-27T14:17:17","modified_gmt":"2026-02-27T14:17:17","slug":"specific-ct-dc-s-dental-chew-kramtukai-sunu-dantims","status":"publish","type":"product","link":"https:\/\/anivet.lt\/elparduotuve\/produktas\/specific-ct-dc-s-dental-chew-kramtukai-sunu-dantims\/","title":{"rendered":"SPECIFIC\u2122 CT-DC-S Dental Chew &#8211; kramtukai \u0161un\u0173 dantims"},"content":{"rendered":"<p><span style=\"font-weight: 400;\">Special\u016bs kramtukai \u0161un\u0173 dantims, padedantys suma\u017einti dant\u0173 akmen\u0173 ir apna\u0161\u0173 susidarym\u0105 bei palaikantys gaiv\u0173 burnos kvap\u0105.<\/span><\/p>\n<ul>\n<li style=\"font-weight: 400;\" aria-level=\"1\"><span style=\"font-weight: 400;\">Mink\u0161ta tekst\u016bra su oro kanalais: Leid\u017eia giliai valyti dantis mechanin\u0117s trinties b\u016bdu.<\/span><\/li>\n<li style=\"font-weight: 400;\" aria-level=\"1\"><span style=\"font-weight: 400;\">Heksametafosfatas: Suri\u0161a seil\u0117se kalc\u012f ir neleid\u017eia formuotis dant\u0173 akmenims.<\/span><\/li>\n<li style=\"font-weight: 400;\" aria-level=\"1\"><span style=\"font-weight: 400;\">Vitamino C fosfatas: Slopina bakterij\u0173 dauginim\u0105si burnoje ir ma\u017eina apna\u0161as.<\/span><\/li>\n<li style=\"font-weight: 400;\" aria-level=\"1\"><span style=\"font-weight: 400;\">J\u016bros dumbliai: Ma\u017eina apna\u0161as, akmen\u0173 susidarym\u0105 ir blog\u0105 burnos kvap\u0105.<\/span><\/li>\n<li style=\"font-weight: 400;\" aria-level=\"1\"><span style=\"font-weight: 400;\">\u017daliosios arbatos ekstraktas ir eukalipto aliejus: Palaiko gaiv\u0173 kvap\u0105.<\/span><\/li>\n<\/ul>\n<p><span style=\"font-weight: 400;\">\u201eSPECIFIC\u2122 Dental Chew\u201d yra efektyvus sprendimas burnos higienai palaikyti nat\u016braliu ir saugiu b\u016bdu. Jame esan\u010dios aktyviosios med\u017eiagos u\u017etikrina, kad kramtukai ne tik valo dantis, bet ir ma\u017eina bakterij\u0173 kaupim\u0105si, apsaugodami nuo dant\u0173 lig\u0173 bei u\u017etikrindami \u0161var\u0173 ir gaiv\u0173 burnos kvap\u0105.<\/span><\/p>\n<h3><b>Nerekomenduojama:<\/b><\/h3>\n<ul>\n<li style=\"font-weight: 400;\" aria-level=\"1\"><span style=\"font-weight: 400;\">\u0160unims, sergantiems hipertiroidizmu, d\u0117l nat\u016braliai didelio jodo kiekio, esan\u010dio j\u016bros dumbliuose.<\/span><\/li>\n<\/ul>\n","protected":false},"excerpt":{"rendered":"<p>Special\u016bs kramtukai \u0161un\u0173 dantims, padedantys suma\u017einti dant\u0173 akmen\u0173 ir apna\u0161\u0173 susidarym\u0105 bei palaikantys gaiv\u0173 burnos kvap\u0105. Mink\u0161ta tekst\u016bra su oro<\/p>\n","protected":false},"featured_media":11938,"template":"","meta":[],"product_brand":[],"product_cat":[101,103,106,321],"product_tag":[],"class_list":{"0":"post-11937","1":"product","2":"type-product","3":"status-publish","4":"has-post-thumbnail","6":"product_cat-sunims","7":"product_cat-sunu-maistas","8":"product_cat-skanestai","9":"product_cat-specific-sunu-maistas","10":"pa_prekinis-zenklas-specific","12":"first","13":"instock","14":"taxable","15":"shipping-taxable","16":"purchasable","17":"product-type-variable"},"yoast_head":"<!-- This site is optimized with the Yoast SEO Premium plugin v27.1 (Yoast SEO v27.5) - https:\/\/yoast.com\/product\/yoast-seo-premium-wordpress\/ -->\n<title>SPECIFIC\u2122 CT-DC-S Dental Chew - kramtukai \u0161un\u0173 dantims - anivet.lt<\/title>\n<meta name=\"description\" content=\"Special\u016bs kramtukai \u0161un\u0173 dantims, padedantys suma\u017einti dant\u0173 akmen\u0173 ir apna\u0161\u0173 susidarym\u0105 bei palaikantys gaiv\u0173 burnos kvap\u0105. Mink\u0161ta tekst\u016bra su oro\" \/>\n<meta name=\"robots\" content=\"index, follow, max-snippet:-1, max-image-preview:large, max-video-preview:-1\" \/>\n<link rel=\"canonical\" href=\"https:\/\/anivet.lt\/elparduotuve\/produktas\/specific-ct-dc-s-dental-chew-kramtukai-sunu-dantims\/\" \/>\n<meta property=\"og:locale\" content=\"lt_LT\" \/>\n<meta property=\"og:type\" content=\"article\" \/>\n<meta property=\"og:title\" content=\"SPECIFIC\u2122 CT-DC-S Dental Chew - kramtukai \u0161un\u0173 dantims\" \/>\n<meta property=\"og:description\" content=\"Special\u016bs kramtukai \u0161un\u0173 dantims, padedantys suma\u017einti dant\u0173 akmen\u0173 ir apna\u0161\u0173 susidarym\u0105 bei palaikantys gaiv\u0173 burnos kvap\u0105. Mink\u0161ta tekst\u016bra su oro\" \/>\n<meta property=\"og:url\" content=\"https:\/\/anivet.lt\/elparduotuve\/produktas\/specific-ct-dc-s-dental-chew-kramtukai-sunu-dantims\/\" \/>\n<meta property=\"og:site_name\" content=\"anivet.lt\" \/>\n<meta property=\"article:modified_time\" content=\"2026-02-27T14:17:17+00:00\" \/>\n<meta property=\"og:image\" content=\"https:\/\/anivet.lt\/elparduotuve\/wp-content\/uploads\/2023\/09\/2Rj3oTTgG5z7CgYdcTife5pJ27WsHHdQqMsOovYL.jpg\" \/>\n\t<meta property=\"og:image:width\" content=\"1000\" \/>\n\t<meta property=\"og:image:height\" content=\"1000\" \/>\n\t<meta property=\"og:image:type\" content=\"image\/jpeg\" \/>\n<meta name=\"twitter:card\" content=\"summary_large_image\" \/>\n<meta name=\"twitter:label1\" content=\"Est. reading time\" \/>\n\t<meta name=\"twitter:data1\" content=\"1 minut\u0117\" \/>\n<script type=\"application\/ld+json\" class=\"yoast-schema-graph\">{\"@context\":\"https:\\\/\\\/schema.org\",\"@graph\":[{\"@type\":\"WebPage\",\"@id\":\"https:\\\/\\\/anivet.lt\\\/elparduotuve\\\/produktas\\\/specific-ct-dc-s-dental-chew-kramtukai-sunu-dantims\\\/\",\"url\":\"https:\\\/\\\/anivet.lt\\\/elparduotuve\\\/produktas\\\/specific-ct-dc-s-dental-chew-kramtukai-sunu-dantims\\\/\",\"name\":\"SPECIFIC\u2122 CT-DC-S Dental Chew - kramtukai \u0161un\u0173 dantims - anivet.lt\",\"isPartOf\":{\"@id\":\"https:\\\/\\\/anivet.lt\\\/elparduotuve\\\/#website\"},\"primaryImageOfPage\":{\"@id\":\"https:\\\/\\\/anivet.lt\\\/elparduotuve\\\/produktas\\\/specific-ct-dc-s-dental-chew-kramtukai-sunu-dantims\\\/#primaryimage\"},\"image\":{\"@id\":\"https:\\\/\\\/anivet.lt\\\/elparduotuve\\\/produktas\\\/specific-ct-dc-s-dental-chew-kramtukai-sunu-dantims\\\/#primaryimage\"},\"thumbnailUrl\":\"https:\\\/\\\/anivet.lt\\\/elparduotuve\\\/wp-content\\\/uploads\\\/2023\\\/09\\\/2Rj3oTTgG5z7CgYdcTife5pJ27WsHHdQqMsOovYL.jpg\",\"datePublished\":\"2023-09-21T18:26:58+00:00\",\"dateModified\":\"2026-02-27T14:17:17+00:00\",\"description\":\"Special\u016bs kramtukai \u0161un\u0173 dantims, padedantys suma\u017einti dant\u0173 akmen\u0173 ir apna\u0161\u0173 susidarym\u0105 bei palaikantys gaiv\u0173 burnos kvap\u0105. Mink\u0161ta tekst\u016bra su oro\",\"breadcrumb\":{\"@id\":\"https:\\\/\\\/anivet.lt\\\/elparduotuve\\\/produktas\\\/specific-ct-dc-s-dental-chew-kramtukai-sunu-dantims\\\/#breadcrumb\"},\"inLanguage\":\"lt-LT\",\"potentialAction\":[{\"@type\":\"ReadAction\",\"target\":[\"https:\\\/\\\/anivet.lt\\\/elparduotuve\\\/produktas\\\/specific-ct-dc-s-dental-chew-kramtukai-sunu-dantims\\\/\"]}]},{\"@type\":\"ImageObject\",\"inLanguage\":\"lt-LT\",\"@id\":\"https:\\\/\\\/anivet.lt\\\/elparduotuve\\\/produktas\\\/specific-ct-dc-s-dental-chew-kramtukai-sunu-dantims\\\/#primaryimage\",\"url\":\"https:\\\/\\\/anivet.lt\\\/elparduotuve\\\/wp-content\\\/uploads\\\/2023\\\/09\\\/2Rj3oTTgG5z7CgYdcTife5pJ27WsHHdQqMsOovYL.jpg\",\"contentUrl\":\"https:\\\/\\\/anivet.lt\\\/elparduotuve\\\/wp-content\\\/uploads\\\/2023\\\/09\\\/2Rj3oTTgG5z7CgYdcTife5pJ27WsHHdQqMsOovYL.jpg\",\"width\":1000,\"height\":1000,\"caption\":\"SPECIFIC\u2122 CT-DC-S Dental Chew - kramtukai \u0161un\u0173 dantims\"},{\"@type\":\"BreadcrumbList\",\"@id\":\"https:\\\/\\\/anivet.lt\\\/elparduotuve\\\/produktas\\\/specific-ct-dc-s-dental-chew-kramtukai-sunu-dantims\\\/#breadcrumb\",\"itemListElement\":[{\"@type\":\"ListItem\",\"position\":1,\"name\":\"Home\",\"item\":\"https:\\\/\\\/anivet.lt\\\/elparduotuve\\\/\"},{\"@type\":\"ListItem\",\"position\":2,\"name\":\"Produktai\",\"item\":\"https:\\\/\\\/anivet.lt\\\/elparduotuve\\\/produktai\\\/\"},{\"@type\":\"ListItem\",\"position\":3,\"name\":\"SPECIFIC\u2122 CT-DC-S Dental Chew &#8211; kramtukai \u0161un\u0173 dantims\"}]},{\"@type\":\"WebSite\",\"@id\":\"https:\\\/\\\/anivet.lt\\\/elparduotuve\\\/#website\",\"url\":\"https:\\\/\\\/anivet.lt\\\/elparduotuve\\\/\",\"name\":\"anivet.lt\",\"description\":\"Viskas J\u016bs\u0173 \u0161uns, kat\u0117s prie\u017ei\u016brai\",\"publisher\":{\"@id\":\"https:\\\/\\\/anivet.lt\\\/elparduotuve\\\/#organization\"},\"alternateName\":\"Viskas J\u016bs\u0173 \u0161uns, kat\u0117s prie\u017ei\u016brai\",\"potentialAction\":[{\"@type\":\"SearchAction\",\"target\":{\"@type\":\"EntryPoint\",\"urlTemplate\":\"https:\\\/\\\/anivet.lt\\\/elparduotuve\\\/?s={search_term_string}\"},\"query-input\":{\"@type\":\"PropertyValueSpecification\",\"valueRequired\":true,\"valueName\":\"search_term_string\"}}],\"inLanguage\":\"lt-LT\"},{\"@type\":\"Organization\",\"@id\":\"https:\\\/\\\/anivet.lt\\\/elparduotuve\\\/#organization\",\"name\":\"Viskas J\u016bs\u0173 \u0161uns, kat\u0117s prie\u017ei\u016brai\",\"url\":\"https:\\\/\\\/anivet.lt\\\/elparduotuve\\\/\",\"logo\":{\"@type\":\"ImageObject\",\"inLanguage\":\"lt-LT\",\"@id\":\"https:\\\/\\\/anivet.lt\\\/elparduotuve\\\/#\\\/schema\\\/logo\\\/image\\\/\",\"url\":\"https:\\\/\\\/anivet.lt\\\/elparduotuve\\\/wp-content\\\/uploads\\\/2023\\\/06\\\/logo2.jpg\",\"contentUrl\":\"https:\\\/\\\/anivet.lt\\\/elparduotuve\\\/wp-content\\\/uploads\\\/2023\\\/06\\\/logo2.jpg\",\"width\":655,\"height\":194,\"caption\":\"Viskas J\u016bs\u0173 \u0161uns, kat\u0117s prie\u017ei\u016brai\"},\"image\":{\"@id\":\"https:\\\/\\\/anivet.lt\\\/elparduotuve\\\/#\\\/schema\\\/logo\\\/image\\\/\"}}]}<\/script>\n<!-- \/ Yoast SEO Premium plugin. -->","yoast_head_json":{"title":"SPECIFIC\u2122 CT-DC-S Dental Chew - kramtukai \u0161un\u0173 dantims - anivet.lt","description":"Special\u016bs kramtukai \u0161un\u0173 dantims, padedantys suma\u017einti dant\u0173 akmen\u0173 ir apna\u0161\u0173 susidarym\u0105 bei palaikantys gaiv\u0173 burnos kvap\u0105. Mink\u0161ta tekst\u016bra su oro","robots":{"index":"index","follow":"follow","max-snippet":"max-snippet:-1","max-image-preview":"max-image-preview:large","max-video-preview":"max-video-preview:-1"},"canonical":"https:\/\/anivet.lt\/elparduotuve\/produktas\/specific-ct-dc-s-dental-chew-kramtukai-sunu-dantims\/","og_locale":"lt_LT","og_type":"article","og_title":"SPECIFIC\u2122 CT-DC-S Dental Chew - kramtukai \u0161un\u0173 dantims","og_description":"Special\u016bs kramtukai \u0161un\u0173 dantims, padedantys suma\u017einti dant\u0173 akmen\u0173 ir apna\u0161\u0173 susidarym\u0105 bei palaikantys gaiv\u0173 burnos kvap\u0105. Mink\u0161ta tekst\u016bra su oro","og_url":"https:\/\/anivet.lt\/elparduotuve\/produktas\/specific-ct-dc-s-dental-chew-kramtukai-sunu-dantims\/","og_site_name":"anivet.lt","article_modified_time":"2026-02-27T14:17:17+00:00","og_image":[{"width":1000,"height":1000,"url":"https:\/\/anivet.lt\/elparduotuve\/wp-content\/uploads\/2023\/09\/2Rj3oTTgG5z7CgYdcTife5pJ27WsHHdQqMsOovYL.jpg","type":"image\/jpeg"}],"twitter_card":"summary_large_image","twitter_misc":{"Est. reading time":"1 minut\u0117"},"schema":{"@context":"https:\/\/schema.org","@graph":[{"@type":"WebPage","@id":"https:\/\/anivet.lt\/elparduotuve\/produktas\/specific-ct-dc-s-dental-chew-kramtukai-sunu-dantims\/","url":"https:\/\/anivet.lt\/elparduotuve\/produktas\/specific-ct-dc-s-dental-chew-kramtukai-sunu-dantims\/","name":"SPECIFIC\u2122 CT-DC-S Dental Chew - kramtukai \u0161un\u0173 dantims - anivet.lt","isPartOf":{"@id":"https:\/\/anivet.lt\/elparduotuve\/#website"},"primaryImageOfPage":{"@id":"https:\/\/anivet.lt\/elparduotuve\/produktas\/specific-ct-dc-s-dental-chew-kramtukai-sunu-dantims\/#primaryimage"},"image":{"@id":"https:\/\/anivet.lt\/elparduotuve\/produktas\/specific-ct-dc-s-dental-chew-kramtukai-sunu-dantims\/#primaryimage"},"thumbnailUrl":"https:\/\/anivet.lt\/elparduotuve\/wp-content\/uploads\/2023\/09\/2Rj3oTTgG5z7CgYdcTife5pJ27WsHHdQqMsOovYL.jpg","datePublished":"2023-09-21T18:26:58+00:00","dateModified":"2026-02-27T14:17:17+00:00","description":"Special\u016bs kramtukai \u0161un\u0173 dantims, padedantys suma\u017einti dant\u0173 akmen\u0173 ir apna\u0161\u0173 susidarym\u0105 bei palaikantys gaiv\u0173 burnos kvap\u0105. Mink\u0161ta tekst\u016bra su oro","breadcrumb":{"@id":"https:\/\/anivet.lt\/elparduotuve\/produktas\/specific-ct-dc-s-dental-chew-kramtukai-sunu-dantims\/#breadcrumb"},"inLanguage":"lt-LT","potentialAction":[{"@type":"ReadAction","target":["https:\/\/anivet.lt\/elparduotuve\/produktas\/specific-ct-dc-s-dental-chew-kramtukai-sunu-dantims\/"]}]},{"@type":"ImageObject","inLanguage":"lt-LT","@id":"https:\/\/anivet.lt\/elparduotuve\/produktas\/specific-ct-dc-s-dental-chew-kramtukai-sunu-dantims\/#primaryimage","url":"https:\/\/anivet.lt\/elparduotuve\/wp-content\/uploads\/2023\/09\/2Rj3oTTgG5z7CgYdcTife5pJ27WsHHdQqMsOovYL.jpg","contentUrl":"https:\/\/anivet.lt\/elparduotuve\/wp-content\/uploads\/2023\/09\/2Rj3oTTgG5z7CgYdcTife5pJ27WsHHdQqMsOovYL.jpg","width":1000,"height":1000,"caption":"SPECIFIC\u2122 CT-DC-S Dental Chew - kramtukai \u0161un\u0173 dantims"},{"@type":"BreadcrumbList","@id":"https:\/\/anivet.lt\/elparduotuve\/produktas\/specific-ct-dc-s-dental-chew-kramtukai-sunu-dantims\/#breadcrumb","itemListElement":[{"@type":"ListItem","position":1,"name":"Home","item":"https:\/\/anivet.lt\/elparduotuve\/"},{"@type":"ListItem","position":2,"name":"Produktai","item":"https:\/\/anivet.lt\/elparduotuve\/produktai\/"},{"@type":"ListItem","position":3,"name":"SPECIFIC\u2122 CT-DC-S Dental Chew &#8211; kramtukai \u0161un\u0173 dantims"}]},{"@type":"WebSite","@id":"https:\/\/anivet.lt\/elparduotuve\/#website","url":"https:\/\/anivet.lt\/elparduotuve\/","name":"anivet.lt","description":"Viskas J\u016bs\u0173 \u0161uns, kat\u0117s prie\u017ei\u016brai","publisher":{"@id":"https:\/\/anivet.lt\/elparduotuve\/#organization"},"alternateName":"Viskas J\u016bs\u0173 \u0161uns, kat\u0117s prie\u017ei\u016brai","potentialAction":[{"@type":"SearchAction","target":{"@type":"EntryPoint","urlTemplate":"https:\/\/anivet.lt\/elparduotuve\/?s={search_term_string}"},"query-input":{"@type":"PropertyValueSpecification","valueRequired":true,"valueName":"search_term_string"}}],"inLanguage":"lt-LT"},{"@type":"Organization","@id":"https:\/\/anivet.lt\/elparduotuve\/#organization","name":"Viskas J\u016bs\u0173 \u0161uns, kat\u0117s prie\u017ei\u016brai","url":"https:\/\/anivet.lt\/elparduotuve\/","logo":{"@type":"ImageObject","inLanguage":"lt-LT","@id":"https:\/\/anivet.lt\/elparduotuve\/#\/schema\/logo\/image\/","url":"https:\/\/anivet.lt\/elparduotuve\/wp-content\/uploads\/2023\/06\/logo2.jpg","contentUrl":"https:\/\/anivet.lt\/elparduotuve\/wp-content\/uploads\/2023\/06\/logo2.jpg","width":655,"height":194,"caption":"Viskas J\u016bs\u0173 \u0161uns, kat\u0117s prie\u017ei\u016brai"},"image":{"@id":"https:\/\/anivet.lt\/elparduotuve\/#\/schema\/logo\/image\/"}}]}},"_links":{"self":[{"href":"https:\/\/anivet.lt\/elparduotuve\/wp-json\/wp\/v2\/product\/11937","targetHints":{"allow":["GET"]}}],"collection":[{"href":"https:\/\/anivet.lt\/elparduotuve\/wp-json\/wp\/v2\/product"}],"about":[{"href":"https:\/\/anivet.lt\/elparduotuve\/wp-json\/wp\/v2\/types\/product"}],"wp:featuredmedia":[{"embeddable":true,"href":"https:\/\/anivet.lt\/elparduotuve\/wp-json\/wp\/v2\/media\/11938"}],"wp:attachment":[{"href":"https:\/\/anivet.lt\/elparduotuve\/wp-json\/wp\/v2\/media?parent=11937"}],"wp:term":[{"taxonomy":"product_brand","embeddable":true,"href":"https:\/\/anivet.lt\/elparduotuve\/wp-json\/wp\/v2\/product_brand?post=11937"},{"taxonomy":"product_cat","embeddable":true,"href":"https:\/\/anivet.lt\/elparduotuve\/wp-json\/wp\/v2\/product_cat?post=11937"},{"taxonomy":"product_tag","embeddable":true,"href":"https:\/\/anivet.lt\/elparduotuve\/wp-json\/wp\/v2\/product_tag?post=11937"}],"curies":[{"name":"wp","href":"https:\/\/api.w.org\/{rel}","templated":true}]}}