{"id":11967,"date":"2023-10-04T10:21:12","date_gmt":"2023-10-04T10:21:12","guid":{"rendered":"https:\/\/anivet.lt\/elparduotuve\/?post_type=product&#038;p=11967"},"modified":"2026-05-04T19:42:53","modified_gmt":"2026-05-04T19:42:53","slug":"monge-monoprotein-line-mini-puppy-junior-maistas-suniukams-su-eriena-ir-ryziais","status":"publish","type":"product","link":"https:\/\/anivet.lt\/elparduotuve\/produktas\/monge-monoprotein-line-mini-puppy-junior-maistas-suniukams-su-eriena-ir-ryziais\/","title":{"rendered":"Monge Monoprotein Line Mini Puppy &amp; Junior maistas \u0161uniukams su \u0117riena ir ry\u017eiais"},"content":{"rendered":"<p><span style=\"font-weight: 400;\">Auk\u0161tos kokyb\u0117s sausas pa\u0161aras, specialiai sukurtas ma\u017e\u0173 veisli\u0173 \u0161uniukams. Pagrindinis ingredientas \u2013 \u0117riena, u\u017etikrinanti puik\u0173 baltym\u0173 \u0161altin\u012f. Sud\u0117tyje n\u0117ra dirbtini\u0173 da\u017eikli\u0173 ar konservant\u0173, o praturtinta sud\u0117tis skirta augan\u010diam organizmui.<\/span><\/p>\n<ul>\n<li style=\"font-weight: 400;\" aria-level=\"1\"><span style=\"font-weight: 400;\">Monoproteinin\u0117 formul\u0117: \u0116riena kaip vienintelis gyv\u016bninis baltym\u0173 \u0161altinis.<\/span><\/li>\n<li style=\"font-weight: 400;\" aria-level=\"1\"><span style=\"font-weight: 400;\">Nat\u016bral\u016bs prebiotikai (XOS ir MOS): Palaiko sveik\u0105 \u017earnyno mikroflor\u0105.<\/span><\/li>\n<li style=\"font-weight: 400;\" aria-level=\"1\"><span style=\"font-weight: 400;\">Imuniteto stiprinimas: Arti\u0161ok\u0173 ekstraktas, e\u017eiuol\u0117, \u010desnakas ir raudon\u0117lis.<\/span><\/li>\n<li style=\"font-weight: 400;\" aria-level=\"1\"><span style=\"font-weight: 400;\">Sveiki s\u0105nariai: Chondroitinas ir gliukozaminas skatina s\u0105nari\u0173 ir kremzli\u0173 sveikat\u0105.<\/span><\/li>\n<li style=\"font-weight: 400;\" aria-level=\"1\"><span style=\"font-weight: 400;\">Balansas augimui: Kalcis ir fosforas padeda formuotis stipriems kaulams ir dantims.<\/span><\/li>\n<li style=\"font-weight: 400;\" aria-level=\"1\"><span style=\"font-weight: 400;\">Omega-3 ir Omega-6 riebal\u0173 r\u016bg\u0161tys: Palaiko sveik\u0105 od\u0105 ir blizgant\u012f kail\u012f.<\/span><\/li>\n<\/ul>\n<p><span style=\"font-weight: 400;\">\u201eMonge Monoprotein Line Mini Puppy &amp; Junior\u201c u\u017etikrina subalansuot\u0105 mityb\u0105, pritaikyt\u0105 \u0161uniuko augimo poreikiams. Nat\u016bral\u016bs ingredientai, stiprinantys imunitet\u0105 ir palaikantys vir\u0161kinimo sveikat\u0105, prisideda prie optimalaus \u0161uns vystymosi. Tai idealus pasirinkimas ma\u017e\u0173 veisli\u0173 \u0161uniukams, siekiant suteikti geriausias s\u0105lygas sveikam augimui.<\/span><\/p>\n","protected":false},"excerpt":{"rendered":"<p>Auk\u0161tos kokyb\u0117s sausas pa\u0161aras, specialiai sukurtas ma\u017e\u0173 veisli\u0173 \u0161uniukams. Pagrindinis ingredientas \u2013 \u0117riena, u\u017etikrinanti puik\u0173 baltym\u0173 \u0161altin\u012f. Sud\u0117tyje n\u0117ra dirbtini\u0173<\/p>\n","protected":false},"featured_media":11968,"template":"","meta":[],"product_brand":[],"product_cat":[101,103,104,318],"product_tag":[],"class_list":{"0":"post-11967","1":"product","2":"type-product","3":"status-publish","4":"has-post-thumbnail","6":"product_cat-sunims","7":"product_cat-sunu-maistas","8":"product_cat-sausas-maistas","9":"product_cat-monge-sunu-maistas","10":"pa_prekinis-zenklas-monge","12":"first","13":"instock","14":"sale","15":"taxable","16":"shipping-taxable","17":"purchasable","18":"product-type-simple"},"yoast_head":"<!-- This site is optimized with the Yoast SEO Premium plugin v27.1 (Yoast SEO v27.5) - https:\/\/yoast.com\/product\/yoast-seo-premium-wordpress\/ -->\n<title>Monge Monoprotein Line Mini Puppy &amp; Junior maistas \u0161uniukams su \u0117riena ir ry\u017eiais - anivet.lt<\/title>\n<meta name=\"description\" content=\"Auk\u0161tos kokyb\u0117s sausas pa\u0161aras, specialiai sukurtas ma\u017e\u0173 veisli\u0173 \u0161uniukams. Pagrindinis ingredientas \u2013 \u0117riena, u\u017etikrinanti puik\u0173 baltym\u0173 \u0161altin\u012f.\" \/>\n<meta name=\"robots\" content=\"index, follow, max-snippet:-1, max-image-preview:large, max-video-preview:-1\" \/>\n<link rel=\"canonical\" href=\"https:\/\/anivet.lt\/elparduotuve\/produktas\/monge-monoprotein-line-mini-puppy-junior-maistas-suniukams-su-eriena-ir-ryziais\/\" \/>\n<meta property=\"og:locale\" content=\"lt_LT\" \/>\n<meta property=\"og:type\" content=\"article\" \/>\n<meta property=\"og:title\" content=\"Monge Monoprotein Line Mini Puppy &amp; Junior maistas \u0161uniukams su \u0117riena ir ry\u017eiais\" \/>\n<meta property=\"og:description\" content=\"Auk\u0161tos kokyb\u0117s sausas pa\u0161aras, specialiai sukurtas ma\u017e\u0173 veisli\u0173 \u0161uniukams. Pagrindinis ingredientas \u2013 \u0117riena, u\u017etikrinanti puik\u0173 baltym\u0173 \u0161altin\u012f.\" \/>\n<meta property=\"og:url\" content=\"https:\/\/anivet.lt\/elparduotuve\/produktas\/monge-monoprotein-line-mini-puppy-junior-maistas-suniukams-su-eriena-ir-ryziais\/\" \/>\n<meta property=\"og:site_name\" content=\"anivet.lt\" \/>\n<meta property=\"article:modified_time\" content=\"2026-05-04T19:42:53+00:00\" \/>\n<meta property=\"og:image\" content=\"https:\/\/anivet.lt\/elparduotuve\/wp-content\/uploads\/2023\/10\/monge-mini-puppy-sausas-pasaras-eriena-ir-ryziai-25kg.jpg\" \/>\n\t<meta property=\"og:image:width\" content=\"800\" \/>\n\t<meta property=\"og:image:height\" content=\"800\" \/>\n\t<meta property=\"og:image:type\" content=\"image\/jpeg\" \/>\n<meta name=\"twitter:card\" content=\"summary_large_image\" \/>\n<meta name=\"twitter:label1\" content=\"Est. reading time\" \/>\n\t<meta name=\"twitter:data1\" content=\"1 minut\u0117\" \/>\n<script type=\"application\/ld+json\" class=\"yoast-schema-graph\">{\"@context\":\"https:\\\/\\\/schema.org\",\"@graph\":[{\"@type\":\"WebPage\",\"@id\":\"https:\\\/\\\/anivet.lt\\\/elparduotuve\\\/produktas\\\/monge-monoprotein-line-mini-puppy-junior-maistas-suniukams-su-eriena-ir-ryziais\\\/\",\"url\":\"https:\\\/\\\/anivet.lt\\\/elparduotuve\\\/produktas\\\/monge-monoprotein-line-mini-puppy-junior-maistas-suniukams-su-eriena-ir-ryziais\\\/\",\"name\":\"Monge Monoprotein Line Mini Puppy &amp; Junior maistas \u0161uniukams su \u0117riena ir ry\u017eiais - anivet.lt\",\"isPartOf\":{\"@id\":\"https:\\\/\\\/anivet.lt\\\/elparduotuve\\\/#website\"},\"primaryImageOfPage\":{\"@id\":\"https:\\\/\\\/anivet.lt\\\/elparduotuve\\\/produktas\\\/monge-monoprotein-line-mini-puppy-junior-maistas-suniukams-su-eriena-ir-ryziais\\\/#primaryimage\"},\"image\":{\"@id\":\"https:\\\/\\\/anivet.lt\\\/elparduotuve\\\/produktas\\\/monge-monoprotein-line-mini-puppy-junior-maistas-suniukams-su-eriena-ir-ryziais\\\/#primaryimage\"},\"thumbnailUrl\":\"https:\\\/\\\/anivet.lt\\\/elparduotuve\\\/wp-content\\\/uploads\\\/2023\\\/10\\\/monge-mini-puppy-sausas-pasaras-eriena-ir-ryziai-25kg.jpg\",\"datePublished\":\"2023-10-04T10:21:12+00:00\",\"dateModified\":\"2026-05-04T19:42:53+00:00\",\"description\":\"Auk\u0161tos kokyb\u0117s sausas pa\u0161aras, specialiai sukurtas ma\u017e\u0173 veisli\u0173 \u0161uniukams. Pagrindinis ingredientas \u2013 \u0117riena, u\u017etikrinanti puik\u0173 baltym\u0173 \u0161altin\u012f.\",\"breadcrumb\":{\"@id\":\"https:\\\/\\\/anivet.lt\\\/elparduotuve\\\/produktas\\\/monge-monoprotein-line-mini-puppy-junior-maistas-suniukams-su-eriena-ir-ryziais\\\/#breadcrumb\"},\"inLanguage\":\"lt-LT\",\"potentialAction\":[{\"@type\":\"ReadAction\",\"target\":[\"https:\\\/\\\/anivet.lt\\\/elparduotuve\\\/produktas\\\/monge-monoprotein-line-mini-puppy-junior-maistas-suniukams-su-eriena-ir-ryziais\\\/\"]}]},{\"@type\":\"ImageObject\",\"inLanguage\":\"lt-LT\",\"@id\":\"https:\\\/\\\/anivet.lt\\\/elparduotuve\\\/produktas\\\/monge-monoprotein-line-mini-puppy-junior-maistas-suniukams-su-eriena-ir-ryziais\\\/#primaryimage\",\"url\":\"https:\\\/\\\/anivet.lt\\\/elparduotuve\\\/wp-content\\\/uploads\\\/2023\\\/10\\\/monge-mini-puppy-sausas-pasaras-eriena-ir-ryziai-25kg.jpg\",\"contentUrl\":\"https:\\\/\\\/anivet.lt\\\/elparduotuve\\\/wp-content\\\/uploads\\\/2023\\\/10\\\/monge-mini-puppy-sausas-pasaras-eriena-ir-ryziai-25kg.jpg\",\"width\":800,\"height\":800,\"caption\":\"Monge Monoprotein Line Mini Puppy &amp; Junior maistas \u0161uniukams su \u0117riena ir ry\u017eiais\"},{\"@type\":\"BreadcrumbList\",\"@id\":\"https:\\\/\\\/anivet.lt\\\/elparduotuve\\\/produktas\\\/monge-monoprotein-line-mini-puppy-junior-maistas-suniukams-su-eriena-ir-ryziais\\\/#breadcrumb\",\"itemListElement\":[{\"@type\":\"ListItem\",\"position\":1,\"name\":\"Home\",\"item\":\"https:\\\/\\\/anivet.lt\\\/elparduotuve\\\/\"},{\"@type\":\"ListItem\",\"position\":2,\"name\":\"Produktai\",\"item\":\"https:\\\/\\\/anivet.lt\\\/elparduotuve\\\/produktai\\\/\"},{\"@type\":\"ListItem\",\"position\":3,\"name\":\"Monge Monoprotein Line Mini Puppy &amp; Junior maistas \u0161uniukams su \u0117riena ir ry\u017eiais\"}]},{\"@type\":\"WebSite\",\"@id\":\"https:\\\/\\\/anivet.lt\\\/elparduotuve\\\/#website\",\"url\":\"https:\\\/\\\/anivet.lt\\\/elparduotuve\\\/\",\"name\":\"anivet.lt\",\"description\":\"Viskas J\u016bs\u0173 \u0161uns, kat\u0117s prie\u017ei\u016brai\",\"publisher\":{\"@id\":\"https:\\\/\\\/anivet.lt\\\/elparduotuve\\\/#organization\"},\"alternateName\":\"Viskas J\u016bs\u0173 \u0161uns, kat\u0117s prie\u017ei\u016brai\",\"potentialAction\":[{\"@type\":\"SearchAction\",\"target\":{\"@type\":\"EntryPoint\",\"urlTemplate\":\"https:\\\/\\\/anivet.lt\\\/elparduotuve\\\/?s={search_term_string}\"},\"query-input\":{\"@type\":\"PropertyValueSpecification\",\"valueRequired\":true,\"valueName\":\"search_term_string\"}}],\"inLanguage\":\"lt-LT\"},{\"@type\":\"Organization\",\"@id\":\"https:\\\/\\\/anivet.lt\\\/elparduotuve\\\/#organization\",\"name\":\"Viskas J\u016bs\u0173 \u0161uns, kat\u0117s prie\u017ei\u016brai\",\"url\":\"https:\\\/\\\/anivet.lt\\\/elparduotuve\\\/\",\"logo\":{\"@type\":\"ImageObject\",\"inLanguage\":\"lt-LT\",\"@id\":\"https:\\\/\\\/anivet.lt\\\/elparduotuve\\\/#\\\/schema\\\/logo\\\/image\\\/\",\"url\":\"https:\\\/\\\/anivet.lt\\\/elparduotuve\\\/wp-content\\\/uploads\\\/2023\\\/06\\\/logo2.jpg\",\"contentUrl\":\"https:\\\/\\\/anivet.lt\\\/elparduotuve\\\/wp-content\\\/uploads\\\/2023\\\/06\\\/logo2.jpg\",\"width\":655,\"height\":194,\"caption\":\"Viskas J\u016bs\u0173 \u0161uns, kat\u0117s prie\u017ei\u016brai\"},\"image\":{\"@id\":\"https:\\\/\\\/anivet.lt\\\/elparduotuve\\\/#\\\/schema\\\/logo\\\/image\\\/\"}}]}<\/script>\n<!-- \/ Yoast SEO Premium plugin. -->","yoast_head_json":{"title":"Monge Monoprotein Line Mini Puppy &amp; Junior maistas \u0161uniukams su \u0117riena ir ry\u017eiais - anivet.lt","description":"Auk\u0161tos kokyb\u0117s sausas pa\u0161aras, specialiai sukurtas ma\u017e\u0173 veisli\u0173 \u0161uniukams. Pagrindinis ingredientas \u2013 \u0117riena, u\u017etikrinanti puik\u0173 baltym\u0173 \u0161altin\u012f.","robots":{"index":"index","follow":"follow","max-snippet":"max-snippet:-1","max-image-preview":"max-image-preview:large","max-video-preview":"max-video-preview:-1"},"canonical":"https:\/\/anivet.lt\/elparduotuve\/produktas\/monge-monoprotein-line-mini-puppy-junior-maistas-suniukams-su-eriena-ir-ryziais\/","og_locale":"lt_LT","og_type":"article","og_title":"Monge Monoprotein Line Mini Puppy &amp; Junior maistas \u0161uniukams su \u0117riena ir ry\u017eiais","og_description":"Auk\u0161tos kokyb\u0117s sausas pa\u0161aras, specialiai sukurtas ma\u017e\u0173 veisli\u0173 \u0161uniukams. Pagrindinis ingredientas \u2013 \u0117riena, u\u017etikrinanti puik\u0173 baltym\u0173 \u0161altin\u012f.","og_url":"https:\/\/anivet.lt\/elparduotuve\/produktas\/monge-monoprotein-line-mini-puppy-junior-maistas-suniukams-su-eriena-ir-ryziais\/","og_site_name":"anivet.lt","article_modified_time":"2026-05-04T19:42:53+00:00","og_image":[{"width":800,"height":800,"url":"https:\/\/anivet.lt\/elparduotuve\/wp-content\/uploads\/2023\/10\/monge-mini-puppy-sausas-pasaras-eriena-ir-ryziai-25kg.jpg","type":"image\/jpeg"}],"twitter_card":"summary_large_image","twitter_misc":{"Est. reading time":"1 minut\u0117"},"schema":{"@context":"https:\/\/schema.org","@graph":[{"@type":"WebPage","@id":"https:\/\/anivet.lt\/elparduotuve\/produktas\/monge-monoprotein-line-mini-puppy-junior-maistas-suniukams-su-eriena-ir-ryziais\/","url":"https:\/\/anivet.lt\/elparduotuve\/produktas\/monge-monoprotein-line-mini-puppy-junior-maistas-suniukams-su-eriena-ir-ryziais\/","name":"Monge Monoprotein Line Mini Puppy &amp; Junior maistas \u0161uniukams su \u0117riena ir ry\u017eiais - anivet.lt","isPartOf":{"@id":"https:\/\/anivet.lt\/elparduotuve\/#website"},"primaryImageOfPage":{"@id":"https:\/\/anivet.lt\/elparduotuve\/produktas\/monge-monoprotein-line-mini-puppy-junior-maistas-suniukams-su-eriena-ir-ryziais\/#primaryimage"},"image":{"@id":"https:\/\/anivet.lt\/elparduotuve\/produktas\/monge-monoprotein-line-mini-puppy-junior-maistas-suniukams-su-eriena-ir-ryziais\/#primaryimage"},"thumbnailUrl":"https:\/\/anivet.lt\/elparduotuve\/wp-content\/uploads\/2023\/10\/monge-mini-puppy-sausas-pasaras-eriena-ir-ryziai-25kg.jpg","datePublished":"2023-10-04T10:21:12+00:00","dateModified":"2026-05-04T19:42:53+00:00","description":"Auk\u0161tos kokyb\u0117s sausas pa\u0161aras, specialiai sukurtas ma\u017e\u0173 veisli\u0173 \u0161uniukams. Pagrindinis ingredientas \u2013 \u0117riena, u\u017etikrinanti puik\u0173 baltym\u0173 \u0161altin\u012f.","breadcrumb":{"@id":"https:\/\/anivet.lt\/elparduotuve\/produktas\/monge-monoprotein-line-mini-puppy-junior-maistas-suniukams-su-eriena-ir-ryziais\/#breadcrumb"},"inLanguage":"lt-LT","potentialAction":[{"@type":"ReadAction","target":["https:\/\/anivet.lt\/elparduotuve\/produktas\/monge-monoprotein-line-mini-puppy-junior-maistas-suniukams-su-eriena-ir-ryziais\/"]}]},{"@type":"ImageObject","inLanguage":"lt-LT","@id":"https:\/\/anivet.lt\/elparduotuve\/produktas\/monge-monoprotein-line-mini-puppy-junior-maistas-suniukams-su-eriena-ir-ryziais\/#primaryimage","url":"https:\/\/anivet.lt\/elparduotuve\/wp-content\/uploads\/2023\/10\/monge-mini-puppy-sausas-pasaras-eriena-ir-ryziai-25kg.jpg","contentUrl":"https:\/\/anivet.lt\/elparduotuve\/wp-content\/uploads\/2023\/10\/monge-mini-puppy-sausas-pasaras-eriena-ir-ryziai-25kg.jpg","width":800,"height":800,"caption":"Monge Monoprotein Line Mini Puppy &amp; Junior maistas \u0161uniukams su \u0117riena ir ry\u017eiais"},{"@type":"BreadcrumbList","@id":"https:\/\/anivet.lt\/elparduotuve\/produktas\/monge-monoprotein-line-mini-puppy-junior-maistas-suniukams-su-eriena-ir-ryziais\/#breadcrumb","itemListElement":[{"@type":"ListItem","position":1,"name":"Home","item":"https:\/\/anivet.lt\/elparduotuve\/"},{"@type":"ListItem","position":2,"name":"Produktai","item":"https:\/\/anivet.lt\/elparduotuve\/produktai\/"},{"@type":"ListItem","position":3,"name":"Monge Monoprotein Line Mini Puppy &amp; Junior maistas \u0161uniukams su \u0117riena ir ry\u017eiais"}]},{"@type":"WebSite","@id":"https:\/\/anivet.lt\/elparduotuve\/#website","url":"https:\/\/anivet.lt\/elparduotuve\/","name":"anivet.lt","description":"Viskas J\u016bs\u0173 \u0161uns, kat\u0117s prie\u017ei\u016brai","publisher":{"@id":"https:\/\/anivet.lt\/elparduotuve\/#organization"},"alternateName":"Viskas J\u016bs\u0173 \u0161uns, kat\u0117s prie\u017ei\u016brai","potentialAction":[{"@type":"SearchAction","target":{"@type":"EntryPoint","urlTemplate":"https:\/\/anivet.lt\/elparduotuve\/?s={search_term_string}"},"query-input":{"@type":"PropertyValueSpecification","valueRequired":true,"valueName":"search_term_string"}}],"inLanguage":"lt-LT"},{"@type":"Organization","@id":"https:\/\/anivet.lt\/elparduotuve\/#organization","name":"Viskas J\u016bs\u0173 \u0161uns, kat\u0117s prie\u017ei\u016brai","url":"https:\/\/anivet.lt\/elparduotuve\/","logo":{"@type":"ImageObject","inLanguage":"lt-LT","@id":"https:\/\/anivet.lt\/elparduotuve\/#\/schema\/logo\/image\/","url":"https:\/\/anivet.lt\/elparduotuve\/wp-content\/uploads\/2023\/06\/logo2.jpg","contentUrl":"https:\/\/anivet.lt\/elparduotuve\/wp-content\/uploads\/2023\/06\/logo2.jpg","width":655,"height":194,"caption":"Viskas J\u016bs\u0173 \u0161uns, kat\u0117s prie\u017ei\u016brai"},"image":{"@id":"https:\/\/anivet.lt\/elparduotuve\/#\/schema\/logo\/image\/"}}]}},"_links":{"self":[{"href":"https:\/\/anivet.lt\/elparduotuve\/wp-json\/wp\/v2\/product\/11967","targetHints":{"allow":["GET"]}}],"collection":[{"href":"https:\/\/anivet.lt\/elparduotuve\/wp-json\/wp\/v2\/product"}],"about":[{"href":"https:\/\/anivet.lt\/elparduotuve\/wp-json\/wp\/v2\/types\/product"}],"wp:featuredmedia":[{"embeddable":true,"href":"https:\/\/anivet.lt\/elparduotuve\/wp-json\/wp\/v2\/media\/11968"}],"wp:attachment":[{"href":"https:\/\/anivet.lt\/elparduotuve\/wp-json\/wp\/v2\/media?parent=11967"}],"wp:term":[{"taxonomy":"product_brand","embeddable":true,"href":"https:\/\/anivet.lt\/elparduotuve\/wp-json\/wp\/v2\/product_brand?post=11967"},{"taxonomy":"product_cat","embeddable":true,"href":"https:\/\/anivet.lt\/elparduotuve\/wp-json\/wp\/v2\/product_cat?post=11967"},{"taxonomy":"product_tag","embeddable":true,"href":"https:\/\/anivet.lt\/elparduotuve\/wp-json\/wp\/v2\/product_tag?post=11967"}],"curies":[{"name":"wp","href":"https:\/\/api.w.org\/{rel}","templated":true}]}}