{"id":11976,"date":"2023-10-04T14:51:13","date_gmt":"2023-10-04T14:51:13","guid":{"rendered":"https:\/\/anivet.lt\/elparduotuve\/?post_type=product&#038;p=11976"},"modified":"2026-05-06T10:25:19","modified_gmt":"2026-05-06T10:25:19","slug":"monge-spec-line-monoprotein-mini-puppy-pasaras-jauniems-suniukams-su-lasisa-ir-ryziais","status":"publish","type":"product","link":"https:\/\/anivet.lt\/elparduotuve\/produktas\/monge-spec-line-monoprotein-mini-puppy-pasaras-jauniems-suniukams-su-lasisa-ir-ryziais\/","title":{"rendered":"Monge Spec. Line Monoprotein Mini Puppy pa\u0161aras jauniems \u0161uniukams su la\u0161i\u0161a ir ry\u017eiais"},"content":{"rendered":"<ul>\n<li style=\"font-weight: 400;\" aria-level=\"1\"><span style=\"font-weight: 400;\">Vieno baltymo sud\u0117tis: La\u0161i\u0161a (10% \u0161vie\u017eios ir 28% d\u017eiovintos) suteikia lengvai vir\u0161kinamus baltymus, idealiai tinkan\u010dius jautriems \u0161uniukams.<\/span><\/li>\n<li style=\"font-weight: 400;\" aria-level=\"1\"><span style=\"font-weight: 400;\">Sveikam vir\u0161kinimui: Naujos kartos prebiotikai XOS ir rudieji ry\u017eiai skatina sveik\u0105 \u017earnyno veikl\u0105 ir geresn\u012f maistini\u0173 med\u017eiag\u0173 \u012fsisavinim\u0105.<\/span><\/li>\n<li style=\"font-weight: 400;\" aria-level=\"1\"><span style=\"font-weight: 400;\">S\u0105nari\u0173 ir kaul\u0173 vystymasis: Gliukozaminas, chondroitinas ir subalansuotas kalcio ir fosforo santykis palaiko stiprius kaulus ir sveikus s\u0105narius.<\/span><\/li>\n<li style=\"font-weight: 400;\" aria-level=\"1\"><span style=\"font-weight: 400;\">Odos ir kailio sveikata: Omega-6 ir Omega-3 riebiosios r\u016bg\u0161tys, gaunamos i\u0161 saul\u0117gr\u0105\u017e\u0173 s\u0117kl\u0173 ir la\u0161i\u0161os tauk\u0173, u\u017etikrina sveik\u0105 od\u0105 ir blizgant\u012f kail\u012f.<\/span><\/li>\n<li style=\"font-weight: 400;\" aria-level=\"1\"><span style=\"font-weight: 400;\">Nat\u016bralus receptas: Sud\u0117tyje n\u0117ra prid\u0117tini\u0173 da\u017eikli\u0173 ar dirbtini\u0173 konservant\u0173, tod\u0117l pa\u0161aras yra sveikas ir saugus pasirinkimas.<\/span><\/li>\n<\/ul>\n<p><span style=\"font-weight: 400;\">\u0160is gardus pa\u0161aras su la\u0161i\u0161a ir ry\u017eiais u\u017etikrina, kad j\u016bs\u0173 ma\u017e\u0173j\u0173 augintini\u0173 mityba b\u016bt\u0173 subalansuota, skani ir prisitaikanti prie j\u0173 unikali\u0173 poreiki\u0173. Puikus pasirinkimas ma\u017e\u0173 veisli\u0173 \u0161uniukams j\u0173 augimo ir vystymosi laikotarpiu.<\/span><\/p>\n","protected":false},"excerpt":{"rendered":"<p><span style=\"font-weight: 400;\">Visavertis vieno baltymo pa\u0161aras, skirtas ma\u017e\u0173 veisli\u0173 \u0161uniukams nuo 2 iki 12 m\u0117nesi\u0173. Subalansuota sud\u0117tis u\u017etikrina tinkam\u0105 augim\u0105 ir vystym\u0105si.<\/span><\/p>\n","protected":false},"featured_media":11977,"template":"","meta":[],"product_brand":[],"product_cat":[101,103,104,318],"product_tag":[],"class_list":{"0":"post-11976","1":"product","2":"type-product","3":"status-publish","4":"has-post-thumbnail","6":"product_cat-sunims","7":"product_cat-sunu-maistas","8":"product_cat-sausas-maistas","9":"product_cat-monge-sunu-maistas","10":"pa_prekinis-zenklas-monge","12":"first","13":"instock","14":"sale","15":"taxable","16":"shipping-taxable","17":"purchasable","18":"product-type-variable"},"yoast_head":"<!-- This site is optimized with the Yoast SEO Premium plugin v27.1 (Yoast SEO v27.5) - https:\/\/yoast.com\/product\/yoast-seo-premium-wordpress\/ -->\n<title>Monge Spec. Line Monoprotein Mini Puppy pa\u0161aras jauniems \u0161uniukams su la\u0161i\u0161a ir ry\u017eiais - anivet.lt<\/title>\n<meta name=\"description\" content=\"Visavertis vieno baltymo pa\u0161aras, skirtas ma\u017e\u0173 veisli\u0173 \u0161uniukams nuo 2 iki 12 m\u0117nesi\u0173. Subalansuota sud\u0117tis u\u017etikrina tinkam\u0105 augim\u0105 ir vystym\u0105si.\" \/>\n<meta name=\"robots\" content=\"index, follow, max-snippet:-1, max-image-preview:large, max-video-preview:-1\" \/>\n<link rel=\"canonical\" href=\"https:\/\/anivet.lt\/elparduotuve\/produktas\/monge-spec-line-monoprotein-mini-puppy-pasaras-jauniems-suniukams-su-lasisa-ir-ryziais\/\" \/>\n<meta property=\"og:locale\" content=\"lt_LT\" \/>\n<meta property=\"og:type\" content=\"article\" \/>\n<meta property=\"og:title\" content=\"Monge Spec. Line Monoprotein Mini Puppy pa\u0161aras jauniems \u0161uniukams su la\u0161i\u0161a ir ry\u017eiais\" \/>\n<meta property=\"og:description\" content=\"Visavertis vieno baltymo pa\u0161aras, skirtas ma\u017e\u0173 veisli\u0173 \u0161uniukams nuo 2 iki 12 m\u0117nesi\u0173. Subalansuota sud\u0117tis u\u017etikrina tinkam\u0105 augim\u0105 ir vystym\u0105si.\" \/>\n<meta property=\"og:url\" content=\"https:\/\/anivet.lt\/elparduotuve\/produktas\/monge-spec-line-monoprotein-mini-puppy-pasaras-jauniems-suniukams-su-lasisa-ir-ryziais\/\" \/>\n<meta property=\"og:site_name\" content=\"anivet.lt\" \/>\n<meta property=\"article:modified_time\" content=\"2026-05-06T10:25:19+00:00\" \/>\n<meta property=\"og:image\" content=\"https:\/\/anivet.lt\/elparduotuve\/wp-content\/uploads\/2023\/10\/monge-specline-monoprotein-mini-puppy-sausas-pasaras-mazu-veisliu-jauniems-suniukams-su-lasisa-ir-25kg.jpg\" \/>\n\t<meta property=\"og:image:width\" content=\"800\" \/>\n\t<meta property=\"og:image:height\" content=\"800\" \/>\n\t<meta property=\"og:image:type\" content=\"image\/jpeg\" \/>\n<meta name=\"twitter:card\" content=\"summary_large_image\" \/>\n<meta name=\"twitter:label1\" content=\"Est. reading time\" \/>\n\t<meta name=\"twitter:data1\" content=\"1 minut\u0117\" \/>\n<script type=\"application\/ld+json\" class=\"yoast-schema-graph\">{\"@context\":\"https:\\\/\\\/schema.org\",\"@graph\":[{\"@type\":\"WebPage\",\"@id\":\"https:\\\/\\\/anivet.lt\\\/elparduotuve\\\/produktas\\\/monge-spec-line-monoprotein-mini-puppy-pasaras-jauniems-suniukams-su-lasisa-ir-ryziais\\\/\",\"url\":\"https:\\\/\\\/anivet.lt\\\/elparduotuve\\\/produktas\\\/monge-spec-line-monoprotein-mini-puppy-pasaras-jauniems-suniukams-su-lasisa-ir-ryziais\\\/\",\"name\":\"Monge Spec. Line Monoprotein Mini Puppy pa\u0161aras jauniems \u0161uniukams su la\u0161i\u0161a ir ry\u017eiais - anivet.lt\",\"isPartOf\":{\"@id\":\"https:\\\/\\\/anivet.lt\\\/elparduotuve\\\/#website\"},\"primaryImageOfPage\":{\"@id\":\"https:\\\/\\\/anivet.lt\\\/elparduotuve\\\/produktas\\\/monge-spec-line-monoprotein-mini-puppy-pasaras-jauniems-suniukams-su-lasisa-ir-ryziais\\\/#primaryimage\"},\"image\":{\"@id\":\"https:\\\/\\\/anivet.lt\\\/elparduotuve\\\/produktas\\\/monge-spec-line-monoprotein-mini-puppy-pasaras-jauniems-suniukams-su-lasisa-ir-ryziais\\\/#primaryimage\"},\"thumbnailUrl\":\"https:\\\/\\\/anivet.lt\\\/elparduotuve\\\/wp-content\\\/uploads\\\/2023\\\/10\\\/monge-specline-monoprotein-mini-puppy-sausas-pasaras-mazu-veisliu-jauniems-suniukams-su-lasisa-ir-25kg.jpg\",\"datePublished\":\"2023-10-04T14:51:13+00:00\",\"dateModified\":\"2026-05-06T10:25:19+00:00\",\"description\":\"Visavertis vieno baltymo pa\u0161aras, skirtas ma\u017e\u0173 veisli\u0173 \u0161uniukams nuo 2 iki 12 m\u0117nesi\u0173. Subalansuota sud\u0117tis u\u017etikrina tinkam\u0105 augim\u0105 ir vystym\u0105si.\",\"breadcrumb\":{\"@id\":\"https:\\\/\\\/anivet.lt\\\/elparduotuve\\\/produktas\\\/monge-spec-line-monoprotein-mini-puppy-pasaras-jauniems-suniukams-su-lasisa-ir-ryziais\\\/#breadcrumb\"},\"inLanguage\":\"lt-LT\",\"potentialAction\":[{\"@type\":\"ReadAction\",\"target\":[\"https:\\\/\\\/anivet.lt\\\/elparduotuve\\\/produktas\\\/monge-spec-line-monoprotein-mini-puppy-pasaras-jauniems-suniukams-su-lasisa-ir-ryziais\\\/\"]}]},{\"@type\":\"ImageObject\",\"inLanguage\":\"lt-LT\",\"@id\":\"https:\\\/\\\/anivet.lt\\\/elparduotuve\\\/produktas\\\/monge-spec-line-monoprotein-mini-puppy-pasaras-jauniems-suniukams-su-lasisa-ir-ryziais\\\/#primaryimage\",\"url\":\"https:\\\/\\\/anivet.lt\\\/elparduotuve\\\/wp-content\\\/uploads\\\/2023\\\/10\\\/monge-specline-monoprotein-mini-puppy-sausas-pasaras-mazu-veisliu-jauniems-suniukams-su-lasisa-ir-25kg.jpg\",\"contentUrl\":\"https:\\\/\\\/anivet.lt\\\/elparduotuve\\\/wp-content\\\/uploads\\\/2023\\\/10\\\/monge-specline-monoprotein-mini-puppy-sausas-pasaras-mazu-veisliu-jauniems-suniukams-su-lasisa-ir-25kg.jpg\",\"width\":800,\"height\":800,\"caption\":\"Monge Spec. Line Monoprotein Mini Puppy pa\u0161aras jauniems \u0161uniukams su la\u0161i\u0161a ir ry\u017eiais\"},{\"@type\":\"BreadcrumbList\",\"@id\":\"https:\\\/\\\/anivet.lt\\\/elparduotuve\\\/produktas\\\/monge-spec-line-monoprotein-mini-puppy-pasaras-jauniems-suniukams-su-lasisa-ir-ryziais\\\/#breadcrumb\",\"itemListElement\":[{\"@type\":\"ListItem\",\"position\":1,\"name\":\"Home\",\"item\":\"https:\\\/\\\/anivet.lt\\\/elparduotuve\\\/\"},{\"@type\":\"ListItem\",\"position\":2,\"name\":\"Produktai\",\"item\":\"https:\\\/\\\/anivet.lt\\\/elparduotuve\\\/produktai\\\/\"},{\"@type\":\"ListItem\",\"position\":3,\"name\":\"Monge Spec. Line Monoprotein Mini Puppy pa\u0161aras jauniems \u0161uniukams su la\u0161i\u0161a ir ry\u017eiais\"}]},{\"@type\":\"WebSite\",\"@id\":\"https:\\\/\\\/anivet.lt\\\/elparduotuve\\\/#website\",\"url\":\"https:\\\/\\\/anivet.lt\\\/elparduotuve\\\/\",\"name\":\"anivet.lt\",\"description\":\"Viskas J\u016bs\u0173 \u0161uns, kat\u0117s prie\u017ei\u016brai\",\"publisher\":{\"@id\":\"https:\\\/\\\/anivet.lt\\\/elparduotuve\\\/#organization\"},\"alternateName\":\"Viskas J\u016bs\u0173 \u0161uns, kat\u0117s prie\u017ei\u016brai\",\"potentialAction\":[{\"@type\":\"SearchAction\",\"target\":{\"@type\":\"EntryPoint\",\"urlTemplate\":\"https:\\\/\\\/anivet.lt\\\/elparduotuve\\\/?s={search_term_string}\"},\"query-input\":{\"@type\":\"PropertyValueSpecification\",\"valueRequired\":true,\"valueName\":\"search_term_string\"}}],\"inLanguage\":\"lt-LT\"},{\"@type\":\"Organization\",\"@id\":\"https:\\\/\\\/anivet.lt\\\/elparduotuve\\\/#organization\",\"name\":\"Viskas J\u016bs\u0173 \u0161uns, kat\u0117s prie\u017ei\u016brai\",\"url\":\"https:\\\/\\\/anivet.lt\\\/elparduotuve\\\/\",\"logo\":{\"@type\":\"ImageObject\",\"inLanguage\":\"lt-LT\",\"@id\":\"https:\\\/\\\/anivet.lt\\\/elparduotuve\\\/#\\\/schema\\\/logo\\\/image\\\/\",\"url\":\"https:\\\/\\\/anivet.lt\\\/elparduotuve\\\/wp-content\\\/uploads\\\/2023\\\/06\\\/logo2.jpg\",\"contentUrl\":\"https:\\\/\\\/anivet.lt\\\/elparduotuve\\\/wp-content\\\/uploads\\\/2023\\\/06\\\/logo2.jpg\",\"width\":655,\"height\":194,\"caption\":\"Viskas J\u016bs\u0173 \u0161uns, kat\u0117s prie\u017ei\u016brai\"},\"image\":{\"@id\":\"https:\\\/\\\/anivet.lt\\\/elparduotuve\\\/#\\\/schema\\\/logo\\\/image\\\/\"}}]}<\/script>\n<!-- \/ Yoast SEO Premium plugin. -->","yoast_head_json":{"title":"Monge Spec. Line Monoprotein Mini Puppy pa\u0161aras jauniems \u0161uniukams su la\u0161i\u0161a ir ry\u017eiais - anivet.lt","description":"Visavertis vieno baltymo pa\u0161aras, skirtas ma\u017e\u0173 veisli\u0173 \u0161uniukams nuo 2 iki 12 m\u0117nesi\u0173. Subalansuota sud\u0117tis u\u017etikrina tinkam\u0105 augim\u0105 ir vystym\u0105si.","robots":{"index":"index","follow":"follow","max-snippet":"max-snippet:-1","max-image-preview":"max-image-preview:large","max-video-preview":"max-video-preview:-1"},"canonical":"https:\/\/anivet.lt\/elparduotuve\/produktas\/monge-spec-line-monoprotein-mini-puppy-pasaras-jauniems-suniukams-su-lasisa-ir-ryziais\/","og_locale":"lt_LT","og_type":"article","og_title":"Monge Spec. Line Monoprotein Mini Puppy pa\u0161aras jauniems \u0161uniukams su la\u0161i\u0161a ir ry\u017eiais","og_description":"Visavertis vieno baltymo pa\u0161aras, skirtas ma\u017e\u0173 veisli\u0173 \u0161uniukams nuo 2 iki 12 m\u0117nesi\u0173. Subalansuota sud\u0117tis u\u017etikrina tinkam\u0105 augim\u0105 ir vystym\u0105si.","og_url":"https:\/\/anivet.lt\/elparduotuve\/produktas\/monge-spec-line-monoprotein-mini-puppy-pasaras-jauniems-suniukams-su-lasisa-ir-ryziais\/","og_site_name":"anivet.lt","article_modified_time":"2026-05-06T10:25:19+00:00","og_image":[{"width":800,"height":800,"url":"https:\/\/anivet.lt\/elparduotuve\/wp-content\/uploads\/2023\/10\/monge-specline-monoprotein-mini-puppy-sausas-pasaras-mazu-veisliu-jauniems-suniukams-su-lasisa-ir-25kg.jpg","type":"image\/jpeg"}],"twitter_card":"summary_large_image","twitter_misc":{"Est. reading time":"1 minut\u0117"},"schema":{"@context":"https:\/\/schema.org","@graph":[{"@type":"WebPage","@id":"https:\/\/anivet.lt\/elparduotuve\/produktas\/monge-spec-line-monoprotein-mini-puppy-pasaras-jauniems-suniukams-su-lasisa-ir-ryziais\/","url":"https:\/\/anivet.lt\/elparduotuve\/produktas\/monge-spec-line-monoprotein-mini-puppy-pasaras-jauniems-suniukams-su-lasisa-ir-ryziais\/","name":"Monge Spec. Line Monoprotein Mini Puppy pa\u0161aras jauniems \u0161uniukams su la\u0161i\u0161a ir ry\u017eiais - anivet.lt","isPartOf":{"@id":"https:\/\/anivet.lt\/elparduotuve\/#website"},"primaryImageOfPage":{"@id":"https:\/\/anivet.lt\/elparduotuve\/produktas\/monge-spec-line-monoprotein-mini-puppy-pasaras-jauniems-suniukams-su-lasisa-ir-ryziais\/#primaryimage"},"image":{"@id":"https:\/\/anivet.lt\/elparduotuve\/produktas\/monge-spec-line-monoprotein-mini-puppy-pasaras-jauniems-suniukams-su-lasisa-ir-ryziais\/#primaryimage"},"thumbnailUrl":"https:\/\/anivet.lt\/elparduotuve\/wp-content\/uploads\/2023\/10\/monge-specline-monoprotein-mini-puppy-sausas-pasaras-mazu-veisliu-jauniems-suniukams-su-lasisa-ir-25kg.jpg","datePublished":"2023-10-04T14:51:13+00:00","dateModified":"2026-05-06T10:25:19+00:00","description":"Visavertis vieno baltymo pa\u0161aras, skirtas ma\u017e\u0173 veisli\u0173 \u0161uniukams nuo 2 iki 12 m\u0117nesi\u0173. Subalansuota sud\u0117tis u\u017etikrina tinkam\u0105 augim\u0105 ir vystym\u0105si.","breadcrumb":{"@id":"https:\/\/anivet.lt\/elparduotuve\/produktas\/monge-spec-line-monoprotein-mini-puppy-pasaras-jauniems-suniukams-su-lasisa-ir-ryziais\/#breadcrumb"},"inLanguage":"lt-LT","potentialAction":[{"@type":"ReadAction","target":["https:\/\/anivet.lt\/elparduotuve\/produktas\/monge-spec-line-monoprotein-mini-puppy-pasaras-jauniems-suniukams-su-lasisa-ir-ryziais\/"]}]},{"@type":"ImageObject","inLanguage":"lt-LT","@id":"https:\/\/anivet.lt\/elparduotuve\/produktas\/monge-spec-line-monoprotein-mini-puppy-pasaras-jauniems-suniukams-su-lasisa-ir-ryziais\/#primaryimage","url":"https:\/\/anivet.lt\/elparduotuve\/wp-content\/uploads\/2023\/10\/monge-specline-monoprotein-mini-puppy-sausas-pasaras-mazu-veisliu-jauniems-suniukams-su-lasisa-ir-25kg.jpg","contentUrl":"https:\/\/anivet.lt\/elparduotuve\/wp-content\/uploads\/2023\/10\/monge-specline-monoprotein-mini-puppy-sausas-pasaras-mazu-veisliu-jauniems-suniukams-su-lasisa-ir-25kg.jpg","width":800,"height":800,"caption":"Monge Spec. Line Monoprotein Mini Puppy pa\u0161aras jauniems \u0161uniukams su la\u0161i\u0161a ir ry\u017eiais"},{"@type":"BreadcrumbList","@id":"https:\/\/anivet.lt\/elparduotuve\/produktas\/monge-spec-line-monoprotein-mini-puppy-pasaras-jauniems-suniukams-su-lasisa-ir-ryziais\/#breadcrumb","itemListElement":[{"@type":"ListItem","position":1,"name":"Home","item":"https:\/\/anivet.lt\/elparduotuve\/"},{"@type":"ListItem","position":2,"name":"Produktai","item":"https:\/\/anivet.lt\/elparduotuve\/produktai\/"},{"@type":"ListItem","position":3,"name":"Monge Spec. Line Monoprotein Mini Puppy pa\u0161aras jauniems \u0161uniukams su la\u0161i\u0161a ir ry\u017eiais"}]},{"@type":"WebSite","@id":"https:\/\/anivet.lt\/elparduotuve\/#website","url":"https:\/\/anivet.lt\/elparduotuve\/","name":"anivet.lt","description":"Viskas J\u016bs\u0173 \u0161uns, kat\u0117s prie\u017ei\u016brai","publisher":{"@id":"https:\/\/anivet.lt\/elparduotuve\/#organization"},"alternateName":"Viskas J\u016bs\u0173 \u0161uns, kat\u0117s prie\u017ei\u016brai","potentialAction":[{"@type":"SearchAction","target":{"@type":"EntryPoint","urlTemplate":"https:\/\/anivet.lt\/elparduotuve\/?s={search_term_string}"},"query-input":{"@type":"PropertyValueSpecification","valueRequired":true,"valueName":"search_term_string"}}],"inLanguage":"lt-LT"},{"@type":"Organization","@id":"https:\/\/anivet.lt\/elparduotuve\/#organization","name":"Viskas J\u016bs\u0173 \u0161uns, kat\u0117s prie\u017ei\u016brai","url":"https:\/\/anivet.lt\/elparduotuve\/","logo":{"@type":"ImageObject","inLanguage":"lt-LT","@id":"https:\/\/anivet.lt\/elparduotuve\/#\/schema\/logo\/image\/","url":"https:\/\/anivet.lt\/elparduotuve\/wp-content\/uploads\/2023\/06\/logo2.jpg","contentUrl":"https:\/\/anivet.lt\/elparduotuve\/wp-content\/uploads\/2023\/06\/logo2.jpg","width":655,"height":194,"caption":"Viskas J\u016bs\u0173 \u0161uns, kat\u0117s prie\u017ei\u016brai"},"image":{"@id":"https:\/\/anivet.lt\/elparduotuve\/#\/schema\/logo\/image\/"}}]}},"_links":{"self":[{"href":"https:\/\/anivet.lt\/elparduotuve\/wp-json\/wp\/v2\/product\/11976","targetHints":{"allow":["GET"]}}],"collection":[{"href":"https:\/\/anivet.lt\/elparduotuve\/wp-json\/wp\/v2\/product"}],"about":[{"href":"https:\/\/anivet.lt\/elparduotuve\/wp-json\/wp\/v2\/types\/product"}],"wp:featuredmedia":[{"embeddable":true,"href":"https:\/\/anivet.lt\/elparduotuve\/wp-json\/wp\/v2\/media\/11977"}],"wp:attachment":[{"href":"https:\/\/anivet.lt\/elparduotuve\/wp-json\/wp\/v2\/media?parent=11976"}],"wp:term":[{"taxonomy":"product_brand","embeddable":true,"href":"https:\/\/anivet.lt\/elparduotuve\/wp-json\/wp\/v2\/product_brand?post=11976"},{"taxonomy":"product_cat","embeddable":true,"href":"https:\/\/anivet.lt\/elparduotuve\/wp-json\/wp\/v2\/product_cat?post=11976"},{"taxonomy":"product_tag","embeddable":true,"href":"https:\/\/anivet.lt\/elparduotuve\/wp-json\/wp\/v2\/product_tag?post=11976"}],"curies":[{"name":"wp","href":"https:\/\/api.w.org\/{rel}","templated":true}]}}