{"id":11997,"date":"2023-10-05T10:43:03","date_gmt":"2023-10-05T10:43:03","guid":{"rendered":"https:\/\/anivet.lt\/elparduotuve\/?post_type=product&#038;p=11997"},"modified":"2026-05-06T10:26:54","modified_gmt":"2026-05-06T10:26:54","slug":"monge-dry-dog-bwild-all-breeds-puppyjunior-su-elniena-25kg","status":"publish","type":"product","link":"https:\/\/anivet.lt\/elparduotuve\/produktas\/monge-dry-dog-bwild-all-breeds-puppyjunior-su-elniena-25kg\/","title":{"rendered":"Monge Dry Dog BWILD &#8211; All Breeds Puppy&amp;Junior su elniena 2,5kg"},"content":{"rendered":"<p><span style=\"font-weight: 400;\">Subalansuotas ir visavertis pa\u0161aras, skirtas \u0161uniukams ir jauniems \u0161unims. Pagamintas su ma\u017eu gr\u016bd\u0173 kiekiu, be bulvi\u0173, atsi\u017evelgiant \u012f \u0161uniuk\u0173 nat\u016bral\u0173 mitybos instinkt\u0105. Elniena ir kiau\u0161iniai u\u017etikrina auk\u0161tos kokyb\u0117s baltymus, reikalingus sveikam augimui.<\/span><\/p>\n<ul>\n<li style=\"font-weight: 400;\" aria-level=\"1\"><span style=\"font-weight: 400;\">Auk\u0161tos kokyb\u0117s gyv\u016bniniai baltymai: Elniena ir kiau\u0161iniai u\u017etikrina subalansuot\u0105 augim\u0105.<\/span><\/li>\n<li style=\"font-weight: 400;\" aria-level=\"1\"><span style=\"font-weight: 400;\">Ma\u017eas gr\u016bd\u0173 kiekis: Geriau toleruojamas vir\u0161kinimo sistema.<\/span><\/li>\n<li style=\"font-weight: 400;\" aria-level=\"1\"><span style=\"font-weight: 400;\">Omega-3 i\u0161 s\u0117men\u0173: Palaiko sveik\u0105 od\u0105 ir blizgant\u012f kail\u012f.<\/span><\/li>\n<li style=\"font-weight: 400;\" aria-level=\"1\"><span style=\"font-weight: 400;\">Vaisiai ir dar\u017eov\u0117s: M\u0117lyn\u0117s, spanguol\u0117s, aviet\u0117s ir morkos \u2013 nat\u016bralus vitamin\u0173, mineral\u0173 ir skaidul\u0173 \u0161altinis.<\/span><\/li>\n<li style=\"font-weight: 400;\" aria-level=\"1\"><span style=\"font-weight: 400;\">XOS prebiotikai: Palaiko \u017earnyno sveikat\u0105 ir gerina vir\u0161kinim\u0105.<\/span><\/li>\n<li style=\"font-weight: 400;\" aria-level=\"1\"><span style=\"font-weight: 400;\">Nat\u016bralus receptas: Be dirbtini\u0173 da\u017eikli\u0173 ir konservant\u0173.<\/span><\/li>\n<\/ul>\n<p><span style=\"font-weight: 400;\">\u201eMonge BWild Puppy &amp; Junior Deer\u201c yra sukurtas palaikyti sveik\u0105 \u0161uniuk\u0173 vystym\u0105si, atsi\u017evelgiant \u012f j\u0173 nat\u016bralius mitybos poreikius. Jame esantys auk\u0161tos kokyb\u0117s ingredientai ir nat\u016bral\u016bs papildai u\u017etikrina stipri\u0105 imunin\u0119 sistem\u0105, sveik\u0105 vir\u0161kinim\u0105 ir puiki\u0105 kailio bei odos b\u016bkl\u0119. Tai optimalus pasirinkimas norint u\u017etikrinti jaun\u0173 \u0161un\u0173 gerov\u0119 be kompromis\u0173.<\/span><\/p>\n","protected":false},"excerpt":{"rendered":"<p>Subalansuotas ir visavertis pa\u0161aras, skirtas \u0161uniukams ir jauniems \u0161unims. Pagamintas su ma\u017eu gr\u016bd\u0173 kiekiu, be bulvi\u0173, atsi\u017evelgiant \u012f \u0161uniuk\u0173 nat\u016bral\u0173<\/p>\n","protected":false},"featured_media":12001,"template":"","meta":[],"product_brand":[],"product_cat":[101,103,104,318],"product_tag":[],"class_list":{"0":"post-11997","1":"product","2":"type-product","3":"status-publish","4":"has-post-thumbnail","6":"product_cat-sunims","7":"product_cat-sunu-maistas","8":"product_cat-sausas-maistas","9":"product_cat-monge-sunu-maistas","10":"pa_prekinis-zenklas-monge","12":"first","13":"instock","14":"sale","15":"taxable","16":"shipping-taxable","17":"purchasable","18":"product-type-simple"},"yoast_head":"<!-- This site is optimized with the Yoast SEO Premium plugin v27.1 (Yoast SEO v27.5) - https:\/\/yoast.com\/product\/yoast-seo-premium-wordpress\/ -->\n<title>Monge Dry Dog BWILD - All Breeds Puppy&amp;Junior su elniena 2,5kg - anivet.lt<\/title>\n<meta name=\"description\" content=\"Subalansuotas ir visavertis pa\u0161aras, skirtas \u0161uniukams ir jauniems \u0161unims. Pagamintas su ma\u017eu gr\u016bd\u0173 kiekiu, be bulvi\u0173, atsi\u017evelgiant \u012f \u0161uniuk\u0173 nat\u016bral\u0173\" \/>\n<meta name=\"robots\" content=\"index, follow, max-snippet:-1, max-image-preview:large, max-video-preview:-1\" \/>\n<link rel=\"canonical\" href=\"https:\/\/anivet.lt\/elparduotuve\/produktas\/monge-dry-dog-bwild-all-breeds-puppyjunior-su-elniena-25kg\/\" \/>\n<meta property=\"og:locale\" content=\"lt_LT\" \/>\n<meta property=\"og:type\" content=\"article\" \/>\n<meta property=\"og:title\" content=\"Monge Dry Dog BWILD - All Breeds Puppy&amp;Junior su elniena 2,5kg\" \/>\n<meta property=\"og:description\" content=\"Subalansuotas ir visavertis pa\u0161aras, skirtas \u0161uniukams ir jauniems \u0161unims. Pagamintas su ma\u017eu gr\u016bd\u0173 kiekiu, be bulvi\u0173, atsi\u017evelgiant \u012f \u0161uniuk\u0173 nat\u016bral\u0173\" \/>\n<meta property=\"og:url\" content=\"https:\/\/anivet.lt\/elparduotuve\/produktas\/monge-dry-dog-bwild-all-breeds-puppyjunior-su-elniena-25kg\/\" \/>\n<meta property=\"og:site_name\" content=\"anivet.lt\" \/>\n<meta property=\"article:modified_time\" content=\"2026-05-06T10:26:54+00:00\" \/>\n<meta property=\"og:image\" content=\"https:\/\/anivet.lt\/elparduotuve\/wp-content\/uploads\/2023\/10\/monge-bwild-puppy-sausas-pasaras-elniena-25kg.jpg\" \/>\n\t<meta property=\"og:image:width\" content=\"800\" \/>\n\t<meta property=\"og:image:height\" content=\"800\" \/>\n\t<meta property=\"og:image:type\" content=\"image\/jpeg\" \/>\n<meta name=\"twitter:card\" content=\"summary_large_image\" \/>\n<meta name=\"twitter:label1\" content=\"Est. reading time\" \/>\n\t<meta name=\"twitter:data1\" content=\"1 minut\u0117\" \/>\n<script type=\"application\/ld+json\" class=\"yoast-schema-graph\">{\"@context\":\"https:\\\/\\\/schema.org\",\"@graph\":[{\"@type\":\"WebPage\",\"@id\":\"https:\\\/\\\/anivet.lt\\\/elparduotuve\\\/produktas\\\/monge-dry-dog-bwild-all-breeds-puppyjunior-su-elniena-25kg\\\/\",\"url\":\"https:\\\/\\\/anivet.lt\\\/elparduotuve\\\/produktas\\\/monge-dry-dog-bwild-all-breeds-puppyjunior-su-elniena-25kg\\\/\",\"name\":\"Monge Dry Dog BWILD - All Breeds Puppy&amp;Junior su elniena 2,5kg - anivet.lt\",\"isPartOf\":{\"@id\":\"https:\\\/\\\/anivet.lt\\\/elparduotuve\\\/#website\"},\"primaryImageOfPage\":{\"@id\":\"https:\\\/\\\/anivet.lt\\\/elparduotuve\\\/produktas\\\/monge-dry-dog-bwild-all-breeds-puppyjunior-su-elniena-25kg\\\/#primaryimage\"},\"image\":{\"@id\":\"https:\\\/\\\/anivet.lt\\\/elparduotuve\\\/produktas\\\/monge-dry-dog-bwild-all-breeds-puppyjunior-su-elniena-25kg\\\/#primaryimage\"},\"thumbnailUrl\":\"https:\\\/\\\/anivet.lt\\\/elparduotuve\\\/wp-content\\\/uploads\\\/2023\\\/10\\\/monge-bwild-puppy-sausas-pasaras-elniena-25kg.jpg\",\"datePublished\":\"2023-10-05T10:43:03+00:00\",\"dateModified\":\"2026-05-06T10:26:54+00:00\",\"description\":\"Subalansuotas ir visavertis pa\u0161aras, skirtas \u0161uniukams ir jauniems \u0161unims. Pagamintas su ma\u017eu gr\u016bd\u0173 kiekiu, be bulvi\u0173, atsi\u017evelgiant \u012f \u0161uniuk\u0173 nat\u016bral\u0173\",\"breadcrumb\":{\"@id\":\"https:\\\/\\\/anivet.lt\\\/elparduotuve\\\/produktas\\\/monge-dry-dog-bwild-all-breeds-puppyjunior-su-elniena-25kg\\\/#breadcrumb\"},\"inLanguage\":\"lt-LT\",\"potentialAction\":[{\"@type\":\"ReadAction\",\"target\":[\"https:\\\/\\\/anivet.lt\\\/elparduotuve\\\/produktas\\\/monge-dry-dog-bwild-all-breeds-puppyjunior-su-elniena-25kg\\\/\"]}]},{\"@type\":\"ImageObject\",\"inLanguage\":\"lt-LT\",\"@id\":\"https:\\\/\\\/anivet.lt\\\/elparduotuve\\\/produktas\\\/monge-dry-dog-bwild-all-breeds-puppyjunior-su-elniena-25kg\\\/#primaryimage\",\"url\":\"https:\\\/\\\/anivet.lt\\\/elparduotuve\\\/wp-content\\\/uploads\\\/2023\\\/10\\\/monge-bwild-puppy-sausas-pasaras-elniena-25kg.jpg\",\"contentUrl\":\"https:\\\/\\\/anivet.lt\\\/elparduotuve\\\/wp-content\\\/uploads\\\/2023\\\/10\\\/monge-bwild-puppy-sausas-pasaras-elniena-25kg.jpg\",\"width\":800,\"height\":800,\"caption\":\"Monge Dry Dog BWILD - All Breeds Puppy&amp;Junior su elniena 2,5kg\"},{\"@type\":\"BreadcrumbList\",\"@id\":\"https:\\\/\\\/anivet.lt\\\/elparduotuve\\\/produktas\\\/monge-dry-dog-bwild-all-breeds-puppyjunior-su-elniena-25kg\\\/#breadcrumb\",\"itemListElement\":[{\"@type\":\"ListItem\",\"position\":1,\"name\":\"Home\",\"item\":\"https:\\\/\\\/anivet.lt\\\/elparduotuve\\\/\"},{\"@type\":\"ListItem\",\"position\":2,\"name\":\"Produktai\",\"item\":\"https:\\\/\\\/anivet.lt\\\/elparduotuve\\\/produktai\\\/\"},{\"@type\":\"ListItem\",\"position\":3,\"name\":\"Monge Dry Dog BWILD &#8211; All Breeds Puppy&amp;Junior su elniena 2,5kg\"}]},{\"@type\":\"WebSite\",\"@id\":\"https:\\\/\\\/anivet.lt\\\/elparduotuve\\\/#website\",\"url\":\"https:\\\/\\\/anivet.lt\\\/elparduotuve\\\/\",\"name\":\"anivet.lt\",\"description\":\"Viskas J\u016bs\u0173 \u0161uns, kat\u0117s prie\u017ei\u016brai\",\"publisher\":{\"@id\":\"https:\\\/\\\/anivet.lt\\\/elparduotuve\\\/#organization\"},\"alternateName\":\"Viskas J\u016bs\u0173 \u0161uns, kat\u0117s prie\u017ei\u016brai\",\"potentialAction\":[{\"@type\":\"SearchAction\",\"target\":{\"@type\":\"EntryPoint\",\"urlTemplate\":\"https:\\\/\\\/anivet.lt\\\/elparduotuve\\\/?s={search_term_string}\"},\"query-input\":{\"@type\":\"PropertyValueSpecification\",\"valueRequired\":true,\"valueName\":\"search_term_string\"}}],\"inLanguage\":\"lt-LT\"},{\"@type\":\"Organization\",\"@id\":\"https:\\\/\\\/anivet.lt\\\/elparduotuve\\\/#organization\",\"name\":\"Viskas J\u016bs\u0173 \u0161uns, kat\u0117s prie\u017ei\u016brai\",\"url\":\"https:\\\/\\\/anivet.lt\\\/elparduotuve\\\/\",\"logo\":{\"@type\":\"ImageObject\",\"inLanguage\":\"lt-LT\",\"@id\":\"https:\\\/\\\/anivet.lt\\\/elparduotuve\\\/#\\\/schema\\\/logo\\\/image\\\/\",\"url\":\"https:\\\/\\\/anivet.lt\\\/elparduotuve\\\/wp-content\\\/uploads\\\/2023\\\/06\\\/logo2.jpg\",\"contentUrl\":\"https:\\\/\\\/anivet.lt\\\/elparduotuve\\\/wp-content\\\/uploads\\\/2023\\\/06\\\/logo2.jpg\",\"width\":655,\"height\":194,\"caption\":\"Viskas J\u016bs\u0173 \u0161uns, kat\u0117s prie\u017ei\u016brai\"},\"image\":{\"@id\":\"https:\\\/\\\/anivet.lt\\\/elparduotuve\\\/#\\\/schema\\\/logo\\\/image\\\/\"}}]}<\/script>\n<!-- \/ Yoast SEO Premium plugin. -->","yoast_head_json":{"title":"Monge Dry Dog BWILD - All Breeds Puppy&amp;Junior su elniena 2,5kg - anivet.lt","description":"Subalansuotas ir visavertis pa\u0161aras, skirtas \u0161uniukams ir jauniems \u0161unims. Pagamintas su ma\u017eu gr\u016bd\u0173 kiekiu, be bulvi\u0173, atsi\u017evelgiant \u012f \u0161uniuk\u0173 nat\u016bral\u0173","robots":{"index":"index","follow":"follow","max-snippet":"max-snippet:-1","max-image-preview":"max-image-preview:large","max-video-preview":"max-video-preview:-1"},"canonical":"https:\/\/anivet.lt\/elparduotuve\/produktas\/monge-dry-dog-bwild-all-breeds-puppyjunior-su-elniena-25kg\/","og_locale":"lt_LT","og_type":"article","og_title":"Monge Dry Dog BWILD - All Breeds Puppy&amp;Junior su elniena 2,5kg","og_description":"Subalansuotas ir visavertis pa\u0161aras, skirtas \u0161uniukams ir jauniems \u0161unims. Pagamintas su ma\u017eu gr\u016bd\u0173 kiekiu, be bulvi\u0173, atsi\u017evelgiant \u012f \u0161uniuk\u0173 nat\u016bral\u0173","og_url":"https:\/\/anivet.lt\/elparduotuve\/produktas\/monge-dry-dog-bwild-all-breeds-puppyjunior-su-elniena-25kg\/","og_site_name":"anivet.lt","article_modified_time":"2026-05-06T10:26:54+00:00","og_image":[{"width":800,"height":800,"url":"https:\/\/anivet.lt\/elparduotuve\/wp-content\/uploads\/2023\/10\/monge-bwild-puppy-sausas-pasaras-elniena-25kg.jpg","type":"image\/jpeg"}],"twitter_card":"summary_large_image","twitter_misc":{"Est. reading time":"1 minut\u0117"},"schema":{"@context":"https:\/\/schema.org","@graph":[{"@type":"WebPage","@id":"https:\/\/anivet.lt\/elparduotuve\/produktas\/monge-dry-dog-bwild-all-breeds-puppyjunior-su-elniena-25kg\/","url":"https:\/\/anivet.lt\/elparduotuve\/produktas\/monge-dry-dog-bwild-all-breeds-puppyjunior-su-elniena-25kg\/","name":"Monge Dry Dog BWILD - All Breeds Puppy&amp;Junior su elniena 2,5kg - anivet.lt","isPartOf":{"@id":"https:\/\/anivet.lt\/elparduotuve\/#website"},"primaryImageOfPage":{"@id":"https:\/\/anivet.lt\/elparduotuve\/produktas\/monge-dry-dog-bwild-all-breeds-puppyjunior-su-elniena-25kg\/#primaryimage"},"image":{"@id":"https:\/\/anivet.lt\/elparduotuve\/produktas\/monge-dry-dog-bwild-all-breeds-puppyjunior-su-elniena-25kg\/#primaryimage"},"thumbnailUrl":"https:\/\/anivet.lt\/elparduotuve\/wp-content\/uploads\/2023\/10\/monge-bwild-puppy-sausas-pasaras-elniena-25kg.jpg","datePublished":"2023-10-05T10:43:03+00:00","dateModified":"2026-05-06T10:26:54+00:00","description":"Subalansuotas ir visavertis pa\u0161aras, skirtas \u0161uniukams ir jauniems \u0161unims. Pagamintas su ma\u017eu gr\u016bd\u0173 kiekiu, be bulvi\u0173, atsi\u017evelgiant \u012f \u0161uniuk\u0173 nat\u016bral\u0173","breadcrumb":{"@id":"https:\/\/anivet.lt\/elparduotuve\/produktas\/monge-dry-dog-bwild-all-breeds-puppyjunior-su-elniena-25kg\/#breadcrumb"},"inLanguage":"lt-LT","potentialAction":[{"@type":"ReadAction","target":["https:\/\/anivet.lt\/elparduotuve\/produktas\/monge-dry-dog-bwild-all-breeds-puppyjunior-su-elniena-25kg\/"]}]},{"@type":"ImageObject","inLanguage":"lt-LT","@id":"https:\/\/anivet.lt\/elparduotuve\/produktas\/monge-dry-dog-bwild-all-breeds-puppyjunior-su-elniena-25kg\/#primaryimage","url":"https:\/\/anivet.lt\/elparduotuve\/wp-content\/uploads\/2023\/10\/monge-bwild-puppy-sausas-pasaras-elniena-25kg.jpg","contentUrl":"https:\/\/anivet.lt\/elparduotuve\/wp-content\/uploads\/2023\/10\/monge-bwild-puppy-sausas-pasaras-elniena-25kg.jpg","width":800,"height":800,"caption":"Monge Dry Dog BWILD - All Breeds Puppy&amp;Junior su elniena 2,5kg"},{"@type":"BreadcrumbList","@id":"https:\/\/anivet.lt\/elparduotuve\/produktas\/monge-dry-dog-bwild-all-breeds-puppyjunior-su-elniena-25kg\/#breadcrumb","itemListElement":[{"@type":"ListItem","position":1,"name":"Home","item":"https:\/\/anivet.lt\/elparduotuve\/"},{"@type":"ListItem","position":2,"name":"Produktai","item":"https:\/\/anivet.lt\/elparduotuve\/produktai\/"},{"@type":"ListItem","position":3,"name":"Monge Dry Dog BWILD &#8211; All Breeds Puppy&amp;Junior su elniena 2,5kg"}]},{"@type":"WebSite","@id":"https:\/\/anivet.lt\/elparduotuve\/#website","url":"https:\/\/anivet.lt\/elparduotuve\/","name":"anivet.lt","description":"Viskas J\u016bs\u0173 \u0161uns, kat\u0117s prie\u017ei\u016brai","publisher":{"@id":"https:\/\/anivet.lt\/elparduotuve\/#organization"},"alternateName":"Viskas J\u016bs\u0173 \u0161uns, kat\u0117s prie\u017ei\u016brai","potentialAction":[{"@type":"SearchAction","target":{"@type":"EntryPoint","urlTemplate":"https:\/\/anivet.lt\/elparduotuve\/?s={search_term_string}"},"query-input":{"@type":"PropertyValueSpecification","valueRequired":true,"valueName":"search_term_string"}}],"inLanguage":"lt-LT"},{"@type":"Organization","@id":"https:\/\/anivet.lt\/elparduotuve\/#organization","name":"Viskas J\u016bs\u0173 \u0161uns, kat\u0117s prie\u017ei\u016brai","url":"https:\/\/anivet.lt\/elparduotuve\/","logo":{"@type":"ImageObject","inLanguage":"lt-LT","@id":"https:\/\/anivet.lt\/elparduotuve\/#\/schema\/logo\/image\/","url":"https:\/\/anivet.lt\/elparduotuve\/wp-content\/uploads\/2023\/06\/logo2.jpg","contentUrl":"https:\/\/anivet.lt\/elparduotuve\/wp-content\/uploads\/2023\/06\/logo2.jpg","width":655,"height":194,"caption":"Viskas J\u016bs\u0173 \u0161uns, kat\u0117s prie\u017ei\u016brai"},"image":{"@id":"https:\/\/anivet.lt\/elparduotuve\/#\/schema\/logo\/image\/"}}]}},"_links":{"self":[{"href":"https:\/\/anivet.lt\/elparduotuve\/wp-json\/wp\/v2\/product\/11997","targetHints":{"allow":["GET"]}}],"collection":[{"href":"https:\/\/anivet.lt\/elparduotuve\/wp-json\/wp\/v2\/product"}],"about":[{"href":"https:\/\/anivet.lt\/elparduotuve\/wp-json\/wp\/v2\/types\/product"}],"wp:featuredmedia":[{"embeddable":true,"href":"https:\/\/anivet.lt\/elparduotuve\/wp-json\/wp\/v2\/media\/12001"}],"wp:attachment":[{"href":"https:\/\/anivet.lt\/elparduotuve\/wp-json\/wp\/v2\/media?parent=11997"}],"wp:term":[{"taxonomy":"product_brand","embeddable":true,"href":"https:\/\/anivet.lt\/elparduotuve\/wp-json\/wp\/v2\/product_brand?post=11997"},{"taxonomy":"product_cat","embeddable":true,"href":"https:\/\/anivet.lt\/elparduotuve\/wp-json\/wp\/v2\/product_cat?post=11997"},{"taxonomy":"product_tag","embeddable":true,"href":"https:\/\/anivet.lt\/elparduotuve\/wp-json\/wp\/v2\/product_tag?post=11997"}],"curies":[{"name":"wp","href":"https:\/\/api.w.org\/{rel}","templated":true}]}}