{"id":12010,"date":"2023-10-05T11:35:33","date_gmt":"2023-10-05T11:35:33","guid":{"rendered":"https:\/\/anivet.lt\/elparduotuve\/?post_type=product&#038;p=12010"},"modified":"2026-05-06T10:29:40","modified_gmt":"2026-05-06T10:29:40","slug":"monge-bwild-low-grain-sausas-pasaras-sunims-su-serniena","status":"publish","type":"product","link":"https:\/\/anivet.lt\/elparduotuve\/produktas\/monge-bwild-low-grain-sausas-pasaras-sunims-su-serniena\/","title":{"rendered":"Monge BWild Low Grain sausas pa\u0161aras \u0161unims su \u0161erniena"},"content":{"rendered":"<ul>\n<li style=\"font-weight: 400;\" aria-level=\"1\"><span style=\"font-weight: 400;\">Didelis baltym\u0173 kiekis: Pagrindin\u0117 sudedamoji dalis \u2013 \u0161erniena (15% \u0161vie\u017eia, 35% dehidratuota) \u2013 u\u017etikrina raumen\u0173 stiprinim\u0105 ir energij\u0105.<\/span><\/li>\n<li style=\"font-weight: 400;\" aria-level=\"1\"><span style=\"font-weight: 400;\">Be bulvi\u0173 ir ma\u017eai gr\u016bd\u0173: Receptas tinkamas jautriems \u0161unims, kurie gali tur\u0117ti gr\u016bd\u0173 ar glitimo netoleravim\u0105.<\/span><\/li>\n<li style=\"font-weight: 400;\" aria-level=\"1\"><span style=\"font-weight: 400;\">Omega-3 riebal\u0173 r\u016bg\u0161tys: S\u0117men\u0173 aliejus palaiko odos sveikat\u0105 ir blizgant\u012f kail\u012f.<\/span><\/li>\n<li style=\"font-weight: 400;\" aria-level=\"1\"><span style=\"font-weight: 400;\">Praturtintas vaisiais ir dar\u017eov\u0117mis: M\u0117lyn\u0117s, spanguol\u0117s, aviet\u0117s ir morkos yra nat\u016bral\u016bs vitamin\u0173 bei skaidul\u0173 \u0161altiniai.<\/span><\/li>\n<li style=\"font-weight: 400;\" aria-level=\"1\"><span style=\"font-weight: 400;\">\u017darnyno sveikata: Prebiotikai XOS ir MOS palaiko sveik\u0105 vir\u0161kinimo sistem\u0105.<\/span><\/li>\n<\/ul>\n<p><span style=\"font-weight: 400;\">\u0160is auk\u0161tos kokyb\u0117s pa\u0161aras u\u017etikrina j\u016bs\u0173 augintinio gerov\u0119 ir suteikia visavert\u0119 mityb\u0105 be dirbtini\u0173 da\u017eikli\u0173 ar konservant\u0173. Tai tobulas pasirinkimas kasdieniam maitinimui, siekiant suderinti skon\u012f, sveikat\u0105 ir nat\u016bralum\u0105.<\/span><\/p>\n","protected":false},"excerpt":{"rendered":"<p><span style=\"font-weight: 400;\">Puikus pasirinkimas suaugusiems \u0161unims, u\u017etikrinantis subalansuot\u0105 mityb\u0105 ir atsi\u017evelgiant \u012f j\u0173 nat\u016bralius instinktus. \u0160is pa\u0161aras sukurtas be bulvi\u0173 ir glitimo, naudojant alternatyvius baltym\u0173 \u0161altinius, tokius kaip \u0161erniena, taip pat praturtintas vaisiais ir dar\u017eov\u0117mis.<\/span><\/p>\n","protected":false},"featured_media":12019,"template":"","meta":[],"product_brand":[],"product_cat":[101,103,104,318],"product_tag":[],"class_list":{"0":"post-12010","1":"product","2":"type-product","3":"status-publish","4":"has-post-thumbnail","6":"product_cat-sunims","7":"product_cat-sunu-maistas","8":"product_cat-sausas-maistas","9":"product_cat-monge-sunu-maistas","10":"pa_prekinis-zenklas-monge","12":"first","13":"instock","14":"sale","15":"taxable","16":"shipping-taxable","17":"purchasable","18":"product-type-variable"},"yoast_head":"<!-- This site is optimized with the Yoast SEO Premium plugin v27.1 (Yoast SEO v27.5) - https:\/\/yoast.com\/product\/yoast-seo-premium-wordpress\/ -->\n<title>Monge BWild Low Grain sausas pa\u0161aras \u0161unims su \u0161erniena - anivet.lt<\/title>\n<meta name=\"description\" content=\"Puikus pasirinkimas suaugusiems \u0161unims, u\u017etikrinantis subalansuot\u0105 mityb\u0105 ir atsi\u017evelgiant \u012f j\u0173 nat\u016bralius instinktus. \u0160is pa\u0161aras sukurtas be bulvi\u0173 ir glitimo, naudojant alternatyvius baltym\u0173 \u0161altinius, tokius kaip \u0161erniena, taip pat praturtintas vaisiais ir dar\u017eov\u0117mis.\" \/>\n<meta name=\"robots\" content=\"index, follow, max-snippet:-1, max-image-preview:large, max-video-preview:-1\" \/>\n<link rel=\"canonical\" href=\"https:\/\/anivet.lt\/elparduotuve\/produktas\/monge-bwild-low-grain-sausas-pasaras-sunims-su-serniena\/\" \/>\n<meta property=\"og:locale\" content=\"lt_LT\" \/>\n<meta property=\"og:type\" content=\"article\" \/>\n<meta property=\"og:title\" content=\"Monge BWild Low Grain sausas pa\u0161aras \u0161unims su \u0161erniena\" \/>\n<meta property=\"og:description\" content=\"Puikus pasirinkimas suaugusiems \u0161unims, u\u017etikrinantis subalansuot\u0105 mityb\u0105 ir atsi\u017evelgiant \u012f j\u0173 nat\u016bralius instinktus. \u0160is pa\u0161aras sukurtas be bulvi\u0173 ir glitimo, naudojant alternatyvius baltym\u0173 \u0161altinius, tokius kaip \u0161erniena, taip pat praturtintas vaisiais ir dar\u017eov\u0117mis.\" \/>\n<meta property=\"og:url\" content=\"https:\/\/anivet.lt\/elparduotuve\/produktas\/monge-bwild-low-grain-sausas-pasaras-sunims-su-serniena\/\" \/>\n<meta property=\"og:site_name\" content=\"anivet.lt\" \/>\n<meta property=\"article:modified_time\" content=\"2026-05-06T10:29:40+00:00\" \/>\n<meta property=\"og:image\" content=\"https:\/\/anivet.lt\/elparduotuve\/wp-content\/uploads\/2023\/10\/monge-bwild-adult-sausas-pasaras-serniena-25kg.jpg\" \/>\n\t<meta property=\"og:image:width\" content=\"800\" \/>\n\t<meta property=\"og:image:height\" content=\"800\" \/>\n\t<meta property=\"og:image:type\" content=\"image\/jpeg\" \/>\n<meta name=\"twitter:card\" content=\"summary_large_image\" \/>\n<meta name=\"twitter:label1\" content=\"Est. reading time\" \/>\n\t<meta name=\"twitter:data1\" content=\"1 minut\u0117\" \/>\n<script type=\"application\/ld+json\" class=\"yoast-schema-graph\">{\"@context\":\"https:\\\/\\\/schema.org\",\"@graph\":[{\"@type\":\"WebPage\",\"@id\":\"https:\\\/\\\/anivet.lt\\\/elparduotuve\\\/produktas\\\/monge-bwild-low-grain-sausas-pasaras-sunims-su-serniena\\\/\",\"url\":\"https:\\\/\\\/anivet.lt\\\/elparduotuve\\\/produktas\\\/monge-bwild-low-grain-sausas-pasaras-sunims-su-serniena\\\/\",\"name\":\"Monge BWild Low Grain sausas pa\u0161aras \u0161unims su \u0161erniena - anivet.lt\",\"isPartOf\":{\"@id\":\"https:\\\/\\\/anivet.lt\\\/elparduotuve\\\/#website\"},\"primaryImageOfPage\":{\"@id\":\"https:\\\/\\\/anivet.lt\\\/elparduotuve\\\/produktas\\\/monge-bwild-low-grain-sausas-pasaras-sunims-su-serniena\\\/#primaryimage\"},\"image\":{\"@id\":\"https:\\\/\\\/anivet.lt\\\/elparduotuve\\\/produktas\\\/monge-bwild-low-grain-sausas-pasaras-sunims-su-serniena\\\/#primaryimage\"},\"thumbnailUrl\":\"https:\\\/\\\/anivet.lt\\\/elparduotuve\\\/wp-content\\\/uploads\\\/2023\\\/10\\\/monge-bwild-adult-sausas-pasaras-serniena-25kg.jpg\",\"datePublished\":\"2023-10-05T11:35:33+00:00\",\"dateModified\":\"2026-05-06T10:29:40+00:00\",\"description\":\"Puikus pasirinkimas suaugusiems \u0161unims, u\u017etikrinantis subalansuot\u0105 mityb\u0105 ir atsi\u017evelgiant \u012f j\u0173 nat\u016bralius instinktus. \u0160is pa\u0161aras sukurtas be bulvi\u0173 ir glitimo, naudojant alternatyvius baltym\u0173 \u0161altinius, tokius kaip \u0161erniena, taip pat praturtintas vaisiais ir dar\u017eov\u0117mis.\",\"breadcrumb\":{\"@id\":\"https:\\\/\\\/anivet.lt\\\/elparduotuve\\\/produktas\\\/monge-bwild-low-grain-sausas-pasaras-sunims-su-serniena\\\/#breadcrumb\"},\"inLanguage\":\"lt-LT\",\"potentialAction\":[{\"@type\":\"ReadAction\",\"target\":[\"https:\\\/\\\/anivet.lt\\\/elparduotuve\\\/produktas\\\/monge-bwild-low-grain-sausas-pasaras-sunims-su-serniena\\\/\"]}]},{\"@type\":\"ImageObject\",\"inLanguage\":\"lt-LT\",\"@id\":\"https:\\\/\\\/anivet.lt\\\/elparduotuve\\\/produktas\\\/monge-bwild-low-grain-sausas-pasaras-sunims-su-serniena\\\/#primaryimage\",\"url\":\"https:\\\/\\\/anivet.lt\\\/elparduotuve\\\/wp-content\\\/uploads\\\/2023\\\/10\\\/monge-bwild-adult-sausas-pasaras-serniena-25kg.jpg\",\"contentUrl\":\"https:\\\/\\\/anivet.lt\\\/elparduotuve\\\/wp-content\\\/uploads\\\/2023\\\/10\\\/monge-bwild-adult-sausas-pasaras-serniena-25kg.jpg\",\"width\":800,\"height\":800,\"caption\":\"Monge BWild Low Grain sausas pa\u0161aras \u0161unims su \u0161erniena\"},{\"@type\":\"BreadcrumbList\",\"@id\":\"https:\\\/\\\/anivet.lt\\\/elparduotuve\\\/produktas\\\/monge-bwild-low-grain-sausas-pasaras-sunims-su-serniena\\\/#breadcrumb\",\"itemListElement\":[{\"@type\":\"ListItem\",\"position\":1,\"name\":\"Home\",\"item\":\"https:\\\/\\\/anivet.lt\\\/elparduotuve\\\/\"},{\"@type\":\"ListItem\",\"position\":2,\"name\":\"Produktai\",\"item\":\"https:\\\/\\\/anivet.lt\\\/elparduotuve\\\/produktai\\\/\"},{\"@type\":\"ListItem\",\"position\":3,\"name\":\"Monge BWild Low Grain sausas pa\u0161aras \u0161unims su \u0161erniena\"}]},{\"@type\":\"WebSite\",\"@id\":\"https:\\\/\\\/anivet.lt\\\/elparduotuve\\\/#website\",\"url\":\"https:\\\/\\\/anivet.lt\\\/elparduotuve\\\/\",\"name\":\"anivet.lt\",\"description\":\"Viskas J\u016bs\u0173 \u0161uns, kat\u0117s prie\u017ei\u016brai\",\"publisher\":{\"@id\":\"https:\\\/\\\/anivet.lt\\\/elparduotuve\\\/#organization\"},\"alternateName\":\"Viskas J\u016bs\u0173 \u0161uns, kat\u0117s prie\u017ei\u016brai\",\"potentialAction\":[{\"@type\":\"SearchAction\",\"target\":{\"@type\":\"EntryPoint\",\"urlTemplate\":\"https:\\\/\\\/anivet.lt\\\/elparduotuve\\\/?s={search_term_string}\"},\"query-input\":{\"@type\":\"PropertyValueSpecification\",\"valueRequired\":true,\"valueName\":\"search_term_string\"}}],\"inLanguage\":\"lt-LT\"},{\"@type\":\"Organization\",\"@id\":\"https:\\\/\\\/anivet.lt\\\/elparduotuve\\\/#organization\",\"name\":\"Viskas J\u016bs\u0173 \u0161uns, kat\u0117s prie\u017ei\u016brai\",\"url\":\"https:\\\/\\\/anivet.lt\\\/elparduotuve\\\/\",\"logo\":{\"@type\":\"ImageObject\",\"inLanguage\":\"lt-LT\",\"@id\":\"https:\\\/\\\/anivet.lt\\\/elparduotuve\\\/#\\\/schema\\\/logo\\\/image\\\/\",\"url\":\"https:\\\/\\\/anivet.lt\\\/elparduotuve\\\/wp-content\\\/uploads\\\/2023\\\/06\\\/logo2.jpg\",\"contentUrl\":\"https:\\\/\\\/anivet.lt\\\/elparduotuve\\\/wp-content\\\/uploads\\\/2023\\\/06\\\/logo2.jpg\",\"width\":655,\"height\":194,\"caption\":\"Viskas J\u016bs\u0173 \u0161uns, kat\u0117s prie\u017ei\u016brai\"},\"image\":{\"@id\":\"https:\\\/\\\/anivet.lt\\\/elparduotuve\\\/#\\\/schema\\\/logo\\\/image\\\/\"}}]}<\/script>\n<!-- \/ Yoast SEO Premium plugin. -->","yoast_head_json":{"title":"Monge BWild Low Grain sausas pa\u0161aras \u0161unims su \u0161erniena - anivet.lt","description":"Puikus pasirinkimas suaugusiems \u0161unims, u\u017etikrinantis subalansuot\u0105 mityb\u0105 ir atsi\u017evelgiant \u012f j\u0173 nat\u016bralius instinktus. \u0160is pa\u0161aras sukurtas be bulvi\u0173 ir glitimo, naudojant alternatyvius baltym\u0173 \u0161altinius, tokius kaip \u0161erniena, taip pat praturtintas vaisiais ir dar\u017eov\u0117mis.","robots":{"index":"index","follow":"follow","max-snippet":"max-snippet:-1","max-image-preview":"max-image-preview:large","max-video-preview":"max-video-preview:-1"},"canonical":"https:\/\/anivet.lt\/elparduotuve\/produktas\/monge-bwild-low-grain-sausas-pasaras-sunims-su-serniena\/","og_locale":"lt_LT","og_type":"article","og_title":"Monge BWild Low Grain sausas pa\u0161aras \u0161unims su \u0161erniena","og_description":"Puikus pasirinkimas suaugusiems \u0161unims, u\u017etikrinantis subalansuot\u0105 mityb\u0105 ir atsi\u017evelgiant \u012f j\u0173 nat\u016bralius instinktus. \u0160is pa\u0161aras sukurtas be bulvi\u0173 ir glitimo, naudojant alternatyvius baltym\u0173 \u0161altinius, tokius kaip \u0161erniena, taip pat praturtintas vaisiais ir dar\u017eov\u0117mis.","og_url":"https:\/\/anivet.lt\/elparduotuve\/produktas\/monge-bwild-low-grain-sausas-pasaras-sunims-su-serniena\/","og_site_name":"anivet.lt","article_modified_time":"2026-05-06T10:29:40+00:00","og_image":[{"width":800,"height":800,"url":"https:\/\/anivet.lt\/elparduotuve\/wp-content\/uploads\/2023\/10\/monge-bwild-adult-sausas-pasaras-serniena-25kg.jpg","type":"image\/jpeg"}],"twitter_card":"summary_large_image","twitter_misc":{"Est. reading time":"1 minut\u0117"},"schema":{"@context":"https:\/\/schema.org","@graph":[{"@type":"WebPage","@id":"https:\/\/anivet.lt\/elparduotuve\/produktas\/monge-bwild-low-grain-sausas-pasaras-sunims-su-serniena\/","url":"https:\/\/anivet.lt\/elparduotuve\/produktas\/monge-bwild-low-grain-sausas-pasaras-sunims-su-serniena\/","name":"Monge BWild Low Grain sausas pa\u0161aras \u0161unims su \u0161erniena - anivet.lt","isPartOf":{"@id":"https:\/\/anivet.lt\/elparduotuve\/#website"},"primaryImageOfPage":{"@id":"https:\/\/anivet.lt\/elparduotuve\/produktas\/monge-bwild-low-grain-sausas-pasaras-sunims-su-serniena\/#primaryimage"},"image":{"@id":"https:\/\/anivet.lt\/elparduotuve\/produktas\/monge-bwild-low-grain-sausas-pasaras-sunims-su-serniena\/#primaryimage"},"thumbnailUrl":"https:\/\/anivet.lt\/elparduotuve\/wp-content\/uploads\/2023\/10\/monge-bwild-adult-sausas-pasaras-serniena-25kg.jpg","datePublished":"2023-10-05T11:35:33+00:00","dateModified":"2026-05-06T10:29:40+00:00","description":"Puikus pasirinkimas suaugusiems \u0161unims, u\u017etikrinantis subalansuot\u0105 mityb\u0105 ir atsi\u017evelgiant \u012f j\u0173 nat\u016bralius instinktus. \u0160is pa\u0161aras sukurtas be bulvi\u0173 ir glitimo, naudojant alternatyvius baltym\u0173 \u0161altinius, tokius kaip \u0161erniena, taip pat praturtintas vaisiais ir dar\u017eov\u0117mis.","breadcrumb":{"@id":"https:\/\/anivet.lt\/elparduotuve\/produktas\/monge-bwild-low-grain-sausas-pasaras-sunims-su-serniena\/#breadcrumb"},"inLanguage":"lt-LT","potentialAction":[{"@type":"ReadAction","target":["https:\/\/anivet.lt\/elparduotuve\/produktas\/monge-bwild-low-grain-sausas-pasaras-sunims-su-serniena\/"]}]},{"@type":"ImageObject","inLanguage":"lt-LT","@id":"https:\/\/anivet.lt\/elparduotuve\/produktas\/monge-bwild-low-grain-sausas-pasaras-sunims-su-serniena\/#primaryimage","url":"https:\/\/anivet.lt\/elparduotuve\/wp-content\/uploads\/2023\/10\/monge-bwild-adult-sausas-pasaras-serniena-25kg.jpg","contentUrl":"https:\/\/anivet.lt\/elparduotuve\/wp-content\/uploads\/2023\/10\/monge-bwild-adult-sausas-pasaras-serniena-25kg.jpg","width":800,"height":800,"caption":"Monge BWild Low Grain sausas pa\u0161aras \u0161unims su \u0161erniena"},{"@type":"BreadcrumbList","@id":"https:\/\/anivet.lt\/elparduotuve\/produktas\/monge-bwild-low-grain-sausas-pasaras-sunims-su-serniena\/#breadcrumb","itemListElement":[{"@type":"ListItem","position":1,"name":"Home","item":"https:\/\/anivet.lt\/elparduotuve\/"},{"@type":"ListItem","position":2,"name":"Produktai","item":"https:\/\/anivet.lt\/elparduotuve\/produktai\/"},{"@type":"ListItem","position":3,"name":"Monge BWild Low Grain sausas pa\u0161aras \u0161unims su \u0161erniena"}]},{"@type":"WebSite","@id":"https:\/\/anivet.lt\/elparduotuve\/#website","url":"https:\/\/anivet.lt\/elparduotuve\/","name":"anivet.lt","description":"Viskas J\u016bs\u0173 \u0161uns, kat\u0117s prie\u017ei\u016brai","publisher":{"@id":"https:\/\/anivet.lt\/elparduotuve\/#organization"},"alternateName":"Viskas J\u016bs\u0173 \u0161uns, kat\u0117s prie\u017ei\u016brai","potentialAction":[{"@type":"SearchAction","target":{"@type":"EntryPoint","urlTemplate":"https:\/\/anivet.lt\/elparduotuve\/?s={search_term_string}"},"query-input":{"@type":"PropertyValueSpecification","valueRequired":true,"valueName":"search_term_string"}}],"inLanguage":"lt-LT"},{"@type":"Organization","@id":"https:\/\/anivet.lt\/elparduotuve\/#organization","name":"Viskas J\u016bs\u0173 \u0161uns, kat\u0117s prie\u017ei\u016brai","url":"https:\/\/anivet.lt\/elparduotuve\/","logo":{"@type":"ImageObject","inLanguage":"lt-LT","@id":"https:\/\/anivet.lt\/elparduotuve\/#\/schema\/logo\/image\/","url":"https:\/\/anivet.lt\/elparduotuve\/wp-content\/uploads\/2023\/06\/logo2.jpg","contentUrl":"https:\/\/anivet.lt\/elparduotuve\/wp-content\/uploads\/2023\/06\/logo2.jpg","width":655,"height":194,"caption":"Viskas J\u016bs\u0173 \u0161uns, kat\u0117s prie\u017ei\u016brai"},"image":{"@id":"https:\/\/anivet.lt\/elparduotuve\/#\/schema\/logo\/image\/"}}]}},"_links":{"self":[{"href":"https:\/\/anivet.lt\/elparduotuve\/wp-json\/wp\/v2\/product\/12010","targetHints":{"allow":["GET"]}}],"collection":[{"href":"https:\/\/anivet.lt\/elparduotuve\/wp-json\/wp\/v2\/product"}],"about":[{"href":"https:\/\/anivet.lt\/elparduotuve\/wp-json\/wp\/v2\/types\/product"}],"wp:featuredmedia":[{"embeddable":true,"href":"https:\/\/anivet.lt\/elparduotuve\/wp-json\/wp\/v2\/media\/12019"}],"wp:attachment":[{"href":"https:\/\/anivet.lt\/elparduotuve\/wp-json\/wp\/v2\/media?parent=12010"}],"wp:term":[{"taxonomy":"product_brand","embeddable":true,"href":"https:\/\/anivet.lt\/elparduotuve\/wp-json\/wp\/v2\/product_brand?post=12010"},{"taxonomy":"product_cat","embeddable":true,"href":"https:\/\/anivet.lt\/elparduotuve\/wp-json\/wp\/v2\/product_cat?post=12010"},{"taxonomy":"product_tag","embeddable":true,"href":"https:\/\/anivet.lt\/elparduotuve\/wp-json\/wp\/v2\/product_tag?post=12010"}],"curies":[{"name":"wp","href":"https:\/\/api.w.org\/{rel}","templated":true}]}}