{"id":12023,"date":"2023-10-05T12:03:13","date_gmt":"2023-10-05T12:03:13","guid":{"rendered":"https:\/\/anivet.lt\/elparduotuve\/?post_type=product&#038;p=12023"},"modified":"2026-04-29T06:57:33","modified_gmt":"2026-04-29T06:57:33","slug":"monge-dry-dog-bwild-sausas-sunu-maistas-su-zasiena","status":"publish","type":"product","link":"https:\/\/anivet.lt\/elparduotuve\/produktas\/monge-dry-dog-bwild-sausas-sunu-maistas-su-zasiena\/","title":{"rendered":"Monge Dry Dog BWILD sausas \u0161un\u0173 maistas su \u017e\u0105siena"},"content":{"rendered":"<ul>\n<li style=\"font-weight: 400;\" aria-level=\"1\"><span style=\"font-weight: 400;\">Auk\u0161tos kokyb\u0117s baltymai: D\u017eiovinta \u017e\u0105siena (38%) ir \u0161vie\u017eia vi\u0161tiena (12%) yra lengvai vir\u0161kinam\u0173 baltym\u0173 \u0161altiniai, skatinantys raumen\u0173 vystym\u0105si.<\/span><\/li>\n<li style=\"font-weight: 400;\" aria-level=\"1\"><span style=\"font-weight: 400;\">Be bulvi\u0173 ir ma\u017eai gr\u016bd\u0173: Tinkamas jautresniems \u0161unims, u\u017etikrinant lengv\u0105 vir\u0161kinim\u0105.<\/span><\/li>\n<li style=\"font-weight: 400;\" aria-level=\"1\"><span style=\"font-weight: 400;\">Sveikam kailiui ir odai: Lin\u0173 s\u0117menys, turintys omega-3 riebal\u0173 r\u016bg\u0161\u010di\u0173, palaiko mink\u0161t\u0105 ir blizgant\u012f kail\u012f.<\/span><\/li>\n<li style=\"font-weight: 400;\" aria-level=\"1\"><span style=\"font-weight: 400;\">Nat\u016bral\u016bs vaisiai ir dar\u017eov\u0117s: M\u0117lyn\u0117s, spanguol\u0117s, aviet\u0117s ir morkos suteikia vitamin\u0173, skaidul\u0173 ir antioksidant\u0173.<\/span><\/li>\n<li style=\"font-weight: 400;\" aria-level=\"1\"><span style=\"font-weight: 400;\">\u017darnyno sveikata: Prebiotikai XOS ir MOS palaiko sveik\u0105 vir\u0161kinimo sistem\u0105 ir \u017earnyno mikroflor\u0105.<\/span><\/li>\n<\/ul>\n<p><span style=\"font-weight: 400;\">\u0160is pa\u0161aras ne tik patenkina \u0161uns mitybinius poreikius, bet ir suteikia puik\u0173 skon\u012f, tod\u0117l j\u016bs\u0173 augintinis mielai j\u012f valgys. Tai idealus pasirinkimas \u0161un\u0173 \u0161eimininkams, ie\u0161kantiems sveiko, subalansuoto ir nat\u016bralaus pa\u0161aro kasdieniam \u0161\u0117rimui.<\/span><\/p>\n<p>&nbsp;<\/p>\n","protected":false},"excerpt":{"rendered":"<p><span style=\"font-weight: 400;\">\u0160is sausas \u0161un\u0173 maistas su \u017e\u0105siena yra puikus pasirinkimas suaugusiems \u0161unims, siekiant u\u017etikrinti nat\u016brali\u0105 ir subalansuot\u0105 mityb\u0105. \u0160is maistas sukurtas atsi\u017evelgiant \u012f nat\u016bralius \u0161uns instinktus, praturtintas maistingais ingredientais ir ma\u017eai gr\u016bd\u0173 turin\u010diu receptu.<\/span><\/p>\n","protected":false},"featured_media":12024,"template":"","meta":[],"product_brand":[],"product_cat":[101,103,104,318],"product_tag":[],"class_list":{"0":"post-12023","1":"product","2":"type-product","3":"status-publish","4":"has-post-thumbnail","6":"product_cat-sunims","7":"product_cat-sunu-maistas","8":"product_cat-sausas-maistas","9":"product_cat-monge-sunu-maistas","10":"pa_prekinis-zenklas-monge","12":"first","13":"instock","14":"taxable","15":"shipping-taxable","16":"purchasable","17":"product-type-variable"},"yoast_head":"<!-- This site is optimized with the Yoast SEO Premium plugin v27.1 (Yoast SEO v27.5) - https:\/\/yoast.com\/product\/yoast-seo-premium-wordpress\/ -->\n<title>Monge Dry Dog BWILD sausas \u0161un\u0173 maistas su \u017e\u0105siena - anivet.lt<\/title>\n<meta name=\"description\" content=\"\u0160is sausas \u0161un\u0173 maistas su \u017e\u0105siena yra puikus pasirinkimas suaugusiems \u0161unims, siekiant u\u017etikrinti nat\u016brali\u0105 ir subalansuot\u0105 mityb\u0105. \u0160is maistas sukurtas atsi\u017evelgiant \u012f nat\u016bralius \u0161uns instinktus, praturtintas maistingais ingredientais ir ma\u017eai gr\u016bd\u0173 turin\u010diu receptu.\" \/>\n<meta name=\"robots\" content=\"index, follow, max-snippet:-1, max-image-preview:large, max-video-preview:-1\" \/>\n<link rel=\"canonical\" href=\"https:\/\/anivet.lt\/elparduotuve\/produktas\/monge-dry-dog-bwild-sausas-sunu-maistas-su-zasiena\/\" \/>\n<meta property=\"og:locale\" content=\"lt_LT\" \/>\n<meta property=\"og:type\" content=\"article\" \/>\n<meta property=\"og:title\" content=\"Monge Dry Dog BWILD sausas \u0161un\u0173 maistas su \u017e\u0105siena\" \/>\n<meta property=\"og:description\" content=\"\u0160is sausas \u0161un\u0173 maistas su \u017e\u0105siena yra puikus pasirinkimas suaugusiems \u0161unims, siekiant u\u017etikrinti nat\u016brali\u0105 ir subalansuot\u0105 mityb\u0105. \u0160is maistas sukurtas atsi\u017evelgiant \u012f nat\u016bralius \u0161uns instinktus, praturtintas maistingais ingredientais ir ma\u017eai gr\u016bd\u0173 turin\u010diu receptu.\" \/>\n<meta property=\"og:url\" content=\"https:\/\/anivet.lt\/elparduotuve\/produktas\/monge-dry-dog-bwild-sausas-sunu-maistas-su-zasiena\/\" \/>\n<meta property=\"og:site_name\" content=\"anivet.lt\" \/>\n<meta property=\"article:modified_time\" content=\"2026-04-29T06:57:33+00:00\" \/>\n<meta property=\"og:image\" content=\"https:\/\/anivet.lt\/elparduotuve\/wp-content\/uploads\/2023\/10\/monge-bwild-adult-sausas-pasaras-zasiena-25kg.jpg\" \/>\n\t<meta property=\"og:image:width\" content=\"800\" \/>\n\t<meta property=\"og:image:height\" content=\"800\" \/>\n\t<meta property=\"og:image:type\" content=\"image\/jpeg\" \/>\n<meta name=\"twitter:card\" content=\"summary_large_image\" \/>\n<meta name=\"twitter:label1\" content=\"Est. reading time\" \/>\n\t<meta name=\"twitter:data1\" content=\"1 minut\u0117\" \/>\n<script type=\"application\/ld+json\" class=\"yoast-schema-graph\">{\"@context\":\"https:\\\/\\\/schema.org\",\"@graph\":[{\"@type\":\"WebPage\",\"@id\":\"https:\\\/\\\/anivet.lt\\\/elparduotuve\\\/produktas\\\/monge-dry-dog-bwild-sausas-sunu-maistas-su-zasiena\\\/\",\"url\":\"https:\\\/\\\/anivet.lt\\\/elparduotuve\\\/produktas\\\/monge-dry-dog-bwild-sausas-sunu-maistas-su-zasiena\\\/\",\"name\":\"Monge Dry Dog BWILD sausas \u0161un\u0173 maistas su \u017e\u0105siena - anivet.lt\",\"isPartOf\":{\"@id\":\"https:\\\/\\\/anivet.lt\\\/elparduotuve\\\/#website\"},\"primaryImageOfPage\":{\"@id\":\"https:\\\/\\\/anivet.lt\\\/elparduotuve\\\/produktas\\\/monge-dry-dog-bwild-sausas-sunu-maistas-su-zasiena\\\/#primaryimage\"},\"image\":{\"@id\":\"https:\\\/\\\/anivet.lt\\\/elparduotuve\\\/produktas\\\/monge-dry-dog-bwild-sausas-sunu-maistas-su-zasiena\\\/#primaryimage\"},\"thumbnailUrl\":\"https:\\\/\\\/anivet.lt\\\/elparduotuve\\\/wp-content\\\/uploads\\\/2023\\\/10\\\/monge-bwild-adult-sausas-pasaras-zasiena-25kg.jpg\",\"datePublished\":\"2023-10-05T12:03:13+00:00\",\"dateModified\":\"2026-04-29T06:57:33+00:00\",\"description\":\"\u0160is sausas \u0161un\u0173 maistas su \u017e\u0105siena yra puikus pasirinkimas suaugusiems \u0161unims, siekiant u\u017etikrinti nat\u016brali\u0105 ir subalansuot\u0105 mityb\u0105. \u0160is maistas sukurtas atsi\u017evelgiant \u012f nat\u016bralius \u0161uns instinktus, praturtintas maistingais ingredientais ir ma\u017eai gr\u016bd\u0173 turin\u010diu receptu.\",\"breadcrumb\":{\"@id\":\"https:\\\/\\\/anivet.lt\\\/elparduotuve\\\/produktas\\\/monge-dry-dog-bwild-sausas-sunu-maistas-su-zasiena\\\/#breadcrumb\"},\"inLanguage\":\"lt-LT\",\"potentialAction\":[{\"@type\":\"ReadAction\",\"target\":[\"https:\\\/\\\/anivet.lt\\\/elparduotuve\\\/produktas\\\/monge-dry-dog-bwild-sausas-sunu-maistas-su-zasiena\\\/\"]}]},{\"@type\":\"ImageObject\",\"inLanguage\":\"lt-LT\",\"@id\":\"https:\\\/\\\/anivet.lt\\\/elparduotuve\\\/produktas\\\/monge-dry-dog-bwild-sausas-sunu-maistas-su-zasiena\\\/#primaryimage\",\"url\":\"https:\\\/\\\/anivet.lt\\\/elparduotuve\\\/wp-content\\\/uploads\\\/2023\\\/10\\\/monge-bwild-adult-sausas-pasaras-zasiena-25kg.jpg\",\"contentUrl\":\"https:\\\/\\\/anivet.lt\\\/elparduotuve\\\/wp-content\\\/uploads\\\/2023\\\/10\\\/monge-bwild-adult-sausas-pasaras-zasiena-25kg.jpg\",\"width\":800,\"height\":800,\"caption\":\"Monge Dry Dog BWILD sausas \u0161un\u0173 maistas su \u017e\u0105siena\"},{\"@type\":\"BreadcrumbList\",\"@id\":\"https:\\\/\\\/anivet.lt\\\/elparduotuve\\\/produktas\\\/monge-dry-dog-bwild-sausas-sunu-maistas-su-zasiena\\\/#breadcrumb\",\"itemListElement\":[{\"@type\":\"ListItem\",\"position\":1,\"name\":\"Home\",\"item\":\"https:\\\/\\\/anivet.lt\\\/elparduotuve\\\/\"},{\"@type\":\"ListItem\",\"position\":2,\"name\":\"Produktai\",\"item\":\"https:\\\/\\\/anivet.lt\\\/elparduotuve\\\/produktai\\\/\"},{\"@type\":\"ListItem\",\"position\":3,\"name\":\"Monge Dry Dog BWILD sausas \u0161un\u0173 maistas su \u017e\u0105siena\"}]},{\"@type\":\"WebSite\",\"@id\":\"https:\\\/\\\/anivet.lt\\\/elparduotuve\\\/#website\",\"url\":\"https:\\\/\\\/anivet.lt\\\/elparduotuve\\\/\",\"name\":\"anivet.lt\",\"description\":\"Viskas J\u016bs\u0173 \u0161uns, kat\u0117s prie\u017ei\u016brai\",\"publisher\":{\"@id\":\"https:\\\/\\\/anivet.lt\\\/elparduotuve\\\/#organization\"},\"alternateName\":\"Viskas J\u016bs\u0173 \u0161uns, kat\u0117s prie\u017ei\u016brai\",\"potentialAction\":[{\"@type\":\"SearchAction\",\"target\":{\"@type\":\"EntryPoint\",\"urlTemplate\":\"https:\\\/\\\/anivet.lt\\\/elparduotuve\\\/?s={search_term_string}\"},\"query-input\":{\"@type\":\"PropertyValueSpecification\",\"valueRequired\":true,\"valueName\":\"search_term_string\"}}],\"inLanguage\":\"lt-LT\"},{\"@type\":\"Organization\",\"@id\":\"https:\\\/\\\/anivet.lt\\\/elparduotuve\\\/#organization\",\"name\":\"Viskas J\u016bs\u0173 \u0161uns, kat\u0117s prie\u017ei\u016brai\",\"url\":\"https:\\\/\\\/anivet.lt\\\/elparduotuve\\\/\",\"logo\":{\"@type\":\"ImageObject\",\"inLanguage\":\"lt-LT\",\"@id\":\"https:\\\/\\\/anivet.lt\\\/elparduotuve\\\/#\\\/schema\\\/logo\\\/image\\\/\",\"url\":\"https:\\\/\\\/anivet.lt\\\/elparduotuve\\\/wp-content\\\/uploads\\\/2023\\\/06\\\/logo2.jpg\",\"contentUrl\":\"https:\\\/\\\/anivet.lt\\\/elparduotuve\\\/wp-content\\\/uploads\\\/2023\\\/06\\\/logo2.jpg\",\"width\":655,\"height\":194,\"caption\":\"Viskas J\u016bs\u0173 \u0161uns, kat\u0117s prie\u017ei\u016brai\"},\"image\":{\"@id\":\"https:\\\/\\\/anivet.lt\\\/elparduotuve\\\/#\\\/schema\\\/logo\\\/image\\\/\"}}]}<\/script>\n<!-- \/ Yoast SEO Premium plugin. -->","yoast_head_json":{"title":"Monge Dry Dog BWILD sausas \u0161un\u0173 maistas su \u017e\u0105siena - anivet.lt","description":"\u0160is sausas \u0161un\u0173 maistas su \u017e\u0105siena yra puikus pasirinkimas suaugusiems \u0161unims, siekiant u\u017etikrinti nat\u016brali\u0105 ir subalansuot\u0105 mityb\u0105. \u0160is maistas sukurtas atsi\u017evelgiant \u012f nat\u016bralius \u0161uns instinktus, praturtintas maistingais ingredientais ir ma\u017eai gr\u016bd\u0173 turin\u010diu receptu.","robots":{"index":"index","follow":"follow","max-snippet":"max-snippet:-1","max-image-preview":"max-image-preview:large","max-video-preview":"max-video-preview:-1"},"canonical":"https:\/\/anivet.lt\/elparduotuve\/produktas\/monge-dry-dog-bwild-sausas-sunu-maistas-su-zasiena\/","og_locale":"lt_LT","og_type":"article","og_title":"Monge Dry Dog BWILD sausas \u0161un\u0173 maistas su \u017e\u0105siena","og_description":"\u0160is sausas \u0161un\u0173 maistas su \u017e\u0105siena yra puikus pasirinkimas suaugusiems \u0161unims, siekiant u\u017etikrinti nat\u016brali\u0105 ir subalansuot\u0105 mityb\u0105. \u0160is maistas sukurtas atsi\u017evelgiant \u012f nat\u016bralius \u0161uns instinktus, praturtintas maistingais ingredientais ir ma\u017eai gr\u016bd\u0173 turin\u010diu receptu.","og_url":"https:\/\/anivet.lt\/elparduotuve\/produktas\/monge-dry-dog-bwild-sausas-sunu-maistas-su-zasiena\/","og_site_name":"anivet.lt","article_modified_time":"2026-04-29T06:57:33+00:00","og_image":[{"width":800,"height":800,"url":"https:\/\/anivet.lt\/elparduotuve\/wp-content\/uploads\/2023\/10\/monge-bwild-adult-sausas-pasaras-zasiena-25kg.jpg","type":"image\/jpeg"}],"twitter_card":"summary_large_image","twitter_misc":{"Est. reading time":"1 minut\u0117"},"schema":{"@context":"https:\/\/schema.org","@graph":[{"@type":"WebPage","@id":"https:\/\/anivet.lt\/elparduotuve\/produktas\/monge-dry-dog-bwild-sausas-sunu-maistas-su-zasiena\/","url":"https:\/\/anivet.lt\/elparduotuve\/produktas\/monge-dry-dog-bwild-sausas-sunu-maistas-su-zasiena\/","name":"Monge Dry Dog BWILD sausas \u0161un\u0173 maistas su \u017e\u0105siena - anivet.lt","isPartOf":{"@id":"https:\/\/anivet.lt\/elparduotuve\/#website"},"primaryImageOfPage":{"@id":"https:\/\/anivet.lt\/elparduotuve\/produktas\/monge-dry-dog-bwild-sausas-sunu-maistas-su-zasiena\/#primaryimage"},"image":{"@id":"https:\/\/anivet.lt\/elparduotuve\/produktas\/monge-dry-dog-bwild-sausas-sunu-maistas-su-zasiena\/#primaryimage"},"thumbnailUrl":"https:\/\/anivet.lt\/elparduotuve\/wp-content\/uploads\/2023\/10\/monge-bwild-adult-sausas-pasaras-zasiena-25kg.jpg","datePublished":"2023-10-05T12:03:13+00:00","dateModified":"2026-04-29T06:57:33+00:00","description":"\u0160is sausas \u0161un\u0173 maistas su \u017e\u0105siena yra puikus pasirinkimas suaugusiems \u0161unims, siekiant u\u017etikrinti nat\u016brali\u0105 ir subalansuot\u0105 mityb\u0105. \u0160is maistas sukurtas atsi\u017evelgiant \u012f nat\u016bralius \u0161uns instinktus, praturtintas maistingais ingredientais ir ma\u017eai gr\u016bd\u0173 turin\u010diu receptu.","breadcrumb":{"@id":"https:\/\/anivet.lt\/elparduotuve\/produktas\/monge-dry-dog-bwild-sausas-sunu-maistas-su-zasiena\/#breadcrumb"},"inLanguage":"lt-LT","potentialAction":[{"@type":"ReadAction","target":["https:\/\/anivet.lt\/elparduotuve\/produktas\/monge-dry-dog-bwild-sausas-sunu-maistas-su-zasiena\/"]}]},{"@type":"ImageObject","inLanguage":"lt-LT","@id":"https:\/\/anivet.lt\/elparduotuve\/produktas\/monge-dry-dog-bwild-sausas-sunu-maistas-su-zasiena\/#primaryimage","url":"https:\/\/anivet.lt\/elparduotuve\/wp-content\/uploads\/2023\/10\/monge-bwild-adult-sausas-pasaras-zasiena-25kg.jpg","contentUrl":"https:\/\/anivet.lt\/elparduotuve\/wp-content\/uploads\/2023\/10\/monge-bwild-adult-sausas-pasaras-zasiena-25kg.jpg","width":800,"height":800,"caption":"Monge Dry Dog BWILD sausas \u0161un\u0173 maistas su \u017e\u0105siena"},{"@type":"BreadcrumbList","@id":"https:\/\/anivet.lt\/elparduotuve\/produktas\/monge-dry-dog-bwild-sausas-sunu-maistas-su-zasiena\/#breadcrumb","itemListElement":[{"@type":"ListItem","position":1,"name":"Home","item":"https:\/\/anivet.lt\/elparduotuve\/"},{"@type":"ListItem","position":2,"name":"Produktai","item":"https:\/\/anivet.lt\/elparduotuve\/produktai\/"},{"@type":"ListItem","position":3,"name":"Monge Dry Dog BWILD sausas \u0161un\u0173 maistas su \u017e\u0105siena"}]},{"@type":"WebSite","@id":"https:\/\/anivet.lt\/elparduotuve\/#website","url":"https:\/\/anivet.lt\/elparduotuve\/","name":"anivet.lt","description":"Viskas J\u016bs\u0173 \u0161uns, kat\u0117s prie\u017ei\u016brai","publisher":{"@id":"https:\/\/anivet.lt\/elparduotuve\/#organization"},"alternateName":"Viskas J\u016bs\u0173 \u0161uns, kat\u0117s prie\u017ei\u016brai","potentialAction":[{"@type":"SearchAction","target":{"@type":"EntryPoint","urlTemplate":"https:\/\/anivet.lt\/elparduotuve\/?s={search_term_string}"},"query-input":{"@type":"PropertyValueSpecification","valueRequired":true,"valueName":"search_term_string"}}],"inLanguage":"lt-LT"},{"@type":"Organization","@id":"https:\/\/anivet.lt\/elparduotuve\/#organization","name":"Viskas J\u016bs\u0173 \u0161uns, kat\u0117s prie\u017ei\u016brai","url":"https:\/\/anivet.lt\/elparduotuve\/","logo":{"@type":"ImageObject","inLanguage":"lt-LT","@id":"https:\/\/anivet.lt\/elparduotuve\/#\/schema\/logo\/image\/","url":"https:\/\/anivet.lt\/elparduotuve\/wp-content\/uploads\/2023\/06\/logo2.jpg","contentUrl":"https:\/\/anivet.lt\/elparduotuve\/wp-content\/uploads\/2023\/06\/logo2.jpg","width":655,"height":194,"caption":"Viskas J\u016bs\u0173 \u0161uns, kat\u0117s prie\u017ei\u016brai"},"image":{"@id":"https:\/\/anivet.lt\/elparduotuve\/#\/schema\/logo\/image\/"}}]}},"_links":{"self":[{"href":"https:\/\/anivet.lt\/elparduotuve\/wp-json\/wp\/v2\/product\/12023","targetHints":{"allow":["GET"]}}],"collection":[{"href":"https:\/\/anivet.lt\/elparduotuve\/wp-json\/wp\/v2\/product"}],"about":[{"href":"https:\/\/anivet.lt\/elparduotuve\/wp-json\/wp\/v2\/types\/product"}],"wp:featuredmedia":[{"embeddable":true,"href":"https:\/\/anivet.lt\/elparduotuve\/wp-json\/wp\/v2\/media\/12024"}],"wp:attachment":[{"href":"https:\/\/anivet.lt\/elparduotuve\/wp-json\/wp\/v2\/media?parent=12023"}],"wp:term":[{"taxonomy":"product_brand","embeddable":true,"href":"https:\/\/anivet.lt\/elparduotuve\/wp-json\/wp\/v2\/product_brand?post=12023"},{"taxonomy":"product_cat","embeddable":true,"href":"https:\/\/anivet.lt\/elparduotuve\/wp-json\/wp\/v2\/product_cat?post=12023"},{"taxonomy":"product_tag","embeddable":true,"href":"https:\/\/anivet.lt\/elparduotuve\/wp-json\/wp\/v2\/product_tag?post=12023"}],"curies":[{"name":"wp","href":"https:\/\/api.w.org\/{rel}","templated":true}]}}