{"id":12052,"date":"2023-10-05T13:13:16","date_gmt":"2023-10-05T13:13:16","guid":{"rendered":"https:\/\/anivet.lt\/elparduotuve\/?post_type=product&#038;p=12052"},"modified":"2026-03-06T16:10:59","modified_gmt":"2026-03-06T16:10:59","slug":"dry-cat-adult-sterilized-sausas-maistas-katems-su-vistiena-15-kg","status":"publish","type":"product","link":"https:\/\/anivet.lt\/elparduotuve\/produktas\/dry-cat-adult-sterilized-sausas-maistas-katems-su-vistiena-15-kg\/","title":{"rendered":"Monge Dry Cat Adult Sterilized sausas maistas kat\u0117ms su vi\u0161tiena 1,5 kg"},"content":{"rendered":"<ul>\n<li style=\"font-weight: 400;\" aria-level=\"1\"><span style=\"font-weight: 400;\">Auk\u0161tos kokyb\u0117s baltymai: \u0160vie\u017eia (10%) ir dehidratuota (26%) vi\u0161tiena u\u017etikrina puik\u0173 baltym\u0173 \u0161altin\u012f raumen\u0173 stiprinimui.<\/span><\/li>\n<li style=\"font-weight: 400;\" aria-level=\"1\"><span style=\"font-weight: 400;\">Naujos kartos prebiotikai: Ksilo-oligosacharidai (X.O.S.) skatina sveik\u0105 vir\u0161kinim\u0105 ir \u017earnyno flor\u0105.<\/span><\/li>\n<li style=\"font-weight: 400;\" aria-level=\"1\"><span style=\"font-weight: 400;\">Praturtintas Omega-3 ir Omega-6: \u0160ios riebiosios r\u016bg\u0161tys palaiko sveik\u0105 od\u0105 ir blizgant\u012f kail\u012f.<\/span><\/li>\n<li style=\"font-weight: 400;\" aria-level=\"1\"><span style=\"font-weight: 400;\">Papildyta taurinu: Esmin\u0117 maistin\u0117 med\u017eiaga, palaikanti \u0161irdies ir reg\u0117jimo sveikat\u0105.<\/span><\/li>\n<li style=\"font-weight: 400;\" aria-level=\"1\"><span style=\"font-weight: 400;\">Puikus skonis: Patrauklus skonis u\u017etikrina, kad j\u016bs\u0173 kat\u0117 mielai rinksis \u0161\u012f pa\u0161ar\u0105 kasdien.<\/span><\/li>\n<\/ul>\n<p><span style=\"font-weight: 400;\">\u201eMonge Dry Cat Adult Sterilized\u201c \u2013 tai idealus pasirinkimas sterilizuotoms kat\u0117ms, kurios vertina ne tik puik\u0173 skon\u012f, bet ir auk\u0161tos kokyb\u0117s sud\u0117t\u012f. \u0160is pa\u0161aras padeda palaikyti optimal\u0173 svor\u012f ir bendr\u0105 j\u016bs\u0173 kat\u0117s sveikat\u0105.<\/span><\/p>\n","protected":false},"excerpt":{"rendered":"<p><span style=\"font-weight: 400;\">Pilnai subalansuotas sausas maistas, sukurtas specialiai sterilizuotoms suaugusioms kat\u0117ms. \u0160is pa\u0161aras su \u0161vie\u017eia vi\u0161tiena yra lengvai vir\u0161kinamas, maistingas ir skanus, u\u017etikrinantis j\u016bs\u0173 kat\u0117s puiki\u0105 savijaut\u0105.<\/span><\/p>\n","protected":false},"featured_media":12055,"template":"","meta":[],"product_brand":[],"product_cat":[114,115,102,343],"product_tag":[],"class_list":{"0":"post-12052","1":"product","2":"type-product","3":"status-publish","4":"has-post-thumbnail","6":"product_cat-kaciu-maistas","7":"product_cat-sausas-maistas-ir-skanestai-katems","8":"product_cat-katems","9":"product_cat-monge-kaciu-maistas","10":"pa_prekinis-zenklas-monge","12":"first","13":"instock","14":"taxable","15":"shipping-taxable","16":"purchasable","17":"product-type-simple"},"yoast_head":"<!-- This site is optimized with the Yoast SEO Premium plugin v27.1 (Yoast SEO v27.5) - https:\/\/yoast.com\/product\/yoast-seo-premium-wordpress\/ -->\n<title>Monge Dry Cat Adult Sterilized sausas maistas kat\u0117ms su vi\u0161tiena 1,5 kg - anivet.lt<\/title>\n<meta name=\"description\" content=\"Pilnai subalansuotas sausas maistas, sukurtas specialiai sterilizuotoms suaugusioms kat\u0117ms. \u0160is pa\u0161aras su \u0161vie\u017eia vi\u0161tiena yra lengvai vir\u0161kinamas, maistingas ir skanus, u\u017etikrinantis j\u016bs\u0173 kat\u0117s puiki\u0105 savijaut\u0105.\" \/>\n<meta name=\"robots\" content=\"index, follow, max-snippet:-1, max-image-preview:large, max-video-preview:-1\" \/>\n<link rel=\"canonical\" href=\"https:\/\/anivet.lt\/elparduotuve\/produktas\/dry-cat-adult-sterilized-sausas-maistas-katems-su-vistiena-15-kg\/\" \/>\n<meta property=\"og:locale\" content=\"lt_LT\" \/>\n<meta property=\"og:type\" content=\"article\" \/>\n<meta property=\"og:title\" content=\"Monge Dry Cat Adult Sterilized sausas maistas kat\u0117ms su vi\u0161tiena 1,5 kg\" \/>\n<meta property=\"og:description\" content=\"Pilnai subalansuotas sausas maistas, sukurtas specialiai sterilizuotoms suaugusioms kat\u0117ms. \u0160is pa\u0161aras su \u0161vie\u017eia vi\u0161tiena yra lengvai vir\u0161kinamas, maistingas ir skanus, u\u017etikrinantis j\u016bs\u0173 kat\u0117s puiki\u0105 savijaut\u0105.\" \/>\n<meta property=\"og:url\" content=\"https:\/\/anivet.lt\/elparduotuve\/produktas\/dry-cat-adult-sterilized-sausas-maistas-katems-su-vistiena-15-kg\/\" \/>\n<meta property=\"og:site_name\" content=\"anivet.lt\" \/>\n<meta property=\"article:modified_time\" content=\"2026-03-06T16:10:59+00:00\" \/>\n<meta property=\"og:image\" content=\"https:\/\/anivet.lt\/elparduotuve\/wp-content\/uploads\/2023\/10\/monge-sterilised-adult-vistiena-15kg.jpg\" \/>\n\t<meta property=\"og:image:width\" content=\"800\" \/>\n\t<meta property=\"og:image:height\" content=\"800\" \/>\n\t<meta property=\"og:image:type\" content=\"image\/jpeg\" \/>\n<meta name=\"twitter:card\" content=\"summary_large_image\" \/>\n<meta name=\"twitter:label1\" content=\"Est. reading time\" \/>\n\t<meta name=\"twitter:data1\" content=\"1 minut\u0117\" \/>\n<script type=\"application\/ld+json\" class=\"yoast-schema-graph\">{\"@context\":\"https:\\\/\\\/schema.org\",\"@graph\":[{\"@type\":\"WebPage\",\"@id\":\"https:\\\/\\\/anivet.lt\\\/elparduotuve\\\/produktas\\\/dry-cat-adult-sterilized-sausas-maistas-katems-su-vistiena-15-kg\\\/\",\"url\":\"https:\\\/\\\/anivet.lt\\\/elparduotuve\\\/produktas\\\/dry-cat-adult-sterilized-sausas-maistas-katems-su-vistiena-15-kg\\\/\",\"name\":\"Monge Dry Cat Adult Sterilized sausas maistas kat\u0117ms su vi\u0161tiena 1,5 kg - anivet.lt\",\"isPartOf\":{\"@id\":\"https:\\\/\\\/anivet.lt\\\/elparduotuve\\\/#website\"},\"primaryImageOfPage\":{\"@id\":\"https:\\\/\\\/anivet.lt\\\/elparduotuve\\\/produktas\\\/dry-cat-adult-sterilized-sausas-maistas-katems-su-vistiena-15-kg\\\/#primaryimage\"},\"image\":{\"@id\":\"https:\\\/\\\/anivet.lt\\\/elparduotuve\\\/produktas\\\/dry-cat-adult-sterilized-sausas-maistas-katems-su-vistiena-15-kg\\\/#primaryimage\"},\"thumbnailUrl\":\"https:\\\/\\\/anivet.lt\\\/elparduotuve\\\/wp-content\\\/uploads\\\/2023\\\/10\\\/monge-sterilised-adult-vistiena-15kg.jpg\",\"datePublished\":\"2023-10-05T13:13:16+00:00\",\"dateModified\":\"2026-03-06T16:10:59+00:00\",\"description\":\"Pilnai subalansuotas sausas maistas, sukurtas specialiai sterilizuotoms suaugusioms kat\u0117ms. \u0160is pa\u0161aras su \u0161vie\u017eia vi\u0161tiena yra lengvai vir\u0161kinamas, maistingas ir skanus, u\u017etikrinantis j\u016bs\u0173 kat\u0117s puiki\u0105 savijaut\u0105.\",\"breadcrumb\":{\"@id\":\"https:\\\/\\\/anivet.lt\\\/elparduotuve\\\/produktas\\\/dry-cat-adult-sterilized-sausas-maistas-katems-su-vistiena-15-kg\\\/#breadcrumb\"},\"inLanguage\":\"lt-LT\",\"potentialAction\":[{\"@type\":\"ReadAction\",\"target\":[\"https:\\\/\\\/anivet.lt\\\/elparduotuve\\\/produktas\\\/dry-cat-adult-sterilized-sausas-maistas-katems-su-vistiena-15-kg\\\/\"]}]},{\"@type\":\"ImageObject\",\"inLanguage\":\"lt-LT\",\"@id\":\"https:\\\/\\\/anivet.lt\\\/elparduotuve\\\/produktas\\\/dry-cat-adult-sterilized-sausas-maistas-katems-su-vistiena-15-kg\\\/#primaryimage\",\"url\":\"https:\\\/\\\/anivet.lt\\\/elparduotuve\\\/wp-content\\\/uploads\\\/2023\\\/10\\\/monge-sterilised-adult-vistiena-15kg.jpg\",\"contentUrl\":\"https:\\\/\\\/anivet.lt\\\/elparduotuve\\\/wp-content\\\/uploads\\\/2023\\\/10\\\/monge-sterilised-adult-vistiena-15kg.jpg\",\"width\":800,\"height\":800,\"caption\":\"Monge Dry Cat Adult Sterilized sausas maistas kat\u0117ms su vi\u0161tiena 1,5 kg\"},{\"@type\":\"BreadcrumbList\",\"@id\":\"https:\\\/\\\/anivet.lt\\\/elparduotuve\\\/produktas\\\/dry-cat-adult-sterilized-sausas-maistas-katems-su-vistiena-15-kg\\\/#breadcrumb\",\"itemListElement\":[{\"@type\":\"ListItem\",\"position\":1,\"name\":\"Home\",\"item\":\"https:\\\/\\\/anivet.lt\\\/elparduotuve\\\/\"},{\"@type\":\"ListItem\",\"position\":2,\"name\":\"Produktai\",\"item\":\"https:\\\/\\\/anivet.lt\\\/elparduotuve\\\/produktai\\\/\"},{\"@type\":\"ListItem\",\"position\":3,\"name\":\"Monge Dry Cat Adult Sterilized sausas maistas kat\u0117ms su vi\u0161tiena 1,5 kg\"}]},{\"@type\":\"WebSite\",\"@id\":\"https:\\\/\\\/anivet.lt\\\/elparduotuve\\\/#website\",\"url\":\"https:\\\/\\\/anivet.lt\\\/elparduotuve\\\/\",\"name\":\"anivet.lt\",\"description\":\"Viskas J\u016bs\u0173 \u0161uns, kat\u0117s prie\u017ei\u016brai\",\"publisher\":{\"@id\":\"https:\\\/\\\/anivet.lt\\\/elparduotuve\\\/#organization\"},\"alternateName\":\"Viskas J\u016bs\u0173 \u0161uns, kat\u0117s prie\u017ei\u016brai\",\"potentialAction\":[{\"@type\":\"SearchAction\",\"target\":{\"@type\":\"EntryPoint\",\"urlTemplate\":\"https:\\\/\\\/anivet.lt\\\/elparduotuve\\\/?s={search_term_string}\"},\"query-input\":{\"@type\":\"PropertyValueSpecification\",\"valueRequired\":true,\"valueName\":\"search_term_string\"}}],\"inLanguage\":\"lt-LT\"},{\"@type\":\"Organization\",\"@id\":\"https:\\\/\\\/anivet.lt\\\/elparduotuve\\\/#organization\",\"name\":\"Viskas J\u016bs\u0173 \u0161uns, kat\u0117s prie\u017ei\u016brai\",\"url\":\"https:\\\/\\\/anivet.lt\\\/elparduotuve\\\/\",\"logo\":{\"@type\":\"ImageObject\",\"inLanguage\":\"lt-LT\",\"@id\":\"https:\\\/\\\/anivet.lt\\\/elparduotuve\\\/#\\\/schema\\\/logo\\\/image\\\/\",\"url\":\"https:\\\/\\\/anivet.lt\\\/elparduotuve\\\/wp-content\\\/uploads\\\/2023\\\/06\\\/logo2.jpg\",\"contentUrl\":\"https:\\\/\\\/anivet.lt\\\/elparduotuve\\\/wp-content\\\/uploads\\\/2023\\\/06\\\/logo2.jpg\",\"width\":655,\"height\":194,\"caption\":\"Viskas J\u016bs\u0173 \u0161uns, kat\u0117s prie\u017ei\u016brai\"},\"image\":{\"@id\":\"https:\\\/\\\/anivet.lt\\\/elparduotuve\\\/#\\\/schema\\\/logo\\\/image\\\/\"}}]}<\/script>\n<!-- \/ Yoast SEO Premium plugin. -->","yoast_head_json":{"title":"Monge Dry Cat Adult Sterilized sausas maistas kat\u0117ms su vi\u0161tiena 1,5 kg - anivet.lt","description":"Pilnai subalansuotas sausas maistas, sukurtas specialiai sterilizuotoms suaugusioms kat\u0117ms. \u0160is pa\u0161aras su \u0161vie\u017eia vi\u0161tiena yra lengvai vir\u0161kinamas, maistingas ir skanus, u\u017etikrinantis j\u016bs\u0173 kat\u0117s puiki\u0105 savijaut\u0105.","robots":{"index":"index","follow":"follow","max-snippet":"max-snippet:-1","max-image-preview":"max-image-preview:large","max-video-preview":"max-video-preview:-1"},"canonical":"https:\/\/anivet.lt\/elparduotuve\/produktas\/dry-cat-adult-sterilized-sausas-maistas-katems-su-vistiena-15-kg\/","og_locale":"lt_LT","og_type":"article","og_title":"Monge Dry Cat Adult Sterilized sausas maistas kat\u0117ms su vi\u0161tiena 1,5 kg","og_description":"Pilnai subalansuotas sausas maistas, sukurtas specialiai sterilizuotoms suaugusioms kat\u0117ms. \u0160is pa\u0161aras su \u0161vie\u017eia vi\u0161tiena yra lengvai vir\u0161kinamas, maistingas ir skanus, u\u017etikrinantis j\u016bs\u0173 kat\u0117s puiki\u0105 savijaut\u0105.","og_url":"https:\/\/anivet.lt\/elparduotuve\/produktas\/dry-cat-adult-sterilized-sausas-maistas-katems-su-vistiena-15-kg\/","og_site_name":"anivet.lt","article_modified_time":"2026-03-06T16:10:59+00:00","og_image":[{"width":800,"height":800,"url":"https:\/\/anivet.lt\/elparduotuve\/wp-content\/uploads\/2023\/10\/monge-sterilised-adult-vistiena-15kg.jpg","type":"image\/jpeg"}],"twitter_card":"summary_large_image","twitter_misc":{"Est. reading time":"1 minut\u0117"},"schema":{"@context":"https:\/\/schema.org","@graph":[{"@type":"WebPage","@id":"https:\/\/anivet.lt\/elparduotuve\/produktas\/dry-cat-adult-sterilized-sausas-maistas-katems-su-vistiena-15-kg\/","url":"https:\/\/anivet.lt\/elparduotuve\/produktas\/dry-cat-adult-sterilized-sausas-maistas-katems-su-vistiena-15-kg\/","name":"Monge Dry Cat Adult Sterilized sausas maistas kat\u0117ms su vi\u0161tiena 1,5 kg - anivet.lt","isPartOf":{"@id":"https:\/\/anivet.lt\/elparduotuve\/#website"},"primaryImageOfPage":{"@id":"https:\/\/anivet.lt\/elparduotuve\/produktas\/dry-cat-adult-sterilized-sausas-maistas-katems-su-vistiena-15-kg\/#primaryimage"},"image":{"@id":"https:\/\/anivet.lt\/elparduotuve\/produktas\/dry-cat-adult-sterilized-sausas-maistas-katems-su-vistiena-15-kg\/#primaryimage"},"thumbnailUrl":"https:\/\/anivet.lt\/elparduotuve\/wp-content\/uploads\/2023\/10\/monge-sterilised-adult-vistiena-15kg.jpg","datePublished":"2023-10-05T13:13:16+00:00","dateModified":"2026-03-06T16:10:59+00:00","description":"Pilnai subalansuotas sausas maistas, sukurtas specialiai sterilizuotoms suaugusioms kat\u0117ms. \u0160is pa\u0161aras su \u0161vie\u017eia vi\u0161tiena yra lengvai vir\u0161kinamas, maistingas ir skanus, u\u017etikrinantis j\u016bs\u0173 kat\u0117s puiki\u0105 savijaut\u0105.","breadcrumb":{"@id":"https:\/\/anivet.lt\/elparduotuve\/produktas\/dry-cat-adult-sterilized-sausas-maistas-katems-su-vistiena-15-kg\/#breadcrumb"},"inLanguage":"lt-LT","potentialAction":[{"@type":"ReadAction","target":["https:\/\/anivet.lt\/elparduotuve\/produktas\/dry-cat-adult-sterilized-sausas-maistas-katems-su-vistiena-15-kg\/"]}]},{"@type":"ImageObject","inLanguage":"lt-LT","@id":"https:\/\/anivet.lt\/elparduotuve\/produktas\/dry-cat-adult-sterilized-sausas-maistas-katems-su-vistiena-15-kg\/#primaryimage","url":"https:\/\/anivet.lt\/elparduotuve\/wp-content\/uploads\/2023\/10\/monge-sterilised-adult-vistiena-15kg.jpg","contentUrl":"https:\/\/anivet.lt\/elparduotuve\/wp-content\/uploads\/2023\/10\/monge-sterilised-adult-vistiena-15kg.jpg","width":800,"height":800,"caption":"Monge Dry Cat Adult Sterilized sausas maistas kat\u0117ms su vi\u0161tiena 1,5 kg"},{"@type":"BreadcrumbList","@id":"https:\/\/anivet.lt\/elparduotuve\/produktas\/dry-cat-adult-sterilized-sausas-maistas-katems-su-vistiena-15-kg\/#breadcrumb","itemListElement":[{"@type":"ListItem","position":1,"name":"Home","item":"https:\/\/anivet.lt\/elparduotuve\/"},{"@type":"ListItem","position":2,"name":"Produktai","item":"https:\/\/anivet.lt\/elparduotuve\/produktai\/"},{"@type":"ListItem","position":3,"name":"Monge Dry Cat Adult Sterilized sausas maistas kat\u0117ms su vi\u0161tiena 1,5 kg"}]},{"@type":"WebSite","@id":"https:\/\/anivet.lt\/elparduotuve\/#website","url":"https:\/\/anivet.lt\/elparduotuve\/","name":"anivet.lt","description":"Viskas J\u016bs\u0173 \u0161uns, kat\u0117s prie\u017ei\u016brai","publisher":{"@id":"https:\/\/anivet.lt\/elparduotuve\/#organization"},"alternateName":"Viskas J\u016bs\u0173 \u0161uns, kat\u0117s prie\u017ei\u016brai","potentialAction":[{"@type":"SearchAction","target":{"@type":"EntryPoint","urlTemplate":"https:\/\/anivet.lt\/elparduotuve\/?s={search_term_string}"},"query-input":{"@type":"PropertyValueSpecification","valueRequired":true,"valueName":"search_term_string"}}],"inLanguage":"lt-LT"},{"@type":"Organization","@id":"https:\/\/anivet.lt\/elparduotuve\/#organization","name":"Viskas J\u016bs\u0173 \u0161uns, kat\u0117s prie\u017ei\u016brai","url":"https:\/\/anivet.lt\/elparduotuve\/","logo":{"@type":"ImageObject","inLanguage":"lt-LT","@id":"https:\/\/anivet.lt\/elparduotuve\/#\/schema\/logo\/image\/","url":"https:\/\/anivet.lt\/elparduotuve\/wp-content\/uploads\/2023\/06\/logo2.jpg","contentUrl":"https:\/\/anivet.lt\/elparduotuve\/wp-content\/uploads\/2023\/06\/logo2.jpg","width":655,"height":194,"caption":"Viskas J\u016bs\u0173 \u0161uns, kat\u0117s prie\u017ei\u016brai"},"image":{"@id":"https:\/\/anivet.lt\/elparduotuve\/#\/schema\/logo\/image\/"}}]}},"_links":{"self":[{"href":"https:\/\/anivet.lt\/elparduotuve\/wp-json\/wp\/v2\/product\/12052","targetHints":{"allow":["GET"]}}],"collection":[{"href":"https:\/\/anivet.lt\/elparduotuve\/wp-json\/wp\/v2\/product"}],"about":[{"href":"https:\/\/anivet.lt\/elparduotuve\/wp-json\/wp\/v2\/types\/product"}],"wp:featuredmedia":[{"embeddable":true,"href":"https:\/\/anivet.lt\/elparduotuve\/wp-json\/wp\/v2\/media\/12055"}],"wp:attachment":[{"href":"https:\/\/anivet.lt\/elparduotuve\/wp-json\/wp\/v2\/media?parent=12052"}],"wp:term":[{"taxonomy":"product_brand","embeddable":true,"href":"https:\/\/anivet.lt\/elparduotuve\/wp-json\/wp\/v2\/product_brand?post=12052"},{"taxonomy":"product_cat","embeddable":true,"href":"https:\/\/anivet.lt\/elparduotuve\/wp-json\/wp\/v2\/product_cat?post=12052"},{"taxonomy":"product_tag","embeddable":true,"href":"https:\/\/anivet.lt\/elparduotuve\/wp-json\/wp\/v2\/product_tag?post=12052"}],"curies":[{"name":"wp","href":"https:\/\/api.w.org\/{rel}","templated":true}]}}