{"id":12061,"date":"2023-10-05T14:49:08","date_gmt":"2023-10-05T14:49:08","guid":{"rendered":"https:\/\/anivet.lt\/elparduotuve\/?post_type=product&#038;p=12061"},"modified":"2026-05-06T10:47:34","modified_gmt":"2026-05-06T10:47:34","slug":"monge-spec-line-monoprotein-all-breeds-adult-lamb-sausas-maistas-sunims","status":"publish","type":"product","link":"https:\/\/anivet.lt\/elparduotuve\/produktas\/monge-spec-line-monoprotein-all-breeds-adult-lamb-sausas-maistas-sunims\/","title":{"rendered":"Monge Spec. Line Monoprotein All Breeds Adult Lamb sausas maistas \u0161unims"},"content":{"rendered":"<ul>\n<li style=\"font-weight: 400;\" aria-level=\"1\"><span style=\"font-weight: 400;\">Vieno baltymo sud\u0117tis: Sud\u0117tyje yra tik vienas gyv\u016bnini\u0173 baltym\u0173 \u0161altinis \u2013 \u0117riena (10% \u0161vie\u017eios ir 28% dehidratuotos), puikiai tinka jautriems ar alergi\u0161kiems \u0161unims.<\/span><\/li>\n<li style=\"font-weight: 400;\" aria-level=\"1\"><span style=\"font-weight: 400;\">Sveikam vir\u0161kinimui: Naujos kartos prebiotikai XOS ir MOS palaiko sveik\u0105 \u017earnyno mikroflor\u0105, gerina vir\u0161kinim\u0105 ir ma\u017eina nemalonius kvapus.<\/span><\/li>\n<li style=\"font-weight: 400;\" aria-level=\"1\"><span style=\"font-weight: 400;\">Praturtintas augaliniais ekstraktais: Arti\u0161okai, e\u017eiuol\u0117, \u010desnakas ir raudon\u0117liai padeda vir\u0161kinimui, stiprina imunitet\u0105 ir turi antioksidacini\u0173 savybi\u0173.<\/span><\/li>\n<li style=\"font-weight: 400;\" aria-level=\"1\"><span style=\"font-weight: 400;\">S\u0105nari\u0173 ir kaul\u0173 sveikata: Gliukozaminas, chondroitinas ir metilsulfonilmetanas (MSM) palaiko sveikus s\u0105narius ir kaulus.<\/span><\/li>\n<li style=\"font-weight: 400;\" aria-level=\"1\"><span style=\"font-weight: 400;\">Nat\u016bralus receptas: Be da\u017eikli\u0173, dirbtini\u0173 konservant\u0173 ir perteklinio gr\u016bd\u0173 kiekio, tod\u0117l pa\u0161aras yra sveikas ir nat\u016bralus pasirinkimas.<\/span><\/li>\n<\/ul>\n<p><span style=\"font-weight: 400;\">\u0160is gardus ir maistingas pa\u0161aras su \u0117riena tinka tiek aktyviems, tiek jautriems \u0161unims. Jo sud\u0117tis ne tik u\u017etikrina puik\u0173 skon\u012f, bet ir padeda palaikyti j\u016bs\u0173 augintinio sveikat\u0105 bei gerov\u0119 kasdien.<\/span><\/p>\n","protected":false},"excerpt":{"rendered":"<p><span style=\"font-weight: 400;\">Auk\u0161tos kokyb\u0117s vieno baltymo pa\u0161aras su \u0117riena, ry\u017eiais ir bulv\u0117mis. Sukurtas vis\u0173 veisli\u0173 suaugusiems \u0161unims, jis u\u017etikrina sveik\u0105 ir subalansuot\u0105 mityb\u0105.<\/span><\/p>\n","protected":false},"featured_media":12063,"template":"","meta":[],"product_brand":[],"product_cat":[101,103,104,318],"product_tag":[],"class_list":{"0":"post-12061","1":"product","2":"type-product","3":"status-publish","4":"has-post-thumbnail","6":"product_cat-sunims","7":"product_cat-sunu-maistas","8":"product_cat-sausas-maistas","9":"product_cat-monge-sunu-maistas","10":"pa_prekinis-zenklas-monge","12":"first","13":"instock","14":"sale","15":"taxable","16":"shipping-taxable","17":"purchasable","18":"product-type-variable"},"yoast_head":"<!-- This site is optimized with the Yoast SEO Premium plugin v27.1 (Yoast SEO v27.5) - https:\/\/yoast.com\/product\/yoast-seo-premium-wordpress\/ -->\n<title>Monge Spec. Line Monoprotein All Breeds Adult Lamb sausas maistas \u0161unims - anivet.lt<\/title>\n<meta name=\"description\" content=\"Auk\u0161tos kokyb\u0117s vieno baltymo pa\u0161aras su \u0117riena, ry\u017eiais ir bulv\u0117mis. Sukurtas vis\u0173 veisli\u0173 suaugusiems \u0161unims, jis u\u017etikrina sveik\u0105 ir subalansuot\u0105 mityb\u0105.\" \/>\n<meta name=\"robots\" content=\"index, follow, max-snippet:-1, max-image-preview:large, max-video-preview:-1\" \/>\n<link rel=\"canonical\" href=\"https:\/\/anivet.lt\/elparduotuve\/produktas\/monge-spec-line-monoprotein-all-breeds-adult-lamb-sausas-maistas-sunims\/\" \/>\n<meta property=\"og:locale\" content=\"lt_LT\" \/>\n<meta property=\"og:type\" content=\"article\" \/>\n<meta property=\"og:title\" content=\"Monge Spec. Line Monoprotein All Breeds Adult Lamb sausas maistas \u0161unims\" \/>\n<meta property=\"og:description\" content=\"Auk\u0161tos kokyb\u0117s vieno baltymo pa\u0161aras su \u0117riena, ry\u017eiais ir bulv\u0117mis. Sukurtas vis\u0173 veisli\u0173 suaugusiems \u0161unims, jis u\u017etikrina sveik\u0105 ir subalansuot\u0105 mityb\u0105.\" \/>\n<meta property=\"og:url\" content=\"https:\/\/anivet.lt\/elparduotuve\/produktas\/monge-spec-line-monoprotein-all-breeds-adult-lamb-sausas-maistas-sunims\/\" \/>\n<meta property=\"og:site_name\" content=\"anivet.lt\" \/>\n<meta property=\"article:modified_time\" content=\"2026-05-06T10:47:34+00:00\" \/>\n<meta property=\"og:image\" content=\"https:\/\/anivet.lt\/elparduotuve\/wp-content\/uploads\/2023\/10\/monge-all-breeds-adult-lamb-sausas-maistas-sunims.jpg\" \/>\n\t<meta property=\"og:image:width\" content=\"800\" \/>\n\t<meta property=\"og:image:height\" content=\"800\" \/>\n\t<meta property=\"og:image:type\" content=\"image\/jpeg\" \/>\n<meta name=\"twitter:card\" content=\"summary_large_image\" \/>\n<meta name=\"twitter:label1\" content=\"Est. reading time\" \/>\n\t<meta name=\"twitter:data1\" content=\"1 minut\u0117\" \/>\n<script type=\"application\/ld+json\" class=\"yoast-schema-graph\">{\"@context\":\"https:\\\/\\\/schema.org\",\"@graph\":[{\"@type\":\"WebPage\",\"@id\":\"https:\\\/\\\/anivet.lt\\\/elparduotuve\\\/produktas\\\/monge-spec-line-monoprotein-all-breeds-adult-lamb-sausas-maistas-sunims\\\/\",\"url\":\"https:\\\/\\\/anivet.lt\\\/elparduotuve\\\/produktas\\\/monge-spec-line-monoprotein-all-breeds-adult-lamb-sausas-maistas-sunims\\\/\",\"name\":\"Monge Spec. Line Monoprotein All Breeds Adult Lamb sausas maistas \u0161unims - anivet.lt\",\"isPartOf\":{\"@id\":\"https:\\\/\\\/anivet.lt\\\/elparduotuve\\\/#website\"},\"primaryImageOfPage\":{\"@id\":\"https:\\\/\\\/anivet.lt\\\/elparduotuve\\\/produktas\\\/monge-spec-line-monoprotein-all-breeds-adult-lamb-sausas-maistas-sunims\\\/#primaryimage\"},\"image\":{\"@id\":\"https:\\\/\\\/anivet.lt\\\/elparduotuve\\\/produktas\\\/monge-spec-line-monoprotein-all-breeds-adult-lamb-sausas-maistas-sunims\\\/#primaryimage\"},\"thumbnailUrl\":\"https:\\\/\\\/anivet.lt\\\/elparduotuve\\\/wp-content\\\/uploads\\\/2023\\\/10\\\/monge-all-breeds-adult-lamb-sausas-maistas-sunims.jpg\",\"datePublished\":\"2023-10-05T14:49:08+00:00\",\"dateModified\":\"2026-05-06T10:47:34+00:00\",\"description\":\"Auk\u0161tos kokyb\u0117s vieno baltymo pa\u0161aras su \u0117riena, ry\u017eiais ir bulv\u0117mis. Sukurtas vis\u0173 veisli\u0173 suaugusiems \u0161unims, jis u\u017etikrina sveik\u0105 ir subalansuot\u0105 mityb\u0105.\",\"breadcrumb\":{\"@id\":\"https:\\\/\\\/anivet.lt\\\/elparduotuve\\\/produktas\\\/monge-spec-line-monoprotein-all-breeds-adult-lamb-sausas-maistas-sunims\\\/#breadcrumb\"},\"inLanguage\":\"lt-LT\",\"potentialAction\":[{\"@type\":\"ReadAction\",\"target\":[\"https:\\\/\\\/anivet.lt\\\/elparduotuve\\\/produktas\\\/monge-spec-line-monoprotein-all-breeds-adult-lamb-sausas-maistas-sunims\\\/\"]}]},{\"@type\":\"ImageObject\",\"inLanguage\":\"lt-LT\",\"@id\":\"https:\\\/\\\/anivet.lt\\\/elparduotuve\\\/produktas\\\/monge-spec-line-monoprotein-all-breeds-adult-lamb-sausas-maistas-sunims\\\/#primaryimage\",\"url\":\"https:\\\/\\\/anivet.lt\\\/elparduotuve\\\/wp-content\\\/uploads\\\/2023\\\/10\\\/monge-all-breeds-adult-lamb-sausas-maistas-sunims.jpg\",\"contentUrl\":\"https:\\\/\\\/anivet.lt\\\/elparduotuve\\\/wp-content\\\/uploads\\\/2023\\\/10\\\/monge-all-breeds-adult-lamb-sausas-maistas-sunims.jpg\",\"width\":800,\"height\":800,\"caption\":\"Monge Spec. Line Monoprotein All Breeds Adult Lamb sausas maistas \u0161unims\"},{\"@type\":\"BreadcrumbList\",\"@id\":\"https:\\\/\\\/anivet.lt\\\/elparduotuve\\\/produktas\\\/monge-spec-line-monoprotein-all-breeds-adult-lamb-sausas-maistas-sunims\\\/#breadcrumb\",\"itemListElement\":[{\"@type\":\"ListItem\",\"position\":1,\"name\":\"Home\",\"item\":\"https:\\\/\\\/anivet.lt\\\/elparduotuve\\\/\"},{\"@type\":\"ListItem\",\"position\":2,\"name\":\"Produktai\",\"item\":\"https:\\\/\\\/anivet.lt\\\/elparduotuve\\\/produktai\\\/\"},{\"@type\":\"ListItem\",\"position\":3,\"name\":\"Monge Spec. Line Monoprotein All Breeds Adult Lamb sausas maistas \u0161unims\"}]},{\"@type\":\"WebSite\",\"@id\":\"https:\\\/\\\/anivet.lt\\\/elparduotuve\\\/#website\",\"url\":\"https:\\\/\\\/anivet.lt\\\/elparduotuve\\\/\",\"name\":\"anivet.lt\",\"description\":\"Viskas J\u016bs\u0173 \u0161uns, kat\u0117s prie\u017ei\u016brai\",\"publisher\":{\"@id\":\"https:\\\/\\\/anivet.lt\\\/elparduotuve\\\/#organization\"},\"alternateName\":\"Viskas J\u016bs\u0173 \u0161uns, kat\u0117s prie\u017ei\u016brai\",\"potentialAction\":[{\"@type\":\"SearchAction\",\"target\":{\"@type\":\"EntryPoint\",\"urlTemplate\":\"https:\\\/\\\/anivet.lt\\\/elparduotuve\\\/?s={search_term_string}\"},\"query-input\":{\"@type\":\"PropertyValueSpecification\",\"valueRequired\":true,\"valueName\":\"search_term_string\"}}],\"inLanguage\":\"lt-LT\"},{\"@type\":\"Organization\",\"@id\":\"https:\\\/\\\/anivet.lt\\\/elparduotuve\\\/#organization\",\"name\":\"Viskas J\u016bs\u0173 \u0161uns, kat\u0117s prie\u017ei\u016brai\",\"url\":\"https:\\\/\\\/anivet.lt\\\/elparduotuve\\\/\",\"logo\":{\"@type\":\"ImageObject\",\"inLanguage\":\"lt-LT\",\"@id\":\"https:\\\/\\\/anivet.lt\\\/elparduotuve\\\/#\\\/schema\\\/logo\\\/image\\\/\",\"url\":\"https:\\\/\\\/anivet.lt\\\/elparduotuve\\\/wp-content\\\/uploads\\\/2023\\\/06\\\/logo2.jpg\",\"contentUrl\":\"https:\\\/\\\/anivet.lt\\\/elparduotuve\\\/wp-content\\\/uploads\\\/2023\\\/06\\\/logo2.jpg\",\"width\":655,\"height\":194,\"caption\":\"Viskas J\u016bs\u0173 \u0161uns, kat\u0117s prie\u017ei\u016brai\"},\"image\":{\"@id\":\"https:\\\/\\\/anivet.lt\\\/elparduotuve\\\/#\\\/schema\\\/logo\\\/image\\\/\"}}]}<\/script>\n<!-- \/ Yoast SEO Premium plugin. -->","yoast_head_json":{"title":"Monge Spec. Line Monoprotein All Breeds Adult Lamb sausas maistas \u0161unims - anivet.lt","description":"Auk\u0161tos kokyb\u0117s vieno baltymo pa\u0161aras su \u0117riena, ry\u017eiais ir bulv\u0117mis. Sukurtas vis\u0173 veisli\u0173 suaugusiems \u0161unims, jis u\u017etikrina sveik\u0105 ir subalansuot\u0105 mityb\u0105.","robots":{"index":"index","follow":"follow","max-snippet":"max-snippet:-1","max-image-preview":"max-image-preview:large","max-video-preview":"max-video-preview:-1"},"canonical":"https:\/\/anivet.lt\/elparduotuve\/produktas\/monge-spec-line-monoprotein-all-breeds-adult-lamb-sausas-maistas-sunims\/","og_locale":"lt_LT","og_type":"article","og_title":"Monge Spec. Line Monoprotein All Breeds Adult Lamb sausas maistas \u0161unims","og_description":"Auk\u0161tos kokyb\u0117s vieno baltymo pa\u0161aras su \u0117riena, ry\u017eiais ir bulv\u0117mis. Sukurtas vis\u0173 veisli\u0173 suaugusiems \u0161unims, jis u\u017etikrina sveik\u0105 ir subalansuot\u0105 mityb\u0105.","og_url":"https:\/\/anivet.lt\/elparduotuve\/produktas\/monge-spec-line-monoprotein-all-breeds-adult-lamb-sausas-maistas-sunims\/","og_site_name":"anivet.lt","article_modified_time":"2026-05-06T10:47:34+00:00","og_image":[{"width":800,"height":800,"url":"https:\/\/anivet.lt\/elparduotuve\/wp-content\/uploads\/2023\/10\/monge-all-breeds-adult-lamb-sausas-maistas-sunims.jpg","type":"image\/jpeg"}],"twitter_card":"summary_large_image","twitter_misc":{"Est. reading time":"1 minut\u0117"},"schema":{"@context":"https:\/\/schema.org","@graph":[{"@type":"WebPage","@id":"https:\/\/anivet.lt\/elparduotuve\/produktas\/monge-spec-line-monoprotein-all-breeds-adult-lamb-sausas-maistas-sunims\/","url":"https:\/\/anivet.lt\/elparduotuve\/produktas\/monge-spec-line-monoprotein-all-breeds-adult-lamb-sausas-maistas-sunims\/","name":"Monge Spec. Line Monoprotein All Breeds Adult Lamb sausas maistas \u0161unims - anivet.lt","isPartOf":{"@id":"https:\/\/anivet.lt\/elparduotuve\/#website"},"primaryImageOfPage":{"@id":"https:\/\/anivet.lt\/elparduotuve\/produktas\/monge-spec-line-monoprotein-all-breeds-adult-lamb-sausas-maistas-sunims\/#primaryimage"},"image":{"@id":"https:\/\/anivet.lt\/elparduotuve\/produktas\/monge-spec-line-monoprotein-all-breeds-adult-lamb-sausas-maistas-sunims\/#primaryimage"},"thumbnailUrl":"https:\/\/anivet.lt\/elparduotuve\/wp-content\/uploads\/2023\/10\/monge-all-breeds-adult-lamb-sausas-maistas-sunims.jpg","datePublished":"2023-10-05T14:49:08+00:00","dateModified":"2026-05-06T10:47:34+00:00","description":"Auk\u0161tos kokyb\u0117s vieno baltymo pa\u0161aras su \u0117riena, ry\u017eiais ir bulv\u0117mis. Sukurtas vis\u0173 veisli\u0173 suaugusiems \u0161unims, jis u\u017etikrina sveik\u0105 ir subalansuot\u0105 mityb\u0105.","breadcrumb":{"@id":"https:\/\/anivet.lt\/elparduotuve\/produktas\/monge-spec-line-monoprotein-all-breeds-adult-lamb-sausas-maistas-sunims\/#breadcrumb"},"inLanguage":"lt-LT","potentialAction":[{"@type":"ReadAction","target":["https:\/\/anivet.lt\/elparduotuve\/produktas\/monge-spec-line-monoprotein-all-breeds-adult-lamb-sausas-maistas-sunims\/"]}]},{"@type":"ImageObject","inLanguage":"lt-LT","@id":"https:\/\/anivet.lt\/elparduotuve\/produktas\/monge-spec-line-monoprotein-all-breeds-adult-lamb-sausas-maistas-sunims\/#primaryimage","url":"https:\/\/anivet.lt\/elparduotuve\/wp-content\/uploads\/2023\/10\/monge-all-breeds-adult-lamb-sausas-maistas-sunims.jpg","contentUrl":"https:\/\/anivet.lt\/elparduotuve\/wp-content\/uploads\/2023\/10\/monge-all-breeds-adult-lamb-sausas-maistas-sunims.jpg","width":800,"height":800,"caption":"Monge Spec. Line Monoprotein All Breeds Adult Lamb sausas maistas \u0161unims"},{"@type":"BreadcrumbList","@id":"https:\/\/anivet.lt\/elparduotuve\/produktas\/monge-spec-line-monoprotein-all-breeds-adult-lamb-sausas-maistas-sunims\/#breadcrumb","itemListElement":[{"@type":"ListItem","position":1,"name":"Home","item":"https:\/\/anivet.lt\/elparduotuve\/"},{"@type":"ListItem","position":2,"name":"Produktai","item":"https:\/\/anivet.lt\/elparduotuve\/produktai\/"},{"@type":"ListItem","position":3,"name":"Monge Spec. Line Monoprotein All Breeds Adult Lamb sausas maistas \u0161unims"}]},{"@type":"WebSite","@id":"https:\/\/anivet.lt\/elparduotuve\/#website","url":"https:\/\/anivet.lt\/elparduotuve\/","name":"anivet.lt","description":"Viskas J\u016bs\u0173 \u0161uns, kat\u0117s prie\u017ei\u016brai","publisher":{"@id":"https:\/\/anivet.lt\/elparduotuve\/#organization"},"alternateName":"Viskas J\u016bs\u0173 \u0161uns, kat\u0117s prie\u017ei\u016brai","potentialAction":[{"@type":"SearchAction","target":{"@type":"EntryPoint","urlTemplate":"https:\/\/anivet.lt\/elparduotuve\/?s={search_term_string}"},"query-input":{"@type":"PropertyValueSpecification","valueRequired":true,"valueName":"search_term_string"}}],"inLanguage":"lt-LT"},{"@type":"Organization","@id":"https:\/\/anivet.lt\/elparduotuve\/#organization","name":"Viskas J\u016bs\u0173 \u0161uns, kat\u0117s prie\u017ei\u016brai","url":"https:\/\/anivet.lt\/elparduotuve\/","logo":{"@type":"ImageObject","inLanguage":"lt-LT","@id":"https:\/\/anivet.lt\/elparduotuve\/#\/schema\/logo\/image\/","url":"https:\/\/anivet.lt\/elparduotuve\/wp-content\/uploads\/2023\/06\/logo2.jpg","contentUrl":"https:\/\/anivet.lt\/elparduotuve\/wp-content\/uploads\/2023\/06\/logo2.jpg","width":655,"height":194,"caption":"Viskas J\u016bs\u0173 \u0161uns, kat\u0117s prie\u017ei\u016brai"},"image":{"@id":"https:\/\/anivet.lt\/elparduotuve\/#\/schema\/logo\/image\/"}}]}},"_links":{"self":[{"href":"https:\/\/anivet.lt\/elparduotuve\/wp-json\/wp\/v2\/product\/12061","targetHints":{"allow":["GET"]}}],"collection":[{"href":"https:\/\/anivet.lt\/elparduotuve\/wp-json\/wp\/v2\/product"}],"about":[{"href":"https:\/\/anivet.lt\/elparduotuve\/wp-json\/wp\/v2\/types\/product"}],"wp:featuredmedia":[{"embeddable":true,"href":"https:\/\/anivet.lt\/elparduotuve\/wp-json\/wp\/v2\/media\/12063"}],"wp:attachment":[{"href":"https:\/\/anivet.lt\/elparduotuve\/wp-json\/wp\/v2\/media?parent=12061"}],"wp:term":[{"taxonomy":"product_brand","embeddable":true,"href":"https:\/\/anivet.lt\/elparduotuve\/wp-json\/wp\/v2\/product_brand?post=12061"},{"taxonomy":"product_cat","embeddable":true,"href":"https:\/\/anivet.lt\/elparduotuve\/wp-json\/wp\/v2\/product_cat?post=12061"},{"taxonomy":"product_tag","embeddable":true,"href":"https:\/\/anivet.lt\/elparduotuve\/wp-json\/wp\/v2\/product_tag?post=12061"}],"curies":[{"name":"wp","href":"https:\/\/api.w.org\/{rel}","templated":true}]}}