{"id":12068,"date":"2023-10-05T16:30:16","date_gmt":"2023-10-05T16:30:16","guid":{"rendered":"https:\/\/anivet.lt\/elparduotuve\/?post_type=product&#038;p=12068"},"modified":"2026-04-09T08:21:22","modified_gmt":"2026-04-09T08:21:22","slug":"monge-bwild-adult-begrudziai-konservai-su-eriena-moliugais-ir-cukunijomis-sunims-400g","status":"publish","type":"product","link":"https:\/\/anivet.lt\/elparduotuve\/produktas\/monge-bwild-adult-begrudziai-konservai-su-eriena-moliugais-ir-cukunijomis-sunims-400g\/","title":{"rendered":"Monge BWild Adult begr\u016bd\u017eiai konservai su \u0117riena, moli\u016bgais ir cukunijomis \u0161unims 400g"},"content":{"rendered":"<ul>\n<li style=\"font-weight: 400;\" aria-level=\"1\">\n<ul>\n<li style=\"font-weight: 400;\" aria-level=\"1\"><span style=\"font-weight: 400;\">Auk\u0161tos kokyb\u0117s baltymai: Didel\u0117 dalis sud\u0117ties \u2013 vi\u0161tiena ir triu\u0161iena, kurios apr\u016bpina organizm\u0105 esmin\u0117mis maistin\u0117mis med\u017eiagomis.<\/span><\/li>\n<li style=\"font-weight: 400;\" aria-level=\"1\"><span style=\"font-weight: 400;\">Prid\u0117ti bananai: Papildo pa\u0161ar\u0105 nat\u016braliais antioksidantais, skaidulomis ir vitaminais, prisidedan\u010diais prie energijos palaikymo.<\/span><\/li>\n<li style=\"font-weight: 400;\" aria-level=\"1\"><span style=\"font-weight: 400;\">Sveiki s\u0105nariai: Gliukozaminas ir chondroitino sulfatas padeda stiprinti s\u0105narius ir l\u0117tina j\u0173 nusid\u0117v\u0117jim\u0105.<\/span><\/li>\n<li style=\"font-weight: 400;\" aria-level=\"1\"><span style=\"font-weight: 400;\">Tinkama konsistencija: Sud\u0117tyje esanti \u017eelatina pagerina tekst\u016br\u0105 ir vir\u0161kinamum\u0105.<\/span><\/li>\n<li style=\"font-weight: 400;\" aria-level=\"1\"><span style=\"font-weight: 400;\">Nat\u016bral\u016bs mineralai ir vitaminai: Sud\u0117tyje esantys vitaminai A, D ir E padeda palaikyti \u0161uns odos ir kailio sveikat\u0105 bei imunin\u0119 sistem\u0105.<\/span><\/li>\n<\/ul>\n<p><span style=\"font-weight: 400;\">\u201eAlpha Spirit\u201d konservai su vi\u0161tiena, triu\u0161iena ir bananais yra puikus pasirinkimas \u0161unims, kuriems reikia subalansuotos, skanios ir maistingos mitybos. Nat\u016bral\u016bs ingredientai ir sveikatai svarb\u016bs papildai padeda i\u0161laikyti aktyvum\u0105, s\u0105nari\u0173 sveikat\u0105 ir bendr\u0105 gyv\u016bno gerov\u0119.<\/span><\/li>\n<\/ul>\n","protected":false},"excerpt":{"rendered":"<p><span style=\"font-weight: 400;\">\u0160is visavertis pa\u0161aras skirtas suaugusiems vis\u0173 veisli\u0173 \u0161unims. Pagamintas i\u0161 nat\u016brali\u0173 ingredient\u0173, kuri\u0173 pagrind\u0105 sudaro auk\u0161tos kokyb\u0117s vi\u0161tiena ir triu\u0161iena (93 %), praturtinta bananais ir sveikatai svarbiais priedais, \u0161is pa\u0161aras ne tik patenkins \u0161uns skonio poreikius, bet ir u\u017etikrins ger\u0105 savijaut\u0105.<\/span><\/p>\n","protected":false},"featured_media":12069,"template":"","meta":[],"product_brand":[],"product_cat":[101,103,105,318],"product_tag":[],"class_list":{"0":"post-12068","1":"product","2":"type-product","3":"status-publish","4":"has-post-thumbnail","6":"product_cat-sunims","7":"product_cat-sunu-maistas","8":"product_cat-konservai","9":"product_cat-monge-sunu-maistas","10":"pa_prekinis-zenklas-monge","12":"first","13":"instock","14":"taxable","15":"shipping-taxable","16":"purchasable","17":"product-type-variable"},"yoast_head":"<!-- This site is optimized with the Yoast SEO Premium plugin v27.1 (Yoast SEO v27.5) - https:\/\/yoast.com\/product\/yoast-seo-premium-wordpress\/ -->\n<title>Monge BWild Adult begr\u016bd\u017eiai konservai su \u0117riena, moli\u016bgais ir cukunijomis \u0161unims 400g - anivet.lt<\/title>\n<meta name=\"description\" content=\"\u0160is visavertis pa\u0161aras skirtas suaugusiems vis\u0173 veisli\u0173 \u0161unims. Pagamintas i\u0161 nat\u016brali\u0173 ingredient\u0173, kuri\u0173 pagrind\u0105 sudaro auk\u0161tos kokyb\u0117s vi\u0161tiena ir triu\u0161iena (93 %), praturtinta bananais ir sveikatai svarbiais priedais, \u0161is pa\u0161aras ne tik patenkins \u0161uns skonio poreikius, bet ir u\u017etikrins ger\u0105 savijaut\u0105.\" \/>\n<meta name=\"robots\" content=\"index, follow, max-snippet:-1, max-image-preview:large, max-video-preview:-1\" \/>\n<link rel=\"canonical\" href=\"https:\/\/anivet.lt\/elparduotuve\/produktas\/monge-bwild-adult-begrudziai-konservai-su-eriena-moliugais-ir-cukunijomis-sunims-400g\/\" \/>\n<meta property=\"og:locale\" content=\"lt_LT\" \/>\n<meta property=\"og:type\" content=\"article\" \/>\n<meta property=\"og:title\" content=\"Monge BWild Adult begr\u016bd\u017eiai konservai su \u0117riena, moli\u016bgais ir cukunijomis \u0161unims 400g\" \/>\n<meta property=\"og:description\" content=\"\u0160is visavertis pa\u0161aras skirtas suaugusiems vis\u0173 veisli\u0173 \u0161unims. Pagamintas i\u0161 nat\u016brali\u0173 ingredient\u0173, kuri\u0173 pagrind\u0105 sudaro auk\u0161tos kokyb\u0117s vi\u0161tiena ir triu\u0161iena (93 %), praturtinta bananais ir sveikatai svarbiais priedais, \u0161is pa\u0161aras ne tik patenkins \u0161uns skonio poreikius, bet ir u\u017etikrins ger\u0105 savijaut\u0105.\" \/>\n<meta property=\"og:url\" content=\"https:\/\/anivet.lt\/elparduotuve\/produktas\/monge-bwild-adult-begrudziai-konservai-su-eriena-moliugais-ir-cukunijomis-sunims-400g\/\" \/>\n<meta property=\"og:site_name\" content=\"anivet.lt\" \/>\n<meta property=\"article:modified_time\" content=\"2026-04-09T08:21:22+00:00\" \/>\n<meta property=\"og:image\" content=\"https:\/\/anivet.lt\/elparduotuve\/wp-content\/uploads\/2023\/10\/monge-bwild-adult-konservuotas-pasaras-su-eriena-moliugais-ir-cukinijomis-400g.jpg\" \/>\n\t<meta property=\"og:image:width\" content=\"800\" \/>\n\t<meta property=\"og:image:height\" content=\"800\" \/>\n\t<meta property=\"og:image:type\" content=\"image\/jpeg\" \/>\n<meta name=\"twitter:card\" content=\"summary_large_image\" \/>\n<meta name=\"twitter:label1\" content=\"Est. reading time\" \/>\n\t<meta name=\"twitter:data1\" content=\"1 minut\u0117\" \/>\n<script type=\"application\/ld+json\" class=\"yoast-schema-graph\">{\"@context\":\"https:\\\/\\\/schema.org\",\"@graph\":[{\"@type\":\"WebPage\",\"@id\":\"https:\\\/\\\/anivet.lt\\\/elparduotuve\\\/produktas\\\/monge-bwild-adult-begrudziai-konservai-su-eriena-moliugais-ir-cukunijomis-sunims-400g\\\/\",\"url\":\"https:\\\/\\\/anivet.lt\\\/elparduotuve\\\/produktas\\\/monge-bwild-adult-begrudziai-konservai-su-eriena-moliugais-ir-cukunijomis-sunims-400g\\\/\",\"name\":\"Monge BWild Adult begr\u016bd\u017eiai konservai su \u0117riena, moli\u016bgais ir cukunijomis \u0161unims 400g - anivet.lt\",\"isPartOf\":{\"@id\":\"https:\\\/\\\/anivet.lt\\\/elparduotuve\\\/#website\"},\"primaryImageOfPage\":{\"@id\":\"https:\\\/\\\/anivet.lt\\\/elparduotuve\\\/produktas\\\/monge-bwild-adult-begrudziai-konservai-su-eriena-moliugais-ir-cukunijomis-sunims-400g\\\/#primaryimage\"},\"image\":{\"@id\":\"https:\\\/\\\/anivet.lt\\\/elparduotuve\\\/produktas\\\/monge-bwild-adult-begrudziai-konservai-su-eriena-moliugais-ir-cukunijomis-sunims-400g\\\/#primaryimage\"},\"thumbnailUrl\":\"https:\\\/\\\/anivet.lt\\\/elparduotuve\\\/wp-content\\\/uploads\\\/2023\\\/10\\\/monge-bwild-adult-konservuotas-pasaras-su-eriena-moliugais-ir-cukinijomis-400g.jpg\",\"datePublished\":\"2023-10-05T16:30:16+00:00\",\"dateModified\":\"2026-04-09T08:21:22+00:00\",\"description\":\"\u0160is visavertis pa\u0161aras skirtas suaugusiems vis\u0173 veisli\u0173 \u0161unims. Pagamintas i\u0161 nat\u016brali\u0173 ingredient\u0173, kuri\u0173 pagrind\u0105 sudaro auk\u0161tos kokyb\u0117s vi\u0161tiena ir triu\u0161iena (93 %), praturtinta bananais ir sveikatai svarbiais priedais, \u0161is pa\u0161aras ne tik patenkins \u0161uns skonio poreikius, bet ir u\u017etikrins ger\u0105 savijaut\u0105.\",\"breadcrumb\":{\"@id\":\"https:\\\/\\\/anivet.lt\\\/elparduotuve\\\/produktas\\\/monge-bwild-adult-begrudziai-konservai-su-eriena-moliugais-ir-cukunijomis-sunims-400g\\\/#breadcrumb\"},\"inLanguage\":\"lt-LT\",\"potentialAction\":[{\"@type\":\"ReadAction\",\"target\":[\"https:\\\/\\\/anivet.lt\\\/elparduotuve\\\/produktas\\\/monge-bwild-adult-begrudziai-konservai-su-eriena-moliugais-ir-cukunijomis-sunims-400g\\\/\"]}]},{\"@type\":\"ImageObject\",\"inLanguage\":\"lt-LT\",\"@id\":\"https:\\\/\\\/anivet.lt\\\/elparduotuve\\\/produktas\\\/monge-bwild-adult-begrudziai-konservai-su-eriena-moliugais-ir-cukunijomis-sunims-400g\\\/#primaryimage\",\"url\":\"https:\\\/\\\/anivet.lt\\\/elparduotuve\\\/wp-content\\\/uploads\\\/2023\\\/10\\\/monge-bwild-adult-konservuotas-pasaras-su-eriena-moliugais-ir-cukinijomis-400g.jpg\",\"contentUrl\":\"https:\\\/\\\/anivet.lt\\\/elparduotuve\\\/wp-content\\\/uploads\\\/2023\\\/10\\\/monge-bwild-adult-konservuotas-pasaras-su-eriena-moliugais-ir-cukinijomis-400g.jpg\",\"width\":800,\"height\":800,\"caption\":\"Monge BWild Adult begr\u016bd\u017eiai konservai su \u0117riena, moli\u016bgais ir cukunijomis \u0161unims 400g\"},{\"@type\":\"BreadcrumbList\",\"@id\":\"https:\\\/\\\/anivet.lt\\\/elparduotuve\\\/produktas\\\/monge-bwild-adult-begrudziai-konservai-su-eriena-moliugais-ir-cukunijomis-sunims-400g\\\/#breadcrumb\",\"itemListElement\":[{\"@type\":\"ListItem\",\"position\":1,\"name\":\"Home\",\"item\":\"https:\\\/\\\/anivet.lt\\\/elparduotuve\\\/\"},{\"@type\":\"ListItem\",\"position\":2,\"name\":\"Produktai\",\"item\":\"https:\\\/\\\/anivet.lt\\\/elparduotuve\\\/produktai\\\/\"},{\"@type\":\"ListItem\",\"position\":3,\"name\":\"Monge BWild Adult begr\u016bd\u017eiai konservai su \u0117riena, moli\u016bgais ir cukunijomis \u0161unims 400g\"}]},{\"@type\":\"WebSite\",\"@id\":\"https:\\\/\\\/anivet.lt\\\/elparduotuve\\\/#website\",\"url\":\"https:\\\/\\\/anivet.lt\\\/elparduotuve\\\/\",\"name\":\"anivet.lt\",\"description\":\"Viskas J\u016bs\u0173 \u0161uns, kat\u0117s prie\u017ei\u016brai\",\"publisher\":{\"@id\":\"https:\\\/\\\/anivet.lt\\\/elparduotuve\\\/#organization\"},\"alternateName\":\"Viskas J\u016bs\u0173 \u0161uns, kat\u0117s prie\u017ei\u016brai\",\"potentialAction\":[{\"@type\":\"SearchAction\",\"target\":{\"@type\":\"EntryPoint\",\"urlTemplate\":\"https:\\\/\\\/anivet.lt\\\/elparduotuve\\\/?s={search_term_string}\"},\"query-input\":{\"@type\":\"PropertyValueSpecification\",\"valueRequired\":true,\"valueName\":\"search_term_string\"}}],\"inLanguage\":\"lt-LT\"},{\"@type\":\"Organization\",\"@id\":\"https:\\\/\\\/anivet.lt\\\/elparduotuve\\\/#organization\",\"name\":\"Viskas J\u016bs\u0173 \u0161uns, kat\u0117s prie\u017ei\u016brai\",\"url\":\"https:\\\/\\\/anivet.lt\\\/elparduotuve\\\/\",\"logo\":{\"@type\":\"ImageObject\",\"inLanguage\":\"lt-LT\",\"@id\":\"https:\\\/\\\/anivet.lt\\\/elparduotuve\\\/#\\\/schema\\\/logo\\\/image\\\/\",\"url\":\"https:\\\/\\\/anivet.lt\\\/elparduotuve\\\/wp-content\\\/uploads\\\/2023\\\/06\\\/logo2.jpg\",\"contentUrl\":\"https:\\\/\\\/anivet.lt\\\/elparduotuve\\\/wp-content\\\/uploads\\\/2023\\\/06\\\/logo2.jpg\",\"width\":655,\"height\":194,\"caption\":\"Viskas J\u016bs\u0173 \u0161uns, kat\u0117s prie\u017ei\u016brai\"},\"image\":{\"@id\":\"https:\\\/\\\/anivet.lt\\\/elparduotuve\\\/#\\\/schema\\\/logo\\\/image\\\/\"}}]}<\/script>\n<!-- \/ Yoast SEO Premium plugin. -->","yoast_head_json":{"title":"Monge BWild Adult begr\u016bd\u017eiai konservai su \u0117riena, moli\u016bgais ir cukunijomis \u0161unims 400g - anivet.lt","description":"\u0160is visavertis pa\u0161aras skirtas suaugusiems vis\u0173 veisli\u0173 \u0161unims. Pagamintas i\u0161 nat\u016brali\u0173 ingredient\u0173, kuri\u0173 pagrind\u0105 sudaro auk\u0161tos kokyb\u0117s vi\u0161tiena ir triu\u0161iena (93 %), praturtinta bananais ir sveikatai svarbiais priedais, \u0161is pa\u0161aras ne tik patenkins \u0161uns skonio poreikius, bet ir u\u017etikrins ger\u0105 savijaut\u0105.","robots":{"index":"index","follow":"follow","max-snippet":"max-snippet:-1","max-image-preview":"max-image-preview:large","max-video-preview":"max-video-preview:-1"},"canonical":"https:\/\/anivet.lt\/elparduotuve\/produktas\/monge-bwild-adult-begrudziai-konservai-su-eriena-moliugais-ir-cukunijomis-sunims-400g\/","og_locale":"lt_LT","og_type":"article","og_title":"Monge BWild Adult begr\u016bd\u017eiai konservai su \u0117riena, moli\u016bgais ir cukunijomis \u0161unims 400g","og_description":"\u0160is visavertis pa\u0161aras skirtas suaugusiems vis\u0173 veisli\u0173 \u0161unims. Pagamintas i\u0161 nat\u016brali\u0173 ingredient\u0173, kuri\u0173 pagrind\u0105 sudaro auk\u0161tos kokyb\u0117s vi\u0161tiena ir triu\u0161iena (93 %), praturtinta bananais ir sveikatai svarbiais priedais, \u0161is pa\u0161aras ne tik patenkins \u0161uns skonio poreikius, bet ir u\u017etikrins ger\u0105 savijaut\u0105.","og_url":"https:\/\/anivet.lt\/elparduotuve\/produktas\/monge-bwild-adult-begrudziai-konservai-su-eriena-moliugais-ir-cukunijomis-sunims-400g\/","og_site_name":"anivet.lt","article_modified_time":"2026-04-09T08:21:22+00:00","og_image":[{"width":800,"height":800,"url":"https:\/\/anivet.lt\/elparduotuve\/wp-content\/uploads\/2023\/10\/monge-bwild-adult-konservuotas-pasaras-su-eriena-moliugais-ir-cukinijomis-400g.jpg","type":"image\/jpeg"}],"twitter_card":"summary_large_image","twitter_misc":{"Est. reading time":"1 minut\u0117"},"schema":{"@context":"https:\/\/schema.org","@graph":[{"@type":"WebPage","@id":"https:\/\/anivet.lt\/elparduotuve\/produktas\/monge-bwild-adult-begrudziai-konservai-su-eriena-moliugais-ir-cukunijomis-sunims-400g\/","url":"https:\/\/anivet.lt\/elparduotuve\/produktas\/monge-bwild-adult-begrudziai-konservai-su-eriena-moliugais-ir-cukunijomis-sunims-400g\/","name":"Monge BWild Adult begr\u016bd\u017eiai konservai su \u0117riena, moli\u016bgais ir cukunijomis \u0161unims 400g - anivet.lt","isPartOf":{"@id":"https:\/\/anivet.lt\/elparduotuve\/#website"},"primaryImageOfPage":{"@id":"https:\/\/anivet.lt\/elparduotuve\/produktas\/monge-bwild-adult-begrudziai-konservai-su-eriena-moliugais-ir-cukunijomis-sunims-400g\/#primaryimage"},"image":{"@id":"https:\/\/anivet.lt\/elparduotuve\/produktas\/monge-bwild-adult-begrudziai-konservai-su-eriena-moliugais-ir-cukunijomis-sunims-400g\/#primaryimage"},"thumbnailUrl":"https:\/\/anivet.lt\/elparduotuve\/wp-content\/uploads\/2023\/10\/monge-bwild-adult-konservuotas-pasaras-su-eriena-moliugais-ir-cukinijomis-400g.jpg","datePublished":"2023-10-05T16:30:16+00:00","dateModified":"2026-04-09T08:21:22+00:00","description":"\u0160is visavertis pa\u0161aras skirtas suaugusiems vis\u0173 veisli\u0173 \u0161unims. Pagamintas i\u0161 nat\u016brali\u0173 ingredient\u0173, kuri\u0173 pagrind\u0105 sudaro auk\u0161tos kokyb\u0117s vi\u0161tiena ir triu\u0161iena (93 %), praturtinta bananais ir sveikatai svarbiais priedais, \u0161is pa\u0161aras ne tik patenkins \u0161uns skonio poreikius, bet ir u\u017etikrins ger\u0105 savijaut\u0105.","breadcrumb":{"@id":"https:\/\/anivet.lt\/elparduotuve\/produktas\/monge-bwild-adult-begrudziai-konservai-su-eriena-moliugais-ir-cukunijomis-sunims-400g\/#breadcrumb"},"inLanguage":"lt-LT","potentialAction":[{"@type":"ReadAction","target":["https:\/\/anivet.lt\/elparduotuve\/produktas\/monge-bwild-adult-begrudziai-konservai-su-eriena-moliugais-ir-cukunijomis-sunims-400g\/"]}]},{"@type":"ImageObject","inLanguage":"lt-LT","@id":"https:\/\/anivet.lt\/elparduotuve\/produktas\/monge-bwild-adult-begrudziai-konservai-su-eriena-moliugais-ir-cukunijomis-sunims-400g\/#primaryimage","url":"https:\/\/anivet.lt\/elparduotuve\/wp-content\/uploads\/2023\/10\/monge-bwild-adult-konservuotas-pasaras-su-eriena-moliugais-ir-cukinijomis-400g.jpg","contentUrl":"https:\/\/anivet.lt\/elparduotuve\/wp-content\/uploads\/2023\/10\/monge-bwild-adult-konservuotas-pasaras-su-eriena-moliugais-ir-cukinijomis-400g.jpg","width":800,"height":800,"caption":"Monge BWild Adult begr\u016bd\u017eiai konservai su \u0117riena, moli\u016bgais ir cukunijomis \u0161unims 400g"},{"@type":"BreadcrumbList","@id":"https:\/\/anivet.lt\/elparduotuve\/produktas\/monge-bwild-adult-begrudziai-konservai-su-eriena-moliugais-ir-cukunijomis-sunims-400g\/#breadcrumb","itemListElement":[{"@type":"ListItem","position":1,"name":"Home","item":"https:\/\/anivet.lt\/elparduotuve\/"},{"@type":"ListItem","position":2,"name":"Produktai","item":"https:\/\/anivet.lt\/elparduotuve\/produktai\/"},{"@type":"ListItem","position":3,"name":"Monge BWild Adult begr\u016bd\u017eiai konservai su \u0117riena, moli\u016bgais ir cukunijomis \u0161unims 400g"}]},{"@type":"WebSite","@id":"https:\/\/anivet.lt\/elparduotuve\/#website","url":"https:\/\/anivet.lt\/elparduotuve\/","name":"anivet.lt","description":"Viskas J\u016bs\u0173 \u0161uns, kat\u0117s prie\u017ei\u016brai","publisher":{"@id":"https:\/\/anivet.lt\/elparduotuve\/#organization"},"alternateName":"Viskas J\u016bs\u0173 \u0161uns, kat\u0117s prie\u017ei\u016brai","potentialAction":[{"@type":"SearchAction","target":{"@type":"EntryPoint","urlTemplate":"https:\/\/anivet.lt\/elparduotuve\/?s={search_term_string}"},"query-input":{"@type":"PropertyValueSpecification","valueRequired":true,"valueName":"search_term_string"}}],"inLanguage":"lt-LT"},{"@type":"Organization","@id":"https:\/\/anivet.lt\/elparduotuve\/#organization","name":"Viskas J\u016bs\u0173 \u0161uns, kat\u0117s prie\u017ei\u016brai","url":"https:\/\/anivet.lt\/elparduotuve\/","logo":{"@type":"ImageObject","inLanguage":"lt-LT","@id":"https:\/\/anivet.lt\/elparduotuve\/#\/schema\/logo\/image\/","url":"https:\/\/anivet.lt\/elparduotuve\/wp-content\/uploads\/2023\/06\/logo2.jpg","contentUrl":"https:\/\/anivet.lt\/elparduotuve\/wp-content\/uploads\/2023\/06\/logo2.jpg","width":655,"height":194,"caption":"Viskas J\u016bs\u0173 \u0161uns, kat\u0117s prie\u017ei\u016brai"},"image":{"@id":"https:\/\/anivet.lt\/elparduotuve\/#\/schema\/logo\/image\/"}}]}},"_links":{"self":[{"href":"https:\/\/anivet.lt\/elparduotuve\/wp-json\/wp\/v2\/product\/12068","targetHints":{"allow":["GET"]}}],"collection":[{"href":"https:\/\/anivet.lt\/elparduotuve\/wp-json\/wp\/v2\/product"}],"about":[{"href":"https:\/\/anivet.lt\/elparduotuve\/wp-json\/wp\/v2\/types\/product"}],"wp:featuredmedia":[{"embeddable":true,"href":"https:\/\/anivet.lt\/elparduotuve\/wp-json\/wp\/v2\/media\/12069"}],"wp:attachment":[{"href":"https:\/\/anivet.lt\/elparduotuve\/wp-json\/wp\/v2\/media?parent=12068"}],"wp:term":[{"taxonomy":"product_brand","embeddable":true,"href":"https:\/\/anivet.lt\/elparduotuve\/wp-json\/wp\/v2\/product_brand?post=12068"},{"taxonomy":"product_cat","embeddable":true,"href":"https:\/\/anivet.lt\/elparduotuve\/wp-json\/wp\/v2\/product_cat?post=12068"},{"taxonomy":"product_tag","embeddable":true,"href":"https:\/\/anivet.lt\/elparduotuve\/wp-json\/wp\/v2\/product_tag?post=12068"}],"curies":[{"name":"wp","href":"https:\/\/api.w.org\/{rel}","templated":true}]}}