{"id":12076,"date":"2023-10-05T17:26:25","date_gmt":"2023-10-05T17:26:25","guid":{"rendered":"https:\/\/anivet.lt\/elparduotuve\/?post_type=product&#038;p=12076"},"modified":"2026-03-11T12:14:39","modified_gmt":"2026-03-11T12:14:39","slug":"monge-jelly-wet-kons-pasaras-suagusioms-katems-su-tunu-80g","status":"publish","type":"product","link":"https:\/\/anivet.lt\/elparduotuve\/produktas\/monge-jelly-wet-kons-pasaras-suagusioms-katems-su-tunu-80g\/","title":{"rendered":"Monge Jelly &#8211; konservuotas pa\u0161aras suagusioms kat\u0117ms su tunu 80g"},"content":{"rendered":"<ul>\n<li style=\"font-weight: 400;\" aria-level=\"1\"><span style=\"font-weight: 400;\">Auk\u0161tos kokyb\u0117s sud\u0117tis: Tunas (46,25%) ir surimis (6,25%) suteikia lengvai vir\u0161kinamus baltymus, kurie prisideda prie raumen\u0173 palaikymo.<\/span><\/li>\n<li style=\"font-weight: 400;\" aria-level=\"1\"><span style=\"font-weight: 400;\">Praturtintas Omega-3: Omega-3 riebal\u0173 r\u016bg\u0161tys padeda i\u0161laikyti sveik\u0105 od\u0105 ir blizgant\u012f kail\u012f.<\/span><\/li>\n<li style=\"font-weight: 400;\" aria-level=\"1\"><span style=\"font-weight: 400;\">Lengvai vir\u0161kinamas: Ry\u017eiai ir ma\u017eas riebal\u0173 kiekis (1%) u\u017etikrina tinkam\u0105 mityb\u0105 be perkrovos.<\/span><\/li>\n<li style=\"font-weight: 400;\" aria-level=\"1\"><span style=\"font-weight: 400;\">Nat\u016bralumas: Be da\u017eikli\u0173 ir konservant\u0173, \u0161is pa\u0161aras yra saugus ir nat\u016bralus pasirinkimas.<\/span><\/li>\n<li style=\"font-weight: 400;\" aria-level=\"1\"><span style=\"font-weight: 400;\">Gardus skonis: \u017del\u0117 tekst\u016bra ir auk\u0161tos kokyb\u0117s ingredientai u\u017etikrina, kad j\u016bs\u0173 kat\u0117 m\u0117gausis kiekvienu k\u0105sniu.<\/span><\/li>\n<\/ul>\n<p><span style=\"font-weight: 400;\">\u0160is papildomas pa\u0161aras yra puikus b\u016bdas palepinti savo kat\u0119, u\u017etikrinant, kad ji gauna sveik\u0173 ir skani\u0173 ingredient\u0173. Tai idealus pasirinkimas suaugusioms kat\u0117ms, siekiant papildyti kasdien\u0119 mityb\u0105 gard\u017eiais tuno gabal\u0117liais \u017eel\u0117.<\/span><\/p>\n","protected":false},"excerpt":{"rendered":"<p><span style=\"font-weight: 400;\">Konservuotas pa\u0161aras suaugusioms kat\u0117ms su tunu \u2013 tai gardus papildomas pa\u0161aras, pagamintas i\u0161 auk\u0161tos kokyb\u0117s Ramiojo vandenyno tun\u0173 m\u0117sos su surimiu \u017eel\u0117. \u0160is maistingas pa\u0161aras praturtintas naudingomis med\u017eiagomis, kad patenkint\u0173 j\u016bs\u0173 kat\u0117s poreikius.<\/span><\/p>\n","protected":false},"featured_media":12077,"template":"","meta":[],"product_brand":[],"product_cat":[114,102,116,343],"product_tag":[],"class_list":{"0":"post-12076","1":"product","2":"type-product","3":"status-publish","4":"has-post-thumbnail","6":"product_cat-kaciu-maistas","7":"product_cat-katems","8":"product_cat-konservai-katems","9":"product_cat-monge-kaciu-maistas","10":"pa_prekinis-zenklas-monge","12":"first","13":"instock","14":"taxable","15":"shipping-taxable","16":"purchasable","17":"product-type-simple"},"yoast_head":"<!-- This site is optimized with the Yoast SEO Premium plugin v27.1 (Yoast SEO v27.5) - https:\/\/yoast.com\/product\/yoast-seo-premium-wordpress\/ -->\n<title>Monge Jelly - konservuotas pa\u0161aras suagusioms kat\u0117ms su tunu 80g - anivet.lt<\/title>\n<meta name=\"description\" content=\"Konservuotas pa\u0161aras suaugusioms kat\u0117ms su tunu \u2013 tai gardus papildomas pa\u0161aras, pagamintas i\u0161 auk\u0161tos kokyb\u0117s Ramiojo vandenyno tun\u0173 m\u0117sos su surimiu \u017eel\u0117. \u0160is maistingas pa\u0161aras praturtintas naudingomis med\u017eiagomis, kad patenkint\u0173 j\u016bs\u0173 kat\u0117s poreikius.\" \/>\n<meta name=\"robots\" content=\"index, follow, max-snippet:-1, max-image-preview:large, max-video-preview:-1\" \/>\n<link rel=\"canonical\" href=\"https:\/\/anivet.lt\/elparduotuve\/produktas\/monge-jelly-wet-kons-pasaras-suagusioms-katems-su-tunu-80g\/\" \/>\n<meta property=\"og:locale\" content=\"lt_LT\" \/>\n<meta property=\"og:type\" content=\"article\" \/>\n<meta property=\"og:title\" content=\"Monge Jelly - konservuotas pa\u0161aras suagusioms kat\u0117ms su tunu 80g\" \/>\n<meta property=\"og:description\" content=\"Konservuotas pa\u0161aras suaugusioms kat\u0117ms su tunu \u2013 tai gardus papildomas pa\u0161aras, pagamintas i\u0161 auk\u0161tos kokyb\u0117s Ramiojo vandenyno tun\u0173 m\u0117sos su surimiu \u017eel\u0117. \u0160is maistingas pa\u0161aras praturtintas naudingomis med\u017eiagomis, kad patenkint\u0173 j\u016bs\u0173 kat\u0117s poreikius.\" \/>\n<meta property=\"og:url\" content=\"https:\/\/anivet.lt\/elparduotuve\/produktas\/monge-jelly-wet-kons-pasaras-suagusioms-katems-su-tunu-80g\/\" \/>\n<meta property=\"og:site_name\" content=\"anivet.lt\" \/>\n<meta property=\"article:modified_time\" content=\"2026-03-11T12:14:39+00:00\" \/>\n<meta property=\"og:image\" content=\"https:\/\/anivet.lt\/elparduotuve\/wp-content\/uploads\/2023\/10\/monge-jelly-wet-kons-pasaras-suagusioms-katems-su-tunu-80g.jpg\" \/>\n\t<meta property=\"og:image:width\" content=\"800\" \/>\n\t<meta property=\"og:image:height\" content=\"800\" \/>\n\t<meta property=\"og:image:type\" content=\"image\/jpeg\" \/>\n<meta name=\"twitter:card\" content=\"summary_large_image\" \/>\n<meta name=\"twitter:label1\" content=\"Est. reading time\" \/>\n\t<meta name=\"twitter:data1\" content=\"1 minut\u0117\" \/>\n<script type=\"application\/ld+json\" class=\"yoast-schema-graph\">{\"@context\":\"https:\\\/\\\/schema.org\",\"@graph\":[{\"@type\":\"WebPage\",\"@id\":\"https:\\\/\\\/anivet.lt\\\/elparduotuve\\\/produktas\\\/monge-jelly-wet-kons-pasaras-suagusioms-katems-su-tunu-80g\\\/\",\"url\":\"https:\\\/\\\/anivet.lt\\\/elparduotuve\\\/produktas\\\/monge-jelly-wet-kons-pasaras-suagusioms-katems-su-tunu-80g\\\/\",\"name\":\"Monge Jelly - konservuotas pa\u0161aras suagusioms kat\u0117ms su tunu 80g - anivet.lt\",\"isPartOf\":{\"@id\":\"https:\\\/\\\/anivet.lt\\\/elparduotuve\\\/#website\"},\"primaryImageOfPage\":{\"@id\":\"https:\\\/\\\/anivet.lt\\\/elparduotuve\\\/produktas\\\/monge-jelly-wet-kons-pasaras-suagusioms-katems-su-tunu-80g\\\/#primaryimage\"},\"image\":{\"@id\":\"https:\\\/\\\/anivet.lt\\\/elparduotuve\\\/produktas\\\/monge-jelly-wet-kons-pasaras-suagusioms-katems-su-tunu-80g\\\/#primaryimage\"},\"thumbnailUrl\":\"https:\\\/\\\/anivet.lt\\\/elparduotuve\\\/wp-content\\\/uploads\\\/2023\\\/10\\\/monge-jelly-wet-kons-pasaras-suagusioms-katems-su-tunu-80g.jpg\",\"datePublished\":\"2023-10-05T17:26:25+00:00\",\"dateModified\":\"2026-03-11T12:14:39+00:00\",\"description\":\"Konservuotas pa\u0161aras suaugusioms kat\u0117ms su tunu \u2013 tai gardus papildomas pa\u0161aras, pagamintas i\u0161 auk\u0161tos kokyb\u0117s Ramiojo vandenyno tun\u0173 m\u0117sos su surimiu \u017eel\u0117. \u0160is maistingas pa\u0161aras praturtintas naudingomis med\u017eiagomis, kad patenkint\u0173 j\u016bs\u0173 kat\u0117s poreikius.\",\"breadcrumb\":{\"@id\":\"https:\\\/\\\/anivet.lt\\\/elparduotuve\\\/produktas\\\/monge-jelly-wet-kons-pasaras-suagusioms-katems-su-tunu-80g\\\/#breadcrumb\"},\"inLanguage\":\"lt-LT\",\"potentialAction\":[{\"@type\":\"ReadAction\",\"target\":[\"https:\\\/\\\/anivet.lt\\\/elparduotuve\\\/produktas\\\/monge-jelly-wet-kons-pasaras-suagusioms-katems-su-tunu-80g\\\/\"]}]},{\"@type\":\"ImageObject\",\"inLanguage\":\"lt-LT\",\"@id\":\"https:\\\/\\\/anivet.lt\\\/elparduotuve\\\/produktas\\\/monge-jelly-wet-kons-pasaras-suagusioms-katems-su-tunu-80g\\\/#primaryimage\",\"url\":\"https:\\\/\\\/anivet.lt\\\/elparduotuve\\\/wp-content\\\/uploads\\\/2023\\\/10\\\/monge-jelly-wet-kons-pasaras-suagusioms-katems-su-tunu-80g.jpg\",\"contentUrl\":\"https:\\\/\\\/anivet.lt\\\/elparduotuve\\\/wp-content\\\/uploads\\\/2023\\\/10\\\/monge-jelly-wet-kons-pasaras-suagusioms-katems-su-tunu-80g.jpg\",\"width\":800,\"height\":800,\"caption\":\"Monge Jelly - konservuotas pa\u0161aras suagusioms kat\u0117ms su tunu 80g\"},{\"@type\":\"BreadcrumbList\",\"@id\":\"https:\\\/\\\/anivet.lt\\\/elparduotuve\\\/produktas\\\/monge-jelly-wet-kons-pasaras-suagusioms-katems-su-tunu-80g\\\/#breadcrumb\",\"itemListElement\":[{\"@type\":\"ListItem\",\"position\":1,\"name\":\"Home\",\"item\":\"https:\\\/\\\/anivet.lt\\\/elparduotuve\\\/\"},{\"@type\":\"ListItem\",\"position\":2,\"name\":\"Produktai\",\"item\":\"https:\\\/\\\/anivet.lt\\\/elparduotuve\\\/produktai\\\/\"},{\"@type\":\"ListItem\",\"position\":3,\"name\":\"Monge Jelly &#8211; konservuotas pa\u0161aras suagusioms kat\u0117ms su tunu 80g\"}]},{\"@type\":\"WebSite\",\"@id\":\"https:\\\/\\\/anivet.lt\\\/elparduotuve\\\/#website\",\"url\":\"https:\\\/\\\/anivet.lt\\\/elparduotuve\\\/\",\"name\":\"anivet.lt\",\"description\":\"Viskas J\u016bs\u0173 \u0161uns, kat\u0117s prie\u017ei\u016brai\",\"publisher\":{\"@id\":\"https:\\\/\\\/anivet.lt\\\/elparduotuve\\\/#organization\"},\"alternateName\":\"Viskas J\u016bs\u0173 \u0161uns, kat\u0117s prie\u017ei\u016brai\",\"potentialAction\":[{\"@type\":\"SearchAction\",\"target\":{\"@type\":\"EntryPoint\",\"urlTemplate\":\"https:\\\/\\\/anivet.lt\\\/elparduotuve\\\/?s={search_term_string}\"},\"query-input\":{\"@type\":\"PropertyValueSpecification\",\"valueRequired\":true,\"valueName\":\"search_term_string\"}}],\"inLanguage\":\"lt-LT\"},{\"@type\":\"Organization\",\"@id\":\"https:\\\/\\\/anivet.lt\\\/elparduotuve\\\/#organization\",\"name\":\"Viskas J\u016bs\u0173 \u0161uns, kat\u0117s prie\u017ei\u016brai\",\"url\":\"https:\\\/\\\/anivet.lt\\\/elparduotuve\\\/\",\"logo\":{\"@type\":\"ImageObject\",\"inLanguage\":\"lt-LT\",\"@id\":\"https:\\\/\\\/anivet.lt\\\/elparduotuve\\\/#\\\/schema\\\/logo\\\/image\\\/\",\"url\":\"https:\\\/\\\/anivet.lt\\\/elparduotuve\\\/wp-content\\\/uploads\\\/2023\\\/06\\\/logo2.jpg\",\"contentUrl\":\"https:\\\/\\\/anivet.lt\\\/elparduotuve\\\/wp-content\\\/uploads\\\/2023\\\/06\\\/logo2.jpg\",\"width\":655,\"height\":194,\"caption\":\"Viskas J\u016bs\u0173 \u0161uns, kat\u0117s prie\u017ei\u016brai\"},\"image\":{\"@id\":\"https:\\\/\\\/anivet.lt\\\/elparduotuve\\\/#\\\/schema\\\/logo\\\/image\\\/\"}}]}<\/script>\n<!-- \/ Yoast SEO Premium plugin. -->","yoast_head_json":{"title":"Monge Jelly - konservuotas pa\u0161aras suagusioms kat\u0117ms su tunu 80g - anivet.lt","description":"Konservuotas pa\u0161aras suaugusioms kat\u0117ms su tunu \u2013 tai gardus papildomas pa\u0161aras, pagamintas i\u0161 auk\u0161tos kokyb\u0117s Ramiojo vandenyno tun\u0173 m\u0117sos su surimiu \u017eel\u0117. \u0160is maistingas pa\u0161aras praturtintas naudingomis med\u017eiagomis, kad patenkint\u0173 j\u016bs\u0173 kat\u0117s poreikius.","robots":{"index":"index","follow":"follow","max-snippet":"max-snippet:-1","max-image-preview":"max-image-preview:large","max-video-preview":"max-video-preview:-1"},"canonical":"https:\/\/anivet.lt\/elparduotuve\/produktas\/monge-jelly-wet-kons-pasaras-suagusioms-katems-su-tunu-80g\/","og_locale":"lt_LT","og_type":"article","og_title":"Monge Jelly - konservuotas pa\u0161aras suagusioms kat\u0117ms su tunu 80g","og_description":"Konservuotas pa\u0161aras suaugusioms kat\u0117ms su tunu \u2013 tai gardus papildomas pa\u0161aras, pagamintas i\u0161 auk\u0161tos kokyb\u0117s Ramiojo vandenyno tun\u0173 m\u0117sos su surimiu \u017eel\u0117. \u0160is maistingas pa\u0161aras praturtintas naudingomis med\u017eiagomis, kad patenkint\u0173 j\u016bs\u0173 kat\u0117s poreikius.","og_url":"https:\/\/anivet.lt\/elparduotuve\/produktas\/monge-jelly-wet-kons-pasaras-suagusioms-katems-su-tunu-80g\/","og_site_name":"anivet.lt","article_modified_time":"2026-03-11T12:14:39+00:00","og_image":[{"width":800,"height":800,"url":"https:\/\/anivet.lt\/elparduotuve\/wp-content\/uploads\/2023\/10\/monge-jelly-wet-kons-pasaras-suagusioms-katems-su-tunu-80g.jpg","type":"image\/jpeg"}],"twitter_card":"summary_large_image","twitter_misc":{"Est. reading time":"1 minut\u0117"},"schema":{"@context":"https:\/\/schema.org","@graph":[{"@type":"WebPage","@id":"https:\/\/anivet.lt\/elparduotuve\/produktas\/monge-jelly-wet-kons-pasaras-suagusioms-katems-su-tunu-80g\/","url":"https:\/\/anivet.lt\/elparduotuve\/produktas\/monge-jelly-wet-kons-pasaras-suagusioms-katems-su-tunu-80g\/","name":"Monge Jelly - konservuotas pa\u0161aras suagusioms kat\u0117ms su tunu 80g - anivet.lt","isPartOf":{"@id":"https:\/\/anivet.lt\/elparduotuve\/#website"},"primaryImageOfPage":{"@id":"https:\/\/anivet.lt\/elparduotuve\/produktas\/monge-jelly-wet-kons-pasaras-suagusioms-katems-su-tunu-80g\/#primaryimage"},"image":{"@id":"https:\/\/anivet.lt\/elparduotuve\/produktas\/monge-jelly-wet-kons-pasaras-suagusioms-katems-su-tunu-80g\/#primaryimage"},"thumbnailUrl":"https:\/\/anivet.lt\/elparduotuve\/wp-content\/uploads\/2023\/10\/monge-jelly-wet-kons-pasaras-suagusioms-katems-su-tunu-80g.jpg","datePublished":"2023-10-05T17:26:25+00:00","dateModified":"2026-03-11T12:14:39+00:00","description":"Konservuotas pa\u0161aras suaugusioms kat\u0117ms su tunu \u2013 tai gardus papildomas pa\u0161aras, pagamintas i\u0161 auk\u0161tos kokyb\u0117s Ramiojo vandenyno tun\u0173 m\u0117sos su surimiu \u017eel\u0117. \u0160is maistingas pa\u0161aras praturtintas naudingomis med\u017eiagomis, kad patenkint\u0173 j\u016bs\u0173 kat\u0117s poreikius.","breadcrumb":{"@id":"https:\/\/anivet.lt\/elparduotuve\/produktas\/monge-jelly-wet-kons-pasaras-suagusioms-katems-su-tunu-80g\/#breadcrumb"},"inLanguage":"lt-LT","potentialAction":[{"@type":"ReadAction","target":["https:\/\/anivet.lt\/elparduotuve\/produktas\/monge-jelly-wet-kons-pasaras-suagusioms-katems-su-tunu-80g\/"]}]},{"@type":"ImageObject","inLanguage":"lt-LT","@id":"https:\/\/anivet.lt\/elparduotuve\/produktas\/monge-jelly-wet-kons-pasaras-suagusioms-katems-su-tunu-80g\/#primaryimage","url":"https:\/\/anivet.lt\/elparduotuve\/wp-content\/uploads\/2023\/10\/monge-jelly-wet-kons-pasaras-suagusioms-katems-su-tunu-80g.jpg","contentUrl":"https:\/\/anivet.lt\/elparduotuve\/wp-content\/uploads\/2023\/10\/monge-jelly-wet-kons-pasaras-suagusioms-katems-su-tunu-80g.jpg","width":800,"height":800,"caption":"Monge Jelly - konservuotas pa\u0161aras suagusioms kat\u0117ms su tunu 80g"},{"@type":"BreadcrumbList","@id":"https:\/\/anivet.lt\/elparduotuve\/produktas\/monge-jelly-wet-kons-pasaras-suagusioms-katems-su-tunu-80g\/#breadcrumb","itemListElement":[{"@type":"ListItem","position":1,"name":"Home","item":"https:\/\/anivet.lt\/elparduotuve\/"},{"@type":"ListItem","position":2,"name":"Produktai","item":"https:\/\/anivet.lt\/elparduotuve\/produktai\/"},{"@type":"ListItem","position":3,"name":"Monge Jelly &#8211; konservuotas pa\u0161aras suagusioms kat\u0117ms su tunu 80g"}]},{"@type":"WebSite","@id":"https:\/\/anivet.lt\/elparduotuve\/#website","url":"https:\/\/anivet.lt\/elparduotuve\/","name":"anivet.lt","description":"Viskas J\u016bs\u0173 \u0161uns, kat\u0117s prie\u017ei\u016brai","publisher":{"@id":"https:\/\/anivet.lt\/elparduotuve\/#organization"},"alternateName":"Viskas J\u016bs\u0173 \u0161uns, kat\u0117s prie\u017ei\u016brai","potentialAction":[{"@type":"SearchAction","target":{"@type":"EntryPoint","urlTemplate":"https:\/\/anivet.lt\/elparduotuve\/?s={search_term_string}"},"query-input":{"@type":"PropertyValueSpecification","valueRequired":true,"valueName":"search_term_string"}}],"inLanguage":"lt-LT"},{"@type":"Organization","@id":"https:\/\/anivet.lt\/elparduotuve\/#organization","name":"Viskas J\u016bs\u0173 \u0161uns, kat\u0117s prie\u017ei\u016brai","url":"https:\/\/anivet.lt\/elparduotuve\/","logo":{"@type":"ImageObject","inLanguage":"lt-LT","@id":"https:\/\/anivet.lt\/elparduotuve\/#\/schema\/logo\/image\/","url":"https:\/\/anivet.lt\/elparduotuve\/wp-content\/uploads\/2023\/06\/logo2.jpg","contentUrl":"https:\/\/anivet.lt\/elparduotuve\/wp-content\/uploads\/2023\/06\/logo2.jpg","width":655,"height":194,"caption":"Viskas J\u016bs\u0173 \u0161uns, kat\u0117s prie\u017ei\u016brai"},"image":{"@id":"https:\/\/anivet.lt\/elparduotuve\/#\/schema\/logo\/image\/"}}]}},"_links":{"self":[{"href":"https:\/\/anivet.lt\/elparduotuve\/wp-json\/wp\/v2\/product\/12076","targetHints":{"allow":["GET"]}}],"collection":[{"href":"https:\/\/anivet.lt\/elparduotuve\/wp-json\/wp\/v2\/product"}],"about":[{"href":"https:\/\/anivet.lt\/elparduotuve\/wp-json\/wp\/v2\/types\/product"}],"wp:featuredmedia":[{"embeddable":true,"href":"https:\/\/anivet.lt\/elparduotuve\/wp-json\/wp\/v2\/media\/12077"}],"wp:attachment":[{"href":"https:\/\/anivet.lt\/elparduotuve\/wp-json\/wp\/v2\/media?parent=12076"}],"wp:term":[{"taxonomy":"product_brand","embeddable":true,"href":"https:\/\/anivet.lt\/elparduotuve\/wp-json\/wp\/v2\/product_brand?post=12076"},{"taxonomy":"product_cat","embeddable":true,"href":"https:\/\/anivet.lt\/elparduotuve\/wp-json\/wp\/v2\/product_cat?post=12076"},{"taxonomy":"product_tag","embeddable":true,"href":"https:\/\/anivet.lt\/elparduotuve\/wp-json\/wp\/v2\/product_tag?post=12076"}],"curies":[{"name":"wp","href":"https:\/\/api.w.org\/{rel}","templated":true}]}}