{"id":12114,"date":"2023-10-06T11:30:30","date_gmt":"2023-10-06T11:30:30","guid":{"rendered":"https:\/\/anivet.lt\/elparduotuve\/?post_type=product&#038;p=12114"},"modified":"2026-05-06T10:48:15","modified_gmt":"2026-05-06T10:48:15","slug":"monge-spec-line-monoprotein-all-breeds-adult-sausas-maistas-su-lasisa-ir-ryziais","status":"publish","type":"product","link":"https:\/\/anivet.lt\/elparduotuve\/produktas\/monge-spec-line-monoprotein-all-breeds-adult-sausas-maistas-su-lasisa-ir-ryziais\/","title":{"rendered":"Monge Spec. Line Monoprotein All Breeds Adult sausas maistas su la\u0161i\u0161a ir ry\u017eiais"},"content":{"rendered":"<ul>\n<li style=\"font-weight: 400;\" aria-level=\"1\"><span style=\"font-weight: 400;\">Monoprotein\u0173 sud\u0117tis: Vienintelis baltym\u0173 \u0161altinis \u2013 lengvai vir\u0161kinama ir skani la\u0161i\u0161a.<\/span><\/li>\n<li style=\"font-weight: 400;\" aria-level=\"1\"><span style=\"font-weight: 400;\">\u017darnyno sveikata: Praturtintas naujos kartos prebiotikais (XOS), palaikan\u010diais vir\u0161kinamojo trakto veikl\u0105.<\/span><\/li>\n<li style=\"font-weight: 400;\" aria-level=\"1\"><span style=\"font-weight: 400;\">Odos ir kailio prie\u017ei\u016bra: La\u0161i\u0161os sud\u0117tyje esan\u010dios Omega-3 riebal\u0173 r\u016bg\u0161tys u\u017etikrina sveik\u0105 od\u0105 ir \u017evilgant\u012f kail\u012f.<\/span><\/li>\n<li style=\"font-weight: 400;\" aria-level=\"1\"><span style=\"font-weight: 400;\">Nat\u016bral\u016bs papildai: E\u017eiuol\u0117, raudon\u0117lis, \u010desnakas ir arti\u0161okas prisideda prie imuniteto stiprinimo ir bendros sveikatos gerinimo.<\/span><\/li>\n<li style=\"font-weight: 400;\" aria-level=\"1\"><span style=\"font-weight: 400;\">S\u0105nari\u0173 palaikymas: Sud\u0117tyje yra gliukozamino ir chondroitino, u\u017etikrinan\u010di\u0173 sveikus s\u0105narius ir stiprius kaulus.<\/span><\/li>\n<li style=\"font-weight: 400;\" aria-level=\"1\"><span style=\"font-weight: 400;\">Suma\u017eintas gr\u016bd\u0173 kiekis: N\u0117ra sojos, dirbtini\u0173 da\u017eikli\u0173 ar konservant\u0173.<\/span><\/li>\n<\/ul>\n<p><span style=\"font-weight: 400;\">\u0160is \u0117dalas ne tik u\u017etikrina puiki\u0105 mitybos kokyb\u0119, bet ir prisideda prie bendros augintinio sveikatos. Nat\u016bral\u016bs ingredientai, papildai ir speciali formul\u0117 palaiko vir\u0161kinim\u0105, stiprina imunitet\u0105 ir r\u016bpinasi s\u0105nari\u0173 bei odos b\u016bkle. Tai puikus pasirinkimas sveikiems ir jautriems \u0161unims.<\/span><\/p>\n","protected":false},"excerpt":{"rendered":"<p><span style=\"font-weight: 400;\">Visavertis, auk\u0161tos kokyb\u0117s \u0117dalas, pritaikytas vis\u0173 veisli\u0173 suaugusi\u0173 \u0161un\u0173 kasdieniams poreikiams. \u0160is produktas idealiai tinka ir jautresniems augintiniams d\u0117l vieno gyv\u016bnin\u0117s kilm\u0117s baltym\u0173 \u0161altinio.<\/span><\/p>\n","protected":false},"featured_media":12115,"template":"","meta":[],"product_brand":[],"product_cat":[101,103,104,318],"product_tag":[],"class_list":{"0":"post-12114","1":"product","2":"type-product","3":"status-publish","4":"has-post-thumbnail","6":"product_cat-sunims","7":"product_cat-sunu-maistas","8":"product_cat-sausas-maistas","9":"product_cat-monge-sunu-maistas","10":"pa_prekinis-zenklas-monge","12":"first","13":"instock","14":"sale","15":"taxable","16":"shipping-taxable","17":"purchasable","18":"product-type-variable"},"yoast_head":"<!-- This site is optimized with the Yoast SEO Premium plugin v27.1 (Yoast SEO v27.5) - https:\/\/yoast.com\/product\/yoast-seo-premium-wordpress\/ -->\n<title>Monge Spec. Line Monoprotein All Breeds Adult sausas maistas su la\u0161i\u0161a ir ry\u017eiais - anivet.lt<\/title>\n<meta name=\"description\" content=\"Visavertis, auk\u0161tos kokyb\u0117s \u0117dalas, pritaikytas vis\u0173 veisli\u0173 suaugusi\u0173 \u0161un\u0173 kasdieniams poreikiams. \u0160is produktas idealiai tinka ir jautresniems augintiniams d\u0117l vieno gyv\u016bnin\u0117s kilm\u0117s baltym\u0173 \u0161altinio.\" \/>\n<meta name=\"robots\" content=\"index, follow, max-snippet:-1, max-image-preview:large, max-video-preview:-1\" \/>\n<link rel=\"canonical\" href=\"https:\/\/anivet.lt\/elparduotuve\/produktas\/monge-spec-line-monoprotein-all-breeds-adult-sausas-maistas-su-lasisa-ir-ryziais\/\" \/>\n<meta property=\"og:locale\" content=\"lt_LT\" \/>\n<meta property=\"og:type\" content=\"article\" \/>\n<meta property=\"og:title\" content=\"Monge Spec. Line Monoprotein All Breeds Adult sausas maistas su la\u0161i\u0161a ir ry\u017eiais\" \/>\n<meta property=\"og:description\" content=\"Visavertis, auk\u0161tos kokyb\u0117s \u0117dalas, pritaikytas vis\u0173 veisli\u0173 suaugusi\u0173 \u0161un\u0173 kasdieniams poreikiams. \u0160is produktas idealiai tinka ir jautresniems augintiniams d\u0117l vieno gyv\u016bnin\u0117s kilm\u0117s baltym\u0173 \u0161altinio.\" \/>\n<meta property=\"og:url\" content=\"https:\/\/anivet.lt\/elparduotuve\/produktas\/monge-spec-line-monoprotein-all-breeds-adult-sausas-maistas-su-lasisa-ir-ryziais\/\" \/>\n<meta property=\"og:site_name\" content=\"anivet.lt\" \/>\n<meta property=\"article:modified_time\" content=\"2026-05-06T10:48:15+00:00\" \/>\n<meta property=\"og:image\" content=\"https:\/\/anivet.lt\/elparduotuve\/wp-content\/uploads\/2023\/10\/monge-all-breeds-adult-salmon-sausas-maistas-sunims.jpg\" \/>\n\t<meta property=\"og:image:width\" content=\"800\" \/>\n\t<meta property=\"og:image:height\" content=\"800\" \/>\n\t<meta property=\"og:image:type\" content=\"image\/jpeg\" \/>\n<meta name=\"twitter:card\" content=\"summary_large_image\" \/>\n<meta name=\"twitter:label1\" content=\"Est. reading time\" \/>\n\t<meta name=\"twitter:data1\" content=\"1 minut\u0117\" \/>\n<script type=\"application\/ld+json\" class=\"yoast-schema-graph\">{\"@context\":\"https:\\\/\\\/schema.org\",\"@graph\":[{\"@type\":\"WebPage\",\"@id\":\"https:\\\/\\\/anivet.lt\\\/elparduotuve\\\/produktas\\\/monge-spec-line-monoprotein-all-breeds-adult-sausas-maistas-su-lasisa-ir-ryziais\\\/\",\"url\":\"https:\\\/\\\/anivet.lt\\\/elparduotuve\\\/produktas\\\/monge-spec-line-monoprotein-all-breeds-adult-sausas-maistas-su-lasisa-ir-ryziais\\\/\",\"name\":\"Monge Spec. Line Monoprotein All Breeds Adult sausas maistas su la\u0161i\u0161a ir ry\u017eiais - anivet.lt\",\"isPartOf\":{\"@id\":\"https:\\\/\\\/anivet.lt\\\/elparduotuve\\\/#website\"},\"primaryImageOfPage\":{\"@id\":\"https:\\\/\\\/anivet.lt\\\/elparduotuve\\\/produktas\\\/monge-spec-line-monoprotein-all-breeds-adult-sausas-maistas-su-lasisa-ir-ryziais\\\/#primaryimage\"},\"image\":{\"@id\":\"https:\\\/\\\/anivet.lt\\\/elparduotuve\\\/produktas\\\/monge-spec-line-monoprotein-all-breeds-adult-sausas-maistas-su-lasisa-ir-ryziais\\\/#primaryimage\"},\"thumbnailUrl\":\"https:\\\/\\\/anivet.lt\\\/elparduotuve\\\/wp-content\\\/uploads\\\/2023\\\/10\\\/monge-all-breeds-adult-salmon-sausas-maistas-sunims.jpg\",\"datePublished\":\"2023-10-06T11:30:30+00:00\",\"dateModified\":\"2026-05-06T10:48:15+00:00\",\"description\":\"Visavertis, auk\u0161tos kokyb\u0117s \u0117dalas, pritaikytas vis\u0173 veisli\u0173 suaugusi\u0173 \u0161un\u0173 kasdieniams poreikiams. \u0160is produktas idealiai tinka ir jautresniems augintiniams d\u0117l vieno gyv\u016bnin\u0117s kilm\u0117s baltym\u0173 \u0161altinio.\",\"breadcrumb\":{\"@id\":\"https:\\\/\\\/anivet.lt\\\/elparduotuve\\\/produktas\\\/monge-spec-line-monoprotein-all-breeds-adult-sausas-maistas-su-lasisa-ir-ryziais\\\/#breadcrumb\"},\"inLanguage\":\"lt-LT\",\"potentialAction\":[{\"@type\":\"ReadAction\",\"target\":[\"https:\\\/\\\/anivet.lt\\\/elparduotuve\\\/produktas\\\/monge-spec-line-monoprotein-all-breeds-adult-sausas-maistas-su-lasisa-ir-ryziais\\\/\"]}]},{\"@type\":\"ImageObject\",\"inLanguage\":\"lt-LT\",\"@id\":\"https:\\\/\\\/anivet.lt\\\/elparduotuve\\\/produktas\\\/monge-spec-line-monoprotein-all-breeds-adult-sausas-maistas-su-lasisa-ir-ryziais\\\/#primaryimage\",\"url\":\"https:\\\/\\\/anivet.lt\\\/elparduotuve\\\/wp-content\\\/uploads\\\/2023\\\/10\\\/monge-all-breeds-adult-salmon-sausas-maistas-sunims.jpg\",\"contentUrl\":\"https:\\\/\\\/anivet.lt\\\/elparduotuve\\\/wp-content\\\/uploads\\\/2023\\\/10\\\/monge-all-breeds-adult-salmon-sausas-maistas-sunims.jpg\",\"width\":800,\"height\":800,\"caption\":\"Monge Spec. Line Monoprotein All Breeds Adult sausas maistas su la\u0161i\u0161a ir ry\u017eiais\"},{\"@type\":\"BreadcrumbList\",\"@id\":\"https:\\\/\\\/anivet.lt\\\/elparduotuve\\\/produktas\\\/monge-spec-line-monoprotein-all-breeds-adult-sausas-maistas-su-lasisa-ir-ryziais\\\/#breadcrumb\",\"itemListElement\":[{\"@type\":\"ListItem\",\"position\":1,\"name\":\"Home\",\"item\":\"https:\\\/\\\/anivet.lt\\\/elparduotuve\\\/\"},{\"@type\":\"ListItem\",\"position\":2,\"name\":\"Produktai\",\"item\":\"https:\\\/\\\/anivet.lt\\\/elparduotuve\\\/produktai\\\/\"},{\"@type\":\"ListItem\",\"position\":3,\"name\":\"Monge Spec. Line Monoprotein All Breeds Adult sausas maistas su la\u0161i\u0161a ir ry\u017eiais\"}]},{\"@type\":\"WebSite\",\"@id\":\"https:\\\/\\\/anivet.lt\\\/elparduotuve\\\/#website\",\"url\":\"https:\\\/\\\/anivet.lt\\\/elparduotuve\\\/\",\"name\":\"anivet.lt\",\"description\":\"Viskas J\u016bs\u0173 \u0161uns, kat\u0117s prie\u017ei\u016brai\",\"publisher\":{\"@id\":\"https:\\\/\\\/anivet.lt\\\/elparduotuve\\\/#organization\"},\"alternateName\":\"Viskas J\u016bs\u0173 \u0161uns, kat\u0117s prie\u017ei\u016brai\",\"potentialAction\":[{\"@type\":\"SearchAction\",\"target\":{\"@type\":\"EntryPoint\",\"urlTemplate\":\"https:\\\/\\\/anivet.lt\\\/elparduotuve\\\/?s={search_term_string}\"},\"query-input\":{\"@type\":\"PropertyValueSpecification\",\"valueRequired\":true,\"valueName\":\"search_term_string\"}}],\"inLanguage\":\"lt-LT\"},{\"@type\":\"Organization\",\"@id\":\"https:\\\/\\\/anivet.lt\\\/elparduotuve\\\/#organization\",\"name\":\"Viskas J\u016bs\u0173 \u0161uns, kat\u0117s prie\u017ei\u016brai\",\"url\":\"https:\\\/\\\/anivet.lt\\\/elparduotuve\\\/\",\"logo\":{\"@type\":\"ImageObject\",\"inLanguage\":\"lt-LT\",\"@id\":\"https:\\\/\\\/anivet.lt\\\/elparduotuve\\\/#\\\/schema\\\/logo\\\/image\\\/\",\"url\":\"https:\\\/\\\/anivet.lt\\\/elparduotuve\\\/wp-content\\\/uploads\\\/2023\\\/06\\\/logo2.jpg\",\"contentUrl\":\"https:\\\/\\\/anivet.lt\\\/elparduotuve\\\/wp-content\\\/uploads\\\/2023\\\/06\\\/logo2.jpg\",\"width\":655,\"height\":194,\"caption\":\"Viskas J\u016bs\u0173 \u0161uns, kat\u0117s prie\u017ei\u016brai\"},\"image\":{\"@id\":\"https:\\\/\\\/anivet.lt\\\/elparduotuve\\\/#\\\/schema\\\/logo\\\/image\\\/\"}}]}<\/script>\n<!-- \/ Yoast SEO Premium plugin. -->","yoast_head_json":{"title":"Monge Spec. Line Monoprotein All Breeds Adult sausas maistas su la\u0161i\u0161a ir ry\u017eiais - anivet.lt","description":"Visavertis, auk\u0161tos kokyb\u0117s \u0117dalas, pritaikytas vis\u0173 veisli\u0173 suaugusi\u0173 \u0161un\u0173 kasdieniams poreikiams. \u0160is produktas idealiai tinka ir jautresniems augintiniams d\u0117l vieno gyv\u016bnin\u0117s kilm\u0117s baltym\u0173 \u0161altinio.","robots":{"index":"index","follow":"follow","max-snippet":"max-snippet:-1","max-image-preview":"max-image-preview:large","max-video-preview":"max-video-preview:-1"},"canonical":"https:\/\/anivet.lt\/elparduotuve\/produktas\/monge-spec-line-monoprotein-all-breeds-adult-sausas-maistas-su-lasisa-ir-ryziais\/","og_locale":"lt_LT","og_type":"article","og_title":"Monge Spec. Line Monoprotein All Breeds Adult sausas maistas su la\u0161i\u0161a ir ry\u017eiais","og_description":"Visavertis, auk\u0161tos kokyb\u0117s \u0117dalas, pritaikytas vis\u0173 veisli\u0173 suaugusi\u0173 \u0161un\u0173 kasdieniams poreikiams. \u0160is produktas idealiai tinka ir jautresniems augintiniams d\u0117l vieno gyv\u016bnin\u0117s kilm\u0117s baltym\u0173 \u0161altinio.","og_url":"https:\/\/anivet.lt\/elparduotuve\/produktas\/monge-spec-line-monoprotein-all-breeds-adult-sausas-maistas-su-lasisa-ir-ryziais\/","og_site_name":"anivet.lt","article_modified_time":"2026-05-06T10:48:15+00:00","og_image":[{"width":800,"height":800,"url":"https:\/\/anivet.lt\/elparduotuve\/wp-content\/uploads\/2023\/10\/monge-all-breeds-adult-salmon-sausas-maistas-sunims.jpg","type":"image\/jpeg"}],"twitter_card":"summary_large_image","twitter_misc":{"Est. reading time":"1 minut\u0117"},"schema":{"@context":"https:\/\/schema.org","@graph":[{"@type":"WebPage","@id":"https:\/\/anivet.lt\/elparduotuve\/produktas\/monge-spec-line-monoprotein-all-breeds-adult-sausas-maistas-su-lasisa-ir-ryziais\/","url":"https:\/\/anivet.lt\/elparduotuve\/produktas\/monge-spec-line-monoprotein-all-breeds-adult-sausas-maistas-su-lasisa-ir-ryziais\/","name":"Monge Spec. Line Monoprotein All Breeds Adult sausas maistas su la\u0161i\u0161a ir ry\u017eiais - anivet.lt","isPartOf":{"@id":"https:\/\/anivet.lt\/elparduotuve\/#website"},"primaryImageOfPage":{"@id":"https:\/\/anivet.lt\/elparduotuve\/produktas\/monge-spec-line-monoprotein-all-breeds-adult-sausas-maistas-su-lasisa-ir-ryziais\/#primaryimage"},"image":{"@id":"https:\/\/anivet.lt\/elparduotuve\/produktas\/monge-spec-line-monoprotein-all-breeds-adult-sausas-maistas-su-lasisa-ir-ryziais\/#primaryimage"},"thumbnailUrl":"https:\/\/anivet.lt\/elparduotuve\/wp-content\/uploads\/2023\/10\/monge-all-breeds-adult-salmon-sausas-maistas-sunims.jpg","datePublished":"2023-10-06T11:30:30+00:00","dateModified":"2026-05-06T10:48:15+00:00","description":"Visavertis, auk\u0161tos kokyb\u0117s \u0117dalas, pritaikytas vis\u0173 veisli\u0173 suaugusi\u0173 \u0161un\u0173 kasdieniams poreikiams. \u0160is produktas idealiai tinka ir jautresniems augintiniams d\u0117l vieno gyv\u016bnin\u0117s kilm\u0117s baltym\u0173 \u0161altinio.","breadcrumb":{"@id":"https:\/\/anivet.lt\/elparduotuve\/produktas\/monge-spec-line-monoprotein-all-breeds-adult-sausas-maistas-su-lasisa-ir-ryziais\/#breadcrumb"},"inLanguage":"lt-LT","potentialAction":[{"@type":"ReadAction","target":["https:\/\/anivet.lt\/elparduotuve\/produktas\/monge-spec-line-monoprotein-all-breeds-adult-sausas-maistas-su-lasisa-ir-ryziais\/"]}]},{"@type":"ImageObject","inLanguage":"lt-LT","@id":"https:\/\/anivet.lt\/elparduotuve\/produktas\/monge-spec-line-monoprotein-all-breeds-adult-sausas-maistas-su-lasisa-ir-ryziais\/#primaryimage","url":"https:\/\/anivet.lt\/elparduotuve\/wp-content\/uploads\/2023\/10\/monge-all-breeds-adult-salmon-sausas-maistas-sunims.jpg","contentUrl":"https:\/\/anivet.lt\/elparduotuve\/wp-content\/uploads\/2023\/10\/monge-all-breeds-adult-salmon-sausas-maistas-sunims.jpg","width":800,"height":800,"caption":"Monge Spec. Line Monoprotein All Breeds Adult sausas maistas su la\u0161i\u0161a ir ry\u017eiais"},{"@type":"BreadcrumbList","@id":"https:\/\/anivet.lt\/elparduotuve\/produktas\/monge-spec-line-monoprotein-all-breeds-adult-sausas-maistas-su-lasisa-ir-ryziais\/#breadcrumb","itemListElement":[{"@type":"ListItem","position":1,"name":"Home","item":"https:\/\/anivet.lt\/elparduotuve\/"},{"@type":"ListItem","position":2,"name":"Produktai","item":"https:\/\/anivet.lt\/elparduotuve\/produktai\/"},{"@type":"ListItem","position":3,"name":"Monge Spec. Line Monoprotein All Breeds Adult sausas maistas su la\u0161i\u0161a ir ry\u017eiais"}]},{"@type":"WebSite","@id":"https:\/\/anivet.lt\/elparduotuve\/#website","url":"https:\/\/anivet.lt\/elparduotuve\/","name":"anivet.lt","description":"Viskas J\u016bs\u0173 \u0161uns, kat\u0117s prie\u017ei\u016brai","publisher":{"@id":"https:\/\/anivet.lt\/elparduotuve\/#organization"},"alternateName":"Viskas J\u016bs\u0173 \u0161uns, kat\u0117s prie\u017ei\u016brai","potentialAction":[{"@type":"SearchAction","target":{"@type":"EntryPoint","urlTemplate":"https:\/\/anivet.lt\/elparduotuve\/?s={search_term_string}"},"query-input":{"@type":"PropertyValueSpecification","valueRequired":true,"valueName":"search_term_string"}}],"inLanguage":"lt-LT"},{"@type":"Organization","@id":"https:\/\/anivet.lt\/elparduotuve\/#organization","name":"Viskas J\u016bs\u0173 \u0161uns, kat\u0117s prie\u017ei\u016brai","url":"https:\/\/anivet.lt\/elparduotuve\/","logo":{"@type":"ImageObject","inLanguage":"lt-LT","@id":"https:\/\/anivet.lt\/elparduotuve\/#\/schema\/logo\/image\/","url":"https:\/\/anivet.lt\/elparduotuve\/wp-content\/uploads\/2023\/06\/logo2.jpg","contentUrl":"https:\/\/anivet.lt\/elparduotuve\/wp-content\/uploads\/2023\/06\/logo2.jpg","width":655,"height":194,"caption":"Viskas J\u016bs\u0173 \u0161uns, kat\u0117s prie\u017ei\u016brai"},"image":{"@id":"https:\/\/anivet.lt\/elparduotuve\/#\/schema\/logo\/image\/"}}]}},"_links":{"self":[{"href":"https:\/\/anivet.lt\/elparduotuve\/wp-json\/wp\/v2\/product\/12114","targetHints":{"allow":["GET"]}}],"collection":[{"href":"https:\/\/anivet.lt\/elparduotuve\/wp-json\/wp\/v2\/product"}],"about":[{"href":"https:\/\/anivet.lt\/elparduotuve\/wp-json\/wp\/v2\/types\/product"}],"wp:featuredmedia":[{"embeddable":true,"href":"https:\/\/anivet.lt\/elparduotuve\/wp-json\/wp\/v2\/media\/12115"}],"wp:attachment":[{"href":"https:\/\/anivet.lt\/elparduotuve\/wp-json\/wp\/v2\/media?parent=12114"}],"wp:term":[{"taxonomy":"product_brand","embeddable":true,"href":"https:\/\/anivet.lt\/elparduotuve\/wp-json\/wp\/v2\/product_brand?post=12114"},{"taxonomy":"product_cat","embeddable":true,"href":"https:\/\/anivet.lt\/elparduotuve\/wp-json\/wp\/v2\/product_cat?post=12114"},{"taxonomy":"product_tag","embeddable":true,"href":"https:\/\/anivet.lt\/elparduotuve\/wp-json\/wp\/v2\/product_tag?post=12114"}],"curies":[{"name":"wp","href":"https:\/\/api.w.org\/{rel}","templated":true}]}}