{"id":12118,"date":"2023-10-06T12:43:31","date_gmt":"2023-10-06T12:43:31","guid":{"rendered":"https:\/\/anivet.lt\/elparduotuve\/?post_type=product&#038;p=12118"},"modified":"2026-05-06T10:48:58","modified_gmt":"2026-05-06T10:48:58","slug":"monge-spec-line-monoprotein-all-breeds-puppy-and-junior-pork-jauniems-suniukams","status":"publish","type":"product","link":"https:\/\/anivet.lt\/elparduotuve\/produktas\/monge-spec-line-monoprotein-all-breeds-puppy-and-junior-pork-jauniems-suniukams\/","title":{"rendered":"Monge Spec. Line Monoprotein All Breeds Puppy &amp; and Junior Pork jauniems \u0161uniukams"},"content":{"rendered":"<p><span style=\"font-weight: 400;\">Auk\u0161tos kokyb\u0117s sausas maistas \u0161uniukams, praturtintas vertingomis maistin\u0117mis med\u017eiagomis, kurios palaiko sveik\u0105 augim\u0105 ir \u017earnyno veikl\u0105. Pagrindinis baltym\u0173 \u0161altinis \u2013 lengvai vir\u0161kinama kiauliena.<\/span><\/p>\n<ul>\n<li style=\"font-weight: 400;\" aria-level=\"1\"><span style=\"font-weight: 400;\">Monoproteininis receptas: Vienas gyv\u016bnin\u0117s kilm\u0117s baltym\u0173 \u0161altinis, tinkamas jautriems \u0161uniukams.<\/span><\/li>\n<li style=\"font-weight: 400;\" aria-level=\"1\"><span style=\"font-weight: 400;\">Naujos kartos prebiotikai (XOS): Skatina sveik\u0105 \u017earnyno mikroflor\u0105.<\/span><\/li>\n<li style=\"font-weight: 400;\" aria-level=\"1\"><span style=\"font-weight: 400;\">Optimalus kalcio ir fosforo santykis: U\u017etikrina tinkam\u0105 kaul\u0173 ir s\u0105nari\u0173 vystym\u0105si.<\/span><\/li>\n<li style=\"font-weight: 400;\" aria-level=\"1\"><span style=\"font-weight: 400;\">Gliukozaminas ir chondroitinas: Palaiko s\u0105nari\u0173 sveikat\u0105.<\/span><\/li>\n<li style=\"font-weight: 400;\" aria-level=\"1\"><span style=\"font-weight: 400;\">Omega-6 riebal\u0173 r\u016bg\u0161tys ir vitaminas E: Gerina kailio ir odos b\u016bkl\u0119.<\/span><\/li>\n<li style=\"font-weight: 400;\" aria-level=\"1\"><span style=\"font-weight: 400;\">Be dirbtini\u0173 konservant\u0173 ir da\u017eikli\u0173.<\/span><\/li>\n<\/ul>\n<p><span style=\"font-weight: 400;\">\u201eMonge Monoprotein Puppy &amp; Junior\u201d su kiauliena yra specialiai sukurtas remiantis naujausiais Italijos tyrimais, u\u017etikrinant sveik\u0105 augim\u0105 ir subalansuot\u0105 mityb\u0105. Nat\u016bral\u016bs ingredientai, tokie kaip rudieji ry\u017eiai ir saul\u0117gr\u0105\u017e\u0173 s\u0117klos, u\u017etikrina lengv\u0105 vir\u0161kinim\u0105 ir puik\u0173 skon\u012f, o papildomos med\u017eiagos padeda vystytis stipriems kaulams ir s\u0105nariams.<\/span><\/p>\n","protected":false},"excerpt":{"rendered":"<div class=\"summary entry-summary\">\n<div class=\"woocommerce-product-details__short-description\">\n<p>&nbsp;<\/p>\n<\/div>\n<div class=\"productinfo-show-discounts\"><\/div>\n<\/div>\n","protected":false},"featured_media":12119,"template":"","meta":[],"product_brand":[],"product_cat":[101,103,104,318],"product_tag":[],"class_list":{"0":"post-12118","1":"product","2":"type-product","3":"status-publish","4":"has-post-thumbnail","6":"product_cat-sunims","7":"product_cat-sunu-maistas","8":"product_cat-sausas-maistas","9":"product_cat-monge-sunu-maistas","10":"pa_prekinis-zenklas-monge","12":"first","13":"instock","14":"sale","15":"taxable","16":"shipping-taxable","17":"purchasable","18":"product-type-variable"},"yoast_head":"<!-- This site is optimized with the Yoast SEO Premium plugin v27.1 (Yoast SEO v27.5) - https:\/\/yoast.com\/product\/yoast-seo-premium-wordpress\/ -->\n<title>Monge Spec. Line Monoprotein All Breeds Puppy &amp; and Junior Pork jauniems \u0161uniukams - anivet.lt<\/title>\n<meta name=\"description\" content=\"&nbsp;\" \/>\n<meta name=\"robots\" content=\"index, follow, max-snippet:-1, max-image-preview:large, max-video-preview:-1\" \/>\n<link rel=\"canonical\" href=\"https:\/\/anivet.lt\/elparduotuve\/produktas\/monge-spec-line-monoprotein-all-breeds-puppy-and-junior-pork-jauniems-suniukams\/\" \/>\n<meta property=\"og:locale\" content=\"lt_LT\" \/>\n<meta property=\"og:type\" content=\"article\" \/>\n<meta property=\"og:title\" content=\"Monge Spec. Line Monoprotein All Breeds Puppy &amp; and Junior Pork jauniems \u0161uniukams\" \/>\n<meta property=\"og:description\" content=\"&nbsp;\" \/>\n<meta property=\"og:url\" content=\"https:\/\/anivet.lt\/elparduotuve\/produktas\/monge-spec-line-monoprotein-all-breeds-puppy-and-junior-pork-jauniems-suniukams\/\" \/>\n<meta property=\"og:site_name\" content=\"anivet.lt\" \/>\n<meta property=\"article:modified_time\" content=\"2026-05-06T10:48:58+00:00\" \/>\n<meta property=\"og:image\" content=\"https:\/\/anivet.lt\/elparduotuve\/wp-content\/uploads\/2023\/10\/monge-spec-line-monoprotein-puppy-sausas-pasaras-visu-veisliu-jauniems-suniukams-su-kiaulie.jpg\" \/>\n\t<meta property=\"og:image:width\" content=\"800\" \/>\n\t<meta property=\"og:image:height\" content=\"800\" \/>\n\t<meta property=\"og:image:type\" content=\"image\/jpeg\" \/>\n<meta name=\"twitter:card\" content=\"summary_large_image\" \/>\n<meta name=\"twitter:label1\" content=\"Est. reading time\" \/>\n\t<meta name=\"twitter:data1\" content=\"1 minut\u0117\" \/>\n<script type=\"application\/ld+json\" class=\"yoast-schema-graph\">{\"@context\":\"https:\\\/\\\/schema.org\",\"@graph\":[{\"@type\":\"WebPage\",\"@id\":\"https:\\\/\\\/anivet.lt\\\/elparduotuve\\\/produktas\\\/monge-spec-line-monoprotein-all-breeds-puppy-and-junior-pork-jauniems-suniukams\\\/\",\"url\":\"https:\\\/\\\/anivet.lt\\\/elparduotuve\\\/produktas\\\/monge-spec-line-monoprotein-all-breeds-puppy-and-junior-pork-jauniems-suniukams\\\/\",\"name\":\"Monge Spec. Line Monoprotein All Breeds Puppy &amp; and Junior Pork jauniems \u0161uniukams - anivet.lt\",\"isPartOf\":{\"@id\":\"https:\\\/\\\/anivet.lt\\\/elparduotuve\\\/#website\"},\"primaryImageOfPage\":{\"@id\":\"https:\\\/\\\/anivet.lt\\\/elparduotuve\\\/produktas\\\/monge-spec-line-monoprotein-all-breeds-puppy-and-junior-pork-jauniems-suniukams\\\/#primaryimage\"},\"image\":{\"@id\":\"https:\\\/\\\/anivet.lt\\\/elparduotuve\\\/produktas\\\/monge-spec-line-monoprotein-all-breeds-puppy-and-junior-pork-jauniems-suniukams\\\/#primaryimage\"},\"thumbnailUrl\":\"https:\\\/\\\/anivet.lt\\\/elparduotuve\\\/wp-content\\\/uploads\\\/2023\\\/10\\\/monge-spec-line-monoprotein-puppy-sausas-pasaras-visu-veisliu-jauniems-suniukams-su-kiaulie.jpg\",\"datePublished\":\"2023-10-06T12:43:31+00:00\",\"dateModified\":\"2026-05-06T10:48:58+00:00\",\"description\":\"&nbsp;\",\"breadcrumb\":{\"@id\":\"https:\\\/\\\/anivet.lt\\\/elparduotuve\\\/produktas\\\/monge-spec-line-monoprotein-all-breeds-puppy-and-junior-pork-jauniems-suniukams\\\/#breadcrumb\"},\"inLanguage\":\"lt-LT\",\"potentialAction\":[{\"@type\":\"ReadAction\",\"target\":[\"https:\\\/\\\/anivet.lt\\\/elparduotuve\\\/produktas\\\/monge-spec-line-monoprotein-all-breeds-puppy-and-junior-pork-jauniems-suniukams\\\/\"]}]},{\"@type\":\"ImageObject\",\"inLanguage\":\"lt-LT\",\"@id\":\"https:\\\/\\\/anivet.lt\\\/elparduotuve\\\/produktas\\\/monge-spec-line-monoprotein-all-breeds-puppy-and-junior-pork-jauniems-suniukams\\\/#primaryimage\",\"url\":\"https:\\\/\\\/anivet.lt\\\/elparduotuve\\\/wp-content\\\/uploads\\\/2023\\\/10\\\/monge-spec-line-monoprotein-puppy-sausas-pasaras-visu-veisliu-jauniems-suniukams-su-kiaulie.jpg\",\"contentUrl\":\"https:\\\/\\\/anivet.lt\\\/elparduotuve\\\/wp-content\\\/uploads\\\/2023\\\/10\\\/monge-spec-line-monoprotein-puppy-sausas-pasaras-visu-veisliu-jauniems-suniukams-su-kiaulie.jpg\",\"width\":800,\"height\":800,\"caption\":\"Monge Spec. Line Monoprotein All Breeds Puppy &amp; and Junior Pork jauniems \u0161uniukams\"},{\"@type\":\"BreadcrumbList\",\"@id\":\"https:\\\/\\\/anivet.lt\\\/elparduotuve\\\/produktas\\\/monge-spec-line-monoprotein-all-breeds-puppy-and-junior-pork-jauniems-suniukams\\\/#breadcrumb\",\"itemListElement\":[{\"@type\":\"ListItem\",\"position\":1,\"name\":\"Home\",\"item\":\"https:\\\/\\\/anivet.lt\\\/elparduotuve\\\/\"},{\"@type\":\"ListItem\",\"position\":2,\"name\":\"Produktai\",\"item\":\"https:\\\/\\\/anivet.lt\\\/elparduotuve\\\/produktai\\\/\"},{\"@type\":\"ListItem\",\"position\":3,\"name\":\"Monge Spec. Line Monoprotein All Breeds Puppy &amp; and Junior Pork jauniems \u0161uniukams\"}]},{\"@type\":\"WebSite\",\"@id\":\"https:\\\/\\\/anivet.lt\\\/elparduotuve\\\/#website\",\"url\":\"https:\\\/\\\/anivet.lt\\\/elparduotuve\\\/\",\"name\":\"anivet.lt\",\"description\":\"Viskas J\u016bs\u0173 \u0161uns, kat\u0117s prie\u017ei\u016brai\",\"publisher\":{\"@id\":\"https:\\\/\\\/anivet.lt\\\/elparduotuve\\\/#organization\"},\"alternateName\":\"Viskas J\u016bs\u0173 \u0161uns, kat\u0117s prie\u017ei\u016brai\",\"potentialAction\":[{\"@type\":\"SearchAction\",\"target\":{\"@type\":\"EntryPoint\",\"urlTemplate\":\"https:\\\/\\\/anivet.lt\\\/elparduotuve\\\/?s={search_term_string}\"},\"query-input\":{\"@type\":\"PropertyValueSpecification\",\"valueRequired\":true,\"valueName\":\"search_term_string\"}}],\"inLanguage\":\"lt-LT\"},{\"@type\":\"Organization\",\"@id\":\"https:\\\/\\\/anivet.lt\\\/elparduotuve\\\/#organization\",\"name\":\"Viskas J\u016bs\u0173 \u0161uns, kat\u0117s prie\u017ei\u016brai\",\"url\":\"https:\\\/\\\/anivet.lt\\\/elparduotuve\\\/\",\"logo\":{\"@type\":\"ImageObject\",\"inLanguage\":\"lt-LT\",\"@id\":\"https:\\\/\\\/anivet.lt\\\/elparduotuve\\\/#\\\/schema\\\/logo\\\/image\\\/\",\"url\":\"https:\\\/\\\/anivet.lt\\\/elparduotuve\\\/wp-content\\\/uploads\\\/2023\\\/06\\\/logo2.jpg\",\"contentUrl\":\"https:\\\/\\\/anivet.lt\\\/elparduotuve\\\/wp-content\\\/uploads\\\/2023\\\/06\\\/logo2.jpg\",\"width\":655,\"height\":194,\"caption\":\"Viskas J\u016bs\u0173 \u0161uns, kat\u0117s prie\u017ei\u016brai\"},\"image\":{\"@id\":\"https:\\\/\\\/anivet.lt\\\/elparduotuve\\\/#\\\/schema\\\/logo\\\/image\\\/\"}}]}<\/script>\n<!-- \/ Yoast SEO Premium plugin. -->","yoast_head_json":{"title":"Monge Spec. Line Monoprotein All Breeds Puppy &amp; and Junior Pork jauniems \u0161uniukams - anivet.lt","description":"&nbsp;","robots":{"index":"index","follow":"follow","max-snippet":"max-snippet:-1","max-image-preview":"max-image-preview:large","max-video-preview":"max-video-preview:-1"},"canonical":"https:\/\/anivet.lt\/elparduotuve\/produktas\/monge-spec-line-monoprotein-all-breeds-puppy-and-junior-pork-jauniems-suniukams\/","og_locale":"lt_LT","og_type":"article","og_title":"Monge Spec. Line Monoprotein All Breeds Puppy &amp; and Junior Pork jauniems \u0161uniukams","og_description":"&nbsp;","og_url":"https:\/\/anivet.lt\/elparduotuve\/produktas\/monge-spec-line-monoprotein-all-breeds-puppy-and-junior-pork-jauniems-suniukams\/","og_site_name":"anivet.lt","article_modified_time":"2026-05-06T10:48:58+00:00","og_image":[{"width":800,"height":800,"url":"https:\/\/anivet.lt\/elparduotuve\/wp-content\/uploads\/2023\/10\/monge-spec-line-monoprotein-puppy-sausas-pasaras-visu-veisliu-jauniems-suniukams-su-kiaulie.jpg","type":"image\/jpeg"}],"twitter_card":"summary_large_image","twitter_misc":{"Est. reading time":"1 minut\u0117"},"schema":{"@context":"https:\/\/schema.org","@graph":[{"@type":"WebPage","@id":"https:\/\/anivet.lt\/elparduotuve\/produktas\/monge-spec-line-monoprotein-all-breeds-puppy-and-junior-pork-jauniems-suniukams\/","url":"https:\/\/anivet.lt\/elparduotuve\/produktas\/monge-spec-line-monoprotein-all-breeds-puppy-and-junior-pork-jauniems-suniukams\/","name":"Monge Spec. Line Monoprotein All Breeds Puppy &amp; and Junior Pork jauniems \u0161uniukams - anivet.lt","isPartOf":{"@id":"https:\/\/anivet.lt\/elparduotuve\/#website"},"primaryImageOfPage":{"@id":"https:\/\/anivet.lt\/elparduotuve\/produktas\/monge-spec-line-monoprotein-all-breeds-puppy-and-junior-pork-jauniems-suniukams\/#primaryimage"},"image":{"@id":"https:\/\/anivet.lt\/elparduotuve\/produktas\/monge-spec-line-monoprotein-all-breeds-puppy-and-junior-pork-jauniems-suniukams\/#primaryimage"},"thumbnailUrl":"https:\/\/anivet.lt\/elparduotuve\/wp-content\/uploads\/2023\/10\/monge-spec-line-monoprotein-puppy-sausas-pasaras-visu-veisliu-jauniems-suniukams-su-kiaulie.jpg","datePublished":"2023-10-06T12:43:31+00:00","dateModified":"2026-05-06T10:48:58+00:00","description":"&nbsp;","breadcrumb":{"@id":"https:\/\/anivet.lt\/elparduotuve\/produktas\/monge-spec-line-monoprotein-all-breeds-puppy-and-junior-pork-jauniems-suniukams\/#breadcrumb"},"inLanguage":"lt-LT","potentialAction":[{"@type":"ReadAction","target":["https:\/\/anivet.lt\/elparduotuve\/produktas\/monge-spec-line-monoprotein-all-breeds-puppy-and-junior-pork-jauniems-suniukams\/"]}]},{"@type":"ImageObject","inLanguage":"lt-LT","@id":"https:\/\/anivet.lt\/elparduotuve\/produktas\/monge-spec-line-monoprotein-all-breeds-puppy-and-junior-pork-jauniems-suniukams\/#primaryimage","url":"https:\/\/anivet.lt\/elparduotuve\/wp-content\/uploads\/2023\/10\/monge-spec-line-monoprotein-puppy-sausas-pasaras-visu-veisliu-jauniems-suniukams-su-kiaulie.jpg","contentUrl":"https:\/\/anivet.lt\/elparduotuve\/wp-content\/uploads\/2023\/10\/monge-spec-line-monoprotein-puppy-sausas-pasaras-visu-veisliu-jauniems-suniukams-su-kiaulie.jpg","width":800,"height":800,"caption":"Monge Spec. Line Monoprotein All Breeds Puppy &amp; and Junior Pork jauniems \u0161uniukams"},{"@type":"BreadcrumbList","@id":"https:\/\/anivet.lt\/elparduotuve\/produktas\/monge-spec-line-monoprotein-all-breeds-puppy-and-junior-pork-jauniems-suniukams\/#breadcrumb","itemListElement":[{"@type":"ListItem","position":1,"name":"Home","item":"https:\/\/anivet.lt\/elparduotuve\/"},{"@type":"ListItem","position":2,"name":"Produktai","item":"https:\/\/anivet.lt\/elparduotuve\/produktai\/"},{"@type":"ListItem","position":3,"name":"Monge Spec. Line Monoprotein All Breeds Puppy &amp; and Junior Pork jauniems \u0161uniukams"}]},{"@type":"WebSite","@id":"https:\/\/anivet.lt\/elparduotuve\/#website","url":"https:\/\/anivet.lt\/elparduotuve\/","name":"anivet.lt","description":"Viskas J\u016bs\u0173 \u0161uns, kat\u0117s prie\u017ei\u016brai","publisher":{"@id":"https:\/\/anivet.lt\/elparduotuve\/#organization"},"alternateName":"Viskas J\u016bs\u0173 \u0161uns, kat\u0117s prie\u017ei\u016brai","potentialAction":[{"@type":"SearchAction","target":{"@type":"EntryPoint","urlTemplate":"https:\/\/anivet.lt\/elparduotuve\/?s={search_term_string}"},"query-input":{"@type":"PropertyValueSpecification","valueRequired":true,"valueName":"search_term_string"}}],"inLanguage":"lt-LT"},{"@type":"Organization","@id":"https:\/\/anivet.lt\/elparduotuve\/#organization","name":"Viskas J\u016bs\u0173 \u0161uns, kat\u0117s prie\u017ei\u016brai","url":"https:\/\/anivet.lt\/elparduotuve\/","logo":{"@type":"ImageObject","inLanguage":"lt-LT","@id":"https:\/\/anivet.lt\/elparduotuve\/#\/schema\/logo\/image\/","url":"https:\/\/anivet.lt\/elparduotuve\/wp-content\/uploads\/2023\/06\/logo2.jpg","contentUrl":"https:\/\/anivet.lt\/elparduotuve\/wp-content\/uploads\/2023\/06\/logo2.jpg","width":655,"height":194,"caption":"Viskas J\u016bs\u0173 \u0161uns, kat\u0117s prie\u017ei\u016brai"},"image":{"@id":"https:\/\/anivet.lt\/elparduotuve\/#\/schema\/logo\/image\/"}}]}},"_links":{"self":[{"href":"https:\/\/anivet.lt\/elparduotuve\/wp-json\/wp\/v2\/product\/12118","targetHints":{"allow":["GET"]}}],"collection":[{"href":"https:\/\/anivet.lt\/elparduotuve\/wp-json\/wp\/v2\/product"}],"about":[{"href":"https:\/\/anivet.lt\/elparduotuve\/wp-json\/wp\/v2\/types\/product"}],"wp:featuredmedia":[{"embeddable":true,"href":"https:\/\/anivet.lt\/elparduotuve\/wp-json\/wp\/v2\/media\/12119"}],"wp:attachment":[{"href":"https:\/\/anivet.lt\/elparduotuve\/wp-json\/wp\/v2\/media?parent=12118"}],"wp:term":[{"taxonomy":"product_brand","embeddable":true,"href":"https:\/\/anivet.lt\/elparduotuve\/wp-json\/wp\/v2\/product_brand?post=12118"},{"taxonomy":"product_cat","embeddable":true,"href":"https:\/\/anivet.lt\/elparduotuve\/wp-json\/wp\/v2\/product_cat?post=12118"},{"taxonomy":"product_tag","embeddable":true,"href":"https:\/\/anivet.lt\/elparduotuve\/wp-json\/wp\/v2\/product_tag?post=12118"}],"curies":[{"name":"wp","href":"https:\/\/api.w.org\/{rel}","templated":true}]}}