{"id":12122,"date":"2023-10-07T17:23:52","date_gmt":"2023-10-07T17:23:52","guid":{"rendered":"https:\/\/anivet.lt\/elparduotuve\/?post_type=product&#038;p=12122"},"modified":"2026-05-06T10:49:52","modified_gmt":"2026-05-06T10:49:52","slug":"monge-spec-line-monoprotein-all-breeds-adult-pork-pasaras-suaugusiems-sunims-su-kiauliena","status":"publish","type":"product","link":"https:\/\/anivet.lt\/elparduotuve\/produktas\/monge-spec-line-monoprotein-all-breeds-adult-pork-pasaras-suaugusiems-sunims-su-kiauliena\/","title":{"rendered":"Monge Spec. Line Monoprotein All Breeds Adult Pork pa\u0161aras suaugusiems \u0161unims su kiauliena"},"content":{"rendered":"<p><span style=\"font-weight: 400;\">\u0160is visavertis ir lengvai vir\u0161kinamas pa\u0161aras, pagamintas su vienu gyv\u016bnin\u0117s kilm\u0117s baltym\u0173 \u0161altiniu \u2013 kiauliena, yra puikus pasirinkimas \u0161unims, kuriems reikia apsaugos nuo maisto netoleravimo ir lengvos mitybos.<\/span><\/p>\n<ul>\n<li style=\"font-weight: 400;\" aria-level=\"1\"><span style=\"font-weight: 400;\">Monoproteinin\u0117 formul\u0117: Kiauliena kaip vienintelis gyv\u016bninis baltym\u0173 \u0161altinis.<\/span><\/li>\n<li style=\"font-weight: 400;\" aria-level=\"1\"><span style=\"font-weight: 400;\">Nat\u016bral\u016bs prebiotikai (XOS): Palaiko \u017earnyno sveikat\u0105 ir gerina vir\u0161kinim\u0105.<\/span><\/li>\n<li style=\"font-weight: 400;\" aria-level=\"1\"><span style=\"font-weight: 400;\">Imunin\u0117s sistemos stiprinimas: Arti\u0161ok\u0173 ekstraktas, e\u017eiuol\u0117, raudon\u0117lis ir \u010desnakai.<\/span><\/li>\n<li style=\"font-weight: 400;\" aria-level=\"1\"><span style=\"font-weight: 400;\">Lengvai vir\u0161kinami angliavandeniai: Ry\u017eiai ir bulvi\u0173 baltym\u0173 koncentratas.<\/span><\/li>\n<li style=\"font-weight: 400;\" aria-level=\"1\"><span style=\"font-weight: 400;\">Praturtintas Omega-3 ir Omega-6 riebal\u0173 r\u016bg\u0161timis: Sveikai odai ir kailiui.<\/span><\/li>\n<\/ul>\n<p><span style=\"font-weight: 400;\">\u201eMonge Speciality Line Monoprotein Adult Pork\u201c puikiai tinka \u0161unims, turintiems jautri\u0105 vir\u0161kinimo sistem\u0105 arba linkusiems \u012f maisto netoleravim\u0105. Pa\u0161aras suteikia visavert\u0119 ir subalansuot\u0105 mityb\u0105, skatina sveik\u0105 \u017earnyno mikroflor\u0105, stiprina imunin\u0119 sistem\u0105 ir u\u017etikrina ger\u0105 savijaut\u0105. Nat\u016bral\u016bs ingredientai, tokie kaip spirulina ir juka, padeda palaikyti bendr\u0105 gyv\u016bno sveikat\u0105 ir energij\u0105.<\/span><\/p>\n","protected":false},"excerpt":{"rendered":"<p>\u0160is visavertis ir lengvai vir\u0161kinamas pa\u0161aras, pagamintas su vienu gyv\u016bnin\u0117s kilm\u0117s baltym\u0173 \u0161altiniu \u2013 kiauliena, yra puikus pasirinkimas \u0161unims, kuriems<\/p>\n","protected":false},"featured_media":12123,"template":"","meta":[],"product_brand":[],"product_cat":[101,103,104,318],"product_tag":[],"class_list":{"0":"post-12122","1":"product","2":"type-product","3":"status-publish","4":"has-post-thumbnail","6":"product_cat-sunims","7":"product_cat-sunu-maistas","8":"product_cat-sausas-maistas","9":"product_cat-monge-sunu-maistas","10":"pa_prekinis-zenklas-monge","12":"first","13":"instock","14":"sale","15":"taxable","16":"shipping-taxable","17":"purchasable","18":"product-type-simple"},"yoast_head":"<!-- This site is optimized with the Yoast SEO Premium plugin v27.1 (Yoast SEO v27.5) - https:\/\/yoast.com\/product\/yoast-seo-premium-wordpress\/ -->\n<title>Monge Spec. Line Monoprotein All Breeds Adult Pork pa\u0161aras suaugusiems \u0161unims su kiauliena - anivet.lt<\/title>\n<meta name=\"description\" content=\"\u0160is visavertis ir lengvai vir\u0161kinamas pa\u0161aras, pagamintas su vienu gyv\u016bnin\u0117s kilm\u0117s baltym\u0173 \u0161altiniu \u2013 kiauliena, yra puikus pasirinkimas \u0161unims, kuriems\" \/>\n<meta name=\"robots\" content=\"index, follow, max-snippet:-1, max-image-preview:large, max-video-preview:-1\" \/>\n<link rel=\"canonical\" href=\"https:\/\/anivet.lt\/elparduotuve\/produktas\/monge-spec-line-monoprotein-all-breeds-adult-pork-pasaras-suaugusiems-sunims-su-kiauliena\/\" \/>\n<meta property=\"og:locale\" content=\"lt_LT\" \/>\n<meta property=\"og:type\" content=\"article\" \/>\n<meta property=\"og:title\" content=\"Monge Spec. Line Monoprotein All Breeds Adult Pork pa\u0161aras suaugusiems \u0161unims su kiauliena\" \/>\n<meta property=\"og:description\" content=\"\u0160is visavertis ir lengvai vir\u0161kinamas pa\u0161aras, pagamintas su vienu gyv\u016bnin\u0117s kilm\u0117s baltym\u0173 \u0161altiniu \u2013 kiauliena, yra puikus pasirinkimas \u0161unims, kuriems\" \/>\n<meta property=\"og:url\" content=\"https:\/\/anivet.lt\/elparduotuve\/produktas\/monge-spec-line-monoprotein-all-breeds-adult-pork-pasaras-suaugusiems-sunims-su-kiauliena\/\" \/>\n<meta property=\"og:site_name\" content=\"anivet.lt\" \/>\n<meta property=\"article:modified_time\" content=\"2026-05-06T10:49:52+00:00\" \/>\n<meta property=\"og:image\" content=\"https:\/\/anivet.lt\/elparduotuve\/wp-content\/uploads\/2023\/10\/monge-dry-dog-monoprotein-line-all-breeds-adult-pork-rice-potatoes-sausas-pasara.webp\" \/>\n\t<meta property=\"og:image:width\" content=\"800\" \/>\n\t<meta property=\"og:image:height\" content=\"600\" \/>\n\t<meta property=\"og:image:type\" content=\"image\/webp\" \/>\n<meta name=\"twitter:card\" content=\"summary_large_image\" \/>\n<meta name=\"twitter:label1\" content=\"Est. reading time\" \/>\n\t<meta name=\"twitter:data1\" content=\"1 minut\u0117\" \/>\n<script type=\"application\/ld+json\" class=\"yoast-schema-graph\">{\"@context\":\"https:\\\/\\\/schema.org\",\"@graph\":[{\"@type\":\"WebPage\",\"@id\":\"https:\\\/\\\/anivet.lt\\\/elparduotuve\\\/produktas\\\/monge-spec-line-monoprotein-all-breeds-adult-pork-pasaras-suaugusiems-sunims-su-kiauliena\\\/\",\"url\":\"https:\\\/\\\/anivet.lt\\\/elparduotuve\\\/produktas\\\/monge-spec-line-monoprotein-all-breeds-adult-pork-pasaras-suaugusiems-sunims-su-kiauliena\\\/\",\"name\":\"Monge Spec. Line Monoprotein All Breeds Adult Pork pa\u0161aras suaugusiems \u0161unims su kiauliena - anivet.lt\",\"isPartOf\":{\"@id\":\"https:\\\/\\\/anivet.lt\\\/elparduotuve\\\/#website\"},\"primaryImageOfPage\":{\"@id\":\"https:\\\/\\\/anivet.lt\\\/elparduotuve\\\/produktas\\\/monge-spec-line-monoprotein-all-breeds-adult-pork-pasaras-suaugusiems-sunims-su-kiauliena\\\/#primaryimage\"},\"image\":{\"@id\":\"https:\\\/\\\/anivet.lt\\\/elparduotuve\\\/produktas\\\/monge-spec-line-monoprotein-all-breeds-adult-pork-pasaras-suaugusiems-sunims-su-kiauliena\\\/#primaryimage\"},\"thumbnailUrl\":\"https:\\\/\\\/anivet.lt\\\/elparduotuve\\\/wp-content\\\/uploads\\\/2023\\\/10\\\/monge-dry-dog-monoprotein-line-all-breeds-adult-pork-rice-potatoes-sausas-pasara.webp\",\"datePublished\":\"2023-10-07T17:23:52+00:00\",\"dateModified\":\"2026-05-06T10:49:52+00:00\",\"description\":\"\u0160is visavertis ir lengvai vir\u0161kinamas pa\u0161aras, pagamintas su vienu gyv\u016bnin\u0117s kilm\u0117s baltym\u0173 \u0161altiniu \u2013 kiauliena, yra puikus pasirinkimas \u0161unims, kuriems\",\"breadcrumb\":{\"@id\":\"https:\\\/\\\/anivet.lt\\\/elparduotuve\\\/produktas\\\/monge-spec-line-monoprotein-all-breeds-adult-pork-pasaras-suaugusiems-sunims-su-kiauliena\\\/#breadcrumb\"},\"inLanguage\":\"lt-LT\",\"potentialAction\":[{\"@type\":\"ReadAction\",\"target\":[\"https:\\\/\\\/anivet.lt\\\/elparduotuve\\\/produktas\\\/monge-spec-line-monoprotein-all-breeds-adult-pork-pasaras-suaugusiems-sunims-su-kiauliena\\\/\"]}]},{\"@type\":\"ImageObject\",\"inLanguage\":\"lt-LT\",\"@id\":\"https:\\\/\\\/anivet.lt\\\/elparduotuve\\\/produktas\\\/monge-spec-line-monoprotein-all-breeds-adult-pork-pasaras-suaugusiems-sunims-su-kiauliena\\\/#primaryimage\",\"url\":\"https:\\\/\\\/anivet.lt\\\/elparduotuve\\\/wp-content\\\/uploads\\\/2023\\\/10\\\/monge-dry-dog-monoprotein-line-all-breeds-adult-pork-rice-potatoes-sausas-pasara.webp\",\"contentUrl\":\"https:\\\/\\\/anivet.lt\\\/elparduotuve\\\/wp-content\\\/uploads\\\/2023\\\/10\\\/monge-dry-dog-monoprotein-line-all-breeds-adult-pork-rice-potatoes-sausas-pasara.webp\",\"width\":800,\"height\":600,\"caption\":\"Monge Spec. Line Monoprotein All Breeds Adult Pork pa\u0161aras suaugusiems \u0161unims su kiauliena\"},{\"@type\":\"BreadcrumbList\",\"@id\":\"https:\\\/\\\/anivet.lt\\\/elparduotuve\\\/produktas\\\/monge-spec-line-monoprotein-all-breeds-adult-pork-pasaras-suaugusiems-sunims-su-kiauliena\\\/#breadcrumb\",\"itemListElement\":[{\"@type\":\"ListItem\",\"position\":1,\"name\":\"Home\",\"item\":\"https:\\\/\\\/anivet.lt\\\/elparduotuve\\\/\"},{\"@type\":\"ListItem\",\"position\":2,\"name\":\"Produktai\",\"item\":\"https:\\\/\\\/anivet.lt\\\/elparduotuve\\\/produktai\\\/\"},{\"@type\":\"ListItem\",\"position\":3,\"name\":\"Monge Spec. Line Monoprotein All Breeds Adult Pork pa\u0161aras suaugusiems \u0161unims su kiauliena\"}]},{\"@type\":\"WebSite\",\"@id\":\"https:\\\/\\\/anivet.lt\\\/elparduotuve\\\/#website\",\"url\":\"https:\\\/\\\/anivet.lt\\\/elparduotuve\\\/\",\"name\":\"anivet.lt\",\"description\":\"Viskas J\u016bs\u0173 \u0161uns, kat\u0117s prie\u017ei\u016brai\",\"publisher\":{\"@id\":\"https:\\\/\\\/anivet.lt\\\/elparduotuve\\\/#organization\"},\"alternateName\":\"Viskas J\u016bs\u0173 \u0161uns, kat\u0117s prie\u017ei\u016brai\",\"potentialAction\":[{\"@type\":\"SearchAction\",\"target\":{\"@type\":\"EntryPoint\",\"urlTemplate\":\"https:\\\/\\\/anivet.lt\\\/elparduotuve\\\/?s={search_term_string}\"},\"query-input\":{\"@type\":\"PropertyValueSpecification\",\"valueRequired\":true,\"valueName\":\"search_term_string\"}}],\"inLanguage\":\"lt-LT\"},{\"@type\":\"Organization\",\"@id\":\"https:\\\/\\\/anivet.lt\\\/elparduotuve\\\/#organization\",\"name\":\"Viskas J\u016bs\u0173 \u0161uns, kat\u0117s prie\u017ei\u016brai\",\"url\":\"https:\\\/\\\/anivet.lt\\\/elparduotuve\\\/\",\"logo\":{\"@type\":\"ImageObject\",\"inLanguage\":\"lt-LT\",\"@id\":\"https:\\\/\\\/anivet.lt\\\/elparduotuve\\\/#\\\/schema\\\/logo\\\/image\\\/\",\"url\":\"https:\\\/\\\/anivet.lt\\\/elparduotuve\\\/wp-content\\\/uploads\\\/2023\\\/06\\\/logo2.jpg\",\"contentUrl\":\"https:\\\/\\\/anivet.lt\\\/elparduotuve\\\/wp-content\\\/uploads\\\/2023\\\/06\\\/logo2.jpg\",\"width\":655,\"height\":194,\"caption\":\"Viskas J\u016bs\u0173 \u0161uns, kat\u0117s prie\u017ei\u016brai\"},\"image\":{\"@id\":\"https:\\\/\\\/anivet.lt\\\/elparduotuve\\\/#\\\/schema\\\/logo\\\/image\\\/\"}}]}<\/script>\n<!-- \/ Yoast SEO Premium plugin. -->","yoast_head_json":{"title":"Monge Spec. Line Monoprotein All Breeds Adult Pork pa\u0161aras suaugusiems \u0161unims su kiauliena - anivet.lt","description":"\u0160is visavertis ir lengvai vir\u0161kinamas pa\u0161aras, pagamintas su vienu gyv\u016bnin\u0117s kilm\u0117s baltym\u0173 \u0161altiniu \u2013 kiauliena, yra puikus pasirinkimas \u0161unims, kuriems","robots":{"index":"index","follow":"follow","max-snippet":"max-snippet:-1","max-image-preview":"max-image-preview:large","max-video-preview":"max-video-preview:-1"},"canonical":"https:\/\/anivet.lt\/elparduotuve\/produktas\/monge-spec-line-monoprotein-all-breeds-adult-pork-pasaras-suaugusiems-sunims-su-kiauliena\/","og_locale":"lt_LT","og_type":"article","og_title":"Monge Spec. Line Monoprotein All Breeds Adult Pork pa\u0161aras suaugusiems \u0161unims su kiauliena","og_description":"\u0160is visavertis ir lengvai vir\u0161kinamas pa\u0161aras, pagamintas su vienu gyv\u016bnin\u0117s kilm\u0117s baltym\u0173 \u0161altiniu \u2013 kiauliena, yra puikus pasirinkimas \u0161unims, kuriems","og_url":"https:\/\/anivet.lt\/elparduotuve\/produktas\/monge-spec-line-monoprotein-all-breeds-adult-pork-pasaras-suaugusiems-sunims-su-kiauliena\/","og_site_name":"anivet.lt","article_modified_time":"2026-05-06T10:49:52+00:00","og_image":[{"width":800,"height":600,"url":"https:\/\/anivet.lt\/elparduotuve\/wp-content\/uploads\/2023\/10\/monge-dry-dog-monoprotein-line-all-breeds-adult-pork-rice-potatoes-sausas-pasara.webp","type":"image\/webp"}],"twitter_card":"summary_large_image","twitter_misc":{"Est. reading time":"1 minut\u0117"},"schema":{"@context":"https:\/\/schema.org","@graph":[{"@type":"WebPage","@id":"https:\/\/anivet.lt\/elparduotuve\/produktas\/monge-spec-line-monoprotein-all-breeds-adult-pork-pasaras-suaugusiems-sunims-su-kiauliena\/","url":"https:\/\/anivet.lt\/elparduotuve\/produktas\/monge-spec-line-monoprotein-all-breeds-adult-pork-pasaras-suaugusiems-sunims-su-kiauliena\/","name":"Monge Spec. Line Monoprotein All Breeds Adult Pork pa\u0161aras suaugusiems \u0161unims su kiauliena - anivet.lt","isPartOf":{"@id":"https:\/\/anivet.lt\/elparduotuve\/#website"},"primaryImageOfPage":{"@id":"https:\/\/anivet.lt\/elparduotuve\/produktas\/monge-spec-line-monoprotein-all-breeds-adult-pork-pasaras-suaugusiems-sunims-su-kiauliena\/#primaryimage"},"image":{"@id":"https:\/\/anivet.lt\/elparduotuve\/produktas\/monge-spec-line-monoprotein-all-breeds-adult-pork-pasaras-suaugusiems-sunims-su-kiauliena\/#primaryimage"},"thumbnailUrl":"https:\/\/anivet.lt\/elparduotuve\/wp-content\/uploads\/2023\/10\/monge-dry-dog-monoprotein-line-all-breeds-adult-pork-rice-potatoes-sausas-pasara.webp","datePublished":"2023-10-07T17:23:52+00:00","dateModified":"2026-05-06T10:49:52+00:00","description":"\u0160is visavertis ir lengvai vir\u0161kinamas pa\u0161aras, pagamintas su vienu gyv\u016bnin\u0117s kilm\u0117s baltym\u0173 \u0161altiniu \u2013 kiauliena, yra puikus pasirinkimas \u0161unims, kuriems","breadcrumb":{"@id":"https:\/\/anivet.lt\/elparduotuve\/produktas\/monge-spec-line-monoprotein-all-breeds-adult-pork-pasaras-suaugusiems-sunims-su-kiauliena\/#breadcrumb"},"inLanguage":"lt-LT","potentialAction":[{"@type":"ReadAction","target":["https:\/\/anivet.lt\/elparduotuve\/produktas\/monge-spec-line-monoprotein-all-breeds-adult-pork-pasaras-suaugusiems-sunims-su-kiauliena\/"]}]},{"@type":"ImageObject","inLanguage":"lt-LT","@id":"https:\/\/anivet.lt\/elparduotuve\/produktas\/monge-spec-line-monoprotein-all-breeds-adult-pork-pasaras-suaugusiems-sunims-su-kiauliena\/#primaryimage","url":"https:\/\/anivet.lt\/elparduotuve\/wp-content\/uploads\/2023\/10\/monge-dry-dog-monoprotein-line-all-breeds-adult-pork-rice-potatoes-sausas-pasara.webp","contentUrl":"https:\/\/anivet.lt\/elparduotuve\/wp-content\/uploads\/2023\/10\/monge-dry-dog-monoprotein-line-all-breeds-adult-pork-rice-potatoes-sausas-pasara.webp","width":800,"height":600,"caption":"Monge Spec. Line Monoprotein All Breeds Adult Pork pa\u0161aras suaugusiems \u0161unims su kiauliena"},{"@type":"BreadcrumbList","@id":"https:\/\/anivet.lt\/elparduotuve\/produktas\/monge-spec-line-monoprotein-all-breeds-adult-pork-pasaras-suaugusiems-sunims-su-kiauliena\/#breadcrumb","itemListElement":[{"@type":"ListItem","position":1,"name":"Home","item":"https:\/\/anivet.lt\/elparduotuve\/"},{"@type":"ListItem","position":2,"name":"Produktai","item":"https:\/\/anivet.lt\/elparduotuve\/produktai\/"},{"@type":"ListItem","position":3,"name":"Monge Spec. Line Monoprotein All Breeds Adult Pork pa\u0161aras suaugusiems \u0161unims su kiauliena"}]},{"@type":"WebSite","@id":"https:\/\/anivet.lt\/elparduotuve\/#website","url":"https:\/\/anivet.lt\/elparduotuve\/","name":"anivet.lt","description":"Viskas J\u016bs\u0173 \u0161uns, kat\u0117s prie\u017ei\u016brai","publisher":{"@id":"https:\/\/anivet.lt\/elparduotuve\/#organization"},"alternateName":"Viskas J\u016bs\u0173 \u0161uns, kat\u0117s prie\u017ei\u016brai","potentialAction":[{"@type":"SearchAction","target":{"@type":"EntryPoint","urlTemplate":"https:\/\/anivet.lt\/elparduotuve\/?s={search_term_string}"},"query-input":{"@type":"PropertyValueSpecification","valueRequired":true,"valueName":"search_term_string"}}],"inLanguage":"lt-LT"},{"@type":"Organization","@id":"https:\/\/anivet.lt\/elparduotuve\/#organization","name":"Viskas J\u016bs\u0173 \u0161uns, kat\u0117s prie\u017ei\u016brai","url":"https:\/\/anivet.lt\/elparduotuve\/","logo":{"@type":"ImageObject","inLanguage":"lt-LT","@id":"https:\/\/anivet.lt\/elparduotuve\/#\/schema\/logo\/image\/","url":"https:\/\/anivet.lt\/elparduotuve\/wp-content\/uploads\/2023\/06\/logo2.jpg","contentUrl":"https:\/\/anivet.lt\/elparduotuve\/wp-content\/uploads\/2023\/06\/logo2.jpg","width":655,"height":194,"caption":"Viskas J\u016bs\u0173 \u0161uns, kat\u0117s prie\u017ei\u016brai"},"image":{"@id":"https:\/\/anivet.lt\/elparduotuve\/#\/schema\/logo\/image\/"}}]}},"_links":{"self":[{"href":"https:\/\/anivet.lt\/elparduotuve\/wp-json\/wp\/v2\/product\/12122","targetHints":{"allow":["GET"]}}],"collection":[{"href":"https:\/\/anivet.lt\/elparduotuve\/wp-json\/wp\/v2\/product"}],"about":[{"href":"https:\/\/anivet.lt\/elparduotuve\/wp-json\/wp\/v2\/types\/product"}],"wp:featuredmedia":[{"embeddable":true,"href":"https:\/\/anivet.lt\/elparduotuve\/wp-json\/wp\/v2\/media\/12123"}],"wp:attachment":[{"href":"https:\/\/anivet.lt\/elparduotuve\/wp-json\/wp\/v2\/media?parent=12122"}],"wp:term":[{"taxonomy":"product_brand","embeddable":true,"href":"https:\/\/anivet.lt\/elparduotuve\/wp-json\/wp\/v2\/product_brand?post=12122"},{"taxonomy":"product_cat","embeddable":true,"href":"https:\/\/anivet.lt\/elparduotuve\/wp-json\/wp\/v2\/product_cat?post=12122"},{"taxonomy":"product_tag","embeddable":true,"href":"https:\/\/anivet.lt\/elparduotuve\/wp-json\/wp\/v2\/product_tag?post=12122"}],"curies":[{"name":"wp","href":"https:\/\/api.w.org\/{rel}","templated":true}]}}