{"id":12124,"date":"2023-10-07T20:57:40","date_gmt":"2023-10-07T20:57:40","guid":{"rendered":"https:\/\/anivet.lt\/elparduotuve\/?post_type=product&#038;p=12124"},"modified":"2026-05-06T10:50:34","modified_gmt":"2026-05-06T10:50:34","slug":"monge-spec-line-monoprotein-all-breeds-puppy-junior-jauniems-suniukams-su-antiena","status":"publish","type":"product","link":"https:\/\/anivet.lt\/elparduotuve\/produktas\/monge-spec-line-monoprotein-all-breeds-puppy-junior-jauniems-suniukams-su-antiena\/","title":{"rendered":"Monge Spec. Line Monoprotein All Breeds Puppy &amp; Junior jauniems \u0161uniukams su antiena"},"content":{"rendered":"<ul>\n<li style=\"font-weight: 400;\" aria-level=\"1\"><span style=\"font-weight: 400;\">Vienas baltym\u0173 \u0161altinis: Antiena puikiai tinka alergi\u0161kiems ir jautriems \u0161unims.<\/span><\/li>\n<li style=\"font-weight: 400;\" aria-level=\"1\"><span style=\"font-weight: 400;\">Oda ir kailis: Omega-3 ir Omega-6 riebal\u0173 r\u016bg\u0161tys palaiko sveik\u0105 od\u0105 ir \u017evilgant\u012f kail\u012f.<\/span><\/li>\n<li style=\"font-weight: 400;\" aria-level=\"1\"><span style=\"font-weight: 400;\">Sveiki s\u0105nariai: Gliukozaminas ir chondroitino sulfatas stiprina s\u0105narius ir padeda j\u0173 vystymuisi.<\/span><\/li>\n<li style=\"font-weight: 400;\" aria-level=\"1\"><span style=\"font-weight: 400;\">Nat\u016bral\u016bs priedai: Sud\u0117tyje yra spirulinos, Echinacea, \u010desnak\u0173 ir valgom\u0173j\u0173 ka\u0161taini\u0173 ekstrakt\u0173, stiprinan\u010di\u0173 imunitet\u0105 ir gerinantys vir\u0161kinim\u0105.<\/span><\/li>\n<li style=\"font-weight: 400;\" aria-level=\"1\"><span style=\"font-weight: 400;\">Be dirbtini\u0173 da\u017eikli\u0173 ir konservant\u0173: Nat\u016bralus produktas, praturtintas antioksidantais.<\/span><\/li>\n<\/ul>\n<p><span style=\"font-weight: 400;\">\u0160is pa\u0161aras su antiena yra idealus pasirinkimas \u0161uniukams, turintiems jautri\u0105 vir\u0161kinimo sistem\u0105 ar alergij\u0173 rizik\u0105. Auk\u0161tos kokyb\u0117s ingredientai ir kruop\u0161\u010diai parinktos maistin\u0117s med\u017eiagos u\u017etikrina tinkam\u0105 augim\u0105, sveik\u0105 od\u0105, kail\u012f ir s\u0105nari\u0173 vystym\u0105si. Nat\u016bral\u016bs ekstraktai ir antioksidantai prisideda prie bendros \u0161uns sveikatos ir gerov\u0117s.<\/span><\/p>\n","protected":false},"excerpt":{"rendered":"<p><span style=\"font-weight: 400;\">Visavertis sausas pa\u0161aras jauniems \u0161uniukams su antiena. Vienas gyv\u016bnin\u0117s kilm\u0117s baltym\u0173 \u0161altinis \u2013 antiena \u2013 u\u017etikrina tinkam\u0105 mityb\u0105, ypa\u010d tinka alergi\u0161kiems augintiniams.<\/span><\/p>\n","protected":false},"featured_media":12125,"template":"","meta":[],"product_brand":[],"product_cat":[101,103,104,318],"product_tag":[],"class_list":{"0":"post-12124","1":"product","2":"type-product","3":"status-publish","4":"has-post-thumbnail","6":"product_cat-sunims","7":"product_cat-sunu-maistas","8":"product_cat-sausas-maistas","9":"product_cat-monge-sunu-maistas","10":"pa_prekinis-zenklas-monge","12":"first","13":"instock","14":"sale","15":"taxable","16":"shipping-taxable","17":"purchasable","18":"product-type-variable"},"yoast_head":"<!-- This site is optimized with the Yoast SEO Premium plugin v27.1 (Yoast SEO v27.5) - https:\/\/yoast.com\/product\/yoast-seo-premium-wordpress\/ -->\n<title>Monge Spec. Line Monoprotein All Breeds Puppy &amp; Junior jauniems \u0161uniukams su antiena - anivet.lt<\/title>\n<meta name=\"description\" content=\"Visavertis sausas pa\u0161aras jauniems \u0161uniukams su antiena. Vienas gyv\u016bnin\u0117s kilm\u0117s baltym\u0173 \u0161altinis \u2013 antiena \u2013 u\u017etikrina tinkam\u0105 mityb\u0105, ypa\u010d tinka alergi\u0161kiems augintiniams.\" \/>\n<meta name=\"robots\" content=\"index, follow, max-snippet:-1, max-image-preview:large, max-video-preview:-1\" \/>\n<link rel=\"canonical\" href=\"https:\/\/anivet.lt\/elparduotuve\/produktas\/monge-spec-line-monoprotein-all-breeds-puppy-junior-jauniems-suniukams-su-antiena\/\" \/>\n<meta property=\"og:locale\" content=\"lt_LT\" \/>\n<meta property=\"og:type\" content=\"article\" \/>\n<meta property=\"og:title\" content=\"Monge Spec. Line Monoprotein All Breeds Puppy &amp; Junior jauniems \u0161uniukams su antiena\" \/>\n<meta property=\"og:description\" content=\"Visavertis sausas pa\u0161aras jauniems \u0161uniukams su antiena. Vienas gyv\u016bnin\u0117s kilm\u0117s baltym\u0173 \u0161altinis \u2013 antiena \u2013 u\u017etikrina tinkam\u0105 mityb\u0105, ypa\u010d tinka alergi\u0161kiems augintiniams.\" \/>\n<meta property=\"og:url\" content=\"https:\/\/anivet.lt\/elparduotuve\/produktas\/monge-spec-line-monoprotein-all-breeds-puppy-junior-jauniems-suniukams-su-antiena\/\" \/>\n<meta property=\"og:site_name\" content=\"anivet.lt\" \/>\n<meta property=\"article:modified_time\" content=\"2026-05-06T10:50:34+00:00\" \/>\n<meta property=\"og:image\" content=\"https:\/\/anivet.lt\/elparduotuve\/wp-content\/uploads\/2023\/10\/monge-spec-line-monoprotein-puppy-sausas-pasaras-visu-veisliu-jauniems-suniukams-su-antiena-ryziais-ir-bulv.jpg\" \/>\n\t<meta property=\"og:image:width\" content=\"800\" \/>\n\t<meta property=\"og:image:height\" content=\"800\" \/>\n\t<meta property=\"og:image:type\" content=\"image\/jpeg\" \/>\n<meta name=\"twitter:card\" content=\"summary_large_image\" \/>\n<meta name=\"twitter:label1\" content=\"Est. reading time\" \/>\n\t<meta name=\"twitter:data1\" content=\"1 minut\u0117\" \/>\n<script type=\"application\/ld+json\" class=\"yoast-schema-graph\">{\"@context\":\"https:\\\/\\\/schema.org\",\"@graph\":[{\"@type\":\"WebPage\",\"@id\":\"https:\\\/\\\/anivet.lt\\\/elparduotuve\\\/produktas\\\/monge-spec-line-monoprotein-all-breeds-puppy-junior-jauniems-suniukams-su-antiena\\\/\",\"url\":\"https:\\\/\\\/anivet.lt\\\/elparduotuve\\\/produktas\\\/monge-spec-line-monoprotein-all-breeds-puppy-junior-jauniems-suniukams-su-antiena\\\/\",\"name\":\"Monge Spec. Line Monoprotein All Breeds Puppy &amp; Junior jauniems \u0161uniukams su antiena - anivet.lt\",\"isPartOf\":{\"@id\":\"https:\\\/\\\/anivet.lt\\\/elparduotuve\\\/#website\"},\"primaryImageOfPage\":{\"@id\":\"https:\\\/\\\/anivet.lt\\\/elparduotuve\\\/produktas\\\/monge-spec-line-monoprotein-all-breeds-puppy-junior-jauniems-suniukams-su-antiena\\\/#primaryimage\"},\"image\":{\"@id\":\"https:\\\/\\\/anivet.lt\\\/elparduotuve\\\/produktas\\\/monge-spec-line-monoprotein-all-breeds-puppy-junior-jauniems-suniukams-su-antiena\\\/#primaryimage\"},\"thumbnailUrl\":\"https:\\\/\\\/anivet.lt\\\/elparduotuve\\\/wp-content\\\/uploads\\\/2023\\\/10\\\/monge-spec-line-monoprotein-puppy-sausas-pasaras-visu-veisliu-jauniems-suniukams-su-antiena-ryziais-ir-bulv.jpg\",\"datePublished\":\"2023-10-07T20:57:40+00:00\",\"dateModified\":\"2026-05-06T10:50:34+00:00\",\"description\":\"Visavertis sausas pa\u0161aras jauniems \u0161uniukams su antiena. Vienas gyv\u016bnin\u0117s kilm\u0117s baltym\u0173 \u0161altinis \u2013 antiena \u2013 u\u017etikrina tinkam\u0105 mityb\u0105, ypa\u010d tinka alergi\u0161kiems augintiniams.\",\"breadcrumb\":{\"@id\":\"https:\\\/\\\/anivet.lt\\\/elparduotuve\\\/produktas\\\/monge-spec-line-monoprotein-all-breeds-puppy-junior-jauniems-suniukams-su-antiena\\\/#breadcrumb\"},\"inLanguage\":\"lt-LT\",\"potentialAction\":[{\"@type\":\"ReadAction\",\"target\":[\"https:\\\/\\\/anivet.lt\\\/elparduotuve\\\/produktas\\\/monge-spec-line-monoprotein-all-breeds-puppy-junior-jauniems-suniukams-su-antiena\\\/\"]}]},{\"@type\":\"ImageObject\",\"inLanguage\":\"lt-LT\",\"@id\":\"https:\\\/\\\/anivet.lt\\\/elparduotuve\\\/produktas\\\/monge-spec-line-monoprotein-all-breeds-puppy-junior-jauniems-suniukams-su-antiena\\\/#primaryimage\",\"url\":\"https:\\\/\\\/anivet.lt\\\/elparduotuve\\\/wp-content\\\/uploads\\\/2023\\\/10\\\/monge-spec-line-monoprotein-puppy-sausas-pasaras-visu-veisliu-jauniems-suniukams-su-antiena-ryziais-ir-bulv.jpg\",\"contentUrl\":\"https:\\\/\\\/anivet.lt\\\/elparduotuve\\\/wp-content\\\/uploads\\\/2023\\\/10\\\/monge-spec-line-monoprotein-puppy-sausas-pasaras-visu-veisliu-jauniems-suniukams-su-antiena-ryziais-ir-bulv.jpg\",\"width\":800,\"height\":800,\"caption\":\"Monge Spec. Line Monoprotein All Breeds Puppy &amp; Junior jauniems \u0161uniukams su antiena\"},{\"@type\":\"BreadcrumbList\",\"@id\":\"https:\\\/\\\/anivet.lt\\\/elparduotuve\\\/produktas\\\/monge-spec-line-monoprotein-all-breeds-puppy-junior-jauniems-suniukams-su-antiena\\\/#breadcrumb\",\"itemListElement\":[{\"@type\":\"ListItem\",\"position\":1,\"name\":\"Home\",\"item\":\"https:\\\/\\\/anivet.lt\\\/elparduotuve\\\/\"},{\"@type\":\"ListItem\",\"position\":2,\"name\":\"Produktai\",\"item\":\"https:\\\/\\\/anivet.lt\\\/elparduotuve\\\/produktai\\\/\"},{\"@type\":\"ListItem\",\"position\":3,\"name\":\"Monge Spec. Line Monoprotein All Breeds Puppy &amp; Junior jauniems \u0161uniukams su antiena\"}]},{\"@type\":\"WebSite\",\"@id\":\"https:\\\/\\\/anivet.lt\\\/elparduotuve\\\/#website\",\"url\":\"https:\\\/\\\/anivet.lt\\\/elparduotuve\\\/\",\"name\":\"anivet.lt\",\"description\":\"Viskas J\u016bs\u0173 \u0161uns, kat\u0117s prie\u017ei\u016brai\",\"publisher\":{\"@id\":\"https:\\\/\\\/anivet.lt\\\/elparduotuve\\\/#organization\"},\"alternateName\":\"Viskas J\u016bs\u0173 \u0161uns, kat\u0117s prie\u017ei\u016brai\",\"potentialAction\":[{\"@type\":\"SearchAction\",\"target\":{\"@type\":\"EntryPoint\",\"urlTemplate\":\"https:\\\/\\\/anivet.lt\\\/elparduotuve\\\/?s={search_term_string}\"},\"query-input\":{\"@type\":\"PropertyValueSpecification\",\"valueRequired\":true,\"valueName\":\"search_term_string\"}}],\"inLanguage\":\"lt-LT\"},{\"@type\":\"Organization\",\"@id\":\"https:\\\/\\\/anivet.lt\\\/elparduotuve\\\/#organization\",\"name\":\"Viskas J\u016bs\u0173 \u0161uns, kat\u0117s prie\u017ei\u016brai\",\"url\":\"https:\\\/\\\/anivet.lt\\\/elparduotuve\\\/\",\"logo\":{\"@type\":\"ImageObject\",\"inLanguage\":\"lt-LT\",\"@id\":\"https:\\\/\\\/anivet.lt\\\/elparduotuve\\\/#\\\/schema\\\/logo\\\/image\\\/\",\"url\":\"https:\\\/\\\/anivet.lt\\\/elparduotuve\\\/wp-content\\\/uploads\\\/2023\\\/06\\\/logo2.jpg\",\"contentUrl\":\"https:\\\/\\\/anivet.lt\\\/elparduotuve\\\/wp-content\\\/uploads\\\/2023\\\/06\\\/logo2.jpg\",\"width\":655,\"height\":194,\"caption\":\"Viskas J\u016bs\u0173 \u0161uns, kat\u0117s prie\u017ei\u016brai\"},\"image\":{\"@id\":\"https:\\\/\\\/anivet.lt\\\/elparduotuve\\\/#\\\/schema\\\/logo\\\/image\\\/\"}}]}<\/script>\n<!-- \/ Yoast SEO Premium plugin. -->","yoast_head_json":{"title":"Monge Spec. Line Monoprotein All Breeds Puppy &amp; Junior jauniems \u0161uniukams su antiena - anivet.lt","description":"Visavertis sausas pa\u0161aras jauniems \u0161uniukams su antiena. Vienas gyv\u016bnin\u0117s kilm\u0117s baltym\u0173 \u0161altinis \u2013 antiena \u2013 u\u017etikrina tinkam\u0105 mityb\u0105, ypa\u010d tinka alergi\u0161kiems augintiniams.","robots":{"index":"index","follow":"follow","max-snippet":"max-snippet:-1","max-image-preview":"max-image-preview:large","max-video-preview":"max-video-preview:-1"},"canonical":"https:\/\/anivet.lt\/elparduotuve\/produktas\/monge-spec-line-monoprotein-all-breeds-puppy-junior-jauniems-suniukams-su-antiena\/","og_locale":"lt_LT","og_type":"article","og_title":"Monge Spec. Line Monoprotein All Breeds Puppy &amp; Junior jauniems \u0161uniukams su antiena","og_description":"Visavertis sausas pa\u0161aras jauniems \u0161uniukams su antiena. Vienas gyv\u016bnin\u0117s kilm\u0117s baltym\u0173 \u0161altinis \u2013 antiena \u2013 u\u017etikrina tinkam\u0105 mityb\u0105, ypa\u010d tinka alergi\u0161kiems augintiniams.","og_url":"https:\/\/anivet.lt\/elparduotuve\/produktas\/monge-spec-line-monoprotein-all-breeds-puppy-junior-jauniems-suniukams-su-antiena\/","og_site_name":"anivet.lt","article_modified_time":"2026-05-06T10:50:34+00:00","og_image":[{"width":800,"height":800,"url":"https:\/\/anivet.lt\/elparduotuve\/wp-content\/uploads\/2023\/10\/monge-spec-line-monoprotein-puppy-sausas-pasaras-visu-veisliu-jauniems-suniukams-su-antiena-ryziais-ir-bulv.jpg","type":"image\/jpeg"}],"twitter_card":"summary_large_image","twitter_misc":{"Est. reading time":"1 minut\u0117"},"schema":{"@context":"https:\/\/schema.org","@graph":[{"@type":"WebPage","@id":"https:\/\/anivet.lt\/elparduotuve\/produktas\/monge-spec-line-monoprotein-all-breeds-puppy-junior-jauniems-suniukams-su-antiena\/","url":"https:\/\/anivet.lt\/elparduotuve\/produktas\/monge-spec-line-monoprotein-all-breeds-puppy-junior-jauniems-suniukams-su-antiena\/","name":"Monge Spec. Line Monoprotein All Breeds Puppy &amp; Junior jauniems \u0161uniukams su antiena - anivet.lt","isPartOf":{"@id":"https:\/\/anivet.lt\/elparduotuve\/#website"},"primaryImageOfPage":{"@id":"https:\/\/anivet.lt\/elparduotuve\/produktas\/monge-spec-line-monoprotein-all-breeds-puppy-junior-jauniems-suniukams-su-antiena\/#primaryimage"},"image":{"@id":"https:\/\/anivet.lt\/elparduotuve\/produktas\/monge-spec-line-monoprotein-all-breeds-puppy-junior-jauniems-suniukams-su-antiena\/#primaryimage"},"thumbnailUrl":"https:\/\/anivet.lt\/elparduotuve\/wp-content\/uploads\/2023\/10\/monge-spec-line-monoprotein-puppy-sausas-pasaras-visu-veisliu-jauniems-suniukams-su-antiena-ryziais-ir-bulv.jpg","datePublished":"2023-10-07T20:57:40+00:00","dateModified":"2026-05-06T10:50:34+00:00","description":"Visavertis sausas pa\u0161aras jauniems \u0161uniukams su antiena. Vienas gyv\u016bnin\u0117s kilm\u0117s baltym\u0173 \u0161altinis \u2013 antiena \u2013 u\u017etikrina tinkam\u0105 mityb\u0105, ypa\u010d tinka alergi\u0161kiems augintiniams.","breadcrumb":{"@id":"https:\/\/anivet.lt\/elparduotuve\/produktas\/monge-spec-line-monoprotein-all-breeds-puppy-junior-jauniems-suniukams-su-antiena\/#breadcrumb"},"inLanguage":"lt-LT","potentialAction":[{"@type":"ReadAction","target":["https:\/\/anivet.lt\/elparduotuve\/produktas\/monge-spec-line-monoprotein-all-breeds-puppy-junior-jauniems-suniukams-su-antiena\/"]}]},{"@type":"ImageObject","inLanguage":"lt-LT","@id":"https:\/\/anivet.lt\/elparduotuve\/produktas\/monge-spec-line-monoprotein-all-breeds-puppy-junior-jauniems-suniukams-su-antiena\/#primaryimage","url":"https:\/\/anivet.lt\/elparduotuve\/wp-content\/uploads\/2023\/10\/monge-spec-line-monoprotein-puppy-sausas-pasaras-visu-veisliu-jauniems-suniukams-su-antiena-ryziais-ir-bulv.jpg","contentUrl":"https:\/\/anivet.lt\/elparduotuve\/wp-content\/uploads\/2023\/10\/monge-spec-line-monoprotein-puppy-sausas-pasaras-visu-veisliu-jauniems-suniukams-su-antiena-ryziais-ir-bulv.jpg","width":800,"height":800,"caption":"Monge Spec. Line Monoprotein All Breeds Puppy &amp; Junior jauniems \u0161uniukams su antiena"},{"@type":"BreadcrumbList","@id":"https:\/\/anivet.lt\/elparduotuve\/produktas\/monge-spec-line-monoprotein-all-breeds-puppy-junior-jauniems-suniukams-su-antiena\/#breadcrumb","itemListElement":[{"@type":"ListItem","position":1,"name":"Home","item":"https:\/\/anivet.lt\/elparduotuve\/"},{"@type":"ListItem","position":2,"name":"Produktai","item":"https:\/\/anivet.lt\/elparduotuve\/produktai\/"},{"@type":"ListItem","position":3,"name":"Monge Spec. Line Monoprotein All Breeds Puppy &amp; Junior jauniems \u0161uniukams su antiena"}]},{"@type":"WebSite","@id":"https:\/\/anivet.lt\/elparduotuve\/#website","url":"https:\/\/anivet.lt\/elparduotuve\/","name":"anivet.lt","description":"Viskas J\u016bs\u0173 \u0161uns, kat\u0117s prie\u017ei\u016brai","publisher":{"@id":"https:\/\/anivet.lt\/elparduotuve\/#organization"},"alternateName":"Viskas J\u016bs\u0173 \u0161uns, kat\u0117s prie\u017ei\u016brai","potentialAction":[{"@type":"SearchAction","target":{"@type":"EntryPoint","urlTemplate":"https:\/\/anivet.lt\/elparduotuve\/?s={search_term_string}"},"query-input":{"@type":"PropertyValueSpecification","valueRequired":true,"valueName":"search_term_string"}}],"inLanguage":"lt-LT"},{"@type":"Organization","@id":"https:\/\/anivet.lt\/elparduotuve\/#organization","name":"Viskas J\u016bs\u0173 \u0161uns, kat\u0117s prie\u017ei\u016brai","url":"https:\/\/anivet.lt\/elparduotuve\/","logo":{"@type":"ImageObject","inLanguage":"lt-LT","@id":"https:\/\/anivet.lt\/elparduotuve\/#\/schema\/logo\/image\/","url":"https:\/\/anivet.lt\/elparduotuve\/wp-content\/uploads\/2023\/06\/logo2.jpg","contentUrl":"https:\/\/anivet.lt\/elparduotuve\/wp-content\/uploads\/2023\/06\/logo2.jpg","width":655,"height":194,"caption":"Viskas J\u016bs\u0173 \u0161uns, kat\u0117s prie\u017ei\u016brai"},"image":{"@id":"https:\/\/anivet.lt\/elparduotuve\/#\/schema\/logo\/image\/"}}]}},"_links":{"self":[{"href":"https:\/\/anivet.lt\/elparduotuve\/wp-json\/wp\/v2\/product\/12124","targetHints":{"allow":["GET"]}}],"collection":[{"href":"https:\/\/anivet.lt\/elparduotuve\/wp-json\/wp\/v2\/product"}],"about":[{"href":"https:\/\/anivet.lt\/elparduotuve\/wp-json\/wp\/v2\/types\/product"}],"wp:featuredmedia":[{"embeddable":true,"href":"https:\/\/anivet.lt\/elparduotuve\/wp-json\/wp\/v2\/media\/12125"}],"wp:attachment":[{"href":"https:\/\/anivet.lt\/elparduotuve\/wp-json\/wp\/v2\/media?parent=12124"}],"wp:term":[{"taxonomy":"product_brand","embeddable":true,"href":"https:\/\/anivet.lt\/elparduotuve\/wp-json\/wp\/v2\/product_brand?post=12124"},{"taxonomy":"product_cat","embeddable":true,"href":"https:\/\/anivet.lt\/elparduotuve\/wp-json\/wp\/v2\/product_cat?post=12124"},{"taxonomy":"product_tag","embeddable":true,"href":"https:\/\/anivet.lt\/elparduotuve\/wp-json\/wp\/v2\/product_tag?post=12124"}],"curies":[{"name":"wp","href":"https:\/\/api.w.org\/{rel}","templated":true}]}}