{"id":12136,"date":"2023-10-08T10:02:33","date_gmt":"2023-10-08T10:02:33","guid":{"rendered":"https:\/\/anivet.lt\/elparduotuve\/?post_type=product&#038;p=12136"},"modified":"2026-05-06T10:56:46","modified_gmt":"2026-05-06T10:56:46","slug":"monge-spec-line-hypoallergenic-all-breeds-adult-suaugusiems-sunims-su-lasisa-ir-tunu","status":"publish","type":"product","link":"https:\/\/anivet.lt\/elparduotuve\/produktas\/monge-spec-line-hypoallergenic-all-breeds-adult-suaugusiems-sunims-su-lasisa-ir-tunu\/","title":{"rendered":"Monge Spec. Line Hypoallergenic All Breeds Adult suaugusiems \u0161unims su la\u0161i\u0161a ir tunu"},"content":{"rendered":"<ul>\n<li style=\"font-weight: 400;\" aria-level=\"1\"><span style=\"font-weight: 400;\">Auk\u0161tos kokyb\u0117s baltymai: Sud\u0117tyje yra la\u0161i\u0161a (18%) ir tunas (10%), kurie u\u017etikrina lengvai vir\u0161kinamus baltymus ir puik\u0173 skon\u012f.<\/span><\/li>\n<li style=\"font-weight: 400;\" aria-level=\"1\"><span style=\"font-weight: 400;\">Hypoalerginis receptas: Suma\u017eintas gr\u016bd\u0173 kiekis, be sojos, tinkamas \u0161unims, turintiems alergijas ar maisto netoleravim\u0105.<\/span><\/li>\n<li style=\"font-weight: 400;\" aria-level=\"1\"><span style=\"font-weight: 400;\">Vir\u0161kinimo palaikymas: Naujos kartos XOS prebiotikai skatina sveik\u0105 \u017earnyno mikroflor\u0105 ir geresn\u012f maistini\u0173 med\u017eiag\u0173 pasisavinim\u0105.<\/span><\/li>\n<li style=\"font-weight: 400;\" aria-level=\"1\"><span style=\"font-weight: 400;\">Sveika oda ir kailis: Omega-3 ir Omega-6 riebiosios r\u016bg\u0161tys palaiko sveik\u0105 od\u0105 ir blizgant\u012f kail\u012f.<\/span><\/li>\n<li style=\"font-weight: 400;\" aria-level=\"1\"><span style=\"font-weight: 400;\">Be bandym\u0173 su gyv\u016bnais: Produktai gaminami laikantis eti\u0161k\u0173 standart\u0173, u\u017etikrinant gyv\u016bn\u0173 gerov\u0119.<\/span><\/li>\n<\/ul>\n<p><span style=\"font-weight: 400;\">\u0160is pa\u0161aras yra puikus sprendimas jautriems \u0161unims, padedantis i\u0161laikyti j\u0173 sveikat\u0105 ir energij\u0105 kasdien. Subalansuota sud\u0117tis ir nat\u016bral\u016bs ingredientai u\u017etikrina, kad j\u016bs\u0173 augintinis m\u0117gausis skaniu ir naudingu pa\u0161aru.<\/span><\/p>\n","protected":false},"excerpt":{"rendered":"<p><span style=\"font-weight: 400;\">Sausas maistas suaugusiems \u0161unims su la\u0161i\u0161a ir tunu \u2013 tai visavertis dietinis pa\u0161aras, skirtas suma\u017einti ingredient\u0173 ir maistini\u0173 med\u017eiag\u0173 netoleravim\u0105. Puikus pasirinkimas \u0161unims, turintiems jautri\u0105 od\u0105 ar vir\u0161kinimo problemas.<\/span><\/p>\n","protected":false},"featured_media":12137,"template":"","meta":[],"product_brand":[],"product_cat":[101,103,104,318],"product_tag":[],"class_list":{"0":"post-12136","1":"product","2":"type-product","3":"status-publish","4":"has-post-thumbnail","6":"product_cat-sunims","7":"product_cat-sunu-maistas","8":"product_cat-sausas-maistas","9":"product_cat-monge-sunu-maistas","10":"pa_prekinis-zenklas-monge","12":"first","13":"instock","14":"sale","15":"taxable","16":"shipping-taxable","17":"purchasable","18":"product-type-variable"},"yoast_head":"<!-- This site is optimized with the Yoast SEO Premium plugin v27.1 (Yoast SEO v27.5) - https:\/\/yoast.com\/product\/yoast-seo-premium-wordpress\/ -->\n<title>Monge Spec. Line Hypoallergenic All Breeds Adult suaugusiems \u0161unims su la\u0161i\u0161a ir tunu - anivet.lt<\/title>\n<meta name=\"description\" content=\"Sausas maistas suaugusiems \u0161unims su la\u0161i\u0161a ir tunu \u2013 tai visavertis dietinis pa\u0161aras, skirtas suma\u017einti ingredient\u0173 ir maistini\u0173 med\u017eiag\u0173 netoleravim\u0105. Puikus pasirinkimas \u0161unims, turintiems jautri\u0105 od\u0105 ar vir\u0161kinimo problemas.\" \/>\n<meta name=\"robots\" content=\"index, follow, max-snippet:-1, max-image-preview:large, max-video-preview:-1\" \/>\n<link rel=\"canonical\" href=\"https:\/\/anivet.lt\/elparduotuve\/produktas\/monge-spec-line-hypoallergenic-all-breeds-adult-suaugusiems-sunims-su-lasisa-ir-tunu\/\" \/>\n<meta property=\"og:locale\" content=\"lt_LT\" \/>\n<meta property=\"og:type\" content=\"article\" \/>\n<meta property=\"og:title\" content=\"Monge Spec. Line Hypoallergenic All Breeds Adult suaugusiems \u0161unims su la\u0161i\u0161a ir tunu\" \/>\n<meta property=\"og:description\" content=\"Sausas maistas suaugusiems \u0161unims su la\u0161i\u0161a ir tunu \u2013 tai visavertis dietinis pa\u0161aras, skirtas suma\u017einti ingredient\u0173 ir maistini\u0173 med\u017eiag\u0173 netoleravim\u0105. Puikus pasirinkimas \u0161unims, turintiems jautri\u0105 od\u0105 ar vir\u0161kinimo problemas.\" \/>\n<meta property=\"og:url\" content=\"https:\/\/anivet.lt\/elparduotuve\/produktas\/monge-spec-line-hypoallergenic-all-breeds-adult-suaugusiems-sunims-su-lasisa-ir-tunu\/\" \/>\n<meta property=\"og:site_name\" content=\"anivet.lt\" \/>\n<meta property=\"article:modified_time\" content=\"2026-05-06T10:56:46+00:00\" \/>\n<meta property=\"og:image\" content=\"https:\/\/anivet.lt\/elparduotuve\/wp-content\/uploads\/2023\/10\/monge-hypoallergenic-adult-sausas-pasaras-lasisa-ir-tunas-25kg.jpg\" \/>\n\t<meta property=\"og:image:width\" content=\"800\" \/>\n\t<meta property=\"og:image:height\" content=\"800\" \/>\n\t<meta property=\"og:image:type\" content=\"image\/jpeg\" \/>\n<meta name=\"twitter:card\" content=\"summary_large_image\" \/>\n<meta name=\"twitter:label1\" content=\"Est. reading time\" \/>\n\t<meta name=\"twitter:data1\" content=\"1 minut\u0117\" \/>\n<script type=\"application\/ld+json\" class=\"yoast-schema-graph\">{\"@context\":\"https:\\\/\\\/schema.org\",\"@graph\":[{\"@type\":\"WebPage\",\"@id\":\"https:\\\/\\\/anivet.lt\\\/elparduotuve\\\/produktas\\\/monge-spec-line-hypoallergenic-all-breeds-adult-suaugusiems-sunims-su-lasisa-ir-tunu\\\/\",\"url\":\"https:\\\/\\\/anivet.lt\\\/elparduotuve\\\/produktas\\\/monge-spec-line-hypoallergenic-all-breeds-adult-suaugusiems-sunims-su-lasisa-ir-tunu\\\/\",\"name\":\"Monge Spec. Line Hypoallergenic All Breeds Adult suaugusiems \u0161unims su la\u0161i\u0161a ir tunu - anivet.lt\",\"isPartOf\":{\"@id\":\"https:\\\/\\\/anivet.lt\\\/elparduotuve\\\/#website\"},\"primaryImageOfPage\":{\"@id\":\"https:\\\/\\\/anivet.lt\\\/elparduotuve\\\/produktas\\\/monge-spec-line-hypoallergenic-all-breeds-adult-suaugusiems-sunims-su-lasisa-ir-tunu\\\/#primaryimage\"},\"image\":{\"@id\":\"https:\\\/\\\/anivet.lt\\\/elparduotuve\\\/produktas\\\/monge-spec-line-hypoallergenic-all-breeds-adult-suaugusiems-sunims-su-lasisa-ir-tunu\\\/#primaryimage\"},\"thumbnailUrl\":\"https:\\\/\\\/anivet.lt\\\/elparduotuve\\\/wp-content\\\/uploads\\\/2023\\\/10\\\/monge-hypoallergenic-adult-sausas-pasaras-lasisa-ir-tunas-25kg.jpg\",\"datePublished\":\"2023-10-08T10:02:33+00:00\",\"dateModified\":\"2026-05-06T10:56:46+00:00\",\"description\":\"Sausas maistas suaugusiems \u0161unims su la\u0161i\u0161a ir tunu \u2013 tai visavertis dietinis pa\u0161aras, skirtas suma\u017einti ingredient\u0173 ir maistini\u0173 med\u017eiag\u0173 netoleravim\u0105. Puikus pasirinkimas \u0161unims, turintiems jautri\u0105 od\u0105 ar vir\u0161kinimo problemas.\",\"breadcrumb\":{\"@id\":\"https:\\\/\\\/anivet.lt\\\/elparduotuve\\\/produktas\\\/monge-spec-line-hypoallergenic-all-breeds-adult-suaugusiems-sunims-su-lasisa-ir-tunu\\\/#breadcrumb\"},\"inLanguage\":\"lt-LT\",\"potentialAction\":[{\"@type\":\"ReadAction\",\"target\":[\"https:\\\/\\\/anivet.lt\\\/elparduotuve\\\/produktas\\\/monge-spec-line-hypoallergenic-all-breeds-adult-suaugusiems-sunims-su-lasisa-ir-tunu\\\/\"]}]},{\"@type\":\"ImageObject\",\"inLanguage\":\"lt-LT\",\"@id\":\"https:\\\/\\\/anivet.lt\\\/elparduotuve\\\/produktas\\\/monge-spec-line-hypoallergenic-all-breeds-adult-suaugusiems-sunims-su-lasisa-ir-tunu\\\/#primaryimage\",\"url\":\"https:\\\/\\\/anivet.lt\\\/elparduotuve\\\/wp-content\\\/uploads\\\/2023\\\/10\\\/monge-hypoallergenic-adult-sausas-pasaras-lasisa-ir-tunas-25kg.jpg\",\"contentUrl\":\"https:\\\/\\\/anivet.lt\\\/elparduotuve\\\/wp-content\\\/uploads\\\/2023\\\/10\\\/monge-hypoallergenic-adult-sausas-pasaras-lasisa-ir-tunas-25kg.jpg\",\"width\":800,\"height\":800,\"caption\":\"Monge Spec. Line Hypoallergenic All Breeds Adult suaugusiems \u0161unims su la\u0161i\u0161a ir tunu\"},{\"@type\":\"BreadcrumbList\",\"@id\":\"https:\\\/\\\/anivet.lt\\\/elparduotuve\\\/produktas\\\/monge-spec-line-hypoallergenic-all-breeds-adult-suaugusiems-sunims-su-lasisa-ir-tunu\\\/#breadcrumb\",\"itemListElement\":[{\"@type\":\"ListItem\",\"position\":1,\"name\":\"Home\",\"item\":\"https:\\\/\\\/anivet.lt\\\/elparduotuve\\\/\"},{\"@type\":\"ListItem\",\"position\":2,\"name\":\"Produktai\",\"item\":\"https:\\\/\\\/anivet.lt\\\/elparduotuve\\\/produktai\\\/\"},{\"@type\":\"ListItem\",\"position\":3,\"name\":\"Monge Spec. Line Hypoallergenic All Breeds Adult suaugusiems \u0161unims su la\u0161i\u0161a ir tunu\"}]},{\"@type\":\"WebSite\",\"@id\":\"https:\\\/\\\/anivet.lt\\\/elparduotuve\\\/#website\",\"url\":\"https:\\\/\\\/anivet.lt\\\/elparduotuve\\\/\",\"name\":\"anivet.lt\",\"description\":\"Viskas J\u016bs\u0173 \u0161uns, kat\u0117s prie\u017ei\u016brai\",\"publisher\":{\"@id\":\"https:\\\/\\\/anivet.lt\\\/elparduotuve\\\/#organization\"},\"alternateName\":\"Viskas J\u016bs\u0173 \u0161uns, kat\u0117s prie\u017ei\u016brai\",\"potentialAction\":[{\"@type\":\"SearchAction\",\"target\":{\"@type\":\"EntryPoint\",\"urlTemplate\":\"https:\\\/\\\/anivet.lt\\\/elparduotuve\\\/?s={search_term_string}\"},\"query-input\":{\"@type\":\"PropertyValueSpecification\",\"valueRequired\":true,\"valueName\":\"search_term_string\"}}],\"inLanguage\":\"lt-LT\"},{\"@type\":\"Organization\",\"@id\":\"https:\\\/\\\/anivet.lt\\\/elparduotuve\\\/#organization\",\"name\":\"Viskas J\u016bs\u0173 \u0161uns, kat\u0117s prie\u017ei\u016brai\",\"url\":\"https:\\\/\\\/anivet.lt\\\/elparduotuve\\\/\",\"logo\":{\"@type\":\"ImageObject\",\"inLanguage\":\"lt-LT\",\"@id\":\"https:\\\/\\\/anivet.lt\\\/elparduotuve\\\/#\\\/schema\\\/logo\\\/image\\\/\",\"url\":\"https:\\\/\\\/anivet.lt\\\/elparduotuve\\\/wp-content\\\/uploads\\\/2023\\\/06\\\/logo2.jpg\",\"contentUrl\":\"https:\\\/\\\/anivet.lt\\\/elparduotuve\\\/wp-content\\\/uploads\\\/2023\\\/06\\\/logo2.jpg\",\"width\":655,\"height\":194,\"caption\":\"Viskas J\u016bs\u0173 \u0161uns, kat\u0117s prie\u017ei\u016brai\"},\"image\":{\"@id\":\"https:\\\/\\\/anivet.lt\\\/elparduotuve\\\/#\\\/schema\\\/logo\\\/image\\\/\"}}]}<\/script>\n<!-- \/ Yoast SEO Premium plugin. -->","yoast_head_json":{"title":"Monge Spec. Line Hypoallergenic All Breeds Adult suaugusiems \u0161unims su la\u0161i\u0161a ir tunu - anivet.lt","description":"Sausas maistas suaugusiems \u0161unims su la\u0161i\u0161a ir tunu \u2013 tai visavertis dietinis pa\u0161aras, skirtas suma\u017einti ingredient\u0173 ir maistini\u0173 med\u017eiag\u0173 netoleravim\u0105. Puikus pasirinkimas \u0161unims, turintiems jautri\u0105 od\u0105 ar vir\u0161kinimo problemas.","robots":{"index":"index","follow":"follow","max-snippet":"max-snippet:-1","max-image-preview":"max-image-preview:large","max-video-preview":"max-video-preview:-1"},"canonical":"https:\/\/anivet.lt\/elparduotuve\/produktas\/monge-spec-line-hypoallergenic-all-breeds-adult-suaugusiems-sunims-su-lasisa-ir-tunu\/","og_locale":"lt_LT","og_type":"article","og_title":"Monge Spec. Line Hypoallergenic All Breeds Adult suaugusiems \u0161unims su la\u0161i\u0161a ir tunu","og_description":"Sausas maistas suaugusiems \u0161unims su la\u0161i\u0161a ir tunu \u2013 tai visavertis dietinis pa\u0161aras, skirtas suma\u017einti ingredient\u0173 ir maistini\u0173 med\u017eiag\u0173 netoleravim\u0105. Puikus pasirinkimas \u0161unims, turintiems jautri\u0105 od\u0105 ar vir\u0161kinimo problemas.","og_url":"https:\/\/anivet.lt\/elparduotuve\/produktas\/monge-spec-line-hypoallergenic-all-breeds-adult-suaugusiems-sunims-su-lasisa-ir-tunu\/","og_site_name":"anivet.lt","article_modified_time":"2026-05-06T10:56:46+00:00","og_image":[{"width":800,"height":800,"url":"https:\/\/anivet.lt\/elparduotuve\/wp-content\/uploads\/2023\/10\/monge-hypoallergenic-adult-sausas-pasaras-lasisa-ir-tunas-25kg.jpg","type":"image\/jpeg"}],"twitter_card":"summary_large_image","twitter_misc":{"Est. reading time":"1 minut\u0117"},"schema":{"@context":"https:\/\/schema.org","@graph":[{"@type":"WebPage","@id":"https:\/\/anivet.lt\/elparduotuve\/produktas\/monge-spec-line-hypoallergenic-all-breeds-adult-suaugusiems-sunims-su-lasisa-ir-tunu\/","url":"https:\/\/anivet.lt\/elparduotuve\/produktas\/monge-spec-line-hypoallergenic-all-breeds-adult-suaugusiems-sunims-su-lasisa-ir-tunu\/","name":"Monge Spec. Line Hypoallergenic All Breeds Adult suaugusiems \u0161unims su la\u0161i\u0161a ir tunu - anivet.lt","isPartOf":{"@id":"https:\/\/anivet.lt\/elparduotuve\/#website"},"primaryImageOfPage":{"@id":"https:\/\/anivet.lt\/elparduotuve\/produktas\/monge-spec-line-hypoallergenic-all-breeds-adult-suaugusiems-sunims-su-lasisa-ir-tunu\/#primaryimage"},"image":{"@id":"https:\/\/anivet.lt\/elparduotuve\/produktas\/monge-spec-line-hypoallergenic-all-breeds-adult-suaugusiems-sunims-su-lasisa-ir-tunu\/#primaryimage"},"thumbnailUrl":"https:\/\/anivet.lt\/elparduotuve\/wp-content\/uploads\/2023\/10\/monge-hypoallergenic-adult-sausas-pasaras-lasisa-ir-tunas-25kg.jpg","datePublished":"2023-10-08T10:02:33+00:00","dateModified":"2026-05-06T10:56:46+00:00","description":"Sausas maistas suaugusiems \u0161unims su la\u0161i\u0161a ir tunu \u2013 tai visavertis dietinis pa\u0161aras, skirtas suma\u017einti ingredient\u0173 ir maistini\u0173 med\u017eiag\u0173 netoleravim\u0105. Puikus pasirinkimas \u0161unims, turintiems jautri\u0105 od\u0105 ar vir\u0161kinimo problemas.","breadcrumb":{"@id":"https:\/\/anivet.lt\/elparduotuve\/produktas\/monge-spec-line-hypoallergenic-all-breeds-adult-suaugusiems-sunims-su-lasisa-ir-tunu\/#breadcrumb"},"inLanguage":"lt-LT","potentialAction":[{"@type":"ReadAction","target":["https:\/\/anivet.lt\/elparduotuve\/produktas\/monge-spec-line-hypoallergenic-all-breeds-adult-suaugusiems-sunims-su-lasisa-ir-tunu\/"]}]},{"@type":"ImageObject","inLanguage":"lt-LT","@id":"https:\/\/anivet.lt\/elparduotuve\/produktas\/monge-spec-line-hypoallergenic-all-breeds-adult-suaugusiems-sunims-su-lasisa-ir-tunu\/#primaryimage","url":"https:\/\/anivet.lt\/elparduotuve\/wp-content\/uploads\/2023\/10\/monge-hypoallergenic-adult-sausas-pasaras-lasisa-ir-tunas-25kg.jpg","contentUrl":"https:\/\/anivet.lt\/elparduotuve\/wp-content\/uploads\/2023\/10\/monge-hypoallergenic-adult-sausas-pasaras-lasisa-ir-tunas-25kg.jpg","width":800,"height":800,"caption":"Monge Spec. Line Hypoallergenic All Breeds Adult suaugusiems \u0161unims su la\u0161i\u0161a ir tunu"},{"@type":"BreadcrumbList","@id":"https:\/\/anivet.lt\/elparduotuve\/produktas\/monge-spec-line-hypoallergenic-all-breeds-adult-suaugusiems-sunims-su-lasisa-ir-tunu\/#breadcrumb","itemListElement":[{"@type":"ListItem","position":1,"name":"Home","item":"https:\/\/anivet.lt\/elparduotuve\/"},{"@type":"ListItem","position":2,"name":"Produktai","item":"https:\/\/anivet.lt\/elparduotuve\/produktai\/"},{"@type":"ListItem","position":3,"name":"Monge Spec. Line Hypoallergenic All Breeds Adult suaugusiems \u0161unims su la\u0161i\u0161a ir tunu"}]},{"@type":"WebSite","@id":"https:\/\/anivet.lt\/elparduotuve\/#website","url":"https:\/\/anivet.lt\/elparduotuve\/","name":"anivet.lt","description":"Viskas J\u016bs\u0173 \u0161uns, kat\u0117s prie\u017ei\u016brai","publisher":{"@id":"https:\/\/anivet.lt\/elparduotuve\/#organization"},"alternateName":"Viskas J\u016bs\u0173 \u0161uns, kat\u0117s prie\u017ei\u016brai","potentialAction":[{"@type":"SearchAction","target":{"@type":"EntryPoint","urlTemplate":"https:\/\/anivet.lt\/elparduotuve\/?s={search_term_string}"},"query-input":{"@type":"PropertyValueSpecification","valueRequired":true,"valueName":"search_term_string"}}],"inLanguage":"lt-LT"},{"@type":"Organization","@id":"https:\/\/anivet.lt\/elparduotuve\/#organization","name":"Viskas J\u016bs\u0173 \u0161uns, kat\u0117s prie\u017ei\u016brai","url":"https:\/\/anivet.lt\/elparduotuve\/","logo":{"@type":"ImageObject","inLanguage":"lt-LT","@id":"https:\/\/anivet.lt\/elparduotuve\/#\/schema\/logo\/image\/","url":"https:\/\/anivet.lt\/elparduotuve\/wp-content\/uploads\/2023\/06\/logo2.jpg","contentUrl":"https:\/\/anivet.lt\/elparduotuve\/wp-content\/uploads\/2023\/06\/logo2.jpg","width":655,"height":194,"caption":"Viskas J\u016bs\u0173 \u0161uns, kat\u0117s prie\u017ei\u016brai"},"image":{"@id":"https:\/\/anivet.lt\/elparduotuve\/#\/schema\/logo\/image\/"}}]}},"_links":{"self":[{"href":"https:\/\/anivet.lt\/elparduotuve\/wp-json\/wp\/v2\/product\/12136","targetHints":{"allow":["GET"]}}],"collection":[{"href":"https:\/\/anivet.lt\/elparduotuve\/wp-json\/wp\/v2\/product"}],"about":[{"href":"https:\/\/anivet.lt\/elparduotuve\/wp-json\/wp\/v2\/types\/product"}],"wp:featuredmedia":[{"embeddable":true,"href":"https:\/\/anivet.lt\/elparduotuve\/wp-json\/wp\/v2\/media\/12137"}],"wp:attachment":[{"href":"https:\/\/anivet.lt\/elparduotuve\/wp-json\/wp\/v2\/media?parent=12136"}],"wp:term":[{"taxonomy":"product_brand","embeddable":true,"href":"https:\/\/anivet.lt\/elparduotuve\/wp-json\/wp\/v2\/product_brand?post=12136"},{"taxonomy":"product_cat","embeddable":true,"href":"https:\/\/anivet.lt\/elparduotuve\/wp-json\/wp\/v2\/product_cat?post=12136"},{"taxonomy":"product_tag","embeddable":true,"href":"https:\/\/anivet.lt\/elparduotuve\/wp-json\/wp\/v2\/product_tag?post=12136"}],"curies":[{"name":"wp","href":"https:\/\/api.w.org\/{rel}","templated":true}]}}