{"id":12161,"date":"2023-10-09T10:26:03","date_gmt":"2023-10-09T10:26:03","guid":{"rendered":"https:\/\/anivet.lt\/elparduotuve\/?post_type=product&#038;p=12161"},"modified":"2026-05-02T11:56:04","modified_gmt":"2026-05-02T11:56:04","slug":"monge-fresh-pastetas-sunims-su-eriena-100g","status":"publish","type":"product","link":"https:\/\/anivet.lt\/elparduotuve\/produktas\/monge-fresh-pastetas-sunims-su-eriena-100g\/","title":{"rendered":"Monge Fresh pa\u0161tetas \u0161unims su \u0117riena 100g"},"content":{"rendered":"<ul>\n<li style=\"font-weight: 400;\" aria-level=\"1\"><span style=\"font-weight: 400;\">Auk\u0161tos kokyb\u0117s sud\u0117tis: 80% \u0161vie\u017eios m\u0117sos, i\u0161 kurios ma\u017eiausiai 10% sudaro \u0117riena, yra lengvai vir\u0161kinamas baltym\u0173 \u0161altinis.<\/span><\/li>\n<li style=\"font-weight: 400;\" aria-level=\"1\"><span style=\"font-weight: 400;\">Be nereikaling\u0173 pried\u0173: Receptas be cukraus, dirbtini\u0173 da\u017eikli\u0173, konservant\u0173 ir hidrint\u0173 riebal\u0173.<\/span><\/li>\n<li style=\"font-weight: 400;\" aria-level=\"1\"><span style=\"font-weight: 400;\">Tinka ma\u017e\u0173 veisli\u0173 \u0161unims: Idealiai pritaikytas ma\u017e\u0173 veisli\u0173 \u0161unims, o dideliems gali b\u016bti naudojamas kaip skan\u0117stas.<\/span><\/li>\n<li style=\"font-weight: 400;\" aria-level=\"1\"><span style=\"font-weight: 400;\">Dr\u0117gm\u0117s balansas: Didelis dr\u0117gm\u0117s kiekis (82%) u\u017etikrina papildom\u0105 hidratacij\u0105.<\/span><\/li>\n<li style=\"font-weight: 400;\" aria-level=\"1\"><span style=\"font-weight: 400;\">Praturtintas vitaminais: Sud\u0117tyje yra vitamin\u0173 A, D3 ir E, kurie prisideda prie bendros sveikatos ir geros savijautos.<\/span><\/li>\n<\/ul>\n<p><span style=\"font-weight: 400;\">\u0160is skanus ir maistingas pa\u0161tetas ne tik patenkins j\u016bs\u0173 augintinio apetit\u0105, bet ir u\u017etikrins, kad jis kasdien jaust\u0173si gerai. Puikiai tinka tiek kaip pagrindinis pa\u0161aras ma\u017e\u0173 veisli\u0173 \u0161unims, tiek kaip malonus skan\u0117stas didesniems augintiniams.<\/span><\/p>\n","protected":false},"excerpt":{"rendered":"<p><span style=\"font-weight: 400;\">Gardus ir maistingas pasirinkimas, skirtas j\u016bs\u0173 augintinio kasdieniams poreikiams patenkinti. \u0160is pa\u0161tetas su \u0161vie\u017eios \u0117rienos gabal\u0117liais u\u017etikrina subalansuot\u0105 mityb\u0105 ir puik\u0173 skon\u012f, kuris d\u017eiugins net i\u0161rankiausius keturkojus.<\/span><\/p>\n","protected":false},"featured_media":20417,"template":"","meta":[],"product_brand":[],"product_cat":[101,103,105,318],"product_tag":[],"class_list":{"0":"post-12161","1":"product","2":"type-product","3":"status-publish","4":"has-post-thumbnail","6":"product_cat-sunims","7":"product_cat-sunu-maistas","8":"product_cat-konservai","9":"product_cat-monge-sunu-maistas","10":"pa_prekinis-zenklas-monge","12":"first","13":"instock","14":"sale","15":"taxable","16":"shipping-taxable","17":"purchasable","18":"product-type-simple"},"yoast_head":"<!-- This site is optimized with the Yoast SEO Premium plugin v27.1 (Yoast SEO v27.5) - https:\/\/yoast.com\/product\/yoast-seo-premium-wordpress\/ -->\n<title>Monge Fresh pa\u0161tetas \u0161unims su \u0117riena 100g - anivet.lt<\/title>\n<meta name=\"description\" content=\"Gardus ir maistingas pasirinkimas, skirtas j\u016bs\u0173 augintinio kasdieniams poreikiams patenkinti. \u0160is pa\u0161tetas su \u0161vie\u017eios \u0117rienos gabal\u0117liais u\u017etikrina subalansuot\u0105 mityb\u0105 ir puik\u0173 skon\u012f, kuris d\u017eiugins net i\u0161rankiausius keturkojus.\" \/>\n<meta name=\"robots\" content=\"index, follow, max-snippet:-1, max-image-preview:large, max-video-preview:-1\" \/>\n<link rel=\"canonical\" href=\"https:\/\/anivet.lt\/elparduotuve\/produktas\/monge-fresh-pastetas-sunims-su-eriena-100g\/\" \/>\n<meta property=\"og:locale\" content=\"lt_LT\" \/>\n<meta property=\"og:type\" content=\"article\" \/>\n<meta property=\"og:title\" content=\"Monge Fresh pa\u0161tetas \u0161unims su \u0117riena 100g\" \/>\n<meta property=\"og:description\" content=\"Gardus ir maistingas pasirinkimas, skirtas j\u016bs\u0173 augintinio kasdieniams poreikiams patenkinti. \u0160is pa\u0161tetas su \u0161vie\u017eios \u0117rienos gabal\u0117liais u\u017etikrina subalansuot\u0105 mityb\u0105 ir puik\u0173 skon\u012f, kuris d\u017eiugins net i\u0161rankiausius keturkojus.\" \/>\n<meta property=\"og:url\" content=\"https:\/\/anivet.lt\/elparduotuve\/produktas\/monge-fresh-pastetas-sunims-su-eriena-100g\/\" \/>\n<meta property=\"og:site_name\" content=\"anivet.lt\" \/>\n<meta property=\"article:modified_time\" content=\"2026-05-02T11:56:04+00:00\" \/>\n<meta property=\"og:image\" content=\"https:\/\/anivet.lt\/elparduotuve\/wp-content\/uploads\/2023\/10\/Monge-Fresh-pastetas-sunims-su-eriena-100g.jpg\" \/>\n\t<meta property=\"og:image:width\" content=\"450\" \/>\n\t<meta property=\"og:image:height\" content=\"450\" \/>\n\t<meta property=\"og:image:type\" content=\"image\/jpeg\" \/>\n<meta name=\"twitter:card\" content=\"summary_large_image\" \/>\n<meta name=\"twitter:label1\" content=\"Est. reading time\" \/>\n\t<meta name=\"twitter:data1\" content=\"1 minut\u0117\" \/>\n<script type=\"application\/ld+json\" class=\"yoast-schema-graph\">{\"@context\":\"https:\\\/\\\/schema.org\",\"@graph\":[{\"@type\":\"WebPage\",\"@id\":\"https:\\\/\\\/anivet.lt\\\/elparduotuve\\\/produktas\\\/monge-fresh-pastetas-sunims-su-eriena-100g\\\/\",\"url\":\"https:\\\/\\\/anivet.lt\\\/elparduotuve\\\/produktas\\\/monge-fresh-pastetas-sunims-su-eriena-100g\\\/\",\"name\":\"Monge Fresh pa\u0161tetas \u0161unims su \u0117riena 100g - anivet.lt\",\"isPartOf\":{\"@id\":\"https:\\\/\\\/anivet.lt\\\/elparduotuve\\\/#website\"},\"primaryImageOfPage\":{\"@id\":\"https:\\\/\\\/anivet.lt\\\/elparduotuve\\\/produktas\\\/monge-fresh-pastetas-sunims-su-eriena-100g\\\/#primaryimage\"},\"image\":{\"@id\":\"https:\\\/\\\/anivet.lt\\\/elparduotuve\\\/produktas\\\/monge-fresh-pastetas-sunims-su-eriena-100g\\\/#primaryimage\"},\"thumbnailUrl\":\"https:\\\/\\\/anivet.lt\\\/elparduotuve\\\/wp-content\\\/uploads\\\/2023\\\/10\\\/Monge-Fresh-pastetas-sunims-su-eriena-100g.jpg\",\"datePublished\":\"2023-10-09T10:26:03+00:00\",\"dateModified\":\"2026-05-02T11:56:04+00:00\",\"description\":\"Gardus ir maistingas pasirinkimas, skirtas j\u016bs\u0173 augintinio kasdieniams poreikiams patenkinti. \u0160is pa\u0161tetas su \u0161vie\u017eios \u0117rienos gabal\u0117liais u\u017etikrina subalansuot\u0105 mityb\u0105 ir puik\u0173 skon\u012f, kuris d\u017eiugins net i\u0161rankiausius keturkojus.\",\"breadcrumb\":{\"@id\":\"https:\\\/\\\/anivet.lt\\\/elparduotuve\\\/produktas\\\/monge-fresh-pastetas-sunims-su-eriena-100g\\\/#breadcrumb\"},\"inLanguage\":\"lt-LT\",\"potentialAction\":[{\"@type\":\"ReadAction\",\"target\":[\"https:\\\/\\\/anivet.lt\\\/elparduotuve\\\/produktas\\\/monge-fresh-pastetas-sunims-su-eriena-100g\\\/\"]}]},{\"@type\":\"ImageObject\",\"inLanguage\":\"lt-LT\",\"@id\":\"https:\\\/\\\/anivet.lt\\\/elparduotuve\\\/produktas\\\/monge-fresh-pastetas-sunims-su-eriena-100g\\\/#primaryimage\",\"url\":\"https:\\\/\\\/anivet.lt\\\/elparduotuve\\\/wp-content\\\/uploads\\\/2023\\\/10\\\/Monge-Fresh-pastetas-sunims-su-eriena-100g.jpg\",\"contentUrl\":\"https:\\\/\\\/anivet.lt\\\/elparduotuve\\\/wp-content\\\/uploads\\\/2023\\\/10\\\/Monge-Fresh-pastetas-sunims-su-eriena-100g.jpg\",\"width\":450,\"height\":450,\"caption\":\"Monge Fresh pa\u0161tetas \u0161unims su \u0117riena 100g\"},{\"@type\":\"BreadcrumbList\",\"@id\":\"https:\\\/\\\/anivet.lt\\\/elparduotuve\\\/produktas\\\/monge-fresh-pastetas-sunims-su-eriena-100g\\\/#breadcrumb\",\"itemListElement\":[{\"@type\":\"ListItem\",\"position\":1,\"name\":\"Home\",\"item\":\"https:\\\/\\\/anivet.lt\\\/elparduotuve\\\/\"},{\"@type\":\"ListItem\",\"position\":2,\"name\":\"Produktai\",\"item\":\"https:\\\/\\\/anivet.lt\\\/elparduotuve\\\/produktai\\\/\"},{\"@type\":\"ListItem\",\"position\":3,\"name\":\"Monge Fresh pa\u0161tetas \u0161unims su \u0117riena 100g\"}]},{\"@type\":\"WebSite\",\"@id\":\"https:\\\/\\\/anivet.lt\\\/elparduotuve\\\/#website\",\"url\":\"https:\\\/\\\/anivet.lt\\\/elparduotuve\\\/\",\"name\":\"anivet.lt\",\"description\":\"Viskas J\u016bs\u0173 \u0161uns, kat\u0117s prie\u017ei\u016brai\",\"publisher\":{\"@id\":\"https:\\\/\\\/anivet.lt\\\/elparduotuve\\\/#organization\"},\"alternateName\":\"Viskas J\u016bs\u0173 \u0161uns, kat\u0117s prie\u017ei\u016brai\",\"potentialAction\":[{\"@type\":\"SearchAction\",\"target\":{\"@type\":\"EntryPoint\",\"urlTemplate\":\"https:\\\/\\\/anivet.lt\\\/elparduotuve\\\/?s={search_term_string}\"},\"query-input\":{\"@type\":\"PropertyValueSpecification\",\"valueRequired\":true,\"valueName\":\"search_term_string\"}}],\"inLanguage\":\"lt-LT\"},{\"@type\":\"Organization\",\"@id\":\"https:\\\/\\\/anivet.lt\\\/elparduotuve\\\/#organization\",\"name\":\"Viskas J\u016bs\u0173 \u0161uns, kat\u0117s prie\u017ei\u016brai\",\"url\":\"https:\\\/\\\/anivet.lt\\\/elparduotuve\\\/\",\"logo\":{\"@type\":\"ImageObject\",\"inLanguage\":\"lt-LT\",\"@id\":\"https:\\\/\\\/anivet.lt\\\/elparduotuve\\\/#\\\/schema\\\/logo\\\/image\\\/\",\"url\":\"https:\\\/\\\/anivet.lt\\\/elparduotuve\\\/wp-content\\\/uploads\\\/2023\\\/06\\\/logo2.jpg\",\"contentUrl\":\"https:\\\/\\\/anivet.lt\\\/elparduotuve\\\/wp-content\\\/uploads\\\/2023\\\/06\\\/logo2.jpg\",\"width\":655,\"height\":194,\"caption\":\"Viskas J\u016bs\u0173 \u0161uns, kat\u0117s prie\u017ei\u016brai\"},\"image\":{\"@id\":\"https:\\\/\\\/anivet.lt\\\/elparduotuve\\\/#\\\/schema\\\/logo\\\/image\\\/\"}}]}<\/script>\n<!-- \/ Yoast SEO Premium plugin. -->","yoast_head_json":{"title":"Monge Fresh pa\u0161tetas \u0161unims su \u0117riena 100g - anivet.lt","description":"Gardus ir maistingas pasirinkimas, skirtas j\u016bs\u0173 augintinio kasdieniams poreikiams patenkinti. \u0160is pa\u0161tetas su \u0161vie\u017eios \u0117rienos gabal\u0117liais u\u017etikrina subalansuot\u0105 mityb\u0105 ir puik\u0173 skon\u012f, kuris d\u017eiugins net i\u0161rankiausius keturkojus.","robots":{"index":"index","follow":"follow","max-snippet":"max-snippet:-1","max-image-preview":"max-image-preview:large","max-video-preview":"max-video-preview:-1"},"canonical":"https:\/\/anivet.lt\/elparduotuve\/produktas\/monge-fresh-pastetas-sunims-su-eriena-100g\/","og_locale":"lt_LT","og_type":"article","og_title":"Monge Fresh pa\u0161tetas \u0161unims su \u0117riena 100g","og_description":"Gardus ir maistingas pasirinkimas, skirtas j\u016bs\u0173 augintinio kasdieniams poreikiams patenkinti. \u0160is pa\u0161tetas su \u0161vie\u017eios \u0117rienos gabal\u0117liais u\u017etikrina subalansuot\u0105 mityb\u0105 ir puik\u0173 skon\u012f, kuris d\u017eiugins net i\u0161rankiausius keturkojus.","og_url":"https:\/\/anivet.lt\/elparduotuve\/produktas\/monge-fresh-pastetas-sunims-su-eriena-100g\/","og_site_name":"anivet.lt","article_modified_time":"2026-05-02T11:56:04+00:00","og_image":[{"width":450,"height":450,"url":"https:\/\/anivet.lt\/elparduotuve\/wp-content\/uploads\/2023\/10\/Monge-Fresh-pastetas-sunims-su-eriena-100g.jpg","type":"image\/jpeg"}],"twitter_card":"summary_large_image","twitter_misc":{"Est. reading time":"1 minut\u0117"},"schema":{"@context":"https:\/\/schema.org","@graph":[{"@type":"WebPage","@id":"https:\/\/anivet.lt\/elparduotuve\/produktas\/monge-fresh-pastetas-sunims-su-eriena-100g\/","url":"https:\/\/anivet.lt\/elparduotuve\/produktas\/monge-fresh-pastetas-sunims-su-eriena-100g\/","name":"Monge Fresh pa\u0161tetas \u0161unims su \u0117riena 100g - anivet.lt","isPartOf":{"@id":"https:\/\/anivet.lt\/elparduotuve\/#website"},"primaryImageOfPage":{"@id":"https:\/\/anivet.lt\/elparduotuve\/produktas\/monge-fresh-pastetas-sunims-su-eriena-100g\/#primaryimage"},"image":{"@id":"https:\/\/anivet.lt\/elparduotuve\/produktas\/monge-fresh-pastetas-sunims-su-eriena-100g\/#primaryimage"},"thumbnailUrl":"https:\/\/anivet.lt\/elparduotuve\/wp-content\/uploads\/2023\/10\/Monge-Fresh-pastetas-sunims-su-eriena-100g.jpg","datePublished":"2023-10-09T10:26:03+00:00","dateModified":"2026-05-02T11:56:04+00:00","description":"Gardus ir maistingas pasirinkimas, skirtas j\u016bs\u0173 augintinio kasdieniams poreikiams patenkinti. \u0160is pa\u0161tetas su \u0161vie\u017eios \u0117rienos gabal\u0117liais u\u017etikrina subalansuot\u0105 mityb\u0105 ir puik\u0173 skon\u012f, kuris d\u017eiugins net i\u0161rankiausius keturkojus.","breadcrumb":{"@id":"https:\/\/anivet.lt\/elparduotuve\/produktas\/monge-fresh-pastetas-sunims-su-eriena-100g\/#breadcrumb"},"inLanguage":"lt-LT","potentialAction":[{"@type":"ReadAction","target":["https:\/\/anivet.lt\/elparduotuve\/produktas\/monge-fresh-pastetas-sunims-su-eriena-100g\/"]}]},{"@type":"ImageObject","inLanguage":"lt-LT","@id":"https:\/\/anivet.lt\/elparduotuve\/produktas\/monge-fresh-pastetas-sunims-su-eriena-100g\/#primaryimage","url":"https:\/\/anivet.lt\/elparduotuve\/wp-content\/uploads\/2023\/10\/Monge-Fresh-pastetas-sunims-su-eriena-100g.jpg","contentUrl":"https:\/\/anivet.lt\/elparduotuve\/wp-content\/uploads\/2023\/10\/Monge-Fresh-pastetas-sunims-su-eriena-100g.jpg","width":450,"height":450,"caption":"Monge Fresh pa\u0161tetas \u0161unims su \u0117riena 100g"},{"@type":"BreadcrumbList","@id":"https:\/\/anivet.lt\/elparduotuve\/produktas\/monge-fresh-pastetas-sunims-su-eriena-100g\/#breadcrumb","itemListElement":[{"@type":"ListItem","position":1,"name":"Home","item":"https:\/\/anivet.lt\/elparduotuve\/"},{"@type":"ListItem","position":2,"name":"Produktai","item":"https:\/\/anivet.lt\/elparduotuve\/produktai\/"},{"@type":"ListItem","position":3,"name":"Monge Fresh pa\u0161tetas \u0161unims su \u0117riena 100g"}]},{"@type":"WebSite","@id":"https:\/\/anivet.lt\/elparduotuve\/#website","url":"https:\/\/anivet.lt\/elparduotuve\/","name":"anivet.lt","description":"Viskas J\u016bs\u0173 \u0161uns, kat\u0117s prie\u017ei\u016brai","publisher":{"@id":"https:\/\/anivet.lt\/elparduotuve\/#organization"},"alternateName":"Viskas J\u016bs\u0173 \u0161uns, kat\u0117s prie\u017ei\u016brai","potentialAction":[{"@type":"SearchAction","target":{"@type":"EntryPoint","urlTemplate":"https:\/\/anivet.lt\/elparduotuve\/?s={search_term_string}"},"query-input":{"@type":"PropertyValueSpecification","valueRequired":true,"valueName":"search_term_string"}}],"inLanguage":"lt-LT"},{"@type":"Organization","@id":"https:\/\/anivet.lt\/elparduotuve\/#organization","name":"Viskas J\u016bs\u0173 \u0161uns, kat\u0117s prie\u017ei\u016brai","url":"https:\/\/anivet.lt\/elparduotuve\/","logo":{"@type":"ImageObject","inLanguage":"lt-LT","@id":"https:\/\/anivet.lt\/elparduotuve\/#\/schema\/logo\/image\/","url":"https:\/\/anivet.lt\/elparduotuve\/wp-content\/uploads\/2023\/06\/logo2.jpg","contentUrl":"https:\/\/anivet.lt\/elparduotuve\/wp-content\/uploads\/2023\/06\/logo2.jpg","width":655,"height":194,"caption":"Viskas J\u016bs\u0173 \u0161uns, kat\u0117s prie\u017ei\u016brai"},"image":{"@id":"https:\/\/anivet.lt\/elparduotuve\/#\/schema\/logo\/image\/"}}]}},"_links":{"self":[{"href":"https:\/\/anivet.lt\/elparduotuve\/wp-json\/wp\/v2\/product\/12161","targetHints":{"allow":["GET"]}}],"collection":[{"href":"https:\/\/anivet.lt\/elparduotuve\/wp-json\/wp\/v2\/product"}],"about":[{"href":"https:\/\/anivet.lt\/elparduotuve\/wp-json\/wp\/v2\/types\/product"}],"wp:featuredmedia":[{"embeddable":true,"href":"https:\/\/anivet.lt\/elparduotuve\/wp-json\/wp\/v2\/media\/20417"}],"wp:attachment":[{"href":"https:\/\/anivet.lt\/elparduotuve\/wp-json\/wp\/v2\/media?parent=12161"}],"wp:term":[{"taxonomy":"product_brand","embeddable":true,"href":"https:\/\/anivet.lt\/elparduotuve\/wp-json\/wp\/v2\/product_brand?post=12161"},{"taxonomy":"product_cat","embeddable":true,"href":"https:\/\/anivet.lt\/elparduotuve\/wp-json\/wp\/v2\/product_cat?post=12161"},{"taxonomy":"product_tag","embeddable":true,"href":"https:\/\/anivet.lt\/elparduotuve\/wp-json\/wp\/v2\/product_tag?post=12161"}],"curies":[{"name":"wp","href":"https:\/\/api.w.org\/{rel}","templated":true}]}}