{"id":12168,"date":"2023-10-09T16:02:24","date_gmt":"2023-10-09T16:02:24","guid":{"rendered":"https:\/\/anivet.lt\/elparduotuve\/?post_type=product&#038;p=12168"},"modified":"2026-04-09T09:10:15","modified_gmt":"2026-04-09T09:10:15","slug":"monge-natural-konservuotas-pasaras-suaugusioms-katems-tuno-ir-vistienos-kasneliai-su-krevetemis-zeleje-80g","status":"publish","type":"product","link":"https:\/\/anivet.lt\/elparduotuve\/produktas\/monge-natural-konservuotas-pasaras-suaugusioms-katems-tuno-ir-vistienos-kasneliai-su-krevetemis-zeleje-80g\/","title":{"rendered":"Monge Natural konservuotas pa\u0161aras suaugusioms kat\u0117ms tuno ir vi\u0161tienos k\u0105sneliai su krevet\u0117mis \u017eel\u0117je 80g"},"content":{"rendered":"<ul>\n<li style=\"font-weight: 400;\" aria-level=\"1\"><span style=\"font-weight: 400;\">Auk\u0161tos kokyb\u0117s ingredientai: Sud\u0117tyje 45% tuno ir 5% vi\u0161tienos, u\u017etikrinant auk\u0161t\u0105 maistin\u0119 vert\u0119.<\/span><\/li>\n<li style=\"font-weight: 400;\" aria-level=\"1\"><span style=\"font-weight: 400;\">Lengvai vir\u0161kinamas: Prid\u0117ti ry\u017eiai ir frukto-oligosacharidai (F.O.S.) gerina vir\u0161kinimo proces\u0105.<\/span><\/li>\n<li style=\"font-weight: 400;\" aria-level=\"1\"><span style=\"font-weight: 400;\">Dr\u0117gnas pa\u0161aras: 83% dr\u0117gm\u0117s padeda palaikyti tinkam\u0105 kat\u0117s hidratacij\u0105.<\/span><\/li>\n<li style=\"font-weight: 400;\" aria-level=\"1\"><span style=\"font-weight: 400;\">Nat\u016bralus produktas: Be dirbtini\u0173 da\u017eikli\u0173, konservant\u0173 ar kvapikli\u0173.<\/span><\/li>\n<li style=\"font-weight: 400;\" aria-level=\"1\"><span style=\"font-weight: 400;\">Praturtintas vitaminu E: Padeda stiprinti imunin\u0119 sistem\u0105 ir palaikyti sveik\u0105 kail\u012f.<\/span><\/li>\n<\/ul>\n<p><span style=\"font-weight: 400;\">\u201eMonge Natural\u201d konservai su tunu, vi\u0161tiena ir krevet\u0117mis \u017eel\u0117je yra puikus sprendimas kasdienei j\u016bs\u0173 kat\u0117s mitybai. \u0160is subalansuotas pa\u0161aras ne tik suteikia svarbiausias maistines med\u017eiagas, bet ir u\u017etikrina malonias valgymo akimirkas.<\/span><\/p>\n","protected":false},"excerpt":{"rendered":"<p><span style=\"font-weight: 400;\">\u0160is super premium klas\u0117s konservuotas pa\u0161aras yra skirtas suaugusioms kat\u0117ms. Gard\u016bs tuno ir vi\u0161tienos k\u0105sneliai su krevet\u0117mis \u017eel\u0117je ne tik pasi\u017eymi puikiu skoniu, bet ir u\u017etikrina subalansuot\u0105 mityb\u0105.<\/span><\/p>\n","protected":false},"featured_media":12169,"template":"","meta":[],"product_brand":[],"product_cat":[114,102,116,343],"product_tag":[],"class_list":{"0":"post-12168","1":"product","2":"type-product","3":"status-publish","4":"has-post-thumbnail","6":"product_cat-kaciu-maistas","7":"product_cat-katems","8":"product_cat-konservai-katems","9":"product_cat-monge-kaciu-maistas","10":"pa_prekinis-zenklas-monge","12":"first","13":"instock","14":"taxable","15":"shipping-taxable","16":"purchasable","17":"product-type-simple"},"yoast_head":"<!-- This site is optimized with the Yoast SEO Premium plugin v27.1 (Yoast SEO v27.5) - https:\/\/yoast.com\/product\/yoast-seo-premium-wordpress\/ -->\n<title>Monge Natural konservuotas pa\u0161aras suaugusioms kat\u0117ms tuno ir vi\u0161tienos k\u0105sneliai su krevet\u0117mis \u017eel\u0117je 80g - anivet.lt<\/title>\n<meta name=\"description\" content=\"\u0160is super premium klas\u0117s konservuotas pa\u0161aras yra skirtas suaugusioms kat\u0117ms. Gard\u016bs tuno ir vi\u0161tienos k\u0105sneliai su krevet\u0117mis \u017eel\u0117je ne tik pasi\u017eymi puikiu skoniu, bet ir u\u017etikrina subalansuot\u0105 mityb\u0105.\" \/>\n<meta name=\"robots\" content=\"index, follow, max-snippet:-1, max-image-preview:large, max-video-preview:-1\" \/>\n<link rel=\"canonical\" href=\"https:\/\/anivet.lt\/elparduotuve\/produktas\/monge-natural-konservuotas-pasaras-suaugusioms-katems-tuno-ir-vistienos-kasneliai-su-krevetemis-zeleje-80g\/\" \/>\n<meta property=\"og:locale\" content=\"lt_LT\" \/>\n<meta property=\"og:type\" content=\"article\" \/>\n<meta property=\"og:title\" content=\"Monge Natural konservuotas pa\u0161aras suaugusioms kat\u0117ms tuno ir vi\u0161tienos k\u0105sneliai su krevet\u0117mis \u017eel\u0117je 80g\" \/>\n<meta property=\"og:description\" content=\"\u0160is super premium klas\u0117s konservuotas pa\u0161aras yra skirtas suaugusioms kat\u0117ms. Gard\u016bs tuno ir vi\u0161tienos k\u0105sneliai su krevet\u0117mis \u017eel\u0117je ne tik pasi\u017eymi puikiu skoniu, bet ir u\u017etikrina subalansuot\u0105 mityb\u0105.\" \/>\n<meta property=\"og:url\" content=\"https:\/\/anivet.lt\/elparduotuve\/produktas\/monge-natural-konservuotas-pasaras-suaugusioms-katems-tuno-ir-vistienos-kasneliai-su-krevetemis-zeleje-80g\/\" \/>\n<meta property=\"og:site_name\" content=\"anivet.lt\" \/>\n<meta property=\"article:modified_time\" content=\"2026-04-09T09:10:15+00:00\" \/>\n<meta property=\"og:image\" content=\"https:\/\/anivet.lt\/elparduotuve\/wp-content\/uploads\/2023\/10\/monge-natural-kons-pasaras-suaugusioms-katems-tuno-ir-vistienos-kasneliai-su-krevetemis-zeleje-80g.jpg\" \/>\n\t<meta property=\"og:image:width\" content=\"800\" \/>\n\t<meta property=\"og:image:height\" content=\"800\" \/>\n\t<meta property=\"og:image:type\" content=\"image\/jpeg\" \/>\n<meta name=\"twitter:card\" content=\"summary_large_image\" \/>\n<meta name=\"twitter:label1\" content=\"Est. reading time\" \/>\n\t<meta name=\"twitter:data1\" content=\"1 minut\u0117\" \/>\n<script type=\"application\/ld+json\" class=\"yoast-schema-graph\">{\"@context\":\"https:\\\/\\\/schema.org\",\"@graph\":[{\"@type\":\"WebPage\",\"@id\":\"https:\\\/\\\/anivet.lt\\\/elparduotuve\\\/produktas\\\/monge-natural-konservuotas-pasaras-suaugusioms-katems-tuno-ir-vistienos-kasneliai-su-krevetemis-zeleje-80g\\\/\",\"url\":\"https:\\\/\\\/anivet.lt\\\/elparduotuve\\\/produktas\\\/monge-natural-konservuotas-pasaras-suaugusioms-katems-tuno-ir-vistienos-kasneliai-su-krevetemis-zeleje-80g\\\/\",\"name\":\"Monge Natural konservuotas pa\u0161aras suaugusioms kat\u0117ms tuno ir vi\u0161tienos k\u0105sneliai su krevet\u0117mis \u017eel\u0117je 80g - anivet.lt\",\"isPartOf\":{\"@id\":\"https:\\\/\\\/anivet.lt\\\/elparduotuve\\\/#website\"},\"primaryImageOfPage\":{\"@id\":\"https:\\\/\\\/anivet.lt\\\/elparduotuve\\\/produktas\\\/monge-natural-konservuotas-pasaras-suaugusioms-katems-tuno-ir-vistienos-kasneliai-su-krevetemis-zeleje-80g\\\/#primaryimage\"},\"image\":{\"@id\":\"https:\\\/\\\/anivet.lt\\\/elparduotuve\\\/produktas\\\/monge-natural-konservuotas-pasaras-suaugusioms-katems-tuno-ir-vistienos-kasneliai-su-krevetemis-zeleje-80g\\\/#primaryimage\"},\"thumbnailUrl\":\"https:\\\/\\\/anivet.lt\\\/elparduotuve\\\/wp-content\\\/uploads\\\/2023\\\/10\\\/monge-natural-kons-pasaras-suaugusioms-katems-tuno-ir-vistienos-kasneliai-su-krevetemis-zeleje-80g.jpg\",\"datePublished\":\"2023-10-09T16:02:24+00:00\",\"dateModified\":\"2026-04-09T09:10:15+00:00\",\"description\":\"\u0160is super premium klas\u0117s konservuotas pa\u0161aras yra skirtas suaugusioms kat\u0117ms. Gard\u016bs tuno ir vi\u0161tienos k\u0105sneliai su krevet\u0117mis \u017eel\u0117je ne tik pasi\u017eymi puikiu skoniu, bet ir u\u017etikrina subalansuot\u0105 mityb\u0105.\",\"breadcrumb\":{\"@id\":\"https:\\\/\\\/anivet.lt\\\/elparduotuve\\\/produktas\\\/monge-natural-konservuotas-pasaras-suaugusioms-katems-tuno-ir-vistienos-kasneliai-su-krevetemis-zeleje-80g\\\/#breadcrumb\"},\"inLanguage\":\"lt-LT\",\"potentialAction\":[{\"@type\":\"ReadAction\",\"target\":[\"https:\\\/\\\/anivet.lt\\\/elparduotuve\\\/produktas\\\/monge-natural-konservuotas-pasaras-suaugusioms-katems-tuno-ir-vistienos-kasneliai-su-krevetemis-zeleje-80g\\\/\"]}]},{\"@type\":\"ImageObject\",\"inLanguage\":\"lt-LT\",\"@id\":\"https:\\\/\\\/anivet.lt\\\/elparduotuve\\\/produktas\\\/monge-natural-konservuotas-pasaras-suaugusioms-katems-tuno-ir-vistienos-kasneliai-su-krevetemis-zeleje-80g\\\/#primaryimage\",\"url\":\"https:\\\/\\\/anivet.lt\\\/elparduotuve\\\/wp-content\\\/uploads\\\/2023\\\/10\\\/monge-natural-kons-pasaras-suaugusioms-katems-tuno-ir-vistienos-kasneliai-su-krevetemis-zeleje-80g.jpg\",\"contentUrl\":\"https:\\\/\\\/anivet.lt\\\/elparduotuve\\\/wp-content\\\/uploads\\\/2023\\\/10\\\/monge-natural-kons-pasaras-suaugusioms-katems-tuno-ir-vistienos-kasneliai-su-krevetemis-zeleje-80g.jpg\",\"width\":800,\"height\":800,\"caption\":\"Monge Natural konservuotas pa\u0161aras suaugusioms kat\u0117ms tuno ir vi\u0161tienos k\u0105sneliai su krevet\u0117mis \u017eel\u0117je 80g\"},{\"@type\":\"BreadcrumbList\",\"@id\":\"https:\\\/\\\/anivet.lt\\\/elparduotuve\\\/produktas\\\/monge-natural-konservuotas-pasaras-suaugusioms-katems-tuno-ir-vistienos-kasneliai-su-krevetemis-zeleje-80g\\\/#breadcrumb\",\"itemListElement\":[{\"@type\":\"ListItem\",\"position\":1,\"name\":\"Home\",\"item\":\"https:\\\/\\\/anivet.lt\\\/elparduotuve\\\/\"},{\"@type\":\"ListItem\",\"position\":2,\"name\":\"Produktai\",\"item\":\"https:\\\/\\\/anivet.lt\\\/elparduotuve\\\/produktai\\\/\"},{\"@type\":\"ListItem\",\"position\":3,\"name\":\"Monge Natural konservuotas pa\u0161aras suaugusioms kat\u0117ms tuno ir vi\u0161tienos k\u0105sneliai su krevet\u0117mis \u017eel\u0117je 80g\"}]},{\"@type\":\"WebSite\",\"@id\":\"https:\\\/\\\/anivet.lt\\\/elparduotuve\\\/#website\",\"url\":\"https:\\\/\\\/anivet.lt\\\/elparduotuve\\\/\",\"name\":\"anivet.lt\",\"description\":\"Viskas J\u016bs\u0173 \u0161uns, kat\u0117s prie\u017ei\u016brai\",\"publisher\":{\"@id\":\"https:\\\/\\\/anivet.lt\\\/elparduotuve\\\/#organization\"},\"alternateName\":\"Viskas J\u016bs\u0173 \u0161uns, kat\u0117s prie\u017ei\u016brai\",\"potentialAction\":[{\"@type\":\"SearchAction\",\"target\":{\"@type\":\"EntryPoint\",\"urlTemplate\":\"https:\\\/\\\/anivet.lt\\\/elparduotuve\\\/?s={search_term_string}\"},\"query-input\":{\"@type\":\"PropertyValueSpecification\",\"valueRequired\":true,\"valueName\":\"search_term_string\"}}],\"inLanguage\":\"lt-LT\"},{\"@type\":\"Organization\",\"@id\":\"https:\\\/\\\/anivet.lt\\\/elparduotuve\\\/#organization\",\"name\":\"Viskas J\u016bs\u0173 \u0161uns, kat\u0117s prie\u017ei\u016brai\",\"url\":\"https:\\\/\\\/anivet.lt\\\/elparduotuve\\\/\",\"logo\":{\"@type\":\"ImageObject\",\"inLanguage\":\"lt-LT\",\"@id\":\"https:\\\/\\\/anivet.lt\\\/elparduotuve\\\/#\\\/schema\\\/logo\\\/image\\\/\",\"url\":\"https:\\\/\\\/anivet.lt\\\/elparduotuve\\\/wp-content\\\/uploads\\\/2023\\\/06\\\/logo2.jpg\",\"contentUrl\":\"https:\\\/\\\/anivet.lt\\\/elparduotuve\\\/wp-content\\\/uploads\\\/2023\\\/06\\\/logo2.jpg\",\"width\":655,\"height\":194,\"caption\":\"Viskas J\u016bs\u0173 \u0161uns, kat\u0117s prie\u017ei\u016brai\"},\"image\":{\"@id\":\"https:\\\/\\\/anivet.lt\\\/elparduotuve\\\/#\\\/schema\\\/logo\\\/image\\\/\"}}]}<\/script>\n<!-- \/ Yoast SEO Premium plugin. -->","yoast_head_json":{"title":"Monge Natural konservuotas pa\u0161aras suaugusioms kat\u0117ms tuno ir vi\u0161tienos k\u0105sneliai su krevet\u0117mis \u017eel\u0117je 80g - anivet.lt","description":"\u0160is super premium klas\u0117s konservuotas pa\u0161aras yra skirtas suaugusioms kat\u0117ms. Gard\u016bs tuno ir vi\u0161tienos k\u0105sneliai su krevet\u0117mis \u017eel\u0117je ne tik pasi\u017eymi puikiu skoniu, bet ir u\u017etikrina subalansuot\u0105 mityb\u0105.","robots":{"index":"index","follow":"follow","max-snippet":"max-snippet:-1","max-image-preview":"max-image-preview:large","max-video-preview":"max-video-preview:-1"},"canonical":"https:\/\/anivet.lt\/elparduotuve\/produktas\/monge-natural-konservuotas-pasaras-suaugusioms-katems-tuno-ir-vistienos-kasneliai-su-krevetemis-zeleje-80g\/","og_locale":"lt_LT","og_type":"article","og_title":"Monge Natural konservuotas pa\u0161aras suaugusioms kat\u0117ms tuno ir vi\u0161tienos k\u0105sneliai su krevet\u0117mis \u017eel\u0117je 80g","og_description":"\u0160is super premium klas\u0117s konservuotas pa\u0161aras yra skirtas suaugusioms kat\u0117ms. Gard\u016bs tuno ir vi\u0161tienos k\u0105sneliai su krevet\u0117mis \u017eel\u0117je ne tik pasi\u017eymi puikiu skoniu, bet ir u\u017etikrina subalansuot\u0105 mityb\u0105.","og_url":"https:\/\/anivet.lt\/elparduotuve\/produktas\/monge-natural-konservuotas-pasaras-suaugusioms-katems-tuno-ir-vistienos-kasneliai-su-krevetemis-zeleje-80g\/","og_site_name":"anivet.lt","article_modified_time":"2026-04-09T09:10:15+00:00","og_image":[{"width":800,"height":800,"url":"https:\/\/anivet.lt\/elparduotuve\/wp-content\/uploads\/2023\/10\/monge-natural-kons-pasaras-suaugusioms-katems-tuno-ir-vistienos-kasneliai-su-krevetemis-zeleje-80g.jpg","type":"image\/jpeg"}],"twitter_card":"summary_large_image","twitter_misc":{"Est. reading time":"1 minut\u0117"},"schema":{"@context":"https:\/\/schema.org","@graph":[{"@type":"WebPage","@id":"https:\/\/anivet.lt\/elparduotuve\/produktas\/monge-natural-konservuotas-pasaras-suaugusioms-katems-tuno-ir-vistienos-kasneliai-su-krevetemis-zeleje-80g\/","url":"https:\/\/anivet.lt\/elparduotuve\/produktas\/monge-natural-konservuotas-pasaras-suaugusioms-katems-tuno-ir-vistienos-kasneliai-su-krevetemis-zeleje-80g\/","name":"Monge Natural konservuotas pa\u0161aras suaugusioms kat\u0117ms tuno ir vi\u0161tienos k\u0105sneliai su krevet\u0117mis \u017eel\u0117je 80g - anivet.lt","isPartOf":{"@id":"https:\/\/anivet.lt\/elparduotuve\/#website"},"primaryImageOfPage":{"@id":"https:\/\/anivet.lt\/elparduotuve\/produktas\/monge-natural-konservuotas-pasaras-suaugusioms-katems-tuno-ir-vistienos-kasneliai-su-krevetemis-zeleje-80g\/#primaryimage"},"image":{"@id":"https:\/\/anivet.lt\/elparduotuve\/produktas\/monge-natural-konservuotas-pasaras-suaugusioms-katems-tuno-ir-vistienos-kasneliai-su-krevetemis-zeleje-80g\/#primaryimage"},"thumbnailUrl":"https:\/\/anivet.lt\/elparduotuve\/wp-content\/uploads\/2023\/10\/monge-natural-kons-pasaras-suaugusioms-katems-tuno-ir-vistienos-kasneliai-su-krevetemis-zeleje-80g.jpg","datePublished":"2023-10-09T16:02:24+00:00","dateModified":"2026-04-09T09:10:15+00:00","description":"\u0160is super premium klas\u0117s konservuotas pa\u0161aras yra skirtas suaugusioms kat\u0117ms. Gard\u016bs tuno ir vi\u0161tienos k\u0105sneliai su krevet\u0117mis \u017eel\u0117je ne tik pasi\u017eymi puikiu skoniu, bet ir u\u017etikrina subalansuot\u0105 mityb\u0105.","breadcrumb":{"@id":"https:\/\/anivet.lt\/elparduotuve\/produktas\/monge-natural-konservuotas-pasaras-suaugusioms-katems-tuno-ir-vistienos-kasneliai-su-krevetemis-zeleje-80g\/#breadcrumb"},"inLanguage":"lt-LT","potentialAction":[{"@type":"ReadAction","target":["https:\/\/anivet.lt\/elparduotuve\/produktas\/monge-natural-konservuotas-pasaras-suaugusioms-katems-tuno-ir-vistienos-kasneliai-su-krevetemis-zeleje-80g\/"]}]},{"@type":"ImageObject","inLanguage":"lt-LT","@id":"https:\/\/anivet.lt\/elparduotuve\/produktas\/monge-natural-konservuotas-pasaras-suaugusioms-katems-tuno-ir-vistienos-kasneliai-su-krevetemis-zeleje-80g\/#primaryimage","url":"https:\/\/anivet.lt\/elparduotuve\/wp-content\/uploads\/2023\/10\/monge-natural-kons-pasaras-suaugusioms-katems-tuno-ir-vistienos-kasneliai-su-krevetemis-zeleje-80g.jpg","contentUrl":"https:\/\/anivet.lt\/elparduotuve\/wp-content\/uploads\/2023\/10\/monge-natural-kons-pasaras-suaugusioms-katems-tuno-ir-vistienos-kasneliai-su-krevetemis-zeleje-80g.jpg","width":800,"height":800,"caption":"Monge Natural konservuotas pa\u0161aras suaugusioms kat\u0117ms tuno ir vi\u0161tienos k\u0105sneliai su krevet\u0117mis \u017eel\u0117je 80g"},{"@type":"BreadcrumbList","@id":"https:\/\/anivet.lt\/elparduotuve\/produktas\/monge-natural-konservuotas-pasaras-suaugusioms-katems-tuno-ir-vistienos-kasneliai-su-krevetemis-zeleje-80g\/#breadcrumb","itemListElement":[{"@type":"ListItem","position":1,"name":"Home","item":"https:\/\/anivet.lt\/elparduotuve\/"},{"@type":"ListItem","position":2,"name":"Produktai","item":"https:\/\/anivet.lt\/elparduotuve\/produktai\/"},{"@type":"ListItem","position":3,"name":"Monge Natural konservuotas pa\u0161aras suaugusioms kat\u0117ms tuno ir vi\u0161tienos k\u0105sneliai su krevet\u0117mis \u017eel\u0117je 80g"}]},{"@type":"WebSite","@id":"https:\/\/anivet.lt\/elparduotuve\/#website","url":"https:\/\/anivet.lt\/elparduotuve\/","name":"anivet.lt","description":"Viskas J\u016bs\u0173 \u0161uns, kat\u0117s prie\u017ei\u016brai","publisher":{"@id":"https:\/\/anivet.lt\/elparduotuve\/#organization"},"alternateName":"Viskas J\u016bs\u0173 \u0161uns, kat\u0117s prie\u017ei\u016brai","potentialAction":[{"@type":"SearchAction","target":{"@type":"EntryPoint","urlTemplate":"https:\/\/anivet.lt\/elparduotuve\/?s={search_term_string}"},"query-input":{"@type":"PropertyValueSpecification","valueRequired":true,"valueName":"search_term_string"}}],"inLanguage":"lt-LT"},{"@type":"Organization","@id":"https:\/\/anivet.lt\/elparduotuve\/#organization","name":"Viskas J\u016bs\u0173 \u0161uns, kat\u0117s prie\u017ei\u016brai","url":"https:\/\/anivet.lt\/elparduotuve\/","logo":{"@type":"ImageObject","inLanguage":"lt-LT","@id":"https:\/\/anivet.lt\/elparduotuve\/#\/schema\/logo\/image\/","url":"https:\/\/anivet.lt\/elparduotuve\/wp-content\/uploads\/2023\/06\/logo2.jpg","contentUrl":"https:\/\/anivet.lt\/elparduotuve\/wp-content\/uploads\/2023\/06\/logo2.jpg","width":655,"height":194,"caption":"Viskas J\u016bs\u0173 \u0161uns, kat\u0117s prie\u017ei\u016brai"},"image":{"@id":"https:\/\/anivet.lt\/elparduotuve\/#\/schema\/logo\/image\/"}}]}},"_links":{"self":[{"href":"https:\/\/anivet.lt\/elparduotuve\/wp-json\/wp\/v2\/product\/12168","targetHints":{"allow":["GET"]}}],"collection":[{"href":"https:\/\/anivet.lt\/elparduotuve\/wp-json\/wp\/v2\/product"}],"about":[{"href":"https:\/\/anivet.lt\/elparduotuve\/wp-json\/wp\/v2\/types\/product"}],"wp:featuredmedia":[{"embeddable":true,"href":"https:\/\/anivet.lt\/elparduotuve\/wp-json\/wp\/v2\/media\/12169"}],"wp:attachment":[{"href":"https:\/\/anivet.lt\/elparduotuve\/wp-json\/wp\/v2\/media?parent=12168"}],"wp:term":[{"taxonomy":"product_brand","embeddable":true,"href":"https:\/\/anivet.lt\/elparduotuve\/wp-json\/wp\/v2\/product_brand?post=12168"},{"taxonomy":"product_cat","embeddable":true,"href":"https:\/\/anivet.lt\/elparduotuve\/wp-json\/wp\/v2\/product_cat?post=12168"},{"taxonomy":"product_tag","embeddable":true,"href":"https:\/\/anivet.lt\/elparduotuve\/wp-json\/wp\/v2\/product_tag?post=12168"}],"curies":[{"name":"wp","href":"https:\/\/api.w.org\/{rel}","templated":true}]}}