{"id":12172,"date":"2023-10-10T08:48:55","date_gmt":"2023-10-10T08:48:55","guid":{"rendered":"https:\/\/anivet.lt\/elparduotuve\/?post_type=product&#038;p=12172"},"modified":"2026-03-11T15:50:14","modified_gmt":"2026-03-11T15:50:14","slug":"monge-kons-pasaras-katems-su-tuno-ir-vistienos-gabaleliais-savo-sultyse-80g","status":"publish","type":"product","link":"https:\/\/anivet.lt\/elparduotuve\/produktas\/monge-kons-pasaras-katems-su-tuno-ir-vistienos-gabaleliais-savo-sultyse-80g\/","title":{"rendered":"Monge kons. pa\u0161aras kat\u0117ms su tuno ir vi\u0161tienos gabal\u0117liais savo sultyse 80g"},"content":{"rendered":"<ul>\n<li style=\"font-weight: 400;\" aria-level=\"1\"><span style=\"font-weight: 400;\">Nat\u016bral\u016bs ingredientai: Sud\u0117tyje 100% nat\u016brali m\u0117sa \u2013 tunas (50%) ir vi\u0161tiena (25%).<\/span><\/li>\n<li style=\"font-weight: 400;\" aria-level=\"1\"><span style=\"font-weight: 400;\">Praturtintas omega-3 r\u016bg\u0161timis: Padeda palaikyti sveik\u0105 od\u0105 ir \u017evilgant\u012f kail\u012f.<\/span><\/li>\n<li style=\"font-weight: 400;\" aria-level=\"1\"><span style=\"font-weight: 400;\">Lengvai vir\u0161kinamas: Be glitimo, da\u017eikli\u0173 ir konservant\u0173, tinka jautriems augintiniams.<\/span><\/li>\n<li style=\"font-weight: 400;\" aria-level=\"1\"><span style=\"font-weight: 400;\">Daug baltym\u0173: Auk\u0161tas baltym\u0173 kiekis palaiko raumen\u0173 b\u016bkl\u0119.<\/span><\/li>\n<li style=\"font-weight: 400;\" aria-level=\"1\"><span style=\"font-weight: 400;\">Minimalus riebal\u0173 kiekis: Padeda i\u0161laikyti tinkam\u0105 svor\u012f.<\/span><\/li>\n<\/ul>\n<p><span style=\"font-weight: 400;\">\u201eMonge\u201d konservai su tuno ir vi\u0161tienos gabal\u0117liais savo sultyse yra puikus sprendimas kasdienei j\u016bs\u0173 kat\u0117s mitybai. Gausus nat\u016brali\u0173 ingredient\u0173 ir puikaus skonio, \u0161is pa\u0161aras u\u017etikrins, kad j\u016bs\u0173 augintinis gaut\u0173 reikiamas maistines med\u017eiagas ir m\u0117gaut\u0173si kiekvienu k\u0105sniu.<\/span><\/p>\n","protected":false},"excerpt":{"rendered":"<p><span style=\"font-weight: 400;\">\u0160is papildomas konservuotas pa\u0161aras yra skirtas suaugusioms kat\u0117ms, u\u017etikrinantis nepriekai\u0161ting\u0105 skon\u012f ir maistini\u0173 med\u017eiag\u0173 balans\u0105. Pagamintas i\u0161 auk\u0161tos kokyb\u0117s tuno ir vi\u0161tienos, tro\u0161kint\u0173 garuose.<\/span><\/p>\n","protected":false},"featured_media":12173,"template":"","meta":[],"product_brand":[],"product_cat":[114,102,116,343],"product_tag":[],"class_list":{"0":"post-12172","1":"product","2":"type-product","3":"status-publish","4":"has-post-thumbnail","6":"product_cat-kaciu-maistas","7":"product_cat-katems","8":"product_cat-konservai-katems","9":"product_cat-monge-kaciu-maistas","10":"pa_prekinis-zenklas-monge","12":"first","13":"instock","14":"taxable","15":"shipping-taxable","16":"purchasable","17":"product-type-simple"},"yoast_head":"<!-- This site is optimized with the Yoast SEO Premium plugin v27.1 (Yoast SEO v27.5) - https:\/\/yoast.com\/product\/yoast-seo-premium-wordpress\/ -->\n<title>Monge kons. pa\u0161aras kat\u0117ms su tuno ir vi\u0161tienos gabal\u0117liais savo sultyse 80g - anivet.lt<\/title>\n<meta name=\"description\" content=\"\u0160is papildomas konservuotas pa\u0161aras yra skirtas suaugusioms kat\u0117ms, u\u017etikrinantis nepriekai\u0161ting\u0105 skon\u012f ir maistini\u0173 med\u017eiag\u0173 balans\u0105. Pagamintas i\u0161 auk\u0161tos kokyb\u0117s tuno ir vi\u0161tienos, tro\u0161kint\u0173 garuose.\" \/>\n<meta name=\"robots\" content=\"index, follow, max-snippet:-1, max-image-preview:large, max-video-preview:-1\" \/>\n<link rel=\"canonical\" href=\"https:\/\/anivet.lt\/elparduotuve\/produktas\/monge-kons-pasaras-katems-su-tuno-ir-vistienos-gabaleliais-savo-sultyse-80g\/\" \/>\n<meta property=\"og:locale\" content=\"lt_LT\" \/>\n<meta property=\"og:type\" content=\"article\" \/>\n<meta property=\"og:title\" content=\"Monge kons. pa\u0161aras kat\u0117ms su tuno ir vi\u0161tienos gabal\u0117liais savo sultyse 80g\" \/>\n<meta property=\"og:description\" content=\"\u0160is papildomas konservuotas pa\u0161aras yra skirtas suaugusioms kat\u0117ms, u\u017etikrinantis nepriekai\u0161ting\u0105 skon\u012f ir maistini\u0173 med\u017eiag\u0173 balans\u0105. Pagamintas i\u0161 auk\u0161tos kokyb\u0117s tuno ir vi\u0161tienos, tro\u0161kint\u0173 garuose.\" \/>\n<meta property=\"og:url\" content=\"https:\/\/anivet.lt\/elparduotuve\/produktas\/monge-kons-pasaras-katems-su-tuno-ir-vistienos-gabaleliais-savo-sultyse-80g\/\" \/>\n<meta property=\"og:site_name\" content=\"anivet.lt\" \/>\n<meta property=\"article:modified_time\" content=\"2026-03-11T15:50:14+00:00\" \/>\n<meta property=\"og:image\" content=\"https:\/\/anivet.lt\/elparduotuve\/wp-content\/uploads\/2023\/10\/monge-kons-pasaras-katems-su-tuno-ir-vistienos-gabaleliais-savo-sultyse-80g.jpg\" \/>\n\t<meta property=\"og:image:width\" content=\"800\" \/>\n\t<meta property=\"og:image:height\" content=\"800\" \/>\n\t<meta property=\"og:image:type\" content=\"image\/jpeg\" \/>\n<meta name=\"twitter:card\" content=\"summary_large_image\" \/>\n<meta name=\"twitter:label1\" content=\"Est. reading time\" \/>\n\t<meta name=\"twitter:data1\" content=\"1 minut\u0117\" \/>\n<script type=\"application\/ld+json\" class=\"yoast-schema-graph\">{\"@context\":\"https:\\\/\\\/schema.org\",\"@graph\":[{\"@type\":\"WebPage\",\"@id\":\"https:\\\/\\\/anivet.lt\\\/elparduotuve\\\/produktas\\\/monge-kons-pasaras-katems-su-tuno-ir-vistienos-gabaleliais-savo-sultyse-80g\\\/\",\"url\":\"https:\\\/\\\/anivet.lt\\\/elparduotuve\\\/produktas\\\/monge-kons-pasaras-katems-su-tuno-ir-vistienos-gabaleliais-savo-sultyse-80g\\\/\",\"name\":\"Monge kons. pa\u0161aras kat\u0117ms su tuno ir vi\u0161tienos gabal\u0117liais savo sultyse 80g - anivet.lt\",\"isPartOf\":{\"@id\":\"https:\\\/\\\/anivet.lt\\\/elparduotuve\\\/#website\"},\"primaryImageOfPage\":{\"@id\":\"https:\\\/\\\/anivet.lt\\\/elparduotuve\\\/produktas\\\/monge-kons-pasaras-katems-su-tuno-ir-vistienos-gabaleliais-savo-sultyse-80g\\\/#primaryimage\"},\"image\":{\"@id\":\"https:\\\/\\\/anivet.lt\\\/elparduotuve\\\/produktas\\\/monge-kons-pasaras-katems-su-tuno-ir-vistienos-gabaleliais-savo-sultyse-80g\\\/#primaryimage\"},\"thumbnailUrl\":\"https:\\\/\\\/anivet.lt\\\/elparduotuve\\\/wp-content\\\/uploads\\\/2023\\\/10\\\/monge-kons-pasaras-katems-su-tuno-ir-vistienos-gabaleliais-savo-sultyse-80g.jpg\",\"datePublished\":\"2023-10-10T08:48:55+00:00\",\"dateModified\":\"2026-03-11T15:50:14+00:00\",\"description\":\"\u0160is papildomas konservuotas pa\u0161aras yra skirtas suaugusioms kat\u0117ms, u\u017etikrinantis nepriekai\u0161ting\u0105 skon\u012f ir maistini\u0173 med\u017eiag\u0173 balans\u0105. Pagamintas i\u0161 auk\u0161tos kokyb\u0117s tuno ir vi\u0161tienos, tro\u0161kint\u0173 garuose.\",\"breadcrumb\":{\"@id\":\"https:\\\/\\\/anivet.lt\\\/elparduotuve\\\/produktas\\\/monge-kons-pasaras-katems-su-tuno-ir-vistienos-gabaleliais-savo-sultyse-80g\\\/#breadcrumb\"},\"inLanguage\":\"lt-LT\",\"potentialAction\":[{\"@type\":\"ReadAction\",\"target\":[\"https:\\\/\\\/anivet.lt\\\/elparduotuve\\\/produktas\\\/monge-kons-pasaras-katems-su-tuno-ir-vistienos-gabaleliais-savo-sultyse-80g\\\/\"]}]},{\"@type\":\"ImageObject\",\"inLanguage\":\"lt-LT\",\"@id\":\"https:\\\/\\\/anivet.lt\\\/elparduotuve\\\/produktas\\\/monge-kons-pasaras-katems-su-tuno-ir-vistienos-gabaleliais-savo-sultyse-80g\\\/#primaryimage\",\"url\":\"https:\\\/\\\/anivet.lt\\\/elparduotuve\\\/wp-content\\\/uploads\\\/2023\\\/10\\\/monge-kons-pasaras-katems-su-tuno-ir-vistienos-gabaleliais-savo-sultyse-80g.jpg\",\"contentUrl\":\"https:\\\/\\\/anivet.lt\\\/elparduotuve\\\/wp-content\\\/uploads\\\/2023\\\/10\\\/monge-kons-pasaras-katems-su-tuno-ir-vistienos-gabaleliais-savo-sultyse-80g.jpg\",\"width\":800,\"height\":800,\"caption\":\"Monge kons. pa\u0161aras kat\u0117ms su tuno ir vi\u0161tienos gabal\u0117liais savo sultyse 80g\"},{\"@type\":\"BreadcrumbList\",\"@id\":\"https:\\\/\\\/anivet.lt\\\/elparduotuve\\\/produktas\\\/monge-kons-pasaras-katems-su-tuno-ir-vistienos-gabaleliais-savo-sultyse-80g\\\/#breadcrumb\",\"itemListElement\":[{\"@type\":\"ListItem\",\"position\":1,\"name\":\"Home\",\"item\":\"https:\\\/\\\/anivet.lt\\\/elparduotuve\\\/\"},{\"@type\":\"ListItem\",\"position\":2,\"name\":\"Produktai\",\"item\":\"https:\\\/\\\/anivet.lt\\\/elparduotuve\\\/produktai\\\/\"},{\"@type\":\"ListItem\",\"position\":3,\"name\":\"Monge kons. pa\u0161aras kat\u0117ms su tuno ir vi\u0161tienos gabal\u0117liais savo sultyse 80g\"}]},{\"@type\":\"WebSite\",\"@id\":\"https:\\\/\\\/anivet.lt\\\/elparduotuve\\\/#website\",\"url\":\"https:\\\/\\\/anivet.lt\\\/elparduotuve\\\/\",\"name\":\"anivet.lt\",\"description\":\"Viskas J\u016bs\u0173 \u0161uns, kat\u0117s prie\u017ei\u016brai\",\"publisher\":{\"@id\":\"https:\\\/\\\/anivet.lt\\\/elparduotuve\\\/#organization\"},\"alternateName\":\"Viskas J\u016bs\u0173 \u0161uns, kat\u0117s prie\u017ei\u016brai\",\"potentialAction\":[{\"@type\":\"SearchAction\",\"target\":{\"@type\":\"EntryPoint\",\"urlTemplate\":\"https:\\\/\\\/anivet.lt\\\/elparduotuve\\\/?s={search_term_string}\"},\"query-input\":{\"@type\":\"PropertyValueSpecification\",\"valueRequired\":true,\"valueName\":\"search_term_string\"}}],\"inLanguage\":\"lt-LT\"},{\"@type\":\"Organization\",\"@id\":\"https:\\\/\\\/anivet.lt\\\/elparduotuve\\\/#organization\",\"name\":\"Viskas J\u016bs\u0173 \u0161uns, kat\u0117s prie\u017ei\u016brai\",\"url\":\"https:\\\/\\\/anivet.lt\\\/elparduotuve\\\/\",\"logo\":{\"@type\":\"ImageObject\",\"inLanguage\":\"lt-LT\",\"@id\":\"https:\\\/\\\/anivet.lt\\\/elparduotuve\\\/#\\\/schema\\\/logo\\\/image\\\/\",\"url\":\"https:\\\/\\\/anivet.lt\\\/elparduotuve\\\/wp-content\\\/uploads\\\/2023\\\/06\\\/logo2.jpg\",\"contentUrl\":\"https:\\\/\\\/anivet.lt\\\/elparduotuve\\\/wp-content\\\/uploads\\\/2023\\\/06\\\/logo2.jpg\",\"width\":655,\"height\":194,\"caption\":\"Viskas J\u016bs\u0173 \u0161uns, kat\u0117s prie\u017ei\u016brai\"},\"image\":{\"@id\":\"https:\\\/\\\/anivet.lt\\\/elparduotuve\\\/#\\\/schema\\\/logo\\\/image\\\/\"}}]}<\/script>\n<!-- \/ Yoast SEO Premium plugin. -->","yoast_head_json":{"title":"Monge kons. pa\u0161aras kat\u0117ms su tuno ir vi\u0161tienos gabal\u0117liais savo sultyse 80g - anivet.lt","description":"\u0160is papildomas konservuotas pa\u0161aras yra skirtas suaugusioms kat\u0117ms, u\u017etikrinantis nepriekai\u0161ting\u0105 skon\u012f ir maistini\u0173 med\u017eiag\u0173 balans\u0105. Pagamintas i\u0161 auk\u0161tos kokyb\u0117s tuno ir vi\u0161tienos, tro\u0161kint\u0173 garuose.","robots":{"index":"index","follow":"follow","max-snippet":"max-snippet:-1","max-image-preview":"max-image-preview:large","max-video-preview":"max-video-preview:-1"},"canonical":"https:\/\/anivet.lt\/elparduotuve\/produktas\/monge-kons-pasaras-katems-su-tuno-ir-vistienos-gabaleliais-savo-sultyse-80g\/","og_locale":"lt_LT","og_type":"article","og_title":"Monge kons. pa\u0161aras kat\u0117ms su tuno ir vi\u0161tienos gabal\u0117liais savo sultyse 80g","og_description":"\u0160is papildomas konservuotas pa\u0161aras yra skirtas suaugusioms kat\u0117ms, u\u017etikrinantis nepriekai\u0161ting\u0105 skon\u012f ir maistini\u0173 med\u017eiag\u0173 balans\u0105. Pagamintas i\u0161 auk\u0161tos kokyb\u0117s tuno ir vi\u0161tienos, tro\u0161kint\u0173 garuose.","og_url":"https:\/\/anivet.lt\/elparduotuve\/produktas\/monge-kons-pasaras-katems-su-tuno-ir-vistienos-gabaleliais-savo-sultyse-80g\/","og_site_name":"anivet.lt","article_modified_time":"2026-03-11T15:50:14+00:00","og_image":[{"width":800,"height":800,"url":"https:\/\/anivet.lt\/elparduotuve\/wp-content\/uploads\/2023\/10\/monge-kons-pasaras-katems-su-tuno-ir-vistienos-gabaleliais-savo-sultyse-80g.jpg","type":"image\/jpeg"}],"twitter_card":"summary_large_image","twitter_misc":{"Est. reading time":"1 minut\u0117"},"schema":{"@context":"https:\/\/schema.org","@graph":[{"@type":"WebPage","@id":"https:\/\/anivet.lt\/elparduotuve\/produktas\/monge-kons-pasaras-katems-su-tuno-ir-vistienos-gabaleliais-savo-sultyse-80g\/","url":"https:\/\/anivet.lt\/elparduotuve\/produktas\/monge-kons-pasaras-katems-su-tuno-ir-vistienos-gabaleliais-savo-sultyse-80g\/","name":"Monge kons. pa\u0161aras kat\u0117ms su tuno ir vi\u0161tienos gabal\u0117liais savo sultyse 80g - anivet.lt","isPartOf":{"@id":"https:\/\/anivet.lt\/elparduotuve\/#website"},"primaryImageOfPage":{"@id":"https:\/\/anivet.lt\/elparduotuve\/produktas\/monge-kons-pasaras-katems-su-tuno-ir-vistienos-gabaleliais-savo-sultyse-80g\/#primaryimage"},"image":{"@id":"https:\/\/anivet.lt\/elparduotuve\/produktas\/monge-kons-pasaras-katems-su-tuno-ir-vistienos-gabaleliais-savo-sultyse-80g\/#primaryimage"},"thumbnailUrl":"https:\/\/anivet.lt\/elparduotuve\/wp-content\/uploads\/2023\/10\/monge-kons-pasaras-katems-su-tuno-ir-vistienos-gabaleliais-savo-sultyse-80g.jpg","datePublished":"2023-10-10T08:48:55+00:00","dateModified":"2026-03-11T15:50:14+00:00","description":"\u0160is papildomas konservuotas pa\u0161aras yra skirtas suaugusioms kat\u0117ms, u\u017etikrinantis nepriekai\u0161ting\u0105 skon\u012f ir maistini\u0173 med\u017eiag\u0173 balans\u0105. Pagamintas i\u0161 auk\u0161tos kokyb\u0117s tuno ir vi\u0161tienos, tro\u0161kint\u0173 garuose.","breadcrumb":{"@id":"https:\/\/anivet.lt\/elparduotuve\/produktas\/monge-kons-pasaras-katems-su-tuno-ir-vistienos-gabaleliais-savo-sultyse-80g\/#breadcrumb"},"inLanguage":"lt-LT","potentialAction":[{"@type":"ReadAction","target":["https:\/\/anivet.lt\/elparduotuve\/produktas\/monge-kons-pasaras-katems-su-tuno-ir-vistienos-gabaleliais-savo-sultyse-80g\/"]}]},{"@type":"ImageObject","inLanguage":"lt-LT","@id":"https:\/\/anivet.lt\/elparduotuve\/produktas\/monge-kons-pasaras-katems-su-tuno-ir-vistienos-gabaleliais-savo-sultyse-80g\/#primaryimage","url":"https:\/\/anivet.lt\/elparduotuve\/wp-content\/uploads\/2023\/10\/monge-kons-pasaras-katems-su-tuno-ir-vistienos-gabaleliais-savo-sultyse-80g.jpg","contentUrl":"https:\/\/anivet.lt\/elparduotuve\/wp-content\/uploads\/2023\/10\/monge-kons-pasaras-katems-su-tuno-ir-vistienos-gabaleliais-savo-sultyse-80g.jpg","width":800,"height":800,"caption":"Monge kons. pa\u0161aras kat\u0117ms su tuno ir vi\u0161tienos gabal\u0117liais savo sultyse 80g"},{"@type":"BreadcrumbList","@id":"https:\/\/anivet.lt\/elparduotuve\/produktas\/monge-kons-pasaras-katems-su-tuno-ir-vistienos-gabaleliais-savo-sultyse-80g\/#breadcrumb","itemListElement":[{"@type":"ListItem","position":1,"name":"Home","item":"https:\/\/anivet.lt\/elparduotuve\/"},{"@type":"ListItem","position":2,"name":"Produktai","item":"https:\/\/anivet.lt\/elparduotuve\/produktai\/"},{"@type":"ListItem","position":3,"name":"Monge kons. pa\u0161aras kat\u0117ms su tuno ir vi\u0161tienos gabal\u0117liais savo sultyse 80g"}]},{"@type":"WebSite","@id":"https:\/\/anivet.lt\/elparduotuve\/#website","url":"https:\/\/anivet.lt\/elparduotuve\/","name":"anivet.lt","description":"Viskas J\u016bs\u0173 \u0161uns, kat\u0117s prie\u017ei\u016brai","publisher":{"@id":"https:\/\/anivet.lt\/elparduotuve\/#organization"},"alternateName":"Viskas J\u016bs\u0173 \u0161uns, kat\u0117s prie\u017ei\u016brai","potentialAction":[{"@type":"SearchAction","target":{"@type":"EntryPoint","urlTemplate":"https:\/\/anivet.lt\/elparduotuve\/?s={search_term_string}"},"query-input":{"@type":"PropertyValueSpecification","valueRequired":true,"valueName":"search_term_string"}}],"inLanguage":"lt-LT"},{"@type":"Organization","@id":"https:\/\/anivet.lt\/elparduotuve\/#organization","name":"Viskas J\u016bs\u0173 \u0161uns, kat\u0117s prie\u017ei\u016brai","url":"https:\/\/anivet.lt\/elparduotuve\/","logo":{"@type":"ImageObject","inLanguage":"lt-LT","@id":"https:\/\/anivet.lt\/elparduotuve\/#\/schema\/logo\/image\/","url":"https:\/\/anivet.lt\/elparduotuve\/wp-content\/uploads\/2023\/06\/logo2.jpg","contentUrl":"https:\/\/anivet.lt\/elparduotuve\/wp-content\/uploads\/2023\/06\/logo2.jpg","width":655,"height":194,"caption":"Viskas J\u016bs\u0173 \u0161uns, kat\u0117s prie\u017ei\u016brai"},"image":{"@id":"https:\/\/anivet.lt\/elparduotuve\/#\/schema\/logo\/image\/"}}]}},"_links":{"self":[{"href":"https:\/\/anivet.lt\/elparduotuve\/wp-json\/wp\/v2\/product\/12172","targetHints":{"allow":["GET"]}}],"collection":[{"href":"https:\/\/anivet.lt\/elparduotuve\/wp-json\/wp\/v2\/product"}],"about":[{"href":"https:\/\/anivet.lt\/elparduotuve\/wp-json\/wp\/v2\/types\/product"}],"wp:featuredmedia":[{"embeddable":true,"href":"https:\/\/anivet.lt\/elparduotuve\/wp-json\/wp\/v2\/media\/12173"}],"wp:attachment":[{"href":"https:\/\/anivet.lt\/elparduotuve\/wp-json\/wp\/v2\/media?parent=12172"}],"wp:term":[{"taxonomy":"product_brand","embeddable":true,"href":"https:\/\/anivet.lt\/elparduotuve\/wp-json\/wp\/v2\/product_brand?post=12172"},{"taxonomy":"product_cat","embeddable":true,"href":"https:\/\/anivet.lt\/elparduotuve\/wp-json\/wp\/v2\/product_cat?post=12172"},{"taxonomy":"product_tag","embeddable":true,"href":"https:\/\/anivet.lt\/elparduotuve\/wp-json\/wp\/v2\/product_tag?post=12172"}],"curies":[{"name":"wp","href":"https:\/\/api.w.org\/{rel}","templated":true}]}}