{"id":12174,"date":"2023-10-10T08:54:55","date_gmt":"2023-10-10T08:54:55","guid":{"rendered":"https:\/\/anivet.lt\/elparduotuve\/?post_type=product&#038;p=12174"},"modified":"2026-03-11T15:50:50","modified_gmt":"2026-03-11T15:50:50","slug":"monge-kons-pasaras-katems-su-atlanto-tuno-gabaleliais-savo-sultyse-80g","status":"publish","type":"product","link":"https:\/\/anivet.lt\/elparduotuve\/produktas\/monge-kons-pasaras-katems-su-atlanto-tuno-gabaleliais-savo-sultyse-80g\/","title":{"rendered":"Monge kons.pa\u0161aras kat\u0117ms su Atlanto tuno gabal\u0117liais savo sultyse 80g"},"content":{"rendered":"<ul>\n<li style=\"font-weight: 400;\" aria-level=\"1\"><span style=\"font-weight: 400;\">Auk\u0161tos kokyb\u0117s ingredientai: Tunai (75%) yra puikus lengvai vir\u0161kinam\u0173 baltym\u0173 \u0161altinis.<\/span><\/li>\n<li style=\"font-weight: 400;\" aria-level=\"1\"><span style=\"font-weight: 400;\">Ma\u017eai riebal\u0173: Tik 1% riebal\u0173, tod\u0117l tinka kat\u0117ms, kurioms reikia palaikyti sveik\u0105 svor\u012f.<\/span><\/li>\n<li style=\"font-weight: 400;\" aria-level=\"1\"><span style=\"font-weight: 400;\">Praturtintas Omega-3: Omega-3 riebiosios r\u016bg\u0161tys padeda palaikyti sveik\u0105 od\u0105 ir blizgant\u012f kail\u012f.<\/span><\/li>\n<li style=\"font-weight: 400;\" aria-level=\"1\"><span style=\"font-weight: 400;\">Nat\u016bralus receptas: Be da\u017eikli\u0173, konservant\u0173 ir glitimo, tod\u0117l pa\u0161aras yra saugus ir sveikas pasirinkimas.<\/span><\/li>\n<li style=\"font-weight: 400;\" aria-level=\"1\"><span style=\"font-weight: 400;\">Gardus skonis: \u0160vie\u017ei ingredientai ir nat\u016bralus tuno skonis d\u017eiugins j\u016bs\u0173 kat\u0119 kiekvienu k\u0105sniu.<\/span><\/li>\n<\/ul>\n<p><span style=\"font-weight: 400;\">\u0160is skanus ir maistingas konservuotas pa\u0161aras yra idealus pasirinkimas, norint papildyti kat\u0117s mityb\u0105 sveikais ir gard\u017eiais ingredientais. Tai puikus b\u016bdas palepinti savo augintin\u012f ir u\u017etikrinti jo energij\u0105 bei ger\u0105 savijaut\u0105 kasdien.<\/span><\/p>\n","protected":false},"excerpt":{"rendered":"<p><span style=\"font-weight: 400;\">Konservuotas pa\u0161aras kat\u0117ms su Atlanto tuno gabal\u0117liais savo sultyse \u2013 tai papildomas pa\u0161aras suaugusioms kat\u0117ms, pagamintas i\u0161 auk\u0161tos kokyb\u0117s \u017euvies. \u0160is pa\u0161aras pasi\u017eymi nat\u016braliu skoniu ir yra praturtintas naudingomis med\u017eiagomis, kurios prisideda prie j\u016bs\u0173 kat\u0117s gerov\u0117s.<\/span><\/p>\n","protected":false},"featured_media":12175,"template":"","meta":[],"product_brand":[],"product_cat":[114,102,116,343],"product_tag":[],"class_list":{"0":"post-12174","1":"product","2":"type-product","3":"status-publish","4":"has-post-thumbnail","6":"product_cat-kaciu-maistas","7":"product_cat-katems","8":"product_cat-konservai-katems","9":"product_cat-monge-kaciu-maistas","10":"pa_prekinis-zenklas-monge","12":"first","13":"instock","14":"taxable","15":"shipping-taxable","16":"purchasable","17":"product-type-simple"},"yoast_head":"<!-- This site is optimized with the Yoast SEO Premium plugin v27.1 (Yoast SEO v27.5) - https:\/\/yoast.com\/product\/yoast-seo-premium-wordpress\/ -->\n<title>Monge kons.pa\u0161aras kat\u0117ms su Atlanto tuno gabal\u0117liais savo sultyse 80g - anivet.lt<\/title>\n<meta name=\"description\" content=\"Konservuotas pa\u0161aras kat\u0117ms su Atlanto tuno gabal\u0117liais savo sultyse \u2013 tai papildomas pa\u0161aras suaugusioms kat\u0117ms, pagamintas i\u0161 auk\u0161tos kokyb\u0117s \u017euvies. \u0160is pa\u0161aras pasi\u017eymi nat\u016braliu skoniu ir yra praturtintas naudingomis med\u017eiagomis, kurios prisideda prie j\u016bs\u0173 kat\u0117s gerov\u0117s.\" \/>\n<meta name=\"robots\" content=\"index, follow, max-snippet:-1, max-image-preview:large, max-video-preview:-1\" \/>\n<link rel=\"canonical\" href=\"https:\/\/anivet.lt\/elparduotuve\/produktas\/monge-kons-pasaras-katems-su-atlanto-tuno-gabaleliais-savo-sultyse-80g\/\" \/>\n<meta property=\"og:locale\" content=\"lt_LT\" \/>\n<meta property=\"og:type\" content=\"article\" \/>\n<meta property=\"og:title\" content=\"Monge kons.pa\u0161aras kat\u0117ms su Atlanto tuno gabal\u0117liais savo sultyse 80g\" \/>\n<meta property=\"og:description\" content=\"Konservuotas pa\u0161aras kat\u0117ms su Atlanto tuno gabal\u0117liais savo sultyse \u2013 tai papildomas pa\u0161aras suaugusioms kat\u0117ms, pagamintas i\u0161 auk\u0161tos kokyb\u0117s \u017euvies. \u0160is pa\u0161aras pasi\u017eymi nat\u016braliu skoniu ir yra praturtintas naudingomis med\u017eiagomis, kurios prisideda prie j\u016bs\u0173 kat\u0117s gerov\u0117s.\" \/>\n<meta property=\"og:url\" content=\"https:\/\/anivet.lt\/elparduotuve\/produktas\/monge-kons-pasaras-katems-su-atlanto-tuno-gabaleliais-savo-sultyse-80g\/\" \/>\n<meta property=\"og:site_name\" content=\"anivet.lt\" \/>\n<meta property=\"article:modified_time\" content=\"2026-03-11T15:50:50+00:00\" \/>\n<meta property=\"og:image\" content=\"https:\/\/anivet.lt\/elparduotuve\/wp-content\/uploads\/2023\/10\/monge-konspasaras-katems-su-atlanto-tuno-gabaleliais-savo-sultyse-80g.jpg\" \/>\n\t<meta property=\"og:image:width\" content=\"800\" \/>\n\t<meta property=\"og:image:height\" content=\"800\" \/>\n\t<meta property=\"og:image:type\" content=\"image\/jpeg\" \/>\n<meta name=\"twitter:card\" content=\"summary_large_image\" \/>\n<meta name=\"twitter:label1\" content=\"Est. reading time\" \/>\n\t<meta name=\"twitter:data1\" content=\"1 minut\u0117\" \/>\n<script type=\"application\/ld+json\" class=\"yoast-schema-graph\">{\"@context\":\"https:\\\/\\\/schema.org\",\"@graph\":[{\"@type\":\"WebPage\",\"@id\":\"https:\\\/\\\/anivet.lt\\\/elparduotuve\\\/produktas\\\/monge-kons-pasaras-katems-su-atlanto-tuno-gabaleliais-savo-sultyse-80g\\\/\",\"url\":\"https:\\\/\\\/anivet.lt\\\/elparduotuve\\\/produktas\\\/monge-kons-pasaras-katems-su-atlanto-tuno-gabaleliais-savo-sultyse-80g\\\/\",\"name\":\"Monge kons.pa\u0161aras kat\u0117ms su Atlanto tuno gabal\u0117liais savo sultyse 80g - anivet.lt\",\"isPartOf\":{\"@id\":\"https:\\\/\\\/anivet.lt\\\/elparduotuve\\\/#website\"},\"primaryImageOfPage\":{\"@id\":\"https:\\\/\\\/anivet.lt\\\/elparduotuve\\\/produktas\\\/monge-kons-pasaras-katems-su-atlanto-tuno-gabaleliais-savo-sultyse-80g\\\/#primaryimage\"},\"image\":{\"@id\":\"https:\\\/\\\/anivet.lt\\\/elparduotuve\\\/produktas\\\/monge-kons-pasaras-katems-su-atlanto-tuno-gabaleliais-savo-sultyse-80g\\\/#primaryimage\"},\"thumbnailUrl\":\"https:\\\/\\\/anivet.lt\\\/elparduotuve\\\/wp-content\\\/uploads\\\/2023\\\/10\\\/monge-konspasaras-katems-su-atlanto-tuno-gabaleliais-savo-sultyse-80g.jpg\",\"datePublished\":\"2023-10-10T08:54:55+00:00\",\"dateModified\":\"2026-03-11T15:50:50+00:00\",\"description\":\"Konservuotas pa\u0161aras kat\u0117ms su Atlanto tuno gabal\u0117liais savo sultyse \u2013 tai papildomas pa\u0161aras suaugusioms kat\u0117ms, pagamintas i\u0161 auk\u0161tos kokyb\u0117s \u017euvies. \u0160is pa\u0161aras pasi\u017eymi nat\u016braliu skoniu ir yra praturtintas naudingomis med\u017eiagomis, kurios prisideda prie j\u016bs\u0173 kat\u0117s gerov\u0117s.\",\"breadcrumb\":{\"@id\":\"https:\\\/\\\/anivet.lt\\\/elparduotuve\\\/produktas\\\/monge-kons-pasaras-katems-su-atlanto-tuno-gabaleliais-savo-sultyse-80g\\\/#breadcrumb\"},\"inLanguage\":\"lt-LT\",\"potentialAction\":[{\"@type\":\"ReadAction\",\"target\":[\"https:\\\/\\\/anivet.lt\\\/elparduotuve\\\/produktas\\\/monge-kons-pasaras-katems-su-atlanto-tuno-gabaleliais-savo-sultyse-80g\\\/\"]}]},{\"@type\":\"ImageObject\",\"inLanguage\":\"lt-LT\",\"@id\":\"https:\\\/\\\/anivet.lt\\\/elparduotuve\\\/produktas\\\/monge-kons-pasaras-katems-su-atlanto-tuno-gabaleliais-savo-sultyse-80g\\\/#primaryimage\",\"url\":\"https:\\\/\\\/anivet.lt\\\/elparduotuve\\\/wp-content\\\/uploads\\\/2023\\\/10\\\/monge-konspasaras-katems-su-atlanto-tuno-gabaleliais-savo-sultyse-80g.jpg\",\"contentUrl\":\"https:\\\/\\\/anivet.lt\\\/elparduotuve\\\/wp-content\\\/uploads\\\/2023\\\/10\\\/monge-konspasaras-katems-su-atlanto-tuno-gabaleliais-savo-sultyse-80g.jpg\",\"width\":800,\"height\":800,\"caption\":\"Monge kons.pa\u0161aras kat\u0117ms su Atlanto tuno gabal\u0117liais savo sultyse 80g\"},{\"@type\":\"BreadcrumbList\",\"@id\":\"https:\\\/\\\/anivet.lt\\\/elparduotuve\\\/produktas\\\/monge-kons-pasaras-katems-su-atlanto-tuno-gabaleliais-savo-sultyse-80g\\\/#breadcrumb\",\"itemListElement\":[{\"@type\":\"ListItem\",\"position\":1,\"name\":\"Home\",\"item\":\"https:\\\/\\\/anivet.lt\\\/elparduotuve\\\/\"},{\"@type\":\"ListItem\",\"position\":2,\"name\":\"Produktai\",\"item\":\"https:\\\/\\\/anivet.lt\\\/elparduotuve\\\/produktai\\\/\"},{\"@type\":\"ListItem\",\"position\":3,\"name\":\"Monge kons.pa\u0161aras kat\u0117ms su Atlanto tuno gabal\u0117liais savo sultyse 80g\"}]},{\"@type\":\"WebSite\",\"@id\":\"https:\\\/\\\/anivet.lt\\\/elparduotuve\\\/#website\",\"url\":\"https:\\\/\\\/anivet.lt\\\/elparduotuve\\\/\",\"name\":\"anivet.lt\",\"description\":\"Viskas J\u016bs\u0173 \u0161uns, kat\u0117s prie\u017ei\u016brai\",\"publisher\":{\"@id\":\"https:\\\/\\\/anivet.lt\\\/elparduotuve\\\/#organization\"},\"alternateName\":\"Viskas J\u016bs\u0173 \u0161uns, kat\u0117s prie\u017ei\u016brai\",\"potentialAction\":[{\"@type\":\"SearchAction\",\"target\":{\"@type\":\"EntryPoint\",\"urlTemplate\":\"https:\\\/\\\/anivet.lt\\\/elparduotuve\\\/?s={search_term_string}\"},\"query-input\":{\"@type\":\"PropertyValueSpecification\",\"valueRequired\":true,\"valueName\":\"search_term_string\"}}],\"inLanguage\":\"lt-LT\"},{\"@type\":\"Organization\",\"@id\":\"https:\\\/\\\/anivet.lt\\\/elparduotuve\\\/#organization\",\"name\":\"Viskas J\u016bs\u0173 \u0161uns, kat\u0117s prie\u017ei\u016brai\",\"url\":\"https:\\\/\\\/anivet.lt\\\/elparduotuve\\\/\",\"logo\":{\"@type\":\"ImageObject\",\"inLanguage\":\"lt-LT\",\"@id\":\"https:\\\/\\\/anivet.lt\\\/elparduotuve\\\/#\\\/schema\\\/logo\\\/image\\\/\",\"url\":\"https:\\\/\\\/anivet.lt\\\/elparduotuve\\\/wp-content\\\/uploads\\\/2023\\\/06\\\/logo2.jpg\",\"contentUrl\":\"https:\\\/\\\/anivet.lt\\\/elparduotuve\\\/wp-content\\\/uploads\\\/2023\\\/06\\\/logo2.jpg\",\"width\":655,\"height\":194,\"caption\":\"Viskas J\u016bs\u0173 \u0161uns, kat\u0117s prie\u017ei\u016brai\"},\"image\":{\"@id\":\"https:\\\/\\\/anivet.lt\\\/elparduotuve\\\/#\\\/schema\\\/logo\\\/image\\\/\"}}]}<\/script>\n<!-- \/ Yoast SEO Premium plugin. -->","yoast_head_json":{"title":"Monge kons.pa\u0161aras kat\u0117ms su Atlanto tuno gabal\u0117liais savo sultyse 80g - anivet.lt","description":"Konservuotas pa\u0161aras kat\u0117ms su Atlanto tuno gabal\u0117liais savo sultyse \u2013 tai papildomas pa\u0161aras suaugusioms kat\u0117ms, pagamintas i\u0161 auk\u0161tos kokyb\u0117s \u017euvies. \u0160is pa\u0161aras pasi\u017eymi nat\u016braliu skoniu ir yra praturtintas naudingomis med\u017eiagomis, kurios prisideda prie j\u016bs\u0173 kat\u0117s gerov\u0117s.","robots":{"index":"index","follow":"follow","max-snippet":"max-snippet:-1","max-image-preview":"max-image-preview:large","max-video-preview":"max-video-preview:-1"},"canonical":"https:\/\/anivet.lt\/elparduotuve\/produktas\/monge-kons-pasaras-katems-su-atlanto-tuno-gabaleliais-savo-sultyse-80g\/","og_locale":"lt_LT","og_type":"article","og_title":"Monge kons.pa\u0161aras kat\u0117ms su Atlanto tuno gabal\u0117liais savo sultyse 80g","og_description":"Konservuotas pa\u0161aras kat\u0117ms su Atlanto tuno gabal\u0117liais savo sultyse \u2013 tai papildomas pa\u0161aras suaugusioms kat\u0117ms, pagamintas i\u0161 auk\u0161tos kokyb\u0117s \u017euvies. \u0160is pa\u0161aras pasi\u017eymi nat\u016braliu skoniu ir yra praturtintas naudingomis med\u017eiagomis, kurios prisideda prie j\u016bs\u0173 kat\u0117s gerov\u0117s.","og_url":"https:\/\/anivet.lt\/elparduotuve\/produktas\/monge-kons-pasaras-katems-su-atlanto-tuno-gabaleliais-savo-sultyse-80g\/","og_site_name":"anivet.lt","article_modified_time":"2026-03-11T15:50:50+00:00","og_image":[{"width":800,"height":800,"url":"https:\/\/anivet.lt\/elparduotuve\/wp-content\/uploads\/2023\/10\/monge-konspasaras-katems-su-atlanto-tuno-gabaleliais-savo-sultyse-80g.jpg","type":"image\/jpeg"}],"twitter_card":"summary_large_image","twitter_misc":{"Est. reading time":"1 minut\u0117"},"schema":{"@context":"https:\/\/schema.org","@graph":[{"@type":"WebPage","@id":"https:\/\/anivet.lt\/elparduotuve\/produktas\/monge-kons-pasaras-katems-su-atlanto-tuno-gabaleliais-savo-sultyse-80g\/","url":"https:\/\/anivet.lt\/elparduotuve\/produktas\/monge-kons-pasaras-katems-su-atlanto-tuno-gabaleliais-savo-sultyse-80g\/","name":"Monge kons.pa\u0161aras kat\u0117ms su Atlanto tuno gabal\u0117liais savo sultyse 80g - anivet.lt","isPartOf":{"@id":"https:\/\/anivet.lt\/elparduotuve\/#website"},"primaryImageOfPage":{"@id":"https:\/\/anivet.lt\/elparduotuve\/produktas\/monge-kons-pasaras-katems-su-atlanto-tuno-gabaleliais-savo-sultyse-80g\/#primaryimage"},"image":{"@id":"https:\/\/anivet.lt\/elparduotuve\/produktas\/monge-kons-pasaras-katems-su-atlanto-tuno-gabaleliais-savo-sultyse-80g\/#primaryimage"},"thumbnailUrl":"https:\/\/anivet.lt\/elparduotuve\/wp-content\/uploads\/2023\/10\/monge-konspasaras-katems-su-atlanto-tuno-gabaleliais-savo-sultyse-80g.jpg","datePublished":"2023-10-10T08:54:55+00:00","dateModified":"2026-03-11T15:50:50+00:00","description":"Konservuotas pa\u0161aras kat\u0117ms su Atlanto tuno gabal\u0117liais savo sultyse \u2013 tai papildomas pa\u0161aras suaugusioms kat\u0117ms, pagamintas i\u0161 auk\u0161tos kokyb\u0117s \u017euvies. \u0160is pa\u0161aras pasi\u017eymi nat\u016braliu skoniu ir yra praturtintas naudingomis med\u017eiagomis, kurios prisideda prie j\u016bs\u0173 kat\u0117s gerov\u0117s.","breadcrumb":{"@id":"https:\/\/anivet.lt\/elparduotuve\/produktas\/monge-kons-pasaras-katems-su-atlanto-tuno-gabaleliais-savo-sultyse-80g\/#breadcrumb"},"inLanguage":"lt-LT","potentialAction":[{"@type":"ReadAction","target":["https:\/\/anivet.lt\/elparduotuve\/produktas\/monge-kons-pasaras-katems-su-atlanto-tuno-gabaleliais-savo-sultyse-80g\/"]}]},{"@type":"ImageObject","inLanguage":"lt-LT","@id":"https:\/\/anivet.lt\/elparduotuve\/produktas\/monge-kons-pasaras-katems-su-atlanto-tuno-gabaleliais-savo-sultyse-80g\/#primaryimage","url":"https:\/\/anivet.lt\/elparduotuve\/wp-content\/uploads\/2023\/10\/monge-konspasaras-katems-su-atlanto-tuno-gabaleliais-savo-sultyse-80g.jpg","contentUrl":"https:\/\/anivet.lt\/elparduotuve\/wp-content\/uploads\/2023\/10\/monge-konspasaras-katems-su-atlanto-tuno-gabaleliais-savo-sultyse-80g.jpg","width":800,"height":800,"caption":"Monge kons.pa\u0161aras kat\u0117ms su Atlanto tuno gabal\u0117liais savo sultyse 80g"},{"@type":"BreadcrumbList","@id":"https:\/\/anivet.lt\/elparduotuve\/produktas\/monge-kons-pasaras-katems-su-atlanto-tuno-gabaleliais-savo-sultyse-80g\/#breadcrumb","itemListElement":[{"@type":"ListItem","position":1,"name":"Home","item":"https:\/\/anivet.lt\/elparduotuve\/"},{"@type":"ListItem","position":2,"name":"Produktai","item":"https:\/\/anivet.lt\/elparduotuve\/produktai\/"},{"@type":"ListItem","position":3,"name":"Monge kons.pa\u0161aras kat\u0117ms su Atlanto tuno gabal\u0117liais savo sultyse 80g"}]},{"@type":"WebSite","@id":"https:\/\/anivet.lt\/elparduotuve\/#website","url":"https:\/\/anivet.lt\/elparduotuve\/","name":"anivet.lt","description":"Viskas J\u016bs\u0173 \u0161uns, kat\u0117s prie\u017ei\u016brai","publisher":{"@id":"https:\/\/anivet.lt\/elparduotuve\/#organization"},"alternateName":"Viskas J\u016bs\u0173 \u0161uns, kat\u0117s prie\u017ei\u016brai","potentialAction":[{"@type":"SearchAction","target":{"@type":"EntryPoint","urlTemplate":"https:\/\/anivet.lt\/elparduotuve\/?s={search_term_string}"},"query-input":{"@type":"PropertyValueSpecification","valueRequired":true,"valueName":"search_term_string"}}],"inLanguage":"lt-LT"},{"@type":"Organization","@id":"https:\/\/anivet.lt\/elparduotuve\/#organization","name":"Viskas J\u016bs\u0173 \u0161uns, kat\u0117s prie\u017ei\u016brai","url":"https:\/\/anivet.lt\/elparduotuve\/","logo":{"@type":"ImageObject","inLanguage":"lt-LT","@id":"https:\/\/anivet.lt\/elparduotuve\/#\/schema\/logo\/image\/","url":"https:\/\/anivet.lt\/elparduotuve\/wp-content\/uploads\/2023\/06\/logo2.jpg","contentUrl":"https:\/\/anivet.lt\/elparduotuve\/wp-content\/uploads\/2023\/06\/logo2.jpg","width":655,"height":194,"caption":"Viskas J\u016bs\u0173 \u0161uns, kat\u0117s prie\u017ei\u016brai"},"image":{"@id":"https:\/\/anivet.lt\/elparduotuve\/#\/schema\/logo\/image\/"}}]}},"_links":{"self":[{"href":"https:\/\/anivet.lt\/elparduotuve\/wp-json\/wp\/v2\/product\/12174","targetHints":{"allow":["GET"]}}],"collection":[{"href":"https:\/\/anivet.lt\/elparduotuve\/wp-json\/wp\/v2\/product"}],"about":[{"href":"https:\/\/anivet.lt\/elparduotuve\/wp-json\/wp\/v2\/types\/product"}],"wp:featuredmedia":[{"embeddable":true,"href":"https:\/\/anivet.lt\/elparduotuve\/wp-json\/wp\/v2\/media\/12175"}],"wp:attachment":[{"href":"https:\/\/anivet.lt\/elparduotuve\/wp-json\/wp\/v2\/media?parent=12174"}],"wp:term":[{"taxonomy":"product_brand","embeddable":true,"href":"https:\/\/anivet.lt\/elparduotuve\/wp-json\/wp\/v2\/product_brand?post=12174"},{"taxonomy":"product_cat","embeddable":true,"href":"https:\/\/anivet.lt\/elparduotuve\/wp-json\/wp\/v2\/product_cat?post=12174"},{"taxonomy":"product_tag","embeddable":true,"href":"https:\/\/anivet.lt\/elparduotuve\/wp-json\/wp\/v2\/product_tag?post=12174"}],"curies":[{"name":"wp","href":"https:\/\/api.w.org\/{rel}","templated":true}]}}