{"id":12178,"date":"2023-10-10T09:07:26","date_gmt":"2023-10-10T09:07:26","guid":{"rendered":"https:\/\/anivet.lt\/elparduotuve\/?post_type=product&#038;p=12178"},"modified":"2026-04-29T07:14:22","modified_gmt":"2026-04-29T07:14:22","slug":"monge-kons-pasaras-katems-su-tuno-vistienos-ir-kreveciu-gabaleliais-savo-sultyse-80g","status":"publish","type":"product","link":"https:\/\/anivet.lt\/elparduotuve\/produktas\/monge-kons-pasaras-katems-su-tuno-vistienos-ir-kreveciu-gabaleliais-savo-sultyse-80g\/","title":{"rendered":"Monge kons.pa\u0161aras kat\u0117ms su tuno, vi\u0161tienos ir kreve\u010di\u0173 gabal\u0117liais savo sultyse 80g"},"content":{"rendered":"<ul>\n<li style=\"font-weight: 400;\" aria-level=\"1\"><span style=\"font-weight: 400;\">Auk\u0161tos kokyb\u0117s ingredientai: Tunas (45%), vi\u0161tiena (26%) ir krevet\u0117s (5%) suteikia subalansuotus ir lengvai vir\u0161kinamus baltymus.<\/span><\/li>\n<li style=\"font-weight: 400;\" aria-level=\"1\"><span style=\"font-weight: 400;\">Praturtintas Omega-3: Riebiosios r\u016bg\u0161tys prisideda prie sveikos odos ir blizgan\u010dio kailio.<\/span><\/li>\n<li style=\"font-weight: 400;\" aria-level=\"1\"><span style=\"font-weight: 400;\">Ma\u017eai riebal\u0173: Tik 1% riebal\u0173, tod\u0117l pa\u0161aras tinkamas kat\u0117ms, kurioms reikia i\u0161laikyti optimal\u0173 svor\u012f.<\/span><\/li>\n<li style=\"font-weight: 400;\" aria-level=\"1\"><span style=\"font-weight: 400;\">Nat\u016bral\u016bs produktai: Be da\u017eikli\u0173, glitimo ir konservant\u0173, pa\u0161aras yra saugus ir nat\u016bralus pasirinkimas.<\/span><\/li>\n<li style=\"font-weight: 400;\" aria-level=\"1\"><span style=\"font-weight: 400;\">Garuose tro\u0161kinta m\u0117sa: I\u0161saugotas nat\u016bralus ingredient\u0173 skonis ir maistin\u0117s med\u017eiagos.<\/span><\/li>\n<\/ul>\n<p><span style=\"font-weight: 400;\">\u0160is pa\u0161aras puikiai papildys j\u016bs\u0173 kat\u0117s mityb\u0105 gard\u017eiais tuno, vi\u0161tienos ir kreve\u010di\u0173 gabal\u0117liais. Tai puikus pasirinkimas, siekiant suteikti savo augintinei sveik\u0105, maisting\u0105 ir gard\u0173 maist\u0105 kasdien.<\/span><\/p>\n","protected":false},"excerpt":{"rendered":"<p><span style=\"font-weight: 400;\">Konservuotas pa\u0161aras kat\u0117ms su tuno, vi\u0161tienos ir kreve\u010di\u0173 gabal\u0117liais savo sultyse \u2013 tai superpremium klas\u0117s papildomas pa\u0161aras, skirtas suaugusioms kat\u0117ms. Garuose tro\u0161kinta m\u0117sa ir nat\u016bral\u016bs ingredientai u\u017etikrina gard\u0173 skon\u012f ir auk\u0161t\u0105 maistin\u0119 vert\u0119.<\/span><\/p>\n","protected":false},"featured_media":12179,"template":"","meta":[],"product_brand":[],"product_cat":[114,102,116,343],"product_tag":[],"class_list":{"0":"post-12178","1":"product","2":"type-product","3":"status-publish","4":"has-post-thumbnail","6":"product_cat-kaciu-maistas","7":"product_cat-katems","8":"product_cat-konservai-katems","9":"product_cat-monge-kaciu-maistas","10":"pa_prekinis-zenklas-monge","12":"first","13":"instock","14":"taxable","15":"shipping-taxable","16":"purchasable","17":"product-type-simple"},"yoast_head":"<!-- This site is optimized with the Yoast SEO Premium plugin v27.1 (Yoast SEO v27.5) - https:\/\/yoast.com\/product\/yoast-seo-premium-wordpress\/ -->\n<title>Monge kons.pa\u0161aras kat\u0117ms su tuno, vi\u0161tienos ir kreve\u010di\u0173 gabal\u0117liais savo sultyse 80g - anivet.lt<\/title>\n<meta name=\"description\" content=\"Konservuotas pa\u0161aras kat\u0117ms su tuno, vi\u0161tienos ir kreve\u010di\u0173 gabal\u0117liais savo sultyse \u2013 tai superpremium klas\u0117s papildomas pa\u0161aras, skirtas suaugusioms kat\u0117ms. Garuose tro\u0161kinta m\u0117sa ir nat\u016bral\u016bs ingredientai u\u017etikrina gard\u0173 skon\u012f ir auk\u0161t\u0105 maistin\u0119 vert\u0119.\" \/>\n<meta name=\"robots\" content=\"index, follow, max-snippet:-1, max-image-preview:large, max-video-preview:-1\" \/>\n<link rel=\"canonical\" href=\"https:\/\/anivet.lt\/elparduotuve\/produktas\/monge-kons-pasaras-katems-su-tuno-vistienos-ir-kreveciu-gabaleliais-savo-sultyse-80g\/\" \/>\n<meta property=\"og:locale\" content=\"lt_LT\" \/>\n<meta property=\"og:type\" content=\"article\" \/>\n<meta property=\"og:title\" content=\"Monge kons.pa\u0161aras kat\u0117ms su tuno, vi\u0161tienos ir kreve\u010di\u0173 gabal\u0117liais savo sultyse 80g\" \/>\n<meta property=\"og:description\" content=\"Konservuotas pa\u0161aras kat\u0117ms su tuno, vi\u0161tienos ir kreve\u010di\u0173 gabal\u0117liais savo sultyse \u2013 tai superpremium klas\u0117s papildomas pa\u0161aras, skirtas suaugusioms kat\u0117ms. Garuose tro\u0161kinta m\u0117sa ir nat\u016bral\u016bs ingredientai u\u017etikrina gard\u0173 skon\u012f ir auk\u0161t\u0105 maistin\u0119 vert\u0119.\" \/>\n<meta property=\"og:url\" content=\"https:\/\/anivet.lt\/elparduotuve\/produktas\/monge-kons-pasaras-katems-su-tuno-vistienos-ir-kreveciu-gabaleliais-savo-sultyse-80g\/\" \/>\n<meta property=\"og:site_name\" content=\"anivet.lt\" \/>\n<meta property=\"article:modified_time\" content=\"2026-04-29T07:14:22+00:00\" \/>\n<meta property=\"og:image\" content=\"https:\/\/anivet.lt\/elparduotuve\/wp-content\/uploads\/2023\/10\/monge-konspasaras-katems-su-tuno-vistienos-ir-kreveciu-gabaleliais-savo-sultyse-80g.jpg\" \/>\n\t<meta property=\"og:image:width\" content=\"800\" \/>\n\t<meta property=\"og:image:height\" content=\"800\" \/>\n\t<meta property=\"og:image:type\" content=\"image\/jpeg\" \/>\n<meta name=\"twitter:card\" content=\"summary_large_image\" \/>\n<meta name=\"twitter:label1\" content=\"Est. reading time\" \/>\n\t<meta name=\"twitter:data1\" content=\"1 minut\u0117\" \/>\n<script type=\"application\/ld+json\" class=\"yoast-schema-graph\">{\"@context\":\"https:\\\/\\\/schema.org\",\"@graph\":[{\"@type\":\"WebPage\",\"@id\":\"https:\\\/\\\/anivet.lt\\\/elparduotuve\\\/produktas\\\/monge-kons-pasaras-katems-su-tuno-vistienos-ir-kreveciu-gabaleliais-savo-sultyse-80g\\\/\",\"url\":\"https:\\\/\\\/anivet.lt\\\/elparduotuve\\\/produktas\\\/monge-kons-pasaras-katems-su-tuno-vistienos-ir-kreveciu-gabaleliais-savo-sultyse-80g\\\/\",\"name\":\"Monge kons.pa\u0161aras kat\u0117ms su tuno, vi\u0161tienos ir kreve\u010di\u0173 gabal\u0117liais savo sultyse 80g - anivet.lt\",\"isPartOf\":{\"@id\":\"https:\\\/\\\/anivet.lt\\\/elparduotuve\\\/#website\"},\"primaryImageOfPage\":{\"@id\":\"https:\\\/\\\/anivet.lt\\\/elparduotuve\\\/produktas\\\/monge-kons-pasaras-katems-su-tuno-vistienos-ir-kreveciu-gabaleliais-savo-sultyse-80g\\\/#primaryimage\"},\"image\":{\"@id\":\"https:\\\/\\\/anivet.lt\\\/elparduotuve\\\/produktas\\\/monge-kons-pasaras-katems-su-tuno-vistienos-ir-kreveciu-gabaleliais-savo-sultyse-80g\\\/#primaryimage\"},\"thumbnailUrl\":\"https:\\\/\\\/anivet.lt\\\/elparduotuve\\\/wp-content\\\/uploads\\\/2023\\\/10\\\/monge-konspasaras-katems-su-tuno-vistienos-ir-kreveciu-gabaleliais-savo-sultyse-80g.jpg\",\"datePublished\":\"2023-10-10T09:07:26+00:00\",\"dateModified\":\"2026-04-29T07:14:22+00:00\",\"description\":\"Konservuotas pa\u0161aras kat\u0117ms su tuno, vi\u0161tienos ir kreve\u010di\u0173 gabal\u0117liais savo sultyse \u2013 tai superpremium klas\u0117s papildomas pa\u0161aras, skirtas suaugusioms kat\u0117ms. Garuose tro\u0161kinta m\u0117sa ir nat\u016bral\u016bs ingredientai u\u017etikrina gard\u0173 skon\u012f ir auk\u0161t\u0105 maistin\u0119 vert\u0119.\",\"breadcrumb\":{\"@id\":\"https:\\\/\\\/anivet.lt\\\/elparduotuve\\\/produktas\\\/monge-kons-pasaras-katems-su-tuno-vistienos-ir-kreveciu-gabaleliais-savo-sultyse-80g\\\/#breadcrumb\"},\"inLanguage\":\"lt-LT\",\"potentialAction\":[{\"@type\":\"ReadAction\",\"target\":[\"https:\\\/\\\/anivet.lt\\\/elparduotuve\\\/produktas\\\/monge-kons-pasaras-katems-su-tuno-vistienos-ir-kreveciu-gabaleliais-savo-sultyse-80g\\\/\"]}]},{\"@type\":\"ImageObject\",\"inLanguage\":\"lt-LT\",\"@id\":\"https:\\\/\\\/anivet.lt\\\/elparduotuve\\\/produktas\\\/monge-kons-pasaras-katems-su-tuno-vistienos-ir-kreveciu-gabaleliais-savo-sultyse-80g\\\/#primaryimage\",\"url\":\"https:\\\/\\\/anivet.lt\\\/elparduotuve\\\/wp-content\\\/uploads\\\/2023\\\/10\\\/monge-konspasaras-katems-su-tuno-vistienos-ir-kreveciu-gabaleliais-savo-sultyse-80g.jpg\",\"contentUrl\":\"https:\\\/\\\/anivet.lt\\\/elparduotuve\\\/wp-content\\\/uploads\\\/2023\\\/10\\\/monge-konspasaras-katems-su-tuno-vistienos-ir-kreveciu-gabaleliais-savo-sultyse-80g.jpg\",\"width\":800,\"height\":800,\"caption\":\"Monge kons.pa\u0161aras kat\u0117ms su tuno, vi\u0161tienos ir kreve\u010di\u0173 gabal\u0117liais savo sultyse 80g\"},{\"@type\":\"BreadcrumbList\",\"@id\":\"https:\\\/\\\/anivet.lt\\\/elparduotuve\\\/produktas\\\/monge-kons-pasaras-katems-su-tuno-vistienos-ir-kreveciu-gabaleliais-savo-sultyse-80g\\\/#breadcrumb\",\"itemListElement\":[{\"@type\":\"ListItem\",\"position\":1,\"name\":\"Home\",\"item\":\"https:\\\/\\\/anivet.lt\\\/elparduotuve\\\/\"},{\"@type\":\"ListItem\",\"position\":2,\"name\":\"Produktai\",\"item\":\"https:\\\/\\\/anivet.lt\\\/elparduotuve\\\/produktai\\\/\"},{\"@type\":\"ListItem\",\"position\":3,\"name\":\"Monge kons.pa\u0161aras kat\u0117ms su tuno, vi\u0161tienos ir kreve\u010di\u0173 gabal\u0117liais savo sultyse 80g\"}]},{\"@type\":\"WebSite\",\"@id\":\"https:\\\/\\\/anivet.lt\\\/elparduotuve\\\/#website\",\"url\":\"https:\\\/\\\/anivet.lt\\\/elparduotuve\\\/\",\"name\":\"anivet.lt\",\"description\":\"Viskas J\u016bs\u0173 \u0161uns, kat\u0117s prie\u017ei\u016brai\",\"publisher\":{\"@id\":\"https:\\\/\\\/anivet.lt\\\/elparduotuve\\\/#organization\"},\"alternateName\":\"Viskas J\u016bs\u0173 \u0161uns, kat\u0117s prie\u017ei\u016brai\",\"potentialAction\":[{\"@type\":\"SearchAction\",\"target\":{\"@type\":\"EntryPoint\",\"urlTemplate\":\"https:\\\/\\\/anivet.lt\\\/elparduotuve\\\/?s={search_term_string}\"},\"query-input\":{\"@type\":\"PropertyValueSpecification\",\"valueRequired\":true,\"valueName\":\"search_term_string\"}}],\"inLanguage\":\"lt-LT\"},{\"@type\":\"Organization\",\"@id\":\"https:\\\/\\\/anivet.lt\\\/elparduotuve\\\/#organization\",\"name\":\"Viskas J\u016bs\u0173 \u0161uns, kat\u0117s prie\u017ei\u016brai\",\"url\":\"https:\\\/\\\/anivet.lt\\\/elparduotuve\\\/\",\"logo\":{\"@type\":\"ImageObject\",\"inLanguage\":\"lt-LT\",\"@id\":\"https:\\\/\\\/anivet.lt\\\/elparduotuve\\\/#\\\/schema\\\/logo\\\/image\\\/\",\"url\":\"https:\\\/\\\/anivet.lt\\\/elparduotuve\\\/wp-content\\\/uploads\\\/2023\\\/06\\\/logo2.jpg\",\"contentUrl\":\"https:\\\/\\\/anivet.lt\\\/elparduotuve\\\/wp-content\\\/uploads\\\/2023\\\/06\\\/logo2.jpg\",\"width\":655,\"height\":194,\"caption\":\"Viskas J\u016bs\u0173 \u0161uns, kat\u0117s prie\u017ei\u016brai\"},\"image\":{\"@id\":\"https:\\\/\\\/anivet.lt\\\/elparduotuve\\\/#\\\/schema\\\/logo\\\/image\\\/\"}}]}<\/script>\n<!-- \/ Yoast SEO Premium plugin. -->","yoast_head_json":{"title":"Monge kons.pa\u0161aras kat\u0117ms su tuno, vi\u0161tienos ir kreve\u010di\u0173 gabal\u0117liais savo sultyse 80g - anivet.lt","description":"Konservuotas pa\u0161aras kat\u0117ms su tuno, vi\u0161tienos ir kreve\u010di\u0173 gabal\u0117liais savo sultyse \u2013 tai superpremium klas\u0117s papildomas pa\u0161aras, skirtas suaugusioms kat\u0117ms. Garuose tro\u0161kinta m\u0117sa ir nat\u016bral\u016bs ingredientai u\u017etikrina gard\u0173 skon\u012f ir auk\u0161t\u0105 maistin\u0119 vert\u0119.","robots":{"index":"index","follow":"follow","max-snippet":"max-snippet:-1","max-image-preview":"max-image-preview:large","max-video-preview":"max-video-preview:-1"},"canonical":"https:\/\/anivet.lt\/elparduotuve\/produktas\/monge-kons-pasaras-katems-su-tuno-vistienos-ir-kreveciu-gabaleliais-savo-sultyse-80g\/","og_locale":"lt_LT","og_type":"article","og_title":"Monge kons.pa\u0161aras kat\u0117ms su tuno, vi\u0161tienos ir kreve\u010di\u0173 gabal\u0117liais savo sultyse 80g","og_description":"Konservuotas pa\u0161aras kat\u0117ms su tuno, vi\u0161tienos ir kreve\u010di\u0173 gabal\u0117liais savo sultyse \u2013 tai superpremium klas\u0117s papildomas pa\u0161aras, skirtas suaugusioms kat\u0117ms. Garuose tro\u0161kinta m\u0117sa ir nat\u016bral\u016bs ingredientai u\u017etikrina gard\u0173 skon\u012f ir auk\u0161t\u0105 maistin\u0119 vert\u0119.","og_url":"https:\/\/anivet.lt\/elparduotuve\/produktas\/monge-kons-pasaras-katems-su-tuno-vistienos-ir-kreveciu-gabaleliais-savo-sultyse-80g\/","og_site_name":"anivet.lt","article_modified_time":"2026-04-29T07:14:22+00:00","og_image":[{"width":800,"height":800,"url":"https:\/\/anivet.lt\/elparduotuve\/wp-content\/uploads\/2023\/10\/monge-konspasaras-katems-su-tuno-vistienos-ir-kreveciu-gabaleliais-savo-sultyse-80g.jpg","type":"image\/jpeg"}],"twitter_card":"summary_large_image","twitter_misc":{"Est. reading time":"1 minut\u0117"},"schema":{"@context":"https:\/\/schema.org","@graph":[{"@type":"WebPage","@id":"https:\/\/anivet.lt\/elparduotuve\/produktas\/monge-kons-pasaras-katems-su-tuno-vistienos-ir-kreveciu-gabaleliais-savo-sultyse-80g\/","url":"https:\/\/anivet.lt\/elparduotuve\/produktas\/monge-kons-pasaras-katems-su-tuno-vistienos-ir-kreveciu-gabaleliais-savo-sultyse-80g\/","name":"Monge kons.pa\u0161aras kat\u0117ms su tuno, vi\u0161tienos ir kreve\u010di\u0173 gabal\u0117liais savo sultyse 80g - anivet.lt","isPartOf":{"@id":"https:\/\/anivet.lt\/elparduotuve\/#website"},"primaryImageOfPage":{"@id":"https:\/\/anivet.lt\/elparduotuve\/produktas\/monge-kons-pasaras-katems-su-tuno-vistienos-ir-kreveciu-gabaleliais-savo-sultyse-80g\/#primaryimage"},"image":{"@id":"https:\/\/anivet.lt\/elparduotuve\/produktas\/monge-kons-pasaras-katems-su-tuno-vistienos-ir-kreveciu-gabaleliais-savo-sultyse-80g\/#primaryimage"},"thumbnailUrl":"https:\/\/anivet.lt\/elparduotuve\/wp-content\/uploads\/2023\/10\/monge-konspasaras-katems-su-tuno-vistienos-ir-kreveciu-gabaleliais-savo-sultyse-80g.jpg","datePublished":"2023-10-10T09:07:26+00:00","dateModified":"2026-04-29T07:14:22+00:00","description":"Konservuotas pa\u0161aras kat\u0117ms su tuno, vi\u0161tienos ir kreve\u010di\u0173 gabal\u0117liais savo sultyse \u2013 tai superpremium klas\u0117s papildomas pa\u0161aras, skirtas suaugusioms kat\u0117ms. Garuose tro\u0161kinta m\u0117sa ir nat\u016bral\u016bs ingredientai u\u017etikrina gard\u0173 skon\u012f ir auk\u0161t\u0105 maistin\u0119 vert\u0119.","breadcrumb":{"@id":"https:\/\/anivet.lt\/elparduotuve\/produktas\/monge-kons-pasaras-katems-su-tuno-vistienos-ir-kreveciu-gabaleliais-savo-sultyse-80g\/#breadcrumb"},"inLanguage":"lt-LT","potentialAction":[{"@type":"ReadAction","target":["https:\/\/anivet.lt\/elparduotuve\/produktas\/monge-kons-pasaras-katems-su-tuno-vistienos-ir-kreveciu-gabaleliais-savo-sultyse-80g\/"]}]},{"@type":"ImageObject","inLanguage":"lt-LT","@id":"https:\/\/anivet.lt\/elparduotuve\/produktas\/monge-kons-pasaras-katems-su-tuno-vistienos-ir-kreveciu-gabaleliais-savo-sultyse-80g\/#primaryimage","url":"https:\/\/anivet.lt\/elparduotuve\/wp-content\/uploads\/2023\/10\/monge-konspasaras-katems-su-tuno-vistienos-ir-kreveciu-gabaleliais-savo-sultyse-80g.jpg","contentUrl":"https:\/\/anivet.lt\/elparduotuve\/wp-content\/uploads\/2023\/10\/monge-konspasaras-katems-su-tuno-vistienos-ir-kreveciu-gabaleliais-savo-sultyse-80g.jpg","width":800,"height":800,"caption":"Monge kons.pa\u0161aras kat\u0117ms su tuno, vi\u0161tienos ir kreve\u010di\u0173 gabal\u0117liais savo sultyse 80g"},{"@type":"BreadcrumbList","@id":"https:\/\/anivet.lt\/elparduotuve\/produktas\/monge-kons-pasaras-katems-su-tuno-vistienos-ir-kreveciu-gabaleliais-savo-sultyse-80g\/#breadcrumb","itemListElement":[{"@type":"ListItem","position":1,"name":"Home","item":"https:\/\/anivet.lt\/elparduotuve\/"},{"@type":"ListItem","position":2,"name":"Produktai","item":"https:\/\/anivet.lt\/elparduotuve\/produktai\/"},{"@type":"ListItem","position":3,"name":"Monge kons.pa\u0161aras kat\u0117ms su tuno, vi\u0161tienos ir kreve\u010di\u0173 gabal\u0117liais savo sultyse 80g"}]},{"@type":"WebSite","@id":"https:\/\/anivet.lt\/elparduotuve\/#website","url":"https:\/\/anivet.lt\/elparduotuve\/","name":"anivet.lt","description":"Viskas J\u016bs\u0173 \u0161uns, kat\u0117s prie\u017ei\u016brai","publisher":{"@id":"https:\/\/anivet.lt\/elparduotuve\/#organization"},"alternateName":"Viskas J\u016bs\u0173 \u0161uns, kat\u0117s prie\u017ei\u016brai","potentialAction":[{"@type":"SearchAction","target":{"@type":"EntryPoint","urlTemplate":"https:\/\/anivet.lt\/elparduotuve\/?s={search_term_string}"},"query-input":{"@type":"PropertyValueSpecification","valueRequired":true,"valueName":"search_term_string"}}],"inLanguage":"lt-LT"},{"@type":"Organization","@id":"https:\/\/anivet.lt\/elparduotuve\/#organization","name":"Viskas J\u016bs\u0173 \u0161uns, kat\u0117s prie\u017ei\u016brai","url":"https:\/\/anivet.lt\/elparduotuve\/","logo":{"@type":"ImageObject","inLanguage":"lt-LT","@id":"https:\/\/anivet.lt\/elparduotuve\/#\/schema\/logo\/image\/","url":"https:\/\/anivet.lt\/elparduotuve\/wp-content\/uploads\/2023\/06\/logo2.jpg","contentUrl":"https:\/\/anivet.lt\/elparduotuve\/wp-content\/uploads\/2023\/06\/logo2.jpg","width":655,"height":194,"caption":"Viskas J\u016bs\u0173 \u0161uns, kat\u0117s prie\u017ei\u016brai"},"image":{"@id":"https:\/\/anivet.lt\/elparduotuve\/#\/schema\/logo\/image\/"}}]}},"_links":{"self":[{"href":"https:\/\/anivet.lt\/elparduotuve\/wp-json\/wp\/v2\/product\/12178","targetHints":{"allow":["GET"]}}],"collection":[{"href":"https:\/\/anivet.lt\/elparduotuve\/wp-json\/wp\/v2\/product"}],"about":[{"href":"https:\/\/anivet.lt\/elparduotuve\/wp-json\/wp\/v2\/types\/product"}],"wp:featuredmedia":[{"embeddable":true,"href":"https:\/\/anivet.lt\/elparduotuve\/wp-json\/wp\/v2\/media\/12179"}],"wp:attachment":[{"href":"https:\/\/anivet.lt\/elparduotuve\/wp-json\/wp\/v2\/media?parent=12178"}],"wp:term":[{"taxonomy":"product_brand","embeddable":true,"href":"https:\/\/anivet.lt\/elparduotuve\/wp-json\/wp\/v2\/product_brand?post=12178"},{"taxonomy":"product_cat","embeddable":true,"href":"https:\/\/anivet.lt\/elparduotuve\/wp-json\/wp\/v2\/product_cat?post=12178"},{"taxonomy":"product_tag","embeddable":true,"href":"https:\/\/anivet.lt\/elparduotuve\/wp-json\/wp\/v2\/product_tag?post=12178"}],"curies":[{"name":"wp","href":"https:\/\/api.w.org\/{rel}","templated":true}]}}