{"id":12210,"date":"2023-10-14T08:46:03","date_gmt":"2023-10-14T08:46:03","guid":{"rendered":"https:\/\/anivet.lt\/elparduotuve\/?post_type=product&#038;p=12210"},"modified":"2026-04-09T09:21:03","modified_gmt":"2026-04-09T09:21:03","slug":"monge-grill-konservuotas-pasaras-sterilizuotoms-katems-mix-su-vistiena-versiena-upetakiu-85g-x12","status":"publish","type":"product","link":"https:\/\/anivet.lt\/elparduotuve\/produktas\/monge-grill-konservuotas-pasaras-sterilizuotoms-katems-mix-su-vistiena-versiena-upetakiu-85g-x12\/","title":{"rendered":"Monge Grill konservuotas pa\u0161aras sterilizuotoms kat\u0117ms mix su vi\u0161tiena\/ver\u0161iena\/up\u0117takiu 85g x12"},"content":{"rendered":"<ul>\n<li style=\"font-weight: 400;\" aria-level=\"1\"><span style=\"font-weight: 400;\">\u012evairi\u0173 skoni\u0173 pasirinkimas: Vi\u0161tiena, ver\u0161iena ir up\u0117takis suteikia \u012fvairov\u0117s ir u\u017etikrina, kad kat\u0117 ras savo m\u0117gstamiausi\u0105 skon\u012f.<\/span><\/li>\n<li style=\"font-weight: 400;\" aria-level=\"1\"><span style=\"font-weight: 400;\">Specialiai sterilizuotoms kat\u0117ms: Subalansuota sud\u0117tis, padedanti palaikyti tinkam\u0105 svor\u012f ir ger\u0105 sveikat\u0105.<\/span><\/li>\n<li style=\"font-weight: 400;\" aria-level=\"1\"><span style=\"font-weight: 400;\">Kokybi\u0161ki ingredientai: Nat\u016bralios sudedamosios dalys, \u012fskaitant itali\u0161k\u0105 m\u0117s\u0105 ir \u0161vie\u017eius up\u0117takius.<\/span><\/li>\n<li style=\"font-weight: 400;\" aria-level=\"1\"><span style=\"font-weight: 400;\">Be prid\u0117tini\u0173 cukr\u0173 ir dirbtini\u0173 da\u017eikli\u0173: Sveikas pasirinkimas kasdieniam maitinimui.<\/span><\/li>\n<li style=\"font-weight: 400;\" aria-level=\"1\"><span style=\"font-weight: 400;\">Papildytas taurinu: Svarbus \u0161irdies ir reg\u0117jimo funkcijoms palaikyti.<\/span><\/li>\n<\/ul>\n<p><span style=\"font-weight: 400;\">\u0160is konservuotas pa\u0161aras yra puikus pasirinkimas sterilizuotoms kat\u0117ms, nes jis atitinka j\u0173 specifinius mitybos poreikius. Kiekviename pakelyje esantys kokybi\u0161ki ingredientai u\u017etikrina subalansuot\u0105 mityb\u0105, o \u012fvair\u016bs skoniai padeda pa\u012fvairinti j\u016bs\u0173 kat\u0117s racion\u0105. Tai gardus ir maistingas sprendimas j\u016bs\u0173 mylimai katei.<\/span><\/p>\n","protected":false},"excerpt":{"rendered":"<p><span style=\"font-weight: 400;\">Gardi ir subalansuota mityba j\u016bs\u0173 augintiniui. \u0160iame rinkinyje rasite tris skirtingus skonius \u2013 vi\u0161tien\u0105, ver\u0161ien\u0105 ir up\u0117tak\u012f, kurie leis pa\u012fvairinti j\u016bs\u0173 kat\u0117s kasdien\u012f meniu. Sukurta specialiai sterilizuotoms kat\u0117ms, atsi\u017evelgiant \u012f j\u0173 unikalius mitybos poreikius.<\/span><\/p>\n","protected":false},"featured_media":12211,"template":"","meta":[],"product_brand":[],"product_cat":[114,102,116,343],"product_tag":[],"class_list":{"0":"post-12210","1":"product","2":"type-product","3":"status-publish","4":"has-post-thumbnail","6":"product_cat-kaciu-maistas","7":"product_cat-katems","8":"product_cat-konservai-katems","9":"product_cat-monge-kaciu-maistas","10":"pa_prekinis-zenklas-monge","12":"first","13":"instock","14":"taxable","15":"shipping-taxable","16":"purchasable","17":"product-type-simple"},"yoast_head":"<!-- This site is optimized with the Yoast SEO Premium plugin v27.1 (Yoast SEO v27.5) - https:\/\/yoast.com\/product\/yoast-seo-premium-wordpress\/ -->\n<title>Monge Grill konservuotas pa\u0161aras sterilizuotoms kat\u0117ms mix su vi\u0161tiena\/ver\u0161iena\/up\u0117takiu 85g x12 - anivet.lt<\/title>\n<meta name=\"description\" content=\"Gardi ir subalansuota mityba j\u016bs\u0173 augintiniui. \u0160iame rinkinyje rasite tris skirtingus skonius \u2013 vi\u0161tien\u0105, ver\u0161ien\u0105 ir up\u0117tak\u012f, kurie leis pa\u012fvairinti j\u016bs\u0173 kat\u0117s kasdien\u012f meniu. Sukurta specialiai sterilizuotoms kat\u0117ms, atsi\u017evelgiant \u012f j\u0173 unikalius mitybos poreikius.\" \/>\n<meta name=\"robots\" content=\"index, follow, max-snippet:-1, max-image-preview:large, max-video-preview:-1\" \/>\n<link rel=\"canonical\" href=\"https:\/\/anivet.lt\/elparduotuve\/produktas\/monge-grill-konservuotas-pasaras-sterilizuotoms-katems-mix-su-vistiena-versiena-upetakiu-85g-x12\/\" \/>\n<meta property=\"og:locale\" content=\"lt_LT\" \/>\n<meta property=\"og:type\" content=\"article\" \/>\n<meta property=\"og:title\" content=\"Monge Grill konservuotas pa\u0161aras sterilizuotoms kat\u0117ms mix su vi\u0161tiena\/ver\u0161iena\/up\u0117takiu 85g x12\" \/>\n<meta property=\"og:description\" content=\"Gardi ir subalansuota mityba j\u016bs\u0173 augintiniui. \u0160iame rinkinyje rasite tris skirtingus skonius \u2013 vi\u0161tien\u0105, ver\u0161ien\u0105 ir up\u0117tak\u012f, kurie leis pa\u012fvairinti j\u016bs\u0173 kat\u0117s kasdien\u012f meniu. Sukurta specialiai sterilizuotoms kat\u0117ms, atsi\u017evelgiant \u012f j\u0173 unikalius mitybos poreikius.\" \/>\n<meta property=\"og:url\" content=\"https:\/\/anivet.lt\/elparduotuve\/produktas\/monge-grill-konservuotas-pasaras-sterilizuotoms-katems-mix-su-vistiena-versiena-upetakiu-85g-x12\/\" \/>\n<meta property=\"og:site_name\" content=\"anivet.lt\" \/>\n<meta property=\"article:modified_time\" content=\"2026-04-09T09:21:03+00:00\" \/>\n<meta property=\"og:image\" content=\"https:\/\/anivet.lt\/elparduotuve\/wp-content\/uploads\/2023\/10\/monge-grill-konservuotas-pasaras-sterilizuotoms-katems-mix-su-vistienaversienaupetakiu-85g-x12.jpg\" \/>\n\t<meta property=\"og:image:width\" content=\"800\" \/>\n\t<meta property=\"og:image:height\" content=\"800\" \/>\n\t<meta property=\"og:image:type\" content=\"image\/jpeg\" \/>\n<meta name=\"twitter:card\" content=\"summary_large_image\" \/>\n<meta name=\"twitter:label1\" content=\"Est. reading time\" \/>\n\t<meta name=\"twitter:data1\" content=\"1 minut\u0117\" \/>\n<script type=\"application\/ld+json\" class=\"yoast-schema-graph\">{\"@context\":\"https:\\\/\\\/schema.org\",\"@graph\":[{\"@type\":\"WebPage\",\"@id\":\"https:\\\/\\\/anivet.lt\\\/elparduotuve\\\/produktas\\\/monge-grill-konservuotas-pasaras-sterilizuotoms-katems-mix-su-vistiena-versiena-upetakiu-85g-x12\\\/\",\"url\":\"https:\\\/\\\/anivet.lt\\\/elparduotuve\\\/produktas\\\/monge-grill-konservuotas-pasaras-sterilizuotoms-katems-mix-su-vistiena-versiena-upetakiu-85g-x12\\\/\",\"name\":\"Monge Grill konservuotas pa\u0161aras sterilizuotoms kat\u0117ms mix su vi\u0161tiena\\\/ver\u0161iena\\\/up\u0117takiu 85g x12 - anivet.lt\",\"isPartOf\":{\"@id\":\"https:\\\/\\\/anivet.lt\\\/elparduotuve\\\/#website\"},\"primaryImageOfPage\":{\"@id\":\"https:\\\/\\\/anivet.lt\\\/elparduotuve\\\/produktas\\\/monge-grill-konservuotas-pasaras-sterilizuotoms-katems-mix-su-vistiena-versiena-upetakiu-85g-x12\\\/#primaryimage\"},\"image\":{\"@id\":\"https:\\\/\\\/anivet.lt\\\/elparduotuve\\\/produktas\\\/monge-grill-konservuotas-pasaras-sterilizuotoms-katems-mix-su-vistiena-versiena-upetakiu-85g-x12\\\/#primaryimage\"},\"thumbnailUrl\":\"https:\\\/\\\/anivet.lt\\\/elparduotuve\\\/wp-content\\\/uploads\\\/2023\\\/10\\\/monge-grill-konservuotas-pasaras-sterilizuotoms-katems-mix-su-vistienaversienaupetakiu-85g-x12.jpg\",\"datePublished\":\"2023-10-14T08:46:03+00:00\",\"dateModified\":\"2026-04-09T09:21:03+00:00\",\"description\":\"Gardi ir subalansuota mityba j\u016bs\u0173 augintiniui. \u0160iame rinkinyje rasite tris skirtingus skonius \u2013 vi\u0161tien\u0105, ver\u0161ien\u0105 ir up\u0117tak\u012f, kurie leis pa\u012fvairinti j\u016bs\u0173 kat\u0117s kasdien\u012f meniu. Sukurta specialiai sterilizuotoms kat\u0117ms, atsi\u017evelgiant \u012f j\u0173 unikalius mitybos poreikius.\",\"breadcrumb\":{\"@id\":\"https:\\\/\\\/anivet.lt\\\/elparduotuve\\\/produktas\\\/monge-grill-konservuotas-pasaras-sterilizuotoms-katems-mix-su-vistiena-versiena-upetakiu-85g-x12\\\/#breadcrumb\"},\"inLanguage\":\"lt-LT\",\"potentialAction\":[{\"@type\":\"ReadAction\",\"target\":[\"https:\\\/\\\/anivet.lt\\\/elparduotuve\\\/produktas\\\/monge-grill-konservuotas-pasaras-sterilizuotoms-katems-mix-su-vistiena-versiena-upetakiu-85g-x12\\\/\"]}]},{\"@type\":\"ImageObject\",\"inLanguage\":\"lt-LT\",\"@id\":\"https:\\\/\\\/anivet.lt\\\/elparduotuve\\\/produktas\\\/monge-grill-konservuotas-pasaras-sterilizuotoms-katems-mix-su-vistiena-versiena-upetakiu-85g-x12\\\/#primaryimage\",\"url\":\"https:\\\/\\\/anivet.lt\\\/elparduotuve\\\/wp-content\\\/uploads\\\/2023\\\/10\\\/monge-grill-konservuotas-pasaras-sterilizuotoms-katems-mix-su-vistienaversienaupetakiu-85g-x12.jpg\",\"contentUrl\":\"https:\\\/\\\/anivet.lt\\\/elparduotuve\\\/wp-content\\\/uploads\\\/2023\\\/10\\\/monge-grill-konservuotas-pasaras-sterilizuotoms-katems-mix-su-vistienaversienaupetakiu-85g-x12.jpg\",\"width\":800,\"height\":800,\"caption\":\"Monge Grill konservuotas pa\u0161aras sterilizuotoms kat\u0117ms mix su vi\u0161tiena\\\/ver\u0161iena\\\/up\u0117takiu 85g x12\"},{\"@type\":\"BreadcrumbList\",\"@id\":\"https:\\\/\\\/anivet.lt\\\/elparduotuve\\\/produktas\\\/monge-grill-konservuotas-pasaras-sterilizuotoms-katems-mix-su-vistiena-versiena-upetakiu-85g-x12\\\/#breadcrumb\",\"itemListElement\":[{\"@type\":\"ListItem\",\"position\":1,\"name\":\"Home\",\"item\":\"https:\\\/\\\/anivet.lt\\\/elparduotuve\\\/\"},{\"@type\":\"ListItem\",\"position\":2,\"name\":\"Produktai\",\"item\":\"https:\\\/\\\/anivet.lt\\\/elparduotuve\\\/produktai\\\/\"},{\"@type\":\"ListItem\",\"position\":3,\"name\":\"Monge Grill konservuotas pa\u0161aras sterilizuotoms kat\u0117ms mix su vi\u0161tiena\\\/ver\u0161iena\\\/up\u0117takiu 85g x12\"}]},{\"@type\":\"WebSite\",\"@id\":\"https:\\\/\\\/anivet.lt\\\/elparduotuve\\\/#website\",\"url\":\"https:\\\/\\\/anivet.lt\\\/elparduotuve\\\/\",\"name\":\"anivet.lt\",\"description\":\"Viskas J\u016bs\u0173 \u0161uns, kat\u0117s prie\u017ei\u016brai\",\"publisher\":{\"@id\":\"https:\\\/\\\/anivet.lt\\\/elparduotuve\\\/#organization\"},\"alternateName\":\"Viskas J\u016bs\u0173 \u0161uns, kat\u0117s prie\u017ei\u016brai\",\"potentialAction\":[{\"@type\":\"SearchAction\",\"target\":{\"@type\":\"EntryPoint\",\"urlTemplate\":\"https:\\\/\\\/anivet.lt\\\/elparduotuve\\\/?s={search_term_string}\"},\"query-input\":{\"@type\":\"PropertyValueSpecification\",\"valueRequired\":true,\"valueName\":\"search_term_string\"}}],\"inLanguage\":\"lt-LT\"},{\"@type\":\"Organization\",\"@id\":\"https:\\\/\\\/anivet.lt\\\/elparduotuve\\\/#organization\",\"name\":\"Viskas J\u016bs\u0173 \u0161uns, kat\u0117s prie\u017ei\u016brai\",\"url\":\"https:\\\/\\\/anivet.lt\\\/elparduotuve\\\/\",\"logo\":{\"@type\":\"ImageObject\",\"inLanguage\":\"lt-LT\",\"@id\":\"https:\\\/\\\/anivet.lt\\\/elparduotuve\\\/#\\\/schema\\\/logo\\\/image\\\/\",\"url\":\"https:\\\/\\\/anivet.lt\\\/elparduotuve\\\/wp-content\\\/uploads\\\/2023\\\/06\\\/logo2.jpg\",\"contentUrl\":\"https:\\\/\\\/anivet.lt\\\/elparduotuve\\\/wp-content\\\/uploads\\\/2023\\\/06\\\/logo2.jpg\",\"width\":655,\"height\":194,\"caption\":\"Viskas J\u016bs\u0173 \u0161uns, kat\u0117s prie\u017ei\u016brai\"},\"image\":{\"@id\":\"https:\\\/\\\/anivet.lt\\\/elparduotuve\\\/#\\\/schema\\\/logo\\\/image\\\/\"}}]}<\/script>\n<!-- \/ Yoast SEO Premium plugin. -->","yoast_head_json":{"title":"Monge Grill konservuotas pa\u0161aras sterilizuotoms kat\u0117ms mix su vi\u0161tiena\/ver\u0161iena\/up\u0117takiu 85g x12 - anivet.lt","description":"Gardi ir subalansuota mityba j\u016bs\u0173 augintiniui. \u0160iame rinkinyje rasite tris skirtingus skonius \u2013 vi\u0161tien\u0105, ver\u0161ien\u0105 ir up\u0117tak\u012f, kurie leis pa\u012fvairinti j\u016bs\u0173 kat\u0117s kasdien\u012f meniu. Sukurta specialiai sterilizuotoms kat\u0117ms, atsi\u017evelgiant \u012f j\u0173 unikalius mitybos poreikius.","robots":{"index":"index","follow":"follow","max-snippet":"max-snippet:-1","max-image-preview":"max-image-preview:large","max-video-preview":"max-video-preview:-1"},"canonical":"https:\/\/anivet.lt\/elparduotuve\/produktas\/monge-grill-konservuotas-pasaras-sterilizuotoms-katems-mix-su-vistiena-versiena-upetakiu-85g-x12\/","og_locale":"lt_LT","og_type":"article","og_title":"Monge Grill konservuotas pa\u0161aras sterilizuotoms kat\u0117ms mix su vi\u0161tiena\/ver\u0161iena\/up\u0117takiu 85g x12","og_description":"Gardi ir subalansuota mityba j\u016bs\u0173 augintiniui. \u0160iame rinkinyje rasite tris skirtingus skonius \u2013 vi\u0161tien\u0105, ver\u0161ien\u0105 ir up\u0117tak\u012f, kurie leis pa\u012fvairinti j\u016bs\u0173 kat\u0117s kasdien\u012f meniu. Sukurta specialiai sterilizuotoms kat\u0117ms, atsi\u017evelgiant \u012f j\u0173 unikalius mitybos poreikius.","og_url":"https:\/\/anivet.lt\/elparduotuve\/produktas\/monge-grill-konservuotas-pasaras-sterilizuotoms-katems-mix-su-vistiena-versiena-upetakiu-85g-x12\/","og_site_name":"anivet.lt","article_modified_time":"2026-04-09T09:21:03+00:00","og_image":[{"width":800,"height":800,"url":"https:\/\/anivet.lt\/elparduotuve\/wp-content\/uploads\/2023\/10\/monge-grill-konservuotas-pasaras-sterilizuotoms-katems-mix-su-vistienaversienaupetakiu-85g-x12.jpg","type":"image\/jpeg"}],"twitter_card":"summary_large_image","twitter_misc":{"Est. reading time":"1 minut\u0117"},"schema":{"@context":"https:\/\/schema.org","@graph":[{"@type":"WebPage","@id":"https:\/\/anivet.lt\/elparduotuve\/produktas\/monge-grill-konservuotas-pasaras-sterilizuotoms-katems-mix-su-vistiena-versiena-upetakiu-85g-x12\/","url":"https:\/\/anivet.lt\/elparduotuve\/produktas\/monge-grill-konservuotas-pasaras-sterilizuotoms-katems-mix-su-vistiena-versiena-upetakiu-85g-x12\/","name":"Monge Grill konservuotas pa\u0161aras sterilizuotoms kat\u0117ms mix su vi\u0161tiena\/ver\u0161iena\/up\u0117takiu 85g x12 - anivet.lt","isPartOf":{"@id":"https:\/\/anivet.lt\/elparduotuve\/#website"},"primaryImageOfPage":{"@id":"https:\/\/anivet.lt\/elparduotuve\/produktas\/monge-grill-konservuotas-pasaras-sterilizuotoms-katems-mix-su-vistiena-versiena-upetakiu-85g-x12\/#primaryimage"},"image":{"@id":"https:\/\/anivet.lt\/elparduotuve\/produktas\/monge-grill-konservuotas-pasaras-sterilizuotoms-katems-mix-su-vistiena-versiena-upetakiu-85g-x12\/#primaryimage"},"thumbnailUrl":"https:\/\/anivet.lt\/elparduotuve\/wp-content\/uploads\/2023\/10\/monge-grill-konservuotas-pasaras-sterilizuotoms-katems-mix-su-vistienaversienaupetakiu-85g-x12.jpg","datePublished":"2023-10-14T08:46:03+00:00","dateModified":"2026-04-09T09:21:03+00:00","description":"Gardi ir subalansuota mityba j\u016bs\u0173 augintiniui. \u0160iame rinkinyje rasite tris skirtingus skonius \u2013 vi\u0161tien\u0105, ver\u0161ien\u0105 ir up\u0117tak\u012f, kurie leis pa\u012fvairinti j\u016bs\u0173 kat\u0117s kasdien\u012f meniu. Sukurta specialiai sterilizuotoms kat\u0117ms, atsi\u017evelgiant \u012f j\u0173 unikalius mitybos poreikius.","breadcrumb":{"@id":"https:\/\/anivet.lt\/elparduotuve\/produktas\/monge-grill-konservuotas-pasaras-sterilizuotoms-katems-mix-su-vistiena-versiena-upetakiu-85g-x12\/#breadcrumb"},"inLanguage":"lt-LT","potentialAction":[{"@type":"ReadAction","target":["https:\/\/anivet.lt\/elparduotuve\/produktas\/monge-grill-konservuotas-pasaras-sterilizuotoms-katems-mix-su-vistiena-versiena-upetakiu-85g-x12\/"]}]},{"@type":"ImageObject","inLanguage":"lt-LT","@id":"https:\/\/anivet.lt\/elparduotuve\/produktas\/monge-grill-konservuotas-pasaras-sterilizuotoms-katems-mix-su-vistiena-versiena-upetakiu-85g-x12\/#primaryimage","url":"https:\/\/anivet.lt\/elparduotuve\/wp-content\/uploads\/2023\/10\/monge-grill-konservuotas-pasaras-sterilizuotoms-katems-mix-su-vistienaversienaupetakiu-85g-x12.jpg","contentUrl":"https:\/\/anivet.lt\/elparduotuve\/wp-content\/uploads\/2023\/10\/monge-grill-konservuotas-pasaras-sterilizuotoms-katems-mix-su-vistienaversienaupetakiu-85g-x12.jpg","width":800,"height":800,"caption":"Monge Grill konservuotas pa\u0161aras sterilizuotoms kat\u0117ms mix su vi\u0161tiena\/ver\u0161iena\/up\u0117takiu 85g x12"},{"@type":"BreadcrumbList","@id":"https:\/\/anivet.lt\/elparduotuve\/produktas\/monge-grill-konservuotas-pasaras-sterilizuotoms-katems-mix-su-vistiena-versiena-upetakiu-85g-x12\/#breadcrumb","itemListElement":[{"@type":"ListItem","position":1,"name":"Home","item":"https:\/\/anivet.lt\/elparduotuve\/"},{"@type":"ListItem","position":2,"name":"Produktai","item":"https:\/\/anivet.lt\/elparduotuve\/produktai\/"},{"@type":"ListItem","position":3,"name":"Monge Grill konservuotas pa\u0161aras sterilizuotoms kat\u0117ms mix su vi\u0161tiena\/ver\u0161iena\/up\u0117takiu 85g x12"}]},{"@type":"WebSite","@id":"https:\/\/anivet.lt\/elparduotuve\/#website","url":"https:\/\/anivet.lt\/elparduotuve\/","name":"anivet.lt","description":"Viskas J\u016bs\u0173 \u0161uns, kat\u0117s prie\u017ei\u016brai","publisher":{"@id":"https:\/\/anivet.lt\/elparduotuve\/#organization"},"alternateName":"Viskas J\u016bs\u0173 \u0161uns, kat\u0117s prie\u017ei\u016brai","potentialAction":[{"@type":"SearchAction","target":{"@type":"EntryPoint","urlTemplate":"https:\/\/anivet.lt\/elparduotuve\/?s={search_term_string}"},"query-input":{"@type":"PropertyValueSpecification","valueRequired":true,"valueName":"search_term_string"}}],"inLanguage":"lt-LT"},{"@type":"Organization","@id":"https:\/\/anivet.lt\/elparduotuve\/#organization","name":"Viskas J\u016bs\u0173 \u0161uns, kat\u0117s prie\u017ei\u016brai","url":"https:\/\/anivet.lt\/elparduotuve\/","logo":{"@type":"ImageObject","inLanguage":"lt-LT","@id":"https:\/\/anivet.lt\/elparduotuve\/#\/schema\/logo\/image\/","url":"https:\/\/anivet.lt\/elparduotuve\/wp-content\/uploads\/2023\/06\/logo2.jpg","contentUrl":"https:\/\/anivet.lt\/elparduotuve\/wp-content\/uploads\/2023\/06\/logo2.jpg","width":655,"height":194,"caption":"Viskas J\u016bs\u0173 \u0161uns, kat\u0117s prie\u017ei\u016brai"},"image":{"@id":"https:\/\/anivet.lt\/elparduotuve\/#\/schema\/logo\/image\/"}}]}},"_links":{"self":[{"href":"https:\/\/anivet.lt\/elparduotuve\/wp-json\/wp\/v2\/product\/12210","targetHints":{"allow":["GET"]}}],"collection":[{"href":"https:\/\/anivet.lt\/elparduotuve\/wp-json\/wp\/v2\/product"}],"about":[{"href":"https:\/\/anivet.lt\/elparduotuve\/wp-json\/wp\/v2\/types\/product"}],"wp:featuredmedia":[{"embeddable":true,"href":"https:\/\/anivet.lt\/elparduotuve\/wp-json\/wp\/v2\/media\/12211"}],"wp:attachment":[{"href":"https:\/\/anivet.lt\/elparduotuve\/wp-json\/wp\/v2\/media?parent=12210"}],"wp:term":[{"taxonomy":"product_brand","embeddable":true,"href":"https:\/\/anivet.lt\/elparduotuve\/wp-json\/wp\/v2\/product_brand?post=12210"},{"taxonomy":"product_cat","embeddable":true,"href":"https:\/\/anivet.lt\/elparduotuve\/wp-json\/wp\/v2\/product_cat?post=12210"},{"taxonomy":"product_tag","embeddable":true,"href":"https:\/\/anivet.lt\/elparduotuve\/wp-json\/wp\/v2\/product_tag?post=12210"}],"curies":[{"name":"wp","href":"https:\/\/api.w.org\/{rel}","templated":true}]}}