{"id":12214,"date":"2023-10-14T09:52:24","date_gmt":"2023-10-14T09:52:24","guid":{"rendered":"https:\/\/anivet.lt\/elparduotuve\/?post_type=product&#038;p=12214"},"modified":"2026-03-11T16:03:08","modified_gmt":"2026-03-11T16:03:08","slug":"monge-bwild-adult-pastetas-katems-su-su-menke-ir-darzovemis-100g","status":"publish","type":"product","link":"https:\/\/anivet.lt\/elparduotuve\/produktas\/monge-bwild-adult-pastetas-katems-su-su-menke-ir-darzovemis-100g\/","title":{"rendered":"Monge BWild Adult pa\u0161tetas kat\u0117ms su su menke ir dar\u017eov\u0117mis 100g"},"content":{"rendered":"<ul>\n<li style=\"font-weight: 400;\" aria-level=\"1\"><span style=\"font-weight: 400;\">Menki\u0173 m\u0117sa (26%): Lengvai vir\u0161kinamas baltym\u0173 \u0161altinis.<\/span><\/li>\n<li style=\"font-weight: 400;\" aria-level=\"1\"><span style=\"font-weight: 400;\">Su dar\u017eov\u0117mis (morkomis ir \u0161paragin\u0117mis pupel\u0117mis): Papildomi vitaminai ir mineralai.<\/span><\/li>\n<li style=\"font-weight: 400;\" aria-level=\"1\"><span style=\"font-weight: 400;\">Prebiotikai (XOS): Palaiko sveik\u0105 \u017earnyno mikroflor\u0105.<\/span><\/li>\n<li style=\"font-weight: 400;\" aria-level=\"1\"><span style=\"font-weight: 400;\">Yucca schidigera: Padeda kontroliuoti nemalon\u0173 i\u0161mat\u0173 kvap\u0105.<\/span><\/li>\n<li style=\"font-weight: 400;\" aria-level=\"1\"><span style=\"font-weight: 400;\">Praturtinta gliukozaminu ir chondroitinu: S\u0105nari\u0173 sveikatos palaikymui.<\/span><\/li>\n<\/ul>\n<p><span style=\"font-weight: 400;\">\u0160is pa\u0161tetas ne tik pasi\u017eymi puikia skoni\u0173 harmonija, bet ir u\u017etikrina pilnavert\u0119 j\u016bs\u0173 kat\u0117s mityb\u0105. Lengvai vir\u0161kinama menk\u0117 ir nat\u016bral\u016bs dar\u017eovi\u0173 komponentai padeda patenkinti net i\u0161rankiausi\u0173 augintini\u0173 poreikius.<\/span><\/p>\n","protected":false},"excerpt":{"rendered":"<p><span style=\"font-weight: 400;\">Visavertis ir subalansuotas pa\u0161tetas, specialiai sukurtas suaugusioms kat\u0117ms. Pagamintas i\u0161 auk\u0161tos kokyb\u0117s ingredient\u0173, be gr\u016bd\u0173, \u0161is maistas puikiai tinka jautresn\u0117ms ar specifini\u0173 poreiki\u0173 turin\u010dioms kat\u0117ms. Menk\u0117s ir dar\u017eovi\u0173 derinys u\u017etikrina subalansuot\u0105 mityb\u0105 ir puik\u0173 skon\u012f.<\/span><\/p>\n","protected":false},"featured_media":12215,"template":"","meta":[],"product_brand":[],"product_cat":[114,102,116,343],"product_tag":[],"class_list":{"0":"post-12214","1":"product","2":"type-product","3":"status-publish","4":"has-post-thumbnail","6":"product_cat-kaciu-maistas","7":"product_cat-katems","8":"product_cat-konservai-katems","9":"product_cat-monge-kaciu-maistas","10":"pa_prekinis-zenklas-monge","12":"first","13":"instock","14":"taxable","15":"shipping-taxable","16":"purchasable","17":"product-type-simple"},"yoast_head":"<!-- This site is optimized with the Yoast SEO Premium plugin v27.1 (Yoast SEO v27.5) - https:\/\/yoast.com\/product\/yoast-seo-premium-wordpress\/ -->\n<title>Monge BWild Adult pa\u0161tetas kat\u0117ms su su menke ir dar\u017eov\u0117mis 100g - anivet.lt<\/title>\n<meta name=\"description\" content=\"Visavertis ir subalansuotas pa\u0161tetas, specialiai sukurtas suaugusioms kat\u0117ms. Pagamintas i\u0161 auk\u0161tos kokyb\u0117s ingredient\u0173, be gr\u016bd\u0173, \u0161is maistas puikiai tinka jautresn\u0117ms ar specifini\u0173 poreiki\u0173 turin\u010dioms kat\u0117ms. Menk\u0117s ir dar\u017eovi\u0173 derinys u\u017etikrina subalansuot\u0105 mityb\u0105 ir puik\u0173 skon\u012f.\" \/>\n<meta name=\"robots\" content=\"index, follow, max-snippet:-1, max-image-preview:large, max-video-preview:-1\" \/>\n<link rel=\"canonical\" href=\"https:\/\/anivet.lt\/elparduotuve\/produktas\/monge-bwild-adult-pastetas-katems-su-su-menke-ir-darzovemis-100g\/\" \/>\n<meta property=\"og:locale\" content=\"lt_LT\" \/>\n<meta property=\"og:type\" content=\"article\" \/>\n<meta property=\"og:title\" content=\"Monge BWild Adult pa\u0161tetas kat\u0117ms su su menke ir dar\u017eov\u0117mis 100g\" \/>\n<meta property=\"og:description\" content=\"Visavertis ir subalansuotas pa\u0161tetas, specialiai sukurtas suaugusioms kat\u0117ms. Pagamintas i\u0161 auk\u0161tos kokyb\u0117s ingredient\u0173, be gr\u016bd\u0173, \u0161is maistas puikiai tinka jautresn\u0117ms ar specifini\u0173 poreiki\u0173 turin\u010dioms kat\u0117ms. Menk\u0117s ir dar\u017eovi\u0173 derinys u\u017etikrina subalansuot\u0105 mityb\u0105 ir puik\u0173 skon\u012f.\" \/>\n<meta property=\"og:url\" content=\"https:\/\/anivet.lt\/elparduotuve\/produktas\/monge-bwild-adult-pastetas-katems-su-su-menke-ir-darzovemis-100g\/\" \/>\n<meta property=\"og:site_name\" content=\"anivet.lt\" \/>\n<meta property=\"article:modified_time\" content=\"2026-03-11T16:03:08+00:00\" \/>\n<meta property=\"og:image\" content=\"https:\/\/anivet.lt\/elparduotuve\/wp-content\/uploads\/2023\/10\/monge-bwild-adult-pastetas-katems-su-su-menke-ir-darzovemis-100g.jpg\" \/>\n\t<meta property=\"og:image:width\" content=\"800\" \/>\n\t<meta property=\"og:image:height\" content=\"800\" \/>\n\t<meta property=\"og:image:type\" content=\"image\/jpeg\" \/>\n<meta name=\"twitter:card\" content=\"summary_large_image\" \/>\n<meta name=\"twitter:label1\" content=\"Est. reading time\" \/>\n\t<meta name=\"twitter:data1\" content=\"1 minut\u0117\" \/>\n<script type=\"application\/ld+json\" class=\"yoast-schema-graph\">{\"@context\":\"https:\\\/\\\/schema.org\",\"@graph\":[{\"@type\":\"WebPage\",\"@id\":\"https:\\\/\\\/anivet.lt\\\/elparduotuve\\\/produktas\\\/monge-bwild-adult-pastetas-katems-su-su-menke-ir-darzovemis-100g\\\/\",\"url\":\"https:\\\/\\\/anivet.lt\\\/elparduotuve\\\/produktas\\\/monge-bwild-adult-pastetas-katems-su-su-menke-ir-darzovemis-100g\\\/\",\"name\":\"Monge BWild Adult pa\u0161tetas kat\u0117ms su su menke ir dar\u017eov\u0117mis 100g - anivet.lt\",\"isPartOf\":{\"@id\":\"https:\\\/\\\/anivet.lt\\\/elparduotuve\\\/#website\"},\"primaryImageOfPage\":{\"@id\":\"https:\\\/\\\/anivet.lt\\\/elparduotuve\\\/produktas\\\/monge-bwild-adult-pastetas-katems-su-su-menke-ir-darzovemis-100g\\\/#primaryimage\"},\"image\":{\"@id\":\"https:\\\/\\\/anivet.lt\\\/elparduotuve\\\/produktas\\\/monge-bwild-adult-pastetas-katems-su-su-menke-ir-darzovemis-100g\\\/#primaryimage\"},\"thumbnailUrl\":\"https:\\\/\\\/anivet.lt\\\/elparduotuve\\\/wp-content\\\/uploads\\\/2023\\\/10\\\/monge-bwild-adult-pastetas-katems-su-su-menke-ir-darzovemis-100g.jpg\",\"datePublished\":\"2023-10-14T09:52:24+00:00\",\"dateModified\":\"2026-03-11T16:03:08+00:00\",\"description\":\"Visavertis ir subalansuotas pa\u0161tetas, specialiai sukurtas suaugusioms kat\u0117ms. Pagamintas i\u0161 auk\u0161tos kokyb\u0117s ingredient\u0173, be gr\u016bd\u0173, \u0161is maistas puikiai tinka jautresn\u0117ms ar specifini\u0173 poreiki\u0173 turin\u010dioms kat\u0117ms. Menk\u0117s ir dar\u017eovi\u0173 derinys u\u017etikrina subalansuot\u0105 mityb\u0105 ir puik\u0173 skon\u012f.\",\"breadcrumb\":{\"@id\":\"https:\\\/\\\/anivet.lt\\\/elparduotuve\\\/produktas\\\/monge-bwild-adult-pastetas-katems-su-su-menke-ir-darzovemis-100g\\\/#breadcrumb\"},\"inLanguage\":\"lt-LT\",\"potentialAction\":[{\"@type\":\"ReadAction\",\"target\":[\"https:\\\/\\\/anivet.lt\\\/elparduotuve\\\/produktas\\\/monge-bwild-adult-pastetas-katems-su-su-menke-ir-darzovemis-100g\\\/\"]}]},{\"@type\":\"ImageObject\",\"inLanguage\":\"lt-LT\",\"@id\":\"https:\\\/\\\/anivet.lt\\\/elparduotuve\\\/produktas\\\/monge-bwild-adult-pastetas-katems-su-su-menke-ir-darzovemis-100g\\\/#primaryimage\",\"url\":\"https:\\\/\\\/anivet.lt\\\/elparduotuve\\\/wp-content\\\/uploads\\\/2023\\\/10\\\/monge-bwild-adult-pastetas-katems-su-su-menke-ir-darzovemis-100g.jpg\",\"contentUrl\":\"https:\\\/\\\/anivet.lt\\\/elparduotuve\\\/wp-content\\\/uploads\\\/2023\\\/10\\\/monge-bwild-adult-pastetas-katems-su-su-menke-ir-darzovemis-100g.jpg\",\"width\":800,\"height\":800,\"caption\":\"Monge BWild Adult pa\u0161tetas kat\u0117ms su su menke ir dar\u017eov\u0117mis 100g\"},{\"@type\":\"BreadcrumbList\",\"@id\":\"https:\\\/\\\/anivet.lt\\\/elparduotuve\\\/produktas\\\/monge-bwild-adult-pastetas-katems-su-su-menke-ir-darzovemis-100g\\\/#breadcrumb\",\"itemListElement\":[{\"@type\":\"ListItem\",\"position\":1,\"name\":\"Home\",\"item\":\"https:\\\/\\\/anivet.lt\\\/elparduotuve\\\/\"},{\"@type\":\"ListItem\",\"position\":2,\"name\":\"Produktai\",\"item\":\"https:\\\/\\\/anivet.lt\\\/elparduotuve\\\/produktai\\\/\"},{\"@type\":\"ListItem\",\"position\":3,\"name\":\"Monge BWild Adult pa\u0161tetas kat\u0117ms su su menke ir dar\u017eov\u0117mis 100g\"}]},{\"@type\":\"WebSite\",\"@id\":\"https:\\\/\\\/anivet.lt\\\/elparduotuve\\\/#website\",\"url\":\"https:\\\/\\\/anivet.lt\\\/elparduotuve\\\/\",\"name\":\"anivet.lt\",\"description\":\"Viskas J\u016bs\u0173 \u0161uns, kat\u0117s prie\u017ei\u016brai\",\"publisher\":{\"@id\":\"https:\\\/\\\/anivet.lt\\\/elparduotuve\\\/#organization\"},\"alternateName\":\"Viskas J\u016bs\u0173 \u0161uns, kat\u0117s prie\u017ei\u016brai\",\"potentialAction\":[{\"@type\":\"SearchAction\",\"target\":{\"@type\":\"EntryPoint\",\"urlTemplate\":\"https:\\\/\\\/anivet.lt\\\/elparduotuve\\\/?s={search_term_string}\"},\"query-input\":{\"@type\":\"PropertyValueSpecification\",\"valueRequired\":true,\"valueName\":\"search_term_string\"}}],\"inLanguage\":\"lt-LT\"},{\"@type\":\"Organization\",\"@id\":\"https:\\\/\\\/anivet.lt\\\/elparduotuve\\\/#organization\",\"name\":\"Viskas J\u016bs\u0173 \u0161uns, kat\u0117s prie\u017ei\u016brai\",\"url\":\"https:\\\/\\\/anivet.lt\\\/elparduotuve\\\/\",\"logo\":{\"@type\":\"ImageObject\",\"inLanguage\":\"lt-LT\",\"@id\":\"https:\\\/\\\/anivet.lt\\\/elparduotuve\\\/#\\\/schema\\\/logo\\\/image\\\/\",\"url\":\"https:\\\/\\\/anivet.lt\\\/elparduotuve\\\/wp-content\\\/uploads\\\/2023\\\/06\\\/logo2.jpg\",\"contentUrl\":\"https:\\\/\\\/anivet.lt\\\/elparduotuve\\\/wp-content\\\/uploads\\\/2023\\\/06\\\/logo2.jpg\",\"width\":655,\"height\":194,\"caption\":\"Viskas J\u016bs\u0173 \u0161uns, kat\u0117s prie\u017ei\u016brai\"},\"image\":{\"@id\":\"https:\\\/\\\/anivet.lt\\\/elparduotuve\\\/#\\\/schema\\\/logo\\\/image\\\/\"}}]}<\/script>\n<!-- \/ Yoast SEO Premium plugin. -->","yoast_head_json":{"title":"Monge BWild Adult pa\u0161tetas kat\u0117ms su su menke ir dar\u017eov\u0117mis 100g - anivet.lt","description":"Visavertis ir subalansuotas pa\u0161tetas, specialiai sukurtas suaugusioms kat\u0117ms. Pagamintas i\u0161 auk\u0161tos kokyb\u0117s ingredient\u0173, be gr\u016bd\u0173, \u0161is maistas puikiai tinka jautresn\u0117ms ar specifini\u0173 poreiki\u0173 turin\u010dioms kat\u0117ms. Menk\u0117s ir dar\u017eovi\u0173 derinys u\u017etikrina subalansuot\u0105 mityb\u0105 ir puik\u0173 skon\u012f.","robots":{"index":"index","follow":"follow","max-snippet":"max-snippet:-1","max-image-preview":"max-image-preview:large","max-video-preview":"max-video-preview:-1"},"canonical":"https:\/\/anivet.lt\/elparduotuve\/produktas\/monge-bwild-adult-pastetas-katems-su-su-menke-ir-darzovemis-100g\/","og_locale":"lt_LT","og_type":"article","og_title":"Monge BWild Adult pa\u0161tetas kat\u0117ms su su menke ir dar\u017eov\u0117mis 100g","og_description":"Visavertis ir subalansuotas pa\u0161tetas, specialiai sukurtas suaugusioms kat\u0117ms. Pagamintas i\u0161 auk\u0161tos kokyb\u0117s ingredient\u0173, be gr\u016bd\u0173, \u0161is maistas puikiai tinka jautresn\u0117ms ar specifini\u0173 poreiki\u0173 turin\u010dioms kat\u0117ms. Menk\u0117s ir dar\u017eovi\u0173 derinys u\u017etikrina subalansuot\u0105 mityb\u0105 ir puik\u0173 skon\u012f.","og_url":"https:\/\/anivet.lt\/elparduotuve\/produktas\/monge-bwild-adult-pastetas-katems-su-su-menke-ir-darzovemis-100g\/","og_site_name":"anivet.lt","article_modified_time":"2026-03-11T16:03:08+00:00","og_image":[{"width":800,"height":800,"url":"https:\/\/anivet.lt\/elparduotuve\/wp-content\/uploads\/2023\/10\/monge-bwild-adult-pastetas-katems-su-su-menke-ir-darzovemis-100g.jpg","type":"image\/jpeg"}],"twitter_card":"summary_large_image","twitter_misc":{"Est. reading time":"1 minut\u0117"},"schema":{"@context":"https:\/\/schema.org","@graph":[{"@type":"WebPage","@id":"https:\/\/anivet.lt\/elparduotuve\/produktas\/monge-bwild-adult-pastetas-katems-su-su-menke-ir-darzovemis-100g\/","url":"https:\/\/anivet.lt\/elparduotuve\/produktas\/monge-bwild-adult-pastetas-katems-su-su-menke-ir-darzovemis-100g\/","name":"Monge BWild Adult pa\u0161tetas kat\u0117ms su su menke ir dar\u017eov\u0117mis 100g - anivet.lt","isPartOf":{"@id":"https:\/\/anivet.lt\/elparduotuve\/#website"},"primaryImageOfPage":{"@id":"https:\/\/anivet.lt\/elparduotuve\/produktas\/monge-bwild-adult-pastetas-katems-su-su-menke-ir-darzovemis-100g\/#primaryimage"},"image":{"@id":"https:\/\/anivet.lt\/elparduotuve\/produktas\/monge-bwild-adult-pastetas-katems-su-su-menke-ir-darzovemis-100g\/#primaryimage"},"thumbnailUrl":"https:\/\/anivet.lt\/elparduotuve\/wp-content\/uploads\/2023\/10\/monge-bwild-adult-pastetas-katems-su-su-menke-ir-darzovemis-100g.jpg","datePublished":"2023-10-14T09:52:24+00:00","dateModified":"2026-03-11T16:03:08+00:00","description":"Visavertis ir subalansuotas pa\u0161tetas, specialiai sukurtas suaugusioms kat\u0117ms. Pagamintas i\u0161 auk\u0161tos kokyb\u0117s ingredient\u0173, be gr\u016bd\u0173, \u0161is maistas puikiai tinka jautresn\u0117ms ar specifini\u0173 poreiki\u0173 turin\u010dioms kat\u0117ms. Menk\u0117s ir dar\u017eovi\u0173 derinys u\u017etikrina subalansuot\u0105 mityb\u0105 ir puik\u0173 skon\u012f.","breadcrumb":{"@id":"https:\/\/anivet.lt\/elparduotuve\/produktas\/monge-bwild-adult-pastetas-katems-su-su-menke-ir-darzovemis-100g\/#breadcrumb"},"inLanguage":"lt-LT","potentialAction":[{"@type":"ReadAction","target":["https:\/\/anivet.lt\/elparduotuve\/produktas\/monge-bwild-adult-pastetas-katems-su-su-menke-ir-darzovemis-100g\/"]}]},{"@type":"ImageObject","inLanguage":"lt-LT","@id":"https:\/\/anivet.lt\/elparduotuve\/produktas\/monge-bwild-adult-pastetas-katems-su-su-menke-ir-darzovemis-100g\/#primaryimage","url":"https:\/\/anivet.lt\/elparduotuve\/wp-content\/uploads\/2023\/10\/monge-bwild-adult-pastetas-katems-su-su-menke-ir-darzovemis-100g.jpg","contentUrl":"https:\/\/anivet.lt\/elparduotuve\/wp-content\/uploads\/2023\/10\/monge-bwild-adult-pastetas-katems-su-su-menke-ir-darzovemis-100g.jpg","width":800,"height":800,"caption":"Monge BWild Adult pa\u0161tetas kat\u0117ms su su menke ir dar\u017eov\u0117mis 100g"},{"@type":"BreadcrumbList","@id":"https:\/\/anivet.lt\/elparduotuve\/produktas\/monge-bwild-adult-pastetas-katems-su-su-menke-ir-darzovemis-100g\/#breadcrumb","itemListElement":[{"@type":"ListItem","position":1,"name":"Home","item":"https:\/\/anivet.lt\/elparduotuve\/"},{"@type":"ListItem","position":2,"name":"Produktai","item":"https:\/\/anivet.lt\/elparduotuve\/produktai\/"},{"@type":"ListItem","position":3,"name":"Monge BWild Adult pa\u0161tetas kat\u0117ms su su menke ir dar\u017eov\u0117mis 100g"}]},{"@type":"WebSite","@id":"https:\/\/anivet.lt\/elparduotuve\/#website","url":"https:\/\/anivet.lt\/elparduotuve\/","name":"anivet.lt","description":"Viskas J\u016bs\u0173 \u0161uns, kat\u0117s prie\u017ei\u016brai","publisher":{"@id":"https:\/\/anivet.lt\/elparduotuve\/#organization"},"alternateName":"Viskas J\u016bs\u0173 \u0161uns, kat\u0117s prie\u017ei\u016brai","potentialAction":[{"@type":"SearchAction","target":{"@type":"EntryPoint","urlTemplate":"https:\/\/anivet.lt\/elparduotuve\/?s={search_term_string}"},"query-input":{"@type":"PropertyValueSpecification","valueRequired":true,"valueName":"search_term_string"}}],"inLanguage":"lt-LT"},{"@type":"Organization","@id":"https:\/\/anivet.lt\/elparduotuve\/#organization","name":"Viskas J\u016bs\u0173 \u0161uns, kat\u0117s prie\u017ei\u016brai","url":"https:\/\/anivet.lt\/elparduotuve\/","logo":{"@type":"ImageObject","inLanguage":"lt-LT","@id":"https:\/\/anivet.lt\/elparduotuve\/#\/schema\/logo\/image\/","url":"https:\/\/anivet.lt\/elparduotuve\/wp-content\/uploads\/2023\/06\/logo2.jpg","contentUrl":"https:\/\/anivet.lt\/elparduotuve\/wp-content\/uploads\/2023\/06\/logo2.jpg","width":655,"height":194,"caption":"Viskas J\u016bs\u0173 \u0161uns, kat\u0117s prie\u017ei\u016brai"},"image":{"@id":"https:\/\/anivet.lt\/elparduotuve\/#\/schema\/logo\/image\/"}}]}},"_links":{"self":[{"href":"https:\/\/anivet.lt\/elparduotuve\/wp-json\/wp\/v2\/product\/12214","targetHints":{"allow":["GET"]}}],"collection":[{"href":"https:\/\/anivet.lt\/elparduotuve\/wp-json\/wp\/v2\/product"}],"about":[{"href":"https:\/\/anivet.lt\/elparduotuve\/wp-json\/wp\/v2\/types\/product"}],"wp:featuredmedia":[{"embeddable":true,"href":"https:\/\/anivet.lt\/elparduotuve\/wp-json\/wp\/v2\/media\/12215"}],"wp:attachment":[{"href":"https:\/\/anivet.lt\/elparduotuve\/wp-json\/wp\/v2\/media?parent=12214"}],"wp:term":[{"taxonomy":"product_brand","embeddable":true,"href":"https:\/\/anivet.lt\/elparduotuve\/wp-json\/wp\/v2\/product_brand?post=12214"},{"taxonomy":"product_cat","embeddable":true,"href":"https:\/\/anivet.lt\/elparduotuve\/wp-json\/wp\/v2\/product_cat?post=12214"},{"taxonomy":"product_tag","embeddable":true,"href":"https:\/\/anivet.lt\/elparduotuve\/wp-json\/wp\/v2\/product_tag?post=12214"}],"curies":[{"name":"wp","href":"https:\/\/api.w.org\/{rel}","templated":true}]}}