{"id":12226,"date":"2023-10-14T10:19:12","date_gmt":"2023-10-14T10:19:12","guid":{"rendered":"https:\/\/anivet.lt\/elparduotuve\/?post_type=product&#038;p=12226"},"modified":"2026-01-27T18:24:07","modified_gmt":"2026-01-27T18:24:07","slug":"monge-bwild-kons-pasaras-su-menke-krevetemis-ir-darzovemis-padaze-85g","status":"publish","type":"product","link":"https:\/\/anivet.lt\/elparduotuve\/produktas\/monge-bwild-kons-pasaras-su-menke-krevetemis-ir-darzovemis-padaze-85g\/","title":{"rendered":"Monge BWild kons. pa\u0161aras su menke, krevet\u0117mis ir dar\u017eov\u0117mis pada\u017ee 85g"},"content":{"rendered":"<ul>\n<li style=\"font-weight: 400;\" aria-level=\"1\"><span style=\"font-weight: 400;\">Be gr\u016bd\u0173: Puikiai tinka kat\u0117ms su jautria vir\u0161kinimo sistema.<\/span><\/li>\n<li style=\"font-weight: 400;\" aria-level=\"1\"><span style=\"font-weight: 400;\">Gyv\u016bniniai baltymai: Menki\u0173 ir kreve\u010di\u0173 derinys u\u017etikrina auk\u0161tos kokyb\u0117s baltymus j\u016bs\u0173 kat\u0117s sveikatai.<\/span><\/li>\n<li style=\"font-weight: 400;\" aria-level=\"1\"><span style=\"font-weight: 400;\">Praturtintas dar\u017eov\u0117mis: Sud\u0117tyje yra mork\u0173, pomidor\u0173 ir \u0161paragini\u0173 pupeli\u0173, kurie suteikia papildom\u0173 maistini\u0173 med\u017eiag\u0173.<\/span><\/li>\n<li style=\"font-weight: 400;\" aria-level=\"1\"><span style=\"font-weight: 400;\">Taurinas: Palaiko aki\u0173 ir \u0161irdies sveikat\u0105.<\/span><\/li>\n<li style=\"font-weight: 400;\" aria-level=\"1\"><span style=\"font-weight: 400;\">Vir\u0161kinimo palaikymas: Ksilooligosacharidai (XOS) ir yucca schidigera padeda gerinti vir\u0161kinim\u0105 ir ma\u017eina nemalonius kvapus.<\/span><\/li>\n<\/ul>\n<p><span style=\"font-weight: 400;\">\u201eMonge BWild\u201d konservai su menke ir krevet\u0117mis yra puikus pasirinkimas kasdienei kat\u0117s mitybai, u\u017etikrinantis ne tik reikalingas maistines med\u017eiagas, bet ir auk\u0161t\u0105 kokyb\u0119 bei puik\u0173 skon\u012f. Suteikite savo katei geriausi\u0105, k\u0105 gali pasi\u016blyti nat\u016brali ir subalansuota mityba.<\/span><\/p>\n","protected":false},"excerpt":{"rendered":"<p><span style=\"font-weight: 400;\">\u0160is visavertis konservuotas pa\u0161aras yra sukurtas suaugusioms kat\u0117ms, kurioms reikalinga auk\u0161tos kokyb\u0117s, subalansuota ir lengvai vir\u0161kinama mityba. Gabal\u0117liai pada\u017ee su menke, krevet\u0117mis ir dar\u017eov\u0117mis suteiks j\u016bs\u0173 augintiniui maloni\u0173 valgymo akimirk\u0173.<\/span><\/p>\n","protected":false},"featured_media":12227,"template":"","meta":[],"product_brand":[],"product_cat":[114,102,116,343],"product_tag":[],"class_list":{"0":"post-12226","1":"product","2":"type-product","3":"status-publish","4":"has-post-thumbnail","6":"product_cat-kaciu-maistas","7":"product_cat-katems","8":"product_cat-konservai-katems","9":"product_cat-monge-kaciu-maistas","10":"pa_prekinis-zenklas-monge","12":"first","13":"instock","14":"taxable","15":"shipping-taxable","16":"purchasable","17":"product-type-simple"},"yoast_head":"<!-- This site is optimized with the Yoast SEO Premium plugin v27.1 (Yoast SEO v27.5) - https:\/\/yoast.com\/product\/yoast-seo-premium-wordpress\/ -->\n<title>Monge BWild kons. pa\u0161aras su menke, krevet\u0117mis ir dar\u017eov\u0117mis pada\u017ee 85g - anivet.lt<\/title>\n<meta name=\"description\" content=\"\u0160is visavertis konservuotas pa\u0161aras yra sukurtas suaugusioms kat\u0117ms, kurioms reikalinga auk\u0161tos kokyb\u0117s, subalansuota ir lengvai vir\u0161kinama mityba. Gabal\u0117liai pada\u017ee su menke, krevet\u0117mis ir dar\u017eov\u0117mis suteiks j\u016bs\u0173 augintiniui maloni\u0173 valgymo akimirk\u0173.\" \/>\n<meta name=\"robots\" content=\"index, follow, max-snippet:-1, max-image-preview:large, max-video-preview:-1\" \/>\n<link rel=\"canonical\" href=\"https:\/\/anivet.lt\/elparduotuve\/produktas\/monge-bwild-kons-pasaras-su-menke-krevetemis-ir-darzovemis-padaze-85g\/\" \/>\n<meta property=\"og:locale\" content=\"lt_LT\" \/>\n<meta property=\"og:type\" content=\"article\" \/>\n<meta property=\"og:title\" content=\"Monge BWild kons. pa\u0161aras su menke, krevet\u0117mis ir dar\u017eov\u0117mis pada\u017ee 85g\" \/>\n<meta property=\"og:description\" content=\"\u0160is visavertis konservuotas pa\u0161aras yra sukurtas suaugusioms kat\u0117ms, kurioms reikalinga auk\u0161tos kokyb\u0117s, subalansuota ir lengvai vir\u0161kinama mityba. Gabal\u0117liai pada\u017ee su menke, krevet\u0117mis ir dar\u017eov\u0117mis suteiks j\u016bs\u0173 augintiniui maloni\u0173 valgymo akimirk\u0173.\" \/>\n<meta property=\"og:url\" content=\"https:\/\/anivet.lt\/elparduotuve\/produktas\/monge-bwild-kons-pasaras-su-menke-krevetemis-ir-darzovemis-padaze-85g\/\" \/>\n<meta property=\"og:site_name\" content=\"anivet.lt\" \/>\n<meta property=\"article:modified_time\" content=\"2026-01-27T18:24:07+00:00\" \/>\n<meta property=\"og:image\" content=\"https:\/\/anivet.lt\/elparduotuve\/wp-content\/uploads\/2023\/10\/monge-bwild-kons-pasaras-su-menke-krevetemis-ir-darzovemis-padaze-85g.jpg\" \/>\n\t<meta property=\"og:image:width\" content=\"800\" \/>\n\t<meta property=\"og:image:height\" content=\"800\" \/>\n\t<meta property=\"og:image:type\" content=\"image\/jpeg\" \/>\n<meta name=\"twitter:card\" content=\"summary_large_image\" \/>\n<meta name=\"twitter:label1\" content=\"Est. reading time\" \/>\n\t<meta name=\"twitter:data1\" content=\"1 minut\u0117\" \/>\n<script type=\"application\/ld+json\" class=\"yoast-schema-graph\">{\"@context\":\"https:\\\/\\\/schema.org\",\"@graph\":[{\"@type\":\"WebPage\",\"@id\":\"https:\\\/\\\/anivet.lt\\\/elparduotuve\\\/produktas\\\/monge-bwild-kons-pasaras-su-menke-krevetemis-ir-darzovemis-padaze-85g\\\/\",\"url\":\"https:\\\/\\\/anivet.lt\\\/elparduotuve\\\/produktas\\\/monge-bwild-kons-pasaras-su-menke-krevetemis-ir-darzovemis-padaze-85g\\\/\",\"name\":\"Monge BWild kons. pa\u0161aras su menke, krevet\u0117mis ir dar\u017eov\u0117mis pada\u017ee 85g - anivet.lt\",\"isPartOf\":{\"@id\":\"https:\\\/\\\/anivet.lt\\\/elparduotuve\\\/#website\"},\"primaryImageOfPage\":{\"@id\":\"https:\\\/\\\/anivet.lt\\\/elparduotuve\\\/produktas\\\/monge-bwild-kons-pasaras-su-menke-krevetemis-ir-darzovemis-padaze-85g\\\/#primaryimage\"},\"image\":{\"@id\":\"https:\\\/\\\/anivet.lt\\\/elparduotuve\\\/produktas\\\/monge-bwild-kons-pasaras-su-menke-krevetemis-ir-darzovemis-padaze-85g\\\/#primaryimage\"},\"thumbnailUrl\":\"https:\\\/\\\/anivet.lt\\\/elparduotuve\\\/wp-content\\\/uploads\\\/2023\\\/10\\\/monge-bwild-kons-pasaras-su-menke-krevetemis-ir-darzovemis-padaze-85g.jpg\",\"datePublished\":\"2023-10-14T10:19:12+00:00\",\"dateModified\":\"2026-01-27T18:24:07+00:00\",\"description\":\"\u0160is visavertis konservuotas pa\u0161aras yra sukurtas suaugusioms kat\u0117ms, kurioms reikalinga auk\u0161tos kokyb\u0117s, subalansuota ir lengvai vir\u0161kinama mityba. Gabal\u0117liai pada\u017ee su menke, krevet\u0117mis ir dar\u017eov\u0117mis suteiks j\u016bs\u0173 augintiniui maloni\u0173 valgymo akimirk\u0173.\",\"breadcrumb\":{\"@id\":\"https:\\\/\\\/anivet.lt\\\/elparduotuve\\\/produktas\\\/monge-bwild-kons-pasaras-su-menke-krevetemis-ir-darzovemis-padaze-85g\\\/#breadcrumb\"},\"inLanguage\":\"lt-LT\",\"potentialAction\":[{\"@type\":\"ReadAction\",\"target\":[\"https:\\\/\\\/anivet.lt\\\/elparduotuve\\\/produktas\\\/monge-bwild-kons-pasaras-su-menke-krevetemis-ir-darzovemis-padaze-85g\\\/\"]}]},{\"@type\":\"ImageObject\",\"inLanguage\":\"lt-LT\",\"@id\":\"https:\\\/\\\/anivet.lt\\\/elparduotuve\\\/produktas\\\/monge-bwild-kons-pasaras-su-menke-krevetemis-ir-darzovemis-padaze-85g\\\/#primaryimage\",\"url\":\"https:\\\/\\\/anivet.lt\\\/elparduotuve\\\/wp-content\\\/uploads\\\/2023\\\/10\\\/monge-bwild-kons-pasaras-su-menke-krevetemis-ir-darzovemis-padaze-85g.jpg\",\"contentUrl\":\"https:\\\/\\\/anivet.lt\\\/elparduotuve\\\/wp-content\\\/uploads\\\/2023\\\/10\\\/monge-bwild-kons-pasaras-su-menke-krevetemis-ir-darzovemis-padaze-85g.jpg\",\"width\":800,\"height\":800,\"caption\":\"Monge BWild kons. pa\u0161aras su menke, krevet\u0117mis ir dar\u017eov\u0117mis pada\u017ee 85g\"},{\"@type\":\"BreadcrumbList\",\"@id\":\"https:\\\/\\\/anivet.lt\\\/elparduotuve\\\/produktas\\\/monge-bwild-kons-pasaras-su-menke-krevetemis-ir-darzovemis-padaze-85g\\\/#breadcrumb\",\"itemListElement\":[{\"@type\":\"ListItem\",\"position\":1,\"name\":\"Home\",\"item\":\"https:\\\/\\\/anivet.lt\\\/elparduotuve\\\/\"},{\"@type\":\"ListItem\",\"position\":2,\"name\":\"Produktai\",\"item\":\"https:\\\/\\\/anivet.lt\\\/elparduotuve\\\/produktai\\\/\"},{\"@type\":\"ListItem\",\"position\":3,\"name\":\"Monge BWild kons. pa\u0161aras su menke, krevet\u0117mis ir dar\u017eov\u0117mis pada\u017ee 85g\"}]},{\"@type\":\"WebSite\",\"@id\":\"https:\\\/\\\/anivet.lt\\\/elparduotuve\\\/#website\",\"url\":\"https:\\\/\\\/anivet.lt\\\/elparduotuve\\\/\",\"name\":\"anivet.lt\",\"description\":\"Viskas J\u016bs\u0173 \u0161uns, kat\u0117s prie\u017ei\u016brai\",\"publisher\":{\"@id\":\"https:\\\/\\\/anivet.lt\\\/elparduotuve\\\/#organization\"},\"alternateName\":\"Viskas J\u016bs\u0173 \u0161uns, kat\u0117s prie\u017ei\u016brai\",\"potentialAction\":[{\"@type\":\"SearchAction\",\"target\":{\"@type\":\"EntryPoint\",\"urlTemplate\":\"https:\\\/\\\/anivet.lt\\\/elparduotuve\\\/?s={search_term_string}\"},\"query-input\":{\"@type\":\"PropertyValueSpecification\",\"valueRequired\":true,\"valueName\":\"search_term_string\"}}],\"inLanguage\":\"lt-LT\"},{\"@type\":\"Organization\",\"@id\":\"https:\\\/\\\/anivet.lt\\\/elparduotuve\\\/#organization\",\"name\":\"Viskas J\u016bs\u0173 \u0161uns, kat\u0117s prie\u017ei\u016brai\",\"url\":\"https:\\\/\\\/anivet.lt\\\/elparduotuve\\\/\",\"logo\":{\"@type\":\"ImageObject\",\"inLanguage\":\"lt-LT\",\"@id\":\"https:\\\/\\\/anivet.lt\\\/elparduotuve\\\/#\\\/schema\\\/logo\\\/image\\\/\",\"url\":\"https:\\\/\\\/anivet.lt\\\/elparduotuve\\\/wp-content\\\/uploads\\\/2023\\\/06\\\/logo2.jpg\",\"contentUrl\":\"https:\\\/\\\/anivet.lt\\\/elparduotuve\\\/wp-content\\\/uploads\\\/2023\\\/06\\\/logo2.jpg\",\"width\":655,\"height\":194,\"caption\":\"Viskas J\u016bs\u0173 \u0161uns, kat\u0117s prie\u017ei\u016brai\"},\"image\":{\"@id\":\"https:\\\/\\\/anivet.lt\\\/elparduotuve\\\/#\\\/schema\\\/logo\\\/image\\\/\"}}]}<\/script>\n<!-- \/ Yoast SEO Premium plugin. -->","yoast_head_json":{"title":"Monge BWild kons. pa\u0161aras su menke, krevet\u0117mis ir dar\u017eov\u0117mis pada\u017ee 85g - anivet.lt","description":"\u0160is visavertis konservuotas pa\u0161aras yra sukurtas suaugusioms kat\u0117ms, kurioms reikalinga auk\u0161tos kokyb\u0117s, subalansuota ir lengvai vir\u0161kinama mityba. Gabal\u0117liai pada\u017ee su menke, krevet\u0117mis ir dar\u017eov\u0117mis suteiks j\u016bs\u0173 augintiniui maloni\u0173 valgymo akimirk\u0173.","robots":{"index":"index","follow":"follow","max-snippet":"max-snippet:-1","max-image-preview":"max-image-preview:large","max-video-preview":"max-video-preview:-1"},"canonical":"https:\/\/anivet.lt\/elparduotuve\/produktas\/monge-bwild-kons-pasaras-su-menke-krevetemis-ir-darzovemis-padaze-85g\/","og_locale":"lt_LT","og_type":"article","og_title":"Monge BWild kons. pa\u0161aras su menke, krevet\u0117mis ir dar\u017eov\u0117mis pada\u017ee 85g","og_description":"\u0160is visavertis konservuotas pa\u0161aras yra sukurtas suaugusioms kat\u0117ms, kurioms reikalinga auk\u0161tos kokyb\u0117s, subalansuota ir lengvai vir\u0161kinama mityba. Gabal\u0117liai pada\u017ee su menke, krevet\u0117mis ir dar\u017eov\u0117mis suteiks j\u016bs\u0173 augintiniui maloni\u0173 valgymo akimirk\u0173.","og_url":"https:\/\/anivet.lt\/elparduotuve\/produktas\/monge-bwild-kons-pasaras-su-menke-krevetemis-ir-darzovemis-padaze-85g\/","og_site_name":"anivet.lt","article_modified_time":"2026-01-27T18:24:07+00:00","og_image":[{"width":800,"height":800,"url":"https:\/\/anivet.lt\/elparduotuve\/wp-content\/uploads\/2023\/10\/monge-bwild-kons-pasaras-su-menke-krevetemis-ir-darzovemis-padaze-85g.jpg","type":"image\/jpeg"}],"twitter_card":"summary_large_image","twitter_misc":{"Est. reading time":"1 minut\u0117"},"schema":{"@context":"https:\/\/schema.org","@graph":[{"@type":"WebPage","@id":"https:\/\/anivet.lt\/elparduotuve\/produktas\/monge-bwild-kons-pasaras-su-menke-krevetemis-ir-darzovemis-padaze-85g\/","url":"https:\/\/anivet.lt\/elparduotuve\/produktas\/monge-bwild-kons-pasaras-su-menke-krevetemis-ir-darzovemis-padaze-85g\/","name":"Monge BWild kons. pa\u0161aras su menke, krevet\u0117mis ir dar\u017eov\u0117mis pada\u017ee 85g - anivet.lt","isPartOf":{"@id":"https:\/\/anivet.lt\/elparduotuve\/#website"},"primaryImageOfPage":{"@id":"https:\/\/anivet.lt\/elparduotuve\/produktas\/monge-bwild-kons-pasaras-su-menke-krevetemis-ir-darzovemis-padaze-85g\/#primaryimage"},"image":{"@id":"https:\/\/anivet.lt\/elparduotuve\/produktas\/monge-bwild-kons-pasaras-su-menke-krevetemis-ir-darzovemis-padaze-85g\/#primaryimage"},"thumbnailUrl":"https:\/\/anivet.lt\/elparduotuve\/wp-content\/uploads\/2023\/10\/monge-bwild-kons-pasaras-su-menke-krevetemis-ir-darzovemis-padaze-85g.jpg","datePublished":"2023-10-14T10:19:12+00:00","dateModified":"2026-01-27T18:24:07+00:00","description":"\u0160is visavertis konservuotas pa\u0161aras yra sukurtas suaugusioms kat\u0117ms, kurioms reikalinga auk\u0161tos kokyb\u0117s, subalansuota ir lengvai vir\u0161kinama mityba. Gabal\u0117liai pada\u017ee su menke, krevet\u0117mis ir dar\u017eov\u0117mis suteiks j\u016bs\u0173 augintiniui maloni\u0173 valgymo akimirk\u0173.","breadcrumb":{"@id":"https:\/\/anivet.lt\/elparduotuve\/produktas\/monge-bwild-kons-pasaras-su-menke-krevetemis-ir-darzovemis-padaze-85g\/#breadcrumb"},"inLanguage":"lt-LT","potentialAction":[{"@type":"ReadAction","target":["https:\/\/anivet.lt\/elparduotuve\/produktas\/monge-bwild-kons-pasaras-su-menke-krevetemis-ir-darzovemis-padaze-85g\/"]}]},{"@type":"ImageObject","inLanguage":"lt-LT","@id":"https:\/\/anivet.lt\/elparduotuve\/produktas\/monge-bwild-kons-pasaras-su-menke-krevetemis-ir-darzovemis-padaze-85g\/#primaryimage","url":"https:\/\/anivet.lt\/elparduotuve\/wp-content\/uploads\/2023\/10\/monge-bwild-kons-pasaras-su-menke-krevetemis-ir-darzovemis-padaze-85g.jpg","contentUrl":"https:\/\/anivet.lt\/elparduotuve\/wp-content\/uploads\/2023\/10\/monge-bwild-kons-pasaras-su-menke-krevetemis-ir-darzovemis-padaze-85g.jpg","width":800,"height":800,"caption":"Monge BWild kons. pa\u0161aras su menke, krevet\u0117mis ir dar\u017eov\u0117mis pada\u017ee 85g"},{"@type":"BreadcrumbList","@id":"https:\/\/anivet.lt\/elparduotuve\/produktas\/monge-bwild-kons-pasaras-su-menke-krevetemis-ir-darzovemis-padaze-85g\/#breadcrumb","itemListElement":[{"@type":"ListItem","position":1,"name":"Home","item":"https:\/\/anivet.lt\/elparduotuve\/"},{"@type":"ListItem","position":2,"name":"Produktai","item":"https:\/\/anivet.lt\/elparduotuve\/produktai\/"},{"@type":"ListItem","position":3,"name":"Monge BWild kons. pa\u0161aras su menke, krevet\u0117mis ir dar\u017eov\u0117mis pada\u017ee 85g"}]},{"@type":"WebSite","@id":"https:\/\/anivet.lt\/elparduotuve\/#website","url":"https:\/\/anivet.lt\/elparduotuve\/","name":"anivet.lt","description":"Viskas J\u016bs\u0173 \u0161uns, kat\u0117s prie\u017ei\u016brai","publisher":{"@id":"https:\/\/anivet.lt\/elparduotuve\/#organization"},"alternateName":"Viskas J\u016bs\u0173 \u0161uns, kat\u0117s prie\u017ei\u016brai","potentialAction":[{"@type":"SearchAction","target":{"@type":"EntryPoint","urlTemplate":"https:\/\/anivet.lt\/elparduotuve\/?s={search_term_string}"},"query-input":{"@type":"PropertyValueSpecification","valueRequired":true,"valueName":"search_term_string"}}],"inLanguage":"lt-LT"},{"@type":"Organization","@id":"https:\/\/anivet.lt\/elparduotuve\/#organization","name":"Viskas J\u016bs\u0173 \u0161uns, kat\u0117s prie\u017ei\u016brai","url":"https:\/\/anivet.lt\/elparduotuve\/","logo":{"@type":"ImageObject","inLanguage":"lt-LT","@id":"https:\/\/anivet.lt\/elparduotuve\/#\/schema\/logo\/image\/","url":"https:\/\/anivet.lt\/elparduotuve\/wp-content\/uploads\/2023\/06\/logo2.jpg","contentUrl":"https:\/\/anivet.lt\/elparduotuve\/wp-content\/uploads\/2023\/06\/logo2.jpg","width":655,"height":194,"caption":"Viskas J\u016bs\u0173 \u0161uns, kat\u0117s prie\u017ei\u016brai"},"image":{"@id":"https:\/\/anivet.lt\/elparduotuve\/#\/schema\/logo\/image\/"}}]}},"_links":{"self":[{"href":"https:\/\/anivet.lt\/elparduotuve\/wp-json\/wp\/v2\/product\/12226","targetHints":{"allow":["GET"]}}],"collection":[{"href":"https:\/\/anivet.lt\/elparduotuve\/wp-json\/wp\/v2\/product"}],"about":[{"href":"https:\/\/anivet.lt\/elparduotuve\/wp-json\/wp\/v2\/types\/product"}],"wp:featuredmedia":[{"embeddable":true,"href":"https:\/\/anivet.lt\/elparduotuve\/wp-json\/wp\/v2\/media\/12227"}],"wp:attachment":[{"href":"https:\/\/anivet.lt\/elparduotuve\/wp-json\/wp\/v2\/media?parent=12226"}],"wp:term":[{"taxonomy":"product_brand","embeddable":true,"href":"https:\/\/anivet.lt\/elparduotuve\/wp-json\/wp\/v2\/product_brand?post=12226"},{"taxonomy":"product_cat","embeddable":true,"href":"https:\/\/anivet.lt\/elparduotuve\/wp-json\/wp\/v2\/product_cat?post=12226"},{"taxonomy":"product_tag","embeddable":true,"href":"https:\/\/anivet.lt\/elparduotuve\/wp-json\/wp\/v2\/product_tag?post=12226"}],"curies":[{"name":"wp","href":"https:\/\/api.w.org\/{rel}","templated":true}]}}