{"id":12228,"date":"2023-10-14T10:22:48","date_gmt":"2023-10-14T10:22:48","guid":{"rendered":"https:\/\/anivet.lt\/elparduotuve\/?post_type=product&#038;p=12228"},"modified":"2025-12-06T15:57:55","modified_gmt":"2025-12-06T15:57:55","slug":"monge-bwild-kons-pasaras-katems-su-anciuviais-ir-darzovemis-padaze-85g","status":"publish","type":"product","link":"https:\/\/anivet.lt\/elparduotuve\/produktas\/monge-bwild-kons-pasaras-katems-su-anciuviais-ir-darzovemis-padaze-85g\/","title":{"rendered":"Monge BWild kons. pa\u0161aras kat\u0117ms su an\u010diuviais ir dar\u017eov\u0117mis pada\u017ee 85g"},"content":{"rendered":"<ul>\n<li style=\"font-weight: 400;\" aria-level=\"1\"><span style=\"font-weight: 400;\">Begr\u016bd\u0117 sud\u0117tis: Tinka jautrioms kat\u0117ms, linkusioms \u012f alergijas ar netoleravim\u0105 gr\u016bdams.<\/span><\/li>\n<li style=\"font-weight: 400;\" aria-level=\"1\"><span style=\"font-weight: 400;\">Nat\u016bral\u016bs ingredientai: An\u010diuviai, dar\u017eov\u0117s, spirulina ir yucca \u2013 puikus vitamin\u0173 ir mineral\u0173 \u0161altinis.<\/span><\/li>\n<li style=\"font-weight: 400;\" aria-level=\"1\"><span style=\"font-weight: 400;\">Taurinas: B\u016btinas kat\u0117ms, palaikantis j\u0173 reg\u0117jimo funkcijas ir \u0161irdies sveikat\u0105.<\/span><\/li>\n<li style=\"font-weight: 400;\" aria-level=\"1\"><span style=\"font-weight: 400;\">Praturtintas vitaminais ir mineralais: Optimaliai sveikatai u\u017etikrinti.<\/span><\/li>\n<li style=\"font-weight: 400;\" aria-level=\"1\"><span style=\"font-weight: 400;\">Skatina ger\u0105 vir\u0161kinim\u0105: Ksilooligosacharidai ir nat\u016bral\u016bs ingredientai palaiko sveik\u0105 \u017earnyno mikroflor\u0105.<\/span><\/li>\n<\/ul>\n<p><span style=\"font-weight: 400;\">\u0160is konservuotas pa\u0161aras ne tik gard\u017eiai patenkins j\u016bs\u0173 kat\u0117s skonio receptorius, bet ir u\u017etikrins subalansuot\u0105 mityb\u0105 be nereikaling\u0173 pried\u0173. Begr\u016bd\u0117 sud\u0117tis, an\u010diuviai kaip pagrindinis ingredientas ir prid\u0117tos dar\u017eov\u0117s \u2013 tai viskas, ko reikia j\u016bs\u0173 augintinio sveikatai ir gyvybingumui palaikyti.<\/span><\/p>\n","protected":false},"excerpt":{"rendered":"<p><span style=\"font-weight: 400;\">Begr\u016bdis konservuotas maistas suaugusioms kat\u0117ms \u2013 puikus pasirinkimas nat\u016braliai, subalansuotai mitybai. Pa\u0161aras, praturtintas an\u010diuviais ir dar\u017eov\u0117mis, ne tik suteikia gard\u0173 skon\u012f, bet ir u\u017etikrina vis\u0173 b\u016btin\u0173 maistini\u0173 med\u017eiag\u0173 suvartojim\u0105.<\/span><\/p>\n","protected":false},"featured_media":12229,"template":"","meta":[],"product_brand":[],"product_cat":[114,102,116,343],"product_tag":[],"class_list":{"0":"post-12228","1":"product","2":"type-product","3":"status-publish","4":"has-post-thumbnail","6":"product_cat-kaciu-maistas","7":"product_cat-katems","8":"product_cat-konservai-katems","9":"product_cat-monge-kaciu-maistas","10":"pa_prekinis-zenklas-monge","12":"first","13":"instock","14":"taxable","15":"shipping-taxable","16":"purchasable","17":"product-type-simple"},"yoast_head":"<!-- This site is optimized with the Yoast SEO Premium plugin v27.1 (Yoast SEO v27.5) - https:\/\/yoast.com\/product\/yoast-seo-premium-wordpress\/ -->\n<title>Monge BWild kons. pa\u0161aras kat\u0117ms su an\u010diuviais ir dar\u017eov\u0117mis pada\u017ee 85g - anivet.lt<\/title>\n<meta name=\"description\" content=\"Begr\u016bdis konservuotas maistas suaugusioms kat\u0117ms \u2013 puikus pasirinkimas nat\u016braliai, subalansuotai mitybai. Pa\u0161aras, praturtintas an\u010diuviais ir dar\u017eov\u0117mis, ne tik suteikia gard\u0173 skon\u012f, bet ir u\u017etikrina vis\u0173 b\u016btin\u0173 maistini\u0173 med\u017eiag\u0173 suvartojim\u0105.\" \/>\n<meta name=\"robots\" content=\"index, follow, max-snippet:-1, max-image-preview:large, max-video-preview:-1\" \/>\n<link rel=\"canonical\" href=\"https:\/\/anivet.lt\/elparduotuve\/produktas\/monge-bwild-kons-pasaras-katems-su-anciuviais-ir-darzovemis-padaze-85g\/\" \/>\n<meta property=\"og:locale\" content=\"lt_LT\" \/>\n<meta property=\"og:type\" content=\"article\" \/>\n<meta property=\"og:title\" content=\"Monge BWild kons. pa\u0161aras kat\u0117ms su an\u010diuviais ir dar\u017eov\u0117mis pada\u017ee 85g\" \/>\n<meta property=\"og:description\" content=\"Begr\u016bdis konservuotas maistas suaugusioms kat\u0117ms \u2013 puikus pasirinkimas nat\u016braliai, subalansuotai mitybai. Pa\u0161aras, praturtintas an\u010diuviais ir dar\u017eov\u0117mis, ne tik suteikia gard\u0173 skon\u012f, bet ir u\u017etikrina vis\u0173 b\u016btin\u0173 maistini\u0173 med\u017eiag\u0173 suvartojim\u0105.\" \/>\n<meta property=\"og:url\" content=\"https:\/\/anivet.lt\/elparduotuve\/produktas\/monge-bwild-kons-pasaras-katems-su-anciuviais-ir-darzovemis-padaze-85g\/\" \/>\n<meta property=\"og:site_name\" content=\"anivet.lt\" \/>\n<meta property=\"article:modified_time\" content=\"2025-12-06T15:57:55+00:00\" \/>\n<meta property=\"og:image\" content=\"https:\/\/anivet.lt\/elparduotuve\/wp-content\/uploads\/2023\/10\/monge-bwild-kons-pasaras-katems-su-anciuviais-ir-darzovemis-padaze-85g.jpg\" \/>\n\t<meta property=\"og:image:width\" content=\"800\" \/>\n\t<meta property=\"og:image:height\" content=\"800\" \/>\n\t<meta property=\"og:image:type\" content=\"image\/jpeg\" \/>\n<meta name=\"twitter:card\" content=\"summary_large_image\" \/>\n<meta name=\"twitter:label1\" content=\"Est. reading time\" \/>\n\t<meta name=\"twitter:data1\" content=\"1 minut\u0117\" \/>\n<script type=\"application\/ld+json\" class=\"yoast-schema-graph\">{\"@context\":\"https:\\\/\\\/schema.org\",\"@graph\":[{\"@type\":\"WebPage\",\"@id\":\"https:\\\/\\\/anivet.lt\\\/elparduotuve\\\/produktas\\\/monge-bwild-kons-pasaras-katems-su-anciuviais-ir-darzovemis-padaze-85g\\\/\",\"url\":\"https:\\\/\\\/anivet.lt\\\/elparduotuve\\\/produktas\\\/monge-bwild-kons-pasaras-katems-su-anciuviais-ir-darzovemis-padaze-85g\\\/\",\"name\":\"Monge BWild kons. pa\u0161aras kat\u0117ms su an\u010diuviais ir dar\u017eov\u0117mis pada\u017ee 85g - anivet.lt\",\"isPartOf\":{\"@id\":\"https:\\\/\\\/anivet.lt\\\/elparduotuve\\\/#website\"},\"primaryImageOfPage\":{\"@id\":\"https:\\\/\\\/anivet.lt\\\/elparduotuve\\\/produktas\\\/monge-bwild-kons-pasaras-katems-su-anciuviais-ir-darzovemis-padaze-85g\\\/#primaryimage\"},\"image\":{\"@id\":\"https:\\\/\\\/anivet.lt\\\/elparduotuve\\\/produktas\\\/monge-bwild-kons-pasaras-katems-su-anciuviais-ir-darzovemis-padaze-85g\\\/#primaryimage\"},\"thumbnailUrl\":\"https:\\\/\\\/anivet.lt\\\/elparduotuve\\\/wp-content\\\/uploads\\\/2023\\\/10\\\/monge-bwild-kons-pasaras-katems-su-anciuviais-ir-darzovemis-padaze-85g.jpg\",\"datePublished\":\"2023-10-14T10:22:48+00:00\",\"dateModified\":\"2025-12-06T15:57:55+00:00\",\"description\":\"Begr\u016bdis konservuotas maistas suaugusioms kat\u0117ms \u2013 puikus pasirinkimas nat\u016braliai, subalansuotai mitybai. Pa\u0161aras, praturtintas an\u010diuviais ir dar\u017eov\u0117mis, ne tik suteikia gard\u0173 skon\u012f, bet ir u\u017etikrina vis\u0173 b\u016btin\u0173 maistini\u0173 med\u017eiag\u0173 suvartojim\u0105.\",\"breadcrumb\":{\"@id\":\"https:\\\/\\\/anivet.lt\\\/elparduotuve\\\/produktas\\\/monge-bwild-kons-pasaras-katems-su-anciuviais-ir-darzovemis-padaze-85g\\\/#breadcrumb\"},\"inLanguage\":\"lt-LT\",\"potentialAction\":[{\"@type\":\"ReadAction\",\"target\":[\"https:\\\/\\\/anivet.lt\\\/elparduotuve\\\/produktas\\\/monge-bwild-kons-pasaras-katems-su-anciuviais-ir-darzovemis-padaze-85g\\\/\"]}]},{\"@type\":\"ImageObject\",\"inLanguage\":\"lt-LT\",\"@id\":\"https:\\\/\\\/anivet.lt\\\/elparduotuve\\\/produktas\\\/monge-bwild-kons-pasaras-katems-su-anciuviais-ir-darzovemis-padaze-85g\\\/#primaryimage\",\"url\":\"https:\\\/\\\/anivet.lt\\\/elparduotuve\\\/wp-content\\\/uploads\\\/2023\\\/10\\\/monge-bwild-kons-pasaras-katems-su-anciuviais-ir-darzovemis-padaze-85g.jpg\",\"contentUrl\":\"https:\\\/\\\/anivet.lt\\\/elparduotuve\\\/wp-content\\\/uploads\\\/2023\\\/10\\\/monge-bwild-kons-pasaras-katems-su-anciuviais-ir-darzovemis-padaze-85g.jpg\",\"width\":800,\"height\":800,\"caption\":\"Monge BWild kons. pa\u0161aras kat\u0117ms su an\u010diuviais ir dar\u017eov\u0117mis pada\u017ee 85g\"},{\"@type\":\"BreadcrumbList\",\"@id\":\"https:\\\/\\\/anivet.lt\\\/elparduotuve\\\/produktas\\\/monge-bwild-kons-pasaras-katems-su-anciuviais-ir-darzovemis-padaze-85g\\\/#breadcrumb\",\"itemListElement\":[{\"@type\":\"ListItem\",\"position\":1,\"name\":\"Home\",\"item\":\"https:\\\/\\\/anivet.lt\\\/elparduotuve\\\/\"},{\"@type\":\"ListItem\",\"position\":2,\"name\":\"Produktai\",\"item\":\"https:\\\/\\\/anivet.lt\\\/elparduotuve\\\/produktai\\\/\"},{\"@type\":\"ListItem\",\"position\":3,\"name\":\"Monge BWild kons. pa\u0161aras kat\u0117ms su an\u010diuviais ir dar\u017eov\u0117mis pada\u017ee 85g\"}]},{\"@type\":\"WebSite\",\"@id\":\"https:\\\/\\\/anivet.lt\\\/elparduotuve\\\/#website\",\"url\":\"https:\\\/\\\/anivet.lt\\\/elparduotuve\\\/\",\"name\":\"anivet.lt\",\"description\":\"Viskas J\u016bs\u0173 \u0161uns, kat\u0117s prie\u017ei\u016brai\",\"publisher\":{\"@id\":\"https:\\\/\\\/anivet.lt\\\/elparduotuve\\\/#organization\"},\"alternateName\":\"Viskas J\u016bs\u0173 \u0161uns, kat\u0117s prie\u017ei\u016brai\",\"potentialAction\":[{\"@type\":\"SearchAction\",\"target\":{\"@type\":\"EntryPoint\",\"urlTemplate\":\"https:\\\/\\\/anivet.lt\\\/elparduotuve\\\/?s={search_term_string}\"},\"query-input\":{\"@type\":\"PropertyValueSpecification\",\"valueRequired\":true,\"valueName\":\"search_term_string\"}}],\"inLanguage\":\"lt-LT\"},{\"@type\":\"Organization\",\"@id\":\"https:\\\/\\\/anivet.lt\\\/elparduotuve\\\/#organization\",\"name\":\"Viskas J\u016bs\u0173 \u0161uns, kat\u0117s prie\u017ei\u016brai\",\"url\":\"https:\\\/\\\/anivet.lt\\\/elparduotuve\\\/\",\"logo\":{\"@type\":\"ImageObject\",\"inLanguage\":\"lt-LT\",\"@id\":\"https:\\\/\\\/anivet.lt\\\/elparduotuve\\\/#\\\/schema\\\/logo\\\/image\\\/\",\"url\":\"https:\\\/\\\/anivet.lt\\\/elparduotuve\\\/wp-content\\\/uploads\\\/2023\\\/06\\\/logo2.jpg\",\"contentUrl\":\"https:\\\/\\\/anivet.lt\\\/elparduotuve\\\/wp-content\\\/uploads\\\/2023\\\/06\\\/logo2.jpg\",\"width\":655,\"height\":194,\"caption\":\"Viskas J\u016bs\u0173 \u0161uns, kat\u0117s prie\u017ei\u016brai\"},\"image\":{\"@id\":\"https:\\\/\\\/anivet.lt\\\/elparduotuve\\\/#\\\/schema\\\/logo\\\/image\\\/\"}}]}<\/script>\n<!-- \/ Yoast SEO Premium plugin. -->","yoast_head_json":{"title":"Monge BWild kons. pa\u0161aras kat\u0117ms su an\u010diuviais ir dar\u017eov\u0117mis pada\u017ee 85g - anivet.lt","description":"Begr\u016bdis konservuotas maistas suaugusioms kat\u0117ms \u2013 puikus pasirinkimas nat\u016braliai, subalansuotai mitybai. Pa\u0161aras, praturtintas an\u010diuviais ir dar\u017eov\u0117mis, ne tik suteikia gard\u0173 skon\u012f, bet ir u\u017etikrina vis\u0173 b\u016btin\u0173 maistini\u0173 med\u017eiag\u0173 suvartojim\u0105.","robots":{"index":"index","follow":"follow","max-snippet":"max-snippet:-1","max-image-preview":"max-image-preview:large","max-video-preview":"max-video-preview:-1"},"canonical":"https:\/\/anivet.lt\/elparduotuve\/produktas\/monge-bwild-kons-pasaras-katems-su-anciuviais-ir-darzovemis-padaze-85g\/","og_locale":"lt_LT","og_type":"article","og_title":"Monge BWild kons. pa\u0161aras kat\u0117ms su an\u010diuviais ir dar\u017eov\u0117mis pada\u017ee 85g","og_description":"Begr\u016bdis konservuotas maistas suaugusioms kat\u0117ms \u2013 puikus pasirinkimas nat\u016braliai, subalansuotai mitybai. Pa\u0161aras, praturtintas an\u010diuviais ir dar\u017eov\u0117mis, ne tik suteikia gard\u0173 skon\u012f, bet ir u\u017etikrina vis\u0173 b\u016btin\u0173 maistini\u0173 med\u017eiag\u0173 suvartojim\u0105.","og_url":"https:\/\/anivet.lt\/elparduotuve\/produktas\/monge-bwild-kons-pasaras-katems-su-anciuviais-ir-darzovemis-padaze-85g\/","og_site_name":"anivet.lt","article_modified_time":"2025-12-06T15:57:55+00:00","og_image":[{"width":800,"height":800,"url":"https:\/\/anivet.lt\/elparduotuve\/wp-content\/uploads\/2023\/10\/monge-bwild-kons-pasaras-katems-su-anciuviais-ir-darzovemis-padaze-85g.jpg","type":"image\/jpeg"}],"twitter_card":"summary_large_image","twitter_misc":{"Est. reading time":"1 minut\u0117"},"schema":{"@context":"https:\/\/schema.org","@graph":[{"@type":"WebPage","@id":"https:\/\/anivet.lt\/elparduotuve\/produktas\/monge-bwild-kons-pasaras-katems-su-anciuviais-ir-darzovemis-padaze-85g\/","url":"https:\/\/anivet.lt\/elparduotuve\/produktas\/monge-bwild-kons-pasaras-katems-su-anciuviais-ir-darzovemis-padaze-85g\/","name":"Monge BWild kons. pa\u0161aras kat\u0117ms su an\u010diuviais ir dar\u017eov\u0117mis pada\u017ee 85g - anivet.lt","isPartOf":{"@id":"https:\/\/anivet.lt\/elparduotuve\/#website"},"primaryImageOfPage":{"@id":"https:\/\/anivet.lt\/elparduotuve\/produktas\/monge-bwild-kons-pasaras-katems-su-anciuviais-ir-darzovemis-padaze-85g\/#primaryimage"},"image":{"@id":"https:\/\/anivet.lt\/elparduotuve\/produktas\/monge-bwild-kons-pasaras-katems-su-anciuviais-ir-darzovemis-padaze-85g\/#primaryimage"},"thumbnailUrl":"https:\/\/anivet.lt\/elparduotuve\/wp-content\/uploads\/2023\/10\/monge-bwild-kons-pasaras-katems-su-anciuviais-ir-darzovemis-padaze-85g.jpg","datePublished":"2023-10-14T10:22:48+00:00","dateModified":"2025-12-06T15:57:55+00:00","description":"Begr\u016bdis konservuotas maistas suaugusioms kat\u0117ms \u2013 puikus pasirinkimas nat\u016braliai, subalansuotai mitybai. Pa\u0161aras, praturtintas an\u010diuviais ir dar\u017eov\u0117mis, ne tik suteikia gard\u0173 skon\u012f, bet ir u\u017etikrina vis\u0173 b\u016btin\u0173 maistini\u0173 med\u017eiag\u0173 suvartojim\u0105.","breadcrumb":{"@id":"https:\/\/anivet.lt\/elparduotuve\/produktas\/monge-bwild-kons-pasaras-katems-su-anciuviais-ir-darzovemis-padaze-85g\/#breadcrumb"},"inLanguage":"lt-LT","potentialAction":[{"@type":"ReadAction","target":["https:\/\/anivet.lt\/elparduotuve\/produktas\/monge-bwild-kons-pasaras-katems-su-anciuviais-ir-darzovemis-padaze-85g\/"]}]},{"@type":"ImageObject","inLanguage":"lt-LT","@id":"https:\/\/anivet.lt\/elparduotuve\/produktas\/monge-bwild-kons-pasaras-katems-su-anciuviais-ir-darzovemis-padaze-85g\/#primaryimage","url":"https:\/\/anivet.lt\/elparduotuve\/wp-content\/uploads\/2023\/10\/monge-bwild-kons-pasaras-katems-su-anciuviais-ir-darzovemis-padaze-85g.jpg","contentUrl":"https:\/\/anivet.lt\/elparduotuve\/wp-content\/uploads\/2023\/10\/monge-bwild-kons-pasaras-katems-su-anciuviais-ir-darzovemis-padaze-85g.jpg","width":800,"height":800,"caption":"Monge BWild kons. pa\u0161aras kat\u0117ms su an\u010diuviais ir dar\u017eov\u0117mis pada\u017ee 85g"},{"@type":"BreadcrumbList","@id":"https:\/\/anivet.lt\/elparduotuve\/produktas\/monge-bwild-kons-pasaras-katems-su-anciuviais-ir-darzovemis-padaze-85g\/#breadcrumb","itemListElement":[{"@type":"ListItem","position":1,"name":"Home","item":"https:\/\/anivet.lt\/elparduotuve\/"},{"@type":"ListItem","position":2,"name":"Produktai","item":"https:\/\/anivet.lt\/elparduotuve\/produktai\/"},{"@type":"ListItem","position":3,"name":"Monge BWild kons. pa\u0161aras kat\u0117ms su an\u010diuviais ir dar\u017eov\u0117mis pada\u017ee 85g"}]},{"@type":"WebSite","@id":"https:\/\/anivet.lt\/elparduotuve\/#website","url":"https:\/\/anivet.lt\/elparduotuve\/","name":"anivet.lt","description":"Viskas J\u016bs\u0173 \u0161uns, kat\u0117s prie\u017ei\u016brai","publisher":{"@id":"https:\/\/anivet.lt\/elparduotuve\/#organization"},"alternateName":"Viskas J\u016bs\u0173 \u0161uns, kat\u0117s prie\u017ei\u016brai","potentialAction":[{"@type":"SearchAction","target":{"@type":"EntryPoint","urlTemplate":"https:\/\/anivet.lt\/elparduotuve\/?s={search_term_string}"},"query-input":{"@type":"PropertyValueSpecification","valueRequired":true,"valueName":"search_term_string"}}],"inLanguage":"lt-LT"},{"@type":"Organization","@id":"https:\/\/anivet.lt\/elparduotuve\/#organization","name":"Viskas J\u016bs\u0173 \u0161uns, kat\u0117s prie\u017ei\u016brai","url":"https:\/\/anivet.lt\/elparduotuve\/","logo":{"@type":"ImageObject","inLanguage":"lt-LT","@id":"https:\/\/anivet.lt\/elparduotuve\/#\/schema\/logo\/image\/","url":"https:\/\/anivet.lt\/elparduotuve\/wp-content\/uploads\/2023\/06\/logo2.jpg","contentUrl":"https:\/\/anivet.lt\/elparduotuve\/wp-content\/uploads\/2023\/06\/logo2.jpg","width":655,"height":194,"caption":"Viskas J\u016bs\u0173 \u0161uns, kat\u0117s prie\u017ei\u016brai"},"image":{"@id":"https:\/\/anivet.lt\/elparduotuve\/#\/schema\/logo\/image\/"}}]}},"_links":{"self":[{"href":"https:\/\/anivet.lt\/elparduotuve\/wp-json\/wp\/v2\/product\/12228","targetHints":{"allow":["GET"]}}],"collection":[{"href":"https:\/\/anivet.lt\/elparduotuve\/wp-json\/wp\/v2\/product"}],"about":[{"href":"https:\/\/anivet.lt\/elparduotuve\/wp-json\/wp\/v2\/types\/product"}],"wp:featuredmedia":[{"embeddable":true,"href":"https:\/\/anivet.lt\/elparduotuve\/wp-json\/wp\/v2\/media\/12229"}],"wp:attachment":[{"href":"https:\/\/anivet.lt\/elparduotuve\/wp-json\/wp\/v2\/media?parent=12228"}],"wp:term":[{"taxonomy":"product_brand","embeddable":true,"href":"https:\/\/anivet.lt\/elparduotuve\/wp-json\/wp\/v2\/product_brand?post=12228"},{"taxonomy":"product_cat","embeddable":true,"href":"https:\/\/anivet.lt\/elparduotuve\/wp-json\/wp\/v2\/product_cat?post=12228"},{"taxonomy":"product_tag","embeddable":true,"href":"https:\/\/anivet.lt\/elparduotuve\/wp-json\/wp\/v2\/product_tag?post=12228"}],"curies":[{"name":"wp","href":"https:\/\/api.w.org\/{rel}","templated":true}]}}