{"id":12232,"date":"2023-10-14T10:30:56","date_gmt":"2023-10-14T10:30:56","guid":{"rendered":"https:\/\/anivet.lt\/elparduotuve\/?post_type=product&#038;p=12232"},"modified":"2026-04-20T11:31:50","modified_gmt":"2026-04-20T11:31:50","slug":"monge-bwild-kons-pasaras-sterilizuotoms-katems-su-tunu-krevetemis-ir-darzovemis-padaze-85g","status":"publish","type":"product","link":"https:\/\/anivet.lt\/elparduotuve\/produktas\/monge-bwild-kons-pasaras-sterilizuotoms-katems-su-tunu-krevetemis-ir-darzovemis-padaze-85g\/","title":{"rendered":"Monge BWild kons. pa\u0161aras sterilizuotoms kat\u0117ms su tunu, krevet\u0117mis ir dar\u017eov\u0117mis pada\u017ee 85g"},"content":{"rendered":"<ul>\n<li style=\"font-weight: 400;\" aria-level=\"1\"><span style=\"font-weight: 400;\">Be gr\u016bd\u0173: Puikiai tinka kat\u0117ms, kurioms reikalinga begr\u016bd\u0117 mityba.<\/span><\/li>\n<li style=\"font-weight: 400;\" aria-level=\"1\"><span style=\"font-weight: 400;\">Auk\u0161tos kokyb\u0117s ingredientai: Sud\u0117tyje yra tunas, krevet\u0117s, morkos ir kitos maistin\u0117s med\u017eiagos.<\/span><\/li>\n<li style=\"font-weight: 400;\" aria-level=\"1\"><span style=\"font-weight: 400;\">Subalansuota sud\u0117tis: Puikiai pritaikyta sterilizuot\u0173 ka\u010di\u0173 poreikiams.<\/span><\/li>\n<li style=\"font-weight: 400;\" aria-level=\"1\"><span style=\"font-weight: 400;\">Oda ir kailis: Spirulina ir vitaminai padeda palaikyti sveik\u0105 od\u0105 ir \u017evilgant\u012f kail\u012f.<\/span><\/li>\n<li style=\"font-weight: 400;\" aria-level=\"1\"><span style=\"font-weight: 400;\">Be da\u017eikli\u0173 ir konservant\u0173: Nat\u016bralus receptas u\u017etikrina ger\u0105 tolerancij\u0105 ir sveik\u0105 mityb\u0105.<\/span><\/li>\n<\/ul>\n<p><span style=\"font-weight: 400;\">Monge BWild konservai su tunu, krevet\u0117mis ir dar\u017eov\u0117mis yra idealus pasirinkimas sterilizuotoms kat\u0117ms, norint u\u017etikrinti subalansuot\u0105 ir sveik\u0105 mityb\u0105. Puikus skonis ir maistin\u0117s vert\u0117s pad\u0117s palaikyti j\u016bs\u0173 augintinio sveikat\u0105 ir energij\u0105 kasdien.<\/span><\/p>\n","protected":false},"excerpt":{"rendered":"<p><span style=\"font-weight: 400;\">\u0160is visavertis begr\u016bdis konservuotas pa\u0161aras yra sukurtas specialiai sterilizuotoms kat\u0117ms. Gabal\u0117liai pada\u017ee su tunu, krevet\u0117mis ir dar\u017eov\u0117mis u\u017etikrina neprilygstam\u0105 skon\u012f ir mitybos vert\u0119.<\/span><\/p>\n","protected":false},"featured_media":12233,"template":"","meta":[],"product_brand":[],"product_cat":[114,102,116,343],"product_tag":[],"class_list":{"0":"post-12232","1":"product","2":"type-product","3":"status-publish","4":"has-post-thumbnail","6":"product_cat-kaciu-maistas","7":"product_cat-katems","8":"product_cat-konservai-katems","9":"product_cat-monge-kaciu-maistas","10":"pa_prekinis-zenklas-monge","12":"first","13":"outofstock","14":"taxable","15":"shipping-taxable","16":"purchasable","17":"product-type-simple"},"yoast_head":"<!-- This site is optimized with the Yoast SEO Premium plugin v27.1 (Yoast SEO v27.5) - https:\/\/yoast.com\/product\/yoast-seo-premium-wordpress\/ -->\n<title>Monge BWild kons. pa\u0161aras sterilizuotoms kat\u0117ms su tunu, krevet\u0117mis ir dar\u017eov\u0117mis pada\u017ee 85g - anivet.lt<\/title>\n<meta name=\"description\" content=\"\u0160is visavertis begr\u016bdis konservuotas pa\u0161aras yra sukurtas specialiai sterilizuotoms kat\u0117ms. Gabal\u0117liai pada\u017ee su tunu, krevet\u0117mis ir dar\u017eov\u0117mis u\u017etikrina neprilygstam\u0105 skon\u012f ir mitybos vert\u0119.\" \/>\n<meta name=\"robots\" content=\"index, follow, max-snippet:-1, max-image-preview:large, max-video-preview:-1\" \/>\n<link rel=\"canonical\" href=\"https:\/\/anivet.lt\/elparduotuve\/produktas\/monge-bwild-kons-pasaras-sterilizuotoms-katems-su-tunu-krevetemis-ir-darzovemis-padaze-85g\/\" \/>\n<meta property=\"og:locale\" content=\"lt_LT\" \/>\n<meta property=\"og:type\" content=\"article\" \/>\n<meta property=\"og:title\" content=\"Monge BWild kons. pa\u0161aras sterilizuotoms kat\u0117ms su tunu, krevet\u0117mis ir dar\u017eov\u0117mis pada\u017ee 85g\" \/>\n<meta property=\"og:description\" content=\"\u0160is visavertis begr\u016bdis konservuotas pa\u0161aras yra sukurtas specialiai sterilizuotoms kat\u0117ms. Gabal\u0117liai pada\u017ee su tunu, krevet\u0117mis ir dar\u017eov\u0117mis u\u017etikrina neprilygstam\u0105 skon\u012f ir mitybos vert\u0119.\" \/>\n<meta property=\"og:url\" content=\"https:\/\/anivet.lt\/elparduotuve\/produktas\/monge-bwild-kons-pasaras-sterilizuotoms-katems-su-tunu-krevetemis-ir-darzovemis-padaze-85g\/\" \/>\n<meta property=\"og:site_name\" content=\"anivet.lt\" \/>\n<meta property=\"article:modified_time\" content=\"2026-04-20T11:31:50+00:00\" \/>\n<meta property=\"og:image\" content=\"https:\/\/anivet.lt\/elparduotuve\/wp-content\/uploads\/2023\/10\/monge-bwild-kons-pasaras-sterilizuotoms-katems-su-tunu-krevetemis-ir-darzovemis-padaze-85g.jpg\" \/>\n\t<meta property=\"og:image:width\" content=\"800\" \/>\n\t<meta property=\"og:image:height\" content=\"800\" \/>\n\t<meta property=\"og:image:type\" content=\"image\/jpeg\" \/>\n<meta name=\"twitter:card\" content=\"summary_large_image\" \/>\n<meta name=\"twitter:label1\" content=\"Est. reading time\" \/>\n\t<meta name=\"twitter:data1\" content=\"1 minut\u0117\" \/>\n<script type=\"application\/ld+json\" class=\"yoast-schema-graph\">{\"@context\":\"https:\\\/\\\/schema.org\",\"@graph\":[{\"@type\":\"WebPage\",\"@id\":\"https:\\\/\\\/anivet.lt\\\/elparduotuve\\\/produktas\\\/monge-bwild-kons-pasaras-sterilizuotoms-katems-su-tunu-krevetemis-ir-darzovemis-padaze-85g\\\/\",\"url\":\"https:\\\/\\\/anivet.lt\\\/elparduotuve\\\/produktas\\\/monge-bwild-kons-pasaras-sterilizuotoms-katems-su-tunu-krevetemis-ir-darzovemis-padaze-85g\\\/\",\"name\":\"Monge BWild kons. pa\u0161aras sterilizuotoms kat\u0117ms su tunu, krevet\u0117mis ir dar\u017eov\u0117mis pada\u017ee 85g - anivet.lt\",\"isPartOf\":{\"@id\":\"https:\\\/\\\/anivet.lt\\\/elparduotuve\\\/#website\"},\"primaryImageOfPage\":{\"@id\":\"https:\\\/\\\/anivet.lt\\\/elparduotuve\\\/produktas\\\/monge-bwild-kons-pasaras-sterilizuotoms-katems-su-tunu-krevetemis-ir-darzovemis-padaze-85g\\\/#primaryimage\"},\"image\":{\"@id\":\"https:\\\/\\\/anivet.lt\\\/elparduotuve\\\/produktas\\\/monge-bwild-kons-pasaras-sterilizuotoms-katems-su-tunu-krevetemis-ir-darzovemis-padaze-85g\\\/#primaryimage\"},\"thumbnailUrl\":\"https:\\\/\\\/anivet.lt\\\/elparduotuve\\\/wp-content\\\/uploads\\\/2023\\\/10\\\/monge-bwild-kons-pasaras-sterilizuotoms-katems-su-tunu-krevetemis-ir-darzovemis-padaze-85g.jpg\",\"datePublished\":\"2023-10-14T10:30:56+00:00\",\"dateModified\":\"2026-04-20T11:31:50+00:00\",\"description\":\"\u0160is visavertis begr\u016bdis konservuotas pa\u0161aras yra sukurtas specialiai sterilizuotoms kat\u0117ms. Gabal\u0117liai pada\u017ee su tunu, krevet\u0117mis ir dar\u017eov\u0117mis u\u017etikrina neprilygstam\u0105 skon\u012f ir mitybos vert\u0119.\",\"breadcrumb\":{\"@id\":\"https:\\\/\\\/anivet.lt\\\/elparduotuve\\\/produktas\\\/monge-bwild-kons-pasaras-sterilizuotoms-katems-su-tunu-krevetemis-ir-darzovemis-padaze-85g\\\/#breadcrumb\"},\"inLanguage\":\"lt-LT\",\"potentialAction\":[{\"@type\":\"ReadAction\",\"target\":[\"https:\\\/\\\/anivet.lt\\\/elparduotuve\\\/produktas\\\/monge-bwild-kons-pasaras-sterilizuotoms-katems-su-tunu-krevetemis-ir-darzovemis-padaze-85g\\\/\"]}]},{\"@type\":\"ImageObject\",\"inLanguage\":\"lt-LT\",\"@id\":\"https:\\\/\\\/anivet.lt\\\/elparduotuve\\\/produktas\\\/monge-bwild-kons-pasaras-sterilizuotoms-katems-su-tunu-krevetemis-ir-darzovemis-padaze-85g\\\/#primaryimage\",\"url\":\"https:\\\/\\\/anivet.lt\\\/elparduotuve\\\/wp-content\\\/uploads\\\/2023\\\/10\\\/monge-bwild-kons-pasaras-sterilizuotoms-katems-su-tunu-krevetemis-ir-darzovemis-padaze-85g.jpg\",\"contentUrl\":\"https:\\\/\\\/anivet.lt\\\/elparduotuve\\\/wp-content\\\/uploads\\\/2023\\\/10\\\/monge-bwild-kons-pasaras-sterilizuotoms-katems-su-tunu-krevetemis-ir-darzovemis-padaze-85g.jpg\",\"width\":800,\"height\":800,\"caption\":\"Monge BWild kons. pa\u0161aras sterilizuotoms kat\u0117ms su tunu, krevet\u0117mis ir dar\u017eov\u0117mis pada\u017ee 85g\"},{\"@type\":\"BreadcrumbList\",\"@id\":\"https:\\\/\\\/anivet.lt\\\/elparduotuve\\\/produktas\\\/monge-bwild-kons-pasaras-sterilizuotoms-katems-su-tunu-krevetemis-ir-darzovemis-padaze-85g\\\/#breadcrumb\",\"itemListElement\":[{\"@type\":\"ListItem\",\"position\":1,\"name\":\"Home\",\"item\":\"https:\\\/\\\/anivet.lt\\\/elparduotuve\\\/\"},{\"@type\":\"ListItem\",\"position\":2,\"name\":\"Produktai\",\"item\":\"https:\\\/\\\/anivet.lt\\\/elparduotuve\\\/produktai\\\/\"},{\"@type\":\"ListItem\",\"position\":3,\"name\":\"Monge BWild kons. pa\u0161aras sterilizuotoms kat\u0117ms su tunu, krevet\u0117mis ir dar\u017eov\u0117mis pada\u017ee 85g\"}]},{\"@type\":\"WebSite\",\"@id\":\"https:\\\/\\\/anivet.lt\\\/elparduotuve\\\/#website\",\"url\":\"https:\\\/\\\/anivet.lt\\\/elparduotuve\\\/\",\"name\":\"anivet.lt\",\"description\":\"Viskas J\u016bs\u0173 \u0161uns, kat\u0117s prie\u017ei\u016brai\",\"publisher\":{\"@id\":\"https:\\\/\\\/anivet.lt\\\/elparduotuve\\\/#organization\"},\"alternateName\":\"Viskas J\u016bs\u0173 \u0161uns, kat\u0117s prie\u017ei\u016brai\",\"potentialAction\":[{\"@type\":\"SearchAction\",\"target\":{\"@type\":\"EntryPoint\",\"urlTemplate\":\"https:\\\/\\\/anivet.lt\\\/elparduotuve\\\/?s={search_term_string}\"},\"query-input\":{\"@type\":\"PropertyValueSpecification\",\"valueRequired\":true,\"valueName\":\"search_term_string\"}}],\"inLanguage\":\"lt-LT\"},{\"@type\":\"Organization\",\"@id\":\"https:\\\/\\\/anivet.lt\\\/elparduotuve\\\/#organization\",\"name\":\"Viskas J\u016bs\u0173 \u0161uns, kat\u0117s prie\u017ei\u016brai\",\"url\":\"https:\\\/\\\/anivet.lt\\\/elparduotuve\\\/\",\"logo\":{\"@type\":\"ImageObject\",\"inLanguage\":\"lt-LT\",\"@id\":\"https:\\\/\\\/anivet.lt\\\/elparduotuve\\\/#\\\/schema\\\/logo\\\/image\\\/\",\"url\":\"https:\\\/\\\/anivet.lt\\\/elparduotuve\\\/wp-content\\\/uploads\\\/2023\\\/06\\\/logo2.jpg\",\"contentUrl\":\"https:\\\/\\\/anivet.lt\\\/elparduotuve\\\/wp-content\\\/uploads\\\/2023\\\/06\\\/logo2.jpg\",\"width\":655,\"height\":194,\"caption\":\"Viskas J\u016bs\u0173 \u0161uns, kat\u0117s prie\u017ei\u016brai\"},\"image\":{\"@id\":\"https:\\\/\\\/anivet.lt\\\/elparduotuve\\\/#\\\/schema\\\/logo\\\/image\\\/\"}}]}<\/script>\n<!-- \/ Yoast SEO Premium plugin. -->","yoast_head_json":{"title":"Monge BWild kons. pa\u0161aras sterilizuotoms kat\u0117ms su tunu, krevet\u0117mis ir dar\u017eov\u0117mis pada\u017ee 85g - anivet.lt","description":"\u0160is visavertis begr\u016bdis konservuotas pa\u0161aras yra sukurtas specialiai sterilizuotoms kat\u0117ms. Gabal\u0117liai pada\u017ee su tunu, krevet\u0117mis ir dar\u017eov\u0117mis u\u017etikrina neprilygstam\u0105 skon\u012f ir mitybos vert\u0119.","robots":{"index":"index","follow":"follow","max-snippet":"max-snippet:-1","max-image-preview":"max-image-preview:large","max-video-preview":"max-video-preview:-1"},"canonical":"https:\/\/anivet.lt\/elparduotuve\/produktas\/monge-bwild-kons-pasaras-sterilizuotoms-katems-su-tunu-krevetemis-ir-darzovemis-padaze-85g\/","og_locale":"lt_LT","og_type":"article","og_title":"Monge BWild kons. pa\u0161aras sterilizuotoms kat\u0117ms su tunu, krevet\u0117mis ir dar\u017eov\u0117mis pada\u017ee 85g","og_description":"\u0160is visavertis begr\u016bdis konservuotas pa\u0161aras yra sukurtas specialiai sterilizuotoms kat\u0117ms. Gabal\u0117liai pada\u017ee su tunu, krevet\u0117mis ir dar\u017eov\u0117mis u\u017etikrina neprilygstam\u0105 skon\u012f ir mitybos vert\u0119.","og_url":"https:\/\/anivet.lt\/elparduotuve\/produktas\/monge-bwild-kons-pasaras-sterilizuotoms-katems-su-tunu-krevetemis-ir-darzovemis-padaze-85g\/","og_site_name":"anivet.lt","article_modified_time":"2026-04-20T11:31:50+00:00","og_image":[{"width":800,"height":800,"url":"https:\/\/anivet.lt\/elparduotuve\/wp-content\/uploads\/2023\/10\/monge-bwild-kons-pasaras-sterilizuotoms-katems-su-tunu-krevetemis-ir-darzovemis-padaze-85g.jpg","type":"image\/jpeg"}],"twitter_card":"summary_large_image","twitter_misc":{"Est. reading time":"1 minut\u0117"},"schema":{"@context":"https:\/\/schema.org","@graph":[{"@type":"WebPage","@id":"https:\/\/anivet.lt\/elparduotuve\/produktas\/monge-bwild-kons-pasaras-sterilizuotoms-katems-su-tunu-krevetemis-ir-darzovemis-padaze-85g\/","url":"https:\/\/anivet.lt\/elparduotuve\/produktas\/monge-bwild-kons-pasaras-sterilizuotoms-katems-su-tunu-krevetemis-ir-darzovemis-padaze-85g\/","name":"Monge BWild kons. pa\u0161aras sterilizuotoms kat\u0117ms su tunu, krevet\u0117mis ir dar\u017eov\u0117mis pada\u017ee 85g - anivet.lt","isPartOf":{"@id":"https:\/\/anivet.lt\/elparduotuve\/#website"},"primaryImageOfPage":{"@id":"https:\/\/anivet.lt\/elparduotuve\/produktas\/monge-bwild-kons-pasaras-sterilizuotoms-katems-su-tunu-krevetemis-ir-darzovemis-padaze-85g\/#primaryimage"},"image":{"@id":"https:\/\/anivet.lt\/elparduotuve\/produktas\/monge-bwild-kons-pasaras-sterilizuotoms-katems-su-tunu-krevetemis-ir-darzovemis-padaze-85g\/#primaryimage"},"thumbnailUrl":"https:\/\/anivet.lt\/elparduotuve\/wp-content\/uploads\/2023\/10\/monge-bwild-kons-pasaras-sterilizuotoms-katems-su-tunu-krevetemis-ir-darzovemis-padaze-85g.jpg","datePublished":"2023-10-14T10:30:56+00:00","dateModified":"2026-04-20T11:31:50+00:00","description":"\u0160is visavertis begr\u016bdis konservuotas pa\u0161aras yra sukurtas specialiai sterilizuotoms kat\u0117ms. Gabal\u0117liai pada\u017ee su tunu, krevet\u0117mis ir dar\u017eov\u0117mis u\u017etikrina neprilygstam\u0105 skon\u012f ir mitybos vert\u0119.","breadcrumb":{"@id":"https:\/\/anivet.lt\/elparduotuve\/produktas\/monge-bwild-kons-pasaras-sterilizuotoms-katems-su-tunu-krevetemis-ir-darzovemis-padaze-85g\/#breadcrumb"},"inLanguage":"lt-LT","potentialAction":[{"@type":"ReadAction","target":["https:\/\/anivet.lt\/elparduotuve\/produktas\/monge-bwild-kons-pasaras-sterilizuotoms-katems-su-tunu-krevetemis-ir-darzovemis-padaze-85g\/"]}]},{"@type":"ImageObject","inLanguage":"lt-LT","@id":"https:\/\/anivet.lt\/elparduotuve\/produktas\/monge-bwild-kons-pasaras-sterilizuotoms-katems-su-tunu-krevetemis-ir-darzovemis-padaze-85g\/#primaryimage","url":"https:\/\/anivet.lt\/elparduotuve\/wp-content\/uploads\/2023\/10\/monge-bwild-kons-pasaras-sterilizuotoms-katems-su-tunu-krevetemis-ir-darzovemis-padaze-85g.jpg","contentUrl":"https:\/\/anivet.lt\/elparduotuve\/wp-content\/uploads\/2023\/10\/monge-bwild-kons-pasaras-sterilizuotoms-katems-su-tunu-krevetemis-ir-darzovemis-padaze-85g.jpg","width":800,"height":800,"caption":"Monge BWild kons. pa\u0161aras sterilizuotoms kat\u0117ms su tunu, krevet\u0117mis ir dar\u017eov\u0117mis pada\u017ee 85g"},{"@type":"BreadcrumbList","@id":"https:\/\/anivet.lt\/elparduotuve\/produktas\/monge-bwild-kons-pasaras-sterilizuotoms-katems-su-tunu-krevetemis-ir-darzovemis-padaze-85g\/#breadcrumb","itemListElement":[{"@type":"ListItem","position":1,"name":"Home","item":"https:\/\/anivet.lt\/elparduotuve\/"},{"@type":"ListItem","position":2,"name":"Produktai","item":"https:\/\/anivet.lt\/elparduotuve\/produktai\/"},{"@type":"ListItem","position":3,"name":"Monge BWild kons. pa\u0161aras sterilizuotoms kat\u0117ms su tunu, krevet\u0117mis ir dar\u017eov\u0117mis pada\u017ee 85g"}]},{"@type":"WebSite","@id":"https:\/\/anivet.lt\/elparduotuve\/#website","url":"https:\/\/anivet.lt\/elparduotuve\/","name":"anivet.lt","description":"Viskas J\u016bs\u0173 \u0161uns, kat\u0117s prie\u017ei\u016brai","publisher":{"@id":"https:\/\/anivet.lt\/elparduotuve\/#organization"},"alternateName":"Viskas J\u016bs\u0173 \u0161uns, kat\u0117s prie\u017ei\u016brai","potentialAction":[{"@type":"SearchAction","target":{"@type":"EntryPoint","urlTemplate":"https:\/\/anivet.lt\/elparduotuve\/?s={search_term_string}"},"query-input":{"@type":"PropertyValueSpecification","valueRequired":true,"valueName":"search_term_string"}}],"inLanguage":"lt-LT"},{"@type":"Organization","@id":"https:\/\/anivet.lt\/elparduotuve\/#organization","name":"Viskas J\u016bs\u0173 \u0161uns, kat\u0117s prie\u017ei\u016brai","url":"https:\/\/anivet.lt\/elparduotuve\/","logo":{"@type":"ImageObject","inLanguage":"lt-LT","@id":"https:\/\/anivet.lt\/elparduotuve\/#\/schema\/logo\/image\/","url":"https:\/\/anivet.lt\/elparduotuve\/wp-content\/uploads\/2023\/06\/logo2.jpg","contentUrl":"https:\/\/anivet.lt\/elparduotuve\/wp-content\/uploads\/2023\/06\/logo2.jpg","width":655,"height":194,"caption":"Viskas J\u016bs\u0173 \u0161uns, kat\u0117s prie\u017ei\u016brai"},"image":{"@id":"https:\/\/anivet.lt\/elparduotuve\/#\/schema\/logo\/image\/"}}]}},"_links":{"self":[{"href":"https:\/\/anivet.lt\/elparduotuve\/wp-json\/wp\/v2\/product\/12232","targetHints":{"allow":["GET"]}}],"collection":[{"href":"https:\/\/anivet.lt\/elparduotuve\/wp-json\/wp\/v2\/product"}],"about":[{"href":"https:\/\/anivet.lt\/elparduotuve\/wp-json\/wp\/v2\/types\/product"}],"wp:featuredmedia":[{"embeddable":true,"href":"https:\/\/anivet.lt\/elparduotuve\/wp-json\/wp\/v2\/media\/12233"}],"wp:attachment":[{"href":"https:\/\/anivet.lt\/elparduotuve\/wp-json\/wp\/v2\/media?parent=12232"}],"wp:term":[{"taxonomy":"product_brand","embeddable":true,"href":"https:\/\/anivet.lt\/elparduotuve\/wp-json\/wp\/v2\/product_brand?post=12232"},{"taxonomy":"product_cat","embeddable":true,"href":"https:\/\/anivet.lt\/elparduotuve\/wp-json\/wp\/v2\/product_cat?post=12232"},{"taxonomy":"product_tag","embeddable":true,"href":"https:\/\/anivet.lt\/elparduotuve\/wp-json\/wp\/v2\/product_tag?post=12232"}],"curies":[{"name":"wp","href":"https:\/\/api.w.org\/{rel}","templated":true}]}}