{"id":12251,"date":"2023-10-16T10:45:19","date_gmt":"2023-10-16T10:45:19","guid":{"rendered":"https:\/\/anivet.lt\/elparduotuve\/?post_type=product&#038;p=12251"},"modified":"2026-04-29T07:28:08","modified_gmt":"2026-04-29T07:28:08","slug":"trixie-premio-goose-liver-cubes-skanestai-sunims-su-zasiena-100g","status":"publish","type":"product","link":"https:\/\/anivet.lt\/elparduotuve\/produktas\/trixie-premio-goose-liver-cubes-skanestai-sunims-su-zasiena-100g\/","title":{"rendered":"Trixie Premio Goose Liver Cubes skan\u0117stai \u0161unims su \u017e\u0105siena 100g"},"content":{"rendered":"<ul>\n<li style=\"font-weight: 400;\" aria-level=\"1\"><span style=\"font-weight: 400;\">Auk\u0161tas m\u0117sos kiekis: Sud\u0117tyje yra net 83% \u017e\u0105sies kepen\u0173 ir \u017e\u0105sienos.<\/span><\/li>\n<li style=\"font-weight: 400;\" aria-level=\"1\"><span style=\"font-weight: 400;\">Lengvai vir\u0161kinami: Kukur\u016bz\u0173 krakmolas ir augalini\u0173 baltym\u0173 ekstraktai gerina vir\u0161kinim\u0105 ir ma\u017eina skrand\u017eio apkrov\u0105.<\/span><\/li>\n<li style=\"font-weight: 400;\" aria-level=\"1\"><span style=\"font-weight: 400;\">Nat\u016bral\u016bs ingredientai: Papildyti nat\u016braliu glicerinu ir raudon\u0173j\u0173 mieli\u0173 ry\u017ei\u0173 miltais.<\/span><\/li>\n<li style=\"font-weight: 400;\" aria-level=\"1\"><span style=\"font-weight: 400;\">Ma\u017eas riebal\u0173 kiekis: Tinka \u0161unims, kuri\u0173 reikia palaikyti sveik\u0105 svor\u012f.<\/span><\/li>\n<li style=\"font-weight: 400;\" aria-level=\"1\"><span style=\"font-weight: 400;\">Universalus naudojimas: Puikus skan\u0117stas vis\u0173 veisli\u0173 \u0161unims kaip kasdienis atlygis ar dres\u016bros dalis.<\/span><\/li>\n<\/ul>\n<p><span style=\"font-weight: 400;\">\u0160ie skan\u0117stai yra auk\u0161tos kokyb\u0117s pasirinkimas, u\u017etikrinantis sveik\u0105 ir gard\u0173 papild\u0105 j\u016bs\u0173 \u0161uns racionui. Didelis \u017e\u0105sies kepen\u0173 kiekis suteikia unikal\u0173 skon\u012f, o nat\u016brali sud\u0117tis padeda palaikyti j\u016bs\u0173 augintinio gerov\u0119. <\/span><\/p>\n","protected":false},"excerpt":{"rendered":"<p><span style=\"font-weight: 400;\">Skan\u0117stai, pagaminti i\u0161 auk\u0161tos kokyb\u0117s \u017e\u0105sies kepen\u0173 ir \u017e\u0105sienos. Jie idealiai tinka vis\u0173 veisli\u0173 suaugusiems \u0161unims kaip papildomas pa\u0161aras, skirtas apdovanoti ar palepinti.<\/span><\/p>\n","protected":false},"featured_media":12252,"template":"","meta":[],"product_brand":[],"product_cat":[101,103,106],"product_tag":[],"class_list":{"0":"post-12251","1":"product","2":"type-product","3":"status-publish","4":"has-post-thumbnail","6":"product_cat-sunims","7":"product_cat-sunu-maistas","8":"product_cat-skanestai","9":"pa_prekinis-zenklas-trixie","11":"first","12":"outofstock","13":"taxable","14":"shipping-taxable","15":"purchasable","16":"product-type-simple"},"yoast_head":"<!-- This site is optimized with the Yoast SEO Premium plugin v27.1 (Yoast SEO v27.5) - https:\/\/yoast.com\/product\/yoast-seo-premium-wordpress\/ -->\n<title>Trixie Premio Goose Liver Cubes skan\u0117stai \u0161unims su \u017e\u0105siena 100g - anivet.lt<\/title>\n<meta name=\"description\" content=\"Skan\u0117stai, pagaminti i\u0161 auk\u0161tos kokyb\u0117s \u017e\u0105sies kepen\u0173 ir \u017e\u0105sienos. Jie idealiai tinka vis\u0173 veisli\u0173 suaugusiems \u0161unims kaip papildomas pa\u0161aras, skirtas apdovanoti ar palepinti.\" \/>\n<meta name=\"robots\" content=\"index, follow, max-snippet:-1, max-image-preview:large, max-video-preview:-1\" \/>\n<link rel=\"canonical\" href=\"https:\/\/anivet.lt\/elparduotuve\/produktas\/trixie-premio-goose-liver-cubes-skanestai-sunims-su-zasiena-100g\/\" \/>\n<meta property=\"og:locale\" content=\"lt_LT\" \/>\n<meta property=\"og:type\" content=\"article\" \/>\n<meta property=\"og:title\" content=\"Trixie Premio Goose Liver Cubes skan\u0117stai \u0161unims su \u017e\u0105siena 100g\" \/>\n<meta property=\"og:description\" content=\"Skan\u0117stai, pagaminti i\u0161 auk\u0161tos kokyb\u0117s \u017e\u0105sies kepen\u0173 ir \u017e\u0105sienos. Jie idealiai tinka vis\u0173 veisli\u0173 suaugusiems \u0161unims kaip papildomas pa\u0161aras, skirtas apdovanoti ar palepinti.\" \/>\n<meta property=\"og:url\" content=\"https:\/\/anivet.lt\/elparduotuve\/produktas\/trixie-premio-goose-liver-cubes-skanestai-sunims-su-zasiena-100g\/\" \/>\n<meta property=\"og:site_name\" content=\"anivet.lt\" \/>\n<meta property=\"article:modified_time\" content=\"2026-04-29T07:28:08+00:00\" \/>\n<meta property=\"og:image\" content=\"https:\/\/anivet.lt\/elparduotuve\/wp-content\/uploads\/2023\/10\/trixie-premio-skanestai-sunims-zasies-kepenu-kubeliai-100-g.jpg\" \/>\n\t<meta property=\"og:image:width\" content=\"800\" \/>\n\t<meta property=\"og:image:height\" content=\"800\" \/>\n\t<meta property=\"og:image:type\" content=\"image\/jpeg\" \/>\n<meta name=\"twitter:card\" content=\"summary_large_image\" \/>\n<meta name=\"twitter:label1\" content=\"Est. reading time\" \/>\n\t<meta name=\"twitter:data1\" content=\"1 minut\u0117\" \/>\n<script type=\"application\/ld+json\" class=\"yoast-schema-graph\">{\"@context\":\"https:\\\/\\\/schema.org\",\"@graph\":[{\"@type\":\"WebPage\",\"@id\":\"https:\\\/\\\/anivet.lt\\\/elparduotuve\\\/produktas\\\/trixie-premio-goose-liver-cubes-skanestai-sunims-su-zasiena-100g\\\/\",\"url\":\"https:\\\/\\\/anivet.lt\\\/elparduotuve\\\/produktas\\\/trixie-premio-goose-liver-cubes-skanestai-sunims-su-zasiena-100g\\\/\",\"name\":\"Trixie Premio Goose Liver Cubes skan\u0117stai \u0161unims su \u017e\u0105siena 100g - anivet.lt\",\"isPartOf\":{\"@id\":\"https:\\\/\\\/anivet.lt\\\/elparduotuve\\\/#website\"},\"primaryImageOfPage\":{\"@id\":\"https:\\\/\\\/anivet.lt\\\/elparduotuve\\\/produktas\\\/trixie-premio-goose-liver-cubes-skanestai-sunims-su-zasiena-100g\\\/#primaryimage\"},\"image\":{\"@id\":\"https:\\\/\\\/anivet.lt\\\/elparduotuve\\\/produktas\\\/trixie-premio-goose-liver-cubes-skanestai-sunims-su-zasiena-100g\\\/#primaryimage\"},\"thumbnailUrl\":\"https:\\\/\\\/anivet.lt\\\/elparduotuve\\\/wp-content\\\/uploads\\\/2023\\\/10\\\/trixie-premio-skanestai-sunims-zasies-kepenu-kubeliai-100-g.jpg\",\"datePublished\":\"2023-10-16T10:45:19+00:00\",\"dateModified\":\"2026-04-29T07:28:08+00:00\",\"description\":\"Skan\u0117stai, pagaminti i\u0161 auk\u0161tos kokyb\u0117s \u017e\u0105sies kepen\u0173 ir \u017e\u0105sienos. Jie idealiai tinka vis\u0173 veisli\u0173 suaugusiems \u0161unims kaip papildomas pa\u0161aras, skirtas apdovanoti ar palepinti.\",\"breadcrumb\":{\"@id\":\"https:\\\/\\\/anivet.lt\\\/elparduotuve\\\/produktas\\\/trixie-premio-goose-liver-cubes-skanestai-sunims-su-zasiena-100g\\\/#breadcrumb\"},\"inLanguage\":\"lt-LT\",\"potentialAction\":[{\"@type\":\"ReadAction\",\"target\":[\"https:\\\/\\\/anivet.lt\\\/elparduotuve\\\/produktas\\\/trixie-premio-goose-liver-cubes-skanestai-sunims-su-zasiena-100g\\\/\"]}]},{\"@type\":\"ImageObject\",\"inLanguage\":\"lt-LT\",\"@id\":\"https:\\\/\\\/anivet.lt\\\/elparduotuve\\\/produktas\\\/trixie-premio-goose-liver-cubes-skanestai-sunims-su-zasiena-100g\\\/#primaryimage\",\"url\":\"https:\\\/\\\/anivet.lt\\\/elparduotuve\\\/wp-content\\\/uploads\\\/2023\\\/10\\\/trixie-premio-skanestai-sunims-zasies-kepenu-kubeliai-100-g.jpg\",\"contentUrl\":\"https:\\\/\\\/anivet.lt\\\/elparduotuve\\\/wp-content\\\/uploads\\\/2023\\\/10\\\/trixie-premio-skanestai-sunims-zasies-kepenu-kubeliai-100-g.jpg\",\"width\":800,\"height\":800,\"caption\":\"Trixie Premio Goose Liver Cubes skan\u0117stai \u0161unims su \u017e\u0105siena 100g\"},{\"@type\":\"BreadcrumbList\",\"@id\":\"https:\\\/\\\/anivet.lt\\\/elparduotuve\\\/produktas\\\/trixie-premio-goose-liver-cubes-skanestai-sunims-su-zasiena-100g\\\/#breadcrumb\",\"itemListElement\":[{\"@type\":\"ListItem\",\"position\":1,\"name\":\"Home\",\"item\":\"https:\\\/\\\/anivet.lt\\\/elparduotuve\\\/\"},{\"@type\":\"ListItem\",\"position\":2,\"name\":\"Produktai\",\"item\":\"https:\\\/\\\/anivet.lt\\\/elparduotuve\\\/produktai\\\/\"},{\"@type\":\"ListItem\",\"position\":3,\"name\":\"Trixie Premio Goose Liver Cubes skan\u0117stai \u0161unims su \u017e\u0105siena 100g\"}]},{\"@type\":\"WebSite\",\"@id\":\"https:\\\/\\\/anivet.lt\\\/elparduotuve\\\/#website\",\"url\":\"https:\\\/\\\/anivet.lt\\\/elparduotuve\\\/\",\"name\":\"anivet.lt\",\"description\":\"Viskas J\u016bs\u0173 \u0161uns, kat\u0117s prie\u017ei\u016brai\",\"publisher\":{\"@id\":\"https:\\\/\\\/anivet.lt\\\/elparduotuve\\\/#organization\"},\"alternateName\":\"Viskas J\u016bs\u0173 \u0161uns, kat\u0117s prie\u017ei\u016brai\",\"potentialAction\":[{\"@type\":\"SearchAction\",\"target\":{\"@type\":\"EntryPoint\",\"urlTemplate\":\"https:\\\/\\\/anivet.lt\\\/elparduotuve\\\/?s={search_term_string}\"},\"query-input\":{\"@type\":\"PropertyValueSpecification\",\"valueRequired\":true,\"valueName\":\"search_term_string\"}}],\"inLanguage\":\"lt-LT\"},{\"@type\":\"Organization\",\"@id\":\"https:\\\/\\\/anivet.lt\\\/elparduotuve\\\/#organization\",\"name\":\"Viskas J\u016bs\u0173 \u0161uns, kat\u0117s prie\u017ei\u016brai\",\"url\":\"https:\\\/\\\/anivet.lt\\\/elparduotuve\\\/\",\"logo\":{\"@type\":\"ImageObject\",\"inLanguage\":\"lt-LT\",\"@id\":\"https:\\\/\\\/anivet.lt\\\/elparduotuve\\\/#\\\/schema\\\/logo\\\/image\\\/\",\"url\":\"https:\\\/\\\/anivet.lt\\\/elparduotuve\\\/wp-content\\\/uploads\\\/2023\\\/06\\\/logo2.jpg\",\"contentUrl\":\"https:\\\/\\\/anivet.lt\\\/elparduotuve\\\/wp-content\\\/uploads\\\/2023\\\/06\\\/logo2.jpg\",\"width\":655,\"height\":194,\"caption\":\"Viskas J\u016bs\u0173 \u0161uns, kat\u0117s prie\u017ei\u016brai\"},\"image\":{\"@id\":\"https:\\\/\\\/anivet.lt\\\/elparduotuve\\\/#\\\/schema\\\/logo\\\/image\\\/\"}}]}<\/script>\n<!-- \/ Yoast SEO Premium plugin. -->","yoast_head_json":{"title":"Trixie Premio Goose Liver Cubes skan\u0117stai \u0161unims su \u017e\u0105siena 100g - anivet.lt","description":"Skan\u0117stai, pagaminti i\u0161 auk\u0161tos kokyb\u0117s \u017e\u0105sies kepen\u0173 ir \u017e\u0105sienos. Jie idealiai tinka vis\u0173 veisli\u0173 suaugusiems \u0161unims kaip papildomas pa\u0161aras, skirtas apdovanoti ar palepinti.","robots":{"index":"index","follow":"follow","max-snippet":"max-snippet:-1","max-image-preview":"max-image-preview:large","max-video-preview":"max-video-preview:-1"},"canonical":"https:\/\/anivet.lt\/elparduotuve\/produktas\/trixie-premio-goose-liver-cubes-skanestai-sunims-su-zasiena-100g\/","og_locale":"lt_LT","og_type":"article","og_title":"Trixie Premio Goose Liver Cubes skan\u0117stai \u0161unims su \u017e\u0105siena 100g","og_description":"Skan\u0117stai, pagaminti i\u0161 auk\u0161tos kokyb\u0117s \u017e\u0105sies kepen\u0173 ir \u017e\u0105sienos. Jie idealiai tinka vis\u0173 veisli\u0173 suaugusiems \u0161unims kaip papildomas pa\u0161aras, skirtas apdovanoti ar palepinti.","og_url":"https:\/\/anivet.lt\/elparduotuve\/produktas\/trixie-premio-goose-liver-cubes-skanestai-sunims-su-zasiena-100g\/","og_site_name":"anivet.lt","article_modified_time":"2026-04-29T07:28:08+00:00","og_image":[{"width":800,"height":800,"url":"https:\/\/anivet.lt\/elparduotuve\/wp-content\/uploads\/2023\/10\/trixie-premio-skanestai-sunims-zasies-kepenu-kubeliai-100-g.jpg","type":"image\/jpeg"}],"twitter_card":"summary_large_image","twitter_misc":{"Est. reading time":"1 minut\u0117"},"schema":{"@context":"https:\/\/schema.org","@graph":[{"@type":"WebPage","@id":"https:\/\/anivet.lt\/elparduotuve\/produktas\/trixie-premio-goose-liver-cubes-skanestai-sunims-su-zasiena-100g\/","url":"https:\/\/anivet.lt\/elparduotuve\/produktas\/trixie-premio-goose-liver-cubes-skanestai-sunims-su-zasiena-100g\/","name":"Trixie Premio Goose Liver Cubes skan\u0117stai \u0161unims su \u017e\u0105siena 100g - anivet.lt","isPartOf":{"@id":"https:\/\/anivet.lt\/elparduotuve\/#website"},"primaryImageOfPage":{"@id":"https:\/\/anivet.lt\/elparduotuve\/produktas\/trixie-premio-goose-liver-cubes-skanestai-sunims-su-zasiena-100g\/#primaryimage"},"image":{"@id":"https:\/\/anivet.lt\/elparduotuve\/produktas\/trixie-premio-goose-liver-cubes-skanestai-sunims-su-zasiena-100g\/#primaryimage"},"thumbnailUrl":"https:\/\/anivet.lt\/elparduotuve\/wp-content\/uploads\/2023\/10\/trixie-premio-skanestai-sunims-zasies-kepenu-kubeliai-100-g.jpg","datePublished":"2023-10-16T10:45:19+00:00","dateModified":"2026-04-29T07:28:08+00:00","description":"Skan\u0117stai, pagaminti i\u0161 auk\u0161tos kokyb\u0117s \u017e\u0105sies kepen\u0173 ir \u017e\u0105sienos. Jie idealiai tinka vis\u0173 veisli\u0173 suaugusiems \u0161unims kaip papildomas pa\u0161aras, skirtas apdovanoti ar palepinti.","breadcrumb":{"@id":"https:\/\/anivet.lt\/elparduotuve\/produktas\/trixie-premio-goose-liver-cubes-skanestai-sunims-su-zasiena-100g\/#breadcrumb"},"inLanguage":"lt-LT","potentialAction":[{"@type":"ReadAction","target":["https:\/\/anivet.lt\/elparduotuve\/produktas\/trixie-premio-goose-liver-cubes-skanestai-sunims-su-zasiena-100g\/"]}]},{"@type":"ImageObject","inLanguage":"lt-LT","@id":"https:\/\/anivet.lt\/elparduotuve\/produktas\/trixie-premio-goose-liver-cubes-skanestai-sunims-su-zasiena-100g\/#primaryimage","url":"https:\/\/anivet.lt\/elparduotuve\/wp-content\/uploads\/2023\/10\/trixie-premio-skanestai-sunims-zasies-kepenu-kubeliai-100-g.jpg","contentUrl":"https:\/\/anivet.lt\/elparduotuve\/wp-content\/uploads\/2023\/10\/trixie-premio-skanestai-sunims-zasies-kepenu-kubeliai-100-g.jpg","width":800,"height":800,"caption":"Trixie Premio Goose Liver Cubes skan\u0117stai \u0161unims su \u017e\u0105siena 100g"},{"@type":"BreadcrumbList","@id":"https:\/\/anivet.lt\/elparduotuve\/produktas\/trixie-premio-goose-liver-cubes-skanestai-sunims-su-zasiena-100g\/#breadcrumb","itemListElement":[{"@type":"ListItem","position":1,"name":"Home","item":"https:\/\/anivet.lt\/elparduotuve\/"},{"@type":"ListItem","position":2,"name":"Produktai","item":"https:\/\/anivet.lt\/elparduotuve\/produktai\/"},{"@type":"ListItem","position":3,"name":"Trixie Premio Goose Liver Cubes skan\u0117stai \u0161unims su \u017e\u0105siena 100g"}]},{"@type":"WebSite","@id":"https:\/\/anivet.lt\/elparduotuve\/#website","url":"https:\/\/anivet.lt\/elparduotuve\/","name":"anivet.lt","description":"Viskas J\u016bs\u0173 \u0161uns, kat\u0117s prie\u017ei\u016brai","publisher":{"@id":"https:\/\/anivet.lt\/elparduotuve\/#organization"},"alternateName":"Viskas J\u016bs\u0173 \u0161uns, kat\u0117s prie\u017ei\u016brai","potentialAction":[{"@type":"SearchAction","target":{"@type":"EntryPoint","urlTemplate":"https:\/\/anivet.lt\/elparduotuve\/?s={search_term_string}"},"query-input":{"@type":"PropertyValueSpecification","valueRequired":true,"valueName":"search_term_string"}}],"inLanguage":"lt-LT"},{"@type":"Organization","@id":"https:\/\/anivet.lt\/elparduotuve\/#organization","name":"Viskas J\u016bs\u0173 \u0161uns, kat\u0117s prie\u017ei\u016brai","url":"https:\/\/anivet.lt\/elparduotuve\/","logo":{"@type":"ImageObject","inLanguage":"lt-LT","@id":"https:\/\/anivet.lt\/elparduotuve\/#\/schema\/logo\/image\/","url":"https:\/\/anivet.lt\/elparduotuve\/wp-content\/uploads\/2023\/06\/logo2.jpg","contentUrl":"https:\/\/anivet.lt\/elparduotuve\/wp-content\/uploads\/2023\/06\/logo2.jpg","width":655,"height":194,"caption":"Viskas J\u016bs\u0173 \u0161uns, kat\u0117s prie\u017ei\u016brai"},"image":{"@id":"https:\/\/anivet.lt\/elparduotuve\/#\/schema\/logo\/image\/"}}]}},"_links":{"self":[{"href":"https:\/\/anivet.lt\/elparduotuve\/wp-json\/wp\/v2\/product\/12251","targetHints":{"allow":["GET"]}}],"collection":[{"href":"https:\/\/anivet.lt\/elparduotuve\/wp-json\/wp\/v2\/product"}],"about":[{"href":"https:\/\/anivet.lt\/elparduotuve\/wp-json\/wp\/v2\/types\/product"}],"wp:featuredmedia":[{"embeddable":true,"href":"https:\/\/anivet.lt\/elparduotuve\/wp-json\/wp\/v2\/media\/12252"}],"wp:attachment":[{"href":"https:\/\/anivet.lt\/elparduotuve\/wp-json\/wp\/v2\/media?parent=12251"}],"wp:term":[{"taxonomy":"product_brand","embeddable":true,"href":"https:\/\/anivet.lt\/elparduotuve\/wp-json\/wp\/v2\/product_brand?post=12251"},{"taxonomy":"product_cat","embeddable":true,"href":"https:\/\/anivet.lt\/elparduotuve\/wp-json\/wp\/v2\/product_cat?post=12251"},{"taxonomy":"product_tag","embeddable":true,"href":"https:\/\/anivet.lt\/elparduotuve\/wp-json\/wp\/v2\/product_tag?post=12251"}],"curies":[{"name":"wp","href":"https:\/\/api.w.org\/{rel}","templated":true}]}}