{"id":12305,"date":"2023-11-03T11:54:13","date_gmt":"2023-11-03T11:54:13","guid":{"rendered":"https:\/\/anivet.lt\/elparduotuve\/?post_type=product&#038;p=12305"},"modified":"2025-10-11T12:37:45","modified_gmt":"2025-10-11T12:37:45","slug":"gimcat-gras-bits-skanestai-katems-su-zole-50g","status":"publish","type":"product","link":"https:\/\/anivet.lt\/elparduotuve\/produktas\/gimcat-gras-bits-skanestai-katems-su-zole-50g\/","title":{"rendered":"GimCat Gras Bits skan\u0117stai kat\u0117ms su \u017eole 50g"},"content":{"rendered":"<ul>\n<li style=\"font-weight: 400;\" aria-level=\"1\"><span style=\"font-weight: 400;\">Skanus ir nat\u016bralus: U\u017ekandis su \u017eol\u0117s milteliais (12%), kurie suteikia malon\u0173 skon\u012f.<\/span><\/li>\n<li style=\"font-weight: 400;\" aria-level=\"1\"><span style=\"font-weight: 400;\">Naudingi ingredientai: Sud\u0117tyje yra pieno produkt\u0173 ir mieli\u0173, praturtinan\u010di\u0173 kat\u0117s mityb\u0105.<\/span><\/li>\n<li style=\"font-weight: 400;\" aria-level=\"1\"><span style=\"font-weight: 400;\">Be prid\u0117tinio cukraus: Tinka subalansuotai mitybai.<\/span><\/li>\n<li style=\"font-weight: 400;\" aria-level=\"1\"><span style=\"font-weight: 400;\">Vitaminas D3: Padeda palaikyti sveikus kaulus ir dantis.<\/span><\/li>\n<\/ul>\n<p><span style=\"font-weight: 400;\">\u201eGimCat Gras Bits\u201c skan\u0117stai ne tik d\u017eiugins j\u016bs\u0173 kat\u0119 skaniu u\u017ekand\u017eiu, bet ir suteiks jai nauding\u0173 maistini\u0173 med\u017eiag\u0173. Tai idealus pasirinkimas siekiant palepinti augintin\u012f ir prisid\u0117ti prie jo gerov\u0117s.<\/span><\/p>\n","protected":false},"excerpt":{"rendered":"<p><span style=\"font-weight: 400;\">Skan\u0117stai kat\u0117ms su skania \u017eole, kurie ne tik maloniai nustebins j\u016bs\u0173 augintinio skonio receptorius, bet ir yra gaminami i\u0161 auk\u0161\u010diausios kokyb\u0117s ingredient\u0173. Be prid\u0117tinio cukraus ir praturtinti naudingomis med\u017eiagomis, \u0161ie u\u017ekand\u017eiai puikiai tinka kasdieniam pasilepinimui.<\/span><\/p>\n","protected":false},"featured_media":12306,"template":"","meta":[],"product_brand":[],"product_cat":[114,102,117],"product_tag":[],"class_list":{"0":"post-12305","1":"product","2":"type-product","3":"status-publish","4":"has-post-thumbnail","6":"product_cat-kaciu-maistas","7":"product_cat-katems","8":"product_cat-skanestai-katems","9":"pa_prekinis-zenklas-gimcat","11":"first","12":"instock","13":"taxable","14":"shipping-taxable","15":"purchasable","16":"product-type-simple"},"yoast_head":"<!-- This site is optimized with the Yoast SEO Premium plugin v27.1 (Yoast SEO v27.5) - https:\/\/yoast.com\/product\/yoast-seo-premium-wordpress\/ -->\n<title>GimCat Gras Bits skan\u0117stai kat\u0117ms su \u017eole 50g - anivet.lt<\/title>\n<meta name=\"description\" content=\"Skan\u0117stai kat\u0117ms su skania \u017eole, kurie ne tik maloniai nustebins j\u016bs\u0173 augintinio skonio receptorius, bet ir yra gaminami i\u0161 auk\u0161\u010diausios kokyb\u0117s ingredient\u0173. Be prid\u0117tinio cukraus ir praturtinti naudingomis med\u017eiagomis, \u0161ie u\u017ekand\u017eiai puikiai tinka kasdieniam pasilepinimui.\" \/>\n<meta name=\"robots\" content=\"index, follow, max-snippet:-1, max-image-preview:large, max-video-preview:-1\" \/>\n<link rel=\"canonical\" href=\"https:\/\/anivet.lt\/elparduotuve\/produktas\/gimcat-gras-bits-skanestai-katems-su-zole-50g\/\" \/>\n<meta property=\"og:locale\" content=\"lt_LT\" \/>\n<meta property=\"og:type\" content=\"article\" \/>\n<meta property=\"og:title\" content=\"GimCat Gras Bits skan\u0117stai kat\u0117ms su \u017eole 50g\" \/>\n<meta property=\"og:description\" content=\"Skan\u0117stai kat\u0117ms su skania \u017eole, kurie ne tik maloniai nustebins j\u016bs\u0173 augintinio skonio receptorius, bet ir yra gaminami i\u0161 auk\u0161\u010diausios kokyb\u0117s ingredient\u0173. Be prid\u0117tinio cukraus ir praturtinti naudingomis med\u017eiagomis, \u0161ie u\u017ekand\u017eiai puikiai tinka kasdieniam pasilepinimui.\" \/>\n<meta property=\"og:url\" content=\"https:\/\/anivet.lt\/elparduotuve\/produktas\/gimcat-gras-bits-skanestai-katems-su-zole-50g\/\" \/>\n<meta property=\"og:site_name\" content=\"anivet.lt\" \/>\n<meta property=\"article:modified_time\" content=\"2025-10-11T12:37:45+00:00\" \/>\n<meta property=\"og:image\" content=\"https:\/\/anivet.lt\/elparduotuve\/wp-content\/uploads\/2023\/11\/gimcat-grasbits-skanestai-katems-su-zole-50g.png\" \/>\n\t<meta property=\"og:image:width\" content=\"800\" \/>\n\t<meta property=\"og:image:height\" content=\"800\" \/>\n\t<meta property=\"og:image:type\" content=\"image\/png\" \/>\n<meta name=\"twitter:card\" content=\"summary_large_image\" \/>\n<meta name=\"twitter:label1\" content=\"Est. reading time\" \/>\n\t<meta name=\"twitter:data1\" content=\"1 minut\u0117\" \/>\n<script type=\"application\/ld+json\" class=\"yoast-schema-graph\">{\"@context\":\"https:\\\/\\\/schema.org\",\"@graph\":[{\"@type\":\"WebPage\",\"@id\":\"https:\\\/\\\/anivet.lt\\\/elparduotuve\\\/produktas\\\/gimcat-gras-bits-skanestai-katems-su-zole-50g\\\/\",\"url\":\"https:\\\/\\\/anivet.lt\\\/elparduotuve\\\/produktas\\\/gimcat-gras-bits-skanestai-katems-su-zole-50g\\\/\",\"name\":\"GimCat Gras Bits skan\u0117stai kat\u0117ms su \u017eole 50g - anivet.lt\",\"isPartOf\":{\"@id\":\"https:\\\/\\\/anivet.lt\\\/elparduotuve\\\/#website\"},\"primaryImageOfPage\":{\"@id\":\"https:\\\/\\\/anivet.lt\\\/elparduotuve\\\/produktas\\\/gimcat-gras-bits-skanestai-katems-su-zole-50g\\\/#primaryimage\"},\"image\":{\"@id\":\"https:\\\/\\\/anivet.lt\\\/elparduotuve\\\/produktas\\\/gimcat-gras-bits-skanestai-katems-su-zole-50g\\\/#primaryimage\"},\"thumbnailUrl\":\"https:\\\/\\\/anivet.lt\\\/elparduotuve\\\/wp-content\\\/uploads\\\/2023\\\/11\\\/gimcat-grasbits-skanestai-katems-su-zole-50g.png\",\"datePublished\":\"2023-11-03T11:54:13+00:00\",\"dateModified\":\"2025-10-11T12:37:45+00:00\",\"description\":\"Skan\u0117stai kat\u0117ms su skania \u017eole, kurie ne tik maloniai nustebins j\u016bs\u0173 augintinio skonio receptorius, bet ir yra gaminami i\u0161 auk\u0161\u010diausios kokyb\u0117s ingredient\u0173. Be prid\u0117tinio cukraus ir praturtinti naudingomis med\u017eiagomis, \u0161ie u\u017ekand\u017eiai puikiai tinka kasdieniam pasilepinimui.\",\"breadcrumb\":{\"@id\":\"https:\\\/\\\/anivet.lt\\\/elparduotuve\\\/produktas\\\/gimcat-gras-bits-skanestai-katems-su-zole-50g\\\/#breadcrumb\"},\"inLanguage\":\"lt-LT\",\"potentialAction\":[{\"@type\":\"ReadAction\",\"target\":[\"https:\\\/\\\/anivet.lt\\\/elparduotuve\\\/produktas\\\/gimcat-gras-bits-skanestai-katems-su-zole-50g\\\/\"]}]},{\"@type\":\"ImageObject\",\"inLanguage\":\"lt-LT\",\"@id\":\"https:\\\/\\\/anivet.lt\\\/elparduotuve\\\/produktas\\\/gimcat-gras-bits-skanestai-katems-su-zole-50g\\\/#primaryimage\",\"url\":\"https:\\\/\\\/anivet.lt\\\/elparduotuve\\\/wp-content\\\/uploads\\\/2023\\\/11\\\/gimcat-grasbits-skanestai-katems-su-zole-50g.png\",\"contentUrl\":\"https:\\\/\\\/anivet.lt\\\/elparduotuve\\\/wp-content\\\/uploads\\\/2023\\\/11\\\/gimcat-grasbits-skanestai-katems-su-zole-50g.png\",\"width\":800,\"height\":800,\"caption\":\"GimCat Gras Bits skan\u0117stai kat\u0117ms su \u017eole 50g\"},{\"@type\":\"BreadcrumbList\",\"@id\":\"https:\\\/\\\/anivet.lt\\\/elparduotuve\\\/produktas\\\/gimcat-gras-bits-skanestai-katems-su-zole-50g\\\/#breadcrumb\",\"itemListElement\":[{\"@type\":\"ListItem\",\"position\":1,\"name\":\"Home\",\"item\":\"https:\\\/\\\/anivet.lt\\\/elparduotuve\\\/\"},{\"@type\":\"ListItem\",\"position\":2,\"name\":\"Produktai\",\"item\":\"https:\\\/\\\/anivet.lt\\\/elparduotuve\\\/produktai\\\/\"},{\"@type\":\"ListItem\",\"position\":3,\"name\":\"GimCat Gras Bits skan\u0117stai kat\u0117ms su \u017eole 50g\"}]},{\"@type\":\"WebSite\",\"@id\":\"https:\\\/\\\/anivet.lt\\\/elparduotuve\\\/#website\",\"url\":\"https:\\\/\\\/anivet.lt\\\/elparduotuve\\\/\",\"name\":\"anivet.lt\",\"description\":\"Viskas J\u016bs\u0173 \u0161uns, kat\u0117s prie\u017ei\u016brai\",\"publisher\":{\"@id\":\"https:\\\/\\\/anivet.lt\\\/elparduotuve\\\/#organization\"},\"alternateName\":\"Viskas J\u016bs\u0173 \u0161uns, kat\u0117s prie\u017ei\u016brai\",\"potentialAction\":[{\"@type\":\"SearchAction\",\"target\":{\"@type\":\"EntryPoint\",\"urlTemplate\":\"https:\\\/\\\/anivet.lt\\\/elparduotuve\\\/?s={search_term_string}\"},\"query-input\":{\"@type\":\"PropertyValueSpecification\",\"valueRequired\":true,\"valueName\":\"search_term_string\"}}],\"inLanguage\":\"lt-LT\"},{\"@type\":\"Organization\",\"@id\":\"https:\\\/\\\/anivet.lt\\\/elparduotuve\\\/#organization\",\"name\":\"Viskas J\u016bs\u0173 \u0161uns, kat\u0117s prie\u017ei\u016brai\",\"url\":\"https:\\\/\\\/anivet.lt\\\/elparduotuve\\\/\",\"logo\":{\"@type\":\"ImageObject\",\"inLanguage\":\"lt-LT\",\"@id\":\"https:\\\/\\\/anivet.lt\\\/elparduotuve\\\/#\\\/schema\\\/logo\\\/image\\\/\",\"url\":\"https:\\\/\\\/anivet.lt\\\/elparduotuve\\\/wp-content\\\/uploads\\\/2023\\\/06\\\/logo2.jpg\",\"contentUrl\":\"https:\\\/\\\/anivet.lt\\\/elparduotuve\\\/wp-content\\\/uploads\\\/2023\\\/06\\\/logo2.jpg\",\"width\":655,\"height\":194,\"caption\":\"Viskas J\u016bs\u0173 \u0161uns, kat\u0117s prie\u017ei\u016brai\"},\"image\":{\"@id\":\"https:\\\/\\\/anivet.lt\\\/elparduotuve\\\/#\\\/schema\\\/logo\\\/image\\\/\"}}]}<\/script>\n<!-- \/ Yoast SEO Premium plugin. -->","yoast_head_json":{"title":"GimCat Gras Bits skan\u0117stai kat\u0117ms su \u017eole 50g - anivet.lt","description":"Skan\u0117stai kat\u0117ms su skania \u017eole, kurie ne tik maloniai nustebins j\u016bs\u0173 augintinio skonio receptorius, bet ir yra gaminami i\u0161 auk\u0161\u010diausios kokyb\u0117s ingredient\u0173. Be prid\u0117tinio cukraus ir praturtinti naudingomis med\u017eiagomis, \u0161ie u\u017ekand\u017eiai puikiai tinka kasdieniam pasilepinimui.","robots":{"index":"index","follow":"follow","max-snippet":"max-snippet:-1","max-image-preview":"max-image-preview:large","max-video-preview":"max-video-preview:-1"},"canonical":"https:\/\/anivet.lt\/elparduotuve\/produktas\/gimcat-gras-bits-skanestai-katems-su-zole-50g\/","og_locale":"lt_LT","og_type":"article","og_title":"GimCat Gras Bits skan\u0117stai kat\u0117ms su \u017eole 50g","og_description":"Skan\u0117stai kat\u0117ms su skania \u017eole, kurie ne tik maloniai nustebins j\u016bs\u0173 augintinio skonio receptorius, bet ir yra gaminami i\u0161 auk\u0161\u010diausios kokyb\u0117s ingredient\u0173. Be prid\u0117tinio cukraus ir praturtinti naudingomis med\u017eiagomis, \u0161ie u\u017ekand\u017eiai puikiai tinka kasdieniam pasilepinimui.","og_url":"https:\/\/anivet.lt\/elparduotuve\/produktas\/gimcat-gras-bits-skanestai-katems-su-zole-50g\/","og_site_name":"anivet.lt","article_modified_time":"2025-10-11T12:37:45+00:00","og_image":[{"width":800,"height":800,"url":"https:\/\/anivet.lt\/elparduotuve\/wp-content\/uploads\/2023\/11\/gimcat-grasbits-skanestai-katems-su-zole-50g.png","type":"image\/png"}],"twitter_card":"summary_large_image","twitter_misc":{"Est. reading time":"1 minut\u0117"},"schema":{"@context":"https:\/\/schema.org","@graph":[{"@type":"WebPage","@id":"https:\/\/anivet.lt\/elparduotuve\/produktas\/gimcat-gras-bits-skanestai-katems-su-zole-50g\/","url":"https:\/\/anivet.lt\/elparduotuve\/produktas\/gimcat-gras-bits-skanestai-katems-su-zole-50g\/","name":"GimCat Gras Bits skan\u0117stai kat\u0117ms su \u017eole 50g - anivet.lt","isPartOf":{"@id":"https:\/\/anivet.lt\/elparduotuve\/#website"},"primaryImageOfPage":{"@id":"https:\/\/anivet.lt\/elparduotuve\/produktas\/gimcat-gras-bits-skanestai-katems-su-zole-50g\/#primaryimage"},"image":{"@id":"https:\/\/anivet.lt\/elparduotuve\/produktas\/gimcat-gras-bits-skanestai-katems-su-zole-50g\/#primaryimage"},"thumbnailUrl":"https:\/\/anivet.lt\/elparduotuve\/wp-content\/uploads\/2023\/11\/gimcat-grasbits-skanestai-katems-su-zole-50g.png","datePublished":"2023-11-03T11:54:13+00:00","dateModified":"2025-10-11T12:37:45+00:00","description":"Skan\u0117stai kat\u0117ms su skania \u017eole, kurie ne tik maloniai nustebins j\u016bs\u0173 augintinio skonio receptorius, bet ir yra gaminami i\u0161 auk\u0161\u010diausios kokyb\u0117s ingredient\u0173. Be prid\u0117tinio cukraus ir praturtinti naudingomis med\u017eiagomis, \u0161ie u\u017ekand\u017eiai puikiai tinka kasdieniam pasilepinimui.","breadcrumb":{"@id":"https:\/\/anivet.lt\/elparduotuve\/produktas\/gimcat-gras-bits-skanestai-katems-su-zole-50g\/#breadcrumb"},"inLanguage":"lt-LT","potentialAction":[{"@type":"ReadAction","target":["https:\/\/anivet.lt\/elparduotuve\/produktas\/gimcat-gras-bits-skanestai-katems-su-zole-50g\/"]}]},{"@type":"ImageObject","inLanguage":"lt-LT","@id":"https:\/\/anivet.lt\/elparduotuve\/produktas\/gimcat-gras-bits-skanestai-katems-su-zole-50g\/#primaryimage","url":"https:\/\/anivet.lt\/elparduotuve\/wp-content\/uploads\/2023\/11\/gimcat-grasbits-skanestai-katems-su-zole-50g.png","contentUrl":"https:\/\/anivet.lt\/elparduotuve\/wp-content\/uploads\/2023\/11\/gimcat-grasbits-skanestai-katems-su-zole-50g.png","width":800,"height":800,"caption":"GimCat Gras Bits skan\u0117stai kat\u0117ms su \u017eole 50g"},{"@type":"BreadcrumbList","@id":"https:\/\/anivet.lt\/elparduotuve\/produktas\/gimcat-gras-bits-skanestai-katems-su-zole-50g\/#breadcrumb","itemListElement":[{"@type":"ListItem","position":1,"name":"Home","item":"https:\/\/anivet.lt\/elparduotuve\/"},{"@type":"ListItem","position":2,"name":"Produktai","item":"https:\/\/anivet.lt\/elparduotuve\/produktai\/"},{"@type":"ListItem","position":3,"name":"GimCat Gras Bits skan\u0117stai kat\u0117ms su \u017eole 50g"}]},{"@type":"WebSite","@id":"https:\/\/anivet.lt\/elparduotuve\/#website","url":"https:\/\/anivet.lt\/elparduotuve\/","name":"anivet.lt","description":"Viskas J\u016bs\u0173 \u0161uns, kat\u0117s prie\u017ei\u016brai","publisher":{"@id":"https:\/\/anivet.lt\/elparduotuve\/#organization"},"alternateName":"Viskas J\u016bs\u0173 \u0161uns, kat\u0117s prie\u017ei\u016brai","potentialAction":[{"@type":"SearchAction","target":{"@type":"EntryPoint","urlTemplate":"https:\/\/anivet.lt\/elparduotuve\/?s={search_term_string}"},"query-input":{"@type":"PropertyValueSpecification","valueRequired":true,"valueName":"search_term_string"}}],"inLanguage":"lt-LT"},{"@type":"Organization","@id":"https:\/\/anivet.lt\/elparduotuve\/#organization","name":"Viskas J\u016bs\u0173 \u0161uns, kat\u0117s prie\u017ei\u016brai","url":"https:\/\/anivet.lt\/elparduotuve\/","logo":{"@type":"ImageObject","inLanguage":"lt-LT","@id":"https:\/\/anivet.lt\/elparduotuve\/#\/schema\/logo\/image\/","url":"https:\/\/anivet.lt\/elparduotuve\/wp-content\/uploads\/2023\/06\/logo2.jpg","contentUrl":"https:\/\/anivet.lt\/elparduotuve\/wp-content\/uploads\/2023\/06\/logo2.jpg","width":655,"height":194,"caption":"Viskas J\u016bs\u0173 \u0161uns, kat\u0117s prie\u017ei\u016brai"},"image":{"@id":"https:\/\/anivet.lt\/elparduotuve\/#\/schema\/logo\/image\/"}}]}},"_links":{"self":[{"href":"https:\/\/anivet.lt\/elparduotuve\/wp-json\/wp\/v2\/product\/12305","targetHints":{"allow":["GET"]}}],"collection":[{"href":"https:\/\/anivet.lt\/elparduotuve\/wp-json\/wp\/v2\/product"}],"about":[{"href":"https:\/\/anivet.lt\/elparduotuve\/wp-json\/wp\/v2\/types\/product"}],"wp:featuredmedia":[{"embeddable":true,"href":"https:\/\/anivet.lt\/elparduotuve\/wp-json\/wp\/v2\/media\/12306"}],"wp:attachment":[{"href":"https:\/\/anivet.lt\/elparduotuve\/wp-json\/wp\/v2\/media?parent=12305"}],"wp:term":[{"taxonomy":"product_brand","embeddable":true,"href":"https:\/\/anivet.lt\/elparduotuve\/wp-json\/wp\/v2\/product_brand?post=12305"},{"taxonomy":"product_cat","embeddable":true,"href":"https:\/\/anivet.lt\/elparduotuve\/wp-json\/wp\/v2\/product_cat?post=12305"},{"taxonomy":"product_tag","embeddable":true,"href":"https:\/\/anivet.lt\/elparduotuve\/wp-json\/wp\/v2\/product_tag?post=12305"}],"curies":[{"name":"wp","href":"https:\/\/api.w.org\/{rel}","templated":true}]}}