{"id":12323,"date":"2023-11-11T09:29:49","date_gmt":"2023-11-11T09:29:49","guid":{"rendered":"https:\/\/anivet.lt\/elparduotuve\/?post_type=product&#038;p=12323"},"modified":"2026-05-11T15:39:11","modified_gmt":"2026-05-11T15:39:11","slug":"haumiau-antienos-file-500g","status":"publish","type":"product","link":"https:\/\/anivet.lt\/elparduotuve\/produktas\/haumiau-antienos-file-500g\/","title":{"rendered":"Hau &amp; Miau antienos file 500g"},"content":{"rendered":"<ul>\n<li style=\"font-weight: 400;\" aria-level=\"1\"><span style=\"font-weight: 400;\">95% nat\u016bralios antienos: U\u017etikrina auk\u0161t\u0105 maistin\u0119 vert\u0119.<\/span><\/li>\n<li style=\"font-weight: 400;\" aria-level=\"1\"><span style=\"font-weight: 400;\">Lengvai vir\u0161kinama: Tinka jautriems \u0161unims.<\/span><\/li>\n<li style=\"font-weight: 400;\" aria-level=\"1\"><span style=\"font-weight: 400;\">Padeda valyti dantis ir stiprina dantenas.<\/span><\/li>\n<li style=\"font-weight: 400;\" aria-level=\"1\"><span style=\"font-weight: 400;\">Sveikas pasirinkimas: Ma\u017eai riebal\u0173, tik 3%.<\/span><\/li>\n<li style=\"font-weight: 400;\" aria-level=\"1\"><span style=\"font-weight: 400;\">Palaiko ger\u0105 burnos kvap\u0105.<\/span><\/li>\n<\/ul>\n<p><span style=\"font-weight: 400;\">Tai puikus sprendimas norint suteikti \u0161uniui skan\u0173 ir sveik\u0105 u\u017ekand\u012f, kuris taip pat padeda palaikyti bendr\u0105 ger\u0105 savijaut\u0105. Fil\u0117 sud\u0117tis praturtina augintinio kasdien\u012f racion\u0105 nat\u016braliais baltymais ir prisideda prie ilgesn\u0117s kramtymo veiklos, kuri \u0161unims itin maloni ir naudinga.<\/span><\/p>\n","protected":false},"excerpt":{"rendered":"<p><span style=\"font-weight: 400;\">Maistingas ir sveikas skan\u0117stas, skirtas papildyti \u0161uns mityb\u0105. Sukurta taip, kad patenkint\u0173 nat\u016bral\u0173 kramtymo poreik\u012f, stiprint\u0173 dantenas ir pad\u0117t\u0173 palaikyti ger\u0105 burnos kvap\u0105. \u0160is skan\u0117stas yra puikus pasirinkimas kaip atlygis ar delikatesas.<\/span><\/p>\n","protected":false},"featured_media":12326,"template":"","meta":[],"product_brand":[],"product_cat":[101,103,106],"product_tag":[],"class_list":{"0":"post-12323","1":"product","2":"type-product","3":"status-publish","4":"has-post-thumbnail","6":"product_cat-sunims","7":"product_cat-sunu-maistas","8":"product_cat-skanestai","9":"pa_prekinis-zenklas-hau-miau","11":"first","12":"outofstock","13":"sale","14":"taxable","15":"shipping-taxable","16":"purchasable","17":"product-type-simple"},"yoast_head":"<!-- This site is optimized with the Yoast SEO Premium plugin v27.1 (Yoast SEO v27.5) - https:\/\/yoast.com\/product\/yoast-seo-premium-wordpress\/ -->\n<title>Hau &amp; Miau antienos file 500g - anivet.lt<\/title>\n<meta name=\"description\" content=\"Maistingas ir sveikas skan\u0117stas, skirtas papildyti \u0161uns mityb\u0105. Sukurta taip, kad patenkint\u0173 nat\u016bral\u0173 kramtymo poreik\u012f, stiprint\u0173 dantenas ir pad\u0117t\u0173 palaikyti ger\u0105 burnos kvap\u0105. \u0160is skan\u0117stas yra puikus pasirinkimas kaip atlygis ar delikatesas.\" \/>\n<meta name=\"robots\" content=\"index, follow, max-snippet:-1, max-image-preview:large, max-video-preview:-1\" \/>\n<link rel=\"canonical\" href=\"https:\/\/anivet.lt\/elparduotuve\/produktas\/haumiau-antienos-file-500g\/\" \/>\n<meta property=\"og:locale\" content=\"lt_LT\" \/>\n<meta property=\"og:type\" content=\"article\" \/>\n<meta property=\"og:title\" content=\"Hau &amp; Miau antienos file 500g\" \/>\n<meta property=\"og:description\" content=\"Maistingas ir sveikas skan\u0117stas, skirtas papildyti \u0161uns mityb\u0105. Sukurta taip, kad patenkint\u0173 nat\u016bral\u0173 kramtymo poreik\u012f, stiprint\u0173 dantenas ir pad\u0117t\u0173 palaikyti ger\u0105 burnos kvap\u0105. \u0160is skan\u0117stas yra puikus pasirinkimas kaip atlygis ar delikatesas.\" \/>\n<meta property=\"og:url\" content=\"https:\/\/anivet.lt\/elparduotuve\/produktas\/haumiau-antienos-file-500g\/\" \/>\n<meta property=\"og:site_name\" content=\"anivet.lt\" \/>\n<meta property=\"article:modified_time\" content=\"2026-05-11T15:39:11+00:00\" \/>\n<meta property=\"og:image\" content=\"https:\/\/anivet.lt\/elparduotuve\/wp-content\/uploads\/2023\/11\/HM-8102-haumiau-antienos-file-500g.jpg\" \/>\n\t<meta property=\"og:image:width\" content=\"800\" \/>\n\t<meta property=\"og:image:height\" content=\"800\" \/>\n\t<meta property=\"og:image:type\" content=\"image\/jpeg\" \/>\n<meta name=\"twitter:card\" content=\"summary_large_image\" \/>\n<meta name=\"twitter:label1\" content=\"Est. reading time\" \/>\n\t<meta name=\"twitter:data1\" content=\"1 minut\u0117\" \/>\n<script type=\"application\/ld+json\" class=\"yoast-schema-graph\">{\"@context\":\"https:\\\/\\\/schema.org\",\"@graph\":[{\"@type\":\"WebPage\",\"@id\":\"https:\\\/\\\/anivet.lt\\\/elparduotuve\\\/produktas\\\/haumiau-antienos-file-500g\\\/\",\"url\":\"https:\\\/\\\/anivet.lt\\\/elparduotuve\\\/produktas\\\/haumiau-antienos-file-500g\\\/\",\"name\":\"Hau &amp; Miau antienos file 500g - anivet.lt\",\"isPartOf\":{\"@id\":\"https:\\\/\\\/anivet.lt\\\/elparduotuve\\\/#website\"},\"primaryImageOfPage\":{\"@id\":\"https:\\\/\\\/anivet.lt\\\/elparduotuve\\\/produktas\\\/haumiau-antienos-file-500g\\\/#primaryimage\"},\"image\":{\"@id\":\"https:\\\/\\\/anivet.lt\\\/elparduotuve\\\/produktas\\\/haumiau-antienos-file-500g\\\/#primaryimage\"},\"thumbnailUrl\":\"https:\\\/\\\/anivet.lt\\\/elparduotuve\\\/wp-content\\\/uploads\\\/2023\\\/11\\\/HM-8102-haumiau-antienos-file-500g.jpg\",\"datePublished\":\"2023-11-11T09:29:49+00:00\",\"dateModified\":\"2026-05-11T15:39:11+00:00\",\"description\":\"Maistingas ir sveikas skan\u0117stas, skirtas papildyti \u0161uns mityb\u0105. Sukurta taip, kad patenkint\u0173 nat\u016bral\u0173 kramtymo poreik\u012f, stiprint\u0173 dantenas ir pad\u0117t\u0173 palaikyti ger\u0105 burnos kvap\u0105. \u0160is skan\u0117stas yra puikus pasirinkimas kaip atlygis ar delikatesas.\",\"breadcrumb\":{\"@id\":\"https:\\\/\\\/anivet.lt\\\/elparduotuve\\\/produktas\\\/haumiau-antienos-file-500g\\\/#breadcrumb\"},\"inLanguage\":\"lt-LT\",\"potentialAction\":[{\"@type\":\"ReadAction\",\"target\":[\"https:\\\/\\\/anivet.lt\\\/elparduotuve\\\/produktas\\\/haumiau-antienos-file-500g\\\/\"]}]},{\"@type\":\"ImageObject\",\"inLanguage\":\"lt-LT\",\"@id\":\"https:\\\/\\\/anivet.lt\\\/elparduotuve\\\/produktas\\\/haumiau-antienos-file-500g\\\/#primaryimage\",\"url\":\"https:\\\/\\\/anivet.lt\\\/elparduotuve\\\/wp-content\\\/uploads\\\/2023\\\/11\\\/HM-8102-haumiau-antienos-file-500g.jpg\",\"contentUrl\":\"https:\\\/\\\/anivet.lt\\\/elparduotuve\\\/wp-content\\\/uploads\\\/2023\\\/11\\\/HM-8102-haumiau-antienos-file-500g.jpg\",\"width\":800,\"height\":800,\"caption\":\"Hau &amp; Miau antienos file 500g\"},{\"@type\":\"BreadcrumbList\",\"@id\":\"https:\\\/\\\/anivet.lt\\\/elparduotuve\\\/produktas\\\/haumiau-antienos-file-500g\\\/#breadcrumb\",\"itemListElement\":[{\"@type\":\"ListItem\",\"position\":1,\"name\":\"Home\",\"item\":\"https:\\\/\\\/anivet.lt\\\/elparduotuve\\\/\"},{\"@type\":\"ListItem\",\"position\":2,\"name\":\"Produktai\",\"item\":\"https:\\\/\\\/anivet.lt\\\/elparduotuve\\\/produktai\\\/\"},{\"@type\":\"ListItem\",\"position\":3,\"name\":\"Hau &amp; Miau antienos file 500g\"}]},{\"@type\":\"WebSite\",\"@id\":\"https:\\\/\\\/anivet.lt\\\/elparduotuve\\\/#website\",\"url\":\"https:\\\/\\\/anivet.lt\\\/elparduotuve\\\/\",\"name\":\"anivet.lt\",\"description\":\"Viskas J\u016bs\u0173 \u0161uns, kat\u0117s prie\u017ei\u016brai\",\"publisher\":{\"@id\":\"https:\\\/\\\/anivet.lt\\\/elparduotuve\\\/#organization\"},\"alternateName\":\"Viskas J\u016bs\u0173 \u0161uns, kat\u0117s prie\u017ei\u016brai\",\"potentialAction\":[{\"@type\":\"SearchAction\",\"target\":{\"@type\":\"EntryPoint\",\"urlTemplate\":\"https:\\\/\\\/anivet.lt\\\/elparduotuve\\\/?s={search_term_string}\"},\"query-input\":{\"@type\":\"PropertyValueSpecification\",\"valueRequired\":true,\"valueName\":\"search_term_string\"}}],\"inLanguage\":\"lt-LT\"},{\"@type\":\"Organization\",\"@id\":\"https:\\\/\\\/anivet.lt\\\/elparduotuve\\\/#organization\",\"name\":\"Viskas J\u016bs\u0173 \u0161uns, kat\u0117s prie\u017ei\u016brai\",\"url\":\"https:\\\/\\\/anivet.lt\\\/elparduotuve\\\/\",\"logo\":{\"@type\":\"ImageObject\",\"inLanguage\":\"lt-LT\",\"@id\":\"https:\\\/\\\/anivet.lt\\\/elparduotuve\\\/#\\\/schema\\\/logo\\\/image\\\/\",\"url\":\"https:\\\/\\\/anivet.lt\\\/elparduotuve\\\/wp-content\\\/uploads\\\/2023\\\/06\\\/logo2.jpg\",\"contentUrl\":\"https:\\\/\\\/anivet.lt\\\/elparduotuve\\\/wp-content\\\/uploads\\\/2023\\\/06\\\/logo2.jpg\",\"width\":655,\"height\":194,\"caption\":\"Viskas J\u016bs\u0173 \u0161uns, kat\u0117s prie\u017ei\u016brai\"},\"image\":{\"@id\":\"https:\\\/\\\/anivet.lt\\\/elparduotuve\\\/#\\\/schema\\\/logo\\\/image\\\/\"}}]}<\/script>\n<!-- \/ Yoast SEO Premium plugin. -->","yoast_head_json":{"title":"Hau &amp; Miau antienos file 500g - anivet.lt","description":"Maistingas ir sveikas skan\u0117stas, skirtas papildyti \u0161uns mityb\u0105. Sukurta taip, kad patenkint\u0173 nat\u016bral\u0173 kramtymo poreik\u012f, stiprint\u0173 dantenas ir pad\u0117t\u0173 palaikyti ger\u0105 burnos kvap\u0105. \u0160is skan\u0117stas yra puikus pasirinkimas kaip atlygis ar delikatesas.","robots":{"index":"index","follow":"follow","max-snippet":"max-snippet:-1","max-image-preview":"max-image-preview:large","max-video-preview":"max-video-preview:-1"},"canonical":"https:\/\/anivet.lt\/elparduotuve\/produktas\/haumiau-antienos-file-500g\/","og_locale":"lt_LT","og_type":"article","og_title":"Hau &amp; Miau antienos file 500g","og_description":"Maistingas ir sveikas skan\u0117stas, skirtas papildyti \u0161uns mityb\u0105. Sukurta taip, kad patenkint\u0173 nat\u016bral\u0173 kramtymo poreik\u012f, stiprint\u0173 dantenas ir pad\u0117t\u0173 palaikyti ger\u0105 burnos kvap\u0105. \u0160is skan\u0117stas yra puikus pasirinkimas kaip atlygis ar delikatesas.","og_url":"https:\/\/anivet.lt\/elparduotuve\/produktas\/haumiau-antienos-file-500g\/","og_site_name":"anivet.lt","article_modified_time":"2026-05-11T15:39:11+00:00","og_image":[{"width":800,"height":800,"url":"https:\/\/anivet.lt\/elparduotuve\/wp-content\/uploads\/2023\/11\/HM-8102-haumiau-antienos-file-500g.jpg","type":"image\/jpeg"}],"twitter_card":"summary_large_image","twitter_misc":{"Est. reading time":"1 minut\u0117"},"schema":{"@context":"https:\/\/schema.org","@graph":[{"@type":"WebPage","@id":"https:\/\/anivet.lt\/elparduotuve\/produktas\/haumiau-antienos-file-500g\/","url":"https:\/\/anivet.lt\/elparduotuve\/produktas\/haumiau-antienos-file-500g\/","name":"Hau &amp; Miau antienos file 500g - anivet.lt","isPartOf":{"@id":"https:\/\/anivet.lt\/elparduotuve\/#website"},"primaryImageOfPage":{"@id":"https:\/\/anivet.lt\/elparduotuve\/produktas\/haumiau-antienos-file-500g\/#primaryimage"},"image":{"@id":"https:\/\/anivet.lt\/elparduotuve\/produktas\/haumiau-antienos-file-500g\/#primaryimage"},"thumbnailUrl":"https:\/\/anivet.lt\/elparduotuve\/wp-content\/uploads\/2023\/11\/HM-8102-haumiau-antienos-file-500g.jpg","datePublished":"2023-11-11T09:29:49+00:00","dateModified":"2026-05-11T15:39:11+00:00","description":"Maistingas ir sveikas skan\u0117stas, skirtas papildyti \u0161uns mityb\u0105. Sukurta taip, kad patenkint\u0173 nat\u016bral\u0173 kramtymo poreik\u012f, stiprint\u0173 dantenas ir pad\u0117t\u0173 palaikyti ger\u0105 burnos kvap\u0105. \u0160is skan\u0117stas yra puikus pasirinkimas kaip atlygis ar delikatesas.","breadcrumb":{"@id":"https:\/\/anivet.lt\/elparduotuve\/produktas\/haumiau-antienos-file-500g\/#breadcrumb"},"inLanguage":"lt-LT","potentialAction":[{"@type":"ReadAction","target":["https:\/\/anivet.lt\/elparduotuve\/produktas\/haumiau-antienos-file-500g\/"]}]},{"@type":"ImageObject","inLanguage":"lt-LT","@id":"https:\/\/anivet.lt\/elparduotuve\/produktas\/haumiau-antienos-file-500g\/#primaryimage","url":"https:\/\/anivet.lt\/elparduotuve\/wp-content\/uploads\/2023\/11\/HM-8102-haumiau-antienos-file-500g.jpg","contentUrl":"https:\/\/anivet.lt\/elparduotuve\/wp-content\/uploads\/2023\/11\/HM-8102-haumiau-antienos-file-500g.jpg","width":800,"height":800,"caption":"Hau &amp; Miau antienos file 500g"},{"@type":"BreadcrumbList","@id":"https:\/\/anivet.lt\/elparduotuve\/produktas\/haumiau-antienos-file-500g\/#breadcrumb","itemListElement":[{"@type":"ListItem","position":1,"name":"Home","item":"https:\/\/anivet.lt\/elparduotuve\/"},{"@type":"ListItem","position":2,"name":"Produktai","item":"https:\/\/anivet.lt\/elparduotuve\/produktai\/"},{"@type":"ListItem","position":3,"name":"Hau &amp; Miau antienos file 500g"}]},{"@type":"WebSite","@id":"https:\/\/anivet.lt\/elparduotuve\/#website","url":"https:\/\/anivet.lt\/elparduotuve\/","name":"anivet.lt","description":"Viskas J\u016bs\u0173 \u0161uns, kat\u0117s prie\u017ei\u016brai","publisher":{"@id":"https:\/\/anivet.lt\/elparduotuve\/#organization"},"alternateName":"Viskas J\u016bs\u0173 \u0161uns, kat\u0117s prie\u017ei\u016brai","potentialAction":[{"@type":"SearchAction","target":{"@type":"EntryPoint","urlTemplate":"https:\/\/anivet.lt\/elparduotuve\/?s={search_term_string}"},"query-input":{"@type":"PropertyValueSpecification","valueRequired":true,"valueName":"search_term_string"}}],"inLanguage":"lt-LT"},{"@type":"Organization","@id":"https:\/\/anivet.lt\/elparduotuve\/#organization","name":"Viskas J\u016bs\u0173 \u0161uns, kat\u0117s prie\u017ei\u016brai","url":"https:\/\/anivet.lt\/elparduotuve\/","logo":{"@type":"ImageObject","inLanguage":"lt-LT","@id":"https:\/\/anivet.lt\/elparduotuve\/#\/schema\/logo\/image\/","url":"https:\/\/anivet.lt\/elparduotuve\/wp-content\/uploads\/2023\/06\/logo2.jpg","contentUrl":"https:\/\/anivet.lt\/elparduotuve\/wp-content\/uploads\/2023\/06\/logo2.jpg","width":655,"height":194,"caption":"Viskas J\u016bs\u0173 \u0161uns, kat\u0117s prie\u017ei\u016brai"},"image":{"@id":"https:\/\/anivet.lt\/elparduotuve\/#\/schema\/logo\/image\/"}}]}},"_links":{"self":[{"href":"https:\/\/anivet.lt\/elparduotuve\/wp-json\/wp\/v2\/product\/12323","targetHints":{"allow":["GET"]}}],"collection":[{"href":"https:\/\/anivet.lt\/elparduotuve\/wp-json\/wp\/v2\/product"}],"about":[{"href":"https:\/\/anivet.lt\/elparduotuve\/wp-json\/wp\/v2\/types\/product"}],"wp:featuredmedia":[{"embeddable":true,"href":"https:\/\/anivet.lt\/elparduotuve\/wp-json\/wp\/v2\/media\/12326"}],"wp:attachment":[{"href":"https:\/\/anivet.lt\/elparduotuve\/wp-json\/wp\/v2\/media?parent=12323"}],"wp:term":[{"taxonomy":"product_brand","embeddable":true,"href":"https:\/\/anivet.lt\/elparduotuve\/wp-json\/wp\/v2\/product_brand?post=12323"},{"taxonomy":"product_cat","embeddable":true,"href":"https:\/\/anivet.lt\/elparduotuve\/wp-json\/wp\/v2\/product_cat?post=12323"},{"taxonomy":"product_tag","embeddable":true,"href":"https:\/\/anivet.lt\/elparduotuve\/wp-json\/wp\/v2\/product_tag?post=12323"}],"curies":[{"name":"wp","href":"https:\/\/api.w.org\/{rel}","templated":true}]}}