{"id":12334,"date":"2023-11-11T10:26:12","date_gmt":"2023-11-11T10:26:12","guid":{"rendered":"https:\/\/anivet.lt\/elparduotuve\/?post_type=product&#038;p=12334"},"modified":"2026-05-11T15:39:50","modified_gmt":"2026-05-11T15:39:50","slug":"hau-miau-minkstos-antienos-juoteles-500g","status":"publish","type":"product","link":"https:\/\/anivet.lt\/elparduotuve\/produktas\/hau-miau-minkstos-antienos-juoteles-500g\/","title":{"rendered":"Hau &amp; Miau mink\u0161tos Antienos juostel\u0117s 500g"},"content":{"rendered":"<ul>\n<li style=\"font-weight: 400;\" aria-level=\"1\"><span style=\"font-weight: 400;\">Didelis m\u0117sos kiekis: Net 97,5% antienos, kuri patenkins net i\u0161rankiausi\u0105 skon\u012f.<\/span><\/li>\n<li style=\"font-weight: 400;\" aria-level=\"1\"><span style=\"font-weight: 400;\">Sveiki ir maistingi: Suteikia \u0161uniui daug reikaling\u0173 baltym\u0173 ir energijos.<\/span><\/li>\n<li style=\"font-weight: 400;\" aria-level=\"1\"><span style=\"font-weight: 400;\">Lengvai vir\u0161kinami: Tinkami net jautresn\u0117s vir\u0161kinimo sistemos augintiniams.<\/span><\/li>\n<li style=\"font-weight: 400;\" aria-level=\"1\"><span style=\"font-weight: 400;\">Palaiko burnos higien\u0105: Valo dantis ir stiprina dantenas, padeda palaikyti ger\u0105 burnos kvap\u0105.<\/span><\/li>\n<li style=\"font-weight: 400;\" aria-level=\"1\"><span style=\"font-weight: 400;\">Patenkina kramtymo poreik\u012f: Nat\u016bralus u\u017ekandis, padedantis suma\u017einti stres\u0105 ir u\u017etikrinantis u\u017eimtum\u0105.<\/span><\/li>\n<\/ul>\n<p><span style=\"font-weight: 400;\">\u0160ios antienos juostel\u0117s yra puikus pasirinkimas kaip skan\u0117stas, apdovanojimas ar kasdienio raciono papildymas. Skanaukite ir r\u016bpinkit\u0117s savo augintinio sveikata tuo pa\u010diu metu!<\/span><\/p>\n","protected":false},"excerpt":{"rendered":"<p><span style=\"font-weight: 400;\">Tai gard\u016bs ir maistingi skan\u0117stai, praturtinti dideliu antienos kiekiu. \u0160ie skan\u0117stai yra mink\u0161ti, tod\u0117l juos lengva kramtyti, o j\u0173 sud\u0117tyje yra net 97,5% antienos, u\u017etikrinan\u010dios neprilygstam\u0105 skon\u012f.<\/span><\/p>\n","protected":false},"featured_media":12335,"template":"","meta":[],"product_brand":[],"product_cat":[101,103,106],"product_tag":[],"class_list":{"0":"post-12334","1":"product","2":"type-product","3":"status-publish","4":"has-post-thumbnail","6":"product_cat-sunims","7":"product_cat-sunu-maistas","8":"product_cat-skanestai","9":"pa_prekinis-zenklas-hau-miau","11":"first","12":"outofstock","13":"taxable","14":"shipping-taxable","15":"purchasable","16":"product-type-simple"},"yoast_head":"<!-- This site is optimized with the Yoast SEO Premium plugin v27.1 (Yoast SEO v27.5) - https:\/\/yoast.com\/product\/yoast-seo-premium-wordpress\/ -->\n<title>Hau &amp; Miau mink\u0161tos Antienos juostel\u0117s 500g - anivet.lt<\/title>\n<meta name=\"description\" content=\"Tai gard\u016bs ir maistingi skan\u0117stai, praturtinti dideliu antienos kiekiu. \u0160ie skan\u0117stai yra mink\u0161ti, tod\u0117l juos lengva kramtyti, o j\u0173 sud\u0117tyje yra net 97,5% antienos, u\u017etikrinan\u010dios neprilygstam\u0105 skon\u012f.\" \/>\n<meta name=\"robots\" content=\"index, follow, max-snippet:-1, max-image-preview:large, max-video-preview:-1\" \/>\n<link rel=\"canonical\" href=\"https:\/\/anivet.lt\/elparduotuve\/produktas\/hau-miau-minkstos-antienos-juoteles-500g\/\" \/>\n<meta property=\"og:locale\" content=\"lt_LT\" \/>\n<meta property=\"og:type\" content=\"article\" \/>\n<meta property=\"og:title\" content=\"Hau &amp; Miau mink\u0161tos Antienos juostel\u0117s 500g\" \/>\n<meta property=\"og:description\" content=\"Tai gard\u016bs ir maistingi skan\u0117stai, praturtinti dideliu antienos kiekiu. \u0160ie skan\u0117stai yra mink\u0161ti, tod\u0117l juos lengva kramtyti, o j\u0173 sud\u0117tyje yra net 97,5% antienos, u\u017etikrinan\u010dios neprilygstam\u0105 skon\u012f.\" \/>\n<meta property=\"og:url\" content=\"https:\/\/anivet.lt\/elparduotuve\/produktas\/hau-miau-minkstos-antienos-juoteles-500g\/\" \/>\n<meta property=\"og:site_name\" content=\"anivet.lt\" \/>\n<meta property=\"article:modified_time\" content=\"2026-05-11T15:39:50+00:00\" \/>\n<meta property=\"og:image\" content=\"https:\/\/anivet.lt\/elparduotuve\/wp-content\/uploads\/2023\/11\/HM-8124-haumiau-minkstos-antienos-juoteles-500g.jpg\" \/>\n\t<meta property=\"og:image:width\" content=\"800\" \/>\n\t<meta property=\"og:image:height\" content=\"800\" \/>\n\t<meta property=\"og:image:type\" content=\"image\/jpeg\" \/>\n<meta name=\"twitter:card\" content=\"summary_large_image\" \/>\n<meta name=\"twitter:label1\" content=\"Est. reading time\" \/>\n\t<meta name=\"twitter:data1\" content=\"1 minut\u0117\" \/>\n<script type=\"application\/ld+json\" class=\"yoast-schema-graph\">{\"@context\":\"https:\\\/\\\/schema.org\",\"@graph\":[{\"@type\":\"WebPage\",\"@id\":\"https:\\\/\\\/anivet.lt\\\/elparduotuve\\\/produktas\\\/hau-miau-minkstos-antienos-juoteles-500g\\\/\",\"url\":\"https:\\\/\\\/anivet.lt\\\/elparduotuve\\\/produktas\\\/hau-miau-minkstos-antienos-juoteles-500g\\\/\",\"name\":\"Hau &amp; Miau mink\u0161tos Antienos juostel\u0117s 500g - anivet.lt\",\"isPartOf\":{\"@id\":\"https:\\\/\\\/anivet.lt\\\/elparduotuve\\\/#website\"},\"primaryImageOfPage\":{\"@id\":\"https:\\\/\\\/anivet.lt\\\/elparduotuve\\\/produktas\\\/hau-miau-minkstos-antienos-juoteles-500g\\\/#primaryimage\"},\"image\":{\"@id\":\"https:\\\/\\\/anivet.lt\\\/elparduotuve\\\/produktas\\\/hau-miau-minkstos-antienos-juoteles-500g\\\/#primaryimage\"},\"thumbnailUrl\":\"https:\\\/\\\/anivet.lt\\\/elparduotuve\\\/wp-content\\\/uploads\\\/2023\\\/11\\\/HM-8124-haumiau-minkstos-antienos-juoteles-500g.jpg\",\"datePublished\":\"2023-11-11T10:26:12+00:00\",\"dateModified\":\"2026-05-11T15:39:50+00:00\",\"description\":\"Tai gard\u016bs ir maistingi skan\u0117stai, praturtinti dideliu antienos kiekiu. \u0160ie skan\u0117stai yra mink\u0161ti, tod\u0117l juos lengva kramtyti, o j\u0173 sud\u0117tyje yra net 97,5% antienos, u\u017etikrinan\u010dios neprilygstam\u0105 skon\u012f.\",\"breadcrumb\":{\"@id\":\"https:\\\/\\\/anivet.lt\\\/elparduotuve\\\/produktas\\\/hau-miau-minkstos-antienos-juoteles-500g\\\/#breadcrumb\"},\"inLanguage\":\"lt-LT\",\"potentialAction\":[{\"@type\":\"ReadAction\",\"target\":[\"https:\\\/\\\/anivet.lt\\\/elparduotuve\\\/produktas\\\/hau-miau-minkstos-antienos-juoteles-500g\\\/\"]}]},{\"@type\":\"ImageObject\",\"inLanguage\":\"lt-LT\",\"@id\":\"https:\\\/\\\/anivet.lt\\\/elparduotuve\\\/produktas\\\/hau-miau-minkstos-antienos-juoteles-500g\\\/#primaryimage\",\"url\":\"https:\\\/\\\/anivet.lt\\\/elparduotuve\\\/wp-content\\\/uploads\\\/2023\\\/11\\\/HM-8124-haumiau-minkstos-antienos-juoteles-500g.jpg\",\"contentUrl\":\"https:\\\/\\\/anivet.lt\\\/elparduotuve\\\/wp-content\\\/uploads\\\/2023\\\/11\\\/HM-8124-haumiau-minkstos-antienos-juoteles-500g.jpg\",\"width\":800,\"height\":800,\"caption\":\"Hau &amp; Miau mink\u0161tos Antienos juostel\u0117s 500g\"},{\"@type\":\"BreadcrumbList\",\"@id\":\"https:\\\/\\\/anivet.lt\\\/elparduotuve\\\/produktas\\\/hau-miau-minkstos-antienos-juoteles-500g\\\/#breadcrumb\",\"itemListElement\":[{\"@type\":\"ListItem\",\"position\":1,\"name\":\"Home\",\"item\":\"https:\\\/\\\/anivet.lt\\\/elparduotuve\\\/\"},{\"@type\":\"ListItem\",\"position\":2,\"name\":\"Produktai\",\"item\":\"https:\\\/\\\/anivet.lt\\\/elparduotuve\\\/produktai\\\/\"},{\"@type\":\"ListItem\",\"position\":3,\"name\":\"Hau &amp; Miau mink\u0161tos Antienos juostel\u0117s 500g\"}]},{\"@type\":\"WebSite\",\"@id\":\"https:\\\/\\\/anivet.lt\\\/elparduotuve\\\/#website\",\"url\":\"https:\\\/\\\/anivet.lt\\\/elparduotuve\\\/\",\"name\":\"anivet.lt\",\"description\":\"Viskas J\u016bs\u0173 \u0161uns, kat\u0117s prie\u017ei\u016brai\",\"publisher\":{\"@id\":\"https:\\\/\\\/anivet.lt\\\/elparduotuve\\\/#organization\"},\"alternateName\":\"Viskas J\u016bs\u0173 \u0161uns, kat\u0117s prie\u017ei\u016brai\",\"potentialAction\":[{\"@type\":\"SearchAction\",\"target\":{\"@type\":\"EntryPoint\",\"urlTemplate\":\"https:\\\/\\\/anivet.lt\\\/elparduotuve\\\/?s={search_term_string}\"},\"query-input\":{\"@type\":\"PropertyValueSpecification\",\"valueRequired\":true,\"valueName\":\"search_term_string\"}}],\"inLanguage\":\"lt-LT\"},{\"@type\":\"Organization\",\"@id\":\"https:\\\/\\\/anivet.lt\\\/elparduotuve\\\/#organization\",\"name\":\"Viskas J\u016bs\u0173 \u0161uns, kat\u0117s prie\u017ei\u016brai\",\"url\":\"https:\\\/\\\/anivet.lt\\\/elparduotuve\\\/\",\"logo\":{\"@type\":\"ImageObject\",\"inLanguage\":\"lt-LT\",\"@id\":\"https:\\\/\\\/anivet.lt\\\/elparduotuve\\\/#\\\/schema\\\/logo\\\/image\\\/\",\"url\":\"https:\\\/\\\/anivet.lt\\\/elparduotuve\\\/wp-content\\\/uploads\\\/2023\\\/06\\\/logo2.jpg\",\"contentUrl\":\"https:\\\/\\\/anivet.lt\\\/elparduotuve\\\/wp-content\\\/uploads\\\/2023\\\/06\\\/logo2.jpg\",\"width\":655,\"height\":194,\"caption\":\"Viskas J\u016bs\u0173 \u0161uns, kat\u0117s prie\u017ei\u016brai\"},\"image\":{\"@id\":\"https:\\\/\\\/anivet.lt\\\/elparduotuve\\\/#\\\/schema\\\/logo\\\/image\\\/\"}}]}<\/script>\n<!-- \/ Yoast SEO Premium plugin. -->","yoast_head_json":{"title":"Hau &amp; Miau mink\u0161tos Antienos juostel\u0117s 500g - anivet.lt","description":"Tai gard\u016bs ir maistingi skan\u0117stai, praturtinti dideliu antienos kiekiu. \u0160ie skan\u0117stai yra mink\u0161ti, tod\u0117l juos lengva kramtyti, o j\u0173 sud\u0117tyje yra net 97,5% antienos, u\u017etikrinan\u010dios neprilygstam\u0105 skon\u012f.","robots":{"index":"index","follow":"follow","max-snippet":"max-snippet:-1","max-image-preview":"max-image-preview:large","max-video-preview":"max-video-preview:-1"},"canonical":"https:\/\/anivet.lt\/elparduotuve\/produktas\/hau-miau-minkstos-antienos-juoteles-500g\/","og_locale":"lt_LT","og_type":"article","og_title":"Hau &amp; Miau mink\u0161tos Antienos juostel\u0117s 500g","og_description":"Tai gard\u016bs ir maistingi skan\u0117stai, praturtinti dideliu antienos kiekiu. \u0160ie skan\u0117stai yra mink\u0161ti, tod\u0117l juos lengva kramtyti, o j\u0173 sud\u0117tyje yra net 97,5% antienos, u\u017etikrinan\u010dios neprilygstam\u0105 skon\u012f.","og_url":"https:\/\/anivet.lt\/elparduotuve\/produktas\/hau-miau-minkstos-antienos-juoteles-500g\/","og_site_name":"anivet.lt","article_modified_time":"2026-05-11T15:39:50+00:00","og_image":[{"width":800,"height":800,"url":"https:\/\/anivet.lt\/elparduotuve\/wp-content\/uploads\/2023\/11\/HM-8124-haumiau-minkstos-antienos-juoteles-500g.jpg","type":"image\/jpeg"}],"twitter_card":"summary_large_image","twitter_misc":{"Est. reading time":"1 minut\u0117"},"schema":{"@context":"https:\/\/schema.org","@graph":[{"@type":"WebPage","@id":"https:\/\/anivet.lt\/elparduotuve\/produktas\/hau-miau-minkstos-antienos-juoteles-500g\/","url":"https:\/\/anivet.lt\/elparduotuve\/produktas\/hau-miau-minkstos-antienos-juoteles-500g\/","name":"Hau &amp; Miau mink\u0161tos Antienos juostel\u0117s 500g - anivet.lt","isPartOf":{"@id":"https:\/\/anivet.lt\/elparduotuve\/#website"},"primaryImageOfPage":{"@id":"https:\/\/anivet.lt\/elparduotuve\/produktas\/hau-miau-minkstos-antienos-juoteles-500g\/#primaryimage"},"image":{"@id":"https:\/\/anivet.lt\/elparduotuve\/produktas\/hau-miau-minkstos-antienos-juoteles-500g\/#primaryimage"},"thumbnailUrl":"https:\/\/anivet.lt\/elparduotuve\/wp-content\/uploads\/2023\/11\/HM-8124-haumiau-minkstos-antienos-juoteles-500g.jpg","datePublished":"2023-11-11T10:26:12+00:00","dateModified":"2026-05-11T15:39:50+00:00","description":"Tai gard\u016bs ir maistingi skan\u0117stai, praturtinti dideliu antienos kiekiu. \u0160ie skan\u0117stai yra mink\u0161ti, tod\u0117l juos lengva kramtyti, o j\u0173 sud\u0117tyje yra net 97,5% antienos, u\u017etikrinan\u010dios neprilygstam\u0105 skon\u012f.","breadcrumb":{"@id":"https:\/\/anivet.lt\/elparduotuve\/produktas\/hau-miau-minkstos-antienos-juoteles-500g\/#breadcrumb"},"inLanguage":"lt-LT","potentialAction":[{"@type":"ReadAction","target":["https:\/\/anivet.lt\/elparduotuve\/produktas\/hau-miau-minkstos-antienos-juoteles-500g\/"]}]},{"@type":"ImageObject","inLanguage":"lt-LT","@id":"https:\/\/anivet.lt\/elparduotuve\/produktas\/hau-miau-minkstos-antienos-juoteles-500g\/#primaryimage","url":"https:\/\/anivet.lt\/elparduotuve\/wp-content\/uploads\/2023\/11\/HM-8124-haumiau-minkstos-antienos-juoteles-500g.jpg","contentUrl":"https:\/\/anivet.lt\/elparduotuve\/wp-content\/uploads\/2023\/11\/HM-8124-haumiau-minkstos-antienos-juoteles-500g.jpg","width":800,"height":800,"caption":"Hau &amp; Miau mink\u0161tos Antienos juostel\u0117s 500g"},{"@type":"BreadcrumbList","@id":"https:\/\/anivet.lt\/elparduotuve\/produktas\/hau-miau-minkstos-antienos-juoteles-500g\/#breadcrumb","itemListElement":[{"@type":"ListItem","position":1,"name":"Home","item":"https:\/\/anivet.lt\/elparduotuve\/"},{"@type":"ListItem","position":2,"name":"Produktai","item":"https:\/\/anivet.lt\/elparduotuve\/produktai\/"},{"@type":"ListItem","position":3,"name":"Hau &amp; Miau mink\u0161tos Antienos juostel\u0117s 500g"}]},{"@type":"WebSite","@id":"https:\/\/anivet.lt\/elparduotuve\/#website","url":"https:\/\/anivet.lt\/elparduotuve\/","name":"anivet.lt","description":"Viskas J\u016bs\u0173 \u0161uns, kat\u0117s prie\u017ei\u016brai","publisher":{"@id":"https:\/\/anivet.lt\/elparduotuve\/#organization"},"alternateName":"Viskas J\u016bs\u0173 \u0161uns, kat\u0117s prie\u017ei\u016brai","potentialAction":[{"@type":"SearchAction","target":{"@type":"EntryPoint","urlTemplate":"https:\/\/anivet.lt\/elparduotuve\/?s={search_term_string}"},"query-input":{"@type":"PropertyValueSpecification","valueRequired":true,"valueName":"search_term_string"}}],"inLanguage":"lt-LT"},{"@type":"Organization","@id":"https:\/\/anivet.lt\/elparduotuve\/#organization","name":"Viskas J\u016bs\u0173 \u0161uns, kat\u0117s prie\u017ei\u016brai","url":"https:\/\/anivet.lt\/elparduotuve\/","logo":{"@type":"ImageObject","inLanguage":"lt-LT","@id":"https:\/\/anivet.lt\/elparduotuve\/#\/schema\/logo\/image\/","url":"https:\/\/anivet.lt\/elparduotuve\/wp-content\/uploads\/2023\/06\/logo2.jpg","contentUrl":"https:\/\/anivet.lt\/elparduotuve\/wp-content\/uploads\/2023\/06\/logo2.jpg","width":655,"height":194,"caption":"Viskas J\u016bs\u0173 \u0161uns, kat\u0117s prie\u017ei\u016brai"},"image":{"@id":"https:\/\/anivet.lt\/elparduotuve\/#\/schema\/logo\/image\/"}}]}},"_links":{"self":[{"href":"https:\/\/anivet.lt\/elparduotuve\/wp-json\/wp\/v2\/product\/12334","targetHints":{"allow":["GET"]}}],"collection":[{"href":"https:\/\/anivet.lt\/elparduotuve\/wp-json\/wp\/v2\/product"}],"about":[{"href":"https:\/\/anivet.lt\/elparduotuve\/wp-json\/wp\/v2\/types\/product"}],"wp:featuredmedia":[{"embeddable":true,"href":"https:\/\/anivet.lt\/elparduotuve\/wp-json\/wp\/v2\/media\/12335"}],"wp:attachment":[{"href":"https:\/\/anivet.lt\/elparduotuve\/wp-json\/wp\/v2\/media?parent=12334"}],"wp:term":[{"taxonomy":"product_brand","embeddable":true,"href":"https:\/\/anivet.lt\/elparduotuve\/wp-json\/wp\/v2\/product_brand?post=12334"},{"taxonomy":"product_cat","embeddable":true,"href":"https:\/\/anivet.lt\/elparduotuve\/wp-json\/wp\/v2\/product_cat?post=12334"},{"taxonomy":"product_tag","embeddable":true,"href":"https:\/\/anivet.lt\/elparduotuve\/wp-json\/wp\/v2\/product_tag?post=12334"}],"curies":[{"name":"wp","href":"https:\/\/api.w.org\/{rel}","templated":true}]}}