{"id":12337,"date":"2023-11-11T10:48:56","date_gmt":"2023-11-11T10:48:56","guid":{"rendered":"https:\/\/anivet.lt\/elparduotuve\/?post_type=product&#038;p=12337"},"modified":"2026-05-11T15:40:21","modified_gmt":"2026-05-11T15:40:21","slug":"gimcat-nutri-pockets-skanestai-katems-su-lasisa-omega-3-ir-6-riebalu-rugstimis-60g","status":"publish","type":"product","link":"https:\/\/anivet.lt\/elparduotuve\/produktas\/gimcat-nutri-pockets-skanestai-katems-su-lasisa-omega-3-ir-6-riebalu-rugstimis-60g\/","title":{"rendered":"GimCat Nutri Pockets skan\u0117stai kat\u0117ms su La\u0161i\u0161a, Omega 3 ir 6 riebal\u0173 r\u016bg\u0161timis 60g"},"content":{"rendered":"<ul>\n<li style=\"font-weight: 400;\" aria-level=\"1\"><span style=\"font-weight: 400;\">Sveikas kailis ir oda: Omega-3 ir -6 riebal\u0173 r\u016bg\u0161tys padeda palaikyti odos sveikat\u0105 ir blizgant\u012f kail\u012f.<\/span><\/li>\n<li style=\"font-weight: 400;\" aria-level=\"1\"><span style=\"font-weight: 400;\">Imunin\u0117s sistemos stiprinimas: Sud\u0117tyje esantys vitaminai, \u012fskaitant A, D3 ir C, prisideda prie stipresn\u0117s imunin\u0117s sistemos.<\/span><\/li>\n<li style=\"font-weight: 400;\" aria-level=\"1\"><span style=\"font-weight: 400;\">Taurinas gerai savijautai: Taurinas palaiko reg\u0117jimo ir \u0161irdies funkcijas.<\/span><\/li>\n<li style=\"font-weight: 400;\" aria-level=\"1\"><span style=\"font-weight: 400;\">Ma\u017eo kaloringumo formul\u0117: Viename skan\u0117ste yra tik 2 kcal \u2013 puikus pasirinkimas kaip kasdienis skan\u0117stas.<\/span><\/li>\n<li style=\"font-weight: 400;\" aria-level=\"1\"><span style=\"font-weight: 400;\">Nat\u016bral\u016bs ingredientai: Be dirbtini\u0173 pried\u0173, sud\u0117tyje yra la\u0161i\u0161a (4%), gr\u016bdin\u0117s kult\u016bros ir augaliniai proteinai.<\/span><\/li>\n<\/ul>\n<p><span style=\"font-weight: 400;\">\u201eGimCat Nutri Pockets\u201c \u2013 tai puikus b\u016bdas ne tik palepinti j\u016bs\u0173 kat\u0119, bet ir u\u017etikrinti jos mitybos papildomum\u0105, prisidedant prie bendros gerov\u0117s ir energijos palaikymo. Rekomenduojama naudoti kaip papild\u0105 prie pagrindin\u0117s mitybos.<\/span><\/p>\n","protected":false},"excerpt":{"rendered":"<p><span style=\"font-weight: 400;\">Tra\u0161k\u016bs skan\u0117stai su skaniu la\u0161i\u0161os \u012fdaru, praturtinti Omega-3 ir -6 riebal\u0173 r\u016bg\u0161timis. \u0160is ma\u017eo kaloringumo papildas ne tik d\u017eiugins j\u016bs\u0173 kat\u0119, bet ir prisid\u0117s prie jos sveikatos palaikymo.<\/span><\/p>\n","protected":false},"featured_media":12339,"template":"","meta":[],"product_brand":[],"product_cat":[114,102,117],"product_tag":[],"class_list":{"0":"post-12337","1":"product","2":"type-product","3":"status-publish","4":"has-post-thumbnail","6":"product_cat-kaciu-maistas","7":"product_cat-katems","8":"product_cat-skanestai-katems","9":"pa_prekinis-zenklas-gimcat","11":"first","12":"outofstock","13":"taxable","14":"shipping-taxable","15":"purchasable","16":"product-type-simple"},"yoast_head":"<!-- This site is optimized with the Yoast SEO Premium plugin v27.1 (Yoast SEO v27.5) - https:\/\/yoast.com\/product\/yoast-seo-premium-wordpress\/ -->\n<title>GimCat Nutri Pockets skan\u0117stai kat\u0117ms su La\u0161i\u0161a, Omega 3 ir 6 riebal\u0173 r\u016bg\u0161timis 60g - anivet.lt<\/title>\n<meta name=\"description\" content=\"Tra\u0161k\u016bs skan\u0117stai su skaniu la\u0161i\u0161os \u012fdaru, praturtinti Omega-3 ir -6 riebal\u0173 r\u016bg\u0161timis. \u0160is ma\u017eo kaloringumo papildas ne tik d\u017eiugins j\u016bs\u0173 kat\u0119, bet ir prisid\u0117s prie jos sveikatos palaikymo.\" \/>\n<meta name=\"robots\" content=\"index, follow, max-snippet:-1, max-image-preview:large, max-video-preview:-1\" \/>\n<link rel=\"canonical\" href=\"https:\/\/anivet.lt\/elparduotuve\/produktas\/gimcat-nutri-pockets-skanestai-katems-su-lasisa-omega-3-ir-6-riebalu-rugstimis-60g\/\" \/>\n<meta property=\"og:locale\" content=\"lt_LT\" \/>\n<meta property=\"og:type\" content=\"article\" \/>\n<meta property=\"og:title\" content=\"GimCat Nutri Pockets skan\u0117stai kat\u0117ms su La\u0161i\u0161a, Omega 3 ir 6 riebal\u0173 r\u016bg\u0161timis 60g\" \/>\n<meta property=\"og:description\" content=\"Tra\u0161k\u016bs skan\u0117stai su skaniu la\u0161i\u0161os \u012fdaru, praturtinti Omega-3 ir -6 riebal\u0173 r\u016bg\u0161timis. \u0160is ma\u017eo kaloringumo papildas ne tik d\u017eiugins j\u016bs\u0173 kat\u0119, bet ir prisid\u0117s prie jos sveikatos palaikymo.\" \/>\n<meta property=\"og:url\" content=\"https:\/\/anivet.lt\/elparduotuve\/produktas\/gimcat-nutri-pockets-skanestai-katems-su-lasisa-omega-3-ir-6-riebalu-rugstimis-60g\/\" \/>\n<meta property=\"og:site_name\" content=\"anivet.lt\" \/>\n<meta property=\"article:modified_time\" content=\"2026-05-11T15:40:21+00:00\" \/>\n<meta property=\"og:image\" content=\"https:\/\/anivet.lt\/elparduotuve\/wp-content\/uploads\/2023\/11\/gimcat-nutri-pockets-with-salmon-and-omega-36-skanestai-katems.png\" \/>\n\t<meta property=\"og:image:width\" content=\"800\" \/>\n\t<meta property=\"og:image:height\" content=\"800\" \/>\n\t<meta property=\"og:image:type\" content=\"image\/png\" \/>\n<meta name=\"twitter:card\" content=\"summary_large_image\" \/>\n<meta name=\"twitter:label1\" content=\"Est. reading time\" \/>\n\t<meta name=\"twitter:data1\" content=\"1 minut\u0117\" \/>\n<script type=\"application\/ld+json\" class=\"yoast-schema-graph\">{\"@context\":\"https:\\\/\\\/schema.org\",\"@graph\":[{\"@type\":\"WebPage\",\"@id\":\"https:\\\/\\\/anivet.lt\\\/elparduotuve\\\/produktas\\\/gimcat-nutri-pockets-skanestai-katems-su-lasisa-omega-3-ir-6-riebalu-rugstimis-60g\\\/\",\"url\":\"https:\\\/\\\/anivet.lt\\\/elparduotuve\\\/produktas\\\/gimcat-nutri-pockets-skanestai-katems-su-lasisa-omega-3-ir-6-riebalu-rugstimis-60g\\\/\",\"name\":\"GimCat Nutri Pockets skan\u0117stai kat\u0117ms su La\u0161i\u0161a, Omega 3 ir 6 riebal\u0173 r\u016bg\u0161timis 60g - anivet.lt\",\"isPartOf\":{\"@id\":\"https:\\\/\\\/anivet.lt\\\/elparduotuve\\\/#website\"},\"primaryImageOfPage\":{\"@id\":\"https:\\\/\\\/anivet.lt\\\/elparduotuve\\\/produktas\\\/gimcat-nutri-pockets-skanestai-katems-su-lasisa-omega-3-ir-6-riebalu-rugstimis-60g\\\/#primaryimage\"},\"image\":{\"@id\":\"https:\\\/\\\/anivet.lt\\\/elparduotuve\\\/produktas\\\/gimcat-nutri-pockets-skanestai-katems-su-lasisa-omega-3-ir-6-riebalu-rugstimis-60g\\\/#primaryimage\"},\"thumbnailUrl\":\"https:\\\/\\\/anivet.lt\\\/elparduotuve\\\/wp-content\\\/uploads\\\/2023\\\/11\\\/gimcat-nutri-pockets-with-salmon-and-omega-36-skanestai-katems.png\",\"datePublished\":\"2023-11-11T10:48:56+00:00\",\"dateModified\":\"2026-05-11T15:40:21+00:00\",\"description\":\"Tra\u0161k\u016bs skan\u0117stai su skaniu la\u0161i\u0161os \u012fdaru, praturtinti Omega-3 ir -6 riebal\u0173 r\u016bg\u0161timis. \u0160is ma\u017eo kaloringumo papildas ne tik d\u017eiugins j\u016bs\u0173 kat\u0119, bet ir prisid\u0117s prie jos sveikatos palaikymo.\",\"breadcrumb\":{\"@id\":\"https:\\\/\\\/anivet.lt\\\/elparduotuve\\\/produktas\\\/gimcat-nutri-pockets-skanestai-katems-su-lasisa-omega-3-ir-6-riebalu-rugstimis-60g\\\/#breadcrumb\"},\"inLanguage\":\"lt-LT\",\"potentialAction\":[{\"@type\":\"ReadAction\",\"target\":[\"https:\\\/\\\/anivet.lt\\\/elparduotuve\\\/produktas\\\/gimcat-nutri-pockets-skanestai-katems-su-lasisa-omega-3-ir-6-riebalu-rugstimis-60g\\\/\"]}]},{\"@type\":\"ImageObject\",\"inLanguage\":\"lt-LT\",\"@id\":\"https:\\\/\\\/anivet.lt\\\/elparduotuve\\\/produktas\\\/gimcat-nutri-pockets-skanestai-katems-su-lasisa-omega-3-ir-6-riebalu-rugstimis-60g\\\/#primaryimage\",\"url\":\"https:\\\/\\\/anivet.lt\\\/elparduotuve\\\/wp-content\\\/uploads\\\/2023\\\/11\\\/gimcat-nutri-pockets-with-salmon-and-omega-36-skanestai-katems.png\",\"contentUrl\":\"https:\\\/\\\/anivet.lt\\\/elparduotuve\\\/wp-content\\\/uploads\\\/2023\\\/11\\\/gimcat-nutri-pockets-with-salmon-and-omega-36-skanestai-katems.png\",\"width\":800,\"height\":800,\"caption\":\"GimCat Nutri Pockets skan\u0117stai kat\u0117ms su La\u0161i\u0161a, Omega 3 ir 6 riebal\u0173 r\u016bg\u0161timis 60g\"},{\"@type\":\"BreadcrumbList\",\"@id\":\"https:\\\/\\\/anivet.lt\\\/elparduotuve\\\/produktas\\\/gimcat-nutri-pockets-skanestai-katems-su-lasisa-omega-3-ir-6-riebalu-rugstimis-60g\\\/#breadcrumb\",\"itemListElement\":[{\"@type\":\"ListItem\",\"position\":1,\"name\":\"Home\",\"item\":\"https:\\\/\\\/anivet.lt\\\/elparduotuve\\\/\"},{\"@type\":\"ListItem\",\"position\":2,\"name\":\"Produktai\",\"item\":\"https:\\\/\\\/anivet.lt\\\/elparduotuve\\\/produktai\\\/\"},{\"@type\":\"ListItem\",\"position\":3,\"name\":\"GimCat Nutri Pockets skan\u0117stai kat\u0117ms su La\u0161i\u0161a, Omega 3 ir 6 riebal\u0173 r\u016bg\u0161timis 60g\"}]},{\"@type\":\"WebSite\",\"@id\":\"https:\\\/\\\/anivet.lt\\\/elparduotuve\\\/#website\",\"url\":\"https:\\\/\\\/anivet.lt\\\/elparduotuve\\\/\",\"name\":\"anivet.lt\",\"description\":\"Viskas J\u016bs\u0173 \u0161uns, kat\u0117s prie\u017ei\u016brai\",\"publisher\":{\"@id\":\"https:\\\/\\\/anivet.lt\\\/elparduotuve\\\/#organization\"},\"alternateName\":\"Viskas J\u016bs\u0173 \u0161uns, kat\u0117s prie\u017ei\u016brai\",\"potentialAction\":[{\"@type\":\"SearchAction\",\"target\":{\"@type\":\"EntryPoint\",\"urlTemplate\":\"https:\\\/\\\/anivet.lt\\\/elparduotuve\\\/?s={search_term_string}\"},\"query-input\":{\"@type\":\"PropertyValueSpecification\",\"valueRequired\":true,\"valueName\":\"search_term_string\"}}],\"inLanguage\":\"lt-LT\"},{\"@type\":\"Organization\",\"@id\":\"https:\\\/\\\/anivet.lt\\\/elparduotuve\\\/#organization\",\"name\":\"Viskas J\u016bs\u0173 \u0161uns, kat\u0117s prie\u017ei\u016brai\",\"url\":\"https:\\\/\\\/anivet.lt\\\/elparduotuve\\\/\",\"logo\":{\"@type\":\"ImageObject\",\"inLanguage\":\"lt-LT\",\"@id\":\"https:\\\/\\\/anivet.lt\\\/elparduotuve\\\/#\\\/schema\\\/logo\\\/image\\\/\",\"url\":\"https:\\\/\\\/anivet.lt\\\/elparduotuve\\\/wp-content\\\/uploads\\\/2023\\\/06\\\/logo2.jpg\",\"contentUrl\":\"https:\\\/\\\/anivet.lt\\\/elparduotuve\\\/wp-content\\\/uploads\\\/2023\\\/06\\\/logo2.jpg\",\"width\":655,\"height\":194,\"caption\":\"Viskas J\u016bs\u0173 \u0161uns, kat\u0117s prie\u017ei\u016brai\"},\"image\":{\"@id\":\"https:\\\/\\\/anivet.lt\\\/elparduotuve\\\/#\\\/schema\\\/logo\\\/image\\\/\"}}]}<\/script>\n<!-- \/ Yoast SEO Premium plugin. -->","yoast_head_json":{"title":"GimCat Nutri Pockets skan\u0117stai kat\u0117ms su La\u0161i\u0161a, Omega 3 ir 6 riebal\u0173 r\u016bg\u0161timis 60g - anivet.lt","description":"Tra\u0161k\u016bs skan\u0117stai su skaniu la\u0161i\u0161os \u012fdaru, praturtinti Omega-3 ir -6 riebal\u0173 r\u016bg\u0161timis. \u0160is ma\u017eo kaloringumo papildas ne tik d\u017eiugins j\u016bs\u0173 kat\u0119, bet ir prisid\u0117s prie jos sveikatos palaikymo.","robots":{"index":"index","follow":"follow","max-snippet":"max-snippet:-1","max-image-preview":"max-image-preview:large","max-video-preview":"max-video-preview:-1"},"canonical":"https:\/\/anivet.lt\/elparduotuve\/produktas\/gimcat-nutri-pockets-skanestai-katems-su-lasisa-omega-3-ir-6-riebalu-rugstimis-60g\/","og_locale":"lt_LT","og_type":"article","og_title":"GimCat Nutri Pockets skan\u0117stai kat\u0117ms su La\u0161i\u0161a, Omega 3 ir 6 riebal\u0173 r\u016bg\u0161timis 60g","og_description":"Tra\u0161k\u016bs skan\u0117stai su skaniu la\u0161i\u0161os \u012fdaru, praturtinti Omega-3 ir -6 riebal\u0173 r\u016bg\u0161timis. \u0160is ma\u017eo kaloringumo papildas ne tik d\u017eiugins j\u016bs\u0173 kat\u0119, bet ir prisid\u0117s prie jos sveikatos palaikymo.","og_url":"https:\/\/anivet.lt\/elparduotuve\/produktas\/gimcat-nutri-pockets-skanestai-katems-su-lasisa-omega-3-ir-6-riebalu-rugstimis-60g\/","og_site_name":"anivet.lt","article_modified_time":"2026-05-11T15:40:21+00:00","og_image":[{"width":800,"height":800,"url":"https:\/\/anivet.lt\/elparduotuve\/wp-content\/uploads\/2023\/11\/gimcat-nutri-pockets-with-salmon-and-omega-36-skanestai-katems.png","type":"image\/png"}],"twitter_card":"summary_large_image","twitter_misc":{"Est. reading time":"1 minut\u0117"},"schema":{"@context":"https:\/\/schema.org","@graph":[{"@type":"WebPage","@id":"https:\/\/anivet.lt\/elparduotuve\/produktas\/gimcat-nutri-pockets-skanestai-katems-su-lasisa-omega-3-ir-6-riebalu-rugstimis-60g\/","url":"https:\/\/anivet.lt\/elparduotuve\/produktas\/gimcat-nutri-pockets-skanestai-katems-su-lasisa-omega-3-ir-6-riebalu-rugstimis-60g\/","name":"GimCat Nutri Pockets skan\u0117stai kat\u0117ms su La\u0161i\u0161a, Omega 3 ir 6 riebal\u0173 r\u016bg\u0161timis 60g - anivet.lt","isPartOf":{"@id":"https:\/\/anivet.lt\/elparduotuve\/#website"},"primaryImageOfPage":{"@id":"https:\/\/anivet.lt\/elparduotuve\/produktas\/gimcat-nutri-pockets-skanestai-katems-su-lasisa-omega-3-ir-6-riebalu-rugstimis-60g\/#primaryimage"},"image":{"@id":"https:\/\/anivet.lt\/elparduotuve\/produktas\/gimcat-nutri-pockets-skanestai-katems-su-lasisa-omega-3-ir-6-riebalu-rugstimis-60g\/#primaryimage"},"thumbnailUrl":"https:\/\/anivet.lt\/elparduotuve\/wp-content\/uploads\/2023\/11\/gimcat-nutri-pockets-with-salmon-and-omega-36-skanestai-katems.png","datePublished":"2023-11-11T10:48:56+00:00","dateModified":"2026-05-11T15:40:21+00:00","description":"Tra\u0161k\u016bs skan\u0117stai su skaniu la\u0161i\u0161os \u012fdaru, praturtinti Omega-3 ir -6 riebal\u0173 r\u016bg\u0161timis. \u0160is ma\u017eo kaloringumo papildas ne tik d\u017eiugins j\u016bs\u0173 kat\u0119, bet ir prisid\u0117s prie jos sveikatos palaikymo.","breadcrumb":{"@id":"https:\/\/anivet.lt\/elparduotuve\/produktas\/gimcat-nutri-pockets-skanestai-katems-su-lasisa-omega-3-ir-6-riebalu-rugstimis-60g\/#breadcrumb"},"inLanguage":"lt-LT","potentialAction":[{"@type":"ReadAction","target":["https:\/\/anivet.lt\/elparduotuve\/produktas\/gimcat-nutri-pockets-skanestai-katems-su-lasisa-omega-3-ir-6-riebalu-rugstimis-60g\/"]}]},{"@type":"ImageObject","inLanguage":"lt-LT","@id":"https:\/\/anivet.lt\/elparduotuve\/produktas\/gimcat-nutri-pockets-skanestai-katems-su-lasisa-omega-3-ir-6-riebalu-rugstimis-60g\/#primaryimage","url":"https:\/\/anivet.lt\/elparduotuve\/wp-content\/uploads\/2023\/11\/gimcat-nutri-pockets-with-salmon-and-omega-36-skanestai-katems.png","contentUrl":"https:\/\/anivet.lt\/elparduotuve\/wp-content\/uploads\/2023\/11\/gimcat-nutri-pockets-with-salmon-and-omega-36-skanestai-katems.png","width":800,"height":800,"caption":"GimCat Nutri Pockets skan\u0117stai kat\u0117ms su La\u0161i\u0161a, Omega 3 ir 6 riebal\u0173 r\u016bg\u0161timis 60g"},{"@type":"BreadcrumbList","@id":"https:\/\/anivet.lt\/elparduotuve\/produktas\/gimcat-nutri-pockets-skanestai-katems-su-lasisa-omega-3-ir-6-riebalu-rugstimis-60g\/#breadcrumb","itemListElement":[{"@type":"ListItem","position":1,"name":"Home","item":"https:\/\/anivet.lt\/elparduotuve\/"},{"@type":"ListItem","position":2,"name":"Produktai","item":"https:\/\/anivet.lt\/elparduotuve\/produktai\/"},{"@type":"ListItem","position":3,"name":"GimCat Nutri Pockets skan\u0117stai kat\u0117ms su La\u0161i\u0161a, Omega 3 ir 6 riebal\u0173 r\u016bg\u0161timis 60g"}]},{"@type":"WebSite","@id":"https:\/\/anivet.lt\/elparduotuve\/#website","url":"https:\/\/anivet.lt\/elparduotuve\/","name":"anivet.lt","description":"Viskas J\u016bs\u0173 \u0161uns, kat\u0117s prie\u017ei\u016brai","publisher":{"@id":"https:\/\/anivet.lt\/elparduotuve\/#organization"},"alternateName":"Viskas J\u016bs\u0173 \u0161uns, kat\u0117s prie\u017ei\u016brai","potentialAction":[{"@type":"SearchAction","target":{"@type":"EntryPoint","urlTemplate":"https:\/\/anivet.lt\/elparduotuve\/?s={search_term_string}"},"query-input":{"@type":"PropertyValueSpecification","valueRequired":true,"valueName":"search_term_string"}}],"inLanguage":"lt-LT"},{"@type":"Organization","@id":"https:\/\/anivet.lt\/elparduotuve\/#organization","name":"Viskas J\u016bs\u0173 \u0161uns, kat\u0117s prie\u017ei\u016brai","url":"https:\/\/anivet.lt\/elparduotuve\/","logo":{"@type":"ImageObject","inLanguage":"lt-LT","@id":"https:\/\/anivet.lt\/elparduotuve\/#\/schema\/logo\/image\/","url":"https:\/\/anivet.lt\/elparduotuve\/wp-content\/uploads\/2023\/06\/logo2.jpg","contentUrl":"https:\/\/anivet.lt\/elparduotuve\/wp-content\/uploads\/2023\/06\/logo2.jpg","width":655,"height":194,"caption":"Viskas J\u016bs\u0173 \u0161uns, kat\u0117s prie\u017ei\u016brai"},"image":{"@id":"https:\/\/anivet.lt\/elparduotuve\/#\/schema\/logo\/image\/"}}]}},"_links":{"self":[{"href":"https:\/\/anivet.lt\/elparduotuve\/wp-json\/wp\/v2\/product\/12337","targetHints":{"allow":["GET"]}}],"collection":[{"href":"https:\/\/anivet.lt\/elparduotuve\/wp-json\/wp\/v2\/product"}],"about":[{"href":"https:\/\/anivet.lt\/elparduotuve\/wp-json\/wp\/v2\/types\/product"}],"wp:featuredmedia":[{"embeddable":true,"href":"https:\/\/anivet.lt\/elparduotuve\/wp-json\/wp\/v2\/media\/12339"}],"wp:attachment":[{"href":"https:\/\/anivet.lt\/elparduotuve\/wp-json\/wp\/v2\/media?parent=12337"}],"wp:term":[{"taxonomy":"product_brand","embeddable":true,"href":"https:\/\/anivet.lt\/elparduotuve\/wp-json\/wp\/v2\/product_brand?post=12337"},{"taxonomy":"product_cat","embeddable":true,"href":"https:\/\/anivet.lt\/elparduotuve\/wp-json\/wp\/v2\/product_cat?post=12337"},{"taxonomy":"product_tag","embeddable":true,"href":"https:\/\/anivet.lt\/elparduotuve\/wp-json\/wp\/v2\/product_tag?post=12337"}],"curies":[{"name":"wp","href":"https:\/\/api.w.org\/{rel}","templated":true}]}}