{"id":12351,"date":"2023-11-11T12:39:04","date_gmt":"2023-11-11T12:39:04","guid":{"rendered":"https:\/\/anivet.lt\/elparduotuve\/?post_type=product&#038;p=12351"},"modified":"2026-05-04T19:07:08","modified_gmt":"2026-05-04T19:07:08","slug":"hau-miau-erienos-lazdeles-500g","status":"publish","type":"product","link":"https:\/\/anivet.lt\/elparduotuve\/produktas\/hau-miau-erienos-lazdeles-500g\/","title":{"rendered":"Hau &amp; Miau \u0117rienos lazdel\u0117s 500g"},"content":{"rendered":"<p><span style=\"font-weight: 400;\">Skan\u016bs ir maistingi skan\u0117stai, pagaminti i\u0161 auk\u0161tos kokyb\u0117s \u0117rienos. Puikus papildymas kasdienei \u0161uns mitybai, padedantis patenkinti nat\u016bral\u0173 kramtymo poreik\u012f.<\/span><\/p>\n<ul>\n<li style=\"font-weight: 400;\" aria-level=\"1\"><span style=\"font-weight: 400;\">Didelis kiekis \u0117rienos (70 %): Auk\u0161tos kokyb\u0117s baltymai stipriai ir sveikai \u0161uns raumen\u0173 masei.<\/span><\/li>\n<li style=\"font-weight: 400;\" aria-level=\"1\"><span style=\"font-weight: 400;\">Lengvai vir\u0161kinama: Tinkama net jautri\u0105 vir\u0161kinimo sistem\u0105 turintiems \u0161unims.<\/span><\/li>\n<li style=\"font-weight: 400;\" aria-level=\"1\"><span style=\"font-weight: 400;\">Nat\u016bralus kramtymo poreikio patenkinimas: Idealiai tinka kaip delikatesas ar paskatinimas.<\/span><\/li>\n<li style=\"font-weight: 400;\" aria-level=\"1\"><span style=\"font-weight: 400;\">Sveikas dienos raciono papildymas: Palaiko ger\u0105 augintinio mitybos balans\u0105.<\/span><\/li>\n<\/ul>\n<p><span style=\"font-weight: 400;\">\u201eHau Miau\u201c \u0117rienos lazdel\u0117s yra skanus ir funkcionalus pasirinkimas \u0161uns kasdienai. Be to, jos ne tik suteikia d\u017eiaugsmo kramtant, bet ir u\u017etikrina, kad j\u016bs\u0173 augintinis gaut\u0173 lengvai vir\u0161kinamus baltymus bei sveik\u0105 energij\u0105. Paprasta ir nat\u016brali sud\u0117tis u\u017etikrina saugum\u0105 ir ger\u0105 skon\u012f kiekviename k\u0105snyje.<\/span><\/p>\n","protected":false},"excerpt":{"rendered":"<p>Skan\u016bs ir maistingi skan\u0117stai, pagaminti i\u0161 auk\u0161tos kokyb\u0117s \u0117rienos. Puikus papildymas kasdienei \u0161uns mitybai, padedantis patenkinti nat\u016bral\u0173 kramtymo poreik\u012f. Didelis<\/p>\n","protected":false},"featured_media":12352,"template":"","meta":[],"product_brand":[],"product_cat":[101,103,106],"product_tag":[],"class_list":{"0":"post-12351","1":"product","2":"type-product","3":"status-publish","4":"has-post-thumbnail","6":"product_cat-sunims","7":"product_cat-sunu-maistas","8":"product_cat-skanestai","9":"pa_prekinis-zenklas-hau-miau","11":"first","12":"instock","13":"sale","14":"taxable","15":"shipping-taxable","16":"purchasable","17":"product-type-simple"},"yoast_head":"<!-- This site is optimized with the Yoast SEO Premium plugin v27.1 (Yoast SEO v27.5) - https:\/\/yoast.com\/product\/yoast-seo-premium-wordpress\/ -->\n<title>Hau &amp; Miau \u0117rienos lazdel\u0117s 500g - anivet.lt<\/title>\n<meta name=\"description\" content=\"Skan\u016bs ir maistingi skan\u0117stai, pagaminti i\u0161 auk\u0161tos kokyb\u0117s \u0117rienos. Puikus papildymas kasdienei \u0161uns mitybai, padedantis patenkinti nat\u016bral\u0173 kramtymo\" \/>\n<meta name=\"robots\" content=\"index, follow, max-snippet:-1, max-image-preview:large, max-video-preview:-1\" \/>\n<link rel=\"canonical\" href=\"https:\/\/anivet.lt\/elparduotuve\/produktas\/hau-miau-erienos-lazdeles-500g\/\" \/>\n<meta property=\"og:locale\" content=\"lt_LT\" \/>\n<meta property=\"og:type\" content=\"article\" \/>\n<meta property=\"og:title\" content=\"Hau &amp; Miau \u0117rienos lazdel\u0117s 500g\" \/>\n<meta property=\"og:description\" content=\"Skan\u016bs ir maistingi skan\u0117stai, pagaminti i\u0161 auk\u0161tos kokyb\u0117s \u0117rienos. Puikus papildymas kasdienei \u0161uns mitybai, padedantis patenkinti nat\u016bral\u0173 kramtymo\" \/>\n<meta property=\"og:url\" content=\"https:\/\/anivet.lt\/elparduotuve\/produktas\/hau-miau-erienos-lazdeles-500g\/\" \/>\n<meta property=\"og:site_name\" content=\"anivet.lt\" \/>\n<meta property=\"article:modified_time\" content=\"2026-05-04T19:07:08+00:00\" \/>\n<meta property=\"og:image\" content=\"https:\/\/anivet.lt\/elparduotuve\/wp-content\/uploads\/2023\/11\/HM-8146-haumiau-erienos-lazdeles-500g.jpg\" \/>\n\t<meta property=\"og:image:width\" content=\"800\" \/>\n\t<meta property=\"og:image:height\" content=\"800\" \/>\n\t<meta property=\"og:image:type\" content=\"image\/jpeg\" \/>\n<meta name=\"twitter:card\" content=\"summary_large_image\" \/>\n<meta name=\"twitter:label1\" content=\"Est. reading time\" \/>\n\t<meta name=\"twitter:data1\" content=\"1 minut\u0117\" \/>\n<script type=\"application\/ld+json\" class=\"yoast-schema-graph\">{\"@context\":\"https:\\\/\\\/schema.org\",\"@graph\":[{\"@type\":\"WebPage\",\"@id\":\"https:\\\/\\\/anivet.lt\\\/elparduotuve\\\/produktas\\\/hau-miau-erienos-lazdeles-500g\\\/\",\"url\":\"https:\\\/\\\/anivet.lt\\\/elparduotuve\\\/produktas\\\/hau-miau-erienos-lazdeles-500g\\\/\",\"name\":\"Hau &amp; Miau \u0117rienos lazdel\u0117s 500g - anivet.lt\",\"isPartOf\":{\"@id\":\"https:\\\/\\\/anivet.lt\\\/elparduotuve\\\/#website\"},\"primaryImageOfPage\":{\"@id\":\"https:\\\/\\\/anivet.lt\\\/elparduotuve\\\/produktas\\\/hau-miau-erienos-lazdeles-500g\\\/#primaryimage\"},\"image\":{\"@id\":\"https:\\\/\\\/anivet.lt\\\/elparduotuve\\\/produktas\\\/hau-miau-erienos-lazdeles-500g\\\/#primaryimage\"},\"thumbnailUrl\":\"https:\\\/\\\/anivet.lt\\\/elparduotuve\\\/wp-content\\\/uploads\\\/2023\\\/11\\\/HM-8146-haumiau-erienos-lazdeles-500g.jpg\",\"datePublished\":\"2023-11-11T12:39:04+00:00\",\"dateModified\":\"2026-05-04T19:07:08+00:00\",\"description\":\"Skan\u016bs ir maistingi skan\u0117stai, pagaminti i\u0161 auk\u0161tos kokyb\u0117s \u0117rienos. Puikus papildymas kasdienei \u0161uns mitybai, padedantis patenkinti nat\u016bral\u0173 kramtymo\",\"breadcrumb\":{\"@id\":\"https:\\\/\\\/anivet.lt\\\/elparduotuve\\\/produktas\\\/hau-miau-erienos-lazdeles-500g\\\/#breadcrumb\"},\"inLanguage\":\"lt-LT\",\"potentialAction\":[{\"@type\":\"ReadAction\",\"target\":[\"https:\\\/\\\/anivet.lt\\\/elparduotuve\\\/produktas\\\/hau-miau-erienos-lazdeles-500g\\\/\"]}]},{\"@type\":\"ImageObject\",\"inLanguage\":\"lt-LT\",\"@id\":\"https:\\\/\\\/anivet.lt\\\/elparduotuve\\\/produktas\\\/hau-miau-erienos-lazdeles-500g\\\/#primaryimage\",\"url\":\"https:\\\/\\\/anivet.lt\\\/elparduotuve\\\/wp-content\\\/uploads\\\/2023\\\/11\\\/HM-8146-haumiau-erienos-lazdeles-500g.jpg\",\"contentUrl\":\"https:\\\/\\\/anivet.lt\\\/elparduotuve\\\/wp-content\\\/uploads\\\/2023\\\/11\\\/HM-8146-haumiau-erienos-lazdeles-500g.jpg\",\"width\":800,\"height\":800,\"caption\":\"Hau &amp; Miau \u0117rienos lazdel\u0117s 500g\"},{\"@type\":\"BreadcrumbList\",\"@id\":\"https:\\\/\\\/anivet.lt\\\/elparduotuve\\\/produktas\\\/hau-miau-erienos-lazdeles-500g\\\/#breadcrumb\",\"itemListElement\":[{\"@type\":\"ListItem\",\"position\":1,\"name\":\"Home\",\"item\":\"https:\\\/\\\/anivet.lt\\\/elparduotuve\\\/\"},{\"@type\":\"ListItem\",\"position\":2,\"name\":\"Produktai\",\"item\":\"https:\\\/\\\/anivet.lt\\\/elparduotuve\\\/produktai\\\/\"},{\"@type\":\"ListItem\",\"position\":3,\"name\":\"Hau &amp; Miau \u0117rienos lazdel\u0117s 500g\"}]},{\"@type\":\"WebSite\",\"@id\":\"https:\\\/\\\/anivet.lt\\\/elparduotuve\\\/#website\",\"url\":\"https:\\\/\\\/anivet.lt\\\/elparduotuve\\\/\",\"name\":\"anivet.lt\",\"description\":\"Viskas J\u016bs\u0173 \u0161uns, kat\u0117s prie\u017ei\u016brai\",\"publisher\":{\"@id\":\"https:\\\/\\\/anivet.lt\\\/elparduotuve\\\/#organization\"},\"alternateName\":\"Viskas J\u016bs\u0173 \u0161uns, kat\u0117s prie\u017ei\u016brai\",\"potentialAction\":[{\"@type\":\"SearchAction\",\"target\":{\"@type\":\"EntryPoint\",\"urlTemplate\":\"https:\\\/\\\/anivet.lt\\\/elparduotuve\\\/?s={search_term_string}\"},\"query-input\":{\"@type\":\"PropertyValueSpecification\",\"valueRequired\":true,\"valueName\":\"search_term_string\"}}],\"inLanguage\":\"lt-LT\"},{\"@type\":\"Organization\",\"@id\":\"https:\\\/\\\/anivet.lt\\\/elparduotuve\\\/#organization\",\"name\":\"Viskas J\u016bs\u0173 \u0161uns, kat\u0117s prie\u017ei\u016brai\",\"url\":\"https:\\\/\\\/anivet.lt\\\/elparduotuve\\\/\",\"logo\":{\"@type\":\"ImageObject\",\"inLanguage\":\"lt-LT\",\"@id\":\"https:\\\/\\\/anivet.lt\\\/elparduotuve\\\/#\\\/schema\\\/logo\\\/image\\\/\",\"url\":\"https:\\\/\\\/anivet.lt\\\/elparduotuve\\\/wp-content\\\/uploads\\\/2023\\\/06\\\/logo2.jpg\",\"contentUrl\":\"https:\\\/\\\/anivet.lt\\\/elparduotuve\\\/wp-content\\\/uploads\\\/2023\\\/06\\\/logo2.jpg\",\"width\":655,\"height\":194,\"caption\":\"Viskas J\u016bs\u0173 \u0161uns, kat\u0117s prie\u017ei\u016brai\"},\"image\":{\"@id\":\"https:\\\/\\\/anivet.lt\\\/elparduotuve\\\/#\\\/schema\\\/logo\\\/image\\\/\"}}]}<\/script>\n<!-- \/ Yoast SEO Premium plugin. -->","yoast_head_json":{"title":"Hau &amp; Miau \u0117rienos lazdel\u0117s 500g - anivet.lt","description":"Skan\u016bs ir maistingi skan\u0117stai, pagaminti i\u0161 auk\u0161tos kokyb\u0117s \u0117rienos. Puikus papildymas kasdienei \u0161uns mitybai, padedantis patenkinti nat\u016bral\u0173 kramtymo","robots":{"index":"index","follow":"follow","max-snippet":"max-snippet:-1","max-image-preview":"max-image-preview:large","max-video-preview":"max-video-preview:-1"},"canonical":"https:\/\/anivet.lt\/elparduotuve\/produktas\/hau-miau-erienos-lazdeles-500g\/","og_locale":"lt_LT","og_type":"article","og_title":"Hau &amp; Miau \u0117rienos lazdel\u0117s 500g","og_description":"Skan\u016bs ir maistingi skan\u0117stai, pagaminti i\u0161 auk\u0161tos kokyb\u0117s \u0117rienos. Puikus papildymas kasdienei \u0161uns mitybai, padedantis patenkinti nat\u016bral\u0173 kramtymo","og_url":"https:\/\/anivet.lt\/elparduotuve\/produktas\/hau-miau-erienos-lazdeles-500g\/","og_site_name":"anivet.lt","article_modified_time":"2026-05-04T19:07:08+00:00","og_image":[{"width":800,"height":800,"url":"https:\/\/anivet.lt\/elparduotuve\/wp-content\/uploads\/2023\/11\/HM-8146-haumiau-erienos-lazdeles-500g.jpg","type":"image\/jpeg"}],"twitter_card":"summary_large_image","twitter_misc":{"Est. reading time":"1 minut\u0117"},"schema":{"@context":"https:\/\/schema.org","@graph":[{"@type":"WebPage","@id":"https:\/\/anivet.lt\/elparduotuve\/produktas\/hau-miau-erienos-lazdeles-500g\/","url":"https:\/\/anivet.lt\/elparduotuve\/produktas\/hau-miau-erienos-lazdeles-500g\/","name":"Hau &amp; Miau \u0117rienos lazdel\u0117s 500g - anivet.lt","isPartOf":{"@id":"https:\/\/anivet.lt\/elparduotuve\/#website"},"primaryImageOfPage":{"@id":"https:\/\/anivet.lt\/elparduotuve\/produktas\/hau-miau-erienos-lazdeles-500g\/#primaryimage"},"image":{"@id":"https:\/\/anivet.lt\/elparduotuve\/produktas\/hau-miau-erienos-lazdeles-500g\/#primaryimage"},"thumbnailUrl":"https:\/\/anivet.lt\/elparduotuve\/wp-content\/uploads\/2023\/11\/HM-8146-haumiau-erienos-lazdeles-500g.jpg","datePublished":"2023-11-11T12:39:04+00:00","dateModified":"2026-05-04T19:07:08+00:00","description":"Skan\u016bs ir maistingi skan\u0117stai, pagaminti i\u0161 auk\u0161tos kokyb\u0117s \u0117rienos. Puikus papildymas kasdienei \u0161uns mitybai, padedantis patenkinti nat\u016bral\u0173 kramtymo","breadcrumb":{"@id":"https:\/\/anivet.lt\/elparduotuve\/produktas\/hau-miau-erienos-lazdeles-500g\/#breadcrumb"},"inLanguage":"lt-LT","potentialAction":[{"@type":"ReadAction","target":["https:\/\/anivet.lt\/elparduotuve\/produktas\/hau-miau-erienos-lazdeles-500g\/"]}]},{"@type":"ImageObject","inLanguage":"lt-LT","@id":"https:\/\/anivet.lt\/elparduotuve\/produktas\/hau-miau-erienos-lazdeles-500g\/#primaryimage","url":"https:\/\/anivet.lt\/elparduotuve\/wp-content\/uploads\/2023\/11\/HM-8146-haumiau-erienos-lazdeles-500g.jpg","contentUrl":"https:\/\/anivet.lt\/elparduotuve\/wp-content\/uploads\/2023\/11\/HM-8146-haumiau-erienos-lazdeles-500g.jpg","width":800,"height":800,"caption":"Hau &amp; Miau \u0117rienos lazdel\u0117s 500g"},{"@type":"BreadcrumbList","@id":"https:\/\/anivet.lt\/elparduotuve\/produktas\/hau-miau-erienos-lazdeles-500g\/#breadcrumb","itemListElement":[{"@type":"ListItem","position":1,"name":"Home","item":"https:\/\/anivet.lt\/elparduotuve\/"},{"@type":"ListItem","position":2,"name":"Produktai","item":"https:\/\/anivet.lt\/elparduotuve\/produktai\/"},{"@type":"ListItem","position":3,"name":"Hau &amp; Miau \u0117rienos lazdel\u0117s 500g"}]},{"@type":"WebSite","@id":"https:\/\/anivet.lt\/elparduotuve\/#website","url":"https:\/\/anivet.lt\/elparduotuve\/","name":"anivet.lt","description":"Viskas J\u016bs\u0173 \u0161uns, kat\u0117s prie\u017ei\u016brai","publisher":{"@id":"https:\/\/anivet.lt\/elparduotuve\/#organization"},"alternateName":"Viskas J\u016bs\u0173 \u0161uns, kat\u0117s prie\u017ei\u016brai","potentialAction":[{"@type":"SearchAction","target":{"@type":"EntryPoint","urlTemplate":"https:\/\/anivet.lt\/elparduotuve\/?s={search_term_string}"},"query-input":{"@type":"PropertyValueSpecification","valueRequired":true,"valueName":"search_term_string"}}],"inLanguage":"lt-LT"},{"@type":"Organization","@id":"https:\/\/anivet.lt\/elparduotuve\/#organization","name":"Viskas J\u016bs\u0173 \u0161uns, kat\u0117s prie\u017ei\u016brai","url":"https:\/\/anivet.lt\/elparduotuve\/","logo":{"@type":"ImageObject","inLanguage":"lt-LT","@id":"https:\/\/anivet.lt\/elparduotuve\/#\/schema\/logo\/image\/","url":"https:\/\/anivet.lt\/elparduotuve\/wp-content\/uploads\/2023\/06\/logo2.jpg","contentUrl":"https:\/\/anivet.lt\/elparduotuve\/wp-content\/uploads\/2023\/06\/logo2.jpg","width":655,"height":194,"caption":"Viskas J\u016bs\u0173 \u0161uns, kat\u0117s prie\u017ei\u016brai"},"image":{"@id":"https:\/\/anivet.lt\/elparduotuve\/#\/schema\/logo\/image\/"}}]}},"_links":{"self":[{"href":"https:\/\/anivet.lt\/elparduotuve\/wp-json\/wp\/v2\/product\/12351","targetHints":{"allow":["GET"]}}],"collection":[{"href":"https:\/\/anivet.lt\/elparduotuve\/wp-json\/wp\/v2\/product"}],"about":[{"href":"https:\/\/anivet.lt\/elparduotuve\/wp-json\/wp\/v2\/types\/product"}],"wp:featuredmedia":[{"embeddable":true,"href":"https:\/\/anivet.lt\/elparduotuve\/wp-json\/wp\/v2\/media\/12352"}],"wp:attachment":[{"href":"https:\/\/anivet.lt\/elparduotuve\/wp-json\/wp\/v2\/media?parent=12351"}],"wp:term":[{"taxonomy":"product_brand","embeddable":true,"href":"https:\/\/anivet.lt\/elparduotuve\/wp-json\/wp\/v2\/product_brand?post=12351"},{"taxonomy":"product_cat","embeddable":true,"href":"https:\/\/anivet.lt\/elparduotuve\/wp-json\/wp\/v2\/product_cat?post=12351"},{"taxonomy":"product_tag","embeddable":true,"href":"https:\/\/anivet.lt\/elparduotuve\/wp-json\/wp\/v2\/product_tag?post=12351"}],"curies":[{"name":"wp","href":"https:\/\/api.w.org\/{rel}","templated":true}]}}