{"id":12357,"date":"2023-11-11T13:00:11","date_gmt":"2023-11-11T13:00:11","guid":{"rendered":"https:\/\/anivet.lt\/elparduotuve\/?post_type=product&#038;p=12357"},"modified":"2026-05-04T19:05:02","modified_gmt":"2026-05-04T19:05:02","slug":"hau-miau-skanestai-katems-lasisos-gabaleliai-60g","status":"publish","type":"product","link":"https:\/\/anivet.lt\/elparduotuve\/produktas\/hau-miau-skanestai-katems-lasisos-gabaleliai-60g\/","title":{"rendered":"Hau &amp; Miau skan\u0117stai kat\u0117ms la\u0161i\u0161os gabal\u0117liai  60g"},"content":{"rendered":"<ul>\n<li style=\"font-weight: 400;\" aria-level=\"1\"><span style=\"font-weight: 400;\">Auk\u0161tos kokyb\u0117s la\u0161i\u0161a (85%): Suteikia kat\u0117ms reikalingus baltymus ir vertingas riebal\u0173 r\u016bg\u0161tis.<\/span><\/li>\n<li style=\"font-weight: 400;\" aria-level=\"1\"><span style=\"font-weight: 400;\">Lengvai vir\u0161kinamas: Idealiai tinka jautrioms kat\u0117ms, turin\u010dioms vir\u0161kinimo problem\u0173.<\/span><\/li>\n<li style=\"font-weight: 400;\" aria-level=\"1\"><span style=\"font-weight: 400;\">Patenkina nat\u016bral\u0173 kramtymo instinkt\u0105: Padeda i\u0161laikyti sveikus dantis ir burnos higien\u0105.<\/span><\/li>\n<li style=\"font-weight: 400;\" aria-level=\"1\"><span style=\"font-weight: 400;\">Puikus papildymas kasdieniam racionui: Suteikia maisting\u0173 med\u017eiag\u0173 ir malonaus skonio.<\/span><\/li>\n<\/ul>\n<p><span style=\"font-weight: 400;\">\u0160ie la\u0161i\u0161os gabal\u0117liai ne tik patiks j\u016bs\u0173 katei, bet ir bus naudingi jos sveikatai. Lengvai vir\u0161kinami ir be dirbtini\u0173 pried\u0173, jie padeda i\u0161laikyti j\u016bs\u0173 augintinio energij\u0105 ir ger\u0105 savijaut\u0105. <\/span><\/p>\n","protected":false},"excerpt":{"rendered":"<p><span style=\"font-weight: 400;\">Skan\u016bs ir sveiki skan\u0117stai kat\u0117ms, pagaminti i\u0161 auk\u0161\u010diausios kokyb\u0117s la\u0161i\u0161os. Jie puikiai tinka kaip delikatesas ar atlygiai j\u016bs\u0173 augintiniui, taip pat yra lengvai vir\u0161kinami ir suteikia malonum\u0105 tiek j\u016bs\u0173 katei, tiek jos skrand\u017eiui.<\/span><\/p>\n","protected":false},"featured_media":12358,"template":"","meta":[],"product_brand":[],"product_cat":[114,102,117],"product_tag":[],"class_list":{"0":"post-12357","1":"product","2":"type-product","3":"status-publish","4":"has-post-thumbnail","6":"product_cat-kaciu-maistas","7":"product_cat-katems","8":"product_cat-skanestai-katems","9":"pa_prekinis-zenklas-hau-miau","11":"first","12":"instock","13":"sale","14":"taxable","15":"shipping-taxable","16":"purchasable","17":"product-type-simple"},"yoast_head":"<!-- This site is optimized with the Yoast SEO Premium plugin v27.1 (Yoast SEO v27.5) - https:\/\/yoast.com\/product\/yoast-seo-premium-wordpress\/ -->\n<title>Hau &amp; Miau skan\u0117stai kat\u0117ms la\u0161i\u0161os gabal\u0117liai 60g - anivet.lt<\/title>\n<meta name=\"description\" content=\"Skan\u016bs ir sveiki skan\u0117stai kat\u0117ms, pagaminti i\u0161 auk\u0161\u010diausios kokyb\u0117s la\u0161i\u0161os. Jie puikiai tinka kaip delikatesas ar atlygiai j\u016bs\u0173 augintiniui, taip pat yra lengvai vir\u0161kinami ir suteikia malonum\u0105 tiek j\u016bs\u0173 katei, tiek jos skrand\u017eiui.\" \/>\n<meta name=\"robots\" content=\"index, follow, max-snippet:-1, max-image-preview:large, max-video-preview:-1\" \/>\n<link rel=\"canonical\" href=\"https:\/\/anivet.lt\/elparduotuve\/produktas\/hau-miau-skanestai-katems-lasisos-gabaleliai-60g\/\" \/>\n<meta property=\"og:locale\" content=\"lt_LT\" \/>\n<meta property=\"og:type\" content=\"article\" \/>\n<meta property=\"og:title\" content=\"Hau &amp; Miau skan\u0117stai kat\u0117ms la\u0161i\u0161os gabal\u0117liai 60g\" \/>\n<meta property=\"og:description\" content=\"Skan\u016bs ir sveiki skan\u0117stai kat\u0117ms, pagaminti i\u0161 auk\u0161\u010diausios kokyb\u0117s la\u0161i\u0161os. Jie puikiai tinka kaip delikatesas ar atlygiai j\u016bs\u0173 augintiniui, taip pat yra lengvai vir\u0161kinami ir suteikia malonum\u0105 tiek j\u016bs\u0173 katei, tiek jos skrand\u017eiui.\" \/>\n<meta property=\"og:url\" content=\"https:\/\/anivet.lt\/elparduotuve\/produktas\/hau-miau-skanestai-katems-lasisos-gabaleliai-60g\/\" \/>\n<meta property=\"og:site_name\" content=\"anivet.lt\" \/>\n<meta property=\"article:modified_time\" content=\"2026-05-04T19:05:02+00:00\" \/>\n<meta property=\"og:image\" content=\"https:\/\/anivet.lt\/elparduotuve\/wp-content\/uploads\/2023\/11\/HM-8261-haumiau-skanestai-katems-lasisos-gabaleliai-60g.jpg\" \/>\n\t<meta property=\"og:image:width\" content=\"800\" \/>\n\t<meta property=\"og:image:height\" content=\"800\" \/>\n\t<meta property=\"og:image:type\" content=\"image\/jpeg\" \/>\n<meta name=\"twitter:card\" content=\"summary_large_image\" \/>\n<meta name=\"twitter:label1\" content=\"Est. reading time\" \/>\n\t<meta name=\"twitter:data1\" content=\"1 minut\u0117\" \/>\n<script type=\"application\/ld+json\" class=\"yoast-schema-graph\">{\"@context\":\"https:\\\/\\\/schema.org\",\"@graph\":[{\"@type\":\"WebPage\",\"@id\":\"https:\\\/\\\/anivet.lt\\\/elparduotuve\\\/produktas\\\/hau-miau-skanestai-katems-lasisos-gabaleliai-60g\\\/\",\"url\":\"https:\\\/\\\/anivet.lt\\\/elparduotuve\\\/produktas\\\/hau-miau-skanestai-katems-lasisos-gabaleliai-60g\\\/\",\"name\":\"Hau &amp; Miau skan\u0117stai kat\u0117ms la\u0161i\u0161os gabal\u0117liai 60g - anivet.lt\",\"isPartOf\":{\"@id\":\"https:\\\/\\\/anivet.lt\\\/elparduotuve\\\/#website\"},\"primaryImageOfPage\":{\"@id\":\"https:\\\/\\\/anivet.lt\\\/elparduotuve\\\/produktas\\\/hau-miau-skanestai-katems-lasisos-gabaleliai-60g\\\/#primaryimage\"},\"image\":{\"@id\":\"https:\\\/\\\/anivet.lt\\\/elparduotuve\\\/produktas\\\/hau-miau-skanestai-katems-lasisos-gabaleliai-60g\\\/#primaryimage\"},\"thumbnailUrl\":\"https:\\\/\\\/anivet.lt\\\/elparduotuve\\\/wp-content\\\/uploads\\\/2023\\\/11\\\/HM-8261-haumiau-skanestai-katems-lasisos-gabaleliai-60g.jpg\",\"datePublished\":\"2023-11-11T13:00:11+00:00\",\"dateModified\":\"2026-05-04T19:05:02+00:00\",\"description\":\"Skan\u016bs ir sveiki skan\u0117stai kat\u0117ms, pagaminti i\u0161 auk\u0161\u010diausios kokyb\u0117s la\u0161i\u0161os. Jie puikiai tinka kaip delikatesas ar atlygiai j\u016bs\u0173 augintiniui, taip pat yra lengvai vir\u0161kinami ir suteikia malonum\u0105 tiek j\u016bs\u0173 katei, tiek jos skrand\u017eiui.\",\"breadcrumb\":{\"@id\":\"https:\\\/\\\/anivet.lt\\\/elparduotuve\\\/produktas\\\/hau-miau-skanestai-katems-lasisos-gabaleliai-60g\\\/#breadcrumb\"},\"inLanguage\":\"lt-LT\",\"potentialAction\":[{\"@type\":\"ReadAction\",\"target\":[\"https:\\\/\\\/anivet.lt\\\/elparduotuve\\\/produktas\\\/hau-miau-skanestai-katems-lasisos-gabaleliai-60g\\\/\"]}]},{\"@type\":\"ImageObject\",\"inLanguage\":\"lt-LT\",\"@id\":\"https:\\\/\\\/anivet.lt\\\/elparduotuve\\\/produktas\\\/hau-miau-skanestai-katems-lasisos-gabaleliai-60g\\\/#primaryimage\",\"url\":\"https:\\\/\\\/anivet.lt\\\/elparduotuve\\\/wp-content\\\/uploads\\\/2023\\\/11\\\/HM-8261-haumiau-skanestai-katems-lasisos-gabaleliai-60g.jpg\",\"contentUrl\":\"https:\\\/\\\/anivet.lt\\\/elparduotuve\\\/wp-content\\\/uploads\\\/2023\\\/11\\\/HM-8261-haumiau-skanestai-katems-lasisos-gabaleliai-60g.jpg\",\"width\":800,\"height\":800,\"caption\":\"Hau &amp; Miau skan\u0117stai kat\u0117ms la\u0161i\u0161os gabal\u0117liai 60g\"},{\"@type\":\"BreadcrumbList\",\"@id\":\"https:\\\/\\\/anivet.lt\\\/elparduotuve\\\/produktas\\\/hau-miau-skanestai-katems-lasisos-gabaleliai-60g\\\/#breadcrumb\",\"itemListElement\":[{\"@type\":\"ListItem\",\"position\":1,\"name\":\"Home\",\"item\":\"https:\\\/\\\/anivet.lt\\\/elparduotuve\\\/\"},{\"@type\":\"ListItem\",\"position\":2,\"name\":\"Produktai\",\"item\":\"https:\\\/\\\/anivet.lt\\\/elparduotuve\\\/produktai\\\/\"},{\"@type\":\"ListItem\",\"position\":3,\"name\":\"Hau &amp; Miau skan\u0117stai kat\u0117ms la\u0161i\u0161os gabal\u0117liai 60g\"}]},{\"@type\":\"WebSite\",\"@id\":\"https:\\\/\\\/anivet.lt\\\/elparduotuve\\\/#website\",\"url\":\"https:\\\/\\\/anivet.lt\\\/elparduotuve\\\/\",\"name\":\"anivet.lt\",\"description\":\"Viskas J\u016bs\u0173 \u0161uns, kat\u0117s prie\u017ei\u016brai\",\"publisher\":{\"@id\":\"https:\\\/\\\/anivet.lt\\\/elparduotuve\\\/#organization\"},\"alternateName\":\"Viskas J\u016bs\u0173 \u0161uns, kat\u0117s prie\u017ei\u016brai\",\"potentialAction\":[{\"@type\":\"SearchAction\",\"target\":{\"@type\":\"EntryPoint\",\"urlTemplate\":\"https:\\\/\\\/anivet.lt\\\/elparduotuve\\\/?s={search_term_string}\"},\"query-input\":{\"@type\":\"PropertyValueSpecification\",\"valueRequired\":true,\"valueName\":\"search_term_string\"}}],\"inLanguage\":\"lt-LT\"},{\"@type\":\"Organization\",\"@id\":\"https:\\\/\\\/anivet.lt\\\/elparduotuve\\\/#organization\",\"name\":\"Viskas J\u016bs\u0173 \u0161uns, kat\u0117s prie\u017ei\u016brai\",\"url\":\"https:\\\/\\\/anivet.lt\\\/elparduotuve\\\/\",\"logo\":{\"@type\":\"ImageObject\",\"inLanguage\":\"lt-LT\",\"@id\":\"https:\\\/\\\/anivet.lt\\\/elparduotuve\\\/#\\\/schema\\\/logo\\\/image\\\/\",\"url\":\"https:\\\/\\\/anivet.lt\\\/elparduotuve\\\/wp-content\\\/uploads\\\/2023\\\/06\\\/logo2.jpg\",\"contentUrl\":\"https:\\\/\\\/anivet.lt\\\/elparduotuve\\\/wp-content\\\/uploads\\\/2023\\\/06\\\/logo2.jpg\",\"width\":655,\"height\":194,\"caption\":\"Viskas J\u016bs\u0173 \u0161uns, kat\u0117s prie\u017ei\u016brai\"},\"image\":{\"@id\":\"https:\\\/\\\/anivet.lt\\\/elparduotuve\\\/#\\\/schema\\\/logo\\\/image\\\/\"}}]}<\/script>\n<!-- \/ Yoast SEO Premium plugin. -->","yoast_head_json":{"title":"Hau &amp; Miau skan\u0117stai kat\u0117ms la\u0161i\u0161os gabal\u0117liai 60g - anivet.lt","description":"Skan\u016bs ir sveiki skan\u0117stai kat\u0117ms, pagaminti i\u0161 auk\u0161\u010diausios kokyb\u0117s la\u0161i\u0161os. Jie puikiai tinka kaip delikatesas ar atlygiai j\u016bs\u0173 augintiniui, taip pat yra lengvai vir\u0161kinami ir suteikia malonum\u0105 tiek j\u016bs\u0173 katei, tiek jos skrand\u017eiui.","robots":{"index":"index","follow":"follow","max-snippet":"max-snippet:-1","max-image-preview":"max-image-preview:large","max-video-preview":"max-video-preview:-1"},"canonical":"https:\/\/anivet.lt\/elparduotuve\/produktas\/hau-miau-skanestai-katems-lasisos-gabaleliai-60g\/","og_locale":"lt_LT","og_type":"article","og_title":"Hau &amp; Miau skan\u0117stai kat\u0117ms la\u0161i\u0161os gabal\u0117liai 60g","og_description":"Skan\u016bs ir sveiki skan\u0117stai kat\u0117ms, pagaminti i\u0161 auk\u0161\u010diausios kokyb\u0117s la\u0161i\u0161os. Jie puikiai tinka kaip delikatesas ar atlygiai j\u016bs\u0173 augintiniui, taip pat yra lengvai vir\u0161kinami ir suteikia malonum\u0105 tiek j\u016bs\u0173 katei, tiek jos skrand\u017eiui.","og_url":"https:\/\/anivet.lt\/elparduotuve\/produktas\/hau-miau-skanestai-katems-lasisos-gabaleliai-60g\/","og_site_name":"anivet.lt","article_modified_time":"2026-05-04T19:05:02+00:00","og_image":[{"width":800,"height":800,"url":"https:\/\/anivet.lt\/elparduotuve\/wp-content\/uploads\/2023\/11\/HM-8261-haumiau-skanestai-katems-lasisos-gabaleliai-60g.jpg","type":"image\/jpeg"}],"twitter_card":"summary_large_image","twitter_misc":{"Est. reading time":"1 minut\u0117"},"schema":{"@context":"https:\/\/schema.org","@graph":[{"@type":"WebPage","@id":"https:\/\/anivet.lt\/elparduotuve\/produktas\/hau-miau-skanestai-katems-lasisos-gabaleliai-60g\/","url":"https:\/\/anivet.lt\/elparduotuve\/produktas\/hau-miau-skanestai-katems-lasisos-gabaleliai-60g\/","name":"Hau &amp; Miau skan\u0117stai kat\u0117ms la\u0161i\u0161os gabal\u0117liai 60g - anivet.lt","isPartOf":{"@id":"https:\/\/anivet.lt\/elparduotuve\/#website"},"primaryImageOfPage":{"@id":"https:\/\/anivet.lt\/elparduotuve\/produktas\/hau-miau-skanestai-katems-lasisos-gabaleliai-60g\/#primaryimage"},"image":{"@id":"https:\/\/anivet.lt\/elparduotuve\/produktas\/hau-miau-skanestai-katems-lasisos-gabaleliai-60g\/#primaryimage"},"thumbnailUrl":"https:\/\/anivet.lt\/elparduotuve\/wp-content\/uploads\/2023\/11\/HM-8261-haumiau-skanestai-katems-lasisos-gabaleliai-60g.jpg","datePublished":"2023-11-11T13:00:11+00:00","dateModified":"2026-05-04T19:05:02+00:00","description":"Skan\u016bs ir sveiki skan\u0117stai kat\u0117ms, pagaminti i\u0161 auk\u0161\u010diausios kokyb\u0117s la\u0161i\u0161os. Jie puikiai tinka kaip delikatesas ar atlygiai j\u016bs\u0173 augintiniui, taip pat yra lengvai vir\u0161kinami ir suteikia malonum\u0105 tiek j\u016bs\u0173 katei, tiek jos skrand\u017eiui.","breadcrumb":{"@id":"https:\/\/anivet.lt\/elparduotuve\/produktas\/hau-miau-skanestai-katems-lasisos-gabaleliai-60g\/#breadcrumb"},"inLanguage":"lt-LT","potentialAction":[{"@type":"ReadAction","target":["https:\/\/anivet.lt\/elparduotuve\/produktas\/hau-miau-skanestai-katems-lasisos-gabaleliai-60g\/"]}]},{"@type":"ImageObject","inLanguage":"lt-LT","@id":"https:\/\/anivet.lt\/elparduotuve\/produktas\/hau-miau-skanestai-katems-lasisos-gabaleliai-60g\/#primaryimage","url":"https:\/\/anivet.lt\/elparduotuve\/wp-content\/uploads\/2023\/11\/HM-8261-haumiau-skanestai-katems-lasisos-gabaleliai-60g.jpg","contentUrl":"https:\/\/anivet.lt\/elparduotuve\/wp-content\/uploads\/2023\/11\/HM-8261-haumiau-skanestai-katems-lasisos-gabaleliai-60g.jpg","width":800,"height":800,"caption":"Hau &amp; Miau skan\u0117stai kat\u0117ms la\u0161i\u0161os gabal\u0117liai 60g"},{"@type":"BreadcrumbList","@id":"https:\/\/anivet.lt\/elparduotuve\/produktas\/hau-miau-skanestai-katems-lasisos-gabaleliai-60g\/#breadcrumb","itemListElement":[{"@type":"ListItem","position":1,"name":"Home","item":"https:\/\/anivet.lt\/elparduotuve\/"},{"@type":"ListItem","position":2,"name":"Produktai","item":"https:\/\/anivet.lt\/elparduotuve\/produktai\/"},{"@type":"ListItem","position":3,"name":"Hau &amp; Miau skan\u0117stai kat\u0117ms la\u0161i\u0161os gabal\u0117liai 60g"}]},{"@type":"WebSite","@id":"https:\/\/anivet.lt\/elparduotuve\/#website","url":"https:\/\/anivet.lt\/elparduotuve\/","name":"anivet.lt","description":"Viskas J\u016bs\u0173 \u0161uns, kat\u0117s prie\u017ei\u016brai","publisher":{"@id":"https:\/\/anivet.lt\/elparduotuve\/#organization"},"alternateName":"Viskas J\u016bs\u0173 \u0161uns, kat\u0117s prie\u017ei\u016brai","potentialAction":[{"@type":"SearchAction","target":{"@type":"EntryPoint","urlTemplate":"https:\/\/anivet.lt\/elparduotuve\/?s={search_term_string}"},"query-input":{"@type":"PropertyValueSpecification","valueRequired":true,"valueName":"search_term_string"}}],"inLanguage":"lt-LT"},{"@type":"Organization","@id":"https:\/\/anivet.lt\/elparduotuve\/#organization","name":"Viskas J\u016bs\u0173 \u0161uns, kat\u0117s prie\u017ei\u016brai","url":"https:\/\/anivet.lt\/elparduotuve\/","logo":{"@type":"ImageObject","inLanguage":"lt-LT","@id":"https:\/\/anivet.lt\/elparduotuve\/#\/schema\/logo\/image\/","url":"https:\/\/anivet.lt\/elparduotuve\/wp-content\/uploads\/2023\/06\/logo2.jpg","contentUrl":"https:\/\/anivet.lt\/elparduotuve\/wp-content\/uploads\/2023\/06\/logo2.jpg","width":655,"height":194,"caption":"Viskas J\u016bs\u0173 \u0161uns, kat\u0117s prie\u017ei\u016brai"},"image":{"@id":"https:\/\/anivet.lt\/elparduotuve\/#\/schema\/logo\/image\/"}}]}},"_links":{"self":[{"href":"https:\/\/anivet.lt\/elparduotuve\/wp-json\/wp\/v2\/product\/12357","targetHints":{"allow":["GET"]}}],"collection":[{"href":"https:\/\/anivet.lt\/elparduotuve\/wp-json\/wp\/v2\/product"}],"about":[{"href":"https:\/\/anivet.lt\/elparduotuve\/wp-json\/wp\/v2\/types\/product"}],"wp:featuredmedia":[{"embeddable":true,"href":"https:\/\/anivet.lt\/elparduotuve\/wp-json\/wp\/v2\/media\/12358"}],"wp:attachment":[{"href":"https:\/\/anivet.lt\/elparduotuve\/wp-json\/wp\/v2\/media?parent=12357"}],"wp:term":[{"taxonomy":"product_brand","embeddable":true,"href":"https:\/\/anivet.lt\/elparduotuve\/wp-json\/wp\/v2\/product_brand?post=12357"},{"taxonomy":"product_cat","embeddable":true,"href":"https:\/\/anivet.lt\/elparduotuve\/wp-json\/wp\/v2\/product_cat?post=12357"},{"taxonomy":"product_tag","embeddable":true,"href":"https:\/\/anivet.lt\/elparduotuve\/wp-json\/wp\/v2\/product_tag?post=12357"}],"curies":[{"name":"wp","href":"https:\/\/api.w.org\/{rel}","templated":true}]}}